{"id":25548294,"date":"2024-05-22T15:59:36","date_gmt":"2024-05-22T15:59:36","guid":{"rendered":"https:\/\/dari-system.com\/pirkiniu-krepselis\/"},"modified":"2024-08-20T10:28:54","modified_gmt":"2024-08-20T10:28:54","slug":"pirkiniu-krepselis","status":"publish","type":"page","link":"https:\/\/dari-system.com\/lt\/pirkiniu-krepselis\/","title":{"rendered":"Pirkini\u0173 krep\u0161elis"},"content":{"rendered":"<p>[et_pb_section fb_built=&#8221;1&#8243; _builder_version=&#8221;4.16&#8243; global_colors_info=&#8221;{}&#8221;][et_pb_row _builder_version=&#8221;4.16&#8243; background_size=&#8221;initial&#8221; background_position=&#8221;top_left&#8221; background_repeat=&#8221;repeat&#8221; global_colors_info=&#8221;{}&#8221;][et_pb_column type=&#8221;4_4&#8243; _builder_version=&#8221;4.16&#8243; custom_padding=&#8221;|||&#8221; global_colors_info=&#8221;{}&#8221; custom_padding__hover=&#8221;|||&#8221;][et_pb_post_title meta=&#8221;off&#8221; featured_image=&#8221;off&#8221; _builder_version=&#8221;4.16&#8243; global_colors_info=&#8221;{}&#8221;][\/et_pb_post_title][et_pb_wc_cart_notice _builder_version=&#8221;4.25.0&#8243; background_color=&#8221;#4C76A9&#8243; global_colors_info=&#8221;{}&#8221;][\/et_pb_wc_cart_notice][et_pb_wc_cart_products placeholder_color=&#8221;#000000&#8243; _builder_version=&#8221;4.25.0&#8243; form_field_background_color=&#8221;#FFFFFF&#8221; form_field_text_color=&#8221;#000000&#8243; hover_enabled=&#8221;0&#8243; border_radii_form_field=&#8221;on|10px|10px|10px|10px&#8221; border_width_all_form_field=&#8221;1px&#8221; global_colors_info=&#8221;{}&#8221; form_field_font_size=&#8221;20px&#8221; form_field_custom_padding=&#8221;||||false|false&#8221; sticky_enabled=&#8221;0&#8243;][\/et_pb_wc_cart_products][\/et_pb_column][\/et_pb_row][et_pb_row column_structure=&#8221;1_2,1_2&#8243; _builder_version=&#8221;4.16&#8243; background_size=&#8221;initial&#8221; background_position=&#8221;top_left&#8221; background_repeat=&#8221;repeat&#8221; global_colors_info=&#8221;{}&#8221;][et_pb_column type=&#8221;1_2&#8243; _builder_version=&#8221;4.16&#8243; custom_padding=&#8221;|||&#8221; global_colors_info=&#8221;{}&#8221; custom_padding__hover=&#8221;|||&#8221;][et_pb_wc_cross_sells _builder_version=&#8221;4.16&#8243; global_colors_info=&#8221;{}&#8221;][\/et_pb_wc_cross_sells][\/et_pb_column][et_pb_column type=&#8221;1_2&#8243; _builder_version=&#8221;4.16&#8243; custom_padding=&#8221;|||&#8221; global_colors_info=&#8221;{}&#8221; custom_padding__hover=&#8221;|||&#8221;][et_pb_text _builder_version=&#8221;4.25.0&#8243; _module_preset=&#8221;default&#8221; global_colors_info=&#8221;{}&#8221;]<\/p>\n<p>plius.  <a href=\"https:\/\/dari-system.com\/lt\/pristatymo-budai\/\"><a href=\"https:\/\/dari-system.com\/lt\/pristatymo-budai\/\">Pristatymo i\u0161laidos<\/a><\/a><\/p>\n<p>[\/et_pb_text][et_pb_wc_cart_totals _builder_version=&#8221;4.25.0&#8243; global_colors_info=&#8221;{}&#8221;][\/et_pb_wc_cart_totals][\/et_pb_column][\/et_pb_row][\/et_pb_section]<\/p>\n","protected":false},"excerpt":{"rendered":"<p>plius. Pristatymo i\u0161laidos<\/p>\n","protected":false},"author":1,"featured_media":0,"parent":0,"menu_order":0,"comment_status":"closed","ping_status":"closed","template":"","meta":{"_et_pb_use_builder":"on","_et_pb_old_content":"","_et_gb_content_width":"","iawp_total_views":1,"footnotes":""},"dipi_cpt_category":[],"class_list":["post-25548294","page","type-page","status-publish","hentry"],"yoast_head":"<!-- This site is optimized with the Yoast SEO plugin v27.2 - https:\/\/yoast.com\/product\/yoast-seo-wordpress\/ -->\n<title>Pirkini\u0173 krep\u0161elis - DaRi System<\/title>\n<meta name=\"robots\" content=\"index, follow, max-snippet:-1, max-image-preview:large, max-video-preview:-1\" \/>\n<link rel=\"canonical\" href=\"https:\/\/dari-system.com\/lt\/pirkiniu-krepselis\/\" \/>\n<meta property=\"og:locale\" content=\"lt_LT\" \/>\n<meta property=\"og:type\" content=\"article\" \/>\n<meta property=\"og:title\" content=\"Pirkini\u0173 krep\u0161elis - DaRi System\" \/>\n<meta property=\"og:description\" content=\"plius. Pristatymo i\u0161laidos\" \/>\n<meta property=\"og:url\" content=\"https:\/\/dari-system.com\/lt\/pirkiniu-krepselis\/\" \/>\n<meta property=\"og:site_name\" content=\"DaRi System\" \/>\n<meta property=\"article:modified_time\" content=\"2024-08-20T10:28:54+00:00\" \/>\n<meta name=\"twitter:card\" content=\"summary_large_image\" \/>\n<meta name=\"twitter:label1\" content=\"Est. reading time\" \/>\n\t<meta name=\"twitter:data1\" content=\"1 minut\u0117\" \/>\n<script type=\"application\/ld+json\" class=\"yoast-schema-graph\">{\"@context\":\"https:\/\/schema.org\",\"@graph\":[{\"@type\":\"WebPage\",\"@id\":\"https:\/\/dari-system.com\/lt\/pirkiniu-krepselis\/\",\"url\":\"https:\/\/dari-system.com\/lt\/pirkiniu-krepselis\/\",\"name\":\"Pirkini\u0173 krep\u0161elis - DaRi System\",\"isPartOf\":{\"@id\":\"https:\/\/dari-system.com\/lt\/#website\"},\"datePublished\":\"2024-05-22T15:59:36+00:00\",\"dateModified\":\"2024-08-20T10:28:54+00:00\",\"breadcrumb\":{\"@id\":\"https:\/\/dari-system.com\/lt\/pirkiniu-krepselis\/#breadcrumb\"},\"inLanguage\":\"lt-LT\",\"potentialAction\":[{\"@type\":\"ReadAction\",\"target\":[\"https:\/\/dari-system.com\/lt\/pirkiniu-krepselis\/\"]}]},{\"@type\":\"BreadcrumbList\",\"@id\":\"https:\/\/dari-system.com\/lt\/pirkiniu-krepselis\/#breadcrumb\",\"itemListElement\":[{\"@type\":\"ListItem\",\"position\":1,\"name\":\"Startseite\",\"item\":\"https:\/\/dari-system.com\/lt\/\"},{\"@type\":\"ListItem\",\"position\":2,\"name\":\"Pirkini\u0173 krep\u0161elis\"}]},{\"@type\":\"WebSite\",\"@id\":\"https:\/\/dari-system.com\/lt\/#website\",\"url\":\"https:\/\/dari-system.com\/lt\/\",\"name\":\"DaRi System\",\"description\":\"\",\"potentialAction\":[{\"@type\":\"SearchAction\",\"target\":{\"@type\":\"EntryPoint\",\"urlTemplate\":\"https:\/\/dari-system.com\/lt\/?s={search_term_string}\"},\"query-input\":{\"@type\":\"PropertyValueSpecification\",\"valueRequired\":true,\"valueName\":\"search_term_string\"}}],\"inLanguage\":\"lt-LT\"}]}<\/script>\n<!-- \/ Yoast SEO plugin. -->","yoast_head_json":{"title":"Pirkini\u0173 krep\u0161elis - DaRi System","robots":{"index":"index","follow":"follow","max-snippet":"max-snippet:-1","max-image-preview":"max-image-preview:large","max-video-preview":"max-video-preview:-1"},"canonical":"https:\/\/dari-system.com\/lt\/pirkiniu-krepselis\/","og_locale":"lt_LT","og_type":"article","og_title":"Pirkini\u0173 krep\u0161elis - DaRi System","og_description":"plius. Pristatymo i\u0161laidos","og_url":"https:\/\/dari-system.com\/lt\/pirkiniu-krepselis\/","og_site_name":"DaRi System","article_modified_time":"2024-08-20T10:28:54+00:00","twitter_card":"summary_large_image","twitter_misc":{"Est. reading time":"1 minut\u0117"},"schema":{"@context":"https:\/\/schema.org","@graph":[{"@type":"WebPage","@id":"https:\/\/dari-system.com\/lt\/pirkiniu-krepselis\/","url":"https:\/\/dari-system.com\/lt\/pirkiniu-krepselis\/","name":"Pirkini\u0173 krep\u0161elis - DaRi System","isPartOf":{"@id":"https:\/\/dari-system.com\/lt\/#website"},"datePublished":"2024-05-22T15:59:36+00:00","dateModified":"2024-08-20T10:28:54+00:00","breadcrumb":{"@id":"https:\/\/dari-system.com\/lt\/pirkiniu-krepselis\/#breadcrumb"},"inLanguage":"lt-LT","potentialAction":[{"@type":"ReadAction","target":["https:\/\/dari-system.com\/lt\/pirkiniu-krepselis\/"]}]},{"@type":"BreadcrumbList","@id":"https:\/\/dari-system.com\/lt\/pirkiniu-krepselis\/#breadcrumb","itemListElement":[{"@type":"ListItem","position":1,"name":"Startseite","item":"https:\/\/dari-system.com\/lt\/"},{"@type":"ListItem","position":2,"name":"Pirkini\u0173 krep\u0161elis"}]},{"@type":"WebSite","@id":"https:\/\/dari-system.com\/lt\/#website","url":"https:\/\/dari-system.com\/lt\/","name":"DaRi System","description":"","potentialAction":[{"@type":"SearchAction","target":{"@type":"EntryPoint","urlTemplate":"https:\/\/dari-system.com\/lt\/?s={search_term_string}"},"query-input":{"@type":"PropertyValueSpecification","valueRequired":true,"valueName":"search_term_string"}}],"inLanguage":"lt-LT"}]}},"_links":{"self":[{"href":"https:\/\/dari-system.com\/lt\/wp-json\/wp\/v2\/pages\/25548294","targetHints":{"allow":["GET"]}}],"collection":[{"href":"https:\/\/dari-system.com\/lt\/wp-json\/wp\/v2\/pages"}],"about":[{"href":"https:\/\/dari-system.com\/lt\/wp-json\/wp\/v2\/types\/page"}],"author":[{"embeddable":true,"href":"https:\/\/dari-system.com\/lt\/wp-json\/wp\/v2\/users\/1"}],"replies":[{"embeddable":true,"href":"https:\/\/dari-system.com\/lt\/wp-json\/wp\/v2\/comments?post=25548294"}],"version-history":[{"count":4,"href":"https:\/\/dari-system.com\/lt\/wp-json\/wp\/v2\/pages\/25548294\/revisions"}],"predecessor-version":[{"id":25548310,"href":"https:\/\/dari-system.com\/lt\/wp-json\/wp\/v2\/pages\/25548294\/revisions\/25548310"}],"wp:attachment":[{"href":"https:\/\/dari-system.com\/lt\/wp-json\/wp\/v2\/media?parent=25548294"}],"wp:term":[{"taxonomy":"dipi_cpt_category","embeddable":true,"href":"https:\/\/dari-system.com\/lt\/wp-json\/wp\/v2\/dipi_cpt_category?post=25548294"}],"curies":[{"name":"wp","href":"https:\/\/api.w.org\/{rel}","templated":true}]}}