{"id":25548277,"date":"2024-05-23T13:32:49","date_gmt":"2024-05-23T13:32:49","guid":{"rendered":"https:\/\/dari-system.com\/atspaudas\/"},"modified":"2024-08-20T10:28:34","modified_gmt":"2024-08-20T10:28:34","slug":"atspaudas","status":"publish","type":"page","link":"https:\/\/dari-system.com\/lt\/atspaudas\/","title":{"rendered":"Atspaudas"},"content":{"rendered":"<p>[et_pb_section fb_built=&#8221;1&#8243; fullwidth=&#8221;on&#8221; _builder_version=&#8221;4.25.0&#8243; _module_preset=&#8221;default&#8221; bottom_divider_color=&#8221;#FFFFFF&#8221; bottom_divider_height=&#8221;82px&#8221; bottom_divider_flip=&#8221;horizontal&#8221; locked=&#8221;off&#8221; global_colors_info=&#8221;{}&#8221;][et_pb_fullwidth_header title=&#8221;Atspaudas&#8221; _builder_version=&#8221;4.25.0&#8243; _module_preset=&#8221;default&#8221; title_font=&#8221;|800|||||||&#8221; title_font_size=&#8221;45px&#8221; background_image=&#8221;https:\/\/dari-system.com\/wp-content\/uploads\/2024\/05\/header_background.webp&#8221; background_position=&#8221;bottom_center&#8221; custom_padding=&#8221;8vh||8vh||true|false&#8221; title_font_size_tablet=&#8221;45px&#8221; title_font_size_phone=&#8221;29px&#8221; title_font_size_last_edited=&#8221;on|phone&#8221; content_font_size_tablet=&#8221;&#8221; content_font_size_phone=&#8221;17px&#8221; content_font_size_last_edited=&#8221;on|phone&#8221; global_colors_info=&#8221;{}&#8221;][\/et_pb_fullwidth_header][\/et_pb_section][et_pb_section fb_built=&#8221;1&#8243; _builder_version=&#8221;4.25.0&#8243; _module_preset=&#8221;default&#8221; global_colors_info=&#8221;{}&#8221;][et_pb_row _builder_version=&#8221;4.25.0&#8243; _module_preset=&#8221;default&#8221; global_colors_info=&#8221;{}&#8221;][et_pb_column type=&#8221;4_4&#8243; _builder_version=&#8221;4.25.0&#8243; _module_preset=&#8221;default&#8221; global_colors_info=&#8221;{}&#8221;][et_pb_text _builder_version=&#8221;4.25.0&#8243; _module_preset=&#8221;default&#8221; global_colors_info=&#8221;{}&#8221;]<\/p>\n<h2>Informacija pagal TMG 5 straipsn\u012f:<\/h2>\n<p>D<strong>aRi-Systemteile GmbH<\/strong> Rudolf-Nebel-Str.<\/p>\n<p>12 91781 Wei\u00dfenburg Atstovaujamas generalinio direktoriaus Dr. Eckhard Jentsch Komercinis registras: Ansbacho vietos teismas, HRB 4930 PVM mok\u0117tojo kodas: DE272707154 <\/p>\n<p>K<strong>ontaktinis<\/strong> telefonas: 09141 &#8211; 845 937 0 Faksas: 09141 &#8211; 845 937 1 El. pa\u0161tas:<a href=\"mailto:info@dari-system.com\">&#8222;info@dari-system.com<\/a><\/p>\n<p><strong>Atsakingas u\u017e turin\u012f pagal \u00a7 55 Abs.<br \/>\n2 RStV: <\/strong><\/p>\n<p>Dr. Eckhard Jentsch Pirmiau nurodytas adresas<\/p>\n<p>Nuoroda \u012f ES gin\u010d\u0173 sprendim\u0105: Europos Komisija teikia internetinio gin\u010d\u0173 sprendimo platform\u0105 (OS):<\/p>\n<p><a href=\"http:\/\/ec.europa.eu\/consumer\/odr\">http:\/\/ec.europa.eu\/consumer\/odr<\/a><\/p>\n<p>M\u016bs\u0173 \u012fmon\u0117 dalyvauja ES gin\u010d\u0173 sprendimo programoje.<br \/>\nM\u016bs\u0173 elektroninio pa\u0161to adresas, kuriuo naudojam\u0117s gin\u010d\u0173 sprendimo internetu platforma, yra:<a href=\"mailto:info@dari-system.com\">&#8222;info@dari-system.com&#8221;.<\/a> <\/p>\n<p><em>\u0160altinis: sukurta su <a href=\"http:\/\/www.e-recht24.de\/news\/ecommerce\/6048-impressum-gmbh.html\">atspaudo generatoriumi Gesellschaft mit beschr\u00e4nkter Haftung (GmbH)<\/a> i\u0161 eRecht24.<\/em><\/p>\n<p><strong>Atsakomyb\u0117s atsisakymas:<\/strong><\/p>\n<p>A<strong>tsakomyb\u0117 u\u017e turin\u012f<\/strong> M\u016bs\u0173 svetain\u0117s turinys buvo kuriamas itin kruop\u0161\u010diai.<br \/>\nTa\u010diau mes negalime prisiimti jokios atsakomyb\u0117s u\u017e turinio tikslum\u0105, i\u0161samum\u0105 ir aktualum\u0105.<br \/>\nMes, kaip paslaug\u0173 teik\u0117jas, esame atsakingi pagal \u00a7 7 Abs.1<br \/>\nTMG, u\u017e savo turin\u012f \u0161iuose puslapiuose atsakome pagal bendruosius \u012fstatymus.<br \/>\nTa\u010diau pagal TMG \u00a7\u00a7 8-10 mes, kaip paslaug\u0173 teik\u0117jas, neprivalome steb\u0117ti perduodamos ar saugomos tre\u010di\u0173j\u0173 \u0161ali\u0173 informacijos arba tirti aplinkybi\u0173, rodan\u010di\u0173 neteis\u0117t\u0105 veikl\u0105.<br \/>\nTai neturi \u012ftakos prievol\u0117ms pa\u0161alinti arba blokuoti informacijos naudojim\u0105 pagal bendruosius teis\u0117s aktus.<br \/>\nTa\u010diau atsakomyb\u0117 \u0161iuo at\u017evilgiu galima tik nuo tada, kai su\u017einoma apie konkret\u0173 pa\u017eeidim\u0105.<br \/>\nKai tik su\u017einosime apie tokius pa\u017eeidimus, nedelsdami pa\u0161alinsime \u0161\u012f turin\u012f.       <\/p>\n<p>A<strong>tsakomyb\u0117 u\u017e nuorodas<\/strong> M\u016bs\u0173 svetain\u0117je yra nuorod\u0173 \u012f i\u0161orines tre\u010di\u0173j\u0173 \u0161ali\u0173 svetaines, kuri\u0173 turiniui neturime jokios \u012ftakos.<br \/>\nTod\u0117l mes negalime prisiimti jokios atsakomyb\u0117s u\u017e \u0161i\u0173 tre\u010di\u0173j\u0173 \u0161ali\u0173 turin\u012f.<br \/>\nU\u017e puslapi\u0173, \u012f kuriuos pateikiamos nuorodos, turin\u012f visuomet atsako atitinkamas puslapi\u0173 teik\u0117jas arba valdytojas.<br \/>\nNuorod\u0173 pateikimo metu buvo patikrinta, ar nuorod\u0173 puslapiuose n\u0117ra galim\u0173 teisini\u0173 pa\u017eeidim\u0173.<br \/>\nNeteis\u0117to turinio nuorod\u0173 pateikimo metu nebuvo galima atpa\u017einti.<br \/>\nTa\u010diau nuolatinis susiet\u0173 puslapi\u0173 turinio steb\u0117jimas yra netikslingas, jei n\u0117ra konkre\u010di\u0173 pa\u017eeidimo \u012frodym\u0173.<br \/>\nJei su\u017einosime apie teisinius pa\u017eeidimus, nedelsdami pa\u0161alinsime tokias nuorodas.      <\/p>\n<p>A<strong>utori\u0173 teis\u0117s<\/strong> Svetain\u0117s operatori\u0173 sukurtam turiniui ir k\u016briniams \u0161iuose puslapiuose taikomi Vokietijos autori\u0173 teisi\u0173 \u012fstatymai.<br \/>\nKopijavimui, apdorojimui, platinimui ir bet kokiam panaudojimui u\u017e autori\u0173 teisi\u0173 \u012fstatymo rib\u0173 reikalingas ra\u0161ti\u0161kas atitinkamo autoriaus ar k\u016br\u0117jo sutikimas.<br \/>\nAtsisi\u0173sti ir kopijuoti \u0161i\u0105 svetain\u0119 leid\u017eiama tik asmeniniam, nekomerciniam naudojimui.<br \/>\nJei \u0161ios svetain\u0117s turin\u012f suk\u016br\u0117 ne operatorius, tre\u010di\u0173j\u0173 \u0161ali\u0173 autori\u0173 teis\u0117s yra gerbiamos.<br \/>\nVis\u0173 pirma, tre\u010di\u0173j\u0173 \u0161ali\u0173 turinys yra pa\u017eym\u0117tas kaip toks.<br \/>\nJei vis d\u0117lto su\u017einotum\u0117te apie autori\u0173 teisi\u0173 pa\u017eeidim\u0105, prane\u0161kite mums apie tai.<br \/>\nSu\u017einoj\u0119 apie pa\u017eeidimus, nedelsdami pa\u0161alinsime tok\u012f turin\u012f.      <\/p>\n<p>D<strong>uomen\u0173 apsauga<\/strong> Naudotis m\u016bs\u0173 svetaine paprastai galima nepateikiant asmens duomen\u0173.<br \/>\nJei m\u016bs\u0173 svetain\u0117je renkami asmens duomenys (pvz., vardas, pavard\u0117, adresas ar el. pa\u0161to adresas), jie visada renkami savanori\u0161kai, kiek tai \u012fmanoma.<br \/>\n<br \/>\u0160ie duomenys nebus perduoti tre\u010diosioms \u0161alims be j\u016bs\u0173 ai\u0161kaus sutikimo. Nor\u0117tume atkreipti d\u0117mes\u012f \u012f tai, kad duomen\u0173 perdavimas internetu (pvz., bendraujant el. pa\u0161tu) gali b\u016bti susij\u0119s su saugumo spragomis.<br \/>\n<br \/>Visi\u0161ka duomen\u0173 apsauga nuo tre\u010di\u0173j\u0173 \u0161ali\u0173 prieigos ne\u012fmanoma. \u0160iuo ai\u0161kiai draud\u017eiame naudoti kontaktinius duomenis, paskelbtus vykdant pareig\u0105 pateikti teisin\u012f prane\u0161im\u0105, nepra\u0161ytai reklaminei ir informacinei med\u017eiagai si\u0173sti.<br \/>\n\u0160ios svetain\u0117s operatoriai ai\u0161kiai pasilieka teis\u0119 imtis teisini\u0173 veiksm\u0173, jei siun\u010diama nepageidaujama reklamin\u0117 informacija, pavyzd\u017eiui, nepageidaujami elektroniniai lai\u0161kai.    <br \/><em>\u0160altinis: <a href=\"http:\/\/www.e-recht24.de\/\">Teisininko<\/a> S\u00f6reno Sieberto interneto teis\u0117s portalo &#8222;eRecht24&#8221; informacija.<\/em><\/p>\n<p>[\/et_pb_text][\/et_pb_column][\/et_pb_row][\/et_pb_section]<\/p>\n","protected":false},"excerpt":{"rendered":"<p>Informacija pagal TMG 5 straipsn\u012f: DaRi-Systemteile GmbH Rudolf-Nebel-Str. 12 91781 Wei\u00dfenburg Atstovaujamas generalinio direktoriaus Dr. Eckhard Jentsch Komercinis registras: Ansbacho vietos teismas, HRB 4930 PVM mok\u0117tojo kodas: DE272707154 Kontaktinis telefonas: 09141 &#8211; 845 937 0 Faksas: 09141 &#8211; 845 937 1 El. pa\u0161tas:&#8221;info@dari-system.com Atsakingas u\u017e turin\u012f pagal \u00a7 55 Abs. 2 RStV: Dr. Eckhard Jentsch [&hellip;]<\/p>\n","protected":false},"author":1,"featured_media":0,"parent":0,"menu_order":0,"comment_status":"closed","ping_status":"closed","template":"","meta":{"_et_pb_use_builder":"on","_et_pb_old_content":"","_et_gb_content_width":"","iawp_total_views":1,"footnotes":""},"dipi_cpt_category":[],"class_list":["post-25548277","page","type-page","status-publish","hentry"],"yoast_head":"<!-- This site is optimized with the Yoast SEO plugin v27.2 - https:\/\/yoast.com\/product\/yoast-seo-wordpress\/ -->\n<title>Atspaudas - DaRi System<\/title>\n<meta name=\"robots\" content=\"index, follow, max-snippet:-1, max-image-preview:large, max-video-preview:-1\" \/>\n<link rel=\"canonical\" href=\"https:\/\/dari-system.com\/lt\/atspaudas\/\" \/>\n<meta property=\"og:locale\" content=\"lt_LT\" \/>\n<meta property=\"og:type\" content=\"article\" \/>\n<meta property=\"og:title\" content=\"Atspaudas - DaRi System\" \/>\n<meta property=\"og:description\" content=\"Informacija pagal TMG 5 straipsn\u012f: DaRi-Systemteile GmbH Rudolf-Nebel-Str. 12 91781 Wei\u00dfenburg Atstovaujamas generalinio direktoriaus Dr. Eckhard Jentsch Komercinis registras: Ansbacho vietos teismas, HRB 4930 PVM mok\u0117tojo kodas: DE272707154 Kontaktinis telefonas: 09141 - 845 937 0 Faksas: 09141 - 845 937 1 El. pa\u0161tas:&quot;info@dari-system.com Atsakingas u\u017e turin\u012f pagal \u00a7 55 Abs. 2 RStV: Dr. Eckhard Jentsch [&hellip;]\" \/>\n<meta property=\"og:url\" content=\"https:\/\/dari-system.com\/lt\/atspaudas\/\" \/>\n<meta property=\"og:site_name\" content=\"DaRi System\" \/>\n<meta property=\"article:modified_time\" content=\"2024-08-20T10:28:34+00:00\" \/>\n<meta name=\"twitter:card\" content=\"summary_large_image\" \/>\n<meta name=\"twitter:label1\" content=\"Est. reading time\" \/>\n\t<meta name=\"twitter:data1\" content=\"4 minut\u0117s\" \/>\n<script type=\"application\/ld+json\" class=\"yoast-schema-graph\">{\"@context\":\"https:\/\/schema.org\",\"@graph\":[{\"@type\":\"WebPage\",\"@id\":\"https:\/\/dari-system.com\/lt\/atspaudas\/\",\"url\":\"https:\/\/dari-system.com\/lt\/atspaudas\/\",\"name\":\"Atspaudas - DaRi System\",\"isPartOf\":{\"@id\":\"https:\/\/dari-system.com\/lt\/#website\"},\"datePublished\":\"2024-05-23T13:32:49+00:00\",\"dateModified\":\"2024-08-20T10:28:34+00:00\",\"breadcrumb\":{\"@id\":\"https:\/\/dari-system.com\/lt\/atspaudas\/#breadcrumb\"},\"inLanguage\":\"lt-LT\",\"potentialAction\":[{\"@type\":\"ReadAction\",\"target\":[\"https:\/\/dari-system.com\/lt\/atspaudas\/\"]}]},{\"@type\":\"BreadcrumbList\",\"@id\":\"https:\/\/dari-system.com\/lt\/atspaudas\/#breadcrumb\",\"itemListElement\":[{\"@type\":\"ListItem\",\"position\":1,\"name\":\"Startseite\",\"item\":\"https:\/\/dari-system.com\/lt\/\"},{\"@type\":\"ListItem\",\"position\":2,\"name\":\"Atspaudas\"}]},{\"@type\":\"WebSite\",\"@id\":\"https:\/\/dari-system.com\/lt\/#website\",\"url\":\"https:\/\/dari-system.com\/lt\/\",\"name\":\"DaRi System\",\"description\":\"\",\"potentialAction\":[{\"@type\":\"SearchAction\",\"target\":{\"@type\":\"EntryPoint\",\"urlTemplate\":\"https:\/\/dari-system.com\/lt\/?s={search_term_string}\"},\"query-input\":{\"@type\":\"PropertyValueSpecification\",\"valueRequired\":true,\"valueName\":\"search_term_string\"}}],\"inLanguage\":\"lt-LT\"}]}<\/script>\n<!-- \/ Yoast SEO plugin. -->","yoast_head_json":{"title":"Atspaudas - DaRi System","robots":{"index":"index","follow":"follow","max-snippet":"max-snippet:-1","max-image-preview":"max-image-preview:large","max-video-preview":"max-video-preview:-1"},"canonical":"https:\/\/dari-system.com\/lt\/atspaudas\/","og_locale":"lt_LT","og_type":"article","og_title":"Atspaudas - DaRi System","og_description":"Informacija pagal TMG 5 straipsn\u012f: DaRi-Systemteile GmbH Rudolf-Nebel-Str. 12 91781 Wei\u00dfenburg Atstovaujamas generalinio direktoriaus Dr. Eckhard Jentsch Komercinis registras: Ansbacho vietos teismas, HRB 4930 PVM mok\u0117tojo kodas: DE272707154 Kontaktinis telefonas: 09141 - 845 937 0 Faksas: 09141 - 845 937 1 El. pa\u0161tas:\"info@dari-system.com Atsakingas u\u017e turin\u012f pagal \u00a7 55 Abs. 2 RStV: Dr. Eckhard Jentsch [&hellip;]","og_url":"https:\/\/dari-system.com\/lt\/atspaudas\/","og_site_name":"DaRi System","article_modified_time":"2024-08-20T10:28:34+00:00","twitter_card":"summary_large_image","twitter_misc":{"Est. reading time":"4 minut\u0117s"},"schema":{"@context":"https:\/\/schema.org","@graph":[{"@type":"WebPage","@id":"https:\/\/dari-system.com\/lt\/atspaudas\/","url":"https:\/\/dari-system.com\/lt\/atspaudas\/","name":"Atspaudas - DaRi System","isPartOf":{"@id":"https:\/\/dari-system.com\/lt\/#website"},"datePublished":"2024-05-23T13:32:49+00:00","dateModified":"2024-08-20T10:28:34+00:00","breadcrumb":{"@id":"https:\/\/dari-system.com\/lt\/atspaudas\/#breadcrumb"},"inLanguage":"lt-LT","potentialAction":[{"@type":"ReadAction","target":["https:\/\/dari-system.com\/lt\/atspaudas\/"]}]},{"@type":"BreadcrumbList","@id":"https:\/\/dari-system.com\/lt\/atspaudas\/#breadcrumb","itemListElement":[{"@type":"ListItem","position":1,"name":"Startseite","item":"https:\/\/dari-system.com\/lt\/"},{"@type":"ListItem","position":2,"name":"Atspaudas"}]},{"@type":"WebSite","@id":"https:\/\/dari-system.com\/lt\/#website","url":"https:\/\/dari-system.com\/lt\/","name":"DaRi System","description":"","potentialAction":[{"@type":"SearchAction","target":{"@type":"EntryPoint","urlTemplate":"https:\/\/dari-system.com\/lt\/?s={search_term_string}"},"query-input":{"@type":"PropertyValueSpecification","valueRequired":true,"valueName":"search_term_string"}}],"inLanguage":"lt-LT"}]}},"_links":{"self":[{"href":"https:\/\/dari-system.com\/lt\/wp-json\/wp\/v2\/pages\/25548277","targetHints":{"allow":["GET"]}}],"collection":[{"href":"https:\/\/dari-system.com\/lt\/wp-json\/wp\/v2\/pages"}],"about":[{"href":"https:\/\/dari-system.com\/lt\/wp-json\/wp\/v2\/types\/page"}],"author":[{"embeddable":true,"href":"https:\/\/dari-system.com\/lt\/wp-json\/wp\/v2\/users\/1"}],"replies":[{"embeddable":true,"href":"https:\/\/dari-system.com\/lt\/wp-json\/wp\/v2\/comments?post=25548277"}],"version-history":[{"count":1,"href":"https:\/\/dari-system.com\/lt\/wp-json\/wp\/v2\/pages\/25548277\/revisions"}],"predecessor-version":[{"id":25548286,"href":"https:\/\/dari-system.com\/lt\/wp-json\/wp\/v2\/pages\/25548277\/revisions\/25548286"}],"wp:attachment":[{"href":"https:\/\/dari-system.com\/lt\/wp-json\/wp\/v2\/media?parent=25548277"}],"wp:term":[{"taxonomy":"dipi_cpt_category","embeddable":true,"href":"https:\/\/dari-system.com\/lt\/wp-json\/wp\/v2\/dipi_cpt_category?post=25548277"}],"curies":[{"name":"wp","href":"https:\/\/api.w.org\/{rel}","templated":true}]}}