{"id":25548263,"date":"2024-05-23T13:32:49","date_gmt":"2024-05-23T13:32:49","guid":{"rendered":"https:\/\/dari-system.com\/atsaukimo-politika\/"},"modified":"2024-08-20T10:28:25","modified_gmt":"2024-08-20T10:28:25","slug":"atsaukimo-politika","status":"publish","type":"page","link":"https:\/\/dari-system.com\/lt\/atsaukimo-politika\/","title":{"rendered":"At\u0161aukimo politika"},"content":{"rendered":"<p>[et_pb_section fb_built=&#8221;1&#8243; fullwidth=&#8221;on&#8221; _builder_version=&#8221;4.25.0&#8243; _module_preset=&#8221;default&#8221; bottom_divider_color=&#8221;#FFFFFF&#8221; bottom_divider_height=&#8221;82px&#8221; bottom_divider_flip=&#8221;horizontal&#8221; locked=&#8221;off&#8221; global_colors_info=&#8221;{}&#8221;][et_pb_fullwidth_header title=&#8221;At\u0161aukimo politika&#8221; _builder_version=&#8221;4.25.0&#8243; _module_preset=&#8221;default&#8221; title_font=&#8221;|800|||||||&#8221; title_font_size=&#8221;45px&#8221; background_image=&#8221;https:\/\/dari-system.com\/wp-content\/uploads\/2024\/05\/header_background.webp&#8221; background_position=&#8221;bottom_center&#8221; custom_padding=&#8221;8vh||8vh||true|false&#8221; title_font_size_tablet=&#8221;45px&#8221; title_font_size_phone=&#8221;29px&#8221; title_font_size_last_edited=&#8221;on|phone&#8221; content_font_size_tablet=&#8221;&#8221; content_font_size_phone=&#8221;17px&#8221; content_font_size_last_edited=&#8221;on|phone&#8221; global_colors_info=&#8221;{}&#8221;][\/et_pb_fullwidth_header][\/et_pb_section][et_pb_section fb_built=&#8221;1&#8243; _builder_version=&#8221;4.25.0&#8243; _module_preset=&#8221;default&#8221; global_colors_info=&#8221;{}&#8221;][et_pb_row _builder_version=&#8221;4.25.0&#8243; _module_preset=&#8221;default&#8221; global_colors_info=&#8221;{}&#8221;][et_pb_column type=&#8221;4_4&#8243; _builder_version=&#8221;4.25.0&#8243; _module_preset=&#8221;default&#8221; global_colors_info=&#8221;{}&#8221;][et_pb_text _builder_version=&#8221;4.25.0&#8243; _module_preset=&#8221;default&#8221; hover_enabled=&#8221;0&#8243; global_colors_info=&#8221;{}&#8221; sticky_enabled=&#8221;0&#8243;]<\/p>\n<h2>At\u0161aukimo politika \/ Teis\u0117 at\u0161aukti u\u017esakym\u0105<\/h2>\n<p>J\u016bs turite teis\u0119 nutraukti \u0161i\u0105 sutart\u012f per keturiolika dien\u0173 nenurodydami prie\u017easties. Sutarties nutraukimo laikotarpis yra keturiolika dien\u0173 nuo tos dienos, kai j\u016bs arba j\u016bs\u0173 nurodyta tre\u010dioji \u0161alis, kuri n\u0117ra ve\u017e\u0117jas, per\u0117m\u0117 prekes. Nor\u0117dami pasinaudoti savo teise nutraukti sutart\u012f, turite kreiptis \u012f mus, DaRi-Systemteile GmbH, Rudolf-Nebel-Str.<br \/>\n12, 91781 Wei\u00dfenburg, Tel.<br \/>\n09141- 8459370, faksas 09141-8459371, el. pa\u0161tas<a href=\"mailto:info@dari-system.com\">info@dari-system.com<\/a> apie savo sprendim\u0105 atsisakyti \u0161ios sutarties nedviprasmi\u0161ku parei\u0161kimu (pvz., pa\u0161tu, faksu arba el. pa\u0161tu i\u0161si\u0173stu lai\u0161ku).<br \/>\nGalite naudoti toliau pridedam\u0105 pavyzdin\u0119 sutarties nutraukimo form\u0105, ta\u010diau tai n\u0117ra privaloma.   <br \/>Norint laikytis at\u0161aukimo termino, pakanka i\u0161si\u0173sti prane\u0161im\u0105 apie pasinaudojim\u0105 at\u0161aukimo teise prie\u0161 pasibaigiant at\u0161aukimo terminui.<\/p>\n<p>Sutarties nutraukimo pasekm\u0117s: Jei nutraukiate \u0161i\u0105 sutart\u012f, mes nedelsdami ir bet kuriuo atveju ne v\u0117liau kaip per 14 dien\u0173 nuo tos dienos, kai mums buvo prane\u0161ta apie j\u016bs\u0173 sprendim\u0105 nutraukti \u0161i\u0105 sutart\u012f, gr\u0105\u017einame jums visus i\u0161 j\u016bs\u0173 gautus mok\u0117jimus, \u012fskaitant pristatymo i\u0161laidas (i\u0161skyrus papildomas i\u0161laidas, atsiradusias d\u0117l to, kad pasirinkote kit\u0105 pristatymo b\u016bd\u0105 nei m\u016bs\u0173 si\u016blomas pigiausias standartinio pristatymo b\u016bdas).<br \/>\n\u0160iam gr\u0105\u017einimui naudosime tas pa\u010dias mok\u0117jimo priemones, kurias naudojote pirminiam sandoriui, nebent su jumis ai\u0161kiai susitarta kitaip; jokiomis aplinkyb\u0117mis i\u0161 j\u016bs\u0173 nebus imami jokie mokes\u010diai u\u017e \u0161\u012f gr\u0105\u017einim\u0105.<br \/>\n<br \/>Gr\u0105\u017einim\u0105 galime sulaikyti, kol gausime prekes atgal arba kol pateiksite \u012frodym\u0105, kad prekes gr\u0105\u017einote, priklausomai nuo to, kas \u012fvyks anks\u010diau. Prekes mums turite gr\u0105\u017einti arba perduoti nedelsiant ir bet kuriuo atveju ne v\u0117liau kaip per keturiolika dien\u0173 nuo tos dienos, kai mums prane\u0161\u0117te apie \u0161ios sutarties nutraukim\u0105.<\/p>\n<p>Termino laikomasi, jei prekes i\u0161siun\u010diate nepasibaigus keturiolikos dien\u0173 laikotarpiui. J\u016bs apmokate tiesiogines preki\u0173 gr\u0105\u017einimo i\u0161laidas. J\u016bs atsakote tik u\u017e bet kok\u012f preki\u0173 vert\u0117s suma\u017e\u0117jim\u0105, atsiradus\u012f d\u0117l kitokio j\u0173 tvarkymo, nei b\u016btina preki\u0173 pob\u016bd\u017eiui, savyb\u0117ms ir veikimui nustatyti.   <br \/><span style=\"text-decoration: underline;\"><strong>Pavyzdin\u0117 at\u0161aukimo forma<\/strong><\/span><\/p>\n<p>(Jei norite nutraukti sutart\u012f, galite u\u017epildyti \u0161i\u0105 form\u0105 ir atsi\u0173sti j\u0105 mums) DaRi-Systemteile GmbH, Rudolf-Nebel-Str.<br \/>\n12, 91781 Wei\u00dfenburg, Tel.<br \/>\n<br \/>09141- 8459370, Fax 09141-8459371, E-Mail <a href=\"mailto:info@dari-system.com\">info@dari-system.com<\/a> \u0160iuo prane\u0161imu a\u0161 atsisakau mano sudarytos sutarties d\u0117l \u0161i\u0173 preki\u0173 pirkimo:<\/p>\n<p>&#8230;&#8230;&#8230;&#8230;&#8230;&#8230;&#8230;&#8230;&#8230;&#8230;&#8230;&#8230;&#8230;&#8230;&#8230;&#8230;&#8230;&#8230;&#8230;&#8230;&#8230;&#8230;&#8230;&#8230;&#8230; &#8211; U\u017esakyta &#8230;&#8230;&#8230;., gauta &#8230;&#8230;&#8230;&#8230;. &#8211; J\u016bs\u0173 vardas ir pavard\u0117: &#8211; J\u016bs\u0173 adresas: &#8211; J\u016bs\u0173 para\u0161as (tik popieriniam prane\u0161imui) &#8211; Data:  <\/p>\n<p>[\/et_pb_text][\/et_pb_column][\/et_pb_row][\/et_pb_section]<\/p>\n","protected":false},"excerpt":{"rendered":"<p>At\u0161aukimo politika \/ Teis\u0117 at\u0161aukti u\u017esakym\u0105 J\u016bs turite teis\u0119 nutraukti \u0161i\u0105 sutart\u012f per keturiolika dien\u0173 nenurodydami prie\u017easties. Sutarties nutraukimo laikotarpis yra keturiolika dien\u0173 nuo tos dienos, kai j\u016bs arba j\u016bs\u0173 nurodyta tre\u010dioji \u0161alis, kuri n\u0117ra ve\u017e\u0117jas, per\u0117m\u0117 prekes. Nor\u0117dami pasinaudoti savo teise nutraukti sutart\u012f, turite kreiptis \u012f mus, DaRi-Systemteile GmbH, Rudolf-Nebel-Str. 12, 91781 Wei\u00dfenburg, Tel. [&hellip;]<\/p>\n","protected":false},"author":1,"featured_media":0,"parent":0,"menu_order":0,"comment_status":"closed","ping_status":"closed","template":"","meta":{"_et_pb_use_builder":"on","_et_pb_old_content":"","_et_gb_content_width":"","iawp_total_views":2,"footnotes":""},"dipi_cpt_category":[],"class_list":["post-25548263","page","type-page","status-publish","hentry"],"yoast_head":"<!-- This site is optimized with the Yoast SEO plugin v27.4 - https:\/\/yoast.com\/product\/yoast-seo-wordpress\/ -->\n<title>At\u0161aukimo politika - DaRi System<\/title>\n<meta name=\"robots\" content=\"index, follow, max-snippet:-1, max-image-preview:large, max-video-preview:-1\" \/>\n<link rel=\"canonical\" href=\"https:\/\/dari-system.com\/lt\/atsaukimo-politika\/\" \/>\n<meta property=\"og:locale\" content=\"lt_LT\" \/>\n<meta property=\"og:type\" content=\"article\" \/>\n<meta property=\"og:title\" content=\"At\u0161aukimo politika - DaRi System\" \/>\n<meta property=\"og:description\" content=\"At\u0161aukimo politika \/ Teis\u0117 at\u0161aukti u\u017esakym\u0105 J\u016bs turite teis\u0119 nutraukti \u0161i\u0105 sutart\u012f per keturiolika dien\u0173 nenurodydami prie\u017easties. Sutarties nutraukimo laikotarpis yra keturiolika dien\u0173 nuo tos dienos, kai j\u016bs arba j\u016bs\u0173 nurodyta tre\u010dioji \u0161alis, kuri n\u0117ra ve\u017e\u0117jas, per\u0117m\u0117 prekes. Nor\u0117dami pasinaudoti savo teise nutraukti sutart\u012f, turite kreiptis \u012f mus, DaRi-Systemteile GmbH, Rudolf-Nebel-Str. 12, 91781 Wei\u00dfenburg, Tel. [&hellip;]\" \/>\n<meta property=\"og:url\" content=\"https:\/\/dari-system.com\/lt\/atsaukimo-politika\/\" \/>\n<meta property=\"og:site_name\" content=\"DaRi System\" \/>\n<meta property=\"article:modified_time\" content=\"2024-08-20T10:28:25+00:00\" \/>\n<meta name=\"twitter:card\" content=\"summary_large_image\" \/>\n<meta name=\"twitter:label1\" content=\"Est. reading time\" \/>\n\t<meta name=\"twitter:data1\" content=\"3 minut\u0117s\" \/>\n<script type=\"application\/ld+json\" class=\"yoast-schema-graph\">{\"@context\":\"https:\\\/\\\/schema.org\",\"@graph\":[{\"@type\":\"WebPage\",\"@id\":\"https:\\\/\\\/dari-system.com\\\/lt\\\/atsaukimo-politika\\\/\",\"url\":\"https:\\\/\\\/dari-system.com\\\/lt\\\/atsaukimo-politika\\\/\",\"name\":\"At\u0161aukimo politika - DaRi System\",\"isPartOf\":{\"@id\":\"https:\\\/\\\/dari-system.com\\\/lt\\\/#website\"},\"datePublished\":\"2024-05-23T13:32:49+00:00\",\"dateModified\":\"2024-08-20T10:28:25+00:00\",\"breadcrumb\":{\"@id\":\"https:\\\/\\\/dari-system.com\\\/lt\\\/atsaukimo-politika\\\/#breadcrumb\"},\"inLanguage\":\"lt-LT\",\"potentialAction\":[{\"@type\":\"ReadAction\",\"target\":[\"https:\\\/\\\/dari-system.com\\\/lt\\\/atsaukimo-politika\\\/\"]}]},{\"@type\":\"BreadcrumbList\",\"@id\":\"https:\\\/\\\/dari-system.com\\\/lt\\\/atsaukimo-politika\\\/#breadcrumb\",\"itemListElement\":[{\"@type\":\"ListItem\",\"position\":1,\"name\":\"Startseite\",\"item\":\"https:\\\/\\\/dari-system.com\\\/lt\\\/\"},{\"@type\":\"ListItem\",\"position\":2,\"name\":\"At\u0161aukimo politika\"}]},{\"@type\":\"WebSite\",\"@id\":\"https:\\\/\\\/dari-system.com\\\/lt\\\/#website\",\"url\":\"https:\\\/\\\/dari-system.com\\\/lt\\\/\",\"name\":\"DaRi System\",\"description\":\"\",\"potentialAction\":[{\"@type\":\"SearchAction\",\"target\":{\"@type\":\"EntryPoint\",\"urlTemplate\":\"https:\\\/\\\/dari-system.com\\\/lt\\\/?s={search_term_string}\"},\"query-input\":{\"@type\":\"PropertyValueSpecification\",\"valueRequired\":true,\"valueName\":\"search_term_string\"}}],\"inLanguage\":\"lt-LT\"}]}<\/script>\n<!-- \/ Yoast SEO plugin. -->","yoast_head_json":{"title":"At\u0161aukimo politika - DaRi System","robots":{"index":"index","follow":"follow","max-snippet":"max-snippet:-1","max-image-preview":"max-image-preview:large","max-video-preview":"max-video-preview:-1"},"canonical":"https:\/\/dari-system.com\/lt\/atsaukimo-politika\/","og_locale":"lt_LT","og_type":"article","og_title":"At\u0161aukimo politika - DaRi System","og_description":"At\u0161aukimo politika \/ Teis\u0117 at\u0161aukti u\u017esakym\u0105 J\u016bs turite teis\u0119 nutraukti \u0161i\u0105 sutart\u012f per keturiolika dien\u0173 nenurodydami prie\u017easties. Sutarties nutraukimo laikotarpis yra keturiolika dien\u0173 nuo tos dienos, kai j\u016bs arba j\u016bs\u0173 nurodyta tre\u010dioji \u0161alis, kuri n\u0117ra ve\u017e\u0117jas, per\u0117m\u0117 prekes. Nor\u0117dami pasinaudoti savo teise nutraukti sutart\u012f, turite kreiptis \u012f mus, DaRi-Systemteile GmbH, Rudolf-Nebel-Str. 12, 91781 Wei\u00dfenburg, Tel. [&hellip;]","og_url":"https:\/\/dari-system.com\/lt\/atsaukimo-politika\/","og_site_name":"DaRi System","article_modified_time":"2024-08-20T10:28:25+00:00","twitter_card":"summary_large_image","twitter_misc":{"Est. reading time":"3 minut\u0117s"},"schema":{"@context":"https:\/\/schema.org","@graph":[{"@type":"WebPage","@id":"https:\/\/dari-system.com\/lt\/atsaukimo-politika\/","url":"https:\/\/dari-system.com\/lt\/atsaukimo-politika\/","name":"At\u0161aukimo politika - DaRi System","isPartOf":{"@id":"https:\/\/dari-system.com\/lt\/#website"},"datePublished":"2024-05-23T13:32:49+00:00","dateModified":"2024-08-20T10:28:25+00:00","breadcrumb":{"@id":"https:\/\/dari-system.com\/lt\/atsaukimo-politika\/#breadcrumb"},"inLanguage":"lt-LT","potentialAction":[{"@type":"ReadAction","target":["https:\/\/dari-system.com\/lt\/atsaukimo-politika\/"]}]},{"@type":"BreadcrumbList","@id":"https:\/\/dari-system.com\/lt\/atsaukimo-politika\/#breadcrumb","itemListElement":[{"@type":"ListItem","position":1,"name":"Startseite","item":"https:\/\/dari-system.com\/lt\/"},{"@type":"ListItem","position":2,"name":"At\u0161aukimo politika"}]},{"@type":"WebSite","@id":"https:\/\/dari-system.com\/lt\/#website","url":"https:\/\/dari-system.com\/lt\/","name":"DaRi System","description":"","potentialAction":[{"@type":"SearchAction","target":{"@type":"EntryPoint","urlTemplate":"https:\/\/dari-system.com\/lt\/?s={search_term_string}"},"query-input":{"@type":"PropertyValueSpecification","valueRequired":true,"valueName":"search_term_string"}}],"inLanguage":"lt-LT"}]}},"_links":{"self":[{"href":"https:\/\/dari-system.com\/lt\/wp-json\/wp\/v2\/pages\/25548263","targetHints":{"allow":["GET"]}}],"collection":[{"href":"https:\/\/dari-system.com\/lt\/wp-json\/wp\/v2\/pages"}],"about":[{"href":"https:\/\/dari-system.com\/lt\/wp-json\/wp\/v2\/types\/page"}],"author":[{"embeddable":true,"href":"https:\/\/dari-system.com\/lt\/wp-json\/wp\/v2\/users\/1"}],"replies":[{"embeddable":true,"href":"https:\/\/dari-system.com\/lt\/wp-json\/wp\/v2\/comments?post=25548263"}],"version-history":[{"count":1,"href":"https:\/\/dari-system.com\/lt\/wp-json\/wp\/v2\/pages\/25548263\/revisions"}],"predecessor-version":[{"id":25548270,"href":"https:\/\/dari-system.com\/lt\/wp-json\/wp\/v2\/pages\/25548263\/revisions\/25548270"}],"wp:attachment":[{"href":"https:\/\/dari-system.com\/lt\/wp-json\/wp\/v2\/media?parent=25548263"}],"wp:term":[{"taxonomy":"dipi_cpt_category","embeddable":true,"href":"https:\/\/dari-system.com\/lt\/wp-json\/wp\/v2\/dipi_cpt_category?post=25548263"}],"curies":[{"name":"wp","href":"https:\/\/api.w.org\/{rel}","templated":true}]}}