{"id":25548250,"date":"2024-05-23T13:32:49","date_gmt":"2024-05-23T13:32:49","guid":{"rendered":"https:\/\/dari-system.com\/gtc\/"},"modified":"2024-08-20T10:28:30","modified_gmt":"2024-08-20T10:28:30","slug":"gtc","status":"publish","type":"page","link":"https:\/\/dari-system.com\/lt\/gtc\/","title":{"rendered":"GTC"},"content":{"rendered":"<p>[et_pb_section fb_built=&#8221;1&#8243; fullwidth=&#8221;on&#8221; _builder_version=&#8221;4.25.0&#8243; _module_preset=&#8221;default&#8221; bottom_divider_color=&#8221;#FFFFFF&#8221; bottom_divider_height=&#8221;82px&#8221; bottom_divider_flip=&#8221;horizontal&#8221; locked=&#8221;off&#8221; global_colors_info=&#8221;{}&#8221; theme_builder_area=&#8221;post_content&#8221;][et_pb_fullwidth_header title=&#8221;Bendrosios s\u0105lygos&#8221; _builder_version=&#8221;4.25.0&#8243; _module_preset=&#8221;default&#8221; title_font=&#8221;|800|||||||&#8221; title_font_size=&#8221;45px&#8221; background_image=&#8221;https:\/\/dari-system.com\/wp-content\/uploads\/2024\/05\/header_background.webp&#8221; background_position=&#8221;bottom_center&#8221; custom_padding=&#8221;8vh||8vh||true|false&#8221; hover_enabled=&#8221;0&#8243; title_font_size_tablet=&#8221;45px&#8221; title_font_size_phone=&#8221;29px&#8221; title_font_size_last_edited=&#8221;on|phone&#8221; content_font_size_tablet=&#8221;&#8221; content_font_size_phone=&#8221;17px&#8221; content_font_size_last_edited=&#8221;on|phone&#8221; global_colors_info=&#8221;{}&#8221; theme_builder_area=&#8221;post_content&#8221; sticky_enabled=&#8221;0&#8243;][\/et_pb_fullwidth_header][\/et_pb_section][et_pb_section fb_built=&#8221;1&#8243; theme_builder_area=&#8221;post_content&#8221; _builder_version=&#8221;4.25.0&#8243; _module_preset=&#8221;default&#8221;][et_pb_row _builder_version=&#8221;4.25.0&#8243; _module_preset=&#8221;default&#8221; theme_builder_area=&#8221;post_content&#8221;][et_pb_column _builder_version=&#8221;4.25.0&#8243; _module_preset=&#8221;default&#8221; type=&#8221;4_4&#8243; theme_builder_area=&#8221;post_content&#8221;][et_pb_text _builder_version=&#8221;4.25.0&#8243; _module_preset=&#8221;default&#8221; theme_builder_area=&#8221;post_content&#8221; hover_enabled=&#8221;0&#8243; sticky_enabled=&#8221;0&#8243;]<\/p>\n<h2>GTC<\/h2>\n<p>\u00a7 <strong>1 Taikymo sritis ir gynybin\u0117 i\u0161lyga<\/strong> (1) \u0160ios Bendrosios s\u0105lygos, kuri\u0173 atitinkama redakcija galioja u\u017esakymo pateikimo metu, taikomos tik teisiniams santykiams tarp parduotuv\u0117s operatoriaus (toliau &#8211; Teik\u0117jas) ir jo klient\u0173, susiklos\u010diusiems per \u0161i\u0105 internetin\u0119 parduotuv\u0119. (2) Nuo kliento nukrypstan\u010dios Bendrosios s\u0105lygos tampa sutarties dalimi tik tuo atveju, jei Teik\u0117jas ai\u0161kiai sutinka, kad jos galioja.<\/p>\n<p>\u00a7 <strong>2<\/strong> straipsnis <strong>Sutarties sudarymas<\/strong> (1) Preki\u0173 pateikimas internetin\u0117je parduotuv\u0117je n\u0117ra privalomas paslaug\u0173 teik\u0117jo pasi\u016blymas sudaryti pirkimo-pardavimo sutart\u012f.<br \/>\nPirk\u0117jo tik pra\u0161oma pateikti pasi\u016blym\u0105 pateikiant u\u017esakym\u0105. <br \/>(2) Si\u0173sdamas u\u017esakym\u0105 internetin\u0117je parduotuv\u0117je, klientas pateikia privalom\u0105 pasi\u016blym\u0105 sudaryti pirkimo sutart\u012f d\u0117l preki\u0173, esan\u010di\u0173 pirkini\u0173 krep\u0161elyje.<br \/>\nPateikdamas u\u017esakym\u0105, klientas taip pat pripa\u017e\u012fsta \u0161ias s\u0105lygas kaip i\u0161imtinai taikomas teisiniams santykiams su paslaug\u0173 teik\u0117ju. <br \/>(3) Paslaug\u0173 teik\u0117jas patvirtina kliento u\u017esakymo gavim\u0105 i\u0161si\u0173sdamas patvirtinimo el. lai\u0161k\u0105.<br \/>\n\u0160is u\u017esakymo patvirtinimas nerei\u0161kia, kad tiek\u0117jas priima sutarties pasi\u016blym\u0105.<br \/>\nJuo klientas tik informuojamas, kad teik\u0117jas gavo u\u017esakym\u0105.<br \/>\nPirkimo sutartis sudaroma tik tada, kai paslaug\u0173 teik\u0117jas paskelbia pri\u0117mimo parei\u0161kim\u0105, pateikdamas ai\u0161k\u0173 parei\u0161kim\u0105 arba pristatydamas prekes.   <\/p>\n<p>\u00a7 <strong>3 Nuosavyb\u0117s teis\u0117s i\u0161laikymas<\/strong> Pristatytos prek\u0117s i\u0161lieka tiek\u0117jo nuosavybe iki visi\u0161ko apmok\u0117jimo.<\/p>\n<p>\u00a7 4 Mok\u0117jimo terminas <strong> Pirkimo kaina turi b\u016bti sumok\u0117ta sudarius sutart\u012f.<\/strong><\/p>\n<p>\u00a7 <strong>5 Garantija<\/strong> (1) Jei toliau nenurodyta kitaip, kliento garantines teises reglamentuoja bendrosios \u012fstatym\u0173 nuostatos.<br \/>\n\u0160i\u0173 Bendr\u0173j\u0173 s\u0105lyg\u0173 6 straipsnio nuostata taikoma kliento pretenzijoms d\u0117l \u017ealos atlyginimo paslaug\u0173 teik\u0117jui. <br \/>(2) Teis\u0117s \u012f garantij\u0105 skiriasi priklausomai nuo to, ar klientas yra vartotojas, ar ne.<br \/>\nVartotojas yra bet kuris fizinis asmuo, sudarantis teisin\u012f sandor\u012f tikslu, kuris negali b\u016bti priskiriamas jo komercinei ar savaranki\u0161kai profesinei veiklai. <br \/>(3) Naujai pagamintoms prek\u0117ms, skirtoms vartotojams, taikomas 2 met\u0173 garantini\u0173 pretenzij\u0173 senaties terminas.<br \/>\nVerslininkams senaties terminas yra 2 metai naujai pagamintoms prek\u0117ms ir 2 metai naudotoms prek\u0117ms. <br \/>(4) Teik\u0117jas nedeklaruoja garantijos.<\/p>\n<p>\u00a7 <strong>6 Atsakomyb\u0117s netaikymas<\/strong> (1) Klientui pretenzijos d\u0117l \u017ealos atlyginimo netaikomos, nebent toliau nurodyta kitaip.<br \/>\nAuk\u0161\u010diau nurodytas atsakomyb\u0117s netaikymas taip pat taikomas paslaug\u0173 teik\u0117jo teisiniams atstovams ir \u012fgaliotiems atstovams, jei klientas jiems parei\u0161kia pretenzijas. <br \/>(2) 1 dalyje numatytas atsakomyb\u0117s netaikymas netaikomas reikalavimams d\u0117l \u017ealos, patirtos d\u0117l gyvyb\u0117s, k\u016bno su\u017ealojimo ar sveikatos su\u017ealojimo, ir reikalavimams d\u0117l \u017ealos, atsiradusios d\u0117l esmini\u0173 sutartini\u0173 \u012fsipareigojim\u0173 nevykdymo.<br \/>\nEsmin\u0117s sutartin\u0117s prievol\u0117s yra tokios, kuri\u0173 \u012fvykdymas yra b\u016btinas sutarties tikslui pasiekti, pavyzd\u017eiui, tiek\u0117jas privalo perduoti u\u017esakovui daikt\u0105 be esmini\u0173 tr\u016bkum\u0173 ir nuosavyb\u0117s teis\u0117s tr\u016bkum\u0173 ir \u012fgyti nuosavyb\u0117s teis\u0119 \u012f j\u012f.<br \/>\nAtsakomyb\u0117 taip pat netaikoma atsakomybei u\u017e \u017eal\u0105, atsiradusi\u0105 d\u0117l tiek\u0117jo, jo teisini\u0173 atstov\u0173 ar \u012fgaliot\u0173j\u0173 atstov\u0173 ty\u010dinio ar didelio neatsargumo pareig\u0173 pa\u017eeidimo.  <br \/>(3) Vokietijos atsakomyb\u0117s u\u017e gaminius \u012fstatymo (ProdHaftG) nuostatos lieka nepakeistos.<\/p>\n<p>\u00a7 <strong>7 Teis\u0117s pasirinkimas ir jurisdikcijos vieta<\/strong> (1) Paslaug\u0173 teik\u0117jo ir kliento sutartiniams santykiams taikoma Vokietijos Federacin\u0117s Respublikos teis\u0117.<br \/>\n\u0160iai pasirinktai teisei netaikomos \u0161alies, kurioje yra kliento nuolatin\u0117 gyvenamoji vieta, privalomos vartotoj\u0173 apsaugos taisykl\u0117s.<br \/>\nJT konvencijos d\u0117l tarptautinio preki\u0173 pirkimo-pardavimo sutar\u010di\u0173 taikymas netaikomas.  <br \/>(2) Vis\u0173 gin\u010d\u0173, kylan\u010di\u0173 i\u0161 kliento ir paslaug\u0173 teik\u0117jo sutartini\u0173 santyki\u0173, jurisdikcijos vieta yra paslaug\u0173 teik\u0117jo registruota buvein\u0117, jeigu klientas yra prekybininkas, vie\u0161osios teis\u0117s juridinis asmuo arba vie\u0161osios teis\u0117s specialusis fondas.<\/p>\n<p>\u00a7 <strong>8<\/strong> straipsnis <strong>I\u0161lyga d\u0117l atskirumo<\/strong> (1) \u0160iose Bendrosiose s\u0105lygose i\u0161d\u0117stytos visos sutarties \u0161ali\u0173 teis\u0117s ir pareigos. (2) Sutarties kalba yra vokie\u010di\u0173 kalba. (3) Jei viena ar kelios \u0161i\u0173 Bendr\u0173j\u0173 s\u0105lyg\u0173 nuostatos negalioja arba tampa negaliojan\u010diomis arba turi sprag\u0173, sutarties \u0161alys \u012fsipareigoja prad\u0117ti derybas, siekdamos pakeisti arba papildyti negaliojan\u010di\u0105 arba nei\u0161sami\u0105 nuostat\u0105 atitinkamu atskiru susitarimu, kuris kiek \u012fmanoma labiau atitikt\u0173 numatomos nuostatos ekonomin\u0119 paskirt\u012f.<br \/>\nKit\u0173 nuostat\u0173 galiojimui tai neturi \u012ftakos. <\/p>\n<p>[\/et_pb_text][\/et_pb_column][\/et_pb_row][\/et_pb_section]<\/p>\n","protected":false},"excerpt":{"rendered":"<p>GTC \u00a7 1 Taikymo sritis ir gynybin\u0117 i\u0161lyga (1) \u0160ios Bendrosios s\u0105lygos, kuri\u0173 atitinkama redakcija galioja u\u017esakymo pateikimo metu, taikomos tik teisiniams santykiams tarp parduotuv\u0117s operatoriaus (toliau &#8211; Teik\u0117jas) ir jo klient\u0173, susiklos\u010diusiems per \u0161i\u0105 internetin\u0119 parduotuv\u0119. (2) Nuo kliento nukrypstan\u010dios Bendrosios s\u0105lygos tampa sutarties dalimi tik tuo atveju, jei Teik\u0117jas ai\u0161kiai sutinka, kad jos [&hellip;]<\/p>\n","protected":false},"author":1,"featured_media":0,"parent":0,"menu_order":0,"comment_status":"closed","ping_status":"closed","template":"","meta":{"_et_pb_use_builder":"on","_et_pb_old_content":"","_et_gb_content_width":"","iawp_total_views":1,"footnotes":""},"dipi_cpt_category":[],"class_list":["post-25548250","page","type-page","status-publish","hentry"],"yoast_head":"<!-- This site is optimized with the Yoast SEO plugin v27.4 - https:\/\/yoast.com\/product\/yoast-seo-wordpress\/ -->\n<title>GTC - DaRi System<\/title>\n<meta name=\"robots\" content=\"index, follow, max-snippet:-1, max-image-preview:large, max-video-preview:-1\" \/>\n<link rel=\"canonical\" href=\"https:\/\/dari-system.com\/lt\/gtc\/\" \/>\n<meta property=\"og:locale\" content=\"lt_LT\" \/>\n<meta property=\"og:type\" content=\"article\" \/>\n<meta property=\"og:title\" content=\"GTC - DaRi System\" \/>\n<meta property=\"og:description\" content=\"GTC \u00a7 1 Taikymo sritis ir gynybin\u0117 i\u0161lyga (1) \u0160ios Bendrosios s\u0105lygos, kuri\u0173 atitinkama redakcija galioja u\u017esakymo pateikimo metu, taikomos tik teisiniams santykiams tarp parduotuv\u0117s operatoriaus (toliau - Teik\u0117jas) ir jo klient\u0173, susiklos\u010diusiems per \u0161i\u0105 internetin\u0119 parduotuv\u0119. (2) Nuo kliento nukrypstan\u010dios Bendrosios s\u0105lygos tampa sutarties dalimi tik tuo atveju, jei Teik\u0117jas ai\u0161kiai sutinka, kad jos [&hellip;]\" \/>\n<meta property=\"og:url\" content=\"https:\/\/dari-system.com\/lt\/gtc\/\" \/>\n<meta property=\"og:site_name\" content=\"DaRi System\" \/>\n<meta property=\"article:modified_time\" content=\"2024-08-20T10:28:30+00:00\" \/>\n<meta name=\"twitter:card\" content=\"summary_large_image\" \/>\n<meta name=\"twitter:label1\" content=\"Est. reading time\" \/>\n\t<meta name=\"twitter:data1\" content=\"4 minut\u0117s\" \/>\n<script type=\"application\/ld+json\" class=\"yoast-schema-graph\">{\"@context\":\"https:\\\/\\\/schema.org\",\"@graph\":[{\"@type\":\"WebPage\",\"@id\":\"https:\\\/\\\/dari-system.com\\\/lt\\\/gtc\\\/\",\"url\":\"https:\\\/\\\/dari-system.com\\\/lt\\\/gtc\\\/\",\"name\":\"GTC - DaRi System\",\"isPartOf\":{\"@id\":\"https:\\\/\\\/dari-system.com\\\/lt\\\/#website\"},\"datePublished\":\"2024-05-23T13:32:49+00:00\",\"dateModified\":\"2024-08-20T10:28:30+00:00\",\"breadcrumb\":{\"@id\":\"https:\\\/\\\/dari-system.com\\\/lt\\\/gtc\\\/#breadcrumb\"},\"inLanguage\":\"lt-LT\",\"potentialAction\":[{\"@type\":\"ReadAction\",\"target\":[\"https:\\\/\\\/dari-system.com\\\/lt\\\/gtc\\\/\"]}]},{\"@type\":\"BreadcrumbList\",\"@id\":\"https:\\\/\\\/dari-system.com\\\/lt\\\/gtc\\\/#breadcrumb\",\"itemListElement\":[{\"@type\":\"ListItem\",\"position\":1,\"name\":\"Startseite\",\"item\":\"https:\\\/\\\/dari-system.com\\\/lt\\\/\"},{\"@type\":\"ListItem\",\"position\":2,\"name\":\"GTC\"}]},{\"@type\":\"WebSite\",\"@id\":\"https:\\\/\\\/dari-system.com\\\/lt\\\/#website\",\"url\":\"https:\\\/\\\/dari-system.com\\\/lt\\\/\",\"name\":\"DaRi System\",\"description\":\"\",\"potentialAction\":[{\"@type\":\"SearchAction\",\"target\":{\"@type\":\"EntryPoint\",\"urlTemplate\":\"https:\\\/\\\/dari-system.com\\\/lt\\\/?s={search_term_string}\"},\"query-input\":{\"@type\":\"PropertyValueSpecification\",\"valueRequired\":true,\"valueName\":\"search_term_string\"}}],\"inLanguage\":\"lt-LT\"}]}<\/script>\n<!-- \/ Yoast SEO plugin. -->","yoast_head_json":{"title":"GTC - DaRi System","robots":{"index":"index","follow":"follow","max-snippet":"max-snippet:-1","max-image-preview":"max-image-preview:large","max-video-preview":"max-video-preview:-1"},"canonical":"https:\/\/dari-system.com\/lt\/gtc\/","og_locale":"lt_LT","og_type":"article","og_title":"GTC - DaRi System","og_description":"GTC \u00a7 1 Taikymo sritis ir gynybin\u0117 i\u0161lyga (1) \u0160ios Bendrosios s\u0105lygos, kuri\u0173 atitinkama redakcija galioja u\u017esakymo pateikimo metu, taikomos tik teisiniams santykiams tarp parduotuv\u0117s operatoriaus (toliau - Teik\u0117jas) ir jo klient\u0173, susiklos\u010diusiems per \u0161i\u0105 internetin\u0119 parduotuv\u0119. (2) Nuo kliento nukrypstan\u010dios Bendrosios s\u0105lygos tampa sutarties dalimi tik tuo atveju, jei Teik\u0117jas ai\u0161kiai sutinka, kad jos [&hellip;]","og_url":"https:\/\/dari-system.com\/lt\/gtc\/","og_site_name":"DaRi System","article_modified_time":"2024-08-20T10:28:30+00:00","twitter_card":"summary_large_image","twitter_misc":{"Est. reading time":"4 minut\u0117s"},"schema":{"@context":"https:\/\/schema.org","@graph":[{"@type":"WebPage","@id":"https:\/\/dari-system.com\/lt\/gtc\/","url":"https:\/\/dari-system.com\/lt\/gtc\/","name":"GTC - DaRi System","isPartOf":{"@id":"https:\/\/dari-system.com\/lt\/#website"},"datePublished":"2024-05-23T13:32:49+00:00","dateModified":"2024-08-20T10:28:30+00:00","breadcrumb":{"@id":"https:\/\/dari-system.com\/lt\/gtc\/#breadcrumb"},"inLanguage":"lt-LT","potentialAction":[{"@type":"ReadAction","target":["https:\/\/dari-system.com\/lt\/gtc\/"]}]},{"@type":"BreadcrumbList","@id":"https:\/\/dari-system.com\/lt\/gtc\/#breadcrumb","itemListElement":[{"@type":"ListItem","position":1,"name":"Startseite","item":"https:\/\/dari-system.com\/lt\/"},{"@type":"ListItem","position":2,"name":"GTC"}]},{"@type":"WebSite","@id":"https:\/\/dari-system.com\/lt\/#website","url":"https:\/\/dari-system.com\/lt\/","name":"DaRi System","description":"","potentialAction":[{"@type":"SearchAction","target":{"@type":"EntryPoint","urlTemplate":"https:\/\/dari-system.com\/lt\/?s={search_term_string}"},"query-input":{"@type":"PropertyValueSpecification","valueRequired":true,"valueName":"search_term_string"}}],"inLanguage":"lt-LT"}]}},"_links":{"self":[{"href":"https:\/\/dari-system.com\/lt\/wp-json\/wp\/v2\/pages\/25548250","targetHints":{"allow":["GET"]}}],"collection":[{"href":"https:\/\/dari-system.com\/lt\/wp-json\/wp\/v2\/pages"}],"about":[{"href":"https:\/\/dari-system.com\/lt\/wp-json\/wp\/v2\/types\/page"}],"author":[{"embeddable":true,"href":"https:\/\/dari-system.com\/lt\/wp-json\/wp\/v2\/users\/1"}],"replies":[{"embeddable":true,"href":"https:\/\/dari-system.com\/lt\/wp-json\/wp\/v2\/comments?post=25548250"}],"version-history":[{"count":10,"href":"https:\/\/dari-system.com\/lt\/wp-json\/wp\/v2\/pages\/25548250\/revisions"}],"predecessor-version":[{"id":25548291,"href":"https:\/\/dari-system.com\/lt\/wp-json\/wp\/v2\/pages\/25548250\/revisions\/25548291"}],"wp:attachment":[{"href":"https:\/\/dari-system.com\/lt\/wp-json\/wp\/v2\/media?parent=25548250"}],"wp:term":[{"taxonomy":"dipi_cpt_category","embeddable":true,"href":"https:\/\/dari-system.com\/lt\/wp-json\/wp\/v2\/dipi_cpt_category?post=25548250"}],"curies":[{"name":"wp","href":"https:\/\/api.w.org\/{rel}","templated":true}]}}