{"id":25548239,"date":"2024-05-23T13:32:49","date_gmt":"2024-05-23T13:32:49","guid":{"rendered":"https:\/\/dari-system.com\/mokejimo-budai\/"},"modified":"2024-05-23T13:32:49","modified_gmt":"2024-05-23T13:32:49","slug":"mokejimo-budai","status":"publish","type":"page","link":"https:\/\/dari-system.com\/lt\/mokejimo-budai\/","title":{"rendered":"Mok\u0117jimo b\u016bdai"},"content":{"rendered":"<div class=\"woocommerce woocommerce-gzd\">\n\t<ul class=\"payment_methods methods\">\n\t\t\t\t\t<li class=\"payment_method_ppcp-gateway\">\n\t\t\t\t<label>PayPal<\/label>\n\t\t\t\t\t\t\t\t\t<div class=\"payment_box payment_method_ppcp-gateway\">\n\t\t\t\t\t\t<p>PayPal<\/p>\n\t\t\t\t\t<\/div>\n\t\t\t\t\t\t\t<\/li>\n\t\t\t\t\t<li class=\"payment_method_bacs\">\n\t\t\t\t<label>I\u0161ankstinis mok\u0117jimas<\/label>\n\t\t\t\t\t\t\t\t\t<div class=\"payment_box payment_method_bacs\">\n\t\t\t\t\t\t<p>Perveskite tiesiogiai \u012f m\u016bs\u0173 banko s\u0105skait\u0105.\nKaip mok\u0117jimo prie\u017east\u012f nurodykite u\u017esakymo numer\u012f.\nJ\u016bs\u0173 u\u017esakymas nebus i\u0161si\u0173stas, kol negausime pinig\u0173 \u012f savo s\u0105skait\u0105.  <\/p>\n\t\t\t\t\t<\/div>\n\t\t\t\t\t\t\t<\/li>\n\t\t\t<\/ul>\n<\/div>\n","protected":false},"excerpt":{"rendered":"","protected":false},"author":1,"featured_media":0,"parent":0,"menu_order":0,"comment_status":"closed","ping_status":"closed","template":"","meta":{"_et_pb_use_builder":"","_et_pb_old_content":"","_et_gb_content_width":"","iawp_total_views":0,"footnotes":""},"dipi_cpt_category":[],"class_list":["post-25548239","page","type-page","status-publish","hentry"],"yoast_head":"<!-- This site is optimized with the Yoast SEO plugin v27.4 - https:\/\/yoast.com\/product\/yoast-seo-wordpress\/ -->\n<title>Mok\u0117jimo b\u016bdai - DaRi System<\/title>\n<meta name=\"robots\" content=\"index, follow, max-snippet:-1, max-image-preview:large, max-video-preview:-1\" \/>\n<link rel=\"canonical\" href=\"https:\/\/dari-system.com\/lt\/mokejimo-budai\/\" \/>\n<meta property=\"og:locale\" content=\"lt_LT\" \/>\n<meta property=\"og:type\" content=\"article\" \/>\n<meta property=\"og:title\" content=\"Mok\u0117jimo b\u016bdai - DaRi System\" \/>\n<meta property=\"og:url\" content=\"https:\/\/dari-system.com\/lt\/mokejimo-budai\/\" \/>\n<meta property=\"og:site_name\" content=\"DaRi System\" \/>\n<meta name=\"twitter:card\" content=\"summary_large_image\" \/>\n<script type=\"application\/ld+json\" class=\"yoast-schema-graph\">{\"@context\":\"https:\\\/\\\/schema.org\",\"@graph\":[{\"@type\":\"WebPage\",\"@id\":\"https:\\\/\\\/dari-system.com\\\/lt\\\/mokejimo-budai\\\/\",\"url\":\"https:\\\/\\\/dari-system.com\\\/lt\\\/mokejimo-budai\\\/\",\"name\":\"Mok\u0117jimo b\u016bdai - DaRi System\",\"isPartOf\":{\"@id\":\"https:\\\/\\\/dari-system.com\\\/lt\\\/#website\"},\"datePublished\":\"2024-05-23T13:32:49+00:00\",\"breadcrumb\":{\"@id\":\"https:\\\/\\\/dari-system.com\\\/lt\\\/mokejimo-budai\\\/#breadcrumb\"},\"inLanguage\":\"lt-LT\",\"potentialAction\":[{\"@type\":\"ReadAction\",\"target\":[\"https:\\\/\\\/dari-system.com\\\/lt\\\/mokejimo-budai\\\/\"]}]},{\"@type\":\"BreadcrumbList\",\"@id\":\"https:\\\/\\\/dari-system.com\\\/lt\\\/mokejimo-budai\\\/#breadcrumb\",\"itemListElement\":[{\"@type\":\"ListItem\",\"position\":1,\"name\":\"Startseite\",\"item\":\"https:\\\/\\\/dari-system.com\\\/lt\\\/\"},{\"@type\":\"ListItem\",\"position\":2,\"name\":\"Mok\u0117jimo b\u016bdai\"}]},{\"@type\":\"WebSite\",\"@id\":\"https:\\\/\\\/dari-system.com\\\/lt\\\/#website\",\"url\":\"https:\\\/\\\/dari-system.com\\\/lt\\\/\",\"name\":\"DaRi System\",\"description\":\"\",\"potentialAction\":[{\"@type\":\"SearchAction\",\"target\":{\"@type\":\"EntryPoint\",\"urlTemplate\":\"https:\\\/\\\/dari-system.com\\\/lt\\\/?s={search_term_string}\"},\"query-input\":{\"@type\":\"PropertyValueSpecification\",\"valueRequired\":true,\"valueName\":\"search_term_string\"}}],\"inLanguage\":\"lt-LT\"}]}<\/script>\n<!-- \/ Yoast SEO plugin. -->","yoast_head_json":{"title":"Mok\u0117jimo b\u016bdai - DaRi System","robots":{"index":"index","follow":"follow","max-snippet":"max-snippet:-1","max-image-preview":"max-image-preview:large","max-video-preview":"max-video-preview:-1"},"canonical":"https:\/\/dari-system.com\/lt\/mokejimo-budai\/","og_locale":"lt_LT","og_type":"article","og_title":"Mok\u0117jimo b\u016bdai - DaRi System","og_url":"https:\/\/dari-system.com\/lt\/mokejimo-budai\/","og_site_name":"DaRi System","twitter_card":"summary_large_image","schema":{"@context":"https:\/\/schema.org","@graph":[{"@type":"WebPage","@id":"https:\/\/dari-system.com\/lt\/mokejimo-budai\/","url":"https:\/\/dari-system.com\/lt\/mokejimo-budai\/","name":"Mok\u0117jimo b\u016bdai - DaRi System","isPartOf":{"@id":"https:\/\/dari-system.com\/lt\/#website"},"datePublished":"2024-05-23T13:32:49+00:00","breadcrumb":{"@id":"https:\/\/dari-system.com\/lt\/mokejimo-budai\/#breadcrumb"},"inLanguage":"lt-LT","potentialAction":[{"@type":"ReadAction","target":["https:\/\/dari-system.com\/lt\/mokejimo-budai\/"]}]},{"@type":"BreadcrumbList","@id":"https:\/\/dari-system.com\/lt\/mokejimo-budai\/#breadcrumb","itemListElement":[{"@type":"ListItem","position":1,"name":"Startseite","item":"https:\/\/dari-system.com\/lt\/"},{"@type":"ListItem","position":2,"name":"Mok\u0117jimo b\u016bdai"}]},{"@type":"WebSite","@id":"https:\/\/dari-system.com\/lt\/#website","url":"https:\/\/dari-system.com\/lt\/","name":"DaRi System","description":"","potentialAction":[{"@type":"SearchAction","target":{"@type":"EntryPoint","urlTemplate":"https:\/\/dari-system.com\/lt\/?s={search_term_string}"},"query-input":{"@type":"PropertyValueSpecification","valueRequired":true,"valueName":"search_term_string"}}],"inLanguage":"lt-LT"}]}},"_links":{"self":[{"href":"https:\/\/dari-system.com\/lt\/wp-json\/wp\/v2\/pages\/25548239","targetHints":{"allow":["GET"]}}],"collection":[{"href":"https:\/\/dari-system.com\/lt\/wp-json\/wp\/v2\/pages"}],"about":[{"href":"https:\/\/dari-system.com\/lt\/wp-json\/wp\/v2\/types\/page"}],"author":[{"embeddable":true,"href":"https:\/\/dari-system.com\/lt\/wp-json\/wp\/v2\/users\/1"}],"replies":[{"embeddable":true,"href":"https:\/\/dari-system.com\/lt\/wp-json\/wp\/v2\/comments?post=25548239"}],"version-history":[{"count":0,"href":"https:\/\/dari-system.com\/lt\/wp-json\/wp\/v2\/pages\/25548239\/revisions"}],"wp:attachment":[{"href":"https:\/\/dari-system.com\/lt\/wp-json\/wp\/v2\/media?parent=25548239"}],"wp:term":[{"taxonomy":"dipi_cpt_category","embeddable":true,"href":"https:\/\/dari-system.com\/lt\/wp-json\/wp\/v2\/dipi_cpt_category?post=25548239"}],"curies":[{"name":"wp","href":"https:\/\/api.w.org\/{rel}","templated":true}]}}