{"id":25548160,"date":"2024-05-29T09:26:04","date_gmt":"2024-05-29T09:26:04","guid":{"rendered":"https:\/\/dari-system.com\/apie-mus\/"},"modified":"2024-08-20T10:26:36","modified_gmt":"2024-08-20T10:26:36","slug":"apie-mus","status":"publish","type":"page","link":"https:\/\/dari-system.com\/lt\/apie-mus\/","title":{"rendered":"Apie mus"},"content":{"rendered":"<p>[et_pb_section fb_built=&#8221;1&#8243; fullwidth=&#8221;on&#8221; _builder_version=&#8221;4.25.0&#8243; _module_preset=&#8221;default&#8221; bottom_divider_color=&#8221;#FFFFFF&#8221; bottom_divider_height=&#8221;82px&#8221; bottom_divider_flip=&#8221;horizontal&#8221; locked=&#8221;off&#8221; global_colors_info=&#8221;{}&#8221;][et_pb_fullwidth_header title=&#8221;Apie mus&#8221; _builder_version=&#8221;4.25.0&#8243; _module_preset=&#8221;default&#8221; title_font=&#8221;|800|||||||&#8221; title_font_size=&#8221;45px&#8221; background_image=&#8221;https:\/\/dari-system.com\/wp-content\/uploads\/2024\/05\/header_background.webp&#8221; background_position=&#8221;bottom_center&#8221; custom_padding=&#8221;8vh||8vh||true|false&#8221; title_font_size_tablet=&#8221;45px&#8221; title_font_size_phone=&#8221;29px&#8221; title_font_size_last_edited=&#8221;on|phone&#8221; content_font_size_tablet=&#8221;&#8221; content_font_size_phone=&#8221;17px&#8221; content_font_size_last_edited=&#8221;on|phone&#8221; global_colors_info=&#8221;{}&#8221;]<\/p>\n<p>Kelias \u012f tobul\u0105 &#8222;DaRi&#8221; sistem\u0105<\/p>\n<p>[\/et_pb_fullwidth_header][\/et_pb_section][et_pb_section fb_built=&#8221;1&#8243; _builder_version=&#8221;4.25.0&#8243; _module_preset=&#8221;default&#8221; global_colors_info=&#8221;{}&#8221;][et_pb_row column_structure=&#8221;2_3,1_3&#8243; make_equal=&#8221;on&#8221; _builder_version=&#8221;4.25.0&#8243; _module_preset=&#8221;default&#8221; custom_margin=&#8221;||0px||false|false&#8221; custom_padding=&#8221;||0px||false|false&#8221; global_colors_info=&#8221;{}&#8221;][et_pb_column type=&#8221;2_3&#8243; _builder_version=&#8221;4.25.0&#8243; _module_preset=&#8221;default&#8221; custom_css_main_element=&#8221;margin: auto;&#8221; global_colors_info=&#8221;{}&#8221;][et_pb_text _builder_version=&#8221;4.25.0&#8243; _module_preset=&#8221;default&#8221; global_colors_info=&#8221;{}&#8221;]<\/p>\n<p>Prie\u0161ais m\u016bs\u0173 nam\u0105 auga didelis klevas, o u\u017e namo &#8211; dvi did\u017eiul\u0117s liepos.<br \/>\nKelis kartus per metus tur\u0117davau lipti kop\u0117\u010diomis, kad i\u0161valy\u010diau latakus.<br \/>\nMan visada reik\u0117davo mil\u017eini\u0161k\u0173 pastang\u0173, kad gal\u0117\u010diau pakilti ir i\u0161ne\u0161ti kop\u0117\u010dias i\u0161 gara\u017eo.<br \/>\n\u0160\u012f nemalon\u0173 darb\u0105 atid\u0117liodavau i\u0161 savaitgalio \u012f savaitgal\u012f.<br \/>\nMa\u017edaug prie\u0161 20 met\u0173 v\u0117l pilnas susierzinimo stov\u0117jau ant kop\u0117\u010di\u0173, kad i\u0161valy\u010diau latak\u0105 nuo lap\u0173, kai apa\u010dioje atsistojo mano a\u0161tuonmet\u0117 dukra ir \u0117m\u0117 verkti: &#8222;T\u0117ti, nusileisk, &#8211; \u0161auk\u0117 ji, &#8211; bijau, kad tu ten nukrisi&#8221;.    <\/p>\n<p>&nbsp;<\/p>\n<p>Kai baigiau, nu\u0117jau \u012f statybini\u0173 preki\u0173 parduotuv\u0119 ir nusipirkau \u012fvairi\u0173 latak\u0173 apsaugos sistem\u0173.<br \/>\nDeja, n\u0117 viena i\u0161 j\u0173 neatliko savo funkcijos. <\/p>\n<p>[\/et_pb_text][\/et_pb_column][et_pb_column type=&#8221;1_3&#8243; _builder_version=&#8221;4.25.0&#8243; _module_preset=&#8221;default&#8221; custom_css_main_element=&#8221;mrgin:auto;&#8221; global_colors_info=&#8221;{}&#8221;][et_pb_image src=&#8221;https:\/\/dari-system.com\/wp-content\/uploads\/2024\/06\/eckhard_jentsch_03.webp&#8221; _builder_version=&#8221;4.25.0&#8243; _module_preset=&#8221;default&#8221; custom_margin=&#8221;||0px||false|false&#8221; custom_margin_tablet=&#8221;||0px||false|false&#8221; custom_margin_phone=&#8221;35px||0px||false|false&#8221; custom_margin_last_edited=&#8221;on|phone&#8221; hover_enabled=&#8221;0&#8243; global_colors_info=&#8221;{}&#8221; alt=&#8221;Eckhardas Jentschas&#8221; title_text=&#8221;eckhard_jentsch_03&#8243; sticky_enabled=&#8221;0&#8243;][\/et_pb_image][et_pb_text _builder_version=&#8221;4.25.0&#8243; _module_preset=&#8221;default&#8221; text_font_size=&#8221;12px&#8221; custom_margin=&#8221;||0px||false|false&#8221; custom_padding=&#8221;||0px||false|false&#8221; global_colors_info=&#8221;{}&#8221;]<\/p>\n<p style=\"text-align: center;\"><em>Eckhardas Jentschas | DaRi-System \u012fk\u016br\u0117jas<\/em><\/p>\n<p>[\/et_pb_text][\/et_pb_column][\/et_pb_row][et_pb_row _builder_version=&#8221;4.25.0&#8243; _module_preset=&#8221;default&#8221; global_colors_info=&#8221;{}&#8221;][et_pb_column type=&#8221;4_4&#8243; _builder_version=&#8221;4.25.0&#8243; _module_preset=&#8221;default&#8221; global_colors_info=&#8221;{}&#8221;][et_pb_text _builder_version=&#8221;4.25.0&#8243; _module_preset=&#8221;default&#8221; hover_enabled=&#8221;0&#8243; global_colors_info=&#8221;{}&#8221; sticky_enabled=&#8221;0&#8243;]<\/p>\n<p>Tada kreipiausi \u012f skardinink\u0105 ir stogdeng\u012f ir paklausiau, koki\u0105 apsaugos nuo lap\u0173 sistem\u0105 jie rekomenduot\u0173.<br \/>\nBuvo atsakyta, kad tikrai geros apsaugos nuo lap\u0173 sistemos n\u0117ra ir kad kaip nam\u0173 savininkas turite susitaikyti su tuo, kad latakus reikia reguliariai valyti. <\/p>\n<p>Buvau bevilti\u0161kai nusimin\u0119s ir pagalvojau: &#8222;Tai tikrai negali b\u016bti teisinga; ar tikrai ne\u012fmanoma i\u0161spr\u0119sti problemos patenkinamai? I\u0161band\u017eiau tiek daug skirting\u0173 sistem\u0173 ir n\u0117 viena i\u0161 j\u0173 nebuvo tikrai gera&#8221;.<\/p>\n<p>Tada sub\u016briau dizainerius, technikus, in\u017einierius, mechanikus, stogdengius ir santechnikus, sus\u0117dome prie didelio stalo ir pirmiausia nustat\u0117me kriterijus, kuriuos tur\u0117t\u0173 atitikti labai gera latak\u0173 apsaugos sistema:<\/p>\n<p>[\/et_pb_text][\/et_pb_column][\/et_pb_row][\/et_pb_section][et_pb_section fb_built=&#8221;1&#8243; _builder_version=&#8221;4.25.0&#8243; _module_preset=&#8221;default&#8221; custom_padding=&#8221;0px||0px||false|false&#8221; global_colors_info=&#8221;{}&#8221;][et_pb_row _builder_version=&#8221;4.25.0&#8243; _module_preset=&#8221;default&#8221; background_color=&#8221;#f4bd8d&#8221; width_tablet=&#8221;&#8221; width_phone=&#8221;100%&#8221; width_last_edited=&#8221;on|phone&#8221; custom_margin=&#8221;0px||0px||true|false&#8221; custom_padding=&#8221;21px|27px|21px|27px|true|true&#8221; global_colors_info=&#8221;{}&#8221; width__hover_enabled=&#8221;on|desktop&#8221;][et_pb_column type=&#8221;4_4&#8243; _builder_version=&#8221;4.25.0&#8243; _module_preset=&#8221;default&#8221; global_colors_info=&#8221;{}&#8221;][et_pb_blurb image=&#8221;https:\/\/dari-system.com\/wp-content\/uploads\/2024\/06\/arrow.webp&#8221; alt=&#8221;Patikrinkite&#8221; icon_placement=&#8221;left&#8221; content_max_width=&#8221;100%&#8221; _builder_version=&#8221;4.25.0&#8243; _module_preset=&#8221;default&#8221; custom_margin=&#8221;||15px||false|false&#8221; global_colors_info=&#8221;{}&#8221;]<\/p>\n<p><strong>Turi b\u016bti \u012fmanoma j\u012f montuoti latakuose su karnizo apvadu ir be jo<\/strong><\/p>\n<p>[\/et_pb_blurb][et_pb_blurb image=&#8221;https:\/\/dari-system.com\/wp-content\/uploads\/2024\/06\/arrow.webp&#8221; alt=&#8221;Patikrinkite&#8221; icon_placement=&#8221;left&#8221; content_max_width=&#8221;100%&#8221; _builder_version=&#8221;4.25.0&#8243; _module_preset=&#8221;default&#8221; custom_margin=&#8221;||15px||false|false&#8221; global_colors_info=&#8221;{}&#8221;]<\/p>\n<p><strong>Jame turi b\u016bti didelis atviras plotas, kad lietaus vanduo lengvai nutek\u0117t\u0173.<\/strong><\/p>\n<p>[\/et_pb_blurb][et_pb_blurb image=&#8221;https:\/\/dari-system.com\/wp-content\/uploads\/2024\/06\/arrow.webp&#8221; alt=&#8221;Patikrinkite&#8221; icon_placement=&#8221;left&#8221; content_max_width=&#8221;100%&#8221; _builder_version=&#8221;4.25.0&#8243; _module_preset=&#8221;default&#8221; custom_margin=&#8221;||15px||false|false&#8221; global_colors_info=&#8221;{}&#8221;]<\/p>\n<p><strong>Skyl\u0117s dydis neturi b\u016bti toks didelis, kad pro j\u0105 patekt\u0173 liep\u0173, klev\u0173 ir kt. med\u017ei\u0173 s\u0117klos.<\/strong><\/p>\n<p>[\/et_pb_blurb][et_pb_blurb image=&#8221;https:\/\/dari-system.com\/wp-content\/uploads\/2024\/06\/arrow.webp&#8221; alt=&#8221;Patikrinkite&#8221; icon_placement=&#8221;left&#8221; content_max_width=&#8221;100%&#8221; _builder_version=&#8221;4.25.0&#8243; _module_preset=&#8221;default&#8221; custom_margin=&#8221;||15px||false|false&#8221; global_colors_info=&#8221;{}&#8221;]<\/p>\n<p><strong>Skyl\u0117s neturi b\u016bti per ma\u017eos, kad greitai u\u017esikim\u0161t\u0173.<\/strong><\/p>\n<p>[\/et_pb_blurb][et_pb_blurb image=&#8221;https:\/\/dari-system.com\/wp-content\/uploads\/2024\/06\/arrow.webp&#8221; alt=&#8221;Patikrinkite&#8221; icon_placement=&#8221;left&#8221; content_max_width=&#8221;100%&#8221; _builder_version=&#8221;4.25.0&#8243; _module_preset=&#8221;default&#8221; custom_margin=&#8221;||15px||false|false&#8221; global_colors_info=&#8221;{}&#8221;]<\/p>\n<p><strong>Skyl\u0117s turi b\u016bti tokios formos, kad lietaus vanduo greitai patekt\u0173 \u012f jas.<\/strong><\/p>\n<p>[\/et_pb_blurb][et_pb_blurb image=&#8221;https:\/\/dari-system.com\/wp-content\/uploads\/2024\/06\/arrow.webp&#8221; alt=&#8221;Patikrinkite&#8221; icon_placement=&#8221;left&#8221; content_max_width=&#8221;100%&#8221; _builder_version=&#8221;4.25.0&#8243; _module_preset=&#8221;default&#8221; custom_margin=&#8221;||15px||false|false&#8221; global_colors_info=&#8221;{}&#8221;]<\/p>\n<p><strong>Pavir\u0161ius turi b\u016bti lygus, kad ne\u012fsipainiot\u0173 lapai.<\/strong><\/p>\n<p>[\/et_pb_blurb][et_pb_blurb image=&#8221;https:\/\/dari-system.com\/wp-content\/uploads\/2024\/06\/arrow.webp&#8221; alt=&#8221;Patikrinkite&#8221; icon_placement=&#8221;left&#8221; content_max_width=&#8221;100%&#8221; _builder_version=&#8221;4.25.0&#8243; _module_preset=&#8221;default&#8221; custom_margin=&#8221;||15px||false|false&#8221; global_colors_info=&#8221;{}&#8221;]<\/p>\n<p><strong>J\u012f turi b\u016bti lengva \u012fdiegti be joki\u0173 \u012franki\u0173<\/strong><\/p>\n<p>[\/et_pb_blurb][et_pb_blurb image=&#8221;https:\/\/dari-system.com\/wp-content\/uploads\/2024\/06\/arrow.webp&#8221; alt=&#8221;Patikrinkite&#8221; icon_placement=&#8221;left&#8221; content_max_width=&#8221;100%&#8221; _builder_version=&#8221;4.25.0&#8243; _module_preset=&#8221;default&#8221; custom_margin=&#8221;||15px||false|false&#8221; global_colors_info=&#8221;{}&#8221;]<\/p>\n<p><strong>J\u012f turi b\u016bti lengva nuimti<\/strong><\/p>\n<p>[\/et_pb_blurb][et_pb_blurb image=&#8221;https:\/\/dari-system.com\/wp-content\/uploads\/2024\/06\/arrow.webp&#8221; alt=&#8221;Patikrinkite&#8221; icon_placement=&#8221;left&#8221; content_max_width=&#8221;100%&#8221; _builder_version=&#8221;4.25.0&#8243; _module_preset=&#8221;default&#8221; custom_margin=&#8221;||15px||false|false&#8221; global_colors_info=&#8221;{}&#8221;]<\/p>\n<p><strong>Jis turi b\u016bti tvirtai pritvirtintas prie latako, kad pu\u010diant stipriam v\u0117jui nenukrist\u0173.<\/strong><\/p>\n<p>[\/et_pb_blurb][et_pb_blurb image=&#8221;https:\/\/dari-system.com\/wp-content\/uploads\/2024\/06\/arrow.webp&#8221; alt=&#8221;Patikrinkite&#8221; icon_placement=&#8221;left&#8221; content_max_width=&#8221;100%&#8221; _builder_version=&#8221;4.25.0&#8243; _module_preset=&#8221;default&#8221; custom_margin=&#8221;||15px||false|false&#8221; global_colors_info=&#8221;{}&#8221;]<\/p>\n<p><strong>Jis turi b\u016bti vir\u0161 latako, kad lapai b\u016bt\u0173 lengvai nupu\u010diami.<\/strong><\/p>\n<p>[\/et_pb_blurb][et_pb_blurb image=&#8221;https:\/\/dari-system.com\/wp-content\/uploads\/2024\/06\/arrow.webp&#8221; alt=&#8221;Patikrinkite&#8221; icon_placement=&#8221;left&#8221; content_max_width=&#8221;100%&#8221; _builder_version=&#8221;4.25.0&#8243; _module_preset=&#8221;default&#8221; custom_margin=&#8221;||15px||false|false&#8221; global_colors_info=&#8221;{}&#8221;]<\/p>\n<p><strong>Jis turi t\u0119stis iki priekinio kra\u0161to, kad neb\u016bt\u0173 joki\u0173 kli\u016b\u010di\u0173 \u017ealumai.<\/strong><\/p>\n<p>[\/et_pb_blurb][et_pb_blurb image=&#8221;https:\/\/dari-system.com\/wp-content\/uploads\/2024\/06\/arrow.webp&#8221; alt=&#8221;Patikrinkite&#8221; icon_placement=&#8221;left&#8221; content_max_width=&#8221;100%&#8221; _builder_version=&#8221;4.25.0&#8243; _module_preset=&#8221;default&#8221; custom_margin=&#8221;||15px||false|false&#8221; global_colors_info=&#8221;{}&#8221;]<\/p>\n<p><strong>Jis turi b\u016bti atsparus kar\u0161\u010diui, \u0161al\u010diui ir ultravioletiniams spinduliams.<\/strong><\/p>\n<p>[\/et_pb_blurb][et_pb_blurb image=&#8221;https:\/\/dari-system.com\/wp-content\/uploads\/2024\/06\/arrow.webp&#8221; alt=&#8221;Patikrinkite&#8221; icon_placement=&#8221;left&#8221; content_max_width=&#8221;100%&#8221; _builder_version=&#8221;4.25.0&#8243; _module_preset=&#8221;default&#8221; custom_margin=&#8221;||15px||false|false&#8221; global_colors_info=&#8221;{}&#8221;]<\/p>\n<p><strong>Jis turi b\u016bti nereikalaujantis prie\u017ei\u016bros<\/strong><\/p>\n<p>[\/et_pb_blurb][et_pb_blurb image=&#8221;https:\/\/dari-system.com\/wp-content\/uploads\/2024\/06\/arrow.webp&#8221; alt=&#8221;Patikrinkite&#8221; icon_placement=&#8221;left&#8221; content_max_width=&#8221;100%&#8221; _builder_version=&#8221;4.25.0&#8243; _module_preset=&#8221;default&#8221; custom_margin=&#8221;||15px||false|false&#8221; global_colors_info=&#8221;{}&#8221;]<\/p>\n<p><strong>Tur\u0117t\u0173 b\u016bti u\u017etikrinta, kad latakas nebeb\u016bt\u0173 u\u017ekim\u0161tas lapais.<\/strong><\/p>\n<p>[\/et_pb_blurb][\/et_pb_column][\/et_pb_row][\/et_pb_section][et_pb_section fb_built=&#8221;1&#8243; _builder_version=&#8221;4.25.0&#8243; _module_preset=&#8221;default&#8221; global_colors_info=&#8221;{}&#8221;][et_pb_row _builder_version=&#8221;4.25.0&#8243; _module_preset=&#8221;default&#8221; global_colors_info=&#8221;{}&#8221;][et_pb_column type=&#8221;4_4&#8243; _builder_version=&#8221;4.25.0&#8243; _module_preset=&#8221;default&#8221; global_colors_info=&#8221;{}&#8221;][et_pb_text _builder_version=&#8221;4.25.0&#8243; _module_preset=&#8221;default&#8221; global_colors_info=&#8221;{}&#8221;]<\/p>\n<p>Po daugyb\u0117s plan\u0173, br\u0117\u017eini\u0173, bandym\u0173 ir test\u0173 gim\u0117 &#8221; <strong>DaRi&#8221; sistema.<\/strong> &#8222;DaRi&#8221; sistemos nereikia vengti lyginti su jokiomis kitomis sistemomis.<br \/>\nMano nuomone ir \u017einiomis, geresn\u0117s latak\u0173 apsaugos sistemos n\u0117ra. <\/p>\n<p>\u0160iandien su pasitenkinimu \u017ei\u016briu \u012f savo latak\u0105 ir d\u017eiaugiuosi, kad jame \u012frengiau &#8222;DaRi&#8221; sistem\u0105.<br \/>\nTuometin\u0117s &#8222;DaRi&#8221; sistemos teb\u0117ra sumontuotos latake ir vis dar visi\u0161kai veikia.<br \/>\nVis dar da\u017enai sakau &#8222;a\u010di\u016b&#8221; savo dukrai u\u017e tai, kad dav\u0117 man impuls\u0105 \u012frengti \u0161i\u0105 tobul\u0105 latak\u0173 apsaugos sistem\u0105.<br \/>\nNe tik i\u0161vengiau r\u016bpes\u010di\u0173, bet ir suma\u017einau nelaiming\u0173 atsitikim\u0173 rizik\u0105, kai nebereikia stov\u0117ti auk\u0161tai ant stogo ant kop\u0117\u010di\u0173.   <\/p>\n<p>\u0160iandien \u017emon\u0117s i\u0161 visos Europos d\u017eiaugiasi ir d\u0117koja, kad u\u017esikim\u0161usio latako problem\u0105 galima taip lengvai i\u0161spr\u0119sti naudojant &#8222;DaRi&#8221; sistem\u0105 ir kad latakas visam laikui lieka be lap\u0173.<\/p>\n<p>&#8222;DaRi-System&#8221; siekia kurti ir gaminti auk\u0161\u010diausios kokyb\u0117s latak\u0173 apsaugos sistemas.<br \/>\nVisi m\u016bs\u0173 gaminiai projektuojami ir gaminami tik \u010dia, Vokietijoje. <\/p>\n<p><em><strong>Pagaminta Vokietijoje<\/strong> <\/em>garantuoja ilg\u0105 tarnavimo laik\u0105.<\/p>\n<p>Esame absoliut\u016bs apsaugos nuo lap\u0173 sistem\u0173 ekspertai, tod\u0117l jau 20 met\u0173 bendradarbiaujame su klientais, kad rastume gerus ir prakti\u0161kus problemini\u0173 latak\u0173 sprendimus.<br \/>\nLaukiame kiekvieno mums atsi\u0173sto kontakto ir kiekvienos latak\u0173 nuotraukos, tod\u0117l greitai, mielai ir nemokamai atsakysime \u012f j\u016bs\u0173 u\u017eklaus\u0105. <\/p>\n<p>Jei taip pat ie\u0161kote patikimos, auk\u0161tos kokyb\u0117s, patvarios ir prie\u017ei\u016bros nereikalaujan\u010dios latak\u0173 apsaugos sistemos, i\u0161 karto rinkit\u0117s puikiai suprojektuot\u0105 <strong>&#8222;DaRi&#8221; sistem\u0105<\/strong>.<\/p>\n<p>[\/et_pb_text][\/et_pb_column][\/et_pb_row][et_pb_row _builder_version=&#8221;4.25.0&#8243; _module_preset=&#8221;default&#8221; global_colors_info=&#8221;{}&#8221;][et_pb_column type=&#8221;4_4&#8243; _builder_version=&#8221;4.25.0&#8243; _module_preset=&#8221;default&#8221; global_colors_info=&#8221;{}&#8221;][et_pb_text _builder_version=&#8221;4.25.0&#8243; _module_preset=&#8221;default&#8221; global_colors_info=&#8221;{}&#8221;]<\/p>\n<h2><strong>Garantuojame, kad, \u012fdiegus &#8222;DaRi&#8221; sistem\u0105, latakas nebebus u\u017ekem\u0161amas lapais.<\/strong><\/h2>\n<p>[\/et_pb_text][\/et_pb_column][\/et_pb_row][\/et_pb_section]<\/p>\n","protected":false},"excerpt":{"rendered":"<p>Kelias \u012f tobul\u0105 &#8222;DaRi&#8221; sistem\u0105Prie\u0161ais m\u016bs\u0173 nam\u0105 auga didelis klevas, o u\u017e namo &#8211; dvi did\u017eiul\u0117s liepos. Kelis kartus per metus tur\u0117davau lipti kop\u0117\u010diomis, kad i\u0161valy\u010diau latakus. Man visada reik\u0117davo mil\u017eini\u0161k\u0173 pastang\u0173, kad gal\u0117\u010diau pakilti ir i\u0161ne\u0161ti kop\u0117\u010dias i\u0161 gara\u017eo. \u0160\u012f nemalon\u0173 darb\u0105 atid\u0117liodavau i\u0161 savaitgalio \u012f savaitgal\u012f. Ma\u017edaug prie\u0161 20 met\u0173 v\u0117l pilnas susierzinimo [&hellip;]<\/p>\n","protected":false},"author":1,"featured_media":0,"parent":0,"menu_order":0,"comment_status":"closed","ping_status":"closed","template":"","meta":{"_et_pb_use_builder":"on","_et_pb_old_content":"","_et_gb_content_width":"","iawp_total_views":5,"footnotes":""},"dipi_cpt_category":[],"class_list":["post-25548160","page","type-page","status-publish","hentry"],"yoast_head":"<!-- This site is optimized with the Yoast SEO plugin v27.2 - https:\/\/yoast.com\/product\/yoast-seo-wordpress\/ -->\n<title>Apie mus - DaRi System<\/title>\n<meta name=\"robots\" content=\"index, follow, max-snippet:-1, max-image-preview:large, max-video-preview:-1\" \/>\n<link rel=\"canonical\" href=\"https:\/\/dari-system.com\/lt\/apie-mus\/\" \/>\n<meta property=\"og:locale\" content=\"lt_LT\" \/>\n<meta property=\"og:type\" content=\"article\" \/>\n<meta property=\"og:title\" content=\"Apie mus - DaRi System\" \/>\n<meta property=\"og:description\" content=\"Kelias \u012f tobul\u0105 &quot;DaRi&quot; sistem\u0105Prie\u0161ais m\u016bs\u0173 nam\u0105 auga didelis klevas, o u\u017e namo - dvi did\u017eiul\u0117s liepos. Kelis kartus per metus tur\u0117davau lipti kop\u0117\u010diomis, kad i\u0161valy\u010diau latakus. Man visada reik\u0117davo mil\u017eini\u0161k\u0173 pastang\u0173, kad gal\u0117\u010diau pakilti ir i\u0161ne\u0161ti kop\u0117\u010dias i\u0161 gara\u017eo. \u0160\u012f nemalon\u0173 darb\u0105 atid\u0117liodavau i\u0161 savaitgalio \u012f savaitgal\u012f. Ma\u017edaug prie\u0161 20 met\u0173 v\u0117l pilnas susierzinimo [&hellip;]\" \/>\n<meta property=\"og:url\" content=\"https:\/\/dari-system.com\/lt\/apie-mus\/\" \/>\n<meta property=\"og:site_name\" content=\"DaRi System\" \/>\n<meta property=\"article:modified_time\" content=\"2024-08-20T10:26:36+00:00\" \/>\n<meta name=\"twitter:card\" content=\"summary_large_image\" \/>\n<meta name=\"twitter:label1\" content=\"Est. reading time\" \/>\n\t<meta name=\"twitter:data1\" content=\"8 minut\u0117s\" \/>\n<script type=\"application\/ld+json\" class=\"yoast-schema-graph\">{\"@context\":\"https:\/\/schema.org\",\"@graph\":[{\"@type\":\"WebPage\",\"@id\":\"https:\/\/dari-system.com\/lt\/apie-mus\/\",\"url\":\"https:\/\/dari-system.com\/lt\/apie-mus\/\",\"name\":\"Apie mus - DaRi System\",\"isPartOf\":{\"@id\":\"https:\/\/dari-system.com\/lt\/#website\"},\"datePublished\":\"2024-05-29T09:26:04+00:00\",\"dateModified\":\"2024-08-20T10:26:36+00:00\",\"breadcrumb\":{\"@id\":\"https:\/\/dari-system.com\/lt\/apie-mus\/#breadcrumb\"},\"inLanguage\":\"lt-LT\",\"potentialAction\":[{\"@type\":\"ReadAction\",\"target\":[\"https:\/\/dari-system.com\/lt\/apie-mus\/\"]}]},{\"@type\":\"BreadcrumbList\",\"@id\":\"https:\/\/dari-system.com\/lt\/apie-mus\/#breadcrumb\",\"itemListElement\":[{\"@type\":\"ListItem\",\"position\":1,\"name\":\"Startseite\",\"item\":\"https:\/\/dari-system.com\/lt\/\"},{\"@type\":\"ListItem\",\"position\":2,\"name\":\"Apie mus\"}]},{\"@type\":\"WebSite\",\"@id\":\"https:\/\/dari-system.com\/lt\/#website\",\"url\":\"https:\/\/dari-system.com\/lt\/\",\"name\":\"DaRi System\",\"description\":\"\",\"potentialAction\":[{\"@type\":\"SearchAction\",\"target\":{\"@type\":\"EntryPoint\",\"urlTemplate\":\"https:\/\/dari-system.com\/lt\/?s={search_term_string}\"},\"query-input\":{\"@type\":\"PropertyValueSpecification\",\"valueRequired\":true,\"valueName\":\"search_term_string\"}}],\"inLanguage\":\"lt-LT\"}]}<\/script>\n<!-- \/ Yoast SEO plugin. -->","yoast_head_json":{"title":"Apie mus - DaRi System","robots":{"index":"index","follow":"follow","max-snippet":"max-snippet:-1","max-image-preview":"max-image-preview:large","max-video-preview":"max-video-preview:-1"},"canonical":"https:\/\/dari-system.com\/lt\/apie-mus\/","og_locale":"lt_LT","og_type":"article","og_title":"Apie mus - DaRi System","og_description":"Kelias \u012f tobul\u0105 \"DaRi\" sistem\u0105Prie\u0161ais m\u016bs\u0173 nam\u0105 auga didelis klevas, o u\u017e namo - dvi did\u017eiul\u0117s liepos. Kelis kartus per metus tur\u0117davau lipti kop\u0117\u010diomis, kad i\u0161valy\u010diau latakus. Man visada reik\u0117davo mil\u017eini\u0161k\u0173 pastang\u0173, kad gal\u0117\u010diau pakilti ir i\u0161ne\u0161ti kop\u0117\u010dias i\u0161 gara\u017eo. \u0160\u012f nemalon\u0173 darb\u0105 atid\u0117liodavau i\u0161 savaitgalio \u012f savaitgal\u012f. Ma\u017edaug prie\u0161 20 met\u0173 v\u0117l pilnas susierzinimo [&hellip;]","og_url":"https:\/\/dari-system.com\/lt\/apie-mus\/","og_site_name":"DaRi System","article_modified_time":"2024-08-20T10:26:36+00:00","twitter_card":"summary_large_image","twitter_misc":{"Est. reading time":"8 minut\u0117s"},"schema":{"@context":"https:\/\/schema.org","@graph":[{"@type":"WebPage","@id":"https:\/\/dari-system.com\/lt\/apie-mus\/","url":"https:\/\/dari-system.com\/lt\/apie-mus\/","name":"Apie mus - DaRi System","isPartOf":{"@id":"https:\/\/dari-system.com\/lt\/#website"},"datePublished":"2024-05-29T09:26:04+00:00","dateModified":"2024-08-20T10:26:36+00:00","breadcrumb":{"@id":"https:\/\/dari-system.com\/lt\/apie-mus\/#breadcrumb"},"inLanguage":"lt-LT","potentialAction":[{"@type":"ReadAction","target":["https:\/\/dari-system.com\/lt\/apie-mus\/"]}]},{"@type":"BreadcrumbList","@id":"https:\/\/dari-system.com\/lt\/apie-mus\/#breadcrumb","itemListElement":[{"@type":"ListItem","position":1,"name":"Startseite","item":"https:\/\/dari-system.com\/lt\/"},{"@type":"ListItem","position":2,"name":"Apie mus"}]},{"@type":"WebSite","@id":"https:\/\/dari-system.com\/lt\/#website","url":"https:\/\/dari-system.com\/lt\/","name":"DaRi System","description":"","potentialAction":[{"@type":"SearchAction","target":{"@type":"EntryPoint","urlTemplate":"https:\/\/dari-system.com\/lt\/?s={search_term_string}"},"query-input":{"@type":"PropertyValueSpecification","valueRequired":true,"valueName":"search_term_string"}}],"inLanguage":"lt-LT"}]}},"_links":{"self":[{"href":"https:\/\/dari-system.com\/lt\/wp-json\/wp\/v2\/pages\/25548160","targetHints":{"allow":["GET"]}}],"collection":[{"href":"https:\/\/dari-system.com\/lt\/wp-json\/wp\/v2\/pages"}],"about":[{"href":"https:\/\/dari-system.com\/lt\/wp-json\/wp\/v2\/types\/page"}],"author":[{"embeddable":true,"href":"https:\/\/dari-system.com\/lt\/wp-json\/wp\/v2\/users\/1"}],"replies":[{"embeddable":true,"href":"https:\/\/dari-system.com\/lt\/wp-json\/wp\/v2\/comments?post=25548160"}],"version-history":[{"count":8,"href":"https:\/\/dari-system.com\/lt\/wp-json\/wp\/v2\/pages\/25548160\/revisions"}],"predecessor-version":[{"id":25548208,"href":"https:\/\/dari-system.com\/lt\/wp-json\/wp\/v2\/pages\/25548160\/revisions\/25548208"}],"wp:attachment":[{"href":"https:\/\/dari-system.com\/lt\/wp-json\/wp\/v2\/media?parent=25548160"}],"wp:term":[{"taxonomy":"dipi_cpt_category","embeddable":true,"href":"https:\/\/dari-system.com\/lt\/wp-json\/wp\/v2\/dipi_cpt_category?post=25548160"}],"curies":[{"name":"wp","href":"https:\/\/api.w.org\/{rel}","templated":true}]}}