{"id":25551029,"date":"2026-02-27T11:22:35","date_gmt":"2026-02-27T11:22:35","guid":{"rendered":"https:\/\/dari-system.com\/?page_id=25551029"},"modified":"2026-02-27T11:30:47","modified_gmt":"2026-02-27T11:30:47","slug":"informativa-sulla-privacy-2","status":"publish","type":"page","link":"https:\/\/dari-system.com\/it\/informativa-sulla-privacy-2\/","title":{"rendered":"Informativa sulla privacy solo Meta Pixel"},"content":{"rendered":"<p>[et_pb_section fb_built=&#8221;1&#8243; fullwidth=&#8221;on&#8221; _builder_version=&#8221;4.25.0&#8243; _module_preset=&#8221;default&#8221; bottom_divider_color=&#8221;#FFFFFF&#8221; bottom_divider_height=&#8221;82px&#8221; bottom_divider_flip=&#8221;horizontal&#8221; locked=&#8221;off&#8221; global_colors_info=&#8221;{}&#8221;][et_pb_fullwidth_header title=&#8221;Informativa sulla privacy&#8221; _builder_version=&#8221;4.25.0&#8243; _module_preset=&#8221;default&#8221; title_font=&#8221;|800|||||||&#8221; title_font_size=&#8221;45px&#8221; background_image=&#8221;https:\/\/dari-system.com\/wp-content\/uploads\/2024\/05\/header_background.webp&#8221; background_position=&#8221;bottom_center&#8221; custom_padding=&#8221;8vh||8vh||true|false&#8221; title_font_size_tablet=&#8221;45px&#8221; title_font_size_phone=&#8221;29px&#8221; title_font_size_last_edited=&#8221;on|phone&#8221; content_font_size_tablet=&#8221;&#8221; content_font_size_phone=&#8221;17px&#8221; content_font_size_last_edited=&#8221;on|phone&#8221; global_colors_info=&#8221;{}&#8221;][\/et_pb_fullwidth_header][\/et_pb_section][et_pb_section fb_built=&#8221;1&#8243; _builder_version=&#8221;4.25.0&#8243; _module_preset=&#8221;default&#8221; global_colors_info=&#8221;{}&#8221;][et_pb_row _builder_version=&#8221;4.25.0&#8243; _module_preset=&#8221;default&#8221; global_colors_info=&#8221;{}&#8221;][et_pb_column type=&#8221;4_4&#8243; _builder_version=&#8221;4.25.0&#8243; _module_preset=&#8221;default&#8221; global_colors_info=&#8221;{}&#8221;][et_pb_text _builder_version=&#8221;4.27.4&#8243; _module_preset=&#8221;default&#8221; global_colors_info=&#8221;{}&#8221;]<\/p>\n<h3>Meta Pixel (ex Pixel di Facebook)<\/h3>\n<p>Questo sito web utilizza il pixel di azione del visitatore di Meta per misurare le conversioni. Il fornitore di questo servizio \u00e8 Meta Platforms Ireland Limited, 4 Grand Canal Square, Dublino 2, Irlanda. Tuttavia, secondo Meta, i dati raccolti vengono trasferiti anche negli Stati Uniti e in altri paesi terzi.  <\/p>\n<p>Ci\u00f2 consente di tracciare il comportamento dei visitatori del sito dopo che sono stati reindirizzati al sito web del fornitore cliccando su un meta annuncio. Ci\u00f2 consente di valutare l&#8217;efficacia dei meta-annunci a fini statistici e di ricerca di mercato e di ottimizzare le future misure pubblicitarie. <\/p>\n<p>I dati raccolti sono anonimi per noi, in quanto gestori di questo sito web; non possiamo trarre alcuna conclusione sull&#8217;identit\u00e0 dell&#8217;utente. Tuttavia, i dati vengono memorizzati ed elaborati da Meta in modo che sia possibile una connessione al rispettivo profilo utente su Facebook o Instagram e Meta possa utilizzare i dati per i propri scopi pubblicitari in conformit\u00e0 con la Meta Data Usage Policy<a href=\"https:\/\/de-de.facebook.com\/about\/privacy\/\" target=\"_blank\" rel=\"noopener noreferrer\">(https:\/\/de-de.facebook.com\/about\/privacy\/)<\/a>. Ci\u00f2 consente a Meta di inserire annunci pubblicitari sulle pagine di Facebook o Instagram e su altri canali pubblicitari. Questo utilizzo dei dati non pu\u00f2 essere influenzato da Meta in quanto gestore del sito web.   <\/p>\n<p>L&#8217;utilizzo di questo servizio si basa sul tuo consenso ai sensi dell&#8217;art. 6 par. 1 lett. a GDPR e del \u00a7 25 par. 1 TDDDG. Il consenso pu\u00f2 essere revocato in qualsiasi momento.    <\/p>\n<p>Nella misura in cui i dati personali vengono raccolti sul nostro sito web con l&#8217;aiuto dello strumento qui descritto e trasmessi a Meta, noi e Meta Platforms Ireland Limited, 4 Grand Canal Square, Grand Canal Harbour, Dublino 2, Irlanda siamo congiuntamente responsabili di questo trattamento dei dati (art. 26 GDPR). La responsabilit\u00e0 congiunta \u00e8 limitata esclusivamente alla raccolta dei dati e al loro trasferimento a Meta. Il trattamento effettuato da Meta dopo l&#8217;inoltro non rientra nella responsabilit\u00e0 congiunta. Gli obblighi che ci competono congiuntamente sono stati definiti in un accordo di trattamento congiunto. Il testo dell&#8217;accordo \u00e8 disponibile all&#8217;indirizzo    <span> <\/span><a href=\"https:\/\/www.facebook.com\/legal\/controller_addendum\" target=\"_blank\" rel=\"noopener noreferrer\">https:\/\/www.facebook.com\/legal\/controller_addendum.<\/a> In base a questo accordo, siamo responsabili di fornire le informazioni sulla protezione dei dati quando si utilizza lo strumento Meta e dell&#8217;implementazione sicura dello strumento sul nostro sito web in conformit\u00e0 con la legge sulla protezione dei dati. Meta \u00e8 responsabile della sicurezza dei dati dei prodotti Meta. Puoi far valere i tuoi diritti di interessato (ad es. richieste di informazioni) in merito ai dati trattati da Facebook o Instagram direttamente con Meta. Se fai valere i tuoi diritti presso di noi, siamo obbligati a trasmetterli a Meta.    <\/p>\n<p>Il trasferimento dei dati verso gli Stati Uniti si basa sulle clausole contrattuali standard della Commissione Europea. I dettagli sono disponibili qui: <span> <\/span><a href=\"https:\/\/www.facebook.com\/legal\/EU_data_transfer_addendum\" target=\"_blank\" rel=\"noopener noreferrer\">https:\/\/www.facebook.com\/legal\/EU_data_transfer_addendum<\/a><span> <\/span>e<span> <\/span><a href=\"https:\/\/de-de.facebook.com\/help\/566994660333381\" target=\"_blank\" rel=\"noopener noreferrer\">https:\/\/de-de.facebook.com\/help\/566994660333381.<\/a><\/p>\n<p>Puoi trovare ulteriori informazioni sulla tutela della tua privacy nelle informazioni sulla protezione dei dati di Meta:<span> <\/span><a href=\"https:\/\/de-de.facebook.com\/about\/privacy\/\" target=\"_blank\" rel=\"noopener noreferrer\">https:\/\/de-de.facebook.com\/about\/privacy\/.<\/a><\/p>\n<p>Puoi anche utilizzare la funzione di remarketing &#8220;Custom Audiences&#8221; nelle impostazioni per le inserzioni pubblicitarie sotto la voce<span> <\/span><a href=\"https:\/\/www.facebook.com\/ads\/preferences\/?entry_product=ad_settings_screen\" target=\"_blank\" rel=\"noopener noreferrer\">https:\/\/www.facebook.com\/ads\/preferences\/?entry_product=ad_settings_screen<\/a><span> <\/span>disattivarlo. Per farlo, devi aver effettuato l&#8217;accesso a Facebook. <\/p>\n<p>Se non hai un account Facebook o Instagram, puoi disattivare la pubblicit\u00e0 basata sull&#8217;uso da Meta sul sito web della European Interactive Digital Advertising Alliance:<span> <\/span><a href=\"http:\/\/www.youronlinechoices.com\/de\/praferenzmanagement\/\" target=\"_blank\" rel=\"noopener noreferrer\">http:\/\/www.youronlinechoices.com\/de\/praferenzmanagement\/.<\/a><\/p>\n<p>L&#8217;azienda \u00e8 certificata in conformit\u00e0 con il &#8220;Data Privacy Framework UE-USA&#8221; (DPF). Il DPF \u00e8 un accordo tra l&#8217;Unione Europea e gli Stati Uniti volto a garantire il rispetto degli standard europei di protezione dei dati per l&#8217;elaborazione dei dati negli Stati Uniti. Ogni azienda certificata ai sensi del DPF si impegna a rispettare questi standard di protezione dei dati. Ulteriori informazioni in merito possono essere ottenute dal fornitore al seguente link:   <span> <\/span><a href=\"https:\/\/www.dataprivacyframework.gov\/participant\/4452\" target=\"_blank\" rel=\"noopener noreferrer\">https:\/\/www.dataprivacyframework.gov\/participant\/4452.<\/a><\/p>\n<p>[\/et_pb_text][\/et_pb_column][\/et_pb_row][\/et_pb_section]<\/p>\n","protected":false},"excerpt":{"rendered":"<p>Meta Pixel (ex Pixel di Facebook) Questo sito web utilizza il pixel di azione del visitatore di Meta per misurare le conversioni. Il fornitore di questo servizio \u00e8 Meta Platforms Ireland Limited, 4 Grand Canal Square, Dublino 2, Irlanda. Tuttavia, secondo Meta, i dati raccolti vengono trasferiti anche negli Stati Uniti e in altri paesi [&hellip;]<\/p>\n","protected":false},"author":1,"featured_media":0,"parent":0,"menu_order":0,"comment_status":"closed","ping_status":"closed","template":"","meta":{"_et_pb_use_builder":"on","_et_pb_old_content":"","_et_gb_content_width":"","iawp_total_views":2,"footnotes":""},"dipi_cpt_category":[],"class_list":["post-25551029","page","type-page","status-publish","hentry"],"yoast_head":"<!-- This site is optimized with the Yoast SEO plugin v27.4 - https:\/\/yoast.com\/product\/yoast-seo-wordpress\/ -->\n<title>Informativa sulla privacy solo Meta Pixel - DaRi System<\/title>\n<meta name=\"robots\" content=\"index, follow, max-snippet:-1, max-image-preview:large, max-video-preview:-1\" \/>\n<link rel=\"canonical\" href=\"https:\/\/dari-system.com\/it\/informativa-sulla-privacy-2\/\" \/>\n<meta property=\"og:locale\" content=\"it_IT\" \/>\n<meta property=\"og:type\" content=\"article\" \/>\n<meta property=\"og:title\" content=\"Informativa sulla privacy solo Meta Pixel - DaRi System\" \/>\n<meta property=\"og:description\" content=\"Meta Pixel (ex Pixel di Facebook) Questo sito web utilizza il pixel di azione del visitatore di Meta per misurare le conversioni. Il fornitore di questo servizio \u00e8 Meta Platforms Ireland Limited, 4 Grand Canal Square, Dublino 2, Irlanda. Tuttavia, secondo Meta, i dati raccolti vengono trasferiti anche negli Stati Uniti e in altri paesi [&hellip;]\" \/>\n<meta property=\"og:url\" content=\"https:\/\/dari-system.com\/it\/informativa-sulla-privacy-2\/\" \/>\n<meta property=\"og:site_name\" content=\"DaRi System\" \/>\n<meta property=\"article:modified_time\" content=\"2026-02-27T11:30:47+00:00\" \/>\n<meta name=\"twitter:card\" content=\"summary_large_image\" \/>\n<meta name=\"twitter:label1\" content=\"Tempo di lettura stimato\" \/>\n\t<meta name=\"twitter:data1\" content=\"4 minuti\" \/>\n<script type=\"application\/ld+json\" class=\"yoast-schema-graph\">{\"@context\":\"https:\\\/\\\/schema.org\",\"@graph\":[{\"@type\":\"WebPage\",\"@id\":\"https:\\\/\\\/dari-system.com\\\/it\\\/informativa-sulla-privacy-2\\\/\",\"url\":\"https:\\\/\\\/dari-system.com\\\/it\\\/informativa-sulla-privacy-2\\\/\",\"name\":\"Informativa sulla privacy solo Meta Pixel - DaRi System\",\"isPartOf\":{\"@id\":\"https:\\\/\\\/dari-system.com\\\/it\\\/#website\"},\"datePublished\":\"2026-02-27T11:22:35+00:00\",\"dateModified\":\"2026-02-27T11:30:47+00:00\",\"breadcrumb\":{\"@id\":\"https:\\\/\\\/dari-system.com\\\/it\\\/informativa-sulla-privacy-2\\\/#breadcrumb\"},\"inLanguage\":\"it-IT\",\"potentialAction\":[{\"@type\":\"ReadAction\",\"target\":[\"https:\\\/\\\/dari-system.com\\\/it\\\/informativa-sulla-privacy-2\\\/\"]}]},{\"@type\":\"BreadcrumbList\",\"@id\":\"https:\\\/\\\/dari-system.com\\\/it\\\/informativa-sulla-privacy-2\\\/#breadcrumb\",\"itemListElement\":[{\"@type\":\"ListItem\",\"position\":1,\"name\":\"Startseite\",\"item\":\"https:\\\/\\\/dari-system.com\\\/it\\\/\"},{\"@type\":\"ListItem\",\"position\":2,\"name\":\"Informativa sulla privacy solo Meta Pixel\"}]},{\"@type\":\"WebSite\",\"@id\":\"https:\\\/\\\/dari-system.com\\\/it\\\/#website\",\"url\":\"https:\\\/\\\/dari-system.com\\\/it\\\/\",\"name\":\"DaRi System\",\"description\":\"\",\"potentialAction\":[{\"@type\":\"SearchAction\",\"target\":{\"@type\":\"EntryPoint\",\"urlTemplate\":\"https:\\\/\\\/dari-system.com\\\/it\\\/?s={search_term_string}\"},\"query-input\":{\"@type\":\"PropertyValueSpecification\",\"valueRequired\":true,\"valueName\":\"search_term_string\"}}],\"inLanguage\":\"it-IT\"}]}<\/script>\n<!-- \/ Yoast SEO plugin. -->","yoast_head_json":{"title":"Informativa sulla privacy solo Meta Pixel - DaRi System","robots":{"index":"index","follow":"follow","max-snippet":"max-snippet:-1","max-image-preview":"max-image-preview:large","max-video-preview":"max-video-preview:-1"},"canonical":"https:\/\/dari-system.com\/it\/informativa-sulla-privacy-2\/","og_locale":"it_IT","og_type":"article","og_title":"Informativa sulla privacy solo Meta Pixel - DaRi System","og_description":"Meta Pixel (ex Pixel di Facebook) Questo sito web utilizza il pixel di azione del visitatore di Meta per misurare le conversioni. Il fornitore di questo servizio \u00e8 Meta Platforms Ireland Limited, 4 Grand Canal Square, Dublino 2, Irlanda. Tuttavia, secondo Meta, i dati raccolti vengono trasferiti anche negli Stati Uniti e in altri paesi [&hellip;]","og_url":"https:\/\/dari-system.com\/it\/informativa-sulla-privacy-2\/","og_site_name":"DaRi System","article_modified_time":"2026-02-27T11:30:47+00:00","twitter_card":"summary_large_image","twitter_misc":{"Tempo di lettura stimato":"4 minuti"},"schema":{"@context":"https:\/\/schema.org","@graph":[{"@type":"WebPage","@id":"https:\/\/dari-system.com\/it\/informativa-sulla-privacy-2\/","url":"https:\/\/dari-system.com\/it\/informativa-sulla-privacy-2\/","name":"Informativa sulla privacy solo Meta Pixel - DaRi System","isPartOf":{"@id":"https:\/\/dari-system.com\/it\/#website"},"datePublished":"2026-02-27T11:22:35+00:00","dateModified":"2026-02-27T11:30:47+00:00","breadcrumb":{"@id":"https:\/\/dari-system.com\/it\/informativa-sulla-privacy-2\/#breadcrumb"},"inLanguage":"it-IT","potentialAction":[{"@type":"ReadAction","target":["https:\/\/dari-system.com\/it\/informativa-sulla-privacy-2\/"]}]},{"@type":"BreadcrumbList","@id":"https:\/\/dari-system.com\/it\/informativa-sulla-privacy-2\/#breadcrumb","itemListElement":[{"@type":"ListItem","position":1,"name":"Startseite","item":"https:\/\/dari-system.com\/it\/"},{"@type":"ListItem","position":2,"name":"Informativa sulla privacy solo Meta Pixel"}]},{"@type":"WebSite","@id":"https:\/\/dari-system.com\/it\/#website","url":"https:\/\/dari-system.com\/it\/","name":"DaRi System","description":"","potentialAction":[{"@type":"SearchAction","target":{"@type":"EntryPoint","urlTemplate":"https:\/\/dari-system.com\/it\/?s={search_term_string}"},"query-input":{"@type":"PropertyValueSpecification","valueRequired":true,"valueName":"search_term_string"}}],"inLanguage":"it-IT"}]}},"_links":{"self":[{"href":"https:\/\/dari-system.com\/it\/wp-json\/wp\/v2\/pages\/25551029","targetHints":{"allow":["GET"]}}],"collection":[{"href":"https:\/\/dari-system.com\/it\/wp-json\/wp\/v2\/pages"}],"about":[{"href":"https:\/\/dari-system.com\/it\/wp-json\/wp\/v2\/types\/page"}],"author":[{"embeddable":true,"href":"https:\/\/dari-system.com\/it\/wp-json\/wp\/v2\/users\/1"}],"replies":[{"embeddable":true,"href":"https:\/\/dari-system.com\/it\/wp-json\/wp\/v2\/comments?post=25551029"}],"version-history":[{"count":4,"href":"https:\/\/dari-system.com\/it\/wp-json\/wp\/v2\/pages\/25551029\/revisions"}],"predecessor-version":[{"id":25551114,"href":"https:\/\/dari-system.com\/it\/wp-json\/wp\/v2\/pages\/25551029\/revisions\/25551114"}],"wp:attachment":[{"href":"https:\/\/dari-system.com\/it\/wp-json\/wp\/v2\/media?parent=25551029"}],"wp:term":[{"taxonomy":"dipi_cpt_category","embeddable":true,"href":"https:\/\/dari-system.com\/it\/wp-json\/wp\/v2\/dipi_cpt_category?post=25551029"}],"curies":[{"name":"wp","href":"https:\/\/api.w.org\/{rel}","templated":true}]}}