{"id":25546148,"date":"2024-05-29T09:26:04","date_gmt":"2024-05-29T09:26:04","guid":{"rendered":"https:\/\/dari-system.com\/chi-siamo\/"},"modified":"2025-01-26T16:00:55","modified_gmt":"2025-01-26T16:00:55","slug":"chi-siamo","status":"publish","type":"page","link":"https:\/\/dari-system.com\/it\/chi-siamo\/","title":{"rendered":"Chi siamo"},"content":{"rendered":"<p>[et_pb_section fb_built=&#8221;1&#8243; fullwidth=&#8221;on&#8221; _builder_version=&#8221;4.25.0&#8243; _module_preset=&#8221;default&#8221; bottom_divider_color=&#8221;#FFFFFF&#8221; bottom_divider_height=&#8221;82px&#8221; bottom_divider_flip=&#8221;horizontal&#8221; locked=&#8221;off&#8221; global_colors_info=&#8221;{}&#8221;][et_pb_fullwidth_header title=&#8221;Chi siamo&#8221; _builder_version=&#8221;4.25.0&#8243; _module_preset=&#8221;default&#8221; title_font=&#8221;|800|||||||&#8221; title_font_size=&#8221;45px&#8221; background_image=&#8221;https:\/\/dari-system.com\/wp-content\/uploads\/2024\/05\/header_background.webp&#8221; background_position=&#8221;bottom_center&#8221; custom_padding=&#8221;8vh||8vh||true|false&#8221; title_font_size_tablet=&#8221;45px&#8221; title_font_size_phone=&#8221;29px&#8221; title_font_size_last_edited=&#8221;on|phone&#8221; content_font_size_tablet=&#8221;&#8221; content_font_size_phone=&#8221;17px&#8221; content_font_size_last_edited=&#8221;on|phone&#8221; global_colors_info=&#8221;{}&#8221;]<\/p>\n<p>Il percorso verso il sistema DaRi perfetto<\/p>\n<p>[\/et_pb_fullwidth_header][\/et_pb_section][et_pb_section fb_built=&#8221;1&#8243; _builder_version=&#8221;4.25.0&#8243; _module_preset=&#8221;default&#8221; global_colors_info=&#8221;{}&#8221;][et_pb_row column_structure=&#8221;2_3,1_3&#8243; make_equal=&#8221;on&#8221; _builder_version=&#8221;4.25.0&#8243; _module_preset=&#8221;default&#8221; custom_margin=&#8221;||0px||false|false&#8221; custom_padding=&#8221;||0px||false|false&#8221; global_colors_info=&#8221;{}&#8221;][et_pb_column type=&#8221;2_3&#8243; _builder_version=&#8221;4.25.0&#8243; _module_preset=&#8221;default&#8221; custom_css_main_element=&#8221;margin: auto;&#8221; global_colors_info=&#8221;{}&#8221;][et_pb_text _builder_version=&#8221;4.25.0&#8243; _module_preset=&#8221;default&#8221; global_colors_info=&#8221;{}&#8221;]<\/p>\n<h3>Il vostro esperto nella protezione delle grondaie \u2013 leader mondiale e innovativo<\/h3>\n<p>Siamo orgogliosi di essere uno dei principali produttori a livello mondiale, specializzati esclusivamente nello sviluppo e nella produzione di sistemi di alta qualit\u00e0 per la protezione delle grondaie. Che si tratti di abitazioni, edifici industriali, verande o tettoie, le nostre soluzioni proteggono in modo affidabile le grondaie da ostruzioni causate da foglie, aghi e altri detriti.<\/p>\n<p>Da oltre 15 anni ci dedichiamo con passione e spirito innovativo a questa missione. I nostri sistemi sono progettati e realizzati in Germania e soddisfano i pi\u00f9 alti standard di qualit\u00e0, durata e facilit\u00e0 d&#8217;uso. Prestiamo particolare attenzione affinch\u00e9 i nostri prodotti siano:<\/p>\n<ul>\n<li><strong>Resistenti ai raggi UV<\/strong> e robusti contro le intemperie,<\/li>\n<li><strong>Compatibili con tutti i materiali per grondaie<\/strong>, tra cui plastica, zinco, rame e acciaio inossidabile,<\/li>\n<li><strong>Facili da installare senza strumenti tecnici<\/strong>, ideali sia per hobbisti che per professionisti.<\/li>\n<\/ul>\n<h3>La nostra promessa \u2013 la vostra sicurezza<\/h3>\n<p>Ci\u00f2 che ci distingue dagli altri produttori \u00e8 la nostra garanzia: con un\u2019installazione corretta, la vostra grondaia rimarr\u00e0 garantita senza ostruzioni da foglie. Questa garanzia unica non solo vi offre tranquillit\u00e0, ma sottolinea anche la nostra fiducia nella qualit\u00e0 e nell&#8217;efficacia dei nostri prodotti.<\/p>\n<h3>Competenza globale \u2013 Soluzioni per ogni sfida<\/h3>\n<p>Dalla nostra sede in Germania, forniamo i nostri prodotti ai clienti di tutto il mondo. Il problema delle grondaie ostruite \u00e8 universale \u2013 e noi offriamo la soluzione ideale. Le situazioni di grondaie particolarmente complesse rappresentano per noi uno stimolo a sviluppare nuovi prodotti innovativi.<\/p>\n<p><strong>Il nostro servizio per voi:<\/strong><br \/>Inviateci le foto della vostra grondaia e vi offriremo una consulenza gratuita! Il nostro team esperto trover\u00e0 la soluzione perfetta per le vostre esigenze specifiche.<\/p>\n<h3>La nostra visione<\/h3>\n<p>Con i nostri prodotti, consentiamo ai proprietari di case e alle aziende di godere di un futuro senza preoccupazioni, in cui le grondaie ostruite appartengono al passato. Grazie ai nostri sistemi di alta qualit\u00e0, durevoli e facili da installare, risparmiate tempo, fatica e costi \u2013 permettendovi di concentrarvi su ci\u00f2 che conta davvero.<\/p>\n<p><strong>Affidatevi a oltre 15 anni di esperienza e fate il primo passo verso grondaie pulite e sempre efficienti. Attendiamo con piacere la vostra richiesta!<\/strong><\/p>\n<p>&nbsp;<\/p>\n<p>&nbsp;<\/p>\n<p>[\/et_pb_text][\/et_pb_column][et_pb_column type=&#8221;1_3&#8243; _builder_version=&#8221;4.25.0&#8243; _module_preset=&#8221;default&#8221; custom_css_main_element=&#8221;mrgin:auto;&#8221; global_colors_info=&#8221;{}&#8221;][et_pb_image src=&#8221;https:\/\/dari-system.com\/wp-content\/uploads\/2024\/06\/eckhard_jentsch_03.webp&#8221; alt=&#8221;Eckhard Jentsch&#8221; title_text=&#8221;eckhard_jentsch_03&#8243; _builder_version=&#8221;4.25.0&#8243; _module_preset=&#8221;default&#8221; custom_margin=&#8221;||0px||false|false&#8221; custom_margin_tablet=&#8221;||0px||false|false&#8221; custom_margin_phone=&#8221;35px||0px||false|false&#8221; custom_margin_last_edited=&#8221;on|phone&#8221; global_colors_info=&#8221;{}&#8221;][\/et_pb_image][et_pb_text _builder_version=&#8221;4.25.0&#8243; _module_preset=&#8221;default&#8221; text_font_size=&#8221;12px&#8221; custom_margin=&#8221;||0px||false|false&#8221; custom_padding=&#8221;||0px||false|false&#8221; global_colors_info=&#8221;{}&#8221;]<\/p>\n<p style=\"text-align: center;\"><em>Eckhard Jentsch | Fondatore DaRi-System<\/em><\/p>\n<p>[\/et_pb_text][\/et_pb_column][\/et_pb_row][\/et_pb_section][et_pb_section fb_built=&#8221;1&#8243; _builder_version=&#8221;4.25.0&#8243; _module_preset=&#8221;default&#8221; custom_padding=&#8221;0px||0px||false|false&#8221; global_colors_info=&#8221;{}&#8221;][\/et_pb_section][et_pb_section fb_built=&#8221;1&#8243; _builder_version=&#8221;4.25.0&#8243; _module_preset=&#8221;default&#8221; global_colors_info=&#8221;{}&#8221;][\/et_pb_section]<\/p>\n","protected":false},"excerpt":{"rendered":"<p>Il percorso verso il sistema DaRi perfettoIl vostro esperto nella protezione delle grondaie \u2013 leader mondiale e innovativo Siamo orgogliosi di essere uno dei principali produttori a livello mondiale, specializzati esclusivamente nello sviluppo e nella produzione di sistemi di alta qualit\u00e0 per la protezione delle grondaie. Che si tratti di abitazioni, edifici industriali, verande o [&hellip;]<\/p>\n","protected":false},"author":1,"featured_media":0,"parent":0,"menu_order":0,"comment_status":"closed","ping_status":"closed","template":"","meta":{"_et_pb_use_builder":"on","_et_pb_old_content":"","_et_gb_content_width":"","iawp_total_views":22,"footnotes":""},"dipi_cpt_category":[],"class_list":["post-25546148","page","type-page","status-publish","hentry"],"yoast_head":"<!-- This site is optimized with the Yoast SEO plugin v27.3 - https:\/\/yoast.com\/product\/yoast-seo-wordpress\/ -->\n<title>Chi siamo - DaRi System<\/title>\n<meta name=\"robots\" content=\"index, follow, max-snippet:-1, max-image-preview:large, max-video-preview:-1\" \/>\n<link rel=\"canonical\" href=\"https:\/\/dari-system.com\/it\/chi-siamo\/\" \/>\n<meta property=\"og:locale\" content=\"it_IT\" \/>\n<meta property=\"og:type\" content=\"article\" \/>\n<meta property=\"og:title\" content=\"Chi siamo - DaRi System\" \/>\n<meta property=\"og:description\" content=\"Il percorso verso il sistema DaRi perfettoIl vostro esperto nella protezione delle grondaie \u2013 leader mondiale e innovativo Siamo orgogliosi di essere uno dei principali produttori a livello mondiale, specializzati esclusivamente nello sviluppo e nella produzione di sistemi di alta qualit\u00e0 per la protezione delle grondaie. Che si tratti di abitazioni, edifici industriali, verande o [&hellip;]\" \/>\n<meta property=\"og:url\" content=\"https:\/\/dari-system.com\/it\/chi-siamo\/\" \/>\n<meta property=\"og:site_name\" content=\"DaRi System\" \/>\n<meta property=\"article:modified_time\" content=\"2025-01-26T16:00:55+00:00\" \/>\n<meta name=\"twitter:card\" content=\"summary_large_image\" \/>\n<meta name=\"twitter:label1\" content=\"Tempo di lettura stimato\" \/>\n\t<meta name=\"twitter:data1\" content=\"3 minuti\" \/>\n<script type=\"application\/ld+json\" class=\"yoast-schema-graph\">{\"@context\":\"https:\\\/\\\/schema.org\",\"@graph\":[{\"@type\":\"WebPage\",\"@id\":\"https:\\\/\\\/dari-system.com\\\/it\\\/chi-siamo\\\/\",\"url\":\"https:\\\/\\\/dari-system.com\\\/it\\\/chi-siamo\\\/\",\"name\":\"Chi siamo - DaRi System\",\"isPartOf\":{\"@id\":\"https:\\\/\\\/dari-system.com\\\/it\\\/#website\"},\"datePublished\":\"2024-05-29T09:26:04+00:00\",\"dateModified\":\"2025-01-26T16:00:55+00:00\",\"breadcrumb\":{\"@id\":\"https:\\\/\\\/dari-system.com\\\/it\\\/chi-siamo\\\/#breadcrumb\"},\"inLanguage\":\"it-IT\",\"potentialAction\":[{\"@type\":\"ReadAction\",\"target\":[\"https:\\\/\\\/dari-system.com\\\/it\\\/chi-siamo\\\/\"]}]},{\"@type\":\"BreadcrumbList\",\"@id\":\"https:\\\/\\\/dari-system.com\\\/it\\\/chi-siamo\\\/#breadcrumb\",\"itemListElement\":[{\"@type\":\"ListItem\",\"position\":1,\"name\":\"Startseite\",\"item\":\"https:\\\/\\\/dari-system.com\\\/it\\\/\"},{\"@type\":\"ListItem\",\"position\":2,\"name\":\"Chi siamo\"}]},{\"@type\":\"WebSite\",\"@id\":\"https:\\\/\\\/dari-system.com\\\/it\\\/#website\",\"url\":\"https:\\\/\\\/dari-system.com\\\/it\\\/\",\"name\":\"DaRi System\",\"description\":\"\",\"potentialAction\":[{\"@type\":\"SearchAction\",\"target\":{\"@type\":\"EntryPoint\",\"urlTemplate\":\"https:\\\/\\\/dari-system.com\\\/it\\\/?s={search_term_string}\"},\"query-input\":{\"@type\":\"PropertyValueSpecification\",\"valueRequired\":true,\"valueName\":\"search_term_string\"}}],\"inLanguage\":\"it-IT\"}]}<\/script>\n<!-- \/ Yoast SEO plugin. -->","yoast_head_json":{"title":"Chi siamo - DaRi System","robots":{"index":"index","follow":"follow","max-snippet":"max-snippet:-1","max-image-preview":"max-image-preview:large","max-video-preview":"max-video-preview:-1"},"canonical":"https:\/\/dari-system.com\/it\/chi-siamo\/","og_locale":"it_IT","og_type":"article","og_title":"Chi siamo - DaRi System","og_description":"Il percorso verso il sistema DaRi perfettoIl vostro esperto nella protezione delle grondaie \u2013 leader mondiale e innovativo Siamo orgogliosi di essere uno dei principali produttori a livello mondiale, specializzati esclusivamente nello sviluppo e nella produzione di sistemi di alta qualit\u00e0 per la protezione delle grondaie. Che si tratti di abitazioni, edifici industriali, verande o [&hellip;]","og_url":"https:\/\/dari-system.com\/it\/chi-siamo\/","og_site_name":"DaRi System","article_modified_time":"2025-01-26T16:00:55+00:00","twitter_card":"summary_large_image","twitter_misc":{"Tempo di lettura stimato":"3 minuti"},"schema":{"@context":"https:\/\/schema.org","@graph":[{"@type":"WebPage","@id":"https:\/\/dari-system.com\/it\/chi-siamo\/","url":"https:\/\/dari-system.com\/it\/chi-siamo\/","name":"Chi siamo - DaRi System","isPartOf":{"@id":"https:\/\/dari-system.com\/it\/#website"},"datePublished":"2024-05-29T09:26:04+00:00","dateModified":"2025-01-26T16:00:55+00:00","breadcrumb":{"@id":"https:\/\/dari-system.com\/it\/chi-siamo\/#breadcrumb"},"inLanguage":"it-IT","potentialAction":[{"@type":"ReadAction","target":["https:\/\/dari-system.com\/it\/chi-siamo\/"]}]},{"@type":"BreadcrumbList","@id":"https:\/\/dari-system.com\/it\/chi-siamo\/#breadcrumb","itemListElement":[{"@type":"ListItem","position":1,"name":"Startseite","item":"https:\/\/dari-system.com\/it\/"},{"@type":"ListItem","position":2,"name":"Chi siamo"}]},{"@type":"WebSite","@id":"https:\/\/dari-system.com\/it\/#website","url":"https:\/\/dari-system.com\/it\/","name":"DaRi System","description":"","potentialAction":[{"@type":"SearchAction","target":{"@type":"EntryPoint","urlTemplate":"https:\/\/dari-system.com\/it\/?s={search_term_string}"},"query-input":{"@type":"PropertyValueSpecification","valueRequired":true,"valueName":"search_term_string"}}],"inLanguage":"it-IT"}]}},"_links":{"self":[{"href":"https:\/\/dari-system.com\/it\/wp-json\/wp\/v2\/pages\/25546148","targetHints":{"allow":["GET"]}}],"collection":[{"href":"https:\/\/dari-system.com\/it\/wp-json\/wp\/v2\/pages"}],"about":[{"href":"https:\/\/dari-system.com\/it\/wp-json\/wp\/v2\/types\/page"}],"author":[{"embeddable":true,"href":"https:\/\/dari-system.com\/it\/wp-json\/wp\/v2\/users\/1"}],"replies":[{"embeddable":true,"href":"https:\/\/dari-system.com\/it\/wp-json\/wp\/v2\/comments?post=25546148"}],"version-history":[{"count":2,"href":"https:\/\/dari-system.com\/it\/wp-json\/wp\/v2\/pages\/25546148\/revisions"}],"predecessor-version":[{"id":25549909,"href":"https:\/\/dari-system.com\/it\/wp-json\/wp\/v2\/pages\/25546148\/revisions\/25549909"}],"wp:attachment":[{"href":"https:\/\/dari-system.com\/it\/wp-json\/wp\/v2\/media?parent=25546148"}],"wp:term":[{"taxonomy":"dipi_cpt_category","embeddable":true,"href":"https:\/\/dari-system.com\/it\/wp-json\/wp\/v2\/dipi_cpt_category?post=25546148"}],"curies":[{"name":"wp","href":"https:\/\/api.w.org\/{rel}","templated":true}]}}