{"id":25546133,"date":"2024-06-19T09:05:14","date_gmt":"2024-06-19T09:05:14","guid":{"rendered":"https:\/\/dari-system.com\/grondaia-parafoglie-2\/"},"modified":"2024-08-07T15:21:23","modified_gmt":"2024-08-07T15:21:23","slug":"grondaia-parafoglie-2","status":"publish","type":"page","link":"https:\/\/dari-system.com\/it\/grondaia-parafoglie-2\/","title":{"rendered":"Grondaia parafoglie"},"content":{"rendered":"<p>[et_pb_section fb_built=&#8221;1&#8243; fullwidth=&#8221;on&#8221; _builder_version=&#8221;4.25.0&#8243; _module_preset=&#8221;default&#8221; bottom_divider_color=&#8221;#FFFFFF&#8221; bottom_divider_height=&#8221;82px&#8221; bottom_divider_flip=&#8221;horizontal&#8221; locked=&#8221;off&#8221; global_colors_info=&#8221;{}&#8221;][et_pb_fullwidth_header title=&#8221;Grondaia parafoglie&#8221; subhead=&#8221;Ci\u00f2 di cui ogni proprietario di casa ha bisogno&#8221; _builder_version=&#8221;4.25.0&#8243; _module_preset=&#8221;default&#8221; title_font=&#8221;|800|||||||&#8221; title_font_size=&#8221;45px&#8221; background_image=&#8221;https:\/\/dari-system.com\/wp-content\/uploads\/2024\/05\/header_background.webp&#8221; background_position=&#8221;bottom_center&#8221; custom_padding=&#8221;8vh||8vh||true|false&#8221; title_font_size_tablet=&#8221;45px&#8221; title_font_size_phone=&#8221;29px&#8221; title_font_size_last_edited=&#8221;on|phone&#8221; content_font_size_tablet=&#8221;&#8221; content_font_size_phone=&#8221;17px&#8221; content_font_size_last_edited=&#8221;on|phone&#8221; global_colors_info=&#8221;{}&#8221;][\/et_pb_fullwidth_header][\/et_pb_section][et_pb_section fb_built=&#8221;1&#8243; _builder_version=&#8221;4.25.0&#8243; _module_preset=&#8221;default&#8221; custom_margin=&#8221;||0px||false|false&#8221; custom_padding=&#8221;||0px||false|false&#8221; global_colors_info=&#8221;{}&#8221;][et_pb_row column_structure=&#8221;1_2,1_2&#8243; _builder_version=&#8221;4.25.0&#8243; _module_preset=&#8221;default&#8221; global_colors_info=&#8221;{}&#8221;][et_pb_column type=&#8221;1_2&#8243; _builder_version=&#8221;4.25.0&#8243; _module_preset=&#8221;default&#8221; global_colors_info=&#8221;{}&#8221;][et_pb_text _builder_version=&#8221;4.25.0&#8243; _module_preset=&#8221;default&#8221; header_2_font=&#8221;|700|||||||&#8221; global_colors_info=&#8221;{}&#8221;]<\/p>\n<h2><strong>Il tuo raccogli-foglie perfetto per la grondaia<\/strong><\/h2>\n<p>Ogni proprietario di casa conosce il rischio di un&#8217;ostruzione della grondaia causata da foglie, aghi, muschio, piccoli rami, uccelli morti o fuochi d&#8217;artificio.<br \/>\nUn <strong>parafoglie per la grondaia<\/strong>, sia essa semicircolare o a cassetta, \u00e8 praticamente indispensabile sotto molti aspetti.<br \/>\nProbabilmente ci sono pochi lavori in casa e in giardino che le persone rimandano volentieri come la pulizia delle grondaie.<br \/>\nNon solo \u00e8 noioso prendere la scala e salire sul tetto pi\u00f9 volte all&#8217;anno, ma \u00e8 anche pericoloso stare in piedi su una scala lunga e traballante per pulire la grondaia.<br \/>\nUn parafoglie per grondaia o grondaia offre la soluzione perfetta.<br \/>\nUn raccogli-foglie per la grondaia fa risparmiare tempo prezioso.<br \/>\nSe le foglie bloccano la grondaia, l&#8217;acqua piovana si raccoglie e pu\u00f2 scorrere oltre la grondaia e bagnare le pareti della casa.<br \/>\nQuesto pu\u00f2 accadere anche con una grondaia a cassetta.<br \/>\nEcco perch\u00e9 un parafoglie \u00e8 un MUST per ogni proprietario di casa.        <\/p>\n<p>[\/et_pb_text][\/et_pb_column][et_pb_column type=&#8221;1_2&#8243; _builder_version=&#8221;4.25.0&#8243; _module_preset=&#8221;default&#8221; global_colors_info=&#8221;{}&#8221;][et_pb_image src=&#8221;https:\/\/dari-system.com\/wp-content\/uploads\/2024\/06\/laubfang-dachrinne.webp&#8221; alt=&#8221;Grondaia parafoglie&#8221; title_text=&#8221;grondaia parafoglie&#8221; _builder_version=&#8221;4.25.0&#8243; _module_preset=&#8221;default&#8221; custom_margin=&#8221;||5px||false|false&#8221; global_colors_info=&#8221;{}&#8221;][\/et_pb_image][et_pb_text _builder_version=&#8221;4.25.0&#8243; _module_preset=&#8221;default&#8221; custom_margin=&#8221;0px||||false|false&#8221; global_colors_info=&#8221;{}&#8221;]<\/p>\n<p style=\"text-align: center;\"><em>Grondaia parafoglie DaRi-System<\/em><\/p>\n<p>[\/et_pb_text][\/et_pb_column][\/et_pb_row][\/et_pb_section][et_pb_section fb_built=&#8221;1&#8243; _builder_version=&#8221;4.25.0&#8243; _module_preset=&#8221;default&#8221; custom_margin=&#8221;0px||||false|false&#8221; custom_padding=&#8221;0px||||false|false&#8221; global_colors_info=&#8221;{}&#8221;][et_pb_row _builder_version=&#8221;4.25.0&#8243; _module_preset=&#8221;default&#8221; global_colors_info=&#8221;{}&#8221;][et_pb_column type=&#8221;4_4&#8243; _builder_version=&#8221;4.25.0&#8243; _module_preset=&#8221;default&#8221; global_colors_info=&#8221;{}&#8221;][et_pb_text _builder_version=&#8221;4.25.0&#8243; _module_preset=&#8221;default&#8221; header_2_font=&#8221;|800|||||||&#8221; hover_enabled=&#8221;0&#8243; global_colors_info=&#8221;{}&#8221; sticky_enabled=&#8221;0&#8243;]<\/p>\n<h2><strong>Offriamo il parafoglie perfetto per grondaie e grondaie a cassonetto<\/strong><\/h2>\n<p>Se stai cercando il parafoglie perfetto per la tua grondaia, sei nel posto giusto.<br \/>\nAbbiamo la soluzione giusta per ogni grondaia.<br \/>\nIndipendentemente dal fatto che tu stia cercando un parafoglie per una grondaia semicircolare o per una grondaia a cassetta.<br \/>\nIl nostro sistema di parafoglie per grondaie a cassetta, appositamente sviluppato, pu\u00f2 essere adattato a grondaie di diverse larghezze ed \u00e8 quindi unico nel suo genere.<br \/>\nIl parafoglie per grondaie a cassetta \u00e8 quindi ideale per le grondaie a cassetta di tettoie, balconi e giardini d&#8217;inverno.<br \/>\nIn questi casi vengono solitamente installate grondaie non standardizzate.<br \/>\nTuttavia, questo non \u00e8 un problema per il nostro sistema parafoglie.      <\/p>\n<h2><strong>Massima qualit\u00e0 e miglior servizio<\/strong><\/h2>\n<p>Da oltre 20 anni ci occupiamo di come proteggere le grondaie dall&#8217;intasamento causato dalle foglie e abbiamo sviluppato prodotti di alta qualit\u00e0 fabbricati in Germania.<br \/>\nSiamo lieti di ricevere ogni richiesta.<br \/>\nInviaci una foto della tua grondaia e ti consiglieremo gratuitamente il sistema di cattura delle foglie pi\u00f9 adatto alla tua grondaia o alla tua grondaia.<br \/>\nTutto questo fa parte del nostro servizio completo per i raccoglifoglie per grondaie.<br \/>\nForniamo ai clienti di tutta Europa il sistema DaRi nel pi\u00f9 breve tempo possibile.<br \/>\nIl sistema DaRi soddisfa i pi\u00f9 alti standard di qualit\u00e0 e garantisce una lunga durata.<br \/>\nInoltre, con il sistema DaRi, ti garantiamo che la grondaia non sar\u00e0 pi\u00f9 ostruita dalle foglie.      <\/p>\n<h2><strong>Vantaggi dei parafoglie per le grondaie:<\/strong><\/h2>\n<ul>\n<li><strong>Prevengono le ostruzioni:<\/strong> I raccoglitori di foglie impediscono a foglie, rami e altri detriti di finire nelle grondaie, evitando cos\u00ec le ostruzioni.<\/li>\n<li><strong>Maggiore longevit\u00e0:<\/strong> riducendo gli intasamenti, si riducono al minimo i danni alle grondaie, come ruggine e corrosione, prolungandone la durata.<\/li>\n<li><strong>Migliorano il drenaggio dell&#8217;acqua:<\/strong> i raccogli-foglie consentono un migliore drenaggio dell&#8217;acqua, che pu\u00f2 scorrere liberamente attraverso la grondaia senza incontrare ostacoli.<\/li>\n<li><strong>Meno manutenzione:<\/strong> con il sistema DaRi, le grondaie devono essere pulite meno frequentemente, il che riduce gli interventi di manutenzione e fa risparmiare tempo.<\/li>\n<li><strong>Protezione contro i danni all&#8217;edificio: le<\/strong> grondaie intasate possono causare danni alla facciata dell&#8217;edificio, alle fondamenta e al tetto.<br \/>\nI raccogli-foglie proteggono da questi danni. <\/li>\n<li><strong>Miglioramento dell&#8217;estetica:<\/strong> grondaie pulite e senza depositi visibili contribuiscono all&#8217;estetica dell&#8217;edificio<strong>.<\/strong> <\/li>\n<li><strong>Rispettoso dell&#8217;ambiente:<\/strong> prevenendo le ostruzioni e i danni che ne derivano, il sistema DaRi aiuta a ridurre la necessit\u00e0 di riparazioni e sostituzioni, risparmiando risorse ed energia.<br \/>\nIl sistema DaRi \u00e8 completamente riciclabile. <\/li>\n<\/ul>\n<p>Anche questo potrebbe essere di tuo interesse:<\/p>\n<ul>\n<li><a href=\"https:\/\/dari-system.com\/it\/grondaia-parafoglie-2\/\" title=\"Grondaia parafoglie\"><a href=\"https:\/\/dari-system.com\/it\/grondaia-parafoglie-2\/\">Parafoglie per la grondaia<\/a><\/a><\/li>\n<li><a href=\"https:\/\/dari-system.com\/it\/grondaie-per-la-pioggia-parafoglie\/\" title=\"Grondaie per la pioggia Parafoglie\"><a href=\"https:\/\/dari-system.com\/it\/grondaie-per-la-pioggia-parafoglie\/\">Grondaie per la pioggia Parafoglie<\/a><\/a><\/li>\n<li><a href=\"https:\/\/dari-system.com\/it\/grondaia-parafoglie\/\" title=\"Grondaia parafoglie\"><a href=\"https:\/\/dari-system.com\/it\/grondaia-parafoglie\/\">Protezione dalle foglie per le grondaie<\/a><\/a><\/li>\n<li><a href=\"https:\/\/dari-system.com\/it\/copri-grondaia\/\" title=\"Copri grondaia\"> <a href=\"https:\/\/dari-system.com\/it\/copri-grondaia\/\"> Copri grondaia<\/a><\/a><\/li>\n<\/ul>\n<p>[\/et_pb_text][\/et_pb_column][\/et_pb_row][\/et_pb_section]<\/p>\n","protected":false},"excerpt":{"rendered":"<p>Il tuo raccogli-foglie perfetto per la grondaia Ogni proprietario di casa conosce il rischio di un&#8217;ostruzione della grondaia causata da foglie, aghi, muschio, piccoli rami, uccelli morti o fuochi d&#8217;artificio. Un parafoglie per la grondaia, sia essa semicircolare o a cassetta, \u00e8 praticamente indispensabile sotto molti aspetti. Probabilmente ci sono pochi lavori in casa e [&hellip;]<\/p>\n","protected":false},"author":1,"featured_media":0,"parent":0,"menu_order":0,"comment_status":"closed","ping_status":"closed","template":"","meta":{"_et_pb_use_builder":"on","_et_pb_old_content":"","_et_gb_content_width":"","iawp_total_views":250,"footnotes":""},"dipi_cpt_category":[],"class_list":["post-25546133","page","type-page","status-publish","hentry"],"yoast_head":"<!-- This site is optimized with the Yoast SEO plugin v27.4 - https:\/\/yoast.com\/product\/yoast-seo-wordpress\/ -->\n<title>Un&#039;efficace protezione dalle foglie per le tue grondaie - Sistema DaRi<\/title>\n<meta name=\"description\" content=\"Scopri la trappola per foglie perfetta per la tua grondaia. Niente pi\u00f9 intasamenti e pulizie noiose con il sistema DaRi. Scopri subito di pi\u00f9!\" \/>\n<meta name=\"robots\" content=\"index, follow, max-snippet:-1, max-image-preview:large, max-video-preview:-1\" \/>\n<link rel=\"canonical\" href=\"https:\/\/dari-system.com\/it\/grondaia-parafoglie-2\/\" \/>\n<meta property=\"og:locale\" content=\"it_IT\" \/>\n<meta property=\"og:type\" content=\"article\" \/>\n<meta property=\"og:title\" content=\"Un&#039;efficace protezione dalle foglie per le tue grondaie - Sistema DaRi\" \/>\n<meta property=\"og:description\" content=\"Scopri la trappola per foglie perfetta per la tua grondaia. Niente pi\u00f9 intasamenti e pulizie noiose con il sistema DaRi. Scopri subito di pi\u00f9!\" \/>\n<meta property=\"og:url\" content=\"https:\/\/dari-system.com\/it\/grondaia-parafoglie-2\/\" \/>\n<meta property=\"og:site_name\" content=\"DaRi System\" \/>\n<meta property=\"article:modified_time\" content=\"2024-08-07T15:21:23+00:00\" \/>\n<meta name=\"twitter:card\" content=\"summary_large_image\" \/>\n<meta name=\"twitter:label1\" content=\"Tempo di lettura stimato\" \/>\n\t<meta name=\"twitter:data1\" content=\"5 minuti\" \/>\n<script type=\"application\/ld+json\" class=\"yoast-schema-graph\">{\"@context\":\"https:\\\/\\\/schema.org\",\"@graph\":[{\"@type\":\"WebPage\",\"@id\":\"https:\\\/\\\/dari-system.com\\\/it\\\/grondaia-parafoglie-2\\\/\",\"url\":\"https:\\\/\\\/dari-system.com\\\/it\\\/grondaia-parafoglie-2\\\/\",\"name\":\"Un'efficace protezione dalle foglie per le tue grondaie - Sistema DaRi\",\"isPartOf\":{\"@id\":\"https:\\\/\\\/dari-system.com\\\/it\\\/#website\"},\"datePublished\":\"2024-06-19T09:05:14+00:00\",\"dateModified\":\"2024-08-07T15:21:23+00:00\",\"description\":\"Scopri la trappola per foglie perfetta per la tua grondaia. Niente pi\u00f9 intasamenti e pulizie noiose con il sistema DaRi. Scopri subito di pi\u00f9!\",\"breadcrumb\":{\"@id\":\"https:\\\/\\\/dari-system.com\\\/it\\\/grondaia-parafoglie-2\\\/#breadcrumb\"},\"inLanguage\":\"it-IT\",\"potentialAction\":[{\"@type\":\"ReadAction\",\"target\":[\"https:\\\/\\\/dari-system.com\\\/it\\\/grondaia-parafoglie-2\\\/\"]}]},{\"@type\":\"BreadcrumbList\",\"@id\":\"https:\\\/\\\/dari-system.com\\\/it\\\/grondaia-parafoglie-2\\\/#breadcrumb\",\"itemListElement\":[{\"@type\":\"ListItem\",\"position\":1,\"name\":\"Startseite\",\"item\":\"https:\\\/\\\/dari-system.com\\\/it\\\/\"},{\"@type\":\"ListItem\",\"position\":2,\"name\":\"Grondaia parafoglie\"}]},{\"@type\":\"WebSite\",\"@id\":\"https:\\\/\\\/dari-system.com\\\/it\\\/#website\",\"url\":\"https:\\\/\\\/dari-system.com\\\/it\\\/\",\"name\":\"DaRi System\",\"description\":\"\",\"potentialAction\":[{\"@type\":\"SearchAction\",\"target\":{\"@type\":\"EntryPoint\",\"urlTemplate\":\"https:\\\/\\\/dari-system.com\\\/it\\\/?s={search_term_string}\"},\"query-input\":{\"@type\":\"PropertyValueSpecification\",\"valueRequired\":true,\"valueName\":\"search_term_string\"}}],\"inLanguage\":\"it-IT\"}]}<\/script>\n<!-- \/ Yoast SEO plugin. -->","yoast_head_json":{"title":"Un'efficace protezione dalle foglie per le tue grondaie - Sistema DaRi","description":"Scopri la trappola per foglie perfetta per la tua grondaia. Niente pi\u00f9 intasamenti e pulizie noiose con il sistema DaRi. Scopri subito di pi\u00f9!","robots":{"index":"index","follow":"follow","max-snippet":"max-snippet:-1","max-image-preview":"max-image-preview:large","max-video-preview":"max-video-preview:-1"},"canonical":"https:\/\/dari-system.com\/it\/grondaia-parafoglie-2\/","og_locale":"it_IT","og_type":"article","og_title":"Un'efficace protezione dalle foglie per le tue grondaie - Sistema DaRi","og_description":"Scopri la trappola per foglie perfetta per la tua grondaia. Niente pi\u00f9 intasamenti e pulizie noiose con il sistema DaRi. Scopri subito di pi\u00f9!","og_url":"https:\/\/dari-system.com\/it\/grondaia-parafoglie-2\/","og_site_name":"DaRi System","article_modified_time":"2024-08-07T15:21:23+00:00","twitter_card":"summary_large_image","twitter_misc":{"Tempo di lettura stimato":"5 minuti"},"schema":{"@context":"https:\/\/schema.org","@graph":[{"@type":"WebPage","@id":"https:\/\/dari-system.com\/it\/grondaia-parafoglie-2\/","url":"https:\/\/dari-system.com\/it\/grondaia-parafoglie-2\/","name":"Un'efficace protezione dalle foglie per le tue grondaie - Sistema DaRi","isPartOf":{"@id":"https:\/\/dari-system.com\/it\/#website"},"datePublished":"2024-06-19T09:05:14+00:00","dateModified":"2024-08-07T15:21:23+00:00","description":"Scopri la trappola per foglie perfetta per la tua grondaia. Niente pi\u00f9 intasamenti e pulizie noiose con il sistema DaRi. Scopri subito di pi\u00f9!","breadcrumb":{"@id":"https:\/\/dari-system.com\/it\/grondaia-parafoglie-2\/#breadcrumb"},"inLanguage":"it-IT","potentialAction":[{"@type":"ReadAction","target":["https:\/\/dari-system.com\/it\/grondaia-parafoglie-2\/"]}]},{"@type":"BreadcrumbList","@id":"https:\/\/dari-system.com\/it\/grondaia-parafoglie-2\/#breadcrumb","itemListElement":[{"@type":"ListItem","position":1,"name":"Startseite","item":"https:\/\/dari-system.com\/it\/"},{"@type":"ListItem","position":2,"name":"Grondaia parafoglie"}]},{"@type":"WebSite","@id":"https:\/\/dari-system.com\/it\/#website","url":"https:\/\/dari-system.com\/it\/","name":"DaRi System","description":"","potentialAction":[{"@type":"SearchAction","target":{"@type":"EntryPoint","urlTemplate":"https:\/\/dari-system.com\/it\/?s={search_term_string}"},"query-input":{"@type":"PropertyValueSpecification","valueRequired":true,"valueName":"search_term_string"}}],"inLanguage":"it-IT"}]}},"_links":{"self":[{"href":"https:\/\/dari-system.com\/it\/wp-json\/wp\/v2\/pages\/25546133","targetHints":{"allow":["GET"]}}],"collection":[{"href":"https:\/\/dari-system.com\/it\/wp-json\/wp\/v2\/pages"}],"about":[{"href":"https:\/\/dari-system.com\/it\/wp-json\/wp\/v2\/types\/page"}],"author":[{"embeddable":true,"href":"https:\/\/dari-system.com\/it\/wp-json\/wp\/v2\/users\/1"}],"replies":[{"embeddable":true,"href":"https:\/\/dari-system.com\/it\/wp-json\/wp\/v2\/comments?post=25546133"}],"version-history":[{"count":1,"href":"https:\/\/dari-system.com\/it\/wp-json\/wp\/v2\/pages\/25546133\/revisions"}],"predecessor-version":[{"id":25546136,"href":"https:\/\/dari-system.com\/it\/wp-json\/wp\/v2\/pages\/25546133\/revisions\/25546136"}],"wp:attachment":[{"href":"https:\/\/dari-system.com\/it\/wp-json\/wp\/v2\/media?parent=25546133"}],"wp:term":[{"taxonomy":"dipi_cpt_category","embeddable":true,"href":"https:\/\/dari-system.com\/it\/wp-json\/wp\/v2\/dipi_cpt_category?post=25546133"}],"curies":[{"name":"wp","href":"https:\/\/api.w.org\/{rel}","templated":true}]}}