{"id":25546129,"date":"2024-06-19T09:23:15","date_gmt":"2024-06-19T09:23:15","guid":{"rendered":"https:\/\/dari-system.com\/grondaia-parafoglie\/"},"modified":"2024-08-07T15:21:22","modified_gmt":"2024-08-07T15:21:22","slug":"grondaia-parafoglie","status":"publish","type":"page","link":"https:\/\/dari-system.com\/it\/grondaia-parafoglie\/","title":{"rendered":"Grondaia parafoglie"},"content":{"rendered":"<p>[et_pb_section fb_built=&#8221;1&#8243; fullwidth=&#8221;on&#8221; _builder_version=&#8221;4.25.0&#8243; _module_preset=&#8221;default&#8221; bottom_divider_color=&#8221;#FFFFFF&#8221; bottom_divider_height=&#8221;82px&#8221; bottom_divider_flip=&#8221;horizontal&#8221; locked=&#8221;off&#8221; global_colors_info=&#8221;{}&#8221;][et_pb_fullwidth_header title=&#8221;Grondaia parafoglie&#8221; subhead=&#8221;In modo che tu possa dormire serenamente&#8221; _builder_version=&#8221;4.25.0&#8243; _module_preset=&#8221;default&#8221; title_font=&#8221;|800|||||||&#8221; title_font_size=&#8221;45px&#8221; background_image=&#8221;https:\/\/dari-system.com\/wp-content\/uploads\/2024\/05\/header_background.webp&#8221; background_position=&#8221;bottom_center&#8221; custom_padding=&#8221;8vh||8vh||true|false&#8221; title_font_size_tablet=&#8221;45px&#8221; title_font_size_phone=&#8221;29px&#8221; title_font_size_last_edited=&#8221;on|phone&#8221; content_font_size_tablet=&#8221;&#8221; content_font_size_phone=&#8221;17px&#8221; content_font_size_last_edited=&#8221;on|phone&#8221; global_colors_info=&#8221;{}&#8221;][\/et_pb_fullwidth_header][\/et_pb_section][et_pb_section fb_built=&#8221;1&#8243; _builder_version=&#8221;4.25.0&#8243; _module_preset=&#8221;default&#8221; custom_margin=&#8221;||0px||false|false&#8221; custom_padding=&#8221;||0px||false|false&#8221; global_colors_info=&#8221;{}&#8221;][et_pb_row column_structure=&#8221;1_2,1_2&#8243; _builder_version=&#8221;4.25.0&#8243; _module_preset=&#8221;default&#8221; global_colors_info=&#8221;{}&#8221;][et_pb_column type=&#8221;1_2&#8243; _builder_version=&#8221;4.25.0&#8243; _module_preset=&#8221;default&#8221; global_colors_info=&#8221;{}&#8221;][et_pb_text _builder_version=&#8221;4.25.0&#8243; _module_preset=&#8221;default&#8221; header_2_font=&#8221;|700|||||||&#8221; global_colors_info=&#8221;{}&#8221;]<\/p>\n<h2><strong>Il parafoglie ideale per la tua grondaia<\/strong><\/h2>\n<p>Conosci anche tu il problema di passare notti insonni in autunno perch\u00e9 temi che la tua grondaia o il tuo canale di scolo si intasino di foglie e tracimino quando piove?<br \/>\nTutti i proprietari di casa probabilmente conoscono questo problema.<br \/>\nPer questo motivo \u00e8 necessario un parafoglie per la grondaia o il canale di scolo, in modo da poter dormire di nuovo sonni tranquilli.<br \/>\nInfatti, un parafoglie per grondaia pu\u00f2 evitare efficacemente che foglie, muschio, piccoli rami o aghi cadano nella grondaia o nel canale di scolo.<br \/>\nUn <strong>parafoglie per grondaia<\/strong> \u00e8 una soluzione particolarmente efficace per risparmiarti un sacco di lavoro.    <\/p>\n<p>[\/et_pb_text][\/et_pb_column][et_pb_column type=&#8221;1_2&#8243; _builder_version=&#8221;4.25.0&#8243; _module_preset=&#8221;default&#8221; global_colors_info=&#8221;{}&#8221;][et_pb_image src=&#8221;https:\/\/dari-system.com\/wp-content\/uploads\/2024\/06\/laubschutz-dachrinne.webp&#8221; alt=&#8221;Grondaia parafoglie&#8221; title_text=&#8221;grondaia parafoglie&#8221; _builder_version=&#8221;4.25.0&#8243; _module_preset=&#8221;default&#8221; custom_margin=&#8221;||5px||false|false&#8221; global_colors_info=&#8221;{}&#8221;][\/et_pb_image][et_pb_text _builder_version=&#8221;4.25.0&#8243; _module_preset=&#8221;default&#8221; custom_margin=&#8221;0px||||false|false&#8221; global_colors_info=&#8221;{}&#8221;]<\/p>\n<p style=\"text-align: center;\"><em>Grondaia parafoglie DaRi-System<\/em><\/p>\n<p>[\/et_pb_text][\/et_pb_column][\/et_pb_row][\/et_pb_section][et_pb_section fb_built=&#8221;1&#8243; _builder_version=&#8221;4.25.0&#8243; _module_preset=&#8221;default&#8221; custom_margin=&#8221;0px||||false|false&#8221; custom_padding=&#8221;0px||||false|false&#8221; global_colors_info=&#8221;{}&#8221;][et_pb_row _builder_version=&#8221;4.25.0&#8243; _module_preset=&#8221;default&#8221; global_colors_info=&#8221;{}&#8221;][et_pb_column type=&#8221;4_4&#8243; _builder_version=&#8221;4.25.0&#8243; _module_preset=&#8221;default&#8221; global_colors_info=&#8221;{}&#8221;][et_pb_text _builder_version=&#8221;4.25.0&#8243; _module_preset=&#8221;default&#8221; header_2_font=&#8221;|700|||||||&#8221; hover_enabled=&#8221;0&#8243; global_colors_info=&#8221;{}&#8221; sticky_enabled=&#8221;0&#8243;]<\/p>\n<h2>La protezione dalle foglie per le grondaie: non \u00e8 un lusso, ma \u00e8 necessaria per ogni grondaia.<\/h2>\n<p>Un parafoglie per la grondaia non \u00e8 un lusso.<br \/>\nSe consideri lo sforzo che devi fare per pulire la grondaia pi\u00f9 volte all&#8217;anno, puoi semplificarti la vita installando un parafoglie per la grondaia o il canale di scolo.<br \/>\nQuesto perch\u00e9 la pulizia delle grondaie non \u00e8 solo noiosa, ma anche pericolosa.<br \/>\nPi\u00f9 si invecchia, pi\u00f9 aumenta il rischio di incidenti.<br \/>\nDopo tutto, la grondaia si trova a diversi metri dal suolo.<br \/>\nCon un parafoglie per le grondaie, non solo ti risparmi un lavoro spiacevole, ma riduci anche il rischio di incidenti e fai qualcosa per la tua salute.<br \/>\nLe grondaie di verande, tettoie e balconi spesso non sono standardizzate.<br \/>\nDi solito vengono installate grondaie a cassonetto strette.<br \/>\nTrovare un parafoglie per queste grondaie non \u00e8 cos\u00ec facile.<br \/>\nTuttavia, la nostra gamma comprende parafoglie non solo per grondaie normali e semicircolari, ma anche per grondaie a cassetta di diverse larghezze.<br \/>\nIn questo modo puoi proteggere anche le grondaie strette da eventuali ostruzioni.          <\/p>\n<h2>Acquista solo protezioni di alta qualit\u00e0 per le grondaie<\/h2>\n<p>Se stai cercando un parafoglie di alta qualit\u00e0 e di lunga durata per la tua grondaia, allora sei nel posto giusto.<br \/>\nDa 20 anni ci occupiamo di protezione dalle foglie per grondaie e cassonetti e siamo sempre alla ricerca delle soluzioni migliori per i nostri clienti.<br \/>\nSiamo esperti assoluti in questo campo e un parafoglie per grondaie della nostra azienda \u00e8 di altissima qualit\u00e0 e durata.  <\/p>\n<h2>Il <em>servizio<\/em> \u00e8 una priorit\u00e0 assoluta per noi.<br \/>\nAnche per la protezione dalle foglie delle grondaie <\/h2>\n<p>Da 20 anni siamo gli esperti di ogni tipo di protezione per le grondaie.<br \/>\nTutti i sistemi sono stati progettati e testati da noi e ora sono prodotti in Germania.<br \/>\nPuoi inviarci le foto della tua grondaia e ti consiglieremo gratuitamente il parafoglie per grondaia o grondaia pi\u00f9 adatto a te.  <\/p>\n<h2>Risparmia denaro con un parafoglie per le grondaie<\/h2>\n<p>Hai mai pensato a cosa pu\u00f2 succedere se la tua grondaia si intasa e trabocca quando piove?<br \/>\nAnche la cantina pu\u00f2 riempirsi d&#8217;acqua attraverso il pozzo luce.<br \/>\nUn parafoglie per la grondaia evita questo rischio e ti fa risparmiare un sacco di soldi.<\/p>\n<p>Dopotutto, un parafoglie per grondaia \u00e8 un investimento una tantum e a lungo termine avrai pace e tranquillit\u00e0 sul tuo tetto. Un parafoglie per grondaia ti semplifica la vita Con un parafoglie per grondaia o grondaia, puoi andare in vacanza in autunno senza doverti preoccupare che la grondaia si intasi.<br \/>\nLa tua vita sar\u00e0 pi\u00f9 facile e potrai concentrarti su cose pi\u00f9 piacevoli quando saprai che la tua grondaia \u00e8 protetta in modo permanente da un parafoglie.    <\/p>\n<p>Anche questo potrebbe essere di tuo interesse:<\/p>\n<ul>\n<li><a href=\"https:\/\/dari-system.com\/laubfang-dachrinne\/\" title=\"Grondaia parafoglie\"><a href=\"https:\/\/dari-system.com\/laubfang-dachrinne\/\">Parafoglie per la grondaia<\/a><\/a><\/li>\n<li><a href=\"https:\/\/dari-system.com\/it\/grondaie-per-la-pioggia-parafoglie\/\" title=\"Grondaie per la pioggia Parafoglie\"><a href=\"https:\/\/dari-system.com\/it\/grondaie-per-la-pioggia-parafoglie\/\">Grondaie per la pioggia Parafoglie<\/a><\/a><\/li>\n<li><a href=\"https:\/\/dari-system.com\/it\/grondaia-parafoglie\/\" title=\"Grondaia parafoglie\"><a href=\"https:\/\/dari-system.com\/it\/grondaia-parafoglie\/\">Protezione dalle foglie per le grondaie<\/a><\/a><\/li>\n<li><a href=\"https:\/\/dari-system.com\/it\/copri-grondaia\/\" title=\"Copri grondaia\"> <a href=\"https:\/\/dari-system.com\/it\/copri-grondaia\/\"> Copri grondaia <\/a> <\/a><\/li>\n<\/ul>\n<p>[\/et_pb_text][\/et_pb_column][\/et_pb_row][\/et_pb_section]<\/p>\n","protected":false},"excerpt":{"rendered":"<p>Il parafoglie ideale per la tua grondaia Conosci anche tu il problema di passare notti insonni in autunno perch\u00e9 temi che la tua grondaia o il tuo canale di scolo si intasino di foglie e tracimino quando piove? Tutti i proprietari di casa probabilmente conoscono questo problema. Per questo motivo \u00e8 necessario un parafoglie per [&hellip;]<\/p>\n","protected":false},"author":1,"featured_media":0,"parent":0,"menu_order":0,"comment_status":"closed","ping_status":"closed","template":"","meta":{"_et_pb_use_builder":"on","_et_pb_old_content":"","_et_gb_content_width":"","iawp_total_views":106,"footnotes":""},"dipi_cpt_category":[],"class_list":["post-25546129","page","type-page","status-publish","hentry"],"yoast_head":"<!-- This site is optimized with the Yoast SEO plugin v27.2 - https:\/\/yoast.com\/product\/yoast-seo-wordpress\/ -->\n<title>Protezione ottimale dalle foglie per le tue grondaie grazie a DaRi-System<\/title>\n<meta name=\"description\" content=\"DaRi protegge la tua grondaia con un parafoglie di alta qualit\u00e0. Non dovrai pi\u00f9 preoccuparti di rimuovere le foglie. Scopri di pi\u00f9!\" \/>\n<meta name=\"robots\" content=\"index, follow, max-snippet:-1, max-image-preview:large, max-video-preview:-1\" \/>\n<link rel=\"canonical\" href=\"https:\/\/dari-system.com\/it\/grondaia-parafoglie\/\" \/>\n<meta property=\"og:locale\" content=\"it_IT\" \/>\n<meta property=\"og:type\" content=\"article\" \/>\n<meta property=\"og:title\" content=\"Protezione ottimale dalle foglie per le tue grondaie grazie a DaRi-System\" \/>\n<meta property=\"og:description\" content=\"DaRi protegge la tua grondaia con un parafoglie di alta qualit\u00e0. Non dovrai pi\u00f9 preoccuparti di rimuovere le foglie. Scopri di pi\u00f9!\" \/>\n<meta property=\"og:url\" content=\"https:\/\/dari-system.com\/it\/grondaia-parafoglie\/\" \/>\n<meta property=\"og:site_name\" content=\"DaRi System\" \/>\n<meta property=\"article:modified_time\" content=\"2024-08-07T15:21:22+00:00\" \/>\n<meta name=\"twitter:card\" content=\"summary_large_image\" \/>\n<meta name=\"twitter:label1\" content=\"Tempo di lettura stimato\" \/>\n\t<meta name=\"twitter:data1\" content=\"5 minuti\" \/>\n<script type=\"application\/ld+json\" class=\"yoast-schema-graph\">{\"@context\":\"https:\/\/schema.org\",\"@graph\":[{\"@type\":\"WebPage\",\"@id\":\"https:\/\/dari-system.com\/it\/grondaia-parafoglie\/\",\"url\":\"https:\/\/dari-system.com\/it\/grondaia-parafoglie\/\",\"name\":\"Protezione ottimale dalle foglie per le tue grondaie grazie a DaRi-System\",\"isPartOf\":{\"@id\":\"https:\/\/dari-system.com\/it\/#website\"},\"datePublished\":\"2024-06-19T09:23:15+00:00\",\"dateModified\":\"2024-08-07T15:21:22+00:00\",\"description\":\"DaRi protegge la tua grondaia con un parafoglie di alta qualit\u00e0. Non dovrai pi\u00f9 preoccuparti di rimuovere le foglie. Scopri di pi\u00f9!\",\"breadcrumb\":{\"@id\":\"https:\/\/dari-system.com\/it\/grondaia-parafoglie\/#breadcrumb\"},\"inLanguage\":\"it-IT\",\"potentialAction\":[{\"@type\":\"ReadAction\",\"target\":[\"https:\/\/dari-system.com\/it\/grondaia-parafoglie\/\"]}]},{\"@type\":\"BreadcrumbList\",\"@id\":\"https:\/\/dari-system.com\/it\/grondaia-parafoglie\/#breadcrumb\",\"itemListElement\":[{\"@type\":\"ListItem\",\"position\":1,\"name\":\"Startseite\",\"item\":\"https:\/\/dari-system.com\/it\/\"},{\"@type\":\"ListItem\",\"position\":2,\"name\":\"Grondaia parafoglie\"}]},{\"@type\":\"WebSite\",\"@id\":\"https:\/\/dari-system.com\/it\/#website\",\"url\":\"https:\/\/dari-system.com\/it\/\",\"name\":\"DaRi System\",\"description\":\"\",\"potentialAction\":[{\"@type\":\"SearchAction\",\"target\":{\"@type\":\"EntryPoint\",\"urlTemplate\":\"https:\/\/dari-system.com\/it\/?s={search_term_string}\"},\"query-input\":{\"@type\":\"PropertyValueSpecification\",\"valueRequired\":true,\"valueName\":\"search_term_string\"}}],\"inLanguage\":\"it-IT\"}]}<\/script>\n<!-- \/ Yoast SEO plugin. -->","yoast_head_json":{"title":"Protezione ottimale dalle foglie per le tue grondaie grazie a DaRi-System","description":"DaRi protegge la tua grondaia con un parafoglie di alta qualit\u00e0. Non dovrai pi\u00f9 preoccuparti di rimuovere le foglie. Scopri di pi\u00f9!","robots":{"index":"index","follow":"follow","max-snippet":"max-snippet:-1","max-image-preview":"max-image-preview:large","max-video-preview":"max-video-preview:-1"},"canonical":"https:\/\/dari-system.com\/it\/grondaia-parafoglie\/","og_locale":"it_IT","og_type":"article","og_title":"Protezione ottimale dalle foglie per le tue grondaie grazie a DaRi-System","og_description":"DaRi protegge la tua grondaia con un parafoglie di alta qualit\u00e0. Non dovrai pi\u00f9 preoccuparti di rimuovere le foglie. Scopri di pi\u00f9!","og_url":"https:\/\/dari-system.com\/it\/grondaia-parafoglie\/","og_site_name":"DaRi System","article_modified_time":"2024-08-07T15:21:22+00:00","twitter_card":"summary_large_image","twitter_misc":{"Tempo di lettura stimato":"5 minuti"},"schema":{"@context":"https:\/\/schema.org","@graph":[{"@type":"WebPage","@id":"https:\/\/dari-system.com\/it\/grondaia-parafoglie\/","url":"https:\/\/dari-system.com\/it\/grondaia-parafoglie\/","name":"Protezione ottimale dalle foglie per le tue grondaie grazie a DaRi-System","isPartOf":{"@id":"https:\/\/dari-system.com\/it\/#website"},"datePublished":"2024-06-19T09:23:15+00:00","dateModified":"2024-08-07T15:21:22+00:00","description":"DaRi protegge la tua grondaia con un parafoglie di alta qualit\u00e0. Non dovrai pi\u00f9 preoccuparti di rimuovere le foglie. Scopri di pi\u00f9!","breadcrumb":{"@id":"https:\/\/dari-system.com\/it\/grondaia-parafoglie\/#breadcrumb"},"inLanguage":"it-IT","potentialAction":[{"@type":"ReadAction","target":["https:\/\/dari-system.com\/it\/grondaia-parafoglie\/"]}]},{"@type":"BreadcrumbList","@id":"https:\/\/dari-system.com\/it\/grondaia-parafoglie\/#breadcrumb","itemListElement":[{"@type":"ListItem","position":1,"name":"Startseite","item":"https:\/\/dari-system.com\/it\/"},{"@type":"ListItem","position":2,"name":"Grondaia parafoglie"}]},{"@type":"WebSite","@id":"https:\/\/dari-system.com\/it\/#website","url":"https:\/\/dari-system.com\/it\/","name":"DaRi System","description":"","potentialAction":[{"@type":"SearchAction","target":{"@type":"EntryPoint","urlTemplate":"https:\/\/dari-system.com\/it\/?s={search_term_string}"},"query-input":{"@type":"PropertyValueSpecification","valueRequired":true,"valueName":"search_term_string"}}],"inLanguage":"it-IT"}]}},"_links":{"self":[{"href":"https:\/\/dari-system.com\/it\/wp-json\/wp\/v2\/pages\/25546129","targetHints":{"allow":["GET"]}}],"collection":[{"href":"https:\/\/dari-system.com\/it\/wp-json\/wp\/v2\/pages"}],"about":[{"href":"https:\/\/dari-system.com\/it\/wp-json\/wp\/v2\/types\/page"}],"author":[{"embeddable":true,"href":"https:\/\/dari-system.com\/it\/wp-json\/wp\/v2\/users\/1"}],"replies":[{"embeddable":true,"href":"https:\/\/dari-system.com\/it\/wp-json\/wp\/v2\/comments?post=25546129"}],"version-history":[{"count":1,"href":"https:\/\/dari-system.com\/it\/wp-json\/wp\/v2\/pages\/25546129\/revisions"}],"predecessor-version":[{"id":25546132,"href":"https:\/\/dari-system.com\/it\/wp-json\/wp\/v2\/pages\/25546129\/revisions\/25546132"}],"wp:attachment":[{"href":"https:\/\/dari-system.com\/it\/wp-json\/wp\/v2\/media?parent=25546129"}],"wp:term":[{"taxonomy":"dipi_cpt_category","embeddable":true,"href":"https:\/\/dari-system.com\/it\/wp-json\/wp\/v2\/dipi_cpt_category?post=25546129"}],"curies":[{"name":"wp","href":"https:\/\/api.w.org\/{rel}","templated":true}]}}