{"id":25546071,"date":"2024-05-23T13:32:49","date_gmt":"2024-05-23T13:32:49","guid":{"rendered":"https:\/\/dari-system.com\/gtc\/"},"modified":"2024-08-07T15:19:51","modified_gmt":"2024-08-07T15:19:51","slug":"gtc","status":"publish","type":"page","link":"https:\/\/dari-system.com\/it\/gtc\/","title":{"rendered":"GTC"},"content":{"rendered":"<p>[et_pb_section fb_built=&#8221;1&#8243; fullwidth=&#8221;on&#8221; _builder_version=&#8221;4.25.0&#8243; _module_preset=&#8221;default&#8221; bottom_divider_color=&#8221;#FFFFFF&#8221; bottom_divider_height=&#8221;82px&#8221; bottom_divider_flip=&#8221;horizontal&#8221; locked=&#8221;off&#8221; global_colors_info=&#8221;{}&#8221; theme_builder_area=&#8221;post_content&#8221;][et_pb_fullwidth_header title=&#8221;Termini e condizioni generali&#8221; _builder_version=&#8221;4.25.0&#8243; _module_preset=&#8221;default&#8221; title_font=&#8221;|800|||||||&#8221; title_font_size=&#8221;45px&#8221; background_image=&#8221;https:\/\/dari-system.com\/wp-content\/uploads\/2024\/05\/header_background.webp&#8221; background_position=&#8221;bottom_center&#8221; custom_padding=&#8221;8vh||8vh||true|false&#8221; hover_enabled=&#8221;0&#8243; title_font_size_tablet=&#8221;45px&#8221; title_font_size_phone=&#8221;29px&#8221; title_font_size_last_edited=&#8221;on|phone&#8221; content_font_size_tablet=&#8221;&#8221; content_font_size_phone=&#8221;17px&#8221; content_font_size_last_edited=&#8221;on|phone&#8221; global_colors_info=&#8221;{}&#8221; theme_builder_area=&#8221;post_content&#8221; sticky_enabled=&#8221;0&#8243;][\/et_pb_fullwidth_header][\/et_pb_section][et_pb_section fb_built=&#8221;1&#8243; theme_builder_area=&#8221;post_content&#8221; _builder_version=&#8221;4.25.0&#8243; _module_preset=&#8221;default&#8221;][et_pb_row _builder_version=&#8221;4.25.0&#8243; _module_preset=&#8221;default&#8221; theme_builder_area=&#8221;post_content&#8221;][et_pb_column _builder_version=&#8221;4.25.0&#8243; _module_preset=&#8221;default&#8221; type=&#8221;4_4&#8243; theme_builder_area=&#8221;post_content&#8221;][et_pb_text _builder_version=&#8221;4.25.0&#8243; _module_preset=&#8221;default&#8221; theme_builder_area=&#8221;post_content&#8221; hover_enabled=&#8221;0&#8243; sticky_enabled=&#8221;0&#8243;]<\/p>\n<h2>GTC<\/h2>\n<p>\u00a7 <strong>1 Ambito di applicazione e clausola di difesa<\/strong> (1) Le seguenti Condizioni Generali di Contratto, nella versione in vigore al momento dell&#8217;ordine, si applicano esclusivamente ai rapporti giuridici tra il gestore del negozio (di seguito &#8220;Fornitore&#8221;) e i suoi clienti instaurati tramite questo negozio Internet. (2) Condizioni Generali di Contratto diverse da quelle del cliente diventano parte integrante del contratto solo se il Fornitore ne accetta espressamente la validit\u00e0.<\/p>\n<p>\u00a7 <strong>2 Conclusione del contratto<\/strong> (1) La presentazione dei prodotti nel negozio Internet non costituisce un&#8217;offerta vincolante da parte del fornitore di concludere un contratto di acquisto.<br \/>\nAl cliente viene semplicemente richiesto di presentare un&#8217;offerta effettuando un ordine. <br \/>(2) Con l&#8217;invio dell&#8217;ordine nel negozio Internet, il cliente invia un&#8217;offerta vincolante per la stipula di un contratto di acquisto per i prodotti contenuti nel carrello.<br \/>\nInviando l&#8217;ordine, il cliente riconosce anche i presenti termini e condizioni come unici applicabili al rapporto legale con il fornitore. <br \/>(3) Il fornitore conferma la ricezione dell&#8217;ordine del cliente inviando un&#8217;e-mail di conferma.<br \/>\nLa conferma dell&#8217;ordine non costituisce un&#8217;accettazione dell&#8217;offerta contrattuale da parte del fornitore.<br \/>\nServe solo a informare il cliente che l&#8217;ordine \u00e8 stato ricevuto dal fornitore.<br \/>\nIl contratto d&#8217;acquisto si conclude solo quando il fornitore rilascia una dichiarazione di accettazione, tramite una dichiarazione esplicita o con la consegna della merce.   <\/p>\n<p>\u00a7 <strong>3 Riserva di propriet\u00e0<\/strong> La merce consegnata rimane di propriet\u00e0 del fornitore fino al completo pagamento.<\/p>\n<p>\u00a7 4 Scadenza <strong> Il pagamento del prezzo di acquisto \u00e8 dovuto alla conclusione del contratto.<\/strong><\/p>\n<p>\u00a7 <strong>5 Garanzia<\/strong> (1) I diritti di garanzia del cliente sono disciplinati dalle disposizioni di legge generali, salvo quanto diversamente specificato di seguito.<br \/>\nLa disposizione di cui al \u00a7 6 delle presenti CGV si applica alle richieste di risarcimento danni da parte del cliente nei confronti del fornitore. <br \/>(2) I diritti di garanzia variano a seconda che il cliente sia un consumatore o meno.<br \/>\nUn consumatore \u00e8 una persona fisica che conclude un negozio giuridico per uno scopo che non pu\u00f2 essere attribuito alla sua attivit\u00e0 commerciale o professionale indipendente. <br \/>(3) Il periodo di prescrizione per i diritti di garanzia del cliente \u00e8 di 2 anni per gli articoli di nuova produzione per i consumatori.<br \/>\nPer gli imprenditori, il periodo di prescrizione \u00e8 di 2 anni per gli articoli di nuova produzione e di 2 anni per gli articoli usati. <br \/>(4) Il fornitore non dichiara una garanzia.<\/p>\n<p>\u00a7 <strong>6 Esclusione di responsabilit\u00e0<\/strong> (1) Le richieste di risarcimento danni da parte del cliente sono escluse, se non diversamente specificato di seguito.<br \/>\nL&#8217;esclusione di responsabilit\u00e0 di cui sopra si applica anche ai rappresentanti legali e agli agenti vicari del fornitore, nella misura in cui il cliente rivendichi diritti nei loro confronti. <br \/>(2) Sono escluse dall&#8217;esclusione di responsabilit\u00e0 di cui alla Sezione 1 le richieste di risarcimento danni per lesioni alla vita, all&#8217;integrit\u00e0 fisica o alla salute e le richieste di risarcimento danni derivanti dalla violazione di obblighi contrattuali essenziali.<br \/>\nGli obblighi contrattuali essenziali sono quelli il cui adempimento \u00e8 necessario per raggiungere l&#8217;obiettivo del contratto, ad esempio il fornitore deve consegnare l&#8217;articolo al cliente privo di difetti materiali e di titoli di propriet\u00e0 e procurarsene la propriet\u00e0.<br \/>\n\u00c8 esclusa dall&#8217;esclusione di responsabilit\u00e0 anche la responsabilit\u00e0 per i danni derivanti da una violazione intenzionale o gravemente negligente del dovere da parte del fornitore, dei suoi rappresentanti legali o agenti vicari.  <br \/>(3) Le disposizioni della legge tedesca sulla responsabilit\u00e0 del prodotto (ProdHaftG) rimangono inalterate.<\/p>\n<p>\u00a7 <strong>7 Scelta della legge e foro competente<\/strong> (1) Al rapporto contrattuale tra il fornitore e il cliente si applica la legge della Repubblica Federale di Germania.<br \/>\nSono escluse da questa scelta di legge le norme obbligatorie per la protezione dei consumatori del paese in cui il cliente ha la sua residenza abituale.<br \/>\n\u00c8 esclusa l&#8217;applicazione della Convenzione delle Nazioni Unite sui contratti di vendita internazionale di beni mobili.  <br \/>(2) Il foro competente per tutte le controversie derivanti dal rapporto contrattuale tra il cliente e il fornitore \u00e8 la sede legale del fornitore, a condizione che il cliente sia un commerciante, una persona giuridica di diritto pubblico o un fondo speciale di diritto pubblico.<\/p>\n<p>\u00a7 <strong>8 Clausola di esclusione<\/strong> (1) Le presenti Condizioni Generali di Contratto contengono tutti i diritti e gli obblighi delle parti contraenti. (2) La lingua contrattuale \u00e8 il tedesco. (3) Qualora una o pi\u00f9 disposizioni delle presenti Condizioni Generali di Contratto siano o diventino non valide o contengano una lacuna, le parti contraenti si impegnano ad avviare trattative con l&#8217;obiettivo di sostituire o integrare la disposizione non valida o incompleta con un accordo individuale adeguato che corrisponda il pi\u00f9 possibile allo scopo economico della disposizione prevista.<br \/>\nLa validit\u00e0 delle restanti disposizioni rimarr\u00e0 inalterata. <\/p>\n<p>[\/et_pb_text][\/et_pb_column][\/et_pb_row][\/et_pb_section]<\/p>\n","protected":false},"excerpt":{"rendered":"<p>GTC \u00a7 1 Ambito di applicazione e clausola di difesa (1) Le seguenti Condizioni Generali di Contratto, nella versione in vigore al momento dell&#8217;ordine, si applicano esclusivamente ai rapporti giuridici tra il gestore del negozio (di seguito &#8220;Fornitore&#8221;) e i suoi clienti instaurati tramite questo negozio Internet. (2) Condizioni Generali di Contratto diverse da quelle [&hellip;]<\/p>\n","protected":false},"author":1,"featured_media":0,"parent":0,"menu_order":0,"comment_status":"closed","ping_status":"closed","template":"","meta":{"_et_pb_use_builder":"on","_et_pb_old_content":"","_et_gb_content_width":"","iawp_total_views":6,"footnotes":""},"dipi_cpt_category":[],"class_list":["post-25546071","page","type-page","status-publish","hentry"],"yoast_head":"<!-- This site is optimized with the Yoast SEO plugin v27.4 - https:\/\/yoast.com\/product\/yoast-seo-wordpress\/ -->\n<title>GTC - DaRi System<\/title>\n<meta name=\"robots\" content=\"index, follow, max-snippet:-1, max-image-preview:large, max-video-preview:-1\" \/>\n<link rel=\"canonical\" href=\"https:\/\/dari-system.com\/it\/gtc\/\" \/>\n<meta property=\"og:locale\" content=\"it_IT\" \/>\n<meta property=\"og:type\" content=\"article\" \/>\n<meta property=\"og:title\" content=\"GTC - DaRi System\" \/>\n<meta property=\"og:description\" content=\"GTC \u00a7 1 Ambito di applicazione e clausola di difesa (1) Le seguenti Condizioni Generali di Contratto, nella versione in vigore al momento dell&#039;ordine, si applicano esclusivamente ai rapporti giuridici tra il gestore del negozio (di seguito &quot;Fornitore&quot;) e i suoi clienti instaurati tramite questo negozio Internet. (2) Condizioni Generali di Contratto diverse da quelle [&hellip;]\" \/>\n<meta property=\"og:url\" content=\"https:\/\/dari-system.com\/it\/gtc\/\" \/>\n<meta property=\"og:site_name\" content=\"DaRi System\" \/>\n<meta property=\"article:modified_time\" content=\"2024-08-07T15:19:51+00:00\" \/>\n<meta name=\"twitter:card\" content=\"summary_large_image\" \/>\n<meta name=\"twitter:label1\" content=\"Tempo di lettura stimato\" \/>\n\t<meta name=\"twitter:data1\" content=\"5 minuti\" \/>\n<script type=\"application\/ld+json\" class=\"yoast-schema-graph\">{\"@context\":\"https:\\\/\\\/schema.org\",\"@graph\":[{\"@type\":\"WebPage\",\"@id\":\"https:\\\/\\\/dari-system.com\\\/it\\\/gtc\\\/\",\"url\":\"https:\\\/\\\/dari-system.com\\\/it\\\/gtc\\\/\",\"name\":\"GTC - DaRi System\",\"isPartOf\":{\"@id\":\"https:\\\/\\\/dari-system.com\\\/it\\\/#website\"},\"datePublished\":\"2024-05-23T13:32:49+00:00\",\"dateModified\":\"2024-08-07T15:19:51+00:00\",\"breadcrumb\":{\"@id\":\"https:\\\/\\\/dari-system.com\\\/it\\\/gtc\\\/#breadcrumb\"},\"inLanguage\":\"it-IT\",\"potentialAction\":[{\"@type\":\"ReadAction\",\"target\":[\"https:\\\/\\\/dari-system.com\\\/it\\\/gtc\\\/\"]}]},{\"@type\":\"BreadcrumbList\",\"@id\":\"https:\\\/\\\/dari-system.com\\\/it\\\/gtc\\\/#breadcrumb\",\"itemListElement\":[{\"@type\":\"ListItem\",\"position\":1,\"name\":\"Startseite\",\"item\":\"https:\\\/\\\/dari-system.com\\\/it\\\/\"},{\"@type\":\"ListItem\",\"position\":2,\"name\":\"GTC\"}]},{\"@type\":\"WebSite\",\"@id\":\"https:\\\/\\\/dari-system.com\\\/it\\\/#website\",\"url\":\"https:\\\/\\\/dari-system.com\\\/it\\\/\",\"name\":\"DaRi System\",\"description\":\"\",\"potentialAction\":[{\"@type\":\"SearchAction\",\"target\":{\"@type\":\"EntryPoint\",\"urlTemplate\":\"https:\\\/\\\/dari-system.com\\\/it\\\/?s={search_term_string}\"},\"query-input\":{\"@type\":\"PropertyValueSpecification\",\"valueRequired\":true,\"valueName\":\"search_term_string\"}}],\"inLanguage\":\"it-IT\"}]}<\/script>\n<!-- \/ Yoast SEO plugin. -->","yoast_head_json":{"title":"GTC - DaRi System","robots":{"index":"index","follow":"follow","max-snippet":"max-snippet:-1","max-image-preview":"max-image-preview:large","max-video-preview":"max-video-preview:-1"},"canonical":"https:\/\/dari-system.com\/it\/gtc\/","og_locale":"it_IT","og_type":"article","og_title":"GTC - DaRi System","og_description":"GTC \u00a7 1 Ambito di applicazione e clausola di difesa (1) Le seguenti Condizioni Generali di Contratto, nella versione in vigore al momento dell'ordine, si applicano esclusivamente ai rapporti giuridici tra il gestore del negozio (di seguito \"Fornitore\") e i suoi clienti instaurati tramite questo negozio Internet. (2) Condizioni Generali di Contratto diverse da quelle [&hellip;]","og_url":"https:\/\/dari-system.com\/it\/gtc\/","og_site_name":"DaRi System","article_modified_time":"2024-08-07T15:19:51+00:00","twitter_card":"summary_large_image","twitter_misc":{"Tempo di lettura stimato":"5 minuti"},"schema":{"@context":"https:\/\/schema.org","@graph":[{"@type":"WebPage","@id":"https:\/\/dari-system.com\/it\/gtc\/","url":"https:\/\/dari-system.com\/it\/gtc\/","name":"GTC - DaRi System","isPartOf":{"@id":"https:\/\/dari-system.com\/it\/#website"},"datePublished":"2024-05-23T13:32:49+00:00","dateModified":"2024-08-07T15:19:51+00:00","breadcrumb":{"@id":"https:\/\/dari-system.com\/it\/gtc\/#breadcrumb"},"inLanguage":"it-IT","potentialAction":[{"@type":"ReadAction","target":["https:\/\/dari-system.com\/it\/gtc\/"]}]},{"@type":"BreadcrumbList","@id":"https:\/\/dari-system.com\/it\/gtc\/#breadcrumb","itemListElement":[{"@type":"ListItem","position":1,"name":"Startseite","item":"https:\/\/dari-system.com\/it\/"},{"@type":"ListItem","position":2,"name":"GTC"}]},{"@type":"WebSite","@id":"https:\/\/dari-system.com\/it\/#website","url":"https:\/\/dari-system.com\/it\/","name":"DaRi System","description":"","potentialAction":[{"@type":"SearchAction","target":{"@type":"EntryPoint","urlTemplate":"https:\/\/dari-system.com\/it\/?s={search_term_string}"},"query-input":{"@type":"PropertyValueSpecification","valueRequired":true,"valueName":"search_term_string"}}],"inLanguage":"it-IT"}]}},"_links":{"self":[{"href":"https:\/\/dari-system.com\/it\/wp-json\/wp\/v2\/pages\/25546071","targetHints":{"allow":["GET"]}}],"collection":[{"href":"https:\/\/dari-system.com\/it\/wp-json\/wp\/v2\/pages"}],"about":[{"href":"https:\/\/dari-system.com\/it\/wp-json\/wp\/v2\/types\/page"}],"author":[{"embeddable":true,"href":"https:\/\/dari-system.com\/it\/wp-json\/wp\/v2\/users\/1"}],"replies":[{"embeddable":true,"href":"https:\/\/dari-system.com\/it\/wp-json\/wp\/v2\/comments?post=25546071"}],"version-history":[{"count":2,"href":"https:\/\/dari-system.com\/it\/wp-json\/wp\/v2\/pages\/25546071\/revisions"}],"predecessor-version":[{"id":25546073,"href":"https:\/\/dari-system.com\/it\/wp-json\/wp\/v2\/pages\/25546071\/revisions\/25546073"}],"wp:attachment":[{"href":"https:\/\/dari-system.com\/it\/wp-json\/wp\/v2\/media?parent=25546071"}],"wp:term":[{"taxonomy":"dipi_cpt_category","embeddable":true,"href":"https:\/\/dari-system.com\/it\/wp-json\/wp\/v2\/dipi_cpt_category?post=25546071"}],"curies":[{"name":"wp","href":"https:\/\/api.w.org\/{rel}","templated":true}]}}