{"id":25545552,"date":"2024-05-22T16:37:31","date_gmt":"2024-05-22T16:37:31","guid":{"rendered":"https:\/\/dari-system.com\/produkt\/dari-system-d3\/"},"modified":"2024-05-22T16:37:31","modified_gmt":"2024-05-22T16:37:31","slug":"dari-system-d3","status":"publish","type":"product","link":"https:\/\/dari-system.com\/fr\/produkt\/dari-system-d3\/","title":{"rendered":"DaRi-System D3"},"content":{"rendered":"<p class=\"p1\">Le DaRi-System D3 est disponible en 2 couleurs : <strong>noir<\/strong> pour les goutti\u00e8res en cuivre <strong>argent<\/strong> pour les goutti\u00e8res en zinc<\/p>\n","protected":false},"excerpt":{"rendered":"<p class=\"p1\">Pour une goutti\u00e8re de 76 cm, il faut toujours 2 pi\u00e8ces du DaRi-System D3.<br \/>\nLe DaRi-System 3 est utilis\u00e9 <strong><u>pas<\/u><\/strong> fix\u00e9 avec des agrafes. <\/p>\n","protected":false},"featured_media":25545553,"template":"","meta":{"_et_pb_use_builder":"","_et_pb_old_content":"<p class=\"p1\">Le DaRi-System D3 est disponible en 2 couleurs : <strong>noir<\/strong> pour les goutti\u00e8res en cuivre <strong>argent<\/strong> pour les goutti\u00e8res en zinc<\/p>","_et_gb_content_width":"","iawp_total_views":109},"product_brand":[],"product_cat":[281],"product_tag":[],"class_list":{"0":"post-25545552","1":"product","2":"type-product","3":"status-publish","4":"has-post-thumbnail","6":"product_cat-systeme-dari","8":"first","9":"instock","10":"taxable","11":"shipping-taxable","12":"product-type-grouped"},"yoast_head":"<!-- This site is optimized with the Yoast SEO plugin v27.2 - https:\/\/yoast.com\/product\/yoast-seo-wordpress\/ -->\n<title>DaRi-System D3 - DaRi System<\/title>\n<meta name=\"robots\" content=\"index, follow, max-snippet:-1, max-image-preview:large, max-video-preview:-1\" \/>\n<link rel=\"canonical\" href=\"https:\/\/dari-system.com\/fr\/produkt\/dari-system-d3\/\" \/>\n<meta property=\"og:locale\" content=\"fr_FR\" \/>\n<meta property=\"og:type\" content=\"article\" \/>\n<meta property=\"og:title\" content=\"DaRi-System D3 - DaRi System\" \/>\n<meta property=\"og:description\" content=\"Pour une goutti\u00e8re de 76 cm, il faut toujours 2 pi\u00e8ces du DaRi-System D3. Le DaRi-System 3 est utilis\u00e9 pas fix\u00e9 avec des agrafes.\" \/>\n<meta property=\"og:url\" content=\"https:\/\/dari-system.com\/fr\/produkt\/dari-system-d3\/\" \/>\n<meta property=\"og:site_name\" content=\"DaRi System\" \/>\n<meta name=\"twitter:card\" content=\"summary_large_image\" \/>\n<script type=\"application\/ld+json\" class=\"yoast-schema-graph\">{\"@context\":\"https:\/\/schema.org\",\"@graph\":[{\"@type\":\"WebPage\",\"@id\":\"https:\/\/dari-system.com\/fr\/produkt\/dari-system-d3\/\",\"url\":\"https:\/\/dari-system.com\/fr\/produkt\/dari-system-d3\/\",\"name\":\"DaRi-System D3 - DaRi System\",\"isPartOf\":{\"@id\":\"https:\/\/dari-system.com\/fr\/#website\"},\"primaryImageOfPage\":{\"@id\":\"https:\/\/dari-system.com\/fr\/produkt\/dari-system-d3\/#primaryimage\"},\"image\":{\"@id\":\"https:\/\/dari-system.com\/fr\/produkt\/dari-system-d3\/#primaryimage\"},\"thumbnailUrl\":\"https:\/\/dari-system.com\/wp-content\/uploads\/2024\/05\/dari_d3-1.webp\",\"datePublished\":\"2024-05-22T16:37:31+00:00\",\"breadcrumb\":{\"@id\":\"https:\/\/dari-system.com\/fr\/produkt\/dari-system-d3\/#breadcrumb\"},\"inLanguage\":\"fr-FR\",\"potentialAction\":[{\"@type\":\"ReadAction\",\"target\":[\"https:\/\/dari-system.com\/fr\/produkt\/dari-system-d3\/\"]}]},{\"@type\":\"ImageObject\",\"inLanguage\":\"fr-FR\",\"@id\":\"https:\/\/dari-system.com\/fr\/produkt\/dari-system-d3\/#primaryimage\",\"url\":\"https:\/\/dari-system.com\/wp-content\/uploads\/2024\/05\/dari_d3-1.webp\",\"contentUrl\":\"https:\/\/dari-system.com\/wp-content\/uploads\/2024\/05\/dari_d3-1.webp\",\"width\":1042,\"height\":1042},{\"@type\":\"BreadcrumbList\",\"@id\":\"https:\/\/dari-system.com\/fr\/produkt\/dari-system-d3\/#breadcrumb\",\"itemListElement\":[{\"@type\":\"ListItem\",\"position\":1,\"name\":\"Startseite\",\"item\":\"https:\/\/dari-system.com\/fr\/\"},{\"@type\":\"ListItem\",\"position\":2,\"name\":\"Boutique\",\"item\":\"https:\/\/dari-system.com\/boutique\/\"},{\"@type\":\"ListItem\",\"position\":3,\"name\":\"DaRi-System D3\"}]},{\"@type\":\"WebSite\",\"@id\":\"https:\/\/dari-system.com\/fr\/#website\",\"url\":\"https:\/\/dari-system.com\/fr\/\",\"name\":\"DaRi System\",\"description\":\"\",\"potentialAction\":[{\"@type\":\"SearchAction\",\"target\":{\"@type\":\"EntryPoint\",\"urlTemplate\":\"https:\/\/dari-system.com\/fr\/?s={search_term_string}\"},\"query-input\":{\"@type\":\"PropertyValueSpecification\",\"valueRequired\":true,\"valueName\":\"search_term_string\"}}],\"inLanguage\":\"fr-FR\"}]}<\/script>\n<!-- \/ Yoast SEO plugin. -->","yoast_head_json":{"title":"DaRi-System D3 - DaRi System","robots":{"index":"index","follow":"follow","max-snippet":"max-snippet:-1","max-image-preview":"max-image-preview:large","max-video-preview":"max-video-preview:-1"},"canonical":"https:\/\/dari-system.com\/fr\/produkt\/dari-system-d3\/","og_locale":"fr_FR","og_type":"article","og_title":"DaRi-System D3 - DaRi System","og_description":"Pour une goutti\u00e8re de 76 cm, il faut toujours 2 pi\u00e8ces du DaRi-System D3. Le DaRi-System 3 est utilis\u00e9 pas fix\u00e9 avec des agrafes.","og_url":"https:\/\/dari-system.com\/fr\/produkt\/dari-system-d3\/","og_site_name":"DaRi System","twitter_card":"summary_large_image","schema":{"@context":"https:\/\/schema.org","@graph":[{"@type":"WebPage","@id":"https:\/\/dari-system.com\/fr\/produkt\/dari-system-d3\/","url":"https:\/\/dari-system.com\/fr\/produkt\/dari-system-d3\/","name":"DaRi-System D3 - DaRi System","isPartOf":{"@id":"https:\/\/dari-system.com\/fr\/#website"},"primaryImageOfPage":{"@id":"https:\/\/dari-system.com\/fr\/produkt\/dari-system-d3\/#primaryimage"},"image":{"@id":"https:\/\/dari-system.com\/fr\/produkt\/dari-system-d3\/#primaryimage"},"thumbnailUrl":"https:\/\/dari-system.com\/wp-content\/uploads\/2024\/05\/dari_d3-1.webp","datePublished":"2024-05-22T16:37:31+00:00","breadcrumb":{"@id":"https:\/\/dari-system.com\/fr\/produkt\/dari-system-d3\/#breadcrumb"},"inLanguage":"fr-FR","potentialAction":[{"@type":"ReadAction","target":["https:\/\/dari-system.com\/fr\/produkt\/dari-system-d3\/"]}]},{"@type":"ImageObject","inLanguage":"fr-FR","@id":"https:\/\/dari-system.com\/fr\/produkt\/dari-system-d3\/#primaryimage","url":"https:\/\/dari-system.com\/wp-content\/uploads\/2024\/05\/dari_d3-1.webp","contentUrl":"https:\/\/dari-system.com\/wp-content\/uploads\/2024\/05\/dari_d3-1.webp","width":1042,"height":1042},{"@type":"BreadcrumbList","@id":"https:\/\/dari-system.com\/fr\/produkt\/dari-system-d3\/#breadcrumb","itemListElement":[{"@type":"ListItem","position":1,"name":"Startseite","item":"https:\/\/dari-system.com\/fr\/"},{"@type":"ListItem","position":2,"name":"Boutique","item":"https:\/\/dari-system.com\/boutique\/"},{"@type":"ListItem","position":3,"name":"DaRi-System D3"}]},{"@type":"WebSite","@id":"https:\/\/dari-system.com\/fr\/#website","url":"https:\/\/dari-system.com\/fr\/","name":"DaRi System","description":"","potentialAction":[{"@type":"SearchAction","target":{"@type":"EntryPoint","urlTemplate":"https:\/\/dari-system.com\/fr\/?s={search_term_string}"},"query-input":{"@type":"PropertyValueSpecification","valueRequired":true,"valueName":"search_term_string"}}],"inLanguage":"fr-FR"}]}},"_links":{"self":[{"href":"https:\/\/dari-system.com\/fr\/wp-json\/wp\/v2\/product\/25545552","targetHints":{"allow":["GET"]}}],"collection":[{"href":"https:\/\/dari-system.com\/fr\/wp-json\/wp\/v2\/product"}],"about":[{"href":"https:\/\/dari-system.com\/fr\/wp-json\/wp\/v2\/types\/product"}],"wp:featuredmedia":[{"embeddable":true,"href":"https:\/\/dari-system.com\/fr\/wp-json\/wp\/v2\/media\/25545553"}],"wp:attachment":[{"href":"https:\/\/dari-system.com\/fr\/wp-json\/wp\/v2\/media?parent=25545552"}],"wp:term":[{"taxonomy":"product_brand","embeddable":true,"href":"https:\/\/dari-system.com\/fr\/wp-json\/wp\/v2\/product_brand?post=25545552"},{"taxonomy":"product_cat","embeddable":true,"href":"https:\/\/dari-system.com\/fr\/wp-json\/wp\/v2\/product_cat?post=25545552"},{"taxonomy":"product_tag","embeddable":true,"href":"https:\/\/dari-system.com\/fr\/wp-json\/wp\/v2\/product_tag?post=25545552"}],"curies":[{"name":"wp","href":"https:\/\/api.w.org\/{rel}","templated":true}]}}