{"id":25549782,"date":"2024-11-05T07:26:49","date_gmt":"2024-11-05T07:26:49","guid":{"rendered":"https:\/\/dari-system.com\/?page_id=25549782"},"modified":"2024-11-05T07:26:51","modified_gmt":"2024-11-05T07:26:51","slug":"collecteur-de-feuilles-mortes-gouttiere-2","status":"publish","type":"page","link":"https:\/\/dari-system.com\/fr\/collecteur-de-feuilles-mortes-gouttiere-2\/","title":{"rendered":"Collecteur de feuilles mortes Goutti\u00e8re"},"content":{"rendered":"<p>[et_pb_section fb_built=\u00a0\u00bb1&Prime; fullwidth=\u00a0\u00bbon\u00a0\u00bb _builder_version=\u00a0\u00bb4.25.0&Prime; _module_preset=\u00a0\u00bbdefault\u00a0\u00bb bottom_divider_color=\u00a0\u00bb#FFFFFF\u00a0\u00bb bottom_divider_height=\u00a0\u00bb82px\u00a0\u00bb bottom_divider_flip=\u00a0\u00bbhorizontal\u00a0\u00bb locked=\u00a0\u00bboff\u00a0\u00bb global_colors_info=\u00a0\u00bb{}\u00a0\u00bb][et_pb_fullwidth_header title=\u00a0\u00bbCollecteur de feuilles mortes Goutti\u00e8re\u00a0\u00bb subhead=\u00a0\u00bbCe dont chaque propri\u00e9taire a besoin\u00a0\u00bb _builder_version=\u00a0\u00bb4.25.0&Prime; _module_preset=\u00a0\u00bbdefault\u00a0\u00bb title_font=\u00a0\u00bb|800|||||||\u00a0\u00bb title_font_size=\u00a0\u00bb45px\u00a0\u00bb background_image=\u00a0\u00bbhttps:\/\/dari-system.com\/wp-content\/uploads\/2024\/05\/header_background.webp\u00a0\u00bb background_position=\u00a0\u00bbbottom_center\u00a0\u00bb custom_padding=\u00a0\u00bb8vh||8vh||true|false\u00a0\u00bb title_font_size_tablet=\u00a0\u00bb45px\u00a0\u00bb title_font_size_phone=\u00a0\u00bb29px\u00a0\u00bb title_font_size_last_edited=\u00a0\u00bbon|phone\u00a0\u00bb content_font_size_tablet=\u00a0\u00bb\u00a0\u00bb content_font_size_phone=\u00a0\u00bb17px\u00a0\u00bb content_font_size_last_edited=\u00a0\u00bbon|phone\u00a0\u00bb global_colors_info=\u00a0\u00bb{}\u00a0\u00bb][\/et_pb_fullwidth_header][\/et_pb_section][et_pb_section fb_built=\u00a0\u00bb1&Prime; _builder_version=\u00a0\u00bb4.25.0&Prime; _module_preset=\u00a0\u00bbdefault\u00a0\u00bb custom_margin=\u00a0\u00bb||0px||false|false\u00a0\u00bb custom_padding=\u00a0\u00bb||0px||false|false\u00a0\u00bb global_colors_info=\u00a0\u00bb{}\u00a0\u00bb][et_pb_row column_structure=\u00a0\u00bb1_2,1_2&Prime; _builder_version=\u00a0\u00bb4.25.0&Prime; _module_preset=\u00a0\u00bbdefault\u00a0\u00bb global_colors_info=\u00a0\u00bb{}\u00a0\u00bb][et_pb_column type=\u00a0\u00bb1_2&Prime; _builder_version=\u00a0\u00bb4.25.0&Prime; _module_preset=\u00a0\u00bbdefault\u00a0\u00bb global_colors_info=\u00a0\u00bb{}\u00a0\u00bb][et_pb_text _builder_version=\u00a0\u00bb4.25.0&Prime; _module_preset=\u00a0\u00bbdefault\u00a0\u00bb header_2_font=\u00a0\u00bb|700|||||||\u00a0\u00bb global_colors_info=\u00a0\u00bb{}\u00a0\u00bb]<\/p>\n<h2><strong>Votre pi\u00e8ge \u00e0 feuilles parfait pour la goutti\u00e8re<\/strong><\/h2>\n<p>Tous les propri\u00e9taires connaissent le risque d&rsquo;obstruction des goutti\u00e8res par des feuilles mortes, des aiguilles, de la mousse, des petites branches, des oiseaux morts ou des feux d&rsquo;artifice.<br \/>\nUn <strong>pi\u00e8ge \u00e0 feuilles pour la goutti\u00e8re<\/strong>, qu&rsquo;il s&rsquo;agisse d&rsquo;une goutti\u00e8re semi-circulaire ou d&rsquo;une goutti\u00e8re \u00e0 caisson, est pratiquement indispensable \u00e0 bien des \u00e9gards.<br \/>\nIl y a peu de t\u00e2ches dans la maison et le jardin que l&rsquo;on aime autant remettre \u00e0 plus tard que le nettoyage d&rsquo;une goutti\u00e8re.<br \/>\nNon seulement il est fastidieux de sortir l&rsquo;\u00e9chelle plusieurs fois par an et de grimper jusqu&rsquo;au toit, mais il est \u00e9galement dangereux de se tenir sur une longue \u00e9chelle branlante et de nettoyer la goutti\u00e8re.<br \/>\nUn pi\u00e8ge \u00e0 feuilles pour goutti\u00e8re ou goutti\u00e8re \u00e0 caisson est la solution id\u00e9ale.<br \/>\nUn ramasse-feuilles de goutti\u00e8re vous permet de gagner un temps pr\u00e9cieux.<br \/>\nLorsque les feuilles obstruent votre goutti\u00e8re, l&rsquo;eau de pluie s&rsquo;accumule et peut s&rsquo;\u00e9couler par la goutti\u00e8re et d\u00e9tremper les murs de la maison.<br \/>\nCela peut \u00e9galement se produire avec une goutti\u00e8re \u00e0 caisson.<br \/>\nC&rsquo;est pourquoi un pi\u00e8ge \u00e0 feuilles est un MUST pour tout propri\u00e9taire de maison.        <\/p>\n<p>[\/et_pb_text][\/et_pb_column][et_pb_column type=\u00a0\u00bb1_2&Prime; _builder_version=\u00a0\u00bb4.25.0&Prime; _module_preset=\u00a0\u00bbdefault\u00a0\u00bb global_colors_info=\u00a0\u00bb{}\u00a0\u00bb][et_pb_image src=\u00a0\u00bbhttps:\/\/dari-system.com\/wp-content\/uploads\/2024\/06\/laubfang-dachrinne.webp\u00a0\u00bb alt=\u00a0\u00bbCollecteur de feuilles mortes Goutti\u00e8re\u00a0\u00bb title_text=\u00a0\u00bbgoutti\u00e8re de r\u00e9cup\u00e9ration des feuilles\u00a0\u00bb _builder_version=\u00a0\u00bb4.25.0&Prime; _module_preset=\u00a0\u00bbdefault\u00a0\u00bb custom_margin=\u00a0\u00bb||5px||false|false\u00a0\u00bb global_colors_info=\u00a0\u00bb{}\u00a0\u00bb][\/et_pb_image][et_pb_text _builder_version=\u00a0\u00bb4.25.0&Prime; _module_preset=\u00a0\u00bbdefault\u00a0\u00bb custom_margin=\u00a0\u00bb0px||||false|false\u00a0\u00bb global_colors_info=\u00a0\u00bb{}\u00a0\u00bb]<\/p>\n<p style=\"text-align: center;\"><em>Goutti\u00e8re anti-feuilles de DaRi-System<\/em><\/p>\n<p>[\/et_pb_text][\/et_pb_column][\/et_pb_row][\/et_pb_section][et_pb_section fb_built=\u00a0\u00bb1&Prime; _builder_version=\u00a0\u00bb4.25.0&Prime; _module_preset=\u00a0\u00bbdefault\u00a0\u00bb custom_margin=\u00a0\u00bb0px||||false|false\u00a0\u00bb custom_padding=\u00a0\u00bb0px||||false|false\u00a0\u00bb global_colors_info=\u00a0\u00bb{}\u00a0\u00bb][et_pb_row _builder_version=\u00a0\u00bb4.25.0&Prime; _module_preset=\u00a0\u00bbdefault\u00a0\u00bb global_colors_info=\u00a0\u00bb{}\u00a0\u00bb][et_pb_column type=\u00a0\u00bb4_4&Prime; _builder_version=\u00a0\u00bb4.25.0&Prime; _module_preset=\u00a0\u00bbdefault\u00a0\u00bb global_colors_info=\u00a0\u00bb{}\u00a0\u00bb][et_pb_text _builder_version=\u00a0\u00bb4.25.0&Prime; _module_preset=\u00a0\u00bbdefault\u00a0\u00bb header_2_font=\u00a0\u00bb|800|||||||\u00a0\u00bb global_colors_info=\u00a0\u00bb{}\u00a0\u00bb]<\/p>\n<h2><strong>Nous proposons le pi\u00e8ge \u00e0 feuilles parfait pour les goutti\u00e8res et les goutti\u00e8res \u00e0 caisson.<\/strong><\/h2>\n<p>Si vous recherchez un r\u00e9cup\u00e9rateur de feuilles parfait pour votre goutti\u00e8re, vous \u00eates \u00e0 la bonne adresse.<br \/>\nNous avons la bonne solution pour chaque goutti\u00e8re.<br \/>\nQue vous cherchiez un pi\u00e8ge \u00e0 feuilles pour une goutti\u00e8re semi-circulaire ou pour une goutti\u00e8re \u00e0 caisson.<br \/>\nLe syst\u00e8me de ramassage des feuilles que nous avons sp\u00e9cialement d\u00e9velopp\u00e9 pour les goutti\u00e8res \u00e0 caisson s&rsquo;adapte \u00e0 des goutti\u00e8res de diff\u00e9rentes largeurs et est donc unique en son genre.<br \/>\nLe r\u00e9cup\u00e9rateur de feuilles pour goutti\u00e8res \u00e0 caisson est donc parfaitement adapt\u00e9 aux goutti\u00e8res \u00e0 caisson des avant-toits, balcons et jardins d&rsquo;hiver.<br \/>\nDans ce cas, les goutti\u00e8res sont g\u00e9n\u00e9ralement non standardis\u00e9es.<br \/>\nMais cela ne pose aucun probl\u00e8me \u00e0 notre syst\u00e8me de ramassage des feuilles.      <\/p>\n<h2><strong>La meilleure qualit\u00e9 et le meilleur service<\/strong><\/h2>\n<p>Nous travaillons depuis plus de 20 ans sur la protection des goutti\u00e8res contre l&rsquo;obstruction par les feuilles mortes et avons d\u00e9velopp\u00e9 des produits de haute qualit\u00e9 fabriqu\u00e9s en Allemagne.<br \/>\nN&rsquo;h\u00e9sitez pas \u00e0 nous contacter.<br \/>\nEnvoyez-nous une photo de votre goutti\u00e8re et nous vous conseillerons gratuitement sur le meilleur syst\u00e8me anti-feuilles pour votre goutti\u00e8re ou votre goutti\u00e8re \u00e0 caisson.<br \/>\nTout cela fait partie de notre service complet de ramassage des feuilles dans les goutti\u00e8res.<br \/>\nNous livrons le DaRi-System aux clients de toute l&rsquo;Europe dans les plus brefs d\u00e9lais.<br \/>\nLe DaRi-System r\u00e9pond aux exigences de qualit\u00e9 les plus \u00e9lev\u00e9es et garantit une longue dur\u00e9e de vie.<br \/>\nEt nous garantissons qu&rsquo;avec le pi\u00e8ge \u00e0 feuilles DaRi-System, la goutti\u00e8re ne sera plus obstru\u00e9e par des feuilles.      <\/p>\n<h2><strong>Avantages du pi\u00e8ge \u00e0 feuilles pour goutti\u00e8res :<\/strong><\/h2>\n<ul>\n<li><strong>Pr\u00e9venir l&rsquo;obstruction :<\/strong> Les pare-feuilles emp\u00eachent les feuilles, les branches et autres d\u00e9bris de p\u00e9n\u00e9trer dans les goutti\u00e8res, ce qui \u00e9vite les obstructions.<\/li>\n<li><strong>Long\u00e9vit\u00e9 accrue :<\/strong> en r\u00e9duisant les obstructions, les dommages caus\u00e9s aux goutti\u00e8res, tels que la rouille et la corrosion, sont minimis\u00e9s, ce qui prolonge leur dur\u00e9e de vie.<\/li>\n<li><strong>Am\u00e9lioration de l&rsquo;\u00e9vacuation de l&rsquo;eau :<\/strong> les goutti\u00e8res \u00e0 feuilles mortes permettent une meilleure \u00e9vacuation de l&rsquo;eau, car celle-ci peut s&rsquo;\u00e9couler librement dans la goutti\u00e8re sans rencontrer d&rsquo;obstacles.<\/li>\n<li><strong>Moins d&rsquo;entretien :<\/strong> avec le syst\u00e8me DaRi, les goutti\u00e8res doivent \u00eatre nettoy\u00e9es moins souvent, ce qui r\u00e9duit l&rsquo;entretien et fait gagner du temps.<\/li>\n<li><strong>Protection contre les dommages au b\u00e2timent :<\/strong> des goutti\u00e8res bouch\u00e9es peuvent entra\u00eener des d\u00e9g\u00e2ts d&rsquo;eau sur la fa\u00e7ade du b\u00e2timent, sur les fondations et sur le toit.<br \/>\nLes goutti\u00e8res anti-feuilles mortes prot\u00e8gent contre de tels dommages. <\/li>\n<li><strong>Esth\u00e9tique am\u00e9lior\u00e9e :<\/strong> des goutti\u00e8res propres, sans d\u00e9p\u00f4ts visibles, contribuent \u00e0 l&rsquo;attrait esth\u00e9tique du b\u00e2timent.<\/li>\n<li><strong>Respect de l&rsquo;environnement :<\/strong> en emp\u00eachant les obstructions et les dommages qui en r\u00e9sultent, le syst\u00e8me DaRi contribue \u00e0 r\u00e9duire les besoins de r\u00e9paration et de remplacement, ce qui permet d&rsquo;\u00e9conomiser des ressources et de l&rsquo;\u00e9nergie.<br \/>\nLe syst\u00e8me DaRi est enti\u00e8rement recyclable. <\/li>\n<\/ul>\n<p>Cela pourrait \u00e9galement vous int\u00e9resser :<\/p>\n<ul>\n<li><a href=\"https:\/\/dari-system.com\/fr\/collecteur-de-feuilles-mortes-gouttiere\/\" title=\"Collecteur de feuilles mortes Goutti\u00e8re\"><a href=\"https:\/\/dari-system.com\/fr\/collecteur-de-feuilles-mortes-gouttiere\/\">Collecteur de feuilles mortes pour les goutti\u00e8res<\/a><\/a><\/li>\n<li><a href=\"https:\/\/dari-system.com\/fr\/gouttieres-protection-contre-les-feuilles-mortes\/\" title=\"Goutti\u00e8res Protection contre les feuilles mortes\"><a href=\"https:\/\/dari-system.com\/fr\/gouttieres-protection-contre-les-feuilles-mortes\/\">Goutti\u00e8res Protection contre les feuilles mortes<\/a><\/a><\/li>\n<li><a href=\"https:\/\/dari-system.com\/fr\/gouttiere-anti-feuilles\/\" title=\"Goutti\u00e8re anti-feuilles\"><a href=\"https:\/\/dari-system.com\/fr\/gouttiere-anti-feuilles\/\">Protection des goutti\u00e8res contre les feuilles mortes<\/a><\/a><\/li>\n<li><a href=\"https:\/\/dari-system.com\/fr\/couverture-de-gouttiere\/\" title=\"Couverture de goutti\u00e8re\"> <a href=\"https:\/\/dari-system.com\/fr\/couverture-de-gouttiere\/\"> Couverture de goutti\u00e8re<\/a><\/a><\/li>\n<\/ul>\n<p>[\/et_pb_text][\/et_pb_column][\/et_pb_row][\/et_pb_section][et_pb_section fb_built=\u00a0\u00bb1&Prime; theme_builder_area=\u00a0\u00bbpost_content\u00a0\u00bb _builder_version=\u00a0\u00bb4.27.0&Prime; _module_preset=\u00a0\u00bbdefault\u00a0\u00bb][et_pb_row _builder_version=\u00a0\u00bb4.27.0&Prime; _module_preset=\u00a0\u00bbdefault\u00a0\u00bb theme_builder_area=\u00a0\u00bbpost_content\u00a0\u00bb][et_pb_column _builder_version=\u00a0\u00bb4.27.0&Prime; _module_preset=\u00a0\u00bbdefault\u00a0\u00bb type=\u00a0\u00bb4_4&Prime; theme_builder_area=\u00a0\u00bbpost_content\u00a0\u00bb][et_pb_text _builder_version=\u00a0\u00bb4.27.0&Prime; _module_preset=\u00a0\u00bbdefault\u00a0\u00bb theme_builder_area=\u00a0\u00bbpost_content\u00a0\u00bb hover_enabled=\u00a0\u00bb0&Prime; sticky_enabled=\u00a0\u00bb0&Prime;]<\/p>\n<h2><span>Laubfang f\u00fcr die Dachrinne gesucht? Entdecke jetzt die Vorteile von DaRi System!<\/span><\/h2>\n<p><span>Du bist es leid, nach einem langen Arbeitstag noch aufs Dach zu steigen, um die Dachrinne von Unrat zu befreien, um einen sicheren Wasserablauf zu gew\u00e4hrleisten? Dann geht es dir \u00e4hnlich wie den Entwicklern von DaRi System. Unser Ziel war es von Anfang an, einen zuverl\u00e4ssigen und hochwertigen <strong>Laubfang f\u00fcr die Dachrinne<\/strong> zu entwickeln, der UV-best\u00e4ndig und noch dazu k\u00e4ltestabil ist. Neben der hohen Qualit\u00e4t standen f\u00fcr uns Funktionalit\u00e4t und eine kinderleichte Montage bei der Entwicklung an oberster Stelle. Entstanden ist so ein Laubfang f\u00fcr die Dachrinne, der universell einsetzbar ist und bei verschiedenen Rinnentypen verwendet werden kann. Noch dazu ist unser Laubfang f\u00fcr die Dachrinne aus recyclingf\u00e4higem Material hergestellt und absolut nachhaltig. <\/span><\/p>\n<h2><span>Einfach nachr\u00fcstbar und besonders zuverl\u00e4ssig<\/span><\/h2>\n<p>Egal ob du f\u00fcr deine Dachrinne schon mal ein anderes Laubschutzsystem ausprobiert hast oder ob deine Dachrinne bisher noch nicht gesch\u00fctzt war: Mit dem DaRi-System trifft du mit Sicherheit die richtige Wahl.<span> Du kannst unseren Dachrinnenschutz jederzeit problemlos nachr\u00fcsten. Die optimierte Bauweise sorgt daf\u00fcr, dass die Montage kinderleicht und schnell von der Hand geht. Wir haben unseren <strong>Laubfang f\u00fcr die Dachrinne<\/strong> mit einer optimierten Lochung ausgestattet, sodass auch Nadeln nicht mehr ins Innere der Rinne gelangen k\u00f6nnen. <\/span><span>\u00a0<\/span><\/p>\n<h2><span>Mehr als ein Laubfang f\u00fcr die Dachrinne<\/span><\/h2>\n<p>Mit einem <strong>Laubfang f\u00fcr die Dachrinne<\/strong> von DaRi System w\u00e4hlst du einen zuverl\u00e4ssigen Schutz mit geringem Wartungsaufwand. Er sch\u00fctzt aber nicht nur vor Laub, sondern verhindert ebenso, dass sich V\u00f6gel in der Dachrinne niederlassen oder Nagetiere diese als Einstiegsweg ins Haus nutzen k\u00f6nnen. Da die Dachrinnen frei bleiben, kannst du dich auf eine verbesserte Wasserf\u00fchrung verlassen.<\/p>\n<p>[\/et_pb_text][\/et_pb_column][\/et_pb_row][\/et_pb_section]<\/p>\n","protected":false},"excerpt":{"rendered":"<p>Votre pi\u00e8ge \u00e0 feuilles parfait pour la goutti\u00e8re Tous les propri\u00e9taires connaissent le risque d&rsquo;obstruction des goutti\u00e8res par des feuilles mortes, des aiguilles, de la mousse, des petites branches, des oiseaux morts ou des feux d&rsquo;artifice. Un pi\u00e8ge \u00e0 feuilles pour la goutti\u00e8re, qu&rsquo;il s&rsquo;agisse d&rsquo;une goutti\u00e8re semi-circulaire ou d&rsquo;une goutti\u00e8re \u00e0 caisson, est pratiquement [&hellip;]<\/p>\n","protected":false},"author":2,"featured_media":0,"parent":0,"menu_order":0,"comment_status":"closed","ping_status":"closed","template":"","meta":{"_et_pb_use_builder":"on","_et_pb_old_content":"","_et_gb_content_width":"","iawp_total_views":13,"footnotes":""},"dipi_cpt_category":[],"class_list":["post-25549782","page","type-page","status-publish","hentry"],"yoast_head":"<!-- This site is optimized with the Yoast SEO plugin v27.2 - https:\/\/yoast.com\/product\/yoast-seo-wordpress\/ -->\n<title>Un pi\u00e8ge \u00e0 feuilles efficace pour vos goutti\u00e8res - DaRi-System<\/title>\n<meta name=\"description\" content=\"D\u00e9couvrez le ramasse-feuilles parfait pour votre goutti\u00e8re. Plus d&#039;obstructions ni de nettoyage fastidieux avec DaRi-System. Informez-vous maintenant !\" \/>\n<meta name=\"robots\" content=\"index, follow, max-snippet:-1, max-image-preview:large, max-video-preview:-1\" \/>\n<link rel=\"canonical\" href=\"https:\/\/dari-system.com\/fr\/collecteur-de-feuilles-mortes-gouttiere-2\/\" \/>\n<meta property=\"og:locale\" content=\"fr_FR\" \/>\n<meta property=\"og:type\" content=\"article\" \/>\n<meta property=\"og:title\" content=\"Un pi\u00e8ge \u00e0 feuilles efficace pour vos goutti\u00e8res - DaRi-System\" \/>\n<meta property=\"og:description\" content=\"D\u00e9couvrez le ramasse-feuilles parfait pour votre goutti\u00e8re. Plus d&#039;obstructions ni de nettoyage fastidieux avec DaRi-System. Informez-vous maintenant !\" \/>\n<meta property=\"og:url\" content=\"https:\/\/dari-system.com\/fr\/collecteur-de-feuilles-mortes-gouttiere-2\/\" \/>\n<meta property=\"og:site_name\" content=\"DaRi System\" \/>\n<meta property=\"article:modified_time\" content=\"2024-11-05T07:26:51+00:00\" \/>\n<meta name=\"twitter:card\" content=\"summary_large_image\" \/>\n<meta name=\"twitter:label1\" content=\"Dur\u00e9e de lecture estim\u00e9e\" \/>\n\t<meta name=\"twitter:data1\" content=\"7 minutes\" \/>\n<script type=\"application\/ld+json\" class=\"yoast-schema-graph\">{\"@context\":\"https:\/\/schema.org\",\"@graph\":[{\"@type\":\"WebPage\",\"@id\":\"https:\/\/dari-system.com\/fr\/collecteur-de-feuilles-mortes-gouttiere-2\/\",\"url\":\"https:\/\/dari-system.com\/fr\/collecteur-de-feuilles-mortes-gouttiere-2\/\",\"name\":\"Un pi\u00e8ge \u00e0 feuilles efficace pour vos goutti\u00e8res - DaRi-System\",\"isPartOf\":{\"@id\":\"https:\/\/dari-system.com\/fr\/#website\"},\"datePublished\":\"2024-11-05T07:26:49+00:00\",\"dateModified\":\"2024-11-05T07:26:51+00:00\",\"description\":\"D\u00e9couvrez le ramasse-feuilles parfait pour votre goutti\u00e8re. Plus d'obstructions ni de nettoyage fastidieux avec DaRi-System. Informez-vous maintenant !\",\"breadcrumb\":{\"@id\":\"https:\/\/dari-system.com\/fr\/collecteur-de-feuilles-mortes-gouttiere-2\/#breadcrumb\"},\"inLanguage\":\"fr-FR\",\"potentialAction\":[{\"@type\":\"ReadAction\",\"target\":[\"https:\/\/dari-system.com\/fr\/collecteur-de-feuilles-mortes-gouttiere-2\/\"]}]},{\"@type\":\"BreadcrumbList\",\"@id\":\"https:\/\/dari-system.com\/fr\/collecteur-de-feuilles-mortes-gouttiere-2\/#breadcrumb\",\"itemListElement\":[{\"@type\":\"ListItem\",\"position\":1,\"name\":\"Startseite\",\"item\":\"https:\/\/dari-system.com\/fr\/\"},{\"@type\":\"ListItem\",\"position\":2,\"name\":\"Collecteur de feuilles mortes Goutti\u00e8re\"}]},{\"@type\":\"WebSite\",\"@id\":\"https:\/\/dari-system.com\/fr\/#website\",\"url\":\"https:\/\/dari-system.com\/fr\/\",\"name\":\"DaRi System\",\"description\":\"\",\"potentialAction\":[{\"@type\":\"SearchAction\",\"target\":{\"@type\":\"EntryPoint\",\"urlTemplate\":\"https:\/\/dari-system.com\/fr\/?s={search_term_string}\"},\"query-input\":{\"@type\":\"PropertyValueSpecification\",\"valueRequired\":true,\"valueName\":\"search_term_string\"}}],\"inLanguage\":\"fr-FR\"}]}<\/script>\n<!-- \/ Yoast SEO plugin. -->","yoast_head_json":{"title":"Un pi\u00e8ge \u00e0 feuilles efficace pour vos goutti\u00e8res - DaRi-System","description":"D\u00e9couvrez le ramasse-feuilles parfait pour votre goutti\u00e8re. Plus d'obstructions ni de nettoyage fastidieux avec DaRi-System. Informez-vous maintenant !","robots":{"index":"index","follow":"follow","max-snippet":"max-snippet:-1","max-image-preview":"max-image-preview:large","max-video-preview":"max-video-preview:-1"},"canonical":"https:\/\/dari-system.com\/fr\/collecteur-de-feuilles-mortes-gouttiere-2\/","og_locale":"fr_FR","og_type":"article","og_title":"Un pi\u00e8ge \u00e0 feuilles efficace pour vos goutti\u00e8res - DaRi-System","og_description":"D\u00e9couvrez le ramasse-feuilles parfait pour votre goutti\u00e8re. Plus d'obstructions ni de nettoyage fastidieux avec DaRi-System. Informez-vous maintenant !","og_url":"https:\/\/dari-system.com\/fr\/collecteur-de-feuilles-mortes-gouttiere-2\/","og_site_name":"DaRi System","article_modified_time":"2024-11-05T07:26:51+00:00","twitter_card":"summary_large_image","twitter_misc":{"Dur\u00e9e de lecture estim\u00e9e":"7 minutes"},"schema":{"@context":"https:\/\/schema.org","@graph":[{"@type":"WebPage","@id":"https:\/\/dari-system.com\/fr\/collecteur-de-feuilles-mortes-gouttiere-2\/","url":"https:\/\/dari-system.com\/fr\/collecteur-de-feuilles-mortes-gouttiere-2\/","name":"Un pi\u00e8ge \u00e0 feuilles efficace pour vos goutti\u00e8res - DaRi-System","isPartOf":{"@id":"https:\/\/dari-system.com\/fr\/#website"},"datePublished":"2024-11-05T07:26:49+00:00","dateModified":"2024-11-05T07:26:51+00:00","description":"D\u00e9couvrez le ramasse-feuilles parfait pour votre goutti\u00e8re. Plus d'obstructions ni de nettoyage fastidieux avec DaRi-System. Informez-vous maintenant !","breadcrumb":{"@id":"https:\/\/dari-system.com\/fr\/collecteur-de-feuilles-mortes-gouttiere-2\/#breadcrumb"},"inLanguage":"fr-FR","potentialAction":[{"@type":"ReadAction","target":["https:\/\/dari-system.com\/fr\/collecteur-de-feuilles-mortes-gouttiere-2\/"]}]},{"@type":"BreadcrumbList","@id":"https:\/\/dari-system.com\/fr\/collecteur-de-feuilles-mortes-gouttiere-2\/#breadcrumb","itemListElement":[{"@type":"ListItem","position":1,"name":"Startseite","item":"https:\/\/dari-system.com\/fr\/"},{"@type":"ListItem","position":2,"name":"Collecteur de feuilles mortes Goutti\u00e8re"}]},{"@type":"WebSite","@id":"https:\/\/dari-system.com\/fr\/#website","url":"https:\/\/dari-system.com\/fr\/","name":"DaRi System","description":"","potentialAction":[{"@type":"SearchAction","target":{"@type":"EntryPoint","urlTemplate":"https:\/\/dari-system.com\/fr\/?s={search_term_string}"},"query-input":{"@type":"PropertyValueSpecification","valueRequired":true,"valueName":"search_term_string"}}],"inLanguage":"fr-FR"}]}},"_links":{"self":[{"href":"https:\/\/dari-system.com\/fr\/wp-json\/wp\/v2\/pages\/25549782","targetHints":{"allow":["GET"]}}],"collection":[{"href":"https:\/\/dari-system.com\/fr\/wp-json\/wp\/v2\/pages"}],"about":[{"href":"https:\/\/dari-system.com\/fr\/wp-json\/wp\/v2\/types\/page"}],"author":[{"embeddable":true,"href":"https:\/\/dari-system.com\/fr\/wp-json\/wp\/v2\/users\/2"}],"replies":[{"embeddable":true,"href":"https:\/\/dari-system.com\/fr\/wp-json\/wp\/v2\/comments?post=25549782"}],"version-history":[{"count":2,"href":"https:\/\/dari-system.com\/fr\/wp-json\/wp\/v2\/pages\/25549782\/revisions"}],"predecessor-version":[{"id":25549817,"href":"https:\/\/dari-system.com\/fr\/wp-json\/wp\/v2\/pages\/25549782\/revisions\/25549817"}],"wp:attachment":[{"href":"https:\/\/dari-system.com\/fr\/wp-json\/wp\/v2\/media?parent=25549782"}],"wp:term":[{"taxonomy":"dipi_cpt_category","embeddable":true,"href":"https:\/\/dari-system.com\/fr\/wp-json\/wp\/v2\/dipi_cpt_category?post=25549782"}],"curies":[{"name":"wp","href":"https:\/\/api.w.org\/{rel}","templated":true}]}}