{"id":25545629,"date":"2024-05-23T13:32:49","date_gmt":"2024-05-23T13:32:49","guid":{"rendered":"https:\/\/dari-system.com\/mentions-legales\/"},"modified":"2024-07-25T11:27:03","modified_gmt":"2024-07-25T11:27:03","slug":"mentions-legales","status":"publish","type":"page","link":"https:\/\/dari-system.com\/fr\/mentions-legales\/","title":{"rendered":"Mentions l\u00e9gales"},"content":{"rendered":"<p>[et_pb_section fb_built=\u00a0\u00bb1&Prime; fullwidth=\u00a0\u00bbon\u00a0\u00bb _builder_version=\u00a0\u00bb4.25.0&Prime; _module_preset=\u00a0\u00bbdefault\u00a0\u00bb bottom_divider_color=\u00a0\u00bb#FFFFFF\u00a0\u00bb bottom_divider_height=\u00a0\u00bb82px\u00a0\u00bb bottom_divider_flip=\u00a0\u00bbhorizontal\u00a0\u00bb locked=\u00a0\u00bboff\u00a0\u00bb global_colors_info=\u00a0\u00bb{}\u00a0\u00bb][et_pb_fullwidth_header title=\u00a0\u00bbMentions l\u00e9gales\u00a0\u00bb _builder_version=\u00a0\u00bb4.25.0&Prime; _module_preset=\u00a0\u00bbdefault\u00a0\u00bb title_font=\u00a0\u00bb|800|||||||\u00a0\u00bb title_font_size=\u00a0\u00bb45px\u00a0\u00bb background_image=\u00a0\u00bbhttps:\/\/dari-system.com\/wp-content\/uploads\/2024\/05\/header_background.webp\u00a0\u00bb background_position=\u00a0\u00bbbottom_center\u00a0\u00bb custom_padding=\u00a0\u00bb8vh||8vh||true|false\u00a0\u00bb title_font_size_tablet=\u00a0\u00bb45px\u00a0\u00bb title_font_size_phone=\u00a0\u00bb29px\u00a0\u00bb title_font_size_last_edited=\u00a0\u00bbon|phone\u00a0\u00bb content_font_size_tablet=\u00a0\u00bb\u00a0\u00bb content_font_size_phone=\u00a0\u00bb17px\u00a0\u00bb content_font_size_last_edited=\u00a0\u00bbon|phone\u00a0\u00bb global_colors_info=\u00a0\u00bb{}\u00a0\u00bb][\/et_pb_fullwidth_header][\/et_pb_section][et_pb_section fb_built=\u00a0\u00bb1&Prime; _builder_version=\u00a0\u00bb4.25.0&Prime; _module_preset=\u00a0\u00bbdefault\u00a0\u00bb global_colors_info=\u00a0\u00bb{}\u00a0\u00bb][et_pb_row _builder_version=\u00a0\u00bb4.25.0&Prime; _module_preset=\u00a0\u00bbdefault\u00a0\u00bb global_colors_info=\u00a0\u00bb{}\u00a0\u00bb][et_pb_column type=\u00a0\u00bb4_4&Prime; _builder_version=\u00a0\u00bb4.25.0&Prime; _module_preset=\u00a0\u00bbdefault\u00a0\u00bb global_colors_info=\u00a0\u00bb{}\u00a0\u00bb][et_pb_text _builder_version=\u00a0\u00bb4.25.0&Prime; _module_preset=\u00a0\u00bbdefault\u00a0\u00bb global_colors_info=\u00a0\u00bb{}\u00a0\u00bb]<\/p>\n<h2>Informations conformes au \u00a7 5 de la loi sur les t\u00e9l\u00e9m\u00e9dias :<\/h2>\n<p><strong>DaRi-Systemteile GmbH<\/strong><br \/>Rudolf-Nebel-Str.<br \/>\n12<br \/>91781 Wei\u00dfenburg<br \/>Repr\u00e9sent\u00e9e par :<br \/>Directeur Dr. Eckhard Jentsch<br \/>Registre du commerce : Tribunal d&rsquo;instance d&rsquo;Ansbach, HRB 4930<br \/>N\u00b0 d&rsquo;identification TVA : DE272707154 <\/p>\n<p><strong>Contact<\/strong><br \/>T\u00e9l\u00e9phone : 09141 &#8211; 845 937 0<br \/>T\u00e9l\u00e9copieur : 09141 &#8211; 845 937 1<br \/>E-mail :<a href=\"mailto:info@dari-system.com\">&lsquo;info@dari-system.com&rsquo;<\/a><\/p>\n<p><strong>Responsable du contenu conform\u00e9ment au \u00a7 55 Abs.<br \/>\n2 RStV : <\/strong><br \/>Dr. Eckhard Jentsch<br \/>Adresse comme ci-dessus<\/p>\n<p>Remarque sur le r\u00e8glement des litiges de l&rsquo;UE : la Commission europ\u00e9enne met \u00e0 disposition une plateforme de r\u00e8glement des litiges en ligne (RLL) :<\/p>\n<p><a href=\"http:\/\/ec.europa.eu\/consumer\/odr\">http:\/\/ec.europa.eu\/consumer\/odr<\/a><\/p>\n<p>Notre soci\u00e9t\u00e9 participe au syst\u00e8me de r\u00e8glement des litiges de l&rsquo;UE.<br \/>\nNotre adresse \u00e9lectronique pour la plate-forme de r\u00e8glement en ligne des litiges est la suivante :<a href=\"mailto:info@dari-system.com\">&lsquo;info@dari-system.com&rsquo;<\/a>. <\/p>\n<p><em>Source : cr\u00e9\u00e9 avec le <a href=\"http:\/\/www.e-recht24.de\/news\/ecommerce\/6048-impressum-gmbh.html\">g\u00e9n\u00e9rateur de mentions l\u00e9gales Soci\u00e9t\u00e9 \u00e0 responsabilit\u00e9 limit\u00e9e (SARL)<\/a> d&rsquo;eRecht24.<\/em><\/p>\n<p><strong>Clause de non-responsabilit\u00e9 :<\/strong><\/p>\n<p><strong>Responsabilit\u00e9 pour le contenu<\/strong><br \/>Le contenu de nos pages a \u00e9t\u00e9 \u00e9labor\u00e9 avec le plus grand soin.<br \/>\nNous ne pouvons toutefois pas garantir l&rsquo;exactitude, l&rsquo;exhaustivit\u00e9 et l&rsquo;actualit\u00e9 des contenus.<br \/>\nEn tant que prestataire de services, nous sommes responsables, conform\u00e9ment au \u00a7 7 Abs.1<br \/>\nTMG, nous sommes responsables de nos propres contenus sur ces pages conform\u00e9ment aux lois g\u00e9n\u00e9rales.<br \/>\nConform\u00e9ment aux \u00a7\u00a7 8 \u00e0 10 de la TMG, nous ne sommes toutefois pas tenus, en tant que prestataire de services, de surveiller les informations externes transmises ou enregistr\u00e9es ou de rechercher les circonstances qui indiquent une activit\u00e9 ill\u00e9gale.<br \/>\nL&rsquo;obligation de supprimer ou de bloquer l&rsquo;utilisation d&rsquo;informations conform\u00e9ment aux lois g\u00e9n\u00e9rales reste inchang\u00e9e.<br \/>\nUne responsabilit\u00e9 \u00e0 cet \u00e9gard n&rsquo;est toutefois possible qu&rsquo;\u00e0 partir du moment o\u00f9 une violation concr\u00e8te de la loi est connue.<br \/>\nD\u00e8s la prise de connaissance d&rsquo;une telle violation, nous supprimerons imm\u00e9diatement le contenu en question.       <br \/><strong>Responsabilit\u00e9 pour les liens<\/strong><br \/>Notre offre contient des liens vers des sites Web externes de tiers, sur le contenu desquels nous n&rsquo;avons aucune influence.<br \/>\nNous ne pouvons donc pas nous porter garants de ces contenus externes.<br \/>\nLe fournisseur ou l&rsquo;exploitant des pages li\u00e9es est toujours responsable du contenu de ces pages.<br \/>\nLes pages li\u00e9es ont \u00e9t\u00e9 v\u00e9rifi\u00e9es au moment de la cr\u00e9ation du lien afin de s&rsquo;assurer qu&rsquo;elles n&rsquo;enfreignaient pas la loi.<br \/>\nAucun contenu ill\u00e9gal n&rsquo;a \u00e9t\u00e9 identifi\u00e9 au moment de la cr\u00e9ation du lien.<br \/>\nUn contr\u00f4le permanent du contenu des pages li\u00e9es n&rsquo;est cependant pas exigible sans indices concrets d&rsquo;une violation de la loi.<br \/>\nSi nous prenons connaissance d&rsquo;une violation de la loi, nous supprimerons imm\u00e9diatement les liens concern\u00e9s.      <br \/><strong>Droit d&rsquo;auteur<\/strong><br \/>Les contenus et les \u0153uvres cr\u00e9\u00e9s par les exploitants des pages de ce site sont soumis au droit d&rsquo;auteur allemand.<br \/>\nLa reproduction, le traitement, la diffusion et tout type d&rsquo;exploitation en dehors des limites du droit d&rsquo;auteur n\u00e9cessitent l&rsquo;accord \u00e9crit de l&rsquo;auteur ou du cr\u00e9ateur concern\u00e9.<br \/>\nLes t\u00e9l\u00e9chargements et les copies de ce site ne sont autoris\u00e9s que pour un usage priv\u00e9 et non commercial.<br \/>\nDans la mesure o\u00f9 les contenus de ce site n&rsquo;ont pas \u00e9t\u00e9 cr\u00e9\u00e9s par l&rsquo;exploitant, les droits d&rsquo;auteur de tiers sont respect\u00e9s.<br \/>\nEn particulier, les contenus de tiers sont identifi\u00e9s comme tels.<br \/>\nSi vous deviez n\u00e9anmoins constater une violation des droits d&rsquo;auteur, nous vous prions de nous en informer.<br \/>\nD\u00e8s que nous aurons connaissance d&rsquo;une violation de la loi, nous supprimerons imm\u00e9diatement le contenu en question.      <br \/><strong>Protection des donn\u00e9es<\/strong><br \/>En r\u00e8gle g\u00e9n\u00e9rale, l&rsquo;utilisation de notre site Internet est possible sans indication de donn\u00e9es personnelles.<br \/>\nSi des donn\u00e9es personnelles (par exemple nom, adresse ou adresses e-mail) sont collect\u00e9es sur notre site, cela se fait toujours, dans la mesure du possible, sur une base volontaire.<br \/>\nCes donn\u00e9es ne seront pas transmises \u00e0 des tiers sans votre accord explicite.<br \/>Nous attirons votre attention sur le fait que la transmission de donn\u00e9es sur Internet (par exemple lors de la communication par e-mail) peut pr\u00e9senter des failles de s\u00e9curit\u00e9.<br \/>\nUne protection compl\u00e8te des donn\u00e9es contre l&rsquo;acc\u00e8s par des tiers n&rsquo;est pas possible.<br \/>L&rsquo;utilisation par des tiers des donn\u00e9es de contact publi\u00e9es dans le cadre des mentions l\u00e9gales obligatoires pour l&rsquo;envoi de publicit\u00e9 et de mat\u00e9riel d&rsquo;information non express\u00e9ment demand\u00e9s est ici express\u00e9ment interdite.<br \/>\nLes exploitants des pages se r\u00e9servent express\u00e9ment le droit d&rsquo;engager des poursuites judiciaires en cas d&rsquo;envoi non sollicit\u00e9 d&rsquo;informations publicitaires, par exemple par le biais de spams.    <br \/><em>Source : <a href=\"http:\/\/www.e-recht24.de\/muster-disclaimer.htm\">Disclaimer<\/a> de eRecht24, le portail du droit Internet de l&rsquo;<a href=\"http:\/\/www.e-recht24.de\/\">avocat<\/a> S\u00f6ren Siebert.<\/em><\/p>\n<p>[\/et_pb_text][\/et_pb_column][\/et_pb_row][\/et_pb_section]<\/p>\n","protected":false},"excerpt":{"rendered":"<p>Informations conformes au \u00a7 5 de la loi sur les t\u00e9l\u00e9m\u00e9dias : DaRi-Systemteile GmbHRudolf-Nebel-Str. 1291781 Wei\u00dfenburgRepr\u00e9sent\u00e9e par :Directeur Dr. Eckhard JentschRegistre du commerce : Tribunal d&rsquo;instance d&rsquo;Ansbach, HRB 4930N\u00b0 d&rsquo;identification TVA : DE272707154 ContactT\u00e9l\u00e9phone : 09141 &#8211; 845 937 0T\u00e9l\u00e9copieur : 09141 &#8211; 845 937 1E-mail :&rsquo;info@dari-system.com&rsquo; Responsable du contenu conform\u00e9ment au \u00a7 55 Abs. [&hellip;]<\/p>\n","protected":false},"author":1,"featured_media":0,"parent":0,"menu_order":0,"comment_status":"closed","ping_status":"closed","template":"","meta":{"_et_pb_use_builder":"on","_et_pb_old_content":"","_et_gb_content_width":"","iawp_total_views":11,"footnotes":""},"dipi_cpt_category":[],"class_list":["post-25545629","page","type-page","status-publish","hentry"],"yoast_head":"<!-- This site is optimized with the Yoast SEO plugin v27.4 - https:\/\/yoast.com\/product\/yoast-seo-wordpress\/ -->\n<title>Mentions l\u00e9gales - DaRi System<\/title>\n<meta name=\"robots\" content=\"index, follow, max-snippet:-1, max-image-preview:large, max-video-preview:-1\" \/>\n<link rel=\"canonical\" href=\"https:\/\/dari-system.com\/fr\/mentions-legales\/\" \/>\n<meta property=\"og:locale\" content=\"fr_FR\" \/>\n<meta property=\"og:type\" content=\"article\" \/>\n<meta property=\"og:title\" content=\"Mentions l\u00e9gales - DaRi System\" \/>\n<meta property=\"og:description\" content=\"Informations conformes au \u00a7 5 de la loi sur les t\u00e9l\u00e9m\u00e9dias : DaRi-Systemteile GmbHRudolf-Nebel-Str. 1291781 Wei\u00dfenburgRepr\u00e9sent\u00e9e par :Directeur Dr. Eckhard JentschRegistre du commerce : Tribunal d&#039;instance d&#039;Ansbach, HRB 4930N\u00b0 d&#039;identification TVA : DE272707154 ContactT\u00e9l\u00e9phone : 09141 - 845 937 0T\u00e9l\u00e9copieur : 09141 - 845 937 1E-mail :&#039;info@dari-system.com&#039; Responsable du contenu conform\u00e9ment au \u00a7 55 Abs. [&hellip;]\" \/>\n<meta property=\"og:url\" content=\"https:\/\/dari-system.com\/fr\/mentions-legales\/\" \/>\n<meta property=\"og:site_name\" content=\"DaRi System\" \/>\n<meta property=\"article:modified_time\" content=\"2024-07-25T11:27:03+00:00\" \/>\n<meta name=\"twitter:card\" content=\"summary_large_image\" \/>\n<meta name=\"twitter:label1\" content=\"Dur\u00e9e de lecture estim\u00e9e\" \/>\n\t<meta name=\"twitter:data1\" content=\"5 minutes\" \/>\n<script type=\"application\/ld+json\" class=\"yoast-schema-graph\">{\"@context\":\"https:\\\/\\\/schema.org\",\"@graph\":[{\"@type\":\"WebPage\",\"@id\":\"https:\\\/\\\/dari-system.com\\\/fr\\\/mentions-legales\\\/\",\"url\":\"https:\\\/\\\/dari-system.com\\\/fr\\\/mentions-legales\\\/\",\"name\":\"Mentions l\u00e9gales - DaRi System\",\"isPartOf\":{\"@id\":\"https:\\\/\\\/dari-system.com\\\/fr\\\/#website\"},\"datePublished\":\"2024-05-23T13:32:49+00:00\",\"dateModified\":\"2024-07-25T11:27:03+00:00\",\"breadcrumb\":{\"@id\":\"https:\\\/\\\/dari-system.com\\\/fr\\\/mentions-legales\\\/#breadcrumb\"},\"inLanguage\":\"fr-FR\",\"potentialAction\":[{\"@type\":\"ReadAction\",\"target\":[\"https:\\\/\\\/dari-system.com\\\/fr\\\/mentions-legales\\\/\"]}]},{\"@type\":\"BreadcrumbList\",\"@id\":\"https:\\\/\\\/dari-system.com\\\/fr\\\/mentions-legales\\\/#breadcrumb\",\"itemListElement\":[{\"@type\":\"ListItem\",\"position\":1,\"name\":\"Startseite\",\"item\":\"https:\\\/\\\/dari-system.com\\\/fr\\\/\"},{\"@type\":\"ListItem\",\"position\":2,\"name\":\"Mentions l\u00e9gales\"}]},{\"@type\":\"WebSite\",\"@id\":\"https:\\\/\\\/dari-system.com\\\/fr\\\/#website\",\"url\":\"https:\\\/\\\/dari-system.com\\\/fr\\\/\",\"name\":\"DaRi System\",\"description\":\"\",\"potentialAction\":[{\"@type\":\"SearchAction\",\"target\":{\"@type\":\"EntryPoint\",\"urlTemplate\":\"https:\\\/\\\/dari-system.com\\\/fr\\\/?s={search_term_string}\"},\"query-input\":{\"@type\":\"PropertyValueSpecification\",\"valueRequired\":true,\"valueName\":\"search_term_string\"}}],\"inLanguage\":\"fr-FR\"}]}<\/script>\n<!-- \/ Yoast SEO plugin. -->","yoast_head_json":{"title":"Mentions l\u00e9gales - DaRi System","robots":{"index":"index","follow":"follow","max-snippet":"max-snippet:-1","max-image-preview":"max-image-preview:large","max-video-preview":"max-video-preview:-1"},"canonical":"https:\/\/dari-system.com\/fr\/mentions-legales\/","og_locale":"fr_FR","og_type":"article","og_title":"Mentions l\u00e9gales - DaRi System","og_description":"Informations conformes au \u00a7 5 de la loi sur les t\u00e9l\u00e9m\u00e9dias : DaRi-Systemteile GmbHRudolf-Nebel-Str. 1291781 Wei\u00dfenburgRepr\u00e9sent\u00e9e par :Directeur Dr. Eckhard JentschRegistre du commerce : Tribunal d'instance d'Ansbach, HRB 4930N\u00b0 d'identification TVA : DE272707154 ContactT\u00e9l\u00e9phone : 09141 - 845 937 0T\u00e9l\u00e9copieur : 09141 - 845 937 1E-mail :'info@dari-system.com' Responsable du contenu conform\u00e9ment au \u00a7 55 Abs. [&hellip;]","og_url":"https:\/\/dari-system.com\/fr\/mentions-legales\/","og_site_name":"DaRi System","article_modified_time":"2024-07-25T11:27:03+00:00","twitter_card":"summary_large_image","twitter_misc":{"Dur\u00e9e de lecture estim\u00e9e":"5 minutes"},"schema":{"@context":"https:\/\/schema.org","@graph":[{"@type":"WebPage","@id":"https:\/\/dari-system.com\/fr\/mentions-legales\/","url":"https:\/\/dari-system.com\/fr\/mentions-legales\/","name":"Mentions l\u00e9gales - DaRi System","isPartOf":{"@id":"https:\/\/dari-system.com\/fr\/#website"},"datePublished":"2024-05-23T13:32:49+00:00","dateModified":"2024-07-25T11:27:03+00:00","breadcrumb":{"@id":"https:\/\/dari-system.com\/fr\/mentions-legales\/#breadcrumb"},"inLanguage":"fr-FR","potentialAction":[{"@type":"ReadAction","target":["https:\/\/dari-system.com\/fr\/mentions-legales\/"]}]},{"@type":"BreadcrumbList","@id":"https:\/\/dari-system.com\/fr\/mentions-legales\/#breadcrumb","itemListElement":[{"@type":"ListItem","position":1,"name":"Startseite","item":"https:\/\/dari-system.com\/fr\/"},{"@type":"ListItem","position":2,"name":"Mentions l\u00e9gales"}]},{"@type":"WebSite","@id":"https:\/\/dari-system.com\/fr\/#website","url":"https:\/\/dari-system.com\/fr\/","name":"DaRi System","description":"","potentialAction":[{"@type":"SearchAction","target":{"@type":"EntryPoint","urlTemplate":"https:\/\/dari-system.com\/fr\/?s={search_term_string}"},"query-input":{"@type":"PropertyValueSpecification","valueRequired":true,"valueName":"search_term_string"}}],"inLanguage":"fr-FR"}]}},"_links":{"self":[{"href":"https:\/\/dari-system.com\/fr\/wp-json\/wp\/v2\/pages\/25545629","targetHints":{"allow":["GET"]}}],"collection":[{"href":"https:\/\/dari-system.com\/fr\/wp-json\/wp\/v2\/pages"}],"about":[{"href":"https:\/\/dari-system.com\/fr\/wp-json\/wp\/v2\/types\/page"}],"author":[{"embeddable":true,"href":"https:\/\/dari-system.com\/fr\/wp-json\/wp\/v2\/users\/1"}],"replies":[{"embeddable":true,"href":"https:\/\/dari-system.com\/fr\/wp-json\/wp\/v2\/comments?post=25545629"}],"version-history":[{"count":1,"href":"https:\/\/dari-system.com\/fr\/wp-json\/wp\/v2\/pages\/25545629\/revisions"}],"predecessor-version":[{"id":25545633,"href":"https:\/\/dari-system.com\/fr\/wp-json\/wp\/v2\/pages\/25545629\/revisions\/25545633"}],"wp:attachment":[{"href":"https:\/\/dari-system.com\/fr\/wp-json\/wp\/v2\/media?parent=25545629"}],"wp:term":[{"taxonomy":"dipi_cpt_category","embeddable":true,"href":"https:\/\/dari-system.com\/fr\/wp-json\/wp\/v2\/dipi_cpt_category?post=25545629"}],"curies":[{"name":"wp","href":"https:\/\/api.w.org\/{rel}","templated":true}]}}