{"id":25545621,"date":"2024-05-23T13:32:49","date_gmt":"2024-05-23T13:32:49","guid":{"rendered":"https:\/\/dari-system.com\/conditions-generales-de-vente\/"},"modified":"2024-07-25T11:27:03","modified_gmt":"2024-07-25T11:27:03","slug":"conditions-generales-de-vente","status":"publish","type":"page","link":"https:\/\/dari-system.com\/fr\/conditions-generales-de-vente\/","title":{"rendered":"CONDITIONS G\u00c9N\u00c9RALES DE VENTE"},"content":{"rendered":"<p>[et_pb_section fb_built=\u00a0\u00bb1&Prime; fullwidth=\u00a0\u00bbon\u00a0\u00bb _builder_version=\u00a0\u00bb4.25.0&Prime; _module_preset=\u00a0\u00bbdefault\u00a0\u00bb bottom_divider_color=\u00a0\u00bb#FFFFFF\u00a0\u00bb bottom_divider_height=\u00a0\u00bb82px\u00a0\u00bb bottom_divider_flip=\u00a0\u00bbhorizontal\u00a0\u00bb locked=\u00a0\u00bboff\u00a0\u00bb global_colors_info=\u00a0\u00bb{}\u00a0\u00bb theme_builder_area=\u00a0\u00bbpost_content\u00a0\u00bb][et_pb_fullwidth_header title=\u00a0\u00bbConditions g\u00e9n\u00e9rales de vente\u00a0\u00bb _builder_version=\u00a0\u00bb4.25.0&Prime; _module_preset=\u00a0\u00bbdefault\u00a0\u00bb title_font=\u00a0\u00bb|800|||||||\u00a0\u00bb title_font_size=\u00a0\u00bb45px\u00a0\u00bb background_image=\u00a0\u00bbhttps:\/\/dari-system.com\/wp-content\/uploads\/2024\/05\/header_background.webp\u00a0\u00bb background_position=\u00a0\u00bbbottom_center\u00a0\u00bb custom_padding=\u00a0\u00bb8vh||8vh||true|false\u00a0\u00bb hover_enabled=\u00a0\u00bb0&Prime; title_font_size_tablet=\u00a0\u00bb45px\u00a0\u00bb title_font_size_phone=\u00a0\u00bb29px\u00a0\u00bb title_font_size_last_edited=\u00a0\u00bbon|phone\u00a0\u00bb content_font_size_tablet=\u00a0\u00bb\u00a0\u00bb content_font_size_phone=\u00a0\u00bb17px\u00a0\u00bb content_font_size_last_edited=\u00a0\u00bbon|phone\u00a0\u00bb global_colors_info=\u00a0\u00bb{}\u00a0\u00bb theme_builder_area=\u00a0\u00bbpost_content\u00a0\u00bb sticky_enabled=\u00a0\u00bb0&Prime;][\/et_pb_fullwidth_header][\/et_pb_section][et_pb_section fb_built=\u00a0\u00bb1&Prime; theme_builder_area=\u00a0\u00bbpost_content\u00a0\u00bb _builder_version=\u00a0\u00bb4.25.0&Prime; _module_preset=\u00a0\u00bbdefault\u00a0\u00bb][et_pb_row _builder_version=\u00a0\u00bb4.25.0&Prime; _module_preset=\u00a0\u00bbdefault\u00a0\u00bb theme_builder_area=\u00a0\u00bbpost_content\u00a0\u00bb][et_pb_column _builder_version=\u00a0\u00bb4.25.0&Prime; _module_preset=\u00a0\u00bbdefault\u00a0\u00bb type=\u00a0\u00bb4_4&Prime; theme_builder_area=\u00a0\u00bbpost_content\u00a0\u00bb][et_pb_text _builder_version=\u00a0\u00bb4.25.0&Prime; _module_preset=\u00a0\u00bbdefault\u00a0\u00bb theme_builder_area=\u00a0\u00bbpost_content\u00a0\u00bb hover_enabled=\u00a0\u00bb0&Prime; sticky_enabled=\u00a0\u00bb0&Prime;]<\/p>\n<h2>CONDITIONS G\u00c9N\u00c9RALES DE VENTE<\/h2>\n<p><strong>\u00a7 1 Domaine d&rsquo;application &amp; clause de d\u00e9fense<\/strong><br \/>(1) Les relations juridiques \u00e9tablies par le biais de cette boutique Internet entre l&rsquo;exploitant de la boutique (ci-apr\u00e8s d\u00e9nomm\u00e9 \u00a0\u00bb le fournisseur \u00ab\u00a0) et ses clients sont exclusivement r\u00e9gies par les conditions g\u00e9n\u00e9rales de vente suivantes dans leur version respective au moment de la commande.<br \/>(2) Les conditions g\u00e9n\u00e9rales de vente du client qui diff\u00e8rent des pr\u00e9sentes conditions ne font partie int\u00e9grante du contrat que si le fournisseur en accepte express\u00e9ment la validit\u00e9.<\/p>\n<p><strong>\u00a7 2 Naissance du contrat<\/strong><br \/>(1) La pr\u00e9sentation des marchandises dans la boutique Internet ne constitue pas une offre ferme du fournisseur pour la conclusion d&rsquo;un contrat de vente.<br \/>\nLe client est simplement invit\u00e9 \u00e0 faire une offre en passant une commande. <br \/>(2) En envoyant la commande dans la boutique en ligne, le client fait une offre ferme visant \u00e0 conclure un contrat d&rsquo;achat pour les marchandises contenues dans le panier.<br \/>\nEn envoyant la commande, le client accepte \u00e9galement les pr\u00e9sentes conditions g\u00e9n\u00e9rales de vente comme \u00e9tant les seules d\u00e9terminantes pour la relation juridique avec le fournisseur. <br \/>(3) Le fournisseur confirme la r\u00e9ception de la commande du client par l&rsquo;envoi d&rsquo;un e-mail de confirmation.<br \/>\nCette confirmation de commande ne constitue pas encore l&rsquo;acceptation de l&rsquo;offre de contrat par le fournisseur.<br \/>\nElle sert uniquement \u00e0 informer le client que la commande a \u00e9t\u00e9 re\u00e7ue par le fournisseur.<br \/>\nLe contrat d&rsquo;achat n&rsquo;est conclu qu&rsquo;apr\u00e8s l&rsquo;\u00e9mission d&rsquo;une d\u00e9claration d&rsquo;acceptation par le fournisseur, qui se fait soit par une d\u00e9claration expresse, soit par la livraison de la marchandise.   <\/p>\n<p><strong>\u00a7 3 R\u00e9serve de propri\u00e9t\u00e9<\/strong><br \/>La marchandise livr\u00e9e reste la propri\u00e9t\u00e9 du fournisseur jusqu&rsquo;\u00e0 son paiement int\u00e9gral.<\/p>\n<p><strong>\u00a7 4 Ech\u00e9ance<\/strong><br \/>Le paiement du prix d&rsquo;achat est exigible \u00e0 la conclusion du contrat.<\/p>\n<p><strong>\u00a7 5 Garantie<\/strong><br \/>(1) Les droits de garantie du client sont r\u00e9gis par les dispositions l\u00e9gales g\u00e9n\u00e9rales, sauf disposition contraire ci-apr\u00e8s.<br \/>\nPour les droits \u00e0 dommages et int\u00e9r\u00eats du client vis-\u00e0-vis du fournisseur, les dispositions du \u00a7 6 des pr\u00e9sentes CGV s&rsquo;appliquent. <br \/>(2) Les droits de garantie diff\u00e8rent selon que le client est un consommateur ou non.<br \/>\nLe consommateur est toute personne physique qui conclut un acte juridique \u00e0 des fins qui ne peuvent \u00eatre attribu\u00e9es ni \u00e0 son activit\u00e9 commerciale ni \u00e0 son activit\u00e9 professionnelle ind\u00e9pendante. <br \/>(3) Le d\u00e9lai de prescription pour les droits de garantie du client est de 2 ans pour les consommateurs en ce qui concerne les biens nouvellement fabriqu\u00e9s.<br \/>\nPour les entreprises, le d\u00e9lai de prescription est de 2 ans pour les biens nouvellement fabriqu\u00e9s et pour les biens d&rsquo;occasion. <br \/>(4) Aucune garantie n&rsquo;est donn\u00e9e par le fournisseur.<\/p>\n<p><strong>\u00a7 6 Exclusion de responsabilit\u00e9<\/strong><br \/>(1) Les demandes de dommages et int\u00e9r\u00eats du client sont exclues, sauf disposition contraire ci-apr\u00e8s.<br \/>\nL&rsquo;exclusion de responsabilit\u00e9 susmentionn\u00e9e s&rsquo;applique \u00e9galement aux repr\u00e9sentants l\u00e9gaux et aux agents d&rsquo;ex\u00e9cution du fournisseur, dans la mesure o\u00f9 le client fait valoir des droits \u00e0 leur encontre. <br \/>(2) Sont exclues de l&rsquo;exclusion de responsabilit\u00e9 d\u00e9finie au point 1 les demandes de dommages et int\u00e9r\u00eats pour atteinte \u00e0 la vie, \u00e0 l&rsquo;int\u00e9grit\u00e9 physique ou \u00e0 la sant\u00e9 et les demandes de dommages et int\u00e9r\u00eats pour violation d&rsquo;obligations contractuelles essentielles.<br \/>\nLes obligations contractuelles essentielles sont celles dont l&rsquo;ex\u00e9cution est n\u00e9cessaire \u00e0 la r\u00e9alisation de l&rsquo;objectif du contrat, par exemple le fournisseur doit remettre au client la chose exempte de vices mat\u00e9riels et juridiques et lui en procurer la propri\u00e9t\u00e9.<br \/>\nEst \u00e9galement exclue de l&rsquo;exclusion de responsabilit\u00e9 la responsabilit\u00e9 pour les dommages r\u00e9sultant d&rsquo;une violation intentionnelle ou par n\u00e9gligence grave des obligations du fournisseur, de ses repr\u00e9sentants l\u00e9gaux ou de ses auxiliaires d&rsquo;ex\u00e9cution.  <br \/>(3) Les dispositions de la loi sur la responsabilit\u00e9 du fait des produits (ProdHaftG) restent inchang\u00e9es.<\/p>\n<p><strong>\u00a7 7 Choix du droit &amp; juridiction comp\u00e9tente<\/strong><br \/>(1) Le droit de la R\u00e9publique f\u00e9d\u00e9rale d&rsquo;Allemagne s&rsquo;applique aux relations contractuelles entre le fournisseur et le client.<br \/>\nSont exclues de ce choix juridique les dispositions obligatoires de protection des consommateurs du pays dans lequel le client a sa r\u00e9sidence habituelle.<br \/>\nL&rsquo;application de la Convention des Nations Unies sur les contrats de vente internationale de marchandises est exclue.  <br \/>(2) Le tribunal comp\u00e9tent pour tous les litiges d\u00e9coulant de la relation contractuelle entre le client et le fournisseur est le si\u00e8ge du fournisseur, dans la mesure o\u00f9 le client est un commer\u00e7ant, une personne morale de droit public ou un fonds sp\u00e9cial de droit public.<\/p>\n<p><strong>\u00a7 8 Clause de sauvegarde<\/strong><br \/>(1) Les pr\u00e9sentes conditions g\u00e9n\u00e9rales de vente contiennent l&rsquo;ensemble des droits et obligations des parties contractantes.<br \/>(2) La langue du contrat est l&rsquo;allemand.<br \/>(3) Si une ou plusieurs dispositions des pr\u00e9sentes conditions g\u00e9n\u00e9rales de vente sont ou deviennent caduques ou comportent une lacune, les parties contractantes s&rsquo;engagent \u00e0 entamer des n\u00e9gociations en vue de remplacer ou de compl\u00e9ter la disposition caduque ou incompl\u00e8te par un accord individuel appropri\u00e9 qui correspond le plus possible \u00e0 l&rsquo;objectif \u00e9conomique de la r\u00e9glementation souhait\u00e9e.<br \/>\nLa validit\u00e9 des autres dispositions n&rsquo;en est pas affect\u00e9e. <\/p>\n<p>[\/et_pb_text][\/et_pb_column][\/et_pb_row][\/et_pb_section]<\/p>\n","protected":false},"excerpt":{"rendered":"<p>CONDITIONS G\u00c9N\u00c9RALES DE VENTE \u00a7 1 Domaine d&rsquo;application &amp; clause de d\u00e9fense(1) Les relations juridiques \u00e9tablies par le biais de cette boutique Internet entre l&rsquo;exploitant de la boutique (ci-apr\u00e8s d\u00e9nomm\u00e9 \u00a0\u00bb le fournisseur \u00ab\u00a0) et ses clients sont exclusivement r\u00e9gies par les conditions g\u00e9n\u00e9rales de vente suivantes dans leur version respective au moment de la [&hellip;]<\/p>\n","protected":false},"author":1,"featured_media":0,"parent":0,"menu_order":0,"comment_status":"closed","ping_status":"closed","template":"","meta":{"_et_pb_use_builder":"on","_et_pb_old_content":"","_et_gb_content_width":"","iawp_total_views":12,"footnotes":""},"dipi_cpt_category":[],"class_list":["post-25545621","page","type-page","status-publish","hentry"],"yoast_head":"<!-- This site is optimized with the Yoast SEO plugin v27.4 - https:\/\/yoast.com\/product\/yoast-seo-wordpress\/ -->\n<title>CONDITIONS G\u00c9N\u00c9RALES DE VENTE - DaRi System<\/title>\n<meta name=\"robots\" content=\"index, follow, max-snippet:-1, max-image-preview:large, max-video-preview:-1\" \/>\n<link rel=\"canonical\" href=\"https:\/\/dari-system.com\/fr\/conditions-generales-de-vente\/\" \/>\n<meta property=\"og:locale\" content=\"fr_FR\" \/>\n<meta property=\"og:type\" content=\"article\" \/>\n<meta property=\"og:title\" content=\"CONDITIONS G\u00c9N\u00c9RALES DE VENTE - DaRi System\" \/>\n<meta property=\"og:description\" content=\"CONDITIONS G\u00c9N\u00c9RALES DE VENTE \u00a7 1 Domaine d&#039;application &amp; clause de d\u00e9fense(1) Les relations juridiques \u00e9tablies par le biais de cette boutique Internet entre l&#039;exploitant de la boutique (ci-apr\u00e8s d\u00e9nomm\u00e9 &quot; le fournisseur &quot;) et ses clients sont exclusivement r\u00e9gies par les conditions g\u00e9n\u00e9rales de vente suivantes dans leur version respective au moment de la [&hellip;]\" \/>\n<meta property=\"og:url\" content=\"https:\/\/dari-system.com\/fr\/conditions-generales-de-vente\/\" \/>\n<meta property=\"og:site_name\" content=\"DaRi System\" \/>\n<meta property=\"article:modified_time\" content=\"2024-07-25T11:27:03+00:00\" \/>\n<meta name=\"twitter:card\" content=\"summary_large_image\" \/>\n<meta name=\"twitter:label1\" content=\"Dur\u00e9e de lecture estim\u00e9e\" \/>\n\t<meta name=\"twitter:data1\" content=\"5 minutes\" \/>\n<script type=\"application\/ld+json\" class=\"yoast-schema-graph\">{\"@context\":\"https:\\\/\\\/schema.org\",\"@graph\":[{\"@type\":\"WebPage\",\"@id\":\"https:\\\/\\\/dari-system.com\\\/fr\\\/conditions-generales-de-vente\\\/\",\"url\":\"https:\\\/\\\/dari-system.com\\\/fr\\\/conditions-generales-de-vente\\\/\",\"name\":\"CONDITIONS G\u00c9N\u00c9RALES DE VENTE - DaRi System\",\"isPartOf\":{\"@id\":\"https:\\\/\\\/dari-system.com\\\/fr\\\/#website\"},\"datePublished\":\"2024-05-23T13:32:49+00:00\",\"dateModified\":\"2024-07-25T11:27:03+00:00\",\"breadcrumb\":{\"@id\":\"https:\\\/\\\/dari-system.com\\\/fr\\\/conditions-generales-de-vente\\\/#breadcrumb\"},\"inLanguage\":\"fr-FR\",\"potentialAction\":[{\"@type\":\"ReadAction\",\"target\":[\"https:\\\/\\\/dari-system.com\\\/fr\\\/conditions-generales-de-vente\\\/\"]}]},{\"@type\":\"BreadcrumbList\",\"@id\":\"https:\\\/\\\/dari-system.com\\\/fr\\\/conditions-generales-de-vente\\\/#breadcrumb\",\"itemListElement\":[{\"@type\":\"ListItem\",\"position\":1,\"name\":\"Startseite\",\"item\":\"https:\\\/\\\/dari-system.com\\\/fr\\\/\"},{\"@type\":\"ListItem\",\"position\":2,\"name\":\"CONDITIONS G\u00c9N\u00c9RALES DE VENTE\"}]},{\"@type\":\"WebSite\",\"@id\":\"https:\\\/\\\/dari-system.com\\\/fr\\\/#website\",\"url\":\"https:\\\/\\\/dari-system.com\\\/fr\\\/\",\"name\":\"DaRi System\",\"description\":\"\",\"potentialAction\":[{\"@type\":\"SearchAction\",\"target\":{\"@type\":\"EntryPoint\",\"urlTemplate\":\"https:\\\/\\\/dari-system.com\\\/fr\\\/?s={search_term_string}\"},\"query-input\":{\"@type\":\"PropertyValueSpecification\",\"valueRequired\":true,\"valueName\":\"search_term_string\"}}],\"inLanguage\":\"fr-FR\"}]}<\/script>\n<!-- \/ Yoast SEO plugin. -->","yoast_head_json":{"title":"CONDITIONS G\u00c9N\u00c9RALES DE VENTE - DaRi System","robots":{"index":"index","follow":"follow","max-snippet":"max-snippet:-1","max-image-preview":"max-image-preview:large","max-video-preview":"max-video-preview:-1"},"canonical":"https:\/\/dari-system.com\/fr\/conditions-generales-de-vente\/","og_locale":"fr_FR","og_type":"article","og_title":"CONDITIONS G\u00c9N\u00c9RALES DE VENTE - DaRi System","og_description":"CONDITIONS G\u00c9N\u00c9RALES DE VENTE \u00a7 1 Domaine d'application &amp; clause de d\u00e9fense(1) Les relations juridiques \u00e9tablies par le biais de cette boutique Internet entre l'exploitant de la boutique (ci-apr\u00e8s d\u00e9nomm\u00e9 \" le fournisseur \") et ses clients sont exclusivement r\u00e9gies par les conditions g\u00e9n\u00e9rales de vente suivantes dans leur version respective au moment de la [&hellip;]","og_url":"https:\/\/dari-system.com\/fr\/conditions-generales-de-vente\/","og_site_name":"DaRi System","article_modified_time":"2024-07-25T11:27:03+00:00","twitter_card":"summary_large_image","twitter_misc":{"Dur\u00e9e de lecture estim\u00e9e":"5 minutes"},"schema":{"@context":"https:\/\/schema.org","@graph":[{"@type":"WebPage","@id":"https:\/\/dari-system.com\/fr\/conditions-generales-de-vente\/","url":"https:\/\/dari-system.com\/fr\/conditions-generales-de-vente\/","name":"CONDITIONS G\u00c9N\u00c9RALES DE VENTE - DaRi System","isPartOf":{"@id":"https:\/\/dari-system.com\/fr\/#website"},"datePublished":"2024-05-23T13:32:49+00:00","dateModified":"2024-07-25T11:27:03+00:00","breadcrumb":{"@id":"https:\/\/dari-system.com\/fr\/conditions-generales-de-vente\/#breadcrumb"},"inLanguage":"fr-FR","potentialAction":[{"@type":"ReadAction","target":["https:\/\/dari-system.com\/fr\/conditions-generales-de-vente\/"]}]},{"@type":"BreadcrumbList","@id":"https:\/\/dari-system.com\/fr\/conditions-generales-de-vente\/#breadcrumb","itemListElement":[{"@type":"ListItem","position":1,"name":"Startseite","item":"https:\/\/dari-system.com\/fr\/"},{"@type":"ListItem","position":2,"name":"CONDITIONS G\u00c9N\u00c9RALES DE VENTE"}]},{"@type":"WebSite","@id":"https:\/\/dari-system.com\/fr\/#website","url":"https:\/\/dari-system.com\/fr\/","name":"DaRi System","description":"","potentialAction":[{"@type":"SearchAction","target":{"@type":"EntryPoint","urlTemplate":"https:\/\/dari-system.com\/fr\/?s={search_term_string}"},"query-input":{"@type":"PropertyValueSpecification","valueRequired":true,"valueName":"search_term_string"}}],"inLanguage":"fr-FR"}]}},"_links":{"self":[{"href":"https:\/\/dari-system.com\/fr\/wp-json\/wp\/v2\/pages\/25545621","targetHints":{"allow":["GET"]}}],"collection":[{"href":"https:\/\/dari-system.com\/fr\/wp-json\/wp\/v2\/pages"}],"about":[{"href":"https:\/\/dari-system.com\/fr\/wp-json\/wp\/v2\/types\/page"}],"author":[{"embeddable":true,"href":"https:\/\/dari-system.com\/fr\/wp-json\/wp\/v2\/users\/1"}],"replies":[{"embeddable":true,"href":"https:\/\/dari-system.com\/fr\/wp-json\/wp\/v2\/comments?post=25545621"}],"version-history":[{"count":1,"href":"https:\/\/dari-system.com\/fr\/wp-json\/wp\/v2\/pages\/25545621\/revisions"}],"predecessor-version":[{"id":25545625,"href":"https:\/\/dari-system.com\/fr\/wp-json\/wp\/v2\/pages\/25545621\/revisions\/25545625"}],"wp:attachment":[{"href":"https:\/\/dari-system.com\/fr\/wp-json\/wp\/v2\/media?parent=25545621"}],"wp:term":[{"taxonomy":"dipi_cpt_category","embeddable":true,"href":"https:\/\/dari-system.com\/fr\/wp-json\/wp\/v2\/dipi_cpt_category?post=25545621"}],"curies":[{"name":"wp","href":"https:\/\/api.w.org\/{rel}","templated":true}]}}