{"id":25545615,"date":"2024-05-23T13:32:49","date_gmt":"2024-05-23T13:32:49","guid":{"rendered":"https:\/\/dari-system.com\/information-sur-le-droit-de-retractation\/"},"modified":"2024-07-25T11:27:03","modified_gmt":"2024-07-25T11:27:03","slug":"information-sur-le-droit-de-retractation","status":"publish","type":"page","link":"https:\/\/dari-system.com\/fr\/information-sur-le-droit-de-retractation\/","title":{"rendered":"Information sur le droit de r\u00e9tractation"},"content":{"rendered":"<p>[et_pb_section fb_built=\u00a0\u00bb1&Prime; fullwidth=\u00a0\u00bbon\u00a0\u00bb _builder_version=\u00a0\u00bb4.25.0&Prime; _module_preset=\u00a0\u00bbdefault\u00a0\u00bb bottom_divider_color=\u00a0\u00bb#FFFFFF\u00a0\u00bb bottom_divider_height=\u00a0\u00bb82px\u00a0\u00bb bottom_divider_flip=\u00a0\u00bbhorizontal\u00a0\u00bb locked=\u00a0\u00bboff\u00a0\u00bb global_colors_info=\u00a0\u00bb{}\u00a0\u00bb][et_pb_fullwidth_header title=\u00a0\u00bbInformation sur le droit de r\u00e9tractation\u00a0\u00bb _builder_version=\u00a0\u00bb4.25.0&Prime; _module_preset=\u00a0\u00bbdefault\u00a0\u00bb title_font=\u00a0\u00bb|800|||||||\u00a0\u00bb title_font_size=\u00a0\u00bb45px\u00a0\u00bb background_image=\u00a0\u00bbhttps:\/\/dari-system.com\/wp-content\/uploads\/2024\/05\/header_background.webp\u00a0\u00bb background_position=\u00a0\u00bbbottom_center\u00a0\u00bb custom_padding=\u00a0\u00bb8vh||8vh||true|false\u00a0\u00bb title_font_size_tablet=\u00a0\u00bb45px\u00a0\u00bb title_font_size_phone=\u00a0\u00bb29px\u00a0\u00bb title_font_size_last_edited=\u00a0\u00bbon|phone\u00a0\u00bb content_font_size_tablet=\u00a0\u00bb\u00a0\u00bb content_font_size_phone=\u00a0\u00bb17px\u00a0\u00bb content_font_size_last_edited=\u00a0\u00bbon|phone\u00a0\u00bb global_colors_info=\u00a0\u00bb{}\u00a0\u00bb][\/et_pb_fullwidth_header][\/et_pb_section][et_pb_section fb_built=\u00a0\u00bb1&Prime; _builder_version=\u00a0\u00bb4.25.0&Prime; _module_preset=\u00a0\u00bbdefault\u00a0\u00bb global_colors_info=\u00a0\u00bb{}\u00a0\u00bb][et_pb_row _builder_version=\u00a0\u00bb4.25.0&Prime; _module_preset=\u00a0\u00bbdefault\u00a0\u00bb global_colors_info=\u00a0\u00bb{}\u00a0\u00bb][et_pb_column type=\u00a0\u00bb4_4&Prime; _builder_version=\u00a0\u00bb4.25.0&Prime; _module_preset=\u00a0\u00bbdefault\u00a0\u00bb global_colors_info=\u00a0\u00bb{}\u00a0\u00bb][et_pb_text _builder_version=\u00a0\u00bb4.25.0&Prime; _module_preset=\u00a0\u00bbdefault\u00a0\u00bb hover_enabled=\u00a0\u00bb0&Prime; global_colors_info=\u00a0\u00bb{}\u00a0\u00bb sticky_enabled=\u00a0\u00bb0&Prime;]<\/p>\n<h2>Information sur le droit de r\u00e9tractation \/ Droit de r\u00e9tractation<\/h2>\n<p>Vous avez le droit de vous r\u00e9tracter du pr\u00e9sent contrat dans un d\u00e9lai de quatorze jours sans donner de motif.<br \/>Le d\u00e9lai de r\u00e9tractation est de quatorze jours \u00e0 compter de la date \u00e0 laquelle vous, ou un tiers d\u00e9sign\u00e9 par vous et qui n&rsquo;est pas le transporteur, avez pris possession des marchandises.<br \/>Pour exercer votre droit de r\u00e9tractation, vous devez nous contacter, DaRi-Systemteile GmbH, Rudolf-Nebel-Str.<br \/>\n12, 91781 Wei\u00dfenburg, Tel.<br \/>\n09141- 8459370, Fax 09141-8459371, E-Mail <a href=\"mailto:info@dari-system.com\">info@dari-system.com<\/a> au moyen d&rsquo;une d\u00e9claration claire (par exemple une lettre envoy\u00e9e par la poste, un fax ou un e-mail) de votre d\u00e9cision de r\u00e9voquer le pr\u00e9sent contrat.<br \/>\nVous pouvez utiliser le mod\u00e8le de formulaire de r\u00e9tractation ci-dessous, qui n&rsquo;est pas obligatoire.   <br \/>Pour que le d\u00e9lai de r\u00e9tractation soit respect\u00e9, il suffit que vous envoyiez la communication relative \u00e0 l&rsquo;exercice du droit de r\u00e9tractation avant l&rsquo;expiration du d\u00e9lai de r\u00e9tractation.<br \/>Cons\u00e9quences de la r\u00e9tractation :<br \/>En cas de r\u00e9tractation de votre part du pr\u00e9sent contrat, nous vous rembourserons tous les paiements re\u00e7us de vous, y compris les frais de livraison (\u00e0 l&rsquo;exception des frais suppl\u00e9mentaires d\u00e9coulant du fait que vous avez choisi un mode de livraison autre que le mode moins co\u00fbteux de livraison standard propos\u00e9 par nous), sans retard excessif et au plus tard quatorze jours \u00e0 compter de la date \u00e0 laquelle nous aurons \u00e9t\u00e9 inform\u00e9s de votre d\u00e9cision de r\u00e9tractation du pr\u00e9sent contrat.<br \/>\nPour ce remboursement, nous utilisons le m\u00eame moyen de paiement que celui que vous avez utilis\u00e9 pour la transaction initiale, sauf accord expr\u00e8s contraire avec vous ; en aucun cas des frais ne vous seront factur\u00e9s pour ce remboursement.<br \/>\nNous pouvons refuser le remboursement jusqu&rsquo;\u00e0 ce que nous ayons r\u00e9cup\u00e9r\u00e9 les biens ou jusqu&rsquo;\u00e0 ce que vous ayez fourni la preuve que vous avez renvoy\u00e9 les biens, la date retenue \u00e9tant celle du premier de ces faits.<br \/>Vous devez nous renvoyer ou nous remettre les biens sans retard excessif et, en tout \u00e9tat de cause, au plus tard quatorze jours \u00e0 compter de la date \u00e0 laquelle vous nous informez de votre d\u00e9cision de r\u00e9tractation du pr\u00e9sent contrat.<br \/>\nLe d\u00e9lai est respect\u00e9 si vous renvoyez les marchandises avant l&rsquo;expiration du d\u00e9lai de quatorze jours.<br \/>Les frais directs de renvoi des marchandises sont \u00e0 votre charge.<br \/>Vous n&rsquo;\u00eates tenu de prendre en charge une \u00e9ventuelle perte de valeur des marchandises que si cette perte de valeur est due \u00e0 une manipulation des marchandises qui n&rsquo;est pas n\u00e9cessaire pour v\u00e9rifier leur nature, leurs caract\u00e9ristiques et leur fonctionnement.   <br \/><span style=\"text-decoration: underline;\"><strong>Mod\u00e8le de formulaire de r\u00e9tractation<\/strong><\/span><br \/>(Si vous souhaitez vous r\u00e9tracter du contrat, vous pouvez remplir ce formulaire et nous le renvoyer)<br \/>An die DaRi-Systemteile GmbH, Rudolf-Nebel-Str.<br \/>\n12, 91781 Wei\u00dfenburg, T\u00e9l.<br \/>\n09141- 8459370, Fax 09141-8459371, E-Mail <a href=\"mailto:info@dari-system.com\">info@dari-system.com<\/a><br \/>Par la pr\u00e9sente, je r\u00e9voque le contrat que j&rsquo;ai conclu pour l&rsquo;achat des marchandises suivantes : &#8230;&#8230;&#8230;&#8230;&#8230;&#8230;&#8230;&#8230;&#8230;&#8230;&#8230;&#8230;&#8230;&#8230;&#8230;&#8230;&#8230;&#8230;&#8230;&#8230;&#8230;&#8230;&#8230;&#8230;&#8230;<br \/>&#8211; Command\u00e9 le &#8230;&#8230;&#8230;., re\u00e7u le &#8230;&#8230;&#8230;&#8230;.<br \/>&#8211; Votre nom :<br \/>&#8211; Votre adresse :<br \/>&#8211; Votre signature (uniquement en cas de communication sur papier)<br \/>&#8211; Date :  <\/p>\n<p>[\/et_pb_text][\/et_pb_column][\/et_pb_row][\/et_pb_section]<\/p>\n","protected":false},"excerpt":{"rendered":"<p>Information sur le droit de r\u00e9tractation \/ Droit de r\u00e9tractation Vous avez le droit de vous r\u00e9tracter du pr\u00e9sent contrat dans un d\u00e9lai de quatorze jours sans donner de motif.Le d\u00e9lai de r\u00e9tractation est de quatorze jours \u00e0 compter de la date \u00e0 laquelle vous, ou un tiers d\u00e9sign\u00e9 par vous et qui n&rsquo;est pas [&hellip;]<\/p>\n","protected":false},"author":1,"featured_media":0,"parent":0,"menu_order":0,"comment_status":"closed","ping_status":"closed","template":"","meta":{"_et_pb_use_builder":"on","_et_pb_old_content":"","_et_gb_content_width":"","iawp_total_views":5,"footnotes":""},"dipi_cpt_category":[],"class_list":["post-25545615","page","type-page","status-publish","hentry"],"yoast_head":"<!-- This site is optimized with the Yoast SEO plugin v27.4 - https:\/\/yoast.com\/product\/yoast-seo-wordpress\/ -->\n<title>Information sur le droit de r\u00e9tractation - DaRi System<\/title>\n<meta name=\"robots\" content=\"index, follow, max-snippet:-1, max-image-preview:large, max-video-preview:-1\" \/>\n<link rel=\"canonical\" href=\"https:\/\/dari-system.com\/fr\/information-sur-le-droit-de-retractation\/\" \/>\n<meta property=\"og:locale\" content=\"fr_FR\" \/>\n<meta property=\"og:type\" content=\"article\" \/>\n<meta property=\"og:title\" content=\"Information sur le droit de r\u00e9tractation - DaRi System\" \/>\n<meta property=\"og:description\" content=\"Information sur le droit de r\u00e9tractation \/ Droit de r\u00e9tractation Vous avez le droit de vous r\u00e9tracter du pr\u00e9sent contrat dans un d\u00e9lai de quatorze jours sans donner de motif.Le d\u00e9lai de r\u00e9tractation est de quatorze jours \u00e0 compter de la date \u00e0 laquelle vous, ou un tiers d\u00e9sign\u00e9 par vous et qui n&#039;est pas [&hellip;]\" \/>\n<meta property=\"og:url\" content=\"https:\/\/dari-system.com\/fr\/information-sur-le-droit-de-retractation\/\" \/>\n<meta property=\"og:site_name\" content=\"DaRi System\" \/>\n<meta property=\"article:modified_time\" content=\"2024-07-25T11:27:03+00:00\" \/>\n<meta name=\"twitter:card\" content=\"summary_large_image\" \/>\n<meta name=\"twitter:label1\" content=\"Dur\u00e9e de lecture estim\u00e9e\" \/>\n\t<meta name=\"twitter:data1\" content=\"4 minutes\" \/>\n<script type=\"application\/ld+json\" class=\"yoast-schema-graph\">{\"@context\":\"https:\\\/\\\/schema.org\",\"@graph\":[{\"@type\":\"WebPage\",\"@id\":\"https:\\\/\\\/dari-system.com\\\/fr\\\/information-sur-le-droit-de-retractation\\\/\",\"url\":\"https:\\\/\\\/dari-system.com\\\/fr\\\/information-sur-le-droit-de-retractation\\\/\",\"name\":\"Information sur le droit de r\u00e9tractation - DaRi System\",\"isPartOf\":{\"@id\":\"https:\\\/\\\/dari-system.com\\\/fr\\\/#website\"},\"datePublished\":\"2024-05-23T13:32:49+00:00\",\"dateModified\":\"2024-07-25T11:27:03+00:00\",\"breadcrumb\":{\"@id\":\"https:\\\/\\\/dari-system.com\\\/fr\\\/information-sur-le-droit-de-retractation\\\/#breadcrumb\"},\"inLanguage\":\"fr-FR\",\"potentialAction\":[{\"@type\":\"ReadAction\",\"target\":[\"https:\\\/\\\/dari-system.com\\\/fr\\\/information-sur-le-droit-de-retractation\\\/\"]}]},{\"@type\":\"BreadcrumbList\",\"@id\":\"https:\\\/\\\/dari-system.com\\\/fr\\\/information-sur-le-droit-de-retractation\\\/#breadcrumb\",\"itemListElement\":[{\"@type\":\"ListItem\",\"position\":1,\"name\":\"Startseite\",\"item\":\"https:\\\/\\\/dari-system.com\\\/fr\\\/\"},{\"@type\":\"ListItem\",\"position\":2,\"name\":\"Information sur le droit de r\u00e9tractation\"}]},{\"@type\":\"WebSite\",\"@id\":\"https:\\\/\\\/dari-system.com\\\/fr\\\/#website\",\"url\":\"https:\\\/\\\/dari-system.com\\\/fr\\\/\",\"name\":\"DaRi System\",\"description\":\"\",\"potentialAction\":[{\"@type\":\"SearchAction\",\"target\":{\"@type\":\"EntryPoint\",\"urlTemplate\":\"https:\\\/\\\/dari-system.com\\\/fr\\\/?s={search_term_string}\"},\"query-input\":{\"@type\":\"PropertyValueSpecification\",\"valueRequired\":true,\"valueName\":\"search_term_string\"}}],\"inLanguage\":\"fr-FR\"}]}<\/script>\n<!-- \/ Yoast SEO plugin. -->","yoast_head_json":{"title":"Information sur le droit de r\u00e9tractation - DaRi System","robots":{"index":"index","follow":"follow","max-snippet":"max-snippet:-1","max-image-preview":"max-image-preview:large","max-video-preview":"max-video-preview:-1"},"canonical":"https:\/\/dari-system.com\/fr\/information-sur-le-droit-de-retractation\/","og_locale":"fr_FR","og_type":"article","og_title":"Information sur le droit de r\u00e9tractation - DaRi System","og_description":"Information sur le droit de r\u00e9tractation \/ Droit de r\u00e9tractation Vous avez le droit de vous r\u00e9tracter du pr\u00e9sent contrat dans un d\u00e9lai de quatorze jours sans donner de motif.Le d\u00e9lai de r\u00e9tractation est de quatorze jours \u00e0 compter de la date \u00e0 laquelle vous, ou un tiers d\u00e9sign\u00e9 par vous et qui n'est pas [&hellip;]","og_url":"https:\/\/dari-system.com\/fr\/information-sur-le-droit-de-retractation\/","og_site_name":"DaRi System","article_modified_time":"2024-07-25T11:27:03+00:00","twitter_card":"summary_large_image","twitter_misc":{"Dur\u00e9e de lecture estim\u00e9e":"4 minutes"},"schema":{"@context":"https:\/\/schema.org","@graph":[{"@type":"WebPage","@id":"https:\/\/dari-system.com\/fr\/information-sur-le-droit-de-retractation\/","url":"https:\/\/dari-system.com\/fr\/information-sur-le-droit-de-retractation\/","name":"Information sur le droit de r\u00e9tractation - DaRi System","isPartOf":{"@id":"https:\/\/dari-system.com\/fr\/#website"},"datePublished":"2024-05-23T13:32:49+00:00","dateModified":"2024-07-25T11:27:03+00:00","breadcrumb":{"@id":"https:\/\/dari-system.com\/fr\/information-sur-le-droit-de-retractation\/#breadcrumb"},"inLanguage":"fr-FR","potentialAction":[{"@type":"ReadAction","target":["https:\/\/dari-system.com\/fr\/information-sur-le-droit-de-retractation\/"]}]},{"@type":"BreadcrumbList","@id":"https:\/\/dari-system.com\/fr\/information-sur-le-droit-de-retractation\/#breadcrumb","itemListElement":[{"@type":"ListItem","position":1,"name":"Startseite","item":"https:\/\/dari-system.com\/fr\/"},{"@type":"ListItem","position":2,"name":"Information sur le droit de r\u00e9tractation"}]},{"@type":"WebSite","@id":"https:\/\/dari-system.com\/fr\/#website","url":"https:\/\/dari-system.com\/fr\/","name":"DaRi System","description":"","potentialAction":[{"@type":"SearchAction","target":{"@type":"EntryPoint","urlTemplate":"https:\/\/dari-system.com\/fr\/?s={search_term_string}"},"query-input":{"@type":"PropertyValueSpecification","valueRequired":true,"valueName":"search_term_string"}}],"inLanguage":"fr-FR"}]}},"_links":{"self":[{"href":"https:\/\/dari-system.com\/fr\/wp-json\/wp\/v2\/pages\/25545615","targetHints":{"allow":["GET"]}}],"collection":[{"href":"https:\/\/dari-system.com\/fr\/wp-json\/wp\/v2\/pages"}],"about":[{"href":"https:\/\/dari-system.com\/fr\/wp-json\/wp\/v2\/types\/page"}],"author":[{"embeddable":true,"href":"https:\/\/dari-system.com\/fr\/wp-json\/wp\/v2\/users\/1"}],"replies":[{"embeddable":true,"href":"https:\/\/dari-system.com\/fr\/wp-json\/wp\/v2\/comments?post=25545615"}],"version-history":[{"count":10,"href":"https:\/\/dari-system.com\/fr\/wp-json\/wp\/v2\/pages\/25545615\/revisions"}],"predecessor-version":[{"id":25545645,"href":"https:\/\/dari-system.com\/fr\/wp-json\/wp\/v2\/pages\/25545615\/revisions\/25545645"}],"wp:attachment":[{"href":"https:\/\/dari-system.com\/fr\/wp-json\/wp\/v2\/media?parent=25545615"}],"wp:term":[{"taxonomy":"dipi_cpt_category","embeddable":true,"href":"https:\/\/dari-system.com\/fr\/wp-json\/wp\/v2\/dipi_cpt_category?post=25545615"}],"curies":[{"name":"wp","href":"https:\/\/api.w.org\/{rel}","templated":true}]}}