{"id":25545606,"date":"2024-05-29T09:26:04","date_gmt":"2024-05-29T09:26:04","guid":{"rendered":"https:\/\/dari-system.com\/a-propos-de-nous\/"},"modified":"2025-01-26T15:53:18","modified_gmt":"2025-01-26T15:53:18","slug":"a-propos-de-nous","status":"publish","type":"page","link":"https:\/\/dari-system.com\/fr\/a-propos-de-nous\/","title":{"rendered":"\u00c0 propos de nous"},"content":{"rendered":"<p>[et_pb_section fb_built=\u00a0\u00bb1&Prime; fullwidth=\u00a0\u00bbon\u00a0\u00bb _builder_version=\u00a0\u00bb4.25.0&Prime; _module_preset=\u00a0\u00bbdefault\u00a0\u00bb bottom_divider_color=\u00a0\u00bb#FFFFFF\u00a0\u00bb bottom_divider_height=\u00a0\u00bb82px\u00a0\u00bb bottom_divider_flip=\u00a0\u00bbhorizontal\u00a0\u00bb locked=\u00a0\u00bboff\u00a0\u00bb global_colors_info=\u00a0\u00bb{}\u00a0\u00bb][et_pb_fullwidth_header title=\u00a0\u00bb\u00c0 propos de nous\u00a0\u00bb _builder_version=\u00a0\u00bb4.25.0&Prime; _module_preset=\u00a0\u00bbdefault\u00a0\u00bb title_font=\u00a0\u00bb|800|||||||\u00a0\u00bb title_font_size=\u00a0\u00bb45px\u00a0\u00bb background_image=\u00a0\u00bbhttps:\/\/dari-system.com\/wp-content\/uploads\/2024\/05\/header_background.webp\u00a0\u00bb background_position=\u00a0\u00bbbottom_center\u00a0\u00bb custom_padding=\u00a0\u00bb8vh||8vh||true|false\u00a0\u00bb title_font_size_tablet=\u00a0\u00bb45px\u00a0\u00bb title_font_size_phone=\u00a0\u00bb29px\u00a0\u00bb title_font_size_last_edited=\u00a0\u00bbon|phone\u00a0\u00bb content_font_size_tablet=\u00a0\u00bb\u00a0\u00bb content_font_size_phone=\u00a0\u00bb17px\u00a0\u00bb content_font_size_last_edited=\u00a0\u00bbon|phone\u00a0\u00bb global_colors_info=\u00a0\u00bb{}\u00a0\u00bb]<\/p>\n<p>La voie vers un syst\u00e8me DaRi parfait<\/p>\n<p>[\/et_pb_fullwidth_header][\/et_pb_section][et_pb_section fb_built=\u00a0\u00bb1&Prime; _builder_version=\u00a0\u00bb4.25.0&Prime; _module_preset=\u00a0\u00bbdefault\u00a0\u00bb global_colors_info=\u00a0\u00bb{}\u00a0\u00bb][et_pb_row column_structure=\u00a0\u00bb2_3,1_3&Prime; make_equal=\u00a0\u00bbon\u00a0\u00bb _builder_version=\u00a0\u00bb4.25.0&Prime; _module_preset=\u00a0\u00bbdefault\u00a0\u00bb custom_margin=\u00a0\u00bb||0px||false|false\u00a0\u00bb custom_padding=\u00a0\u00bb||0px||false|false\u00a0\u00bb global_colors_info=\u00a0\u00bb{}\u00a0\u00bb][et_pb_column type=\u00a0\u00bb2_3&Prime; _builder_version=\u00a0\u00bb4.25.0&Prime; _module_preset=\u00a0\u00bbdefault\u00a0\u00bb custom_css_main_element=\u00a0\u00bbmargin: auto;\u00a0\u00bb global_colors_info=\u00a0\u00bb{}\u00a0\u00bb][et_pb_text _builder_version=\u00a0\u00bb4.25.0&Prime; _module_preset=\u00a0\u00bbdefault\u00a0\u00bb global_colors_info=\u00a0\u00bb{}\u00a0\u00bb]<\/p>\n<p><strong>Votre expert en protection des goutti\u00e8res \u2013 leader mondial et innovant<\/strong><\/p>\n<p>Nous sommes fiers d&rsquo;\u00eatre l&rsquo;un des principaux fabricants mondiaux, exclusivement sp\u00e9cialis\u00e9s dans le d\u00e9veloppement et la production de syst\u00e8mes de haute qualit\u00e9 pour la protection des goutti\u00e8res. Que ce soit pour des habitations, des b\u00e2timents industriels, des v\u00e9randas ou des auvents, nos solutions pr\u00e9servent vos goutti\u00e8res des obstructions caus\u00e9es par les feuilles, les aiguilles et autres d\u00e9bris.<\/p>\n<p>Depuis plus de 15 ans, nous nous consacrons avec passion et esprit d&rsquo;innovation \u00e0 cette mission. Nos syst\u00e8mes sont con\u00e7us et fabriqu\u00e9s en Allemagne et r\u00e9pondent aux plus hautes exigences en termes de qualit\u00e9, durabilit\u00e9 et facilit\u00e9 d&rsquo;utilisation. Nous veillons particuli\u00e8rement \u00e0 ce que nos produits soient :<\/p>\n<ul>\n<li><strong>R\u00e9sistants aux UV<\/strong> et robustes face aux conditions climatiques,<\/li>\n<li><strong>Compatibles avec tous les mat\u00e9riaux de goutti\u00e8res<\/strong>, y compris le plastique, le zinc, le cuivre et l&rsquo;acier inoxydable,<\/li>\n<li><strong>Faciles \u00e0 installer sans outils techniques<\/strong>, id\u00e9aux pour les bricoleurs comme pour les professionnels.<\/li>\n<\/ul>\n<h3>Notre engagement \u2013 votre s\u00e9curit\u00e9<\/h3>\n<p>Ce qui nous distingue des autres fabricants, c&rsquo;est notre garantie : en cas de montage conforme, votre goutti\u00e8re restera garantie sans obstruction par les feuilles. Cette garantie unique vous offre une tranquillit\u00e9 d&rsquo;esprit et illustre notre confiance dans la qualit\u00e9 et l&rsquo;efficacit\u00e9 de nos produits.<\/p>\n<h3>Une expertise mondiale \u2013 des solutions pour chaque d\u00e9fi<\/h3>\n<p>Depuis notre si\u00e8ge en Allemagne, nous livrons nos produits \u00e0 travers le monde entier. En effet, le probl\u00e8me des goutti\u00e8res bouch\u00e9es est universel \u2013 et nous avons la solution adapt\u00e9e. Nous voyons dans les situations les plus complexes un d\u00e9fi stimulant pour concevoir de nouveaux produits innovants.<\/p>\n<p><strong>Notre service pour vous :<\/strong><br \/>Envoyez-nous des photos de vos goutti\u00e8res, et nous vous conseillerons gratuitement ! Notre \u00e9quipe exp\u00e9riment\u00e9e trouvera la solution id\u00e9ale pour r\u00e9pondre \u00e0 vos besoins sp\u00e9cifiques.<\/p>\n<h3>Notre vision<\/h3>\n<p>Gr\u00e2ce \u00e0 nos produits, nous permettons aux propri\u00e9taires et aux entreprises de b\u00e9n\u00e9ficier d&rsquo;un avenir sans souci, o\u00f9 les goutti\u00e8res obstru\u00e9es ne seront plus qu&rsquo;un mauvais souvenir. Nos syst\u00e8mes de haute qualit\u00e9, durables et faciles \u00e0 installer vous font gagner du temps, de l&rsquo;effort et des co\u00fbts, afin que vous puissiez vous concentrer sur l&rsquo;essentiel.<\/p>\n<p><strong>Faites confiance \u00e0 plus de 15 ans d&rsquo;exp\u00e9rience et franchissez le premier pas vers des goutti\u00e8res propres et performantes. Nous sommes impatients de r\u00e9pondre \u00e0 votre demande !<\/strong><\/p>\n<p>&nbsp;<\/p>\n<p>[\/et_pb_text][\/et_pb_column][et_pb_column type=\u00a0\u00bb1_3&Prime; _builder_version=\u00a0\u00bb4.25.0&Prime; _module_preset=\u00a0\u00bbdefault\u00a0\u00bb custom_css_main_element=\u00a0\u00bbmrgin:auto;\u00a0\u00bb global_colors_info=\u00a0\u00bb{}\u00a0\u00bb][et_pb_image src=\u00a0\u00bbhttps:\/\/dari-system.com\/wp-content\/uploads\/2024\/06\/eckhard_jentsch_03.webp\u00a0\u00bb alt=\u00a0\u00bbEckhard Jentsch\u00a0\u00bb title_text=\u00a0\u00bbeckhard_jentsch_03&Prime; _builder_version=\u00a0\u00bb4.25.0&Prime; _module_preset=\u00a0\u00bbdefault\u00a0\u00bb custom_margin=\u00a0\u00bb||0px||false|false\u00a0\u00bb custom_margin_tablet=\u00a0\u00bb||0px||false|false\u00a0\u00bb custom_margin_phone=\u00a0\u00bb35px||0px||false|false\u00a0\u00bb custom_margin_last_edited=\u00a0\u00bbon|phone\u00a0\u00bb global_colors_info=\u00a0\u00bb{}\u00a0\u00bb][\/et_pb_image][et_pb_text _builder_version=\u00a0\u00bb4.25.0&Prime; _module_preset=\u00a0\u00bbdefault\u00a0\u00bb text_font_size=\u00a0\u00bb12px\u00a0\u00bb custom_margin=\u00a0\u00bb||0px||false|false\u00a0\u00bb custom_padding=\u00a0\u00bb||0px||false|false\u00a0\u00bb global_colors_info=\u00a0\u00bb{}\u00a0\u00bb]<\/p>\n<p style=\"text-align: center;\"><em>Eckhard Jentsch | Fondateur de DaRi-System<\/em><\/p>\n<p>[\/et_pb_text][\/et_pb_column][\/et_pb_row][\/et_pb_section][et_pb_section fb_built=\u00a0\u00bb1&Prime; _builder_version=\u00a0\u00bb4.25.0&Prime; _module_preset=\u00a0\u00bbdefault\u00a0\u00bb custom_padding=\u00a0\u00bb0px||0px||false|false\u00a0\u00bb global_colors_info=\u00a0\u00bb{}\u00a0\u00bb][\/et_pb_section][et_pb_section fb_built=\u00a0\u00bb1&Prime; _builder_version=\u00a0\u00bb4.25.0&Prime; _module_preset=\u00a0\u00bbdefault\u00a0\u00bb global_colors_info=\u00a0\u00bb{}\u00a0\u00bb][\/et_pb_section]<\/p>\n","protected":false},"excerpt":{"rendered":"<p>La voie vers un syst\u00e8me DaRi parfaitVotre expert en protection des goutti\u00e8res \u2013 leader mondial et innovant Nous sommes fiers d&rsquo;\u00eatre l&rsquo;un des principaux fabricants mondiaux, exclusivement sp\u00e9cialis\u00e9s dans le d\u00e9veloppement et la production de syst\u00e8mes de haute qualit\u00e9 pour la protection des goutti\u00e8res. Que ce soit pour des habitations, des b\u00e2timents industriels, des v\u00e9randas [&hellip;]<\/p>\n","protected":false},"author":1,"featured_media":0,"parent":0,"menu_order":0,"comment_status":"closed","ping_status":"closed","template":"","meta":{"_et_pb_use_builder":"on","_et_pb_old_content":"","_et_gb_content_width":"","iawp_total_views":49,"footnotes":""},"dipi_cpt_category":[],"class_list":["post-25545606","page","type-page","status-publish","hentry"],"yoast_head":"<!-- This site is optimized with the Yoast SEO plugin v27.4 - https:\/\/yoast.com\/product\/yoast-seo-wordpress\/ -->\n<title>\u00c0 propos de nous - DaRi System<\/title>\n<meta name=\"robots\" content=\"index, follow, max-snippet:-1, max-image-preview:large, max-video-preview:-1\" \/>\n<link rel=\"canonical\" href=\"https:\/\/dari-system.com\/fr\/a-propos-de-nous\/\" \/>\n<meta property=\"og:locale\" content=\"fr_FR\" \/>\n<meta property=\"og:type\" content=\"article\" \/>\n<meta property=\"og:title\" content=\"\u00c0 propos de nous - DaRi System\" \/>\n<meta property=\"og:description\" content=\"La voie vers un syst\u00e8me DaRi parfaitVotre expert en protection des goutti\u00e8res \u2013 leader mondial et innovant Nous sommes fiers d&#039;\u00eatre l&#039;un des principaux fabricants mondiaux, exclusivement sp\u00e9cialis\u00e9s dans le d\u00e9veloppement et la production de syst\u00e8mes de haute qualit\u00e9 pour la protection des goutti\u00e8res. Que ce soit pour des habitations, des b\u00e2timents industriels, des v\u00e9randas [&hellip;]\" \/>\n<meta property=\"og:url\" content=\"https:\/\/dari-system.com\/fr\/a-propos-de-nous\/\" \/>\n<meta property=\"og:site_name\" content=\"DaRi System\" \/>\n<meta property=\"article:modified_time\" content=\"2025-01-26T15:53:18+00:00\" \/>\n<meta name=\"twitter:card\" content=\"summary_large_image\" \/>\n<meta name=\"twitter:label1\" content=\"Dur\u00e9e de lecture estim\u00e9e\" \/>\n\t<meta name=\"twitter:data1\" content=\"4 minutes\" \/>\n<script type=\"application\/ld+json\" class=\"yoast-schema-graph\">{\"@context\":\"https:\\\/\\\/schema.org\",\"@graph\":[{\"@type\":\"WebPage\",\"@id\":\"https:\\\/\\\/dari-system.com\\\/fr\\\/a-propos-de-nous\\\/\",\"url\":\"https:\\\/\\\/dari-system.com\\\/fr\\\/a-propos-de-nous\\\/\",\"name\":\"\u00c0 propos de nous - DaRi System\",\"isPartOf\":{\"@id\":\"https:\\\/\\\/dari-system.com\\\/fr\\\/#website\"},\"datePublished\":\"2024-05-29T09:26:04+00:00\",\"dateModified\":\"2025-01-26T15:53:18+00:00\",\"breadcrumb\":{\"@id\":\"https:\\\/\\\/dari-system.com\\\/fr\\\/a-propos-de-nous\\\/#breadcrumb\"},\"inLanguage\":\"fr-FR\",\"potentialAction\":[{\"@type\":\"ReadAction\",\"target\":[\"https:\\\/\\\/dari-system.com\\\/fr\\\/a-propos-de-nous\\\/\"]}]},{\"@type\":\"BreadcrumbList\",\"@id\":\"https:\\\/\\\/dari-system.com\\\/fr\\\/a-propos-de-nous\\\/#breadcrumb\",\"itemListElement\":[{\"@type\":\"ListItem\",\"position\":1,\"name\":\"Startseite\",\"item\":\"https:\\\/\\\/dari-system.com\\\/fr\\\/\"},{\"@type\":\"ListItem\",\"position\":2,\"name\":\"\u00c0 propos de nous\"}]},{\"@type\":\"WebSite\",\"@id\":\"https:\\\/\\\/dari-system.com\\\/fr\\\/#website\",\"url\":\"https:\\\/\\\/dari-system.com\\\/fr\\\/\",\"name\":\"DaRi System\",\"description\":\"\",\"potentialAction\":[{\"@type\":\"SearchAction\",\"target\":{\"@type\":\"EntryPoint\",\"urlTemplate\":\"https:\\\/\\\/dari-system.com\\\/fr\\\/?s={search_term_string}\"},\"query-input\":{\"@type\":\"PropertyValueSpecification\",\"valueRequired\":true,\"valueName\":\"search_term_string\"}}],\"inLanguage\":\"fr-FR\"}]}<\/script>\n<!-- \/ Yoast SEO plugin. -->","yoast_head_json":{"title":"\u00c0 propos de nous - DaRi System","robots":{"index":"index","follow":"follow","max-snippet":"max-snippet:-1","max-image-preview":"max-image-preview:large","max-video-preview":"max-video-preview:-1"},"canonical":"https:\/\/dari-system.com\/fr\/a-propos-de-nous\/","og_locale":"fr_FR","og_type":"article","og_title":"\u00c0 propos de nous - DaRi System","og_description":"La voie vers un syst\u00e8me DaRi parfaitVotre expert en protection des goutti\u00e8res \u2013 leader mondial et innovant Nous sommes fiers d'\u00eatre l'un des principaux fabricants mondiaux, exclusivement sp\u00e9cialis\u00e9s dans le d\u00e9veloppement et la production de syst\u00e8mes de haute qualit\u00e9 pour la protection des goutti\u00e8res. Que ce soit pour des habitations, des b\u00e2timents industriels, des v\u00e9randas [&hellip;]","og_url":"https:\/\/dari-system.com\/fr\/a-propos-de-nous\/","og_site_name":"DaRi System","article_modified_time":"2025-01-26T15:53:18+00:00","twitter_card":"summary_large_image","twitter_misc":{"Dur\u00e9e de lecture estim\u00e9e":"4 minutes"},"schema":{"@context":"https:\/\/schema.org","@graph":[{"@type":"WebPage","@id":"https:\/\/dari-system.com\/fr\/a-propos-de-nous\/","url":"https:\/\/dari-system.com\/fr\/a-propos-de-nous\/","name":"\u00c0 propos de nous - DaRi System","isPartOf":{"@id":"https:\/\/dari-system.com\/fr\/#website"},"datePublished":"2024-05-29T09:26:04+00:00","dateModified":"2025-01-26T15:53:18+00:00","breadcrumb":{"@id":"https:\/\/dari-system.com\/fr\/a-propos-de-nous\/#breadcrumb"},"inLanguage":"fr-FR","potentialAction":[{"@type":"ReadAction","target":["https:\/\/dari-system.com\/fr\/a-propos-de-nous\/"]}]},{"@type":"BreadcrumbList","@id":"https:\/\/dari-system.com\/fr\/a-propos-de-nous\/#breadcrumb","itemListElement":[{"@type":"ListItem","position":1,"name":"Startseite","item":"https:\/\/dari-system.com\/fr\/"},{"@type":"ListItem","position":2,"name":"\u00c0 propos de nous"}]},{"@type":"WebSite","@id":"https:\/\/dari-system.com\/fr\/#website","url":"https:\/\/dari-system.com\/fr\/","name":"DaRi System","description":"","potentialAction":[{"@type":"SearchAction","target":{"@type":"EntryPoint","urlTemplate":"https:\/\/dari-system.com\/fr\/?s={search_term_string}"},"query-input":{"@type":"PropertyValueSpecification","valueRequired":true,"valueName":"search_term_string"}}],"inLanguage":"fr-FR"}]}},"_links":{"self":[{"href":"https:\/\/dari-system.com\/fr\/wp-json\/wp\/v2\/pages\/25545606","targetHints":{"allow":["GET"]}}],"collection":[{"href":"https:\/\/dari-system.com\/fr\/wp-json\/wp\/v2\/pages"}],"about":[{"href":"https:\/\/dari-system.com\/fr\/wp-json\/wp\/v2\/types\/page"}],"author":[{"embeddable":true,"href":"https:\/\/dari-system.com\/fr\/wp-json\/wp\/v2\/users\/1"}],"replies":[{"embeddable":true,"href":"https:\/\/dari-system.com\/fr\/wp-json\/wp\/v2\/comments?post=25545606"}],"version-history":[{"count":2,"href":"https:\/\/dari-system.com\/fr\/wp-json\/wp\/v2\/pages\/25545606\/revisions"}],"predecessor-version":[{"id":25549906,"href":"https:\/\/dari-system.com\/fr\/wp-json\/wp\/v2\/pages\/25545606\/revisions\/25549906"}],"wp:attachment":[{"href":"https:\/\/dari-system.com\/fr\/wp-json\/wp\/v2\/media?parent=25545606"}],"wp:term":[{"taxonomy":"dipi_cpt_category","embeddable":true,"href":"https:\/\/dari-system.com\/fr\/wp-json\/wp\/v2\/dipi_cpt_category?post=25545606"}],"curies":[{"name":"wp","href":"https:\/\/api.w.org\/{rel}","templated":true}]}}