{"id":25545585,"date":"2024-05-28T18:02:41","date_gmt":"2024-05-28T18:02:41","guid":{"rendered":"https:\/\/dari-system.com\/dari-systeme-d2\/"},"modified":"2024-07-26T16:03:09","modified_gmt":"2024-07-26T16:03:09","slug":"dari-systeme-d2","status":"publish","type":"page","link":"https:\/\/dari-system.com\/fr\/dari-systeme-d2\/","title":{"rendered":"DaRi Syst\u00e8me D2"},"content":{"rendered":"<p>[et_pb_section fb_built=\u00a0\u00bb1&Prime; admin_label=\u00a0\u00bbTBVS &#8211; Light &#8211; Content 5&Prime; _builder_version=\u00a0\u00bb4.25.0&Prime; _module_preset=\u00a0\u00bb773cbfc0-e6bc-474b-b613-dad4bc024acd\u00a0\u00bb global_colors_info=\u00a0\u00bb{}\u00a0\u00bb][et_pb_row column_structure=\u00a0\u00bb2_5,3_5&Prime; make_equal=\u00a0\u00bbon\u00a0\u00bb _builder_version=\u00a0\u00bb4.25.0&Prime; _module_preset=\u00a0\u00bbdefault\u00a0\u00bb global_colors_info=\u00a0\u00bb{}\u00a0\u00bb][et_pb_column type=\u00a0\u00bb2_5&Prime; _builder_version=\u00a0\u00bb4.16&Prime; _module_preset=\u00a0\u00bbdefault\u00a0\u00bb global_colors_info=\u00a0\u00bb{}\u00a0\u00bb][et_pb_image src=\u00a0\u00bbhttps:\/\/dari-system.com\/wp-content\/uploads\/2024\/05\/dari_d2_montiert.webp\u00a0\u00bb alt=\u00a0\u00bbDaRi-System D1 mont\u00e9\u00a0\u00bb title_text=\u00a0\u00bbdari_d2_mont\u00e9\u00a0\u00bb show_in_lightbox=\u00a0\u00bbon\u00a0\u00bb _builder_version=\u00a0\u00bb4.25.0&Prime; _module_preset=\u00a0\u00bbdefault\u00a0\u00bb border_radii=\u00a0\u00bbon|44px|44px|44px|44px\u00a0\u00bb global_colors_info=\u00a0\u00bb{}\u00a0\u00bb][\/et_pb_image][\/et_pb_column][et_pb_column type=\u00a0\u00bb3_5&Prime; _builder_version=\u00a0\u00bb4.25.0&Prime; _module_preset=\u00a0\u00bbdefault\u00a0\u00bb custom_padding_tablet=\u00a0\u00bb||30px||false|false\u00a0\u00bb custom_padding_phone=\u00a0\u00bb\u00a0\u00bb custom_padding_last_edited=\u00a0\u00bbon|tablet\u00a0\u00bb custom_css_main_element=\u00a0\u00bbmargin: auto;\u00a0\u00bb global_colors_info=\u00a0\u00bb{}\u00a0\u00bb][et_pb_text _builder_version=\u00a0\u00bb4.25.0&Prime; _module_preset=\u00a0\u00bbc68383f9-009f-4682-a0ef-f1cc616ecd44&Prime; global_colors_info=\u00a0\u00bb{}\u00a0\u00bb]<\/p>\n<h1>DaRi-System D2<\/h1>\n<p>[\/et_pb_text][et_pb_text _builder_version=\u00a0\u00bb4.25.0&Prime; _module_preset=\u00a0\u00bbdefault\u00a0\u00bb header_3_text_color=\u00a0\u00bb#FFFFFF\u00a0\u00bb header_3_line_height=\u00a0\u00bb1.1em\u00a0\u00bb background_layout=\u00a0\u00bbdark\u00a0\u00bb custom_margin=\u00a0\u00bb||5px||false|false\u00a0\u00bb header_3_text_color_tablet=\u00a0\u00bb\u00a0\u00bb header_3_text_color_phone=\u00a0\u00bb\u00a0\u00bb header_3_text_color_last_edited=\u00a0\u00bbon|desktop\u00a0\u00bb global_colors_info=\u00a0\u00bb{}\u00a0\u00bb]<\/p>\n<h3>Pour les toits o\u00f9 les tuiles s&rsquo;enfoncent profond\u00e9ment dans la goutti\u00e8re<\/h3>\n<p>[\/et_pb_text][\/et_pb_column][\/et_pb_row][\/et_pb_section][et_pb_section fb_built=\u00a0\u00bb1&Prime; _builder_version=\u00a0\u00bb4.25.0&Prime; _module_preset=\u00a0\u00bbdefault\u00a0\u00bb global_colors_info=\u00a0\u00bb{}\u00a0\u00bb][et_pb_row column_structure=\u00a0\u00bb2_3,1_3&Prime; make_equal=\u00a0\u00bbon\u00a0\u00bb _builder_version=\u00a0\u00bb4.25.0&Prime; _module_preset=\u00a0\u00bbdefault\u00a0\u00bb global_colors_info=\u00a0\u00bb{}\u00a0\u00bb][et_pb_column type=\u00a0\u00bb2_3&Prime; _builder_version=\u00a0\u00bb4.25.0&Prime; _module_preset=\u00a0\u00bbdefault\u00a0\u00bb custom_css_main_element=\u00a0\u00bbmargin: auto;\u00a0\u00bb border_color_right=\u00a0\u00bb#4C76A9&Prime; global_colors_info=\u00a0\u00bb{}\u00a0\u00bb][et_pb_text _builder_version=\u00a0\u00bb4.25.0&Prime; _module_preset=\u00a0\u00bbdefault\u00a0\u00bb global_colors_info=\u00a0\u00bb{}\u00a0\u00bb]<\/p>\n<p>Sur les toits en pente, les tuiles d\u00e9passent souvent profond\u00e9ment dans la goutti\u00e8re.<br \/>\nDans ce cas, il est souvent difficile de monter le DaRi-System D1.<br \/>\nLe DaRi-System D2 a \u00e9t\u00e9 con\u00e7u pour ces goutti\u00e8res.    <\/p>\n<p>[\/et_pb_text][\/et_pb_column][et_pb_column type=\u00a0\u00bb1_3&Prime; _builder_version=\u00a0\u00bb4.25.0&Prime; _module_preset=\u00a0\u00bbdefault\u00a0\u00bb custom_css_main_element=\u00a0\u00bbmargin: auto;\u00a0\u00bb border_color_right=\u00a0\u00bb#4C76A9&Prime; global_colors_info=\u00a0\u00bb{}\u00a0\u00bb][et_pb_image src=\u00a0\u00bbhttps:\/\/dari-system.com\/wp-content\/uploads\/2024\/05\/einbausituation_d2.webp\u00a0\u00bb alt=\u00a0\u00bbDaRi System D2 Situation de montage\u00a0\u00bb title_text=\u00a0\u00bbsituation de montage_d2&Prime; _builder_version=\u00a0\u00bb4.25.0&Prime; _module_preset=\u00a0\u00bbdefault\u00a0\u00bb global_colors_info=\u00a0\u00bb{}\u00a0\u00bb][\/et_pb_image][\/et_pb_column][\/et_pb_row][\/et_pb_section][et_pb_section fb_built=\u00a0\u00bb1&Prime; admin_label=\u00a0\u00bbProduktvergleich\u00a0\u00bb module_class=\u00a0\u00bbtbvs-section-light\u00a0\u00bb _builder_version=\u00a0\u00bb4.25.0&Prime; _module_preset=\u00a0\u00bbdefault\u00a0\u00bb background_color=\u00a0\u00bb#cde2f2&Prime; background_enable_image=\u00a0\u00bboff\u00a0\u00bb parallax=\u00a0\u00bbon\u00a0\u00bb z_index=\u00a0\u00bb5&Prime; min_height=\u00a0\u00bb410.3px\u00a0\u00bb custom_margin=\u00a0\u00bb||14px||false|false\u00a0\u00bb custom_padding=\u00a0\u00bb46px||||false|false\u00a0\u00bb top_divider_height=\u00a0\u00bb72px\u00a0\u00bb global_colors_info=\u00a0\u00bb{}\u00a0\u00bb][et_pb_row column_structure=\u00a0\u00bb1_4,1_2,1_4&Prime; _builder_version=\u00a0\u00bb4.25.0&Prime; _module_preset=\u00a0\u00bbdefault\u00a0\u00bb global_colors_info=\u00a0\u00bb{}\u00a0\u00bb][et_pb_column type=\u00a0\u00bb1_4&Prime; _builder_version=\u00a0\u00bb4.25.0&Prime; _module_preset=\u00a0\u00bbdefault\u00a0\u00bb background_enable_color=\u00a0\u00bboff\u00a0\u00bb border_color_top=\u00a0\u00bb#4C76A9&Prime; global_colors_info=\u00a0\u00bb{}\u00a0\u00bb][\/et_pb_column][et_pb_column type=\u00a0\u00bb1_2&Prime; _builder_version=\u00a0\u00bb4.25.0&Prime; _module_preset=\u00a0\u00bbdefault\u00a0\u00bb background_enable_color=\u00a0\u00bboff\u00a0\u00bb border_color_top=\u00a0\u00bb#4C76A9&Prime; global_colors_info=\u00a0\u00bb{}\u00a0\u00bb][et_pb_text _builder_version=\u00a0\u00bb4.25.0&Prime; _module_preset=\u00a0\u00bbdefault\u00a0\u00bb custom_margin=\u00a0\u00bb||||false|true\u00a0\u00bb custom_padding=\u00a0\u00bb||||false|false\u00a0\u00bb header_3_text_align_tablet=\u00a0\u00bb\u00a0\u00bb header_3_text_align_phone=\u00a0\u00bb\u00a0\u00bb header_3_text_align_last_edited=\u00a0\u00bbon|desktop\u00a0\u00bb global_colors_info=\u00a0\u00bb{}\u00a0\u00bb]<\/p>\n<h3>Regardez le petit film pour en savoir plus :<\/h3>\n<p>[\/et_pb_text][et_pb_code _builder_version=\u00a0\u00bb4.27.0&Prime; _module_preset=\u00a0\u00bbdefault\u00a0\u00bb hover_enabled=\u00a0\u00bb0&Prime; border_radii=\u00a0\u00bbon|10px|10px|10px|10px\u00a0\u00bb box_shadow_style=\u00a0\u00bbpreset1&Prime; global_colors_info=\u00a0\u00bb{}\u00a0\u00bb sticky_enabled=\u00a0\u00bb0&Prime;] <\/p>\n<div class=\"brlbs-cmpnt-container brlbs-cmpnt-content-blocker brlbs-cmpnt-with-individual-styles\" data-borlabs-cookie-content-blocker-id=\"youtube-content-blocker\" data-borlabs-cookie-content=\"PGRpdiBjbGFzcz0iYnJsYnMtY21wbnQtY2ItZmx1aWQtd2lkdGgtdmlkZW8td3JhcHBlci15b3V0dWJlIj48aWZyYW1lIHNyYz0iaHR0cHM6Ly93d3cueW91dHViZS1ub2Nvb2tpZS5jb20vZW1iZWQvZDdHd2JRM01aYlk\/bW9kZXN0YnJhbmRpbmc9MSZyZWw9MCIgd2lkdGg9IjUxNiIgaGVpZ2h0PSIyNjQiIGZyYW1lYm9yZGVyPSIwIiBhbGxvd2Z1bGxzY3JlZW49IiI+PC9pZnJhbWU+PC9kaXY+\">\n<div class=\"brlbs-cmpnt-cb-preset-c brlbs-cmpnt-cb-youtube\">\n<div class=\"brlbs-cmpnt-cb-thumbnail\" style=\"background-image: url('https:\/\/dari-system.com\/wp-content\/uploads\/borlabs-cookie\/1\/yt_d7GwbQ3MZbY_hqdefault.jpg')\"><\/div>\n<div class=\"brlbs-cmpnt-cb-main\">\n<div class=\"brlbs-cmpnt-cb-play-button\"><\/div>\n<div class=\"brlbs-cmpnt-cb-content\">\n<p class=\"brlbs-cmpnt-cb-description\">Vous \u00eates actuellement en train de consulter le contenu d&rsquo;un espace r\u00e9serv\u00e9 de <strong>YouTube<\/strong>. Pour acc\u00e9der au contenu r\u00e9el, cliquez sur le bouton ci-dessous. Veuillez noter que ce faisant, des donn\u00e9es seront partag\u00e9es avec des providers tiers.<\/p>\n<p> <a class=\"brlbs-cmpnt-cb-provider-toggle\" href=\"#\" data-borlabs-cookie-show-provider-information role=\"button\">Plus d&rsquo;informations<\/a> <\/div>\n<div class=\"brlbs-cmpnt-cb-buttons\"> <a class=\"brlbs-cmpnt-cb-btn\" href=\"#\" data-borlabs-cookie-unblock role=\"button\">D\u00e9bloquer le contenu<\/a> <a class=\"brlbs-cmpnt-cb-btn\" href=\"#\" data-borlabs-cookie-accept-service role=\"button\" style=\"display: inherit\">Accepter le service requis et d\u00e9bloquer les contenus<\/a> <\/div>\n<\/p><\/div>\n<\/p><\/div>\n<\/div>\n<p>[\/et_pb_code][\/et_pb_column][et_pb_column type=\u00a0\u00bb1_4&Prime; _builder_version=\u00a0\u00bb4.25.0&Prime; _module_preset=\u00a0\u00bbdefault\u00a0\u00bb background_enable_color=\u00a0\u00bboff\u00a0\u00bb border_color_top=\u00a0\u00bb#4C76A9&Prime; global_colors_info=\u00a0\u00bb{}\u00a0\u00bb][\/et_pb_column][\/et_pb_row][et_pb_row _builder_version=\u00a0\u00bb4.25.0&Prime; _module_preset=\u00a0\u00bbdefault\u00a0\u00bb global_colors_info=\u00a0\u00bb{}\u00a0\u00bb][et_pb_column type=\u00a0\u00bb4_4&Prime; _builder_version=\u00a0\u00bb4.25.0&Prime; _module_preset=\u00a0\u00bbdefault\u00a0\u00bb global_colors_info=\u00a0\u00bb{}\u00a0\u00bb][et_pb_text _builder_version=\u00a0\u00bb4.25.0&Prime; _module_preset=\u00a0\u00bbdefault\u00a0\u00bb global_colors_info=\u00a0\u00bb{}\u00a0\u00bb]<\/p>\n<p style=\"text-align: center;\">Le DaRi-System D2 n&rsquo;existe que pour la taille de goutti\u00e8re 33.<\/p>\n<p>[\/et_pb_text][\/et_pb_column][\/et_pb_row][\/et_pb_section][et_pb_section fb_built=\u00a0\u00bb1&Prime; _builder_version=\u00a0\u00bb4.25.0&Prime; _module_preset=\u00a0\u00bbdefault\u00a0\u00bb global_colors_info=\u00a0\u00bb{}\u00a0\u00bb][et_pb_row _builder_version=\u00a0\u00bb4.25.0&Prime; _module_preset=\u00a0\u00bbdefault\u00a0\u00bb global_colors_info=\u00a0\u00bb{}\u00a0\u00bb][et_pb_column type=\u00a0\u00bb4_4&Prime; _builder_version=\u00a0\u00bb4.25.0&Prime; _module_preset=\u00a0\u00bbdefault\u00a0\u00bb global_colors_info=\u00a0\u00bb{}\u00a0\u00bb][et_pb_text _builder_version=\u00a0\u00bb4.25.0&Prime; _module_preset=\u00a0\u00bbdefault\u00a0\u00bb custom_margin=\u00a0\u00bb||||false|true\u00a0\u00bb custom_padding=\u00a0\u00bb||||false|false\u00a0\u00bb header_3_text_align_tablet=\u00a0\u00bb\u00a0\u00bb header_3_text_align_phone=\u00a0\u00bb\u00a0\u00bb header_3_text_align_last_edited=\u00a0\u00bbon|desktop\u00a0\u00bb global_colors_info=\u00a0\u00bb{}\u00a0\u00bb]<\/p>\n<h3 style=\"text-align: center;\">Le DaRi-System D2 est-il adapt\u00e9 \u00e0 votre goutti\u00e8re ?<br \/>\nAlors vous pouvez commander ici : <\/h3>\n<p>[\/et_pb_text][\/et_pb_column][\/et_pb_row][et_pb_row _builder_version=\u00a0\u00bb4.25.0&Prime; _module_preset=\u00a0\u00bbdefault\u00a0\u00bb global_colors_info=\u00a0\u00bb{}\u00a0\u00bb][et_pb_column type=\u00a0\u00bb4_4&Prime; _builder_version=\u00a0\u00bb4.25.0&Prime; _module_preset=\u00a0\u00bbdefault\u00a0\u00bb global_colors_info=\u00a0\u00bb{}\u00a0\u00bb][et_pb_button button_url=\u00a0\u00bbhttps:\/\/dari-system.com\/fr\/produkt\/dari-system-d2\/\u00a0\u00bb button_text=\u00a0\u00bbacc\u00e9der \u00e0 la boutique\u00a0\u00bb button_alignment=\u00a0\u00bbcenter\u00a0\u00bb _builder_version=\u00a0\u00bb4.27.0&Prime; _module_preset=\u00a0\u00bbdefault\u00a0\u00bb global_colors_info=\u00a0\u00bb{}\u00a0\u00bb][\/et_pb_button][\/et_pb_column][\/et_pb_row][\/et_pb_section]<\/p>\n","protected":false},"excerpt":{"rendered":"<p>DaRi-System D2Pour les toits o\u00f9 les tuiles s&rsquo;enfoncent profond\u00e9ment dans la goutti\u00e8reSur les toits en pente, les tuiles d\u00e9passent souvent profond\u00e9ment dans la goutti\u00e8re. Dans ce cas, il est souvent difficile de monter le DaRi-System D1. Le DaRi-System D2 a \u00e9t\u00e9 con\u00e7u pour ces goutti\u00e8res. Regardez le petit film pour en savoir plus :Le DaRi-System [&hellip;]<\/p>\n","protected":false},"author":1,"featured_media":0,"parent":0,"menu_order":0,"comment_status":"closed","ping_status":"closed","template":"","meta":{"_et_pb_use_builder":"on","_et_pb_old_content":"","_et_gb_content_width":"","iawp_total_views":138,"footnotes":""},"dipi_cpt_category":[],"class_list":["post-25545585","page","type-page","status-publish","hentry"],"yoast_head":"<!-- This site is optimized with the Yoast SEO plugin v27.4 - https:\/\/yoast.com\/product\/yoast-seo-wordpress\/ -->\n<title>DaRi Syst\u00e8me D2 - DaRi System<\/title>\n<meta name=\"robots\" content=\"index, follow, max-snippet:-1, max-image-preview:large, max-video-preview:-1\" \/>\n<link rel=\"canonical\" href=\"https:\/\/dari-system.com\/fr\/dari-systeme-d2\/\" \/>\n<meta property=\"og:locale\" content=\"fr_FR\" \/>\n<meta property=\"og:type\" content=\"article\" \/>\n<meta property=\"og:title\" content=\"DaRi Syst\u00e8me D2 - DaRi System\" \/>\n<meta property=\"og:description\" content=\"DaRi-System D2Pour les toits o\u00f9 les tuiles s&#039;enfoncent profond\u00e9ment dans la goutti\u00e8reSur les toits en pente, les tuiles d\u00e9passent souvent profond\u00e9ment dans la goutti\u00e8re. Dans ce cas, il est souvent difficile de monter le DaRi-System D1. Le DaRi-System D2 a \u00e9t\u00e9 con\u00e7u pour ces goutti\u00e8res. Regardez le petit film pour en savoir plus :Le DaRi-System [&hellip;]\" \/>\n<meta property=\"og:url\" content=\"https:\/\/dari-system.com\/fr\/dari-systeme-d2\/\" \/>\n<meta property=\"og:site_name\" content=\"DaRi System\" \/>\n<meta property=\"article:modified_time\" content=\"2024-07-26T16:03:09+00:00\" \/>\n<meta name=\"twitter:card\" content=\"summary_large_image\" \/>\n<meta name=\"twitter:label1\" content=\"Dur\u00e9e de lecture estim\u00e9e\" \/>\n\t<meta name=\"twitter:data1\" content=\"4 minutes\" \/>\n<script type=\"application\/ld+json\" class=\"yoast-schema-graph\">{\"@context\":\"https:\\\/\\\/schema.org\",\"@graph\":[{\"@type\":\"WebPage\",\"@id\":\"https:\\\/\\\/dari-system.com\\\/fr\\\/dari-systeme-d2\\\/\",\"url\":\"https:\\\/\\\/dari-system.com\\\/fr\\\/dari-systeme-d2\\\/\",\"name\":\"DaRi Syst\u00e8me D2 - DaRi System\",\"isPartOf\":{\"@id\":\"https:\\\/\\\/dari-system.com\\\/fr\\\/#website\"},\"datePublished\":\"2024-05-28T18:02:41+00:00\",\"dateModified\":\"2024-07-26T16:03:09+00:00\",\"breadcrumb\":{\"@id\":\"https:\\\/\\\/dari-system.com\\\/fr\\\/dari-systeme-d2\\\/#breadcrumb\"},\"inLanguage\":\"fr-FR\",\"potentialAction\":[{\"@type\":\"ReadAction\",\"target\":[\"https:\\\/\\\/dari-system.com\\\/fr\\\/dari-systeme-d2\\\/\"]}]},{\"@type\":\"BreadcrumbList\",\"@id\":\"https:\\\/\\\/dari-system.com\\\/fr\\\/dari-systeme-d2\\\/#breadcrumb\",\"itemListElement\":[{\"@type\":\"ListItem\",\"position\":1,\"name\":\"Startseite\",\"item\":\"https:\\\/\\\/dari-system.com\\\/fr\\\/\"},{\"@type\":\"ListItem\",\"position\":2,\"name\":\"DaRi Syst\u00e8me D2\"}]},{\"@type\":\"WebSite\",\"@id\":\"https:\\\/\\\/dari-system.com\\\/fr\\\/#website\",\"url\":\"https:\\\/\\\/dari-system.com\\\/fr\\\/\",\"name\":\"DaRi System\",\"description\":\"\",\"potentialAction\":[{\"@type\":\"SearchAction\",\"target\":{\"@type\":\"EntryPoint\",\"urlTemplate\":\"https:\\\/\\\/dari-system.com\\\/fr\\\/?s={search_term_string}\"},\"query-input\":{\"@type\":\"PropertyValueSpecification\",\"valueRequired\":true,\"valueName\":\"search_term_string\"}}],\"inLanguage\":\"fr-FR\"}]}<\/script>\n<!-- \/ Yoast SEO plugin. -->","yoast_head_json":{"title":"DaRi Syst\u00e8me D2 - DaRi System","robots":{"index":"index","follow":"follow","max-snippet":"max-snippet:-1","max-image-preview":"max-image-preview:large","max-video-preview":"max-video-preview:-1"},"canonical":"https:\/\/dari-system.com\/fr\/dari-systeme-d2\/","og_locale":"fr_FR","og_type":"article","og_title":"DaRi Syst\u00e8me D2 - DaRi System","og_description":"DaRi-System D2Pour les toits o\u00f9 les tuiles s'enfoncent profond\u00e9ment dans la goutti\u00e8reSur les toits en pente, les tuiles d\u00e9passent souvent profond\u00e9ment dans la goutti\u00e8re. Dans ce cas, il est souvent difficile de monter le DaRi-System D1. Le DaRi-System D2 a \u00e9t\u00e9 con\u00e7u pour ces goutti\u00e8res. Regardez le petit film pour en savoir plus :Le DaRi-System [&hellip;]","og_url":"https:\/\/dari-system.com\/fr\/dari-systeme-d2\/","og_site_name":"DaRi System","article_modified_time":"2024-07-26T16:03:09+00:00","twitter_card":"summary_large_image","twitter_misc":{"Dur\u00e9e de lecture estim\u00e9e":"4 minutes"},"schema":{"@context":"https:\/\/schema.org","@graph":[{"@type":"WebPage","@id":"https:\/\/dari-system.com\/fr\/dari-systeme-d2\/","url":"https:\/\/dari-system.com\/fr\/dari-systeme-d2\/","name":"DaRi Syst\u00e8me D2 - DaRi System","isPartOf":{"@id":"https:\/\/dari-system.com\/fr\/#website"},"datePublished":"2024-05-28T18:02:41+00:00","dateModified":"2024-07-26T16:03:09+00:00","breadcrumb":{"@id":"https:\/\/dari-system.com\/fr\/dari-systeme-d2\/#breadcrumb"},"inLanguage":"fr-FR","potentialAction":[{"@type":"ReadAction","target":["https:\/\/dari-system.com\/fr\/dari-systeme-d2\/"]}]},{"@type":"BreadcrumbList","@id":"https:\/\/dari-system.com\/fr\/dari-systeme-d2\/#breadcrumb","itemListElement":[{"@type":"ListItem","position":1,"name":"Startseite","item":"https:\/\/dari-system.com\/fr\/"},{"@type":"ListItem","position":2,"name":"DaRi Syst\u00e8me D2"}]},{"@type":"WebSite","@id":"https:\/\/dari-system.com\/fr\/#website","url":"https:\/\/dari-system.com\/fr\/","name":"DaRi System","description":"","potentialAction":[{"@type":"SearchAction","target":{"@type":"EntryPoint","urlTemplate":"https:\/\/dari-system.com\/fr\/?s={search_term_string}"},"query-input":{"@type":"PropertyValueSpecification","valueRequired":true,"valueName":"search_term_string"}}],"inLanguage":"fr-FR"}]}},"_links":{"self":[{"href":"https:\/\/dari-system.com\/fr\/wp-json\/wp\/v2\/pages\/25545585","targetHints":{"allow":["GET"]}}],"collection":[{"href":"https:\/\/dari-system.com\/fr\/wp-json\/wp\/v2\/pages"}],"about":[{"href":"https:\/\/dari-system.com\/fr\/wp-json\/wp\/v2\/types\/page"}],"author":[{"embeddable":true,"href":"https:\/\/dari-system.com\/fr\/wp-json\/wp\/v2\/users\/1"}],"replies":[{"embeddable":true,"href":"https:\/\/dari-system.com\/fr\/wp-json\/wp\/v2\/comments?post=25545585"}],"version-history":[{"count":4,"href":"https:\/\/dari-system.com\/fr\/wp-json\/wp\/v2\/pages\/25545585\/revisions"}],"predecessor-version":[{"id":25545731,"href":"https:\/\/dari-system.com\/fr\/wp-json\/wp\/v2\/pages\/25545585\/revisions\/25545731"}],"wp:attachment":[{"href":"https:\/\/dari-system.com\/fr\/wp-json\/wp\/v2\/media?parent=25545585"}],"wp:term":[{"taxonomy":"dipi_cpt_category","embeddable":true,"href":"https:\/\/dari-system.com\/fr\/wp-json\/wp\/v2\/dipi_cpt_category?post=25545585"}],"curies":[{"name":"wp","href":"https:\/\/api.w.org\/{rel}","templated":true}]}}