{"id":25545570,"date":"2024-06-19T09:23:15","date_gmt":"2024-06-19T09:23:15","guid":{"rendered":"https:\/\/dari-system.com\/gouttiere-anti-feuilles\/"},"modified":"2024-07-25T11:26:31","modified_gmt":"2024-07-25T11:26:31","slug":"gouttiere-anti-feuilles","status":"publish","type":"page","link":"https:\/\/dari-system.com\/fr\/gouttiere-anti-feuilles\/","title":{"rendered":"Goutti\u00e8re anti-feuilles"},"content":{"rendered":"<p>[et_pb_section fb_built=\u00a0\u00bb1&Prime; fullwidth=\u00a0\u00bbon\u00a0\u00bb _builder_version=\u00a0\u00bb4.25.0&Prime; _module_preset=\u00a0\u00bbdefault\u00a0\u00bb bottom_divider_color=\u00a0\u00bb#FFFFFF\u00a0\u00bb bottom_divider_height=\u00a0\u00bb82px\u00a0\u00bb bottom_divider_flip=\u00a0\u00bbhorizontal\u00a0\u00bb locked=\u00a0\u00bboff\u00a0\u00bb global_colors_info=\u00a0\u00bb{}\u00a0\u00bb][et_pb_fullwidth_header title=\u00a0\u00bbGoutti\u00e8re anti-feuilles\u00a0\u00bb subhead=\u00a0\u00bbPour dormir sur vos deux oreilles\u00a0\u00bb _builder_version=\u00a0\u00bb4.25.0&Prime; _module_preset=\u00a0\u00bbdefault\u00a0\u00bb title_font=\u00a0\u00bb|800|||||||\u00a0\u00bb title_font_size=\u00a0\u00bb45px\u00a0\u00bb background_image=\u00a0\u00bbhttps:\/\/dari-system.com\/wp-content\/uploads\/2024\/05\/header_background.webp\u00a0\u00bb background_position=\u00a0\u00bbbottom_center\u00a0\u00bb custom_padding=\u00a0\u00bb8vh||8vh||true|false\u00a0\u00bb title_font_size_tablet=\u00a0\u00bb45px\u00a0\u00bb title_font_size_phone=\u00a0\u00bb29px\u00a0\u00bb title_font_size_last_edited=\u00a0\u00bbon|phone\u00a0\u00bb content_font_size_tablet=\u00a0\u00bb\u00a0\u00bb content_font_size_phone=\u00a0\u00bb17px\u00a0\u00bb content_font_size_last_edited=\u00a0\u00bbon|phone\u00a0\u00bb global_colors_info=\u00a0\u00bb{}\u00a0\u00bb][\/et_pb_fullwidth_header][\/et_pb_section][et_pb_section fb_built=\u00a0\u00bb1&Prime; _builder_version=\u00a0\u00bb4.25.0&Prime; _module_preset=\u00a0\u00bbdefault\u00a0\u00bb custom_margin=\u00a0\u00bb||0px||false|false\u00a0\u00bb custom_padding=\u00a0\u00bb||0px||false|false\u00a0\u00bb global_colors_info=\u00a0\u00bb{}\u00a0\u00bb][et_pb_row column_structure=\u00a0\u00bb1_2,1_2&Prime; _builder_version=\u00a0\u00bb4.25.0&Prime; _module_preset=\u00a0\u00bbdefault\u00a0\u00bb global_colors_info=\u00a0\u00bb{}\u00a0\u00bb][et_pb_column type=\u00a0\u00bb1_2&Prime; _builder_version=\u00a0\u00bb4.25.0&Prime; _module_preset=\u00a0\u00bbdefault\u00a0\u00bb global_colors_info=\u00a0\u00bb{}\u00a0\u00bb][et_pb_text _builder_version=\u00a0\u00bb4.25.0&Prime; _module_preset=\u00a0\u00bbdefault\u00a0\u00bb header_2_font=\u00a0\u00bb|700|||||||\u00a0\u00bb global_colors_info=\u00a0\u00bb{}\u00a0\u00bb]<\/p>\n<h2><strong>Le pare-feuilles id\u00e9al pour vos goutti\u00e8res<\/strong><\/h2>\n<p>Connaissez-vous le probl\u00e8me des nuits blanches en automne parce que vous craignez que votre goutti\u00e8re ou votre goutti\u00e8re \u00e0 caisson ne soit bouch\u00e9e par des feuilles mortes et que la goutti\u00e8re ne d\u00e9borde en cas de pluie ?<br \/>\nTous les propri\u00e9taires connaissent ce probl\u00e8me.<br \/>\nOn aimerait bien avoir un pare-feuilles pour sa goutti\u00e8re ou sa descente de toit afin de pouvoir dormir sur ses deux oreilles.<br \/>\nEn effet, un pare-feuilles pour goutti\u00e8re permet d&rsquo;\u00e9viter efficacement que des feuilles, de la mousse, des petites branches ou des aiguilles ne tombent dans la goutti\u00e8re ou la goutti\u00e8re de toit.<br \/>\nUn <strong>pare-feuilles pour goutti\u00e8re<\/strong> est une solution particuli\u00e8rement efficace pour s&rsquo;\u00e9pargner beaucoup de travail.    <\/p>\n<p>[\/et_pb_text][\/et_pb_column][et_pb_column type=\u00a0\u00bb1_2&Prime; _builder_version=\u00a0\u00bb4.25.0&Prime; _module_preset=\u00a0\u00bbdefault\u00a0\u00bb global_colors_info=\u00a0\u00bb{}\u00a0\u00bb][et_pb_image src=\u00a0\u00bbhttps:\/\/dari-system.com\/wp-content\/uploads\/2024\/06\/laubschutz-dachrinne.webp\u00a0\u00bb alt=\u00a0\u00bbGoutti\u00e8re anti-feuilles\u00a0\u00bb title_text=\u00a0\u00bbgoutti\u00e8re anti-feuilles\u00a0\u00bb _builder_version=\u00a0\u00bb4.25.0&Prime; _module_preset=\u00a0\u00bbdefault\u00a0\u00bb custom_margin=\u00a0\u00bb||5px||false|false\u00a0\u00bb global_colors_info=\u00a0\u00bb{}\u00a0\u00bb][\/et_pb_image][et_pb_text _builder_version=\u00a0\u00bb4.25.0&Prime; _module_preset=\u00a0\u00bbdefault\u00a0\u00bb custom_margin=\u00a0\u00bb0px||||false|false\u00a0\u00bb global_colors_info=\u00a0\u00bb{}\u00a0\u00bb]<\/p>\n<p style=\"text-align: center;\"><em>Goutti\u00e8re anti-feuilles DaRi-System<\/em><\/p>\n<p>[\/et_pb_text][\/et_pb_column][\/et_pb_row][\/et_pb_section][et_pb_section fb_built=\u00a0\u00bb1&Prime; _builder_version=\u00a0\u00bb4.25.0&Prime; _module_preset=\u00a0\u00bbdefault\u00a0\u00bb custom_margin=\u00a0\u00bb0px||||false|false\u00a0\u00bb custom_padding=\u00a0\u00bb0px||||false|false\u00a0\u00bb global_colors_info=\u00a0\u00bb{}\u00a0\u00bb][et_pb_row _builder_version=\u00a0\u00bb4.25.0&Prime; _module_preset=\u00a0\u00bbdefault\u00a0\u00bb global_colors_info=\u00a0\u00bb{}\u00a0\u00bb][et_pb_column type=\u00a0\u00bb4_4&Prime; _builder_version=\u00a0\u00bb4.25.0&Prime; _module_preset=\u00a0\u00bbdefault\u00a0\u00bb global_colors_info=\u00a0\u00bb{}\u00a0\u00bb][et_pb_text _builder_version=\u00a0\u00bb4.25.0&Prime; _module_preset=\u00a0\u00bbdefault\u00a0\u00bb header_2_font=\u00a0\u00bb|700|||||||\u00a0\u00bb hover_enabled=\u00a0\u00bb0&Prime; global_colors_info=\u00a0\u00bb{}\u00a0\u00bb sticky_enabled=\u00a0\u00bb0&Prime;]<\/p>\n<h2>Protection des goutti\u00e8res contre les feuilles mortes &#8211; pas un luxe, mais une n\u00e9cessit\u00e9 pour chaque goutti\u00e8re<\/h2>\n<p>Un pare-feuilles pour la goutti\u00e8re n&rsquo;est pas un luxe.<br \/>\nSi l&rsquo;on consid\u00e8re les efforts que vous devez fournir pour nettoyer votre goutti\u00e8re plusieurs fois par an, vous pouvez vous faciliter la vie en installant un pare-feuilles pour votre goutti\u00e8re ou votre goutti\u00e8re \u00e0 caisson.<br \/>\nEn effet, le nettoyage des goutti\u00e8res n&rsquo;est pas seulement fastidieux, il est \u00e9galement dangereux.<br \/>\nPlus vous vieillissez, plus le risque d&rsquo;accident est \u00e9lev\u00e9.<br \/>\nEn effet, la goutti\u00e8re est situ\u00e9e \u00e0 plusieurs m\u00e8tres du sol.<br \/>\nEn installant un pare-feuilles sur votre goutti\u00e8re, vous vous \u00e9pargnez non seulement une t\u00e2che d\u00e9sagr\u00e9able, mais vous r\u00e9duisez \u00e9galement le risque d&rsquo;accident et vous prenez soin de votre sant\u00e9.<br \/>\nLes goutti\u00e8res des v\u00e9randas, des auvents et des balcons ne sont souvent pas normalis\u00e9es.<br \/>\nLa plupart du temps, on y installe des goutti\u00e8res \u00e0 caisson \u00e9troites.<br \/>\nTrouver un pare-feuilles pour la goutti\u00e8re n&rsquo;est pas si simple.<br \/>\nNous avons dans notre assortiment non seulement un pare-feuilles pour les goutti\u00e8res normales, semi-circulaires, mais aussi pour les goutti\u00e8res \u00e0 caisson de diff\u00e9rentes largeurs.<br \/>\nVous pouvez ainsi \u00e9viter que les goutti\u00e8res \u00e9troites ne se bouchent.          <\/p>\n<h2>N&rsquo;achetez qu&rsquo;un pare-feuilles pour goutti\u00e8re de bonne qualit\u00e9<\/h2>\n<p>Si vous \u00eates vraiment \u00e0 la recherche d&rsquo;un pare-feuilles de qualit\u00e9 et durable pour vos goutti\u00e8res, vous \u00eates \u00e0 la bonne adresse.<br \/>\nEn effet, nous travaillons depuis 20 ans sur le th\u00e8me de la protection anti-feuilles pour les goutti\u00e8res et les goutti\u00e8res \u00e0 caisson et nous sommes toujours \u00e0 la recherche de solutions optimales pour le client.<br \/>\nNous sommes des experts absolus dans ce domaine et un pare-feuilles pour goutti\u00e8re de notre maison est d&rsquo;une qualit\u00e9 et d&rsquo;une dur\u00e9e de vie optimales.  <\/p>\n<h2>Le <em>service<\/em> est une priorit\u00e9 pour nous.<br \/>\nM\u00eame pour la protection des goutti\u00e8res contre les feuilles mortes <\/h2>\n<p>Depuis 20 ans, nous sommes les sp\u00e9cialistes de tout type de protection contre les feuilles mortes pour les goutti\u00e8res.<br \/>\nTous nos syst\u00e8mes ont \u00e9t\u00e9 con\u00e7us et test\u00e9s par nos soins et sont d\u00e9sormais fabriqu\u00e9s en Allemagne.<br \/>\nN&rsquo;h\u00e9sitez pas \u00e0 nous envoyer des photos de votre goutti\u00e8re et nous vous conseillerons gratuitement sur le type de protection anti-feuilles pour goutti\u00e8re ou goutti\u00e8re \u00e0 caisson qui vous convient le mieux.  <\/p>\n<h2>\u00c9conomiser de l&rsquo;argent avec un pare-feuilles pour goutti\u00e8re<\/h2>\n<p>Avez-vous d\u00e9j\u00e0 pens\u00e9 \u00e0 tout ce qui peut arriver si votre goutti\u00e8re est bouch\u00e9e et d\u00e9borde lorsqu&rsquo;il pleut ?<br \/>\nVotre cave peut m\u00eame se remplir d&rsquo;eau par le soupirail.<br \/>\nUn pare-feuilles pour goutti\u00e8re \u00e9vite ce risque et vous permet d&rsquo;\u00e9conomiser de l&rsquo;argent.<br \/>\nEn effet, un pare-feuilles pour goutti\u00e8re est un investissement unique et vous \u00eates tranquille sur votre toit pour longtemps.<br \/>Un pare-feuilles pour goutti\u00e8re vous facilite la vie<br \/>Avec un pare-feuilles pour goutti\u00e8re ou une goutti\u00e8re \u00e0 caisson, vous pouvez partir en vacances en toute tranquillit\u00e9, m\u00eame en automne, sans vous soucier que votre goutti\u00e8re se bouche.<br \/>\nVotre vie sera plus facile et vous pourrez vous consacrer \u00e0 des activit\u00e9s plus agr\u00e9ables en sachant que votre goutti\u00e8re est prot\u00e9g\u00e9e en permanence par un pare-feuilles.    <\/p>\n<p>Cela pourrait \u00e9galement vous int\u00e9resser :<\/p>\n<ul>\n<li><a href=\"https:\/\/dari-system.com\/laubfang-dachrinne\/\" title=\"Collecteur de feuilles mortes Goutti\u00e8re\"><a href=\"https:\/\/dari-system.com\/laubfang-dachrinne\/\">Collecteur de feuilles mortes pour les goutti\u00e8res<\/a><\/a><\/li>\n<li><a href=\"https:\/\/dari-system.com\/fr\/gouttieres-protection-contre-les-feuilles-mortes\/\" title=\"Goutti\u00e8res Protection contre les feuilles mortes\"><a href=\"https:\/\/dari-system.com\/fr\/gouttieres-protection-contre-les-feuilles-mortes\/\">Goutti\u00e8res Protection contre les feuilles mortes<\/a><\/a><\/li>\n<li><a href=\"https:\/\/dari-system.com\/fr\/gouttiere-anti-feuilles\/\" title=\"Goutti\u00e8re anti-feuilles\"><a href=\"https:\/\/dari-system.com\/fr\/gouttiere-anti-feuilles\/\">Protection des goutti\u00e8res contre les feuilles mortes<\/a><\/a><\/li>\n<li><a href=\"https:\/\/dari-system.com\/fr\/couverture-de-gouttiere\/\" title=\"Couverture de goutti\u00e8re\"> <a href=\"https:\/\/dari-system.com\/fr\/couverture-de-gouttiere\/\"> Couverture de goutti\u00e8re <\/a> <\/a><\/li>\n<\/ul>\n<p>[\/et_pb_text][\/et_pb_column][\/et_pb_row][\/et_pb_section]<\/p>\n","protected":false},"excerpt":{"rendered":"<p>Le pare-feuilles id\u00e9al pour vos goutti\u00e8res Connaissez-vous le probl\u00e8me des nuits blanches en automne parce que vous craignez que votre goutti\u00e8re ou votre goutti\u00e8re \u00e0 caisson ne soit bouch\u00e9e par des feuilles mortes et que la goutti\u00e8re ne d\u00e9borde en cas de pluie ? Tous les propri\u00e9taires connaissent ce probl\u00e8me. On aimerait bien avoir un [&hellip;]<\/p>\n","protected":false},"author":1,"featured_media":0,"parent":0,"menu_order":0,"comment_status":"closed","ping_status":"closed","template":"","meta":{"_et_pb_use_builder":"on","_et_pb_old_content":"","_et_gb_content_width":"","iawp_total_views":56,"footnotes":""},"dipi_cpt_category":[],"class_list":["post-25545570","page","type-page","status-publish","hentry"],"yoast_head":"<!-- This site is optimized with the Yoast SEO plugin v27.4 - https:\/\/yoast.com\/product\/yoast-seo-wordpress\/ -->\n<title>Protection optimale contre les feuilles mortes pour vos goutti\u00e8res par DaRi-System<\/title>\n<meta name=\"description\" content=\"DaRi s\u00e9curise votre goutti\u00e8re avec le pare-feuilles de haute qualit\u00e9. Plus besoin d&#039;enlever les feuilles mortes. En savoir plus !\" \/>\n<meta name=\"robots\" content=\"index, follow, max-snippet:-1, max-image-preview:large, max-video-preview:-1\" \/>\n<link rel=\"canonical\" href=\"https:\/\/dari-system.com\/fr\/gouttiere-anti-feuilles\/\" \/>\n<meta property=\"og:locale\" content=\"fr_FR\" \/>\n<meta property=\"og:type\" content=\"article\" \/>\n<meta property=\"og:title\" content=\"Protection optimale contre les feuilles mortes pour vos goutti\u00e8res par DaRi-System\" \/>\n<meta property=\"og:description\" content=\"DaRi s\u00e9curise votre goutti\u00e8re avec le pare-feuilles de haute qualit\u00e9. Plus besoin d&#039;enlever les feuilles mortes. En savoir plus !\" \/>\n<meta property=\"og:url\" content=\"https:\/\/dari-system.com\/fr\/gouttiere-anti-feuilles\/\" \/>\n<meta property=\"og:site_name\" content=\"DaRi System\" \/>\n<meta property=\"article:modified_time\" content=\"2024-07-25T11:26:31+00:00\" \/>\n<meta name=\"twitter:card\" content=\"summary_large_image\" \/>\n<meta name=\"twitter:label1\" content=\"Dur\u00e9e de lecture estim\u00e9e\" \/>\n\t<meta name=\"twitter:data1\" content=\"5 minutes\" \/>\n<script type=\"application\/ld+json\" class=\"yoast-schema-graph\">{\"@context\":\"https:\\\/\\\/schema.org\",\"@graph\":[{\"@type\":\"WebPage\",\"@id\":\"https:\\\/\\\/dari-system.com\\\/fr\\\/gouttiere-anti-feuilles\\\/\",\"url\":\"https:\\\/\\\/dari-system.com\\\/fr\\\/gouttiere-anti-feuilles\\\/\",\"name\":\"Protection optimale contre les feuilles mortes pour vos goutti\u00e8res par DaRi-System\",\"isPartOf\":{\"@id\":\"https:\\\/\\\/dari-system.com\\\/fr\\\/#website\"},\"datePublished\":\"2024-06-19T09:23:15+00:00\",\"dateModified\":\"2024-07-25T11:26:31+00:00\",\"description\":\"DaRi s\u00e9curise votre goutti\u00e8re avec le pare-feuilles de haute qualit\u00e9. Plus besoin d'enlever les feuilles mortes. En savoir plus !\",\"breadcrumb\":{\"@id\":\"https:\\\/\\\/dari-system.com\\\/fr\\\/gouttiere-anti-feuilles\\\/#breadcrumb\"},\"inLanguage\":\"fr-FR\",\"potentialAction\":[{\"@type\":\"ReadAction\",\"target\":[\"https:\\\/\\\/dari-system.com\\\/fr\\\/gouttiere-anti-feuilles\\\/\"]}]},{\"@type\":\"BreadcrumbList\",\"@id\":\"https:\\\/\\\/dari-system.com\\\/fr\\\/gouttiere-anti-feuilles\\\/#breadcrumb\",\"itemListElement\":[{\"@type\":\"ListItem\",\"position\":1,\"name\":\"Startseite\",\"item\":\"https:\\\/\\\/dari-system.com\\\/fr\\\/\"},{\"@type\":\"ListItem\",\"position\":2,\"name\":\"Goutti\u00e8re anti-feuilles\"}]},{\"@type\":\"WebSite\",\"@id\":\"https:\\\/\\\/dari-system.com\\\/fr\\\/#website\",\"url\":\"https:\\\/\\\/dari-system.com\\\/fr\\\/\",\"name\":\"DaRi System\",\"description\":\"\",\"potentialAction\":[{\"@type\":\"SearchAction\",\"target\":{\"@type\":\"EntryPoint\",\"urlTemplate\":\"https:\\\/\\\/dari-system.com\\\/fr\\\/?s={search_term_string}\"},\"query-input\":{\"@type\":\"PropertyValueSpecification\",\"valueRequired\":true,\"valueName\":\"search_term_string\"}}],\"inLanguage\":\"fr-FR\"}]}<\/script>\n<!-- \/ Yoast SEO plugin. -->","yoast_head_json":{"title":"Protection optimale contre les feuilles mortes pour vos goutti\u00e8res par DaRi-System","description":"DaRi s\u00e9curise votre goutti\u00e8re avec le pare-feuilles de haute qualit\u00e9. Plus besoin d'enlever les feuilles mortes. En savoir plus !","robots":{"index":"index","follow":"follow","max-snippet":"max-snippet:-1","max-image-preview":"max-image-preview:large","max-video-preview":"max-video-preview:-1"},"canonical":"https:\/\/dari-system.com\/fr\/gouttiere-anti-feuilles\/","og_locale":"fr_FR","og_type":"article","og_title":"Protection optimale contre les feuilles mortes pour vos goutti\u00e8res par DaRi-System","og_description":"DaRi s\u00e9curise votre goutti\u00e8re avec le pare-feuilles de haute qualit\u00e9. Plus besoin d'enlever les feuilles mortes. En savoir plus !","og_url":"https:\/\/dari-system.com\/fr\/gouttiere-anti-feuilles\/","og_site_name":"DaRi System","article_modified_time":"2024-07-25T11:26:31+00:00","twitter_card":"summary_large_image","twitter_misc":{"Dur\u00e9e de lecture estim\u00e9e":"5 minutes"},"schema":{"@context":"https:\/\/schema.org","@graph":[{"@type":"WebPage","@id":"https:\/\/dari-system.com\/fr\/gouttiere-anti-feuilles\/","url":"https:\/\/dari-system.com\/fr\/gouttiere-anti-feuilles\/","name":"Protection optimale contre les feuilles mortes pour vos goutti\u00e8res par DaRi-System","isPartOf":{"@id":"https:\/\/dari-system.com\/fr\/#website"},"datePublished":"2024-06-19T09:23:15+00:00","dateModified":"2024-07-25T11:26:31+00:00","description":"DaRi s\u00e9curise votre goutti\u00e8re avec le pare-feuilles de haute qualit\u00e9. Plus besoin d'enlever les feuilles mortes. En savoir plus !","breadcrumb":{"@id":"https:\/\/dari-system.com\/fr\/gouttiere-anti-feuilles\/#breadcrumb"},"inLanguage":"fr-FR","potentialAction":[{"@type":"ReadAction","target":["https:\/\/dari-system.com\/fr\/gouttiere-anti-feuilles\/"]}]},{"@type":"BreadcrumbList","@id":"https:\/\/dari-system.com\/fr\/gouttiere-anti-feuilles\/#breadcrumb","itemListElement":[{"@type":"ListItem","position":1,"name":"Startseite","item":"https:\/\/dari-system.com\/fr\/"},{"@type":"ListItem","position":2,"name":"Goutti\u00e8re anti-feuilles"}]},{"@type":"WebSite","@id":"https:\/\/dari-system.com\/fr\/#website","url":"https:\/\/dari-system.com\/fr\/","name":"DaRi System","description":"","potentialAction":[{"@type":"SearchAction","target":{"@type":"EntryPoint","urlTemplate":"https:\/\/dari-system.com\/fr\/?s={search_term_string}"},"query-input":{"@type":"PropertyValueSpecification","valueRequired":true,"valueName":"search_term_string"}}],"inLanguage":"fr-FR"}]}},"_links":{"self":[{"href":"https:\/\/dari-system.com\/fr\/wp-json\/wp\/v2\/pages\/25545570","targetHints":{"allow":["GET"]}}],"collection":[{"href":"https:\/\/dari-system.com\/fr\/wp-json\/wp\/v2\/pages"}],"about":[{"href":"https:\/\/dari-system.com\/fr\/wp-json\/wp\/v2\/types\/page"}],"author":[{"embeddable":true,"href":"https:\/\/dari-system.com\/fr\/wp-json\/wp\/v2\/users\/1"}],"replies":[{"embeddable":true,"href":"https:\/\/dari-system.com\/fr\/wp-json\/wp\/v2\/comments?post=25545570"}],"version-history":[{"count":1,"href":"https:\/\/dari-system.com\/fr\/wp-json\/wp\/v2\/pages\/25545570\/revisions"}],"predecessor-version":[{"id":25545573,"href":"https:\/\/dari-system.com\/fr\/wp-json\/wp\/v2\/pages\/25545570\/revisions\/25545573"}],"wp:attachment":[{"href":"https:\/\/dari-system.com\/fr\/wp-json\/wp\/v2\/media?parent=25545570"}],"wp:term":[{"taxonomy":"dipi_cpt_category","embeddable":true,"href":"https:\/\/dari-system.com\/fr\/wp-json\/wp\/v2\/dipi_cpt_category?post=25545570"}],"curies":[{"name":"wp","href":"https:\/\/api.w.org\/{rel}","templated":true}]}}