{"id":25545566,"date":"2024-06-19T09:58:35","date_gmt":"2024-06-19T09:58:35","guid":{"rendered":"https:\/\/dari-system.com\/couverture-de-gouttiere\/"},"modified":"2024-07-25T11:26:31","modified_gmt":"2024-07-25T11:26:31","slug":"couverture-de-gouttiere","status":"publish","type":"page","link":"https:\/\/dari-system.com\/fr\/couverture-de-gouttiere\/","title":{"rendered":"Couverture de goutti\u00e8re"},"content":{"rendered":"<p>[et_pb_section fb_built=\u00a0\u00bb1&Prime; fullwidth=\u00a0\u00bbon\u00a0\u00bb _builder_version=\u00a0\u00bb4.25.0&Prime; _module_preset=\u00a0\u00bbdefault\u00a0\u00bb bottom_divider_color=\u00a0\u00bb#FFFFFF\u00a0\u00bb bottom_divider_height=\u00a0\u00bb82px\u00a0\u00bb bottom_divider_flip=\u00a0\u00bbhorizontal\u00a0\u00bb locked=\u00a0\u00bboff\u00a0\u00bb global_colors_info=\u00a0\u00bb{}\u00a0\u00bb][et_pb_fullwidth_header title=\u00a0\u00bbCouverture de goutti\u00e8re  \u00a0\u00bb subhead=\u00a0\u00bbLa meilleure protection pour votre toit\u00a0\u00bb _builder_version=\u00a0\u00bb4.25.0&Prime; _module_preset=\u00a0\u00bbdefault\u00a0\u00bb title_font=\u00a0\u00bb|800|||||||\u00a0\u00bb title_font_size=\u00a0\u00bb45px\u00a0\u00bb background_image=\u00a0\u00bbhttps:\/\/dari-system.com\/wp-content\/uploads\/2024\/05\/header_background.webp\u00a0\u00bb background_position=\u00a0\u00bbbottom_center\u00a0\u00bb custom_padding=\u00a0\u00bb8vh||8vh||true|false\u00a0\u00bb title_font_size_tablet=\u00a0\u00bb45px\u00a0\u00bb title_font_size_phone=\u00a0\u00bb29px\u00a0\u00bb title_font_size_last_edited=\u00a0\u00bbon|phone\u00a0\u00bb content_font_size_tablet=\u00a0\u00bb\u00a0\u00bb content_font_size_phone=\u00a0\u00bb17px\u00a0\u00bb content_font_size_last_edited=\u00a0\u00bbon|phone\u00a0\u00bb global_colors_info=\u00a0\u00bb{}\u00a0\u00bb][\/et_pb_fullwidth_header][\/et_pb_section][et_pb_section fb_built=\u00a0\u00bb1&Prime; _builder_version=\u00a0\u00bb4.25.0&Prime; _module_preset=\u00a0\u00bbdefault\u00a0\u00bb custom_margin=\u00a0\u00bb||0px||false|false\u00a0\u00bb custom_padding=\u00a0\u00bb||0px||false|false\u00a0\u00bb global_colors_info=\u00a0\u00bb{}\u00a0\u00bb][et_pb_row column_structure=\u00a0\u00bb1_2,1_2&Prime; _builder_version=\u00a0\u00bb4.25.0&Prime; _module_preset=\u00a0\u00bbdefault\u00a0\u00bb global_colors_info=\u00a0\u00bb{}\u00a0\u00bb][et_pb_column type=\u00a0\u00bb1_2&Prime; _builder_version=\u00a0\u00bb4.25.0&Prime; _module_preset=\u00a0\u00bbdefault\u00a0\u00bb global_colors_info=\u00a0\u00bb{}\u00a0\u00bb][et_pb_text _builder_version=\u00a0\u00bb4.25.0&Prime; _module_preset=\u00a0\u00bbdefault\u00a0\u00bb header_2_font=\u00a0\u00bb|700|||||||\u00a0\u00bb global_colors_info=\u00a0\u00bb{}\u00a0\u00bb]<\/p>\n<h2>La couverture de goutti\u00e8re s\u00fbre pour votre toit<\/h2>\n<p>Un couvre-goutti\u00e8re prot\u00e8ge efficacement la goutti\u00e8re contre l&rsquo;obstruction par les feuilles, les aiguilles, les petites branches et la mousse.<br \/>\nEn effet, sans <strong>couverture de goutti\u00e8re<\/strong>, m\u00eame les goutti\u00e8res \u00e0 caisson peuvent rapidement se boucher.<br \/>\nTous les propri\u00e9taires connaissent le probl\u00e8me des goutti\u00e8res semi-circulaires et des goutti\u00e8res \u00e0 caisson qui doivent \u00eatre r\u00e9guli\u00e8rement nettoy\u00e9es.<br \/>\nEn automne, les goutti\u00e8res et les ch\u00e9neaux se bouchent tr\u00e8s rapidement \u00e0 cause des feuilles.<br \/>\nUne couverture de goutti\u00e8re efficace prot\u00e8ge donc non seulement la goutti\u00e8re de l&rsquo;obstruction, mais permet \u00e9galement au propri\u00e9taire de prot\u00e9ger sa maison, car l&rsquo;eau de pluie ne s&rsquo;\u00e9coule pas sur la goutti\u00e8re bouch\u00e9e et ne d\u00e9trempe pas le mur de la maison.    <\/p>\n<p>[\/et_pb_text][\/et_pb_column][et_pb_column type=\u00a0\u00bb1_2&Prime; _builder_version=\u00a0\u00bb4.25.0&Prime; _module_preset=\u00a0\u00bbdefault\u00a0\u00bb global_colors_info=\u00a0\u00bb{}\u00a0\u00bb][et_pb_image src=\u00a0\u00bbhttps:\/\/dari-system.com\/wp-content\/uploads\/2024\/06\/dachrinnenabdeckung.webp\u00a0\u00bb alt=\u00a0\u00bbCouverture des goutti\u00e8res\u00a0\u00bb title_text=\u00a0\u00bbcache goutti\u00e8re\u00a0\u00bb _builder_version=\u00a0\u00bb4.25.0&Prime; _module_preset=\u00a0\u00bbdefault\u00a0\u00bb custom_margin=\u00a0\u00bb||5px||false|false\u00a0\u00bb global_colors_info=\u00a0\u00bb{}\u00a0\u00bb][\/et_pb_image][et_pb_text _builder_version=\u00a0\u00bb4.25.0&Prime; _module_preset=\u00a0\u00bbdefault\u00a0\u00bb custom_margin=\u00a0\u00bb0px||||false|false\u00a0\u00bb global_colors_info=\u00a0\u00bb{}\u00a0\u00bb]<\/p>\n<p style=\"text-align: center;\"><em>DaRi Couverture de goutti\u00e8re<\/em><\/p>\n<p>[\/et_pb_text][\/et_pb_column][\/et_pb_row][\/et_pb_section][et_pb_section fb_built=\u00a0\u00bb1&Prime; _builder_version=\u00a0\u00bb4.25.0&Prime; _module_preset=\u00a0\u00bbdefault\u00a0\u00bb custom_margin=\u00a0\u00bb0px||||false|false\u00a0\u00bb custom_padding=\u00a0\u00bb0px||||false|false\u00a0\u00bb global_colors_info=\u00a0\u00bb{}\u00a0\u00bb][et_pb_row _builder_version=\u00a0\u00bb4.25.0&Prime; _module_preset=\u00a0\u00bbdefault\u00a0\u00bb global_colors_info=\u00a0\u00bb{}\u00a0\u00bb][et_pb_column type=\u00a0\u00bb4_4&Prime; _builder_version=\u00a0\u00bb4.25.0&Prime; _module_preset=\u00a0\u00bbdefault\u00a0\u00bb global_colors_info=\u00a0\u00bb{}\u00a0\u00bb][et_pb_text _builder_version=\u00a0\u00bb4.25.0&Prime; _module_preset=\u00a0\u00bbdefault\u00a0\u00bb header_2_font=\u00a0\u00bb|700|||||||\u00a0\u00bb hover_enabled=\u00a0\u00bb0&Prime; global_colors_info=\u00a0\u00bb{}\u00a0\u00bb sticky_enabled=\u00a0\u00bb0&Prime;]<\/p>\n<h2>Faites des \u00e9conomies en achetant un cache goutti\u00e8re<\/h2>\n<p>En recouvrant votre goutti\u00e8re ou votre goutti\u00e8re \u00e0 caisson, vous faites effectivement des \u00e9conomies.<br \/>\nEn effet, une goutti\u00e8re bouch\u00e9e peut co\u00fbter tr\u00e8s cher si elle d\u00e9borde et d\u00e9trempe le mur de la maison.<br \/>\nL&rsquo;eau peut \u00e9galement s&rsquo;infiltrer dans la cave par le soupirail si la goutti\u00e8re d\u00e9borde.<br \/>\n\u00c9vitez ce risque et prot\u00e9gez votre goutti\u00e8re en installant un couvercle de goutti\u00e8re.   <\/p>\n<h2>Une meilleure qualit\u00e9 de vie gr\u00e2ce \u00e0 un bon recouvrement des goutti\u00e8res<\/h2>\n<p>Avec une bonne couverture de goutti\u00e8re, vous gagnez donc aussi en qualit\u00e9 de vie.<br \/>\nEn effet, si vous n&rsquo;avez plus \u00e0 vous soucier de l&rsquo;obstruction de votre goutti\u00e8re ou de votre goutti\u00e8re \u00e0 caisson, vous pouvez partir en vacances en toute tranquillit\u00e9, m\u00eame en automne. <\/p>\n<h2>Veiller \u00e0 la qualit\u00e9 de la couverture de goutti\u00e8re<\/h2>\n<p>Si vous \u00eates \u00e0 la recherche d&rsquo;un couvre-joint de goutti\u00e8re de qualit\u00e9, vous devez vous assurer qu&rsquo;il remplit bien sa fonction.<br \/>\nVeillez donc \u00e0 la qualit\u00e9 de la couverture de goutti\u00e8re.<br \/>\nNous proposons des couvre-goutti\u00e8res de qualit\u00e9 sup\u00e9rieure pour les goutti\u00e8res semi-circulaires et les goutti\u00e8res \u00e0 caisson.<br \/>\nNos couvre-goutti\u00e8res s&rsquo;adaptent \u00e0 pratiquement toutes les goutti\u00e8res.   <\/p>\n<h2>Un bon service est tr\u00e8s important lors de l&rsquo;achat d&rsquo;une couverture de goutti\u00e8re<\/h2>\n<p>Chez nous, vous b\u00e9n\u00e9ficiez du meilleur service.<br \/>\nVous pouvez nous envoyer des photos de votre goutti\u00e8re ou de votre goutti\u00e8re \u00e0 caisson et nous vous conseillerons gratuitement sur la couverture de goutti\u00e8re la mieux adapt\u00e9e \u00e0 votre goutti\u00e8re ou \u00e0 votre goutti\u00e8re \u00e0 caisson.<br \/>\nM\u00eame si vous rencontrez des probl\u00e8mes lors de l&rsquo;installation, nous sommes l\u00e0 pour vous aider.  <\/p>\n<h2>Pour profiter longtemps de votre toit, prot\u00e9gez vos goutti\u00e8res avec un couvercle de goutti\u00e8re.<\/h2>\n<p>Avec un cache goutti\u00e8re, vous vous \u00e9pargnez beaucoup de travail fastidieux.<br \/>\nDevoir monter plusieurs fois par an sur la grande \u00e9chelle est non seulement p\u00e9nible, mais aussi dangereux.<br \/>\nPlus on vieillit, plus on veut \u00e9viter ce risque d&rsquo;accident.  <\/p>\n<h2>Garantie que la goutti\u00e8re ne s&rsquo;obstrue plus<\/h2>\n<p>Avec un couvre-goutti\u00e8re de notre boutique, vous avez la garantie que votre goutti\u00e8re ne sera plus obstru\u00e9e par des feuilles mortes.<br \/>\nO\u00f9 d&rsquo;autre pouvez-vous obtenir une telle garantie sur un couvercle de goutti\u00e8re ? <\/p>\n<p>Cela pourrait \u00e9galement vous int\u00e9resser :<\/p>\n<ul>\n<li><a href=\"https:\/\/dari-system.com\/laubfang-dachrinne\/\" title=\"Collecteur de feuilles mortes Goutti\u00e8re\"><a href=\"https:\/\/dari-system.com\/laubfang-dachrinne\/\">Collecteur de feuilles mortes pour les goutti\u00e8res<\/a><\/a><\/li>\n<li><a href=\"https:\/\/dari-system.com\/fr\/gouttieres-protection-contre-les-feuilles-mortes\/\" title=\"Goutti\u00e8res Protection contre les feuilles mortes\"><a href=\"https:\/\/dari-system.com\/fr\/gouttieres-protection-contre-les-feuilles-mortes\/\">Goutti\u00e8res Protection contre les feuilles mortes<\/a><\/a><\/li>\n<li><a href=\"https:\/\/dari-system.com\/laubschutz-dachrinne\/\" title=\"Goutti\u00e8re anti-feuilles\"><a href=\"https:\/\/dari-system.com\/laubschutz-dachrinne\/\">Protection des goutti\u00e8res contre les feuilles mortes<\/a><\/a><\/li>\n<li><a href=\"https:\/\/dari-system.com\/fr\/couverture-de-gouttiere\/\" title=\"Couverture de goutti\u00e8re\"> <a href=\"https:\/\/dari-system.com\/fr\/couverture-de-gouttiere\/\"> Couverture de goutti\u00e8re<\/a><\/a><\/li>\n<\/ul>\n<p>[\/et_pb_text][\/et_pb_column][\/et_pb_row][\/et_pb_section]<\/p>\n","protected":false},"excerpt":{"rendered":"<p>La couverture de goutti\u00e8re s\u00fbre pour votre toit Un couvre-goutti\u00e8re prot\u00e8ge efficacement la goutti\u00e8re contre l&rsquo;obstruction par les feuilles, les aiguilles, les petites branches et la mousse. En effet, sans couverture de goutti\u00e8re, m\u00eame les goutti\u00e8res \u00e0 caisson peuvent rapidement se boucher. Tous les propri\u00e9taires connaissent le probl\u00e8me des goutti\u00e8res semi-circulaires et des goutti\u00e8res \u00e0 [&hellip;]<\/p>\n","protected":false},"author":1,"featured_media":0,"parent":0,"menu_order":0,"comment_status":"closed","ping_status":"closed","template":"","meta":{"_et_pb_use_builder":"on","_et_pb_old_content":"","_et_gb_content_width":"","iawp_total_views":48,"footnotes":""},"dipi_cpt_category":[],"class_list":["post-25545566","page","type-page","status-publish","hentry"],"yoast_head":"<!-- This site is optimized with the Yoast SEO plugin v27.4 - https:\/\/yoast.com\/product\/yoast-seo-wordpress\/ -->\n<title>DaRi Couverture de goutti\u00e8re - Une protection parfaite contre les feuilles mortes<\/title>\n<meta name=\"description\" content=\"Apprenez-en plus sur la couverture de goutti\u00e8re DaRi et prot\u00e9gez vos goutti\u00e8res des feuilles mortes et des obstructions. Nous conseillons des goutti\u00e8res plus \u00e9tanches\" \/>\n<meta name=\"robots\" content=\"index, follow, max-snippet:-1, max-image-preview:large, max-video-preview:-1\" \/>\n<link rel=\"canonical\" href=\"https:\/\/dari-system.com\/fr\/couverture-de-gouttiere\/\" \/>\n<meta property=\"og:locale\" content=\"fr_FR\" \/>\n<meta property=\"og:type\" content=\"article\" \/>\n<meta property=\"og:title\" content=\"DaRi Couverture de goutti\u00e8re - Une protection parfaite contre les feuilles mortes\" \/>\n<meta property=\"og:description\" content=\"Apprenez-en plus sur la couverture de goutti\u00e8re DaRi et prot\u00e9gez vos goutti\u00e8res des feuilles mortes et des obstructions. Nous conseillons des goutti\u00e8res plus \u00e9tanches\" \/>\n<meta property=\"og:url\" content=\"https:\/\/dari-system.com\/fr\/couverture-de-gouttiere\/\" \/>\n<meta property=\"og:site_name\" content=\"DaRi System\" \/>\n<meta property=\"article:modified_time\" content=\"2024-07-25T11:26:31+00:00\" \/>\n<meta name=\"twitter:card\" content=\"summary_large_image\" \/>\n<meta name=\"twitter:label1\" content=\"Dur\u00e9e de lecture estim\u00e9e\" \/>\n\t<meta name=\"twitter:data1\" content=\"5 minutes\" \/>\n<script type=\"application\/ld+json\" class=\"yoast-schema-graph\">{\"@context\":\"https:\\\/\\\/schema.org\",\"@graph\":[{\"@type\":\"WebPage\",\"@id\":\"https:\\\/\\\/dari-system.com\\\/fr\\\/couverture-de-gouttiere\\\/\",\"url\":\"https:\\\/\\\/dari-system.com\\\/fr\\\/couverture-de-gouttiere\\\/\",\"name\":\"DaRi Couverture de goutti\u00e8re - Une protection parfaite contre les feuilles mortes\",\"isPartOf\":{\"@id\":\"https:\\\/\\\/dari-system.com\\\/fr\\\/#website\"},\"datePublished\":\"2024-06-19T09:58:35+00:00\",\"dateModified\":\"2024-07-25T11:26:31+00:00\",\"description\":\"Apprenez-en plus sur la couverture de goutti\u00e8re DaRi et prot\u00e9gez vos goutti\u00e8res des feuilles mortes et des obstructions. Nous conseillons des goutti\u00e8res plus \u00e9tanches\",\"breadcrumb\":{\"@id\":\"https:\\\/\\\/dari-system.com\\\/fr\\\/couverture-de-gouttiere\\\/#breadcrumb\"},\"inLanguage\":\"fr-FR\",\"potentialAction\":[{\"@type\":\"ReadAction\",\"target\":[\"https:\\\/\\\/dari-system.com\\\/fr\\\/couverture-de-gouttiere\\\/\"]}]},{\"@type\":\"BreadcrumbList\",\"@id\":\"https:\\\/\\\/dari-system.com\\\/fr\\\/couverture-de-gouttiere\\\/#breadcrumb\",\"itemListElement\":[{\"@type\":\"ListItem\",\"position\":1,\"name\":\"Startseite\",\"item\":\"https:\\\/\\\/dari-system.com\\\/fr\\\/\"},{\"@type\":\"ListItem\",\"position\":2,\"name\":\"Couverture de goutti\u00e8re\"}]},{\"@type\":\"WebSite\",\"@id\":\"https:\\\/\\\/dari-system.com\\\/fr\\\/#website\",\"url\":\"https:\\\/\\\/dari-system.com\\\/fr\\\/\",\"name\":\"DaRi System\",\"description\":\"\",\"potentialAction\":[{\"@type\":\"SearchAction\",\"target\":{\"@type\":\"EntryPoint\",\"urlTemplate\":\"https:\\\/\\\/dari-system.com\\\/fr\\\/?s={search_term_string}\"},\"query-input\":{\"@type\":\"PropertyValueSpecification\",\"valueRequired\":true,\"valueName\":\"search_term_string\"}}],\"inLanguage\":\"fr-FR\"}]}<\/script>\n<!-- \/ Yoast SEO plugin. -->","yoast_head_json":{"title":"DaRi Couverture de goutti\u00e8re - Une protection parfaite contre les feuilles mortes","description":"Apprenez-en plus sur la couverture de goutti\u00e8re DaRi et prot\u00e9gez vos goutti\u00e8res des feuilles mortes et des obstructions. Nous conseillons des goutti\u00e8res plus \u00e9tanches","robots":{"index":"index","follow":"follow","max-snippet":"max-snippet:-1","max-image-preview":"max-image-preview:large","max-video-preview":"max-video-preview:-1"},"canonical":"https:\/\/dari-system.com\/fr\/couverture-de-gouttiere\/","og_locale":"fr_FR","og_type":"article","og_title":"DaRi Couverture de goutti\u00e8re - Une protection parfaite contre les feuilles mortes","og_description":"Apprenez-en plus sur la couverture de goutti\u00e8re DaRi et prot\u00e9gez vos goutti\u00e8res des feuilles mortes et des obstructions. Nous conseillons des goutti\u00e8res plus \u00e9tanches","og_url":"https:\/\/dari-system.com\/fr\/couverture-de-gouttiere\/","og_site_name":"DaRi System","article_modified_time":"2024-07-25T11:26:31+00:00","twitter_card":"summary_large_image","twitter_misc":{"Dur\u00e9e de lecture estim\u00e9e":"5 minutes"},"schema":{"@context":"https:\/\/schema.org","@graph":[{"@type":"WebPage","@id":"https:\/\/dari-system.com\/fr\/couverture-de-gouttiere\/","url":"https:\/\/dari-system.com\/fr\/couverture-de-gouttiere\/","name":"DaRi Couverture de goutti\u00e8re - Une protection parfaite contre les feuilles mortes","isPartOf":{"@id":"https:\/\/dari-system.com\/fr\/#website"},"datePublished":"2024-06-19T09:58:35+00:00","dateModified":"2024-07-25T11:26:31+00:00","description":"Apprenez-en plus sur la couverture de goutti\u00e8re DaRi et prot\u00e9gez vos goutti\u00e8res des feuilles mortes et des obstructions. Nous conseillons des goutti\u00e8res plus \u00e9tanches","breadcrumb":{"@id":"https:\/\/dari-system.com\/fr\/couverture-de-gouttiere\/#breadcrumb"},"inLanguage":"fr-FR","potentialAction":[{"@type":"ReadAction","target":["https:\/\/dari-system.com\/fr\/couverture-de-gouttiere\/"]}]},{"@type":"BreadcrumbList","@id":"https:\/\/dari-system.com\/fr\/couverture-de-gouttiere\/#breadcrumb","itemListElement":[{"@type":"ListItem","position":1,"name":"Startseite","item":"https:\/\/dari-system.com\/fr\/"},{"@type":"ListItem","position":2,"name":"Couverture de goutti\u00e8re"}]},{"@type":"WebSite","@id":"https:\/\/dari-system.com\/fr\/#website","url":"https:\/\/dari-system.com\/fr\/","name":"DaRi System","description":"","potentialAction":[{"@type":"SearchAction","target":{"@type":"EntryPoint","urlTemplate":"https:\/\/dari-system.com\/fr\/?s={search_term_string}"},"query-input":{"@type":"PropertyValueSpecification","valueRequired":true,"valueName":"search_term_string"}}],"inLanguage":"fr-FR"}]}},"_links":{"self":[{"href":"https:\/\/dari-system.com\/fr\/wp-json\/wp\/v2\/pages\/25545566","targetHints":{"allow":["GET"]}}],"collection":[{"href":"https:\/\/dari-system.com\/fr\/wp-json\/wp\/v2\/pages"}],"about":[{"href":"https:\/\/dari-system.com\/fr\/wp-json\/wp\/v2\/types\/page"}],"author":[{"embeddable":true,"href":"https:\/\/dari-system.com\/fr\/wp-json\/wp\/v2\/users\/1"}],"replies":[{"embeddable":true,"href":"https:\/\/dari-system.com\/fr\/wp-json\/wp\/v2\/comments?post=25545566"}],"version-history":[{"count":1,"href":"https:\/\/dari-system.com\/fr\/wp-json\/wp\/v2\/pages\/25545566\/revisions"}],"predecessor-version":[{"id":25545569,"href":"https:\/\/dari-system.com\/fr\/wp-json\/wp\/v2\/pages\/25545566\/revisions\/25545569"}],"wp:attachment":[{"href":"https:\/\/dari-system.com\/fr\/wp-json\/wp\/v2\/media?parent=25545566"}],"wp:term":[{"taxonomy":"dipi_cpt_category","embeddable":true,"href":"https:\/\/dari-system.com\/fr\/wp-json\/wp\/v2\/dipi_cpt_category?post=25545566"}],"curies":[{"name":"wp","href":"https:\/\/api.w.org\/{rel}","templated":true}]}}