{"id":25545560,"date":"2024-06-19T14:44:07","date_gmt":"2024-06-19T14:44:07","guid":{"rendered":"https:\/\/dari-system.com\/gouttieres-protection-contre-les-feuilles-mortes\/"},"modified":"2024-07-25T11:26:31","modified_gmt":"2024-07-25T11:26:31","slug":"gouttieres-protection-contre-les-feuilles-mortes","status":"publish","type":"page","link":"https:\/\/dari-system.com\/fr\/gouttieres-protection-contre-les-feuilles-mortes\/","title":{"rendered":"Goutti\u00e8res Protection contre les feuilles mortes"},"content":{"rendered":"<p>[et_pb_section fb_built=\u00a0\u00bb1&Prime; fullwidth=\u00a0\u00bbon\u00a0\u00bb _builder_version=\u00a0\u00bb4.25.0&Prime; _module_preset=\u00a0\u00bbdefault\u00a0\u00bb bottom_divider_color=\u00a0\u00bb#FFFFFF\u00a0\u00bb bottom_divider_height=\u00a0\u00bb82px\u00a0\u00bb bottom_divider_flip=\u00a0\u00bbhorizontal\u00a0\u00bb locked=\u00a0\u00bboff\u00a0\u00bb global_colors_info=\u00a0\u00bb{}\u00a0\u00bb][et_pb_fullwidth_header title=\u00a0\u00bbGoutti\u00e8res Protection contre les feuilles mortes\u00a0\u00bb subhead=\u00a0\u00bbet vous avez un souci de moins\u00a0\u00bb _builder_version=\u00a0\u00bb4.25.0&Prime; _module_preset=\u00a0\u00bbdefault\u00a0\u00bb title_font=\u00a0\u00bb|800|||||||\u00a0\u00bb title_font_size=\u00a0\u00bb45px\u00a0\u00bb background_image=\u00a0\u00bbhttps:\/\/dari-system.com\/wp-content\/uploads\/2024\/05\/header_background.webp\u00a0\u00bb background_position=\u00a0\u00bbbottom_center\u00a0\u00bb custom_padding=\u00a0\u00bb8vh||8vh||true|false\u00a0\u00bb hover_enabled=\u00a0\u00bb0&Prime; title_font_size_tablet=\u00a0\u00bb45px\u00a0\u00bb title_font_size_phone=\u00a0\u00bb29px\u00a0\u00bb title_font_size_last_edited=\u00a0\u00bbon|phone\u00a0\u00bb content_font_size_tablet=\u00a0\u00bb\u00a0\u00bb content_font_size_phone=\u00a0\u00bb17px\u00a0\u00bb content_font_size_last_edited=\u00a0\u00bbon|phone\u00a0\u00bb global_colors_info=\u00a0\u00bb{}\u00a0\u00bb sticky_enabled=\u00a0\u00bb0&Prime;][\/et_pb_fullwidth_header][\/et_pb_section][et_pb_section fb_built=\u00a0\u00bb1&Prime; _builder_version=\u00a0\u00bb4.25.0&Prime; _module_preset=\u00a0\u00bbdefault\u00a0\u00bb custom_margin=\u00a0\u00bb||0px||false|false\u00a0\u00bb custom_padding=\u00a0\u00bb||0px||false|false\u00a0\u00bb global_colors_info=\u00a0\u00bb{}\u00a0\u00bb][et_pb_row _builder_version=\u00a0\u00bb4.25.0&Prime; _module_preset=\u00a0\u00bbdefault\u00a0\u00bb global_colors_info=\u00a0\u00bb{}\u00a0\u00bb][et_pb_column type=\u00a0\u00bb4_4&Prime; _builder_version=\u00a0\u00bb4.25.0&Prime; _module_preset=\u00a0\u00bbdefault\u00a0\u00bb global_colors_info=\u00a0\u00bb{}\u00a0\u00bb][et_pb_text _builder_version=\u00a0\u00bb4.25.0&Prime; _module_preset=\u00a0\u00bbdefault\u00a0\u00bb header_2_font=\u00a0\u00bb|700|||||||\u00a0\u00bb hover_enabled=\u00a0\u00bb0&Prime; global_colors_info=\u00a0\u00bb{}\u00a0\u00bb sticky_enabled=\u00a0\u00bb0&Prime;]<\/p>\n<h2>Le pare-feuilles fiable pour les goutti\u00e8res<\/h2>\n<p>  Avec notre protection de goutti\u00e8re contre les feuilles, vous n&rsquo;avez plus \u00e0 vous soucier de l&rsquo;obstruction de votre goutti\u00e8re.<br \/>\nEn effet, le pare-feuilles pour goutti\u00e8res prot\u00e8ge les goutti\u00e8res semi-circulaires et en forme de caisson contre les obstructions dues aux feuilles ou aux aiguilles.<br \/>\nL&rsquo;installation du pare-feuilles pour goutti\u00e8res est un jeu d&rsquo;enfant.<br \/>\nVous n&rsquo;avez m\u00eame pas besoin d&rsquo;outils.<br \/>\nLe pare-feuilles de goutti\u00e8re est simplement plac\u00e9 dans la goutti\u00e8re et fix\u00e9 \u00e0 l&rsquo;avant du bourrelet rond \u00e0 l&rsquo;aide de clips.<br \/>\nLes clips sont disponibles en noir et en argent.<br \/>\nAinsi, les clips sont \u00e0 peine visibles d&rsquo;en bas.<br \/>\nEt pourtant, votre goutti\u00e8re est parfaitement prot\u00e9g\u00e9e par le pare-feuilles de goutti\u00e8re.<br \/>\nMais le pare-feuilles pour goutti\u00e8res ne prot\u00e8ge pas la goutti\u00e8re des feuilles ou des aiguilles.<br \/>\nLes petites branches ou la mousse sont \u00e9galement emport\u00e9es par le vent et se retrouvent dans la goutti\u00e8re si celle-ci n&rsquo;est pas prot\u00e9g\u00e9e par un prot\u00e8ge-goutti\u00e8re.[\/et_pb_text][\/et_pb_column][\/et_pb_row][et_pb_row column_structure=\u00a0\u00bb1_2,1_2&Prime; _builder_version=\u00a0\u00bb4.25.0&Prime; _module_preset=\u00a0\u00bbdefault\u00a0\u00bb global_colors_info=\u00a0\u00bb{}\u00a0\u00bb][et_pb_column type=\u00a0\u00bb1_2&Prime; _builder_version=\u00a0\u00bb4.25.0&Prime; _module_preset=\u00a0\u00bbdefault\u00a0\u00bb global_colors_info=\u00a0\u00bb{}\u00a0\u00bb][et_pb_text _builder_version=\u00a0\u00bb4.25.0&Prime; _module_preset=\u00a0\u00bbdefault\u00a0\u00bb header_2_font=\u00a0\u00bb|700|||||||\u00a0\u00bb hover_enabled=\u00a0\u00bb0&Prime; global_colors_info=\u00a0\u00bb{}\u00a0\u00bb sticky_enabled=\u00a0\u00bb0&Prime;]<\/p>\n<h2>Notre pare-feuilles pour goutti\u00e8res s&rsquo;adapte \u00e0 pratiquement toutes les goutti\u00e8res.<\/h2>\n<p>  En fonction de la taille de votre toit, la taille de la goutti\u00e8re sera \u00e9galement adapt\u00e9e.<br \/>\nLes tr\u00e8s grands toits sont souvent \u00e9quip\u00e9s de goutti\u00e8res de taille 40 et les petits toits de goutti\u00e8res de taille 28.<br \/>\nDans le secteur r\u00e9sidentiel, la taille de goutti\u00e8re la plus courante est 33.<br \/>\nLa taille de votre goutti\u00e8re est indiqu\u00e9e \u00e0 l&rsquo;extr\u00e9mit\u00e9 de la goutti\u00e8re.<br \/>\nIl y a une plaque de finition.<br \/>\nLa taille de la goutti\u00e8re est g\u00e9n\u00e9ralement indiqu\u00e9e sur cette plaque.<br \/>\nLa taille de la goutti\u00e8re est tr\u00e8s importante pour que le pare-feuilles de la goutti\u00e8re soit parfaitement adapt\u00e9.<br \/>\nDans le cas des goutti\u00e8res \u00e0 caisson, il existe souvent des goutti\u00e8res non standardis\u00e9es, par exemple sur une v\u00e9randa ou un balcon.<br \/>\nC&rsquo;est pourquoi notre pare-feuilles pour goutti\u00e8res \u00e0 caisson est tr\u00e8s flexible et peut \u00eatre adapt\u00e9 \u00e0 diff\u00e9rentes largeurs de goutti\u00e8res \u00e0 caisson.<br \/>\nLa hauteur et la largeur de la protection de goutti\u00e8re peuvent \u00eatre modifi\u00e9es.[\/et_pb_text][\/et_pb_column][et_pb_column type=\u00a0\u00bb1_2&Prime; _builder_version=\u00a0\u00bb4.25.0&Prime; _module_preset=\u00a0\u00bbdefault\u00a0\u00bb global_colors_info=\u00a0\u00bb{}\u00a0\u00bb][et_pb_image src=\u00a0\u00bbhttps:\/\/dari-system.com\/wp-content\/uploads\/2024\/06\/regenrinnen-laubschutz.webp\u00a0\u00bb alt=\u00a0\u00bbGoutti\u00e8res Protection contre les feuilles mortes\u00a0\u00bb title_text=\u00a0\u00bbpare-pluie\u00a0\u00bb _builder_version=\u00a0\u00bb4.25.0&Prime; _module_preset=\u00a0\u00bbdefault\u00a0\u00bb custom_margin=\u00a0\u00bb||5px||false|false\u00a0\u00bb hover_enabled=\u00a0\u00bb0&Prime; global_colors_info=\u00a0\u00bb{}\u00a0\u00bb sticky_enabled=\u00a0\u00bb0&Prime;][\/et_pb_image][et_pb_text _builder_version=\u00a0\u00bb4.25.0&Prime; _module_preset=\u00a0\u00bbdefault\u00a0\u00bb custom_margin=\u00a0\u00bb0px||||false|false\u00a0\u00bb hover_enabled=\u00a0\u00bb0&Prime; global_colors_info=\u00a0\u00bb{}\u00a0\u00bb sticky_enabled=\u00a0\u00bb0&Prime;]<\/p>\n<p style=\"text-align: center;\"><em>Goutti\u00e8res Protection anti-feuilles pour chaque goutti\u00e8re<\/em><\/p>\n<p>[\/et_pb_text][\/et_pb_column][\/et_pb_row][\/et_pb_section][et_pb_section fb_built=\u00a0\u00bb1&Prime; _builder_version=\u00a0\u00bb4.25.0&Prime; _module_preset=\u00a0\u00bbdefault\u00a0\u00bb custom_margin=\u00a0\u00bb0px||||false|false\u00a0\u00bb custom_padding=\u00a0\u00bb0px||||false|false\u00a0\u00bb global_colors_info=\u00a0\u00bb{}\u00a0\u00bb][et_pb_row _builder_version=\u00a0\u00bb4.25.0&Prime; _module_preset=\u00a0\u00bbdefault\u00a0\u00bb hover_enabled=\u00a0\u00bb0&Prime; global_colors_info=\u00a0\u00bb{}\u00a0\u00bb sticky_enabled=\u00a0\u00bb0&Prime;][et_pb_column type=\u00a0\u00bb4_4&Prime; _builder_version=\u00a0\u00bb4.25.0&Prime; _module_preset=\u00a0\u00bbdefault\u00a0\u00bb global_colors_info=\u00a0\u00bb{}\u00a0\u00bb][et_pb_text _builder_version=\u00a0\u00bb4.25.0&Prime; _module_preset=\u00a0\u00bbdefault\u00a0\u00bb header_2_font=\u00a0\u00bb|700|||||||\u00a0\u00bb hover_enabled=\u00a0\u00bb0&Prime; global_colors_info=\u00a0\u00bb{}\u00a0\u00bb sticky_enabled=\u00a0\u00bb0&Prime;]<\/p>\n<h2>Faites confiance \u00e0 plus de 20 ans d&rsquo;exp\u00e9rience avec nos goutti\u00e8res anti-feuilles.<\/h2>\n<p>Nous travaillons depuis plus de 20 ans sur la protection des goutti\u00e8res contre l&rsquo;obstruction par les feuilles, les aiguilles, les petites branches, la mousse ou les fleurs d&rsquo;arbres.<br \/>\nNous recevons des demandes de propri\u00e9taires dont la maison est situ\u00e9e \u00e0 c\u00f4t\u00e9 d&rsquo;un grand pin et qui sont d\u00e9sesp\u00e9r\u00e9s parce que leurs goutti\u00e8res sont pleines d&rsquo;aiguilles de pin chaque semaine.<br \/>\nAvec le pare-feuilles pour goutti\u00e8res, ces propri\u00e9taires sont alors heureux d&rsquo;avoir r\u00e9solu ce probl\u00e8me.<br \/>\nGr\u00e2ce \u00e0 nos produits, nous avons d\u00e9j\u00e0 rendu \u00e0 de nombreux clients une vie sans souci.   <\/p>\n<h2>Le service est notre priorit\u00e9<\/h2>\n<p>Nous sommes heureux de recevoir des demandes de clients qui nous envoient des photos de leurs goutti\u00e8res et nous demandent si notre protection anti-gouttes est adapt\u00e9e \u00e0 leur goutti\u00e8re.<br \/>\nLes clients re\u00e7oivent des conseils gratuits et nous pouvons presque toujours les aider \u00e0 \u00e9viter que leurs goutti\u00e8res ne se bouchent.<br \/>\nComme le pare-feuilles pour goutti\u00e8res est fabriqu\u00e9 en polypropyl\u00e8ne durable avec une protection contre les UV, nous recevons souvent des commentaires positifs de la part de nos clients, m\u00eame apr\u00e8s de nombreuses ann\u00e9es, sur leur satisfaction.<br \/>\nNous faisons \u00e9galement un geste pour l&rsquo;environnement, car nos produits sont enti\u00e8rement recyclables.<br \/>\nEt le meilleur : le pare-feuilles pour goutti\u00e8res a \u00e9t\u00e9 con\u00e7u et est fabriqu\u00e9 en Allemagne.<br \/>\nMade in Germany est synonyme de qualit\u00e9 sup\u00e9rieure et de durabilit\u00e9.     <\/p>\n<h2>Instructions d&rsquo;installation des goutti\u00e8res Protection des goutti\u00e8res contre les feuilles mortes<\/h2>\n<p><strong>Monter votre goutti\u00e8re en 5 \u00e9tapes Protection anti-feuilles pour goutti\u00e8res<\/strong><\/p>\n<ol>\n<li>Pr\u00e9paration : Avant d&rsquo;installer le pare-feuilles de goutti\u00e8re, vous devez nettoyer soigneusement la goutti\u00e8re.<\/li>\n<li>Pr\u00e9parer le mat\u00e9riel : Vous n&rsquo;avez pas besoin de marteau ni de vis pour installer le pare-feuilles de goutti\u00e8re.<br \/>\nIl suffit de glisser les pinces sur le DaRi-System et c&rsquo;est parti. <\/li>\n<li>Montage : Le montage est un jeu d&rsquo;enfant.<br \/>\nIl suffit de placer le pare-pluie dans la goutti\u00e8re et de glisser les attaches \u00e0 l&rsquo;avant sur le bourrelet rond \u00e0 l&rsquo;avant.<br \/>\nLe pare-feuilles de goutti\u00e8re est ensuite plac\u00e9 bord \u00e0 bord.<br \/>\nLes diff\u00e9rentes parties ne doivent pas se chevaucher.   <\/li>\n<li>D\u00e9coupez les pi\u00e8ces : Selon la fa\u00e7on dont les pi\u00e8ces de 76 cm de long de la protection de goutti\u00e8re s&rsquo;adaptent \u00e0 la goutti\u00e8re, il peut \u00eatre n\u00e9cessaire de raccourcir l\u00e9g\u00e8rement la derni\u00e8re pi\u00e8ce.<br \/>\nPour cela, vous pouvez couper le dernier morceau du pare-pluie \u00e0 la bonne longueur \u00e0 l&rsquo;aide de ciseaux ou d&rsquo;un s\u00e9cateur. <\/li>\n<li>Conclusion : Une fois que le pare-feuilles de goutti\u00e8re est install\u00e9 en toute s\u00e9curit\u00e9, tous les d\u00e9chets doivent \u00eatre \u00e9limin\u00e9s correctement et l&rsquo;\u00e9chelle doit \u00eatre remise en place.<\/li>\n<\/ol>\n<p>Cela pourrait \u00e9galement vous int\u00e9resser :<\/p>\n<ul>\n<li><a href=\"https:\/\/dari-system.com\/laubfang-dachrinne\/\" title=\"Collecteur de feuilles mortes Goutti\u00e8re\"><a href=\"https:\/\/dari-system.com\/laubfang-dachrinne\/\">Collecteur de feuilles mortes pour les goutti\u00e8res<\/a><\/a><\/li>\n<li><a href=\"https:\/\/dari-system.com\/fr\/gouttieres-protection-contre-les-feuilles-mortes\/\" title=\"Goutti\u00e8res Protection contre les feuilles mortes\"><a href=\"https:\/\/dari-system.com\/fr\/gouttieres-protection-contre-les-feuilles-mortes\/\">Goutti\u00e8res Protection contre les feuilles mortes<\/a><\/a><\/li>\n<li><a href=\"https:\/\/dari-system.com\/laubschutz-dachrinne\/\" title=\"Goutti\u00e8re anti-feuilles\"><a href=\"https:\/\/dari-system.com\/laubschutz-dachrinne\/\">Protection des goutti\u00e8res contre les feuilles mortes<\/a><\/a><\/li>\n<li><a href=\"https:\/\/dari-system.com\/dachrinnenabdeckung\/\" title=\"Couverture de goutti\u00e8re\"> <a href=\"https:\/\/dari-system.com\/dachrinnenabdeckung\/\"> Couverture de goutti\u00e8re<\/a><\/a><\/li>\n<\/ul>\n<p>[\/et_pb_text][\/et_pb_column][\/et_pb_row][\/et_pb_section]<\/p>\n","protected":false},"excerpt":{"rendered":"<p>Le pare-feuilles fiable pour les goutti\u00e8res Avec notre protection de goutti\u00e8re contre les feuilles, vous n&rsquo;avez plus \u00e0 vous soucier de l&rsquo;obstruction de votre goutti\u00e8re. En effet, le pare-feuilles pour goutti\u00e8res prot\u00e8ge les goutti\u00e8res semi-circulaires et en forme de caisson contre les obstructions dues aux feuilles ou aux aiguilles. L&rsquo;installation du pare-feuilles pour goutti\u00e8res est [&hellip;]<\/p>\n","protected":false},"author":1,"featured_media":0,"parent":0,"menu_order":0,"comment_status":"closed","ping_status":"closed","template":"","meta":{"_et_pb_use_builder":"on","_et_pb_old_content":"","_et_gb_content_width":"","iawp_total_views":166,"footnotes":""},"dipi_cpt_category":[],"class_list":["post-25545560","page","type-page","status-publish","hentry"],"yoast_head":"<!-- This site is optimized with the Yoast SEO plugin v27.4 - https:\/\/yoast.com\/product\/yoast-seo-wordpress\/ -->\n<title>Goutti\u00e8res DaRi - protection contre les feuilles mortes dans les goutti\u00e8res<\/title>\n<meta name=\"description\" content=\"Prot\u00e9gez votre goutti\u00e8re avec le pare-feuilles DaRi. \u00c9vitez les obstructions et les d\u00e9g\u00e2ts des eaux dus aux feuilles dans la goutti\u00e8re. En savoir plus maintenant !\" \/>\n<meta name=\"robots\" content=\"index, follow, max-snippet:-1, max-image-preview:large, max-video-preview:-1\" \/>\n<link rel=\"canonical\" href=\"https:\/\/dari-system.com\/fr\/gouttieres-protection-contre-les-feuilles-mortes\/\" \/>\n<meta property=\"og:locale\" content=\"fr_FR\" \/>\n<meta property=\"og:type\" content=\"article\" \/>\n<meta property=\"og:title\" content=\"Goutti\u00e8res DaRi - protection contre les feuilles mortes dans les goutti\u00e8res\" \/>\n<meta property=\"og:description\" content=\"Prot\u00e9gez votre goutti\u00e8re avec le pare-feuilles DaRi. \u00c9vitez les obstructions et les d\u00e9g\u00e2ts des eaux dus aux feuilles dans la goutti\u00e8re. En savoir plus maintenant !\" \/>\n<meta property=\"og:url\" content=\"https:\/\/dari-system.com\/fr\/gouttieres-protection-contre-les-feuilles-mortes\/\" \/>\n<meta property=\"og:site_name\" content=\"DaRi System\" \/>\n<meta property=\"article:modified_time\" content=\"2024-07-25T11:26:31+00:00\" \/>\n<meta name=\"twitter:card\" content=\"summary_large_image\" \/>\n<meta name=\"twitter:label1\" content=\"Dur\u00e9e de lecture estim\u00e9e\" \/>\n\t<meta name=\"twitter:data1\" content=\"6 minutes\" \/>\n<script type=\"application\/ld+json\" class=\"yoast-schema-graph\">{\"@context\":\"https:\\\/\\\/schema.org\",\"@graph\":[{\"@type\":\"WebPage\",\"@id\":\"https:\\\/\\\/dari-system.com\\\/fr\\\/gouttieres-protection-contre-les-feuilles-mortes\\\/\",\"url\":\"https:\\\/\\\/dari-system.com\\\/fr\\\/gouttieres-protection-contre-les-feuilles-mortes\\\/\",\"name\":\"Goutti\u00e8res DaRi - protection contre les feuilles mortes dans les goutti\u00e8res\",\"isPartOf\":{\"@id\":\"https:\\\/\\\/dari-system.com\\\/fr\\\/#website\"},\"datePublished\":\"2024-06-19T14:44:07+00:00\",\"dateModified\":\"2024-07-25T11:26:31+00:00\",\"description\":\"Prot\u00e9gez votre goutti\u00e8re avec le pare-feuilles DaRi. \u00c9vitez les obstructions et les d\u00e9g\u00e2ts des eaux dus aux feuilles dans la goutti\u00e8re. En savoir plus maintenant !\",\"breadcrumb\":{\"@id\":\"https:\\\/\\\/dari-system.com\\\/fr\\\/gouttieres-protection-contre-les-feuilles-mortes\\\/#breadcrumb\"},\"inLanguage\":\"fr-FR\",\"potentialAction\":[{\"@type\":\"ReadAction\",\"target\":[\"https:\\\/\\\/dari-system.com\\\/fr\\\/gouttieres-protection-contre-les-feuilles-mortes\\\/\"]}]},{\"@type\":\"BreadcrumbList\",\"@id\":\"https:\\\/\\\/dari-system.com\\\/fr\\\/gouttieres-protection-contre-les-feuilles-mortes\\\/#breadcrumb\",\"itemListElement\":[{\"@type\":\"ListItem\",\"position\":1,\"name\":\"Startseite\",\"item\":\"https:\\\/\\\/dari-system.com\\\/fr\\\/\"},{\"@type\":\"ListItem\",\"position\":2,\"name\":\"Goutti\u00e8res Protection contre les feuilles mortes\"}]},{\"@type\":\"WebSite\",\"@id\":\"https:\\\/\\\/dari-system.com\\\/fr\\\/#website\",\"url\":\"https:\\\/\\\/dari-system.com\\\/fr\\\/\",\"name\":\"DaRi System\",\"description\":\"\",\"potentialAction\":[{\"@type\":\"SearchAction\",\"target\":{\"@type\":\"EntryPoint\",\"urlTemplate\":\"https:\\\/\\\/dari-system.com\\\/fr\\\/?s={search_term_string}\"},\"query-input\":{\"@type\":\"PropertyValueSpecification\",\"valueRequired\":true,\"valueName\":\"search_term_string\"}}],\"inLanguage\":\"fr-FR\"}]}<\/script>\n<!-- \/ Yoast SEO plugin. -->","yoast_head_json":{"title":"Goutti\u00e8res DaRi - protection contre les feuilles mortes dans les goutti\u00e8res","description":"Prot\u00e9gez votre goutti\u00e8re avec le pare-feuilles DaRi. \u00c9vitez les obstructions et les d\u00e9g\u00e2ts des eaux dus aux feuilles dans la goutti\u00e8re. En savoir plus maintenant !","robots":{"index":"index","follow":"follow","max-snippet":"max-snippet:-1","max-image-preview":"max-image-preview:large","max-video-preview":"max-video-preview:-1"},"canonical":"https:\/\/dari-system.com\/fr\/gouttieres-protection-contre-les-feuilles-mortes\/","og_locale":"fr_FR","og_type":"article","og_title":"Goutti\u00e8res DaRi - protection contre les feuilles mortes dans les goutti\u00e8res","og_description":"Prot\u00e9gez votre goutti\u00e8re avec le pare-feuilles DaRi. \u00c9vitez les obstructions et les d\u00e9g\u00e2ts des eaux dus aux feuilles dans la goutti\u00e8re. En savoir plus maintenant !","og_url":"https:\/\/dari-system.com\/fr\/gouttieres-protection-contre-les-feuilles-mortes\/","og_site_name":"DaRi System","article_modified_time":"2024-07-25T11:26:31+00:00","twitter_card":"summary_large_image","twitter_misc":{"Dur\u00e9e de lecture estim\u00e9e":"6 minutes"},"schema":{"@context":"https:\/\/schema.org","@graph":[{"@type":"WebPage","@id":"https:\/\/dari-system.com\/fr\/gouttieres-protection-contre-les-feuilles-mortes\/","url":"https:\/\/dari-system.com\/fr\/gouttieres-protection-contre-les-feuilles-mortes\/","name":"Goutti\u00e8res DaRi - protection contre les feuilles mortes dans les goutti\u00e8res","isPartOf":{"@id":"https:\/\/dari-system.com\/fr\/#website"},"datePublished":"2024-06-19T14:44:07+00:00","dateModified":"2024-07-25T11:26:31+00:00","description":"Prot\u00e9gez votre goutti\u00e8re avec le pare-feuilles DaRi. \u00c9vitez les obstructions et les d\u00e9g\u00e2ts des eaux dus aux feuilles dans la goutti\u00e8re. En savoir plus maintenant !","breadcrumb":{"@id":"https:\/\/dari-system.com\/fr\/gouttieres-protection-contre-les-feuilles-mortes\/#breadcrumb"},"inLanguage":"fr-FR","potentialAction":[{"@type":"ReadAction","target":["https:\/\/dari-system.com\/fr\/gouttieres-protection-contre-les-feuilles-mortes\/"]}]},{"@type":"BreadcrumbList","@id":"https:\/\/dari-system.com\/fr\/gouttieres-protection-contre-les-feuilles-mortes\/#breadcrumb","itemListElement":[{"@type":"ListItem","position":1,"name":"Startseite","item":"https:\/\/dari-system.com\/fr\/"},{"@type":"ListItem","position":2,"name":"Goutti\u00e8res Protection contre les feuilles mortes"}]},{"@type":"WebSite","@id":"https:\/\/dari-system.com\/fr\/#website","url":"https:\/\/dari-system.com\/fr\/","name":"DaRi System","description":"","potentialAction":[{"@type":"SearchAction","target":{"@type":"EntryPoint","urlTemplate":"https:\/\/dari-system.com\/fr\/?s={search_term_string}"},"query-input":{"@type":"PropertyValueSpecification","valueRequired":true,"valueName":"search_term_string"}}],"inLanguage":"fr-FR"}]}},"_links":{"self":[{"href":"https:\/\/dari-system.com\/fr\/wp-json\/wp\/v2\/pages\/25545560","targetHints":{"allow":["GET"]}}],"collection":[{"href":"https:\/\/dari-system.com\/fr\/wp-json\/wp\/v2\/pages"}],"about":[{"href":"https:\/\/dari-system.com\/fr\/wp-json\/wp\/v2\/types\/page"}],"author":[{"embeddable":true,"href":"https:\/\/dari-system.com\/fr\/wp-json\/wp\/v2\/users\/1"}],"replies":[{"embeddable":true,"href":"https:\/\/dari-system.com\/fr\/wp-json\/wp\/v2\/comments?post=25545560"}],"version-history":[{"count":1,"href":"https:\/\/dari-system.com\/fr\/wp-json\/wp\/v2\/pages\/25545560\/revisions"}],"predecessor-version":[{"id":25545565,"href":"https:\/\/dari-system.com\/fr\/wp-json\/wp\/v2\/pages\/25545560\/revisions\/25545565"}],"wp:attachment":[{"href":"https:\/\/dari-system.com\/fr\/wp-json\/wp\/v2\/media?parent=25545560"}],"wp:term":[{"taxonomy":"dipi_cpt_category","embeddable":true,"href":"https:\/\/dari-system.com\/fr\/wp-json\/wp\/v2\/dipi_cpt_category?post=25545560"}],"curies":[{"name":"wp","href":"https:\/\/api.w.org\/{rel}","templated":true}]}}