{"id":25547619,"date":"2024-06-19T14:44:07","date_gmt":"2024-06-19T14:44:07","guid":{"rendered":"https:\/\/dari-system.com\/sadekourut-lehtisuoja\/"},"modified":"2024-08-19T15:02:09","modified_gmt":"2024-08-19T15:02:09","slug":"sadekourut-lehtisuoja","status":"publish","type":"page","link":"https:\/\/dari-system.com\/fi\/sadekourut-lehtisuoja\/","title":{"rendered":"Sadekourut Lehtisuoja"},"content":{"rendered":"<p>[et_pb_section fb_built=&#8221;1&#8243; fullwidth=&#8221;on&#8221; _builder_version=&#8221;4.25.0&#8243; _module_preset=&#8221;default&#8221; bottom_divider_color=&#8221;#FFFFFF&#8221; bottom_divider_height=&#8221;82px&#8221; bottom_divider_flip=&#8221;horizontal&#8221; locked=&#8221;off&#8221; global_colors_info=&#8221;{}&#8221;][et_pb_fullwidth_header title=&#8221;Sadekourut Lehtisuoja&#8221; subhead=&#8221;ja sinulla on yksi asia v\u00e4hemm\u00e4n huolehdittavaa&#8221; _builder_version=&#8221;4.25.0&#8243; _module_preset=&#8221;default&#8221; title_font=&#8221;|800|||||||&#8221; title_font_size=&#8221;45px&#8221; background_image=&#8221;https:\/\/dari-system.com\/wp-content\/uploads\/2024\/05\/header_background.webp&#8221; background_position=&#8221;bottom_center&#8221; custom_padding=&#8221;8vh||8vh||true|false&#8221; hover_enabled=&#8221;0&#8243; title_font_size_tablet=&#8221;45px&#8221; title_font_size_phone=&#8221;29px&#8221; title_font_size_last_edited=&#8221;on|phone&#8221; content_font_size_tablet=&#8221;&#8221; content_font_size_phone=&#8221;17px&#8221; content_font_size_last_edited=&#8221;on|phone&#8221; global_colors_info=&#8221;{}&#8221; sticky_enabled=&#8221;0&#8243;][\/et_pb_fullwidth_header][\/et_pb_section][et_pb_section fb_built=&#8221;1&#8243; _builder_version=&#8221;4.25.0&#8243; _module_preset=&#8221;default&#8221; custom_margin=&#8221;||0px||false|false&#8221; custom_padding=&#8221;||0px||false|false&#8221; global_colors_info=&#8221;{}&#8221;][et_pb_row _builder_version=&#8221;4.25.0&#8243; _module_preset=&#8221;default&#8221; global_colors_info=&#8221;{}&#8221;][et_pb_column type=&#8221;4_4&#8243; _builder_version=&#8221;4.25.0&#8243; _module_preset=&#8221;default&#8221; global_colors_info=&#8221;{}&#8221;][et_pb_text _builder_version=&#8221;4.25.0&#8243; _module_preset=&#8221;default&#8221; header_2_font=&#8221;|700|||||||&#8221; hover_enabled=&#8221;0&#8243; global_colors_info=&#8221;{}&#8221; sticky_enabled=&#8221;0&#8243;]<\/p>\n<h2>Luotettava sadekourun lehtisuoja<\/h2>\n<p>  Kourunlehtisuojamme ansiosta sinun ei en\u00e4\u00e4 tarvitse huolehtia kourun tukkeutumisesta.<br \/>\nKourunlehtisuoja suojaa luotettavasti puoliympyr\u00e4n muotoisia ja laatikkokouruja lehtien tai neulasten aiheuttamilta tukoksilta.<br \/>\nKourunlehtisuojan asentaminen on lastenleikki\u00e4.<br \/>\nEt tarvitse edes ty\u00f6kaluja.<br \/>\nKourunlehtisuoja asetetaan yksinkertaisesti kouruun ja kiinnitet\u00e4\u00e4n sen etuosassa olevaan py\u00f6re\u00e4\u00e4n helmaan.<br \/>\nKlipsej\u00e4 on saatavana mustana ja hopeisena.<br \/>\nT\u00e4m\u00e4 tarkoittaa, ett\u00e4 klipsit ovat tuskin n\u00e4kyviss\u00e4 alhaalta p\u00e4in.<br \/>\nSilti kourusi on silti t\u00e4ydellisesti suojattu kourunlehtisuojalla.<br \/>\nKourun lehtisuoja ei kuitenkaan suojaa kourua lehdilt\u00e4 tai neulasilta.<br \/>\nMy\u00f6s pienet oksat tai sammal puhaltavat katolta ja p\u00e4\u00e4tyisiv\u00e4t kouruun, jos kourun lehtisuoja ei suojaisi kourua.[\/et_pb_text][\/et_pb_column][\/et_pb_row][et_pb_row column_structure=&#8221;1_2,1_2&#8243; _builder_version=&#8221;4.25.0&#8243; _module_preset=&#8221;default&#8221; global_colors_info=&#8221;{}&#8221;][et_pb_column type=&#8221;1_2&#8243; _builder_version=&#8221;4.25.0&#8243; _module_preset=&#8221;default&#8221; global_colors_info=&#8221;{}&#8221;][et_pb_text _builder_version=&#8221;4.25.0&#8243; _module_preset=&#8221;default&#8221; header_2_font=&#8221;|700|||||||&#8221; hover_enabled=&#8221;0&#8243; global_colors_info=&#8221;{}&#8221; sticky_enabled=&#8221;0&#8243;]<\/p>\n<h2>Kourunlehtisuojamme sopii l\u00e4hes kaikkiin kouruihin.<\/h2>\n<p>  Katon koosta riippuen my\u00f6s kourun koko mukautetaan sen mukaan.<br \/>\nEritt\u00e4in suurille katoille asennetaan usein kourukoko 40 ja pienille katoille kourukoko 28.<br \/>\nAsuntorakentamisessa k\u00e4ytet\u00e4\u00e4n kuitenkin yleisimmin koon 33 kouruja.<br \/>\nKourun koon n\u00e4et kourun p\u00e4\u00e4dyst\u00e4.<br \/>\nSiell\u00e4 on p\u00e4\u00e4tylevy.<br \/>\nJa t\u00e4m\u00e4 levy osoittaa yleens\u00e4 kourun koon.<br \/>\nKourun koko on eritt\u00e4in t\u00e4rke\u00e4 sen varmistamiseksi, ett\u00e4 kourun lehtisuoja sopii t\u00e4ydellisesti.<br \/>\nLaatikkokouruissa on kuitenkin usein kouruja, jotka eiv\u00e4t ole vakiomittaisia, esimerkiksi konservatoriossa tai parvekkeella.<br \/>\nLaatikkokourujen kourunlehtisuojamme on siksi eritt\u00e4in joustava, ja se voidaan sovittaa monenlaisiin laatikkokourujen leveyksiin.<br \/>\nLaatikkokourujen kourunlehtisuojan korkeutta ja leveytt\u00e4 voidaan s\u00e4\u00e4t\u00e4\u00e4.[\/et_pb_text][\/et_pb_column][et_pb_column type=&#8221;1_2&#8243; _builder_version=&#8221;4.25.0&#8243; _module_preset=&#8221;default&#8221; global_colors_info=&#8221;{}&#8221;][et_pb_image src=&#8221;https:\/\/dari-system.com\/wp-content\/uploads\/2024\/06\/regenrinnen-laubschutz.webp&#8221; alt=&#8221;Sadekourut Lehtisuoja&#8221; title_text=&#8221;kourun suojus&#8221; _builder_version=&#8221;4.25.0&#8243; _module_preset=&#8221;default&#8221; custom_margin=&#8221;||5px||false|false&#8221; hover_enabled=&#8221;0&#8243; global_colors_info=&#8221;{}&#8221; sticky_enabled=&#8221;0&#8243;][\/et_pb_image][et_pb_text _builder_version=&#8221;4.25.0&#8243; _module_preset=&#8221;default&#8221; custom_margin=&#8221;0px||||false|false&#8221; hover_enabled=&#8221;0&#8243; global_colors_info=&#8221;{}&#8221; sticky_enabled=&#8221;0&#8243;]<\/p>\n<p style=\"text-align: center;\"><em>Kourujen lehtisuoja jokaiseen kouruun<\/em><\/p>\n<p>[\/et_pb_text][\/et_pb_column][\/et_pb_row][\/et_pb_section][et_pb_section fb_built=&#8221;1&#8243; _builder_version=&#8221;4.25.0&#8243; _module_preset=&#8221;default&#8221; custom_margin=&#8221;0px||||false|false&#8221; custom_padding=&#8221;0px||||false|false&#8221; global_colors_info=&#8221;{}&#8221;][et_pb_row _builder_version=&#8221;4.25.0&#8243; _module_preset=&#8221;default&#8221; hover_enabled=&#8221;0&#8243; global_colors_info=&#8221;{}&#8221; sticky_enabled=&#8221;0&#8243;][et_pb_column type=&#8221;4_4&#8243; _builder_version=&#8221;4.25.0&#8243; _module_preset=&#8221;default&#8221; global_colors_info=&#8221;{}&#8221;][et_pb_text _builder_version=&#8221;4.25.0&#8243; _module_preset=&#8221;default&#8221; header_2_font=&#8221;|700|||||||&#8221; hover_enabled=&#8221;0&#8243; global_colors_info=&#8221;{}&#8221; sticky_enabled=&#8221;0&#8243;]<\/p>\n<h2>Luota yli 20 vuoden kokemukseen sadekourun lehtisuojastamme.<\/h2>\n<p>Olemme jo yli 20 vuoden ajan k\u00e4sitelleet kysymyst\u00e4 siit\u00e4, miten kourut voidaan suojata lehtien, neulasten, oksien, sammaleen tai puiden kukkien aiheuttamilta tukoksilta.<br \/>\nSaamme kyselyj\u00e4 talonomistajilta, joiden talo on suuren m\u00e4nnyn vieress\u00e4 ja jotka ovat ep\u00e4toivoisia, koska kourut ovat viikoittain t\u00e4ynn\u00e4 m\u00e4nnynneulasia.<br \/>\nKourunlehtisuojan avulla n\u00e4m\u00e4 kodinomistajat ovat tyytyv\u00e4isi\u00e4, ett\u00e4 ongelma on ratkaistu.<br \/>\nTuotteidemme avulla olemme jo antaneet monille asiakkaillemme huolettoman el\u00e4m\u00e4n takaisin.   <\/p>\n<h2>Palvelu on etusijalla<\/h2>\n<p>Olemme iloisia, kun saamme kyselyit\u00e4 asiakkailta, jotka l\u00e4hett\u00e4v\u00e4t meille kuvia kouruistaan ja kysyv\u00e4t, sopiiko kourujen lehtisuojamme heid\u00e4n kouruihinsa.<br \/>\nAsiakkaat saavat ilmaista neuvontaa, ja voimme auttaa l\u00e4hes kaikissa tapauksissa est\u00e4m\u00e4\u00e4n kourujen tukkeutumisen.<br \/>\nKoska kourunlehtisuoja on valmistettu kest\u00e4v\u00e4st\u00e4 polypropeenista, jossa on UV-suoja, saamme usein asiakkailta my\u00f6nteist\u00e4 palautetta siit\u00e4, kuinka tyytyv\u00e4isi\u00e4 he ovat, jopa vuosien j\u00e4lkeen.<br \/>\nTeemme my\u00f6s hyv\u00e4\u00e4 ymp\u00e4rist\u00f6lle, sill\u00e4 tuotteemme ovat t\u00e4ysin kierr\u00e4tett\u00e4vi\u00e4.<br \/>\nJa mik\u00e4 parasta: sadekourun lehtisuoja on suunniteltu Saksassa ja valmistettu Saksassa.<br \/>\nMade in Germany tarkoittaa korkeinta laatua ja kest\u00e4vyytt\u00e4.     <\/p>\n<h2>Ohjeet kourun lehtisuojien asentamiseen kouruun<\/h2>\n<p><strong>Asenna kourujen lehtisuojus kouruihin 5 askeleessa<\/strong><\/p>\n<ol>\n<li>Valmistelu: Ennen kuin asennat kourun lehtisuojan, sinun on puhdistettava kouru perusteellisesti.<\/li>\n<li>Valmistele materiaalit: Kourunlehtisuojan asentamiseen ei tarvita vasaraa tai ruuvia.<br \/>\nLiu&#8217;uta vain pidikkeet DaRi-j\u00e4rjestelm\u00e4\u00e4n ja olet valmis aloittamaan. <\/li>\n<li>Asennus: Asennus on lastenleikki\u00e4.<br \/>\nAseta kourun lehtisuoja yksinkertaisesti kouruun ja liu&#8217;uta pidikkeet etupuolella olevaan py\u00f6re\u00e4\u00e4n helmaan.<br \/>\nT\u00e4m\u00e4n j\u00e4lkeen kourun lehtisuoja asetetaan p\u00e4\u00e4t\u00e4 vasten.<br \/>\nYksitt\u00e4iset osat eiv\u00e4t saa olla p\u00e4\u00e4llekk\u00e4in.   <\/li>\n<li>Leikataan mittojen mukaan: Riippuen siit\u00e4, miten 76 cm:n pituiset kourunlehtisuojan osat sopivat kouruun, viimeist\u00e4 palaa on ehk\u00e4 hieman lyhennett\u00e4v\u00e4.<br \/>\nT\u00e4t\u00e4 varten kourun lehtisuojan viimeinen osa voidaan leikata oikean pituiseksi saksilla tai oksasaksilla. <\/li>\n<li>Johtop\u00e4\u00e4t\u00f6kset: Kun kourun lehtisuoja on asennettu turvallisesti, kaikki j\u00e4tteet on h\u00e4vitett\u00e4v\u00e4 asianmukaisesti ja tikkaat on asetettava takaisin paikoilleen.<\/li>\n<\/ol>\n<p>T\u00e4m\u00e4 voisi kiinnostaa my\u00f6s sinua:<\/p>\n<ul>\n<li><a href=\"https:\/\/dari-system.com\/fi\/lehtisuoja-kouru\/\" title=\"Lehtisuoja kouru\"><a href=\"https:\/\/dari-system.com\/fi\/lehtisuoja-kouru\/\">Lehtisuoja kouruun<\/a><\/a><\/li>\n<li><a href=\"https:\/\/dari-system.com\/fi\/sadekourut-lehtisuoja\/\" title=\"Sadekourut Lehtisuoja\"><a href=\"https:\/\/dari-system.com\/fi\/sadekourut-lehtisuoja\/\">Sadekourut Lehtisuoja<\/a><\/a><\/li>\n<li><a href=\"https:\/\/dari-system.com\/fi\/lehtisuoja-kouru-2\/\" title=\"Lehtisuoja kouru\"><a href=\"https:\/\/dari-system.com\/fi\/lehtisuoja-kouru-2\/\">Lehtisuojaus kouruun<\/a><\/a><\/li>\n<li><a href=\"https:\/\/dari-system.com\/fi\/kourun-suojus\/\" title=\"Kourun suojus\"> <a href=\"https:\/\/dari-system.com\/fi\/kourun-suojus\/\"> Kourun suojus<\/a><\/a><\/li>\n<\/ul>\n<p>[\/et_pb_text][\/et_pb_column][\/et_pb_row][\/et_pb_section]<\/p>\n","protected":false},"excerpt":{"rendered":"<p>Luotettava sadekourun lehtisuoja Kourunlehtisuojamme ansiosta sinun ei en\u00e4\u00e4 tarvitse huolehtia kourun tukkeutumisesta. Kourunlehtisuoja suojaa luotettavasti puoliympyr\u00e4n muotoisia ja laatikkokouruja lehtien tai neulasten aiheuttamilta tukoksilta. Kourunlehtisuojan asentaminen on lastenleikki\u00e4. Et tarvitse edes ty\u00f6kaluja. Kourunlehtisuoja asetetaan yksinkertaisesti kouruun ja kiinnitet\u00e4\u00e4n sen etuosassa olevaan py\u00f6re\u00e4\u00e4n helmaan. Klipsej\u00e4 on saatavana mustana ja hopeisena. T\u00e4m\u00e4 tarkoittaa, ett\u00e4 klipsit ovat tuskin [&hellip;]<\/p>\n","protected":false},"author":1,"featured_media":0,"parent":0,"menu_order":0,"comment_status":"closed","ping_status":"closed","template":"","meta":{"_et_pb_use_builder":"on","_et_pb_old_content":"","_et_gb_content_width":"","iawp_total_views":12,"footnotes":""},"dipi_cpt_category":[],"class_list":["post-25547619","page","type-page","status-publish","hentry"],"yoast_head":"<!-- This site is optimized with the Yoast SEO plugin v27.4 - https:\/\/yoast.com\/product\/yoast-seo-wordpress\/ -->\n<title>DaRi kourun lehtisuoja - suojaa kourussa olevilta lehdilt\u00e4.<\/title>\n<meta name=\"description\" content=\"Suojaa kourusi DaRi-lehtisuojalla. Ehk\u00e4ise kourussa olevien lehtien aiheuttamat tukokset ja vesivahingot. Lue lis\u00e4\u00e4 nyt!\" \/>\n<meta name=\"robots\" content=\"index, follow, max-snippet:-1, max-image-preview:large, max-video-preview:-1\" \/>\n<link rel=\"canonical\" href=\"https:\/\/dari-system.com\/fi\/sadekourut-lehtisuoja\/\" \/>\n<meta property=\"og:locale\" content=\"fi_FI\" \/>\n<meta property=\"og:type\" content=\"article\" \/>\n<meta property=\"og:title\" content=\"DaRi kourun lehtisuoja - suojaa kourussa olevilta lehdilt\u00e4.\" \/>\n<meta property=\"og:description\" content=\"Suojaa kourusi DaRi-lehtisuojalla. Ehk\u00e4ise kourussa olevien lehtien aiheuttamat tukokset ja vesivahingot. Lue lis\u00e4\u00e4 nyt!\" \/>\n<meta property=\"og:url\" content=\"https:\/\/dari-system.com\/fi\/sadekourut-lehtisuoja\/\" \/>\n<meta property=\"og:site_name\" content=\"DaRi System\" \/>\n<meta property=\"article:modified_time\" content=\"2024-08-19T15:02:09+00:00\" \/>\n<meta name=\"twitter:card\" content=\"summary_large_image\" \/>\n<meta name=\"twitter:label1\" content=\"Arvioitu lukuaika\" \/>\n\t<meta name=\"twitter:data1\" content=\"5 minuuttia\" \/>\n<script type=\"application\/ld+json\" class=\"yoast-schema-graph\">{\"@context\":\"https:\\\/\\\/schema.org\",\"@graph\":[{\"@type\":\"WebPage\",\"@id\":\"https:\\\/\\\/dari-system.com\\\/fi\\\/sadekourut-lehtisuoja\\\/\",\"url\":\"https:\\\/\\\/dari-system.com\\\/fi\\\/sadekourut-lehtisuoja\\\/\",\"name\":\"DaRi kourun lehtisuoja - suojaa kourussa olevilta lehdilt\u00e4.\",\"isPartOf\":{\"@id\":\"https:\\\/\\\/dari-system.com\\\/fi\\\/#website\"},\"datePublished\":\"2024-06-19T14:44:07+00:00\",\"dateModified\":\"2024-08-19T15:02:09+00:00\",\"description\":\"Suojaa kourusi DaRi-lehtisuojalla. Ehk\u00e4ise kourussa olevien lehtien aiheuttamat tukokset ja vesivahingot. Lue lis\u00e4\u00e4 nyt!\",\"breadcrumb\":{\"@id\":\"https:\\\/\\\/dari-system.com\\\/fi\\\/sadekourut-lehtisuoja\\\/#breadcrumb\"},\"inLanguage\":\"fi\",\"potentialAction\":[{\"@type\":\"ReadAction\",\"target\":[\"https:\\\/\\\/dari-system.com\\\/fi\\\/sadekourut-lehtisuoja\\\/\"]}]},{\"@type\":\"BreadcrumbList\",\"@id\":\"https:\\\/\\\/dari-system.com\\\/fi\\\/sadekourut-lehtisuoja\\\/#breadcrumb\",\"itemListElement\":[{\"@type\":\"ListItem\",\"position\":1,\"name\":\"Startseite\",\"item\":\"https:\\\/\\\/dari-system.com\\\/fi\\\/\"},{\"@type\":\"ListItem\",\"position\":2,\"name\":\"Sadekourut Lehtisuoja\"}]},{\"@type\":\"WebSite\",\"@id\":\"https:\\\/\\\/dari-system.com\\\/fi\\\/#website\",\"url\":\"https:\\\/\\\/dari-system.com\\\/fi\\\/\",\"name\":\"DaRi System\",\"description\":\"\",\"potentialAction\":[{\"@type\":\"SearchAction\",\"target\":{\"@type\":\"EntryPoint\",\"urlTemplate\":\"https:\\\/\\\/dari-system.com\\\/fi\\\/?s={search_term_string}\"},\"query-input\":{\"@type\":\"PropertyValueSpecification\",\"valueRequired\":true,\"valueName\":\"search_term_string\"}}],\"inLanguage\":\"fi\"}]}<\/script>\n<!-- \/ Yoast SEO plugin. -->","yoast_head_json":{"title":"DaRi kourun lehtisuoja - suojaa kourussa olevilta lehdilt\u00e4.","description":"Suojaa kourusi DaRi-lehtisuojalla. Ehk\u00e4ise kourussa olevien lehtien aiheuttamat tukokset ja vesivahingot. Lue lis\u00e4\u00e4 nyt!","robots":{"index":"index","follow":"follow","max-snippet":"max-snippet:-1","max-image-preview":"max-image-preview:large","max-video-preview":"max-video-preview:-1"},"canonical":"https:\/\/dari-system.com\/fi\/sadekourut-lehtisuoja\/","og_locale":"fi_FI","og_type":"article","og_title":"DaRi kourun lehtisuoja - suojaa kourussa olevilta lehdilt\u00e4.","og_description":"Suojaa kourusi DaRi-lehtisuojalla. Ehk\u00e4ise kourussa olevien lehtien aiheuttamat tukokset ja vesivahingot. Lue lis\u00e4\u00e4 nyt!","og_url":"https:\/\/dari-system.com\/fi\/sadekourut-lehtisuoja\/","og_site_name":"DaRi System","article_modified_time":"2024-08-19T15:02:09+00:00","twitter_card":"summary_large_image","twitter_misc":{"Arvioitu lukuaika":"5 minuuttia"},"schema":{"@context":"https:\/\/schema.org","@graph":[{"@type":"WebPage","@id":"https:\/\/dari-system.com\/fi\/sadekourut-lehtisuoja\/","url":"https:\/\/dari-system.com\/fi\/sadekourut-lehtisuoja\/","name":"DaRi kourun lehtisuoja - suojaa kourussa olevilta lehdilt\u00e4.","isPartOf":{"@id":"https:\/\/dari-system.com\/fi\/#website"},"datePublished":"2024-06-19T14:44:07+00:00","dateModified":"2024-08-19T15:02:09+00:00","description":"Suojaa kourusi DaRi-lehtisuojalla. Ehk\u00e4ise kourussa olevien lehtien aiheuttamat tukokset ja vesivahingot. Lue lis\u00e4\u00e4 nyt!","breadcrumb":{"@id":"https:\/\/dari-system.com\/fi\/sadekourut-lehtisuoja\/#breadcrumb"},"inLanguage":"fi","potentialAction":[{"@type":"ReadAction","target":["https:\/\/dari-system.com\/fi\/sadekourut-lehtisuoja\/"]}]},{"@type":"BreadcrumbList","@id":"https:\/\/dari-system.com\/fi\/sadekourut-lehtisuoja\/#breadcrumb","itemListElement":[{"@type":"ListItem","position":1,"name":"Startseite","item":"https:\/\/dari-system.com\/fi\/"},{"@type":"ListItem","position":2,"name":"Sadekourut Lehtisuoja"}]},{"@type":"WebSite","@id":"https:\/\/dari-system.com\/fi\/#website","url":"https:\/\/dari-system.com\/fi\/","name":"DaRi System","description":"","potentialAction":[{"@type":"SearchAction","target":{"@type":"EntryPoint","urlTemplate":"https:\/\/dari-system.com\/fi\/?s={search_term_string}"},"query-input":{"@type":"PropertyValueSpecification","valueRequired":true,"valueName":"search_term_string"}}],"inLanguage":"fi"}]}},"_links":{"self":[{"href":"https:\/\/dari-system.com\/fi\/wp-json\/wp\/v2\/pages\/25547619","targetHints":{"allow":["GET"]}}],"collection":[{"href":"https:\/\/dari-system.com\/fi\/wp-json\/wp\/v2\/pages"}],"about":[{"href":"https:\/\/dari-system.com\/fi\/wp-json\/wp\/v2\/types\/page"}],"author":[{"embeddable":true,"href":"https:\/\/dari-system.com\/fi\/wp-json\/wp\/v2\/users\/1"}],"replies":[{"embeddable":true,"href":"https:\/\/dari-system.com\/fi\/wp-json\/wp\/v2\/comments?post=25547619"}],"version-history":[{"count":2,"href":"https:\/\/dari-system.com\/fi\/wp-json\/wp\/v2\/pages\/25547619\/revisions"}],"predecessor-version":[{"id":25547623,"href":"https:\/\/dari-system.com\/fi\/wp-json\/wp\/v2\/pages\/25547619\/revisions\/25547623"}],"wp:attachment":[{"href":"https:\/\/dari-system.com\/fi\/wp-json\/wp\/v2\/media?parent=25547619"}],"wp:term":[{"taxonomy":"dipi_cpt_category","embeddable":true,"href":"https:\/\/dari-system.com\/fi\/wp-json\/wp\/v2\/dipi_cpt_category?post=25547619"}],"curies":[{"name":"wp","href":"https:\/\/api.w.org\/{rel}","templated":true}]}}