{"id":25547605,"date":"2024-06-19T09:58:35","date_gmt":"2024-06-19T09:58:35","guid":{"rendered":"https:\/\/dari-system.com\/kourun-suojus\/"},"modified":"2024-08-19T15:02:05","modified_gmt":"2024-08-19T15:02:05","slug":"kourun-suojus","status":"publish","type":"page","link":"https:\/\/dari-system.com\/fi\/kourun-suojus\/","title":{"rendered":"Kourun suojus"},"content":{"rendered":"<p>[et_pb_section fb_built=&#8221;1&#8243; fullwidth=&#8221;on&#8221; _builder_version=&#8221;4.25.0&#8243; _module_preset=&#8221;default&#8221; bottom_divider_color=&#8221;#FFFFFF&#8221; bottom_divider_height=&#8221;82px&#8221; bottom_divider_flip=&#8221;horizontal&#8221; locked=&#8221;off&#8221; global_colors_info=&#8221;{}&#8221;][et_pb_fullwidth_header title=&#8221;Kourun suojus  &#8221; subhead=&#8221;Paras suoja katollesi&#8221; _builder_version=&#8221;4.25.0&#8243; _module_preset=&#8221;default&#8221; title_font=&#8221;|800|||||||&#8221; title_font_size=&#8221;45px&#8221; background_image=&#8221;https:\/\/dari-system.com\/wp-content\/uploads\/2024\/05\/header_background.webp&#8221; background_position=&#8221;bottom_center&#8221; custom_padding=&#8221;8vh||8vh||true|false&#8221; title_font_size_tablet=&#8221;45px&#8221; title_font_size_phone=&#8221;29px&#8221; title_font_size_last_edited=&#8221;on|phone&#8221; content_font_size_tablet=&#8221;&#8221; content_font_size_phone=&#8221;17px&#8221; content_font_size_last_edited=&#8221;on|phone&#8221; global_colors_info=&#8221;{}&#8221;][\/et_pb_fullwidth_header][\/et_pb_section][et_pb_section fb_built=&#8221;1&#8243; _builder_version=&#8221;4.25.0&#8243; _module_preset=&#8221;default&#8221; custom_margin=&#8221;||0px||false|false&#8221; custom_padding=&#8221;||0px||false|false&#8221; global_colors_info=&#8221;{}&#8221;][et_pb_row column_structure=&#8221;1_2,1_2&#8243; _builder_version=&#8221;4.25.0&#8243; _module_preset=&#8221;default&#8221; global_colors_info=&#8221;{}&#8221;][et_pb_column type=&#8221;1_2&#8243; _builder_version=&#8221;4.25.0&#8243; _module_preset=&#8221;default&#8221; global_colors_info=&#8221;{}&#8221;][et_pb_text _builder_version=&#8221;4.25.0&#8243; _module_preset=&#8221;default&#8221; header_2_font=&#8221;|700|||||||&#8221; global_colors_info=&#8221;{}&#8221;]<\/p>\n<h2>Turvallinen kourujen suojus katollesi<\/h2>\n<p>Kourun suojus suojaa kourua tehokkaasti lehtien, neulasten, pienten oksien ja sammaleen aiheuttamilta tukoksilta.<br \/>\nIlman <strong>kourun suojusta<\/strong> jopa laatikkokourut voivat tukkeutua nopeasti.<br \/>\nJokainen kodinomistaja tuntee ongelman, joka liittyy puoliympyr\u00e4n muotoisten kourujen ja laatikkokourujen puhdistamiseen yh\u00e4 uudelleen ja uudelleen.<br \/>\nErityisesti syksyll\u00e4 kourut ja laatikkokourut tukkeutuvat nopeasti lehdist\u00e4.<br \/>\nTehokas kourunsuoja ei siis ainoastaan suojaa kourua tukkeutumiselta, vaan helpottaa my\u00f6s talon omistajan suojaamista, koska sadevesi ei valu tukkeutuneen kourun yli ja kastele talon sein\u00e4\u00e4.    <\/p>\n<p>[\/et_pb_text][\/et_pb_column][et_pb_column type=&#8221;1_2&#8243; _builder_version=&#8221;4.25.0&#8243; _module_preset=&#8221;default&#8221; global_colors_info=&#8221;{}&#8221;][et_pb_image src=&#8221;https:\/\/dari-system.com\/wp-content\/uploads\/2024\/06\/dachrinnenabdeckung.webp&#8221; alt=&#8221;Kattokourujen kansi&#8221; title_text=&#8221;Kourun suojus&#8221; _builder_version=&#8221;4.25.0&#8243; _module_preset=&#8221;default&#8221; custom_margin=&#8221;||5px||false|false&#8221; global_colors_info=&#8221;{}&#8221;][\/et_pb_image][et_pb_text _builder_version=&#8221;4.25.0&#8243; _module_preset=&#8221;default&#8221; custom_margin=&#8221;0px||||false|false&#8221; global_colors_info=&#8221;{}&#8221;]<\/p>\n<p style=\"text-align: center;\"><em>DaRi kattokourun kansi<\/em><\/p>\n<p>[\/et_pb_text][\/et_pb_column][\/et_pb_row][\/et_pb_section][et_pb_section fb_built=&#8221;1&#8243; _builder_version=&#8221;4.25.0&#8243; _module_preset=&#8221;default&#8221; custom_margin=&#8221;0px||||false|false&#8221; custom_padding=&#8221;0px||||false|false&#8221; global_colors_info=&#8221;{}&#8221;][et_pb_row _builder_version=&#8221;4.25.0&#8243; _module_preset=&#8221;default&#8221; global_colors_info=&#8221;{}&#8221;][et_pb_column type=&#8221;4_4&#8243; _builder_version=&#8221;4.25.0&#8243; _module_preset=&#8221;default&#8221; global_colors_info=&#8221;{}&#8221;][et_pb_text _builder_version=&#8221;4.25.0&#8243; _module_preset=&#8221;default&#8221; header_2_font=&#8221;|700|||||||&#8221; hover_enabled=&#8221;0&#8243; global_colors_info=&#8221;{}&#8221; sticky_enabled=&#8221;0&#8243;]<\/p>\n<h2>S\u00e4\u00e4st\u00e4\u00e4 kustannuksia ostamalla kourun suojuksen<\/h2>\n<p>Kourun tai laatikkokourun kourun suojuksen avulla voit s\u00e4\u00e4st\u00e4\u00e4 tehokkaasti kustannuksia.<br \/>\nT\u00e4m\u00e4 johtuu siit\u00e4, ett\u00e4 tukkeutunut kouru voi tulla hyvin kalliiksi, jos kouru valuu yli ja kastelee talon sein\u00e4n.<br \/>\nVesi voi my\u00f6s p\u00e4\u00e4st\u00e4 kellariin valokaivon kautta, jos kouru vuotaa yli.<br \/>\nV\u00e4lt\u00e4 t\u00e4m\u00e4 riski ja suojaa kouru kourun suojuksella.   <\/p>\n<h2>Parempaa el\u00e4m\u00e4nlaatua hyv\u00e4ll\u00e4 kourujen suojuksella<\/h2>\n<p>Hyv\u00e4n kourupeitteen ansiosta saat my\u00f6s parempaa el\u00e4m\u00e4nlaatua.<br \/>\nSill\u00e4 jos sinun ei en\u00e4\u00e4 tarvitse huolehtia kourun tai laatikkokourun tukkeutumisesta, voit l\u00e4hte\u00e4 syyslomalle mielenrauhassa. <\/p>\n<h2>Kiinnit\u00e4 huomiota kourun kannen laatuun<\/h2>\n<p>Jos etsit laadukasta kourunsuojaa, sinun on tarkistettava huolellisesti, t\u00e4ytt\u00e4\u00e4k\u00f6 kourunsuoja tarkoituksensa.<br \/>\nKiinnit\u00e4 siis huomiota kourun suojuksen laatuun.<br \/>\nTarjoamme laadukkaita kourunkansuojia puoliympyr\u00e4n muotoisiin ja laatikkokouruihin.<br \/>\nKourunkannet sopivat l\u00e4hes kaikkiin kouruihin.   <\/p>\n<h2>Hyv\u00e4 palvelu on eritt\u00e4in t\u00e4rke\u00e4\u00e4, kun ostat kourun suojuksen.<\/h2>\n<p>Saat meilt\u00e4 parasta palvelua.<br \/>\nVoit l\u00e4hett\u00e4\u00e4 meille valokuvia kourustasi tai laatikkokourustasi, ja me neuvomme sinua maksutta, mik\u00e4 kourun suojus sopii parhaiten kouruusi tai laatikkokouruusi.<br \/>\nVaikka asennuksen aikana ilmenisi ongelmia, olemme paikalla auttamassa ja neuvomassa.  <\/p>\n<h2>Suojaa kourusi kourusuojalla, jotta voit nauttia katostasi pitk\u00e4\u00e4n.<\/h2>\n<p>Kourun suojus s\u00e4\u00e4st\u00e4\u00e4 paljon ty\u00f6l\u00e4st\u00e4 ty\u00f6t\u00e4.<br \/>\nKorkeille tikkaille kiipe\u00e4minen useita kertoja vuodessa on paitsi ty\u00f6l\u00e4st\u00e4 my\u00f6s vaarallista.<br \/>\nMit\u00e4 vanhemmaksi tulet, sit\u00e4 enemm\u00e4n haluat v\u00e4ltt\u00e4\u00e4 t\u00e4t\u00e4 onnettomuusriski\u00e4.  <\/p>\n<h2>Takuu siit\u00e4, ett\u00e4 kouru ei en\u00e4\u00e4 tukkeudu.<\/h2>\n<p>Kun hankit kourunsuojuksen liikkeest\u00e4mme, saat meilt\u00e4 takuun siit\u00e4, ett\u00e4 lehdet eiv\u00e4t en\u00e4\u00e4 tuki kouruasi.<br \/>\nMist\u00e4 muualta saat t\u00e4llaisen takuun kourunsuojalle? <\/p>\n<p>T\u00e4m\u00e4 voisi kiinnostaa my\u00f6s sinua:<\/p>\n<ul>\n<li><a href=\"https:\/\/dari-system.com\/fi\/lehtisuoja-kouru\/\" title=\"Lehtisuoja kouru\"><a href=\"https:\/\/dari-system.com\/fi\/lehtisuoja-kouru\/\">Lehtisuoja kouruun<\/a><\/a><\/li>\n<li><a href=\"https:\/\/dari-system.com\/regenrinnen-laubschutz\/\" title=\"Sadekourut Lehtisuoja\"><a href=\"https:\/\/dari-system.com\/regenrinnen-laubschutz\/\">Sadekourut Lehtisuoja<\/a><\/a><\/li>\n<li><a href=\"https:\/\/dari-system.com\/fi\/lehtisuoja-kouru-2\/\" title=\"Lehtisuoja kouru\"><a href=\"https:\/\/dari-system.com\/fi\/lehtisuoja-kouru-2\/\">Lehtisuojaus kouruun<\/a><\/a><\/li>\n<li><a href=\"https:\/\/dari-system.com\/fi\/kourun-suojus\/\" title=\"Kourun suojus\"> <a href=\"https:\/\/dari-system.com\/fi\/kourun-suojus\/\"> Kourun suojus<\/a><\/a><\/li>\n<\/ul>\n<p>[\/et_pb_text][\/et_pb_column][\/et_pb_row][\/et_pb_section]<\/p>\n","protected":false},"excerpt":{"rendered":"<p>Turvallinen kourujen suojus katollesi Kourun suojus suojaa kourua tehokkaasti lehtien, neulasten, pienten oksien ja sammaleen aiheuttamilta tukoksilta. Ilman kourun suojusta jopa laatikkokourut voivat tukkeutua nopeasti. Jokainen kodinomistaja tuntee ongelman, joka liittyy puoliympyr\u00e4n muotoisten kourujen ja laatikkokourujen puhdistamiseen yh\u00e4 uudelleen ja uudelleen. Erityisesti syksyll\u00e4 kourut ja laatikkokourut tukkeutuvat nopeasti lehdist\u00e4. Tehokas kourunsuoja ei siis ainoastaan suojaa [&hellip;]<\/p>\n","protected":false},"author":1,"featured_media":0,"parent":0,"menu_order":0,"comment_status":"closed","ping_status":"closed","template":"","meta":{"_et_pb_use_builder":"on","_et_pb_old_content":"","_et_gb_content_width":"","iawp_total_views":45,"footnotes":""},"dipi_cpt_category":[],"class_list":["post-25547605","page","type-page","status-publish","hentry"],"yoast_head":"<!-- This site is optimized with the Yoast SEO plugin v27.2 - https:\/\/yoast.com\/product\/yoast-seo-wordpress\/ -->\n<title>DaRi kourun suojus - T\u00e4ydellinen suoja lehti\u00e4 vastaan<\/title>\n<meta name=\"description\" content=\"Lue lis\u00e4\u00e4 DaRi-kourunsuojuksesta ja suojaa kourusi lehdilt\u00e4 ja tukkeutumiselta. Annamme neuvoja\" \/>\n<meta name=\"robots\" content=\"index, follow, max-snippet:-1, max-image-preview:large, max-video-preview:-1\" \/>\n<link rel=\"canonical\" href=\"https:\/\/dari-system.com\/fi\/kourun-suojus\/\" \/>\n<meta property=\"og:locale\" content=\"fi_FI\" \/>\n<meta property=\"og:type\" content=\"article\" \/>\n<meta property=\"og:title\" content=\"DaRi kourun suojus - T\u00e4ydellinen suoja lehti\u00e4 vastaan\" \/>\n<meta property=\"og:description\" content=\"Lue lis\u00e4\u00e4 DaRi-kourunsuojuksesta ja suojaa kourusi lehdilt\u00e4 ja tukkeutumiselta. Annamme neuvoja\" \/>\n<meta property=\"og:url\" content=\"https:\/\/dari-system.com\/fi\/kourun-suojus\/\" \/>\n<meta property=\"og:site_name\" content=\"DaRi System\" \/>\n<meta property=\"article:modified_time\" content=\"2024-08-19T15:02:05+00:00\" \/>\n<meta name=\"twitter:card\" content=\"summary_large_image\" \/>\n<meta name=\"twitter:label1\" content=\"Arvioitu lukuaika\" \/>\n\t<meta name=\"twitter:data1\" content=\"3 minuuttia\" \/>\n<script type=\"application\/ld+json\" class=\"yoast-schema-graph\">{\"@context\":\"https:\/\/schema.org\",\"@graph\":[{\"@type\":\"WebPage\",\"@id\":\"https:\/\/dari-system.com\/fi\/kourun-suojus\/\",\"url\":\"https:\/\/dari-system.com\/fi\/kourun-suojus\/\",\"name\":\"DaRi kourun suojus - T\u00e4ydellinen suoja lehti\u00e4 vastaan\",\"isPartOf\":{\"@id\":\"https:\/\/dari-system.com\/fi\/#website\"},\"datePublished\":\"2024-06-19T09:58:35+00:00\",\"dateModified\":\"2024-08-19T15:02:05+00:00\",\"description\":\"Lue lis\u00e4\u00e4 DaRi-kourunsuojuksesta ja suojaa kourusi lehdilt\u00e4 ja tukkeutumiselta. Annamme neuvoja\",\"breadcrumb\":{\"@id\":\"https:\/\/dari-system.com\/fi\/kourun-suojus\/#breadcrumb\"},\"inLanguage\":\"fi\",\"potentialAction\":[{\"@type\":\"ReadAction\",\"target\":[\"https:\/\/dari-system.com\/fi\/kourun-suojus\/\"]}]},{\"@type\":\"BreadcrumbList\",\"@id\":\"https:\/\/dari-system.com\/fi\/kourun-suojus\/#breadcrumb\",\"itemListElement\":[{\"@type\":\"ListItem\",\"position\":1,\"name\":\"Startseite\",\"item\":\"https:\/\/dari-system.com\/fi\/\"},{\"@type\":\"ListItem\",\"position\":2,\"name\":\"Kourun suojus\"}]},{\"@type\":\"WebSite\",\"@id\":\"https:\/\/dari-system.com\/fi\/#website\",\"url\":\"https:\/\/dari-system.com\/fi\/\",\"name\":\"DaRi System\",\"description\":\"\",\"potentialAction\":[{\"@type\":\"SearchAction\",\"target\":{\"@type\":\"EntryPoint\",\"urlTemplate\":\"https:\/\/dari-system.com\/fi\/?s={search_term_string}\"},\"query-input\":{\"@type\":\"PropertyValueSpecification\",\"valueRequired\":true,\"valueName\":\"search_term_string\"}}],\"inLanguage\":\"fi\"}]}<\/script>\n<!-- \/ Yoast SEO plugin. -->","yoast_head_json":{"title":"DaRi kourun suojus - T\u00e4ydellinen suoja lehti\u00e4 vastaan","description":"Lue lis\u00e4\u00e4 DaRi-kourunsuojuksesta ja suojaa kourusi lehdilt\u00e4 ja tukkeutumiselta. Annamme neuvoja","robots":{"index":"index","follow":"follow","max-snippet":"max-snippet:-1","max-image-preview":"max-image-preview:large","max-video-preview":"max-video-preview:-1"},"canonical":"https:\/\/dari-system.com\/fi\/kourun-suojus\/","og_locale":"fi_FI","og_type":"article","og_title":"DaRi kourun suojus - T\u00e4ydellinen suoja lehti\u00e4 vastaan","og_description":"Lue lis\u00e4\u00e4 DaRi-kourunsuojuksesta ja suojaa kourusi lehdilt\u00e4 ja tukkeutumiselta. Annamme neuvoja","og_url":"https:\/\/dari-system.com\/fi\/kourun-suojus\/","og_site_name":"DaRi System","article_modified_time":"2024-08-19T15:02:05+00:00","twitter_card":"summary_large_image","twitter_misc":{"Arvioitu lukuaika":"3 minuuttia"},"schema":{"@context":"https:\/\/schema.org","@graph":[{"@type":"WebPage","@id":"https:\/\/dari-system.com\/fi\/kourun-suojus\/","url":"https:\/\/dari-system.com\/fi\/kourun-suojus\/","name":"DaRi kourun suojus - T\u00e4ydellinen suoja lehti\u00e4 vastaan","isPartOf":{"@id":"https:\/\/dari-system.com\/fi\/#website"},"datePublished":"2024-06-19T09:58:35+00:00","dateModified":"2024-08-19T15:02:05+00:00","description":"Lue lis\u00e4\u00e4 DaRi-kourunsuojuksesta ja suojaa kourusi lehdilt\u00e4 ja tukkeutumiselta. Annamme neuvoja","breadcrumb":{"@id":"https:\/\/dari-system.com\/fi\/kourun-suojus\/#breadcrumb"},"inLanguage":"fi","potentialAction":[{"@type":"ReadAction","target":["https:\/\/dari-system.com\/fi\/kourun-suojus\/"]}]},{"@type":"BreadcrumbList","@id":"https:\/\/dari-system.com\/fi\/kourun-suojus\/#breadcrumb","itemListElement":[{"@type":"ListItem","position":1,"name":"Startseite","item":"https:\/\/dari-system.com\/fi\/"},{"@type":"ListItem","position":2,"name":"Kourun suojus"}]},{"@type":"WebSite","@id":"https:\/\/dari-system.com\/fi\/#website","url":"https:\/\/dari-system.com\/fi\/","name":"DaRi System","description":"","potentialAction":[{"@type":"SearchAction","target":{"@type":"EntryPoint","urlTemplate":"https:\/\/dari-system.com\/fi\/?s={search_term_string}"},"query-input":{"@type":"PropertyValueSpecification","valueRequired":true,"valueName":"search_term_string"}}],"inLanguage":"fi"}]}},"_links":{"self":[{"href":"https:\/\/dari-system.com\/fi\/wp-json\/wp\/v2\/pages\/25547605","targetHints":{"allow":["GET"]}}],"collection":[{"href":"https:\/\/dari-system.com\/fi\/wp-json\/wp\/v2\/pages"}],"about":[{"href":"https:\/\/dari-system.com\/fi\/wp-json\/wp\/v2\/types\/page"}],"author":[{"embeddable":true,"href":"https:\/\/dari-system.com\/fi\/wp-json\/wp\/v2\/users\/1"}],"replies":[{"embeddable":true,"href":"https:\/\/dari-system.com\/fi\/wp-json\/wp\/v2\/comments?post=25547605"}],"version-history":[{"count":2,"href":"https:\/\/dari-system.com\/fi\/wp-json\/wp\/v2\/pages\/25547605\/revisions"}],"predecessor-version":[{"id":25547613,"href":"https:\/\/dari-system.com\/fi\/wp-json\/wp\/v2\/pages\/25547605\/revisions\/25547613"}],"wp:attachment":[{"href":"https:\/\/dari-system.com\/fi\/wp-json\/wp\/v2\/media?parent=25547605"}],"wp:term":[{"taxonomy":"dipi_cpt_category","embeddable":true,"href":"https:\/\/dari-system.com\/fi\/wp-json\/wp\/v2\/dipi_cpt_category?post=25547605"}],"curies":[{"name":"wp","href":"https:\/\/api.w.org\/{rel}","templated":true}]}}