{"id":25547598,"date":"2024-06-19T09:23:15","date_gmt":"2024-06-19T09:23:15","guid":{"rendered":"https:\/\/dari-system.com\/lehtisuoja-kouru-2\/"},"modified":"2024-08-19T15:02:03","modified_gmt":"2024-08-19T15:02:03","slug":"lehtisuoja-kouru-2","status":"publish","type":"page","link":"https:\/\/dari-system.com\/fi\/lehtisuoja-kouru-2\/","title":{"rendered":"Lehtisuoja kouru"},"content":{"rendered":"<p>[et_pb_section fb_built=&#8221;1&#8243; fullwidth=&#8221;on&#8221; _builder_version=&#8221;4.25.0&#8243; _module_preset=&#8221;default&#8221; bottom_divider_color=&#8221;#FFFFFF&#8221; bottom_divider_height=&#8221;82px&#8221; bottom_divider_flip=&#8221;horizontal&#8221; locked=&#8221;off&#8221; global_colors_info=&#8221;{}&#8221;][et_pb_fullwidth_header title=&#8221;Lehtisuoja kouru&#8221; subhead=&#8221;Jotta voit nukkua rauhassa&#8221; _builder_version=&#8221;4.25.0&#8243; _module_preset=&#8221;default&#8221; title_font=&#8221;|800|||||||&#8221; title_font_size=&#8221;45px&#8221; background_image=&#8221;https:\/\/dari-system.com\/wp-content\/uploads\/2024\/05\/header_background.webp&#8221; background_position=&#8221;bottom_center&#8221; custom_padding=&#8221;8vh||8vh||true|false&#8221; title_font_size_tablet=&#8221;45px&#8221; title_font_size_phone=&#8221;29px&#8221; title_font_size_last_edited=&#8221;on|phone&#8221; content_font_size_tablet=&#8221;&#8221; content_font_size_phone=&#8221;17px&#8221; content_font_size_last_edited=&#8221;on|phone&#8221; global_colors_info=&#8221;{}&#8221;][\/et_pb_fullwidth_header][\/et_pb_section][et_pb_section fb_built=&#8221;1&#8243; _builder_version=&#8221;4.25.0&#8243; _module_preset=&#8221;default&#8221; custom_margin=&#8221;||0px||false|false&#8221; custom_padding=&#8221;||0px||false|false&#8221; global_colors_info=&#8221;{}&#8221;][et_pb_row column_structure=&#8221;1_2,1_2&#8243; _builder_version=&#8221;4.25.0&#8243; _module_preset=&#8221;default&#8221; global_colors_info=&#8221;{}&#8221;][et_pb_column type=&#8221;1_2&#8243; _builder_version=&#8221;4.25.0&#8243; _module_preset=&#8221;default&#8221; global_colors_info=&#8221;{}&#8221;][et_pb_text _builder_version=&#8221;4.25.0&#8243; _module_preset=&#8221;default&#8221; header_2_font=&#8221;|700|||||||&#8221; global_colors_info=&#8221;{}&#8221;]<\/p>\n<h2><strong>Ihanteellinen lehtisuoja kouruusi<\/strong><\/h2>\n<p>Tunnetko my\u00f6s sen ongelman, ett\u00e4 sinulla on syksyisin unettomia \u00f6it\u00e4, koska olet huolissasi siit\u00e4, ett\u00e4 kourusi tai laatikkokourusi saattaa tukkeutua lehdist\u00e4 ja valua yli sateen sattuessa?<br \/>\nT\u00e4m\u00e4 on luultavasti tuttua jokaiselle kodinomistajalle.<br \/>\nSiksi haluat kouruusi tai laatikkokouruusi lehtisuojan, jotta voit taas nukkua rauhassa.<br \/>\nKourun lehtisuoja voi nimitt\u00e4in tehokkaasti est\u00e4\u00e4 lehtien, sammaleen, pienten oksien tai neulasten putoamisen kouruun tai laatikkokouruun.<br \/>\n <strong>Lehtisuoja kouruun<\/strong> on erityisen tehokas ratkaisu, jolla s\u00e4\u00e4st\u00e4t itselt\u00e4si paljon ty\u00f6t\u00e4.    <\/p>\n<p>[\/et_pb_text][\/et_pb_column][et_pb_column type=&#8221;1_2&#8243; _builder_version=&#8221;4.25.0&#8243; _module_preset=&#8221;default&#8221; global_colors_info=&#8221;{}&#8221;][et_pb_image src=&#8221;https:\/\/dari-system.com\/wp-content\/uploads\/2024\/06\/laubschutz-dachrinne.webp&#8221; alt=&#8221;Lehtisuoja kouru&#8221; title_text=&#8221;lehtisuoja kouru&#8221; _builder_version=&#8221;4.25.0&#8243; _module_preset=&#8221;default&#8221; custom_margin=&#8221;||5px||false|false&#8221; global_colors_info=&#8221;{}&#8221;][\/et_pb_image][et_pb_text _builder_version=&#8221;4.25.0&#8243; _module_preset=&#8221;default&#8221; custom_margin=&#8221;0px||||false|false&#8221; global_colors_info=&#8221;{}&#8221;]<\/p>\n<p style=\"text-align: center;\"><em>DaRi-System lehtisuojakouru<\/em><\/p>\n<p>[\/et_pb_text][\/et_pb_column][\/et_pb_row][\/et_pb_section][et_pb_section fb_built=&#8221;1&#8243; _builder_version=&#8221;4.25.0&#8243; _module_preset=&#8221;default&#8221; custom_margin=&#8221;0px||||false|false&#8221; custom_padding=&#8221;0px||||false|false&#8221; global_colors_info=&#8221;{}&#8221;][et_pb_row _builder_version=&#8221;4.25.0&#8243; _module_preset=&#8221;default&#8221; global_colors_info=&#8221;{}&#8221;][et_pb_column type=&#8221;4_4&#8243; _builder_version=&#8221;4.25.0&#8243; _module_preset=&#8221;default&#8221; global_colors_info=&#8221;{}&#8221;][et_pb_text _builder_version=&#8221;4.25.0&#8243; _module_preset=&#8221;default&#8221; header_2_font=&#8221;|700|||||||&#8221; hover_enabled=&#8221;0&#8243; global_colors_info=&#8221;{}&#8221; sticky_enabled=&#8221;0&#8243;]<\/p>\n<h2>Lehtisuojaus kouruun &#8211; ei ylellisyytt\u00e4, vaan v\u00e4ltt\u00e4m\u00e4t\u00f6n jokaisessa kourussa.<\/h2>\n<p>Lehtisuoja kouruusi ei ole ylellisyytt\u00e4.<br \/>\nJos mietit, kuinka paljon vaivaa joudut n\u00e4kem\u00e4\u00e4n kourun puhdistamiseen useita kertoja vuodessa, voit helpottaa el\u00e4m\u00e4\u00e4si asentamalla lehtisuojan kouruun tai laatikkokouruun.<br \/>\nT\u00e4m\u00e4 johtuu siit\u00e4, ett\u00e4 kourun puhdistaminen on paitsi ty\u00f6l\u00e4st\u00e4 my\u00f6s vaarallista.<br \/>\nMit\u00e4 vanhemmaksi tulet, sit\u00e4 suurempi on onnettomuusriski.<br \/>\nLoppujen lopuksi kouru on useita metrej\u00e4 maanpinnan yl\u00e4puolella.<br \/>\nKourun lehtisuojalla s\u00e4\u00e4styt ep\u00e4miellytt\u00e4v\u00e4lt\u00e4 askareelta ja v\u00e4henn\u00e4t onnettomuusriski\u00e4 sek\u00e4 teet jotain terveydellesi.<br \/>\nTalvihuoneiden, katosten ja parvekkeiden kouruja ei useinkaan ole standardoitu.<br \/>\nNiihin asennetaan yleens\u00e4 kapeat laatikkokourut.<br \/>\nLehtisuojan l\u00f6yt\u00e4minen kouruun ei ole t\u00e4\u00e4lt\u00e4 kovin helppoa.<br \/>\nValikoimastamme l\u00f6ytyy kuitenkin lehtisuojia paitsi tavallisiin, puoliympyr\u00e4n muotoisiin kouruihin my\u00f6s eri levyisiin laatikkokouruihin.<br \/>\nN\u00e4in voit suojata my\u00f6s kapeat laatikkokourut tukkeutumiselta.          <\/p>\n<h2>Osta vain korkealaatuista lehtisuojaa kouruun<\/h2>\n<p>Jos todella etsit laadukasta ja kest\u00e4v\u00e4\u00e4 lehtisuojaa kouruusi, olet tullut oikeaan paikkaan.<br \/>\nOlemme k\u00e4sitelleet kourujen ja laatikkokourujen lehtisuojausta jo 20 vuoden ajan ja etsimme aina parhaita ratkaisuja asiakkaillemme.<br \/>\nOlemme alan ehdottomia asiantuntijoita, ja yrityksemme kourujen lehtisuoja on laadultaan ja kest\u00e4vyydelt\u00e4\u00e4n huippuluokkaa.  <\/p>\n<h2><em>Palvelu<\/em> on meille ykk\u00f6sprioriteetti.<br \/>\nMy\u00f6s kourujen lehtisuojaukseen <\/h2>\n<p>Olemme olleet asiantuntijoita kaikentyyppisiss\u00e4 kourujen lehtisuojissa jo 20 vuoden ajan.<br \/>\nOlemme suunnitelleet ja testanneet kaikki j\u00e4rjestelm\u00e4t, ja ne valmistetaan nyt Saksassa.<br \/>\nVoit l\u00e4hett\u00e4\u00e4 meille mielell\u00e4\u00e4n kuvia kourustasi, niin neuvomme sinua maksutta, mik\u00e4 kourun tai laatikkokourun lehtisuoja on sinulle sopivin.  <\/p>\n<h2>S\u00e4\u00e4st\u00e4 rahaa kourun lehtisuojalla<\/h2>\n<p>Oletko koskaan miettinyt, mit\u00e4 voi tapahtua, jos kourusi tukkeutuu ja vuotaa yli sateella?<br \/>\nJopa kellarisi voi t\u00e4ytty\u00e4 vedell\u00e4 valokaivon kautta.<br \/>\nLehtisuoja kouruun est\u00e4\u00e4 t\u00e4m\u00e4n riskin ja s\u00e4\u00e4st\u00e4\u00e4 paljon rahaa.<\/p>\n<p>Loppujen lopuksi kourun lehtisuoja on kertaluonteinen investointi, ja saat katollesi rauhaa ja hiljaisuutta pitk\u00e4ll\u00e4 aikav\u00e4lill\u00e4. Kourun lehtisuoja helpottaa el\u00e4m\u00e4\u00e4si Kourun lehtisuojan tai laatikkokourun avulla voit l\u00e4hte\u00e4 syksyll\u00e4 lomalle ilman, ett\u00e4 sinun tarvitsee huolehtia kourun tukkeutumisesta.<br \/>\nEl\u00e4m\u00e4si on helpompaa ja voit keskitty\u00e4 miellytt\u00e4v\u00e4mpiin asioihin, kun tied\u00e4t, ett\u00e4 kourusi on pysyv\u00e4sti suojattu lehtisuojalla.    <\/p>\n<p>T\u00e4m\u00e4 voisi kiinnostaa my\u00f6s sinua:<\/p>\n<ul>\n<li><a href=\"https:\/\/dari-system.com\/fi\/lehtisuoja-kouru\/\" title=\"Lehtisuoja kouru\"><a href=\"https:\/\/dari-system.com\/fi\/lehtisuoja-kouru\/\">Lehtisuoja kouruun<\/a><\/a><\/li>\n<li><a href=\"https:\/\/dari-system.com\/regenrinnen-laubschutz\/\" title=\"Sadekourut Lehtisuoja\"><a href=\"https:\/\/dari-system.com\/regenrinnen-laubschutz\/\">Sadekourut Lehtisuoja<\/a><\/a><\/li>\n<li><a href=\"https:\/\/dari-system.com\/fi\/lehtisuoja-kouru-2\/\" title=\"Lehtisuoja kouru\"><a href=\"https:\/\/dari-system.com\/fi\/lehtisuoja-kouru-2\/\">Lehtisuojaus kouruun<\/a><\/a><\/li>\n<li><a href=\"https:\/\/dari-system.com\/dachrinnenabdeckung\/\" title=\"Kourun suojus\"> <a href=\"https:\/\/dari-system.com\/dachrinnenabdeckung\/\"> Kourun suojus <\/a> <\/a><\/li>\n<\/ul>\n<p>[\/et_pb_text][\/et_pb_column][\/et_pb_row][\/et_pb_section]<\/p>\n","protected":false},"excerpt":{"rendered":"<p>Ihanteellinen lehtisuoja kouruusi Tunnetko my\u00f6s sen ongelman, ett\u00e4 sinulla on syksyisin unettomia \u00f6it\u00e4, koska olet huolissasi siit\u00e4, ett\u00e4 kourusi tai laatikkokourusi saattaa tukkeutua lehdist\u00e4 ja valua yli sateen sattuessa? T\u00e4m\u00e4 on luultavasti tuttua jokaiselle kodinomistajalle. Siksi haluat kouruusi tai laatikkokouruusi lehtisuojan, jotta voit taas nukkua rauhassa. Kourun lehtisuoja voi nimitt\u00e4in tehokkaasti est\u00e4\u00e4 lehtien, sammaleen, pienten [&hellip;]<\/p>\n","protected":false},"author":1,"featured_media":0,"parent":0,"menu_order":0,"comment_status":"closed","ping_status":"closed","template":"","meta":{"_et_pb_use_builder":"on","_et_pb_old_content":"","_et_gb_content_width":"","iawp_total_views":3,"footnotes":""},"dipi_cpt_category":[],"class_list":["post-25547598","page","type-page","status-publish","hentry"],"yoast_head":"<!-- This site is optimized with the Yoast SEO plugin v27.2 - https:\/\/yoast.com\/product\/yoast-seo-wordpress\/ -->\n<title>Optimaalinen lehtisuojaus kouruillesi DaRi-Systemilta<\/title>\n<meta name=\"description\" content=\"DaRi turvaa kourusi laadukkaalla lehtisuojalla. Ei en\u00e4\u00e4 \u00e4rsytt\u00e4v\u00e4\u00e4 lehtien poistamista. Lue lis\u00e4\u00e4!\" \/>\n<meta name=\"robots\" content=\"index, follow, max-snippet:-1, max-image-preview:large, max-video-preview:-1\" \/>\n<link rel=\"canonical\" href=\"https:\/\/dari-system.com\/fi\/lehtisuoja-kouru-2\/\" \/>\n<meta property=\"og:locale\" content=\"fi_FI\" \/>\n<meta property=\"og:type\" content=\"article\" \/>\n<meta property=\"og:title\" content=\"Optimaalinen lehtisuojaus kouruillesi DaRi-Systemilta\" \/>\n<meta property=\"og:description\" content=\"DaRi turvaa kourusi laadukkaalla lehtisuojalla. Ei en\u00e4\u00e4 \u00e4rsytt\u00e4v\u00e4\u00e4 lehtien poistamista. Lue lis\u00e4\u00e4!\" \/>\n<meta property=\"og:url\" content=\"https:\/\/dari-system.com\/fi\/lehtisuoja-kouru-2\/\" \/>\n<meta property=\"og:site_name\" content=\"DaRi System\" \/>\n<meta property=\"article:modified_time\" content=\"2024-08-19T15:02:03+00:00\" \/>\n<meta name=\"twitter:card\" content=\"summary_large_image\" \/>\n<meta name=\"twitter:label1\" content=\"Arvioitu lukuaika\" \/>\n\t<meta name=\"twitter:data1\" content=\"4 minuuttia\" \/>\n<script type=\"application\/ld+json\" class=\"yoast-schema-graph\">{\"@context\":\"https:\/\/schema.org\",\"@graph\":[{\"@type\":\"WebPage\",\"@id\":\"https:\/\/dari-system.com\/fi\/lehtisuoja-kouru-2\/\",\"url\":\"https:\/\/dari-system.com\/fi\/lehtisuoja-kouru-2\/\",\"name\":\"Optimaalinen lehtisuojaus kouruillesi DaRi-Systemilta\",\"isPartOf\":{\"@id\":\"https:\/\/dari-system.com\/fi\/#website\"},\"datePublished\":\"2024-06-19T09:23:15+00:00\",\"dateModified\":\"2024-08-19T15:02:03+00:00\",\"description\":\"DaRi turvaa kourusi laadukkaalla lehtisuojalla. Ei en\u00e4\u00e4 \u00e4rsytt\u00e4v\u00e4\u00e4 lehtien poistamista. Lue lis\u00e4\u00e4!\",\"breadcrumb\":{\"@id\":\"https:\/\/dari-system.com\/fi\/lehtisuoja-kouru-2\/#breadcrumb\"},\"inLanguage\":\"fi\",\"potentialAction\":[{\"@type\":\"ReadAction\",\"target\":[\"https:\/\/dari-system.com\/fi\/lehtisuoja-kouru-2\/\"]}]},{\"@type\":\"BreadcrumbList\",\"@id\":\"https:\/\/dari-system.com\/fi\/lehtisuoja-kouru-2\/#breadcrumb\",\"itemListElement\":[{\"@type\":\"ListItem\",\"position\":1,\"name\":\"Startseite\",\"item\":\"https:\/\/dari-system.com\/fi\/\"},{\"@type\":\"ListItem\",\"position\":2,\"name\":\"Lehtisuoja kouru\"}]},{\"@type\":\"WebSite\",\"@id\":\"https:\/\/dari-system.com\/fi\/#website\",\"url\":\"https:\/\/dari-system.com\/fi\/\",\"name\":\"DaRi System\",\"description\":\"\",\"potentialAction\":[{\"@type\":\"SearchAction\",\"target\":{\"@type\":\"EntryPoint\",\"urlTemplate\":\"https:\/\/dari-system.com\/fi\/?s={search_term_string}\"},\"query-input\":{\"@type\":\"PropertyValueSpecification\",\"valueRequired\":true,\"valueName\":\"search_term_string\"}}],\"inLanguage\":\"fi\"}]}<\/script>\n<!-- \/ Yoast SEO plugin. -->","yoast_head_json":{"title":"Optimaalinen lehtisuojaus kouruillesi DaRi-Systemilta","description":"DaRi turvaa kourusi laadukkaalla lehtisuojalla. Ei en\u00e4\u00e4 \u00e4rsytt\u00e4v\u00e4\u00e4 lehtien poistamista. Lue lis\u00e4\u00e4!","robots":{"index":"index","follow":"follow","max-snippet":"max-snippet:-1","max-image-preview":"max-image-preview:large","max-video-preview":"max-video-preview:-1"},"canonical":"https:\/\/dari-system.com\/fi\/lehtisuoja-kouru-2\/","og_locale":"fi_FI","og_type":"article","og_title":"Optimaalinen lehtisuojaus kouruillesi DaRi-Systemilta","og_description":"DaRi turvaa kourusi laadukkaalla lehtisuojalla. Ei en\u00e4\u00e4 \u00e4rsytt\u00e4v\u00e4\u00e4 lehtien poistamista. Lue lis\u00e4\u00e4!","og_url":"https:\/\/dari-system.com\/fi\/lehtisuoja-kouru-2\/","og_site_name":"DaRi System","article_modified_time":"2024-08-19T15:02:03+00:00","twitter_card":"summary_large_image","twitter_misc":{"Arvioitu lukuaika":"4 minuuttia"},"schema":{"@context":"https:\/\/schema.org","@graph":[{"@type":"WebPage","@id":"https:\/\/dari-system.com\/fi\/lehtisuoja-kouru-2\/","url":"https:\/\/dari-system.com\/fi\/lehtisuoja-kouru-2\/","name":"Optimaalinen lehtisuojaus kouruillesi DaRi-Systemilta","isPartOf":{"@id":"https:\/\/dari-system.com\/fi\/#website"},"datePublished":"2024-06-19T09:23:15+00:00","dateModified":"2024-08-19T15:02:03+00:00","description":"DaRi turvaa kourusi laadukkaalla lehtisuojalla. Ei en\u00e4\u00e4 \u00e4rsytt\u00e4v\u00e4\u00e4 lehtien poistamista. Lue lis\u00e4\u00e4!","breadcrumb":{"@id":"https:\/\/dari-system.com\/fi\/lehtisuoja-kouru-2\/#breadcrumb"},"inLanguage":"fi","potentialAction":[{"@type":"ReadAction","target":["https:\/\/dari-system.com\/fi\/lehtisuoja-kouru-2\/"]}]},{"@type":"BreadcrumbList","@id":"https:\/\/dari-system.com\/fi\/lehtisuoja-kouru-2\/#breadcrumb","itemListElement":[{"@type":"ListItem","position":1,"name":"Startseite","item":"https:\/\/dari-system.com\/fi\/"},{"@type":"ListItem","position":2,"name":"Lehtisuoja kouru"}]},{"@type":"WebSite","@id":"https:\/\/dari-system.com\/fi\/#website","url":"https:\/\/dari-system.com\/fi\/","name":"DaRi System","description":"","potentialAction":[{"@type":"SearchAction","target":{"@type":"EntryPoint","urlTemplate":"https:\/\/dari-system.com\/fi\/?s={search_term_string}"},"query-input":{"@type":"PropertyValueSpecification","valueRequired":true,"valueName":"search_term_string"}}],"inLanguage":"fi"}]}},"_links":{"self":[{"href":"https:\/\/dari-system.com\/fi\/wp-json\/wp\/v2\/pages\/25547598","targetHints":{"allow":["GET"]}}],"collection":[{"href":"https:\/\/dari-system.com\/fi\/wp-json\/wp\/v2\/pages"}],"about":[{"href":"https:\/\/dari-system.com\/fi\/wp-json\/wp\/v2\/types\/page"}],"author":[{"embeddable":true,"href":"https:\/\/dari-system.com\/fi\/wp-json\/wp\/v2\/users\/1"}],"replies":[{"embeddable":true,"href":"https:\/\/dari-system.com\/fi\/wp-json\/wp\/v2\/comments?post=25547598"}],"version-history":[{"count":2,"href":"https:\/\/dari-system.com\/fi\/wp-json\/wp\/v2\/pages\/25547598\/revisions"}],"predecessor-version":[{"id":25547601,"href":"https:\/\/dari-system.com\/fi\/wp-json\/wp\/v2\/pages\/25547598\/revisions\/25547601"}],"wp:attachment":[{"href":"https:\/\/dari-system.com\/fi\/wp-json\/wp\/v2\/media?parent=25547598"}],"wp:term":[{"taxonomy":"dipi_cpt_category","embeddable":true,"href":"https:\/\/dari-system.com\/fi\/wp-json\/wp\/v2\/dipi_cpt_category?post=25547598"}],"curies":[{"name":"wp","href":"https:\/\/api.w.org\/{rel}","templated":true}]}}