{"id":25547587,"date":"2024-06-19T09:05:14","date_gmt":"2024-06-19T09:05:14","guid":{"rendered":"https:\/\/dari-system.com\/lehtisuoja-kouru\/"},"modified":"2024-08-19T15:01:58","modified_gmt":"2024-08-19T15:01:58","slug":"lehtisuoja-kouru","status":"publish","type":"page","link":"https:\/\/dari-system.com\/fi\/lehtisuoja-kouru\/","title":{"rendered":"Lehtisuoja kouru"},"content":{"rendered":"<p>[et_pb_section fb_built=&#8221;1&#8243; fullwidth=&#8221;on&#8221; _builder_version=&#8221;4.25.0&#8243; _module_preset=&#8221;default&#8221; bottom_divider_color=&#8221;#FFFFFF&#8221; bottom_divider_height=&#8221;82px&#8221; bottom_divider_flip=&#8221;horizontal&#8221; locked=&#8221;off&#8221; global_colors_info=&#8221;{}&#8221;][et_pb_fullwidth_header title=&#8221;Lehtisuoja kouru&#8221; subhead=&#8221;Mit\u00e4 jokainen kodinomistaja tarvitsee&#8221; _builder_version=&#8221;4.25.0&#8243; _module_preset=&#8221;default&#8221; title_font=&#8221;|800|||||||&#8221; title_font_size=&#8221;45px&#8221; background_image=&#8221;https:\/\/dari-system.com\/wp-content\/uploads\/2024\/05\/header_background.webp&#8221; background_position=&#8221;bottom_center&#8221; custom_padding=&#8221;8vh||8vh||true|false&#8221; title_font_size_tablet=&#8221;45px&#8221; title_font_size_phone=&#8221;29px&#8221; title_font_size_last_edited=&#8221;on|phone&#8221; content_font_size_tablet=&#8221;&#8221; content_font_size_phone=&#8221;17px&#8221; content_font_size_last_edited=&#8221;on|phone&#8221; global_colors_info=&#8221;{}&#8221;][\/et_pb_fullwidth_header][\/et_pb_section][et_pb_section fb_built=&#8221;1&#8243; _builder_version=&#8221;4.25.0&#8243; _module_preset=&#8221;default&#8221; custom_margin=&#8221;||0px||false|false&#8221; custom_padding=&#8221;||0px||false|false&#8221; global_colors_info=&#8221;{}&#8221;][et_pb_row column_structure=&#8221;1_2,1_2&#8243; _builder_version=&#8221;4.25.0&#8243; _module_preset=&#8221;default&#8221; global_colors_info=&#8221;{}&#8221;][et_pb_column type=&#8221;1_2&#8243; _builder_version=&#8221;4.25.0&#8243; _module_preset=&#8221;default&#8221; global_colors_info=&#8221;{}&#8221;][et_pb_text _builder_version=&#8221;4.25.0&#8243; _module_preset=&#8221;default&#8221; header_2_font=&#8221;|700|||||||&#8221; global_colors_info=&#8221;{}&#8221;]<\/p>\n<h2><strong>T\u00e4ydellinen lehtisieppari kouruun<\/strong><\/h2>\n<p>Jokainen kodinomistaja tuntee kourun tukkeutumisriskin, jonka aiheuttavat lehdet, neulaset, sammal, pienet oksat, kuolleet linnut tai ilotulitteet.<br \/>\n <strong>Lehtisuoja kouruun<\/strong>, olipa se sitten puoliympyr\u00e4n muotoinen tai laatikkokouru, on monessa suhteessa k\u00e4yt\u00e4nn\u00f6ss\u00e4 v\u00e4ltt\u00e4m\u00e4t\u00f6n.<br \/>\nTalon ja puutarhan ymp\u00e4rill\u00e4 on luultavasti vain harvoja t\u00f6it\u00e4, joita ihmiset haluavat lyk\u00e4t\u00e4 niin paljon kuin kourun puhdistamista.<br \/>\nOn ty\u00f6l\u00e4st\u00e4 ottaa tikkaat esiin ja kiivet\u00e4 katolle useita kertoja vuodessa, ja lis\u00e4ksi on vaarallista seist\u00e4 pitkill\u00e4, heiluvilla tikkailla ja puhdistaa kourua.<br \/>\nLehtisuoja kouruun tai laatikkokouruun tarjoaa t\u00e4ydellisen ratkaisun.<br \/>\nLehtisieppari kouruun s\u00e4\u00e4st\u00e4\u00e4 arvokasta aikaa.<br \/>\nJos lehdet tukkivat kourun, sadevesi ker\u00e4\u00e4ntyy ja voi valua kourun yli ja kastella talon sein\u00e4t.<br \/>\nN\u00e4in voi tapahtua my\u00f6s laatikkokourussa.<br \/>\nSiksi lehtisuoja on jokaisen kodinomistajan MUST.        <\/p>\n<p>[\/et_pb_text][\/et_pb_column][et_pb_column type=&#8221;1_2&#8243; _builder_version=&#8221;4.25.0&#8243; _module_preset=&#8221;default&#8221; global_colors_info=&#8221;{}&#8221;][et_pb_image src=&#8221;https:\/\/dari-system.com\/wp-content\/uploads\/2024\/06\/laubfang-dachrinne.webp&#8221; alt=&#8221;Lehtisuoja kouru&#8221; title_text=&#8221;lehtisuoja kouru&#8221; _builder_version=&#8221;4.25.0&#8243; _module_preset=&#8221;default&#8221; custom_margin=&#8221;||5px||false|false&#8221; global_colors_info=&#8221;{}&#8221;][\/et_pb_image][et_pb_text _builder_version=&#8221;4.25.0&#8243; _module_preset=&#8221;default&#8221; custom_margin=&#8221;0px||||false|false&#8221; global_colors_info=&#8221;{}&#8221;]<\/p>\n<p style=\"text-align: center;\"><em>Lehtisuojakouru DaRi-Systemilt\u00e4<\/em><\/p>\n<p>[\/et_pb_text][\/et_pb_column][\/et_pb_row][\/et_pb_section][et_pb_section fb_built=&#8221;1&#8243; _builder_version=&#8221;4.25.0&#8243; _module_preset=&#8221;default&#8221; custom_margin=&#8221;0px||||false|false&#8221; custom_padding=&#8221;0px||||false|false&#8221; global_colors_info=&#8221;{}&#8221;][et_pb_row _builder_version=&#8221;4.25.0&#8243; _module_preset=&#8221;default&#8221; global_colors_info=&#8221;{}&#8221;][et_pb_column type=&#8221;4_4&#8243; _builder_version=&#8221;4.25.0&#8243; _module_preset=&#8221;default&#8221; global_colors_info=&#8221;{}&#8221;][et_pb_text _builder_version=&#8221;4.25.0&#8243; _module_preset=&#8221;default&#8221; header_2_font=&#8221;|800|||||||&#8221; hover_enabled=&#8221;0&#8243; global_colors_info=&#8221;{}&#8221; sticky_enabled=&#8221;0&#8243;]<\/p>\n<h2><strong>Tarjoamme t\u00e4ydellisen lehtisuojan kouruihin ja laatikkokouruihin.<\/strong><\/h2>\n<p>Jos etsit t\u00e4ydellist\u00e4 lehtisuojaa kouruusi, olet tullut oikeaan paikkaan.<br \/>\nMeill\u00e4 on oikea ratkaisu jokaiseen kouruun.<br \/>\nRiippumatta siit\u00e4, etsitk\u00f6 lehtisuojaa puolipy\u00f6re\u00e4\u00e4n kouruun vai laatikkokouruun.<br \/>\nErityisesti laatikkokouruille kehitetty lehtisuojamme voidaan sovittaa eri levyisiin kouruihin ja on siksi ainutlaatuinen.<br \/>\nLaatikkokourujen lehtisuojus soveltuu siksi erinomaisesti katosten, parvekkeiden ja talvihuoneiden laatikkokouruihin.<br \/>\nN\u00e4ihin asennetaan yleens\u00e4 ei-standardoituja kouruja.<br \/>\nT\u00e4m\u00e4 ei kuitenkaan ole ongelma lehtisuojaj\u00e4rjestelm\u00e4llemme.      <\/p>\n<h2><strong>Korkein laatu ja paras palvelu<\/strong><\/h2>\n<p>Olemme yli 20 vuoden ajan tutkineet, miten suojata kourut lehtien aiheuttamilta tukoksilta, ja kehitt\u00e4neet korkealaatuisia tuotteita, jotka valmistetaan Saksassa.<br \/>\nOdotamme innolla jokaista kysely\u00e4.<br \/>\nL\u00e4het\u00e4 meille kuva kourustasi, niin annamme sinulle maksutta neuvoja siit\u00e4, mik\u00e4 lehtisieppoj\u00e4rjestelm\u00e4 sopii parhaiten kouruusi tai laatikkokouruusi.<br \/>\nT\u00e4m\u00e4 kaikki on osa kourujen lehtisiepparien kokonaisvaltaista palvelua.<br \/>\nToimitamme DaRi-j\u00e4rjestelm\u00e4n asiakkaillemme ymp\u00e4ri Eurooppaa mahdollisimman nopeasti.<br \/>\nDaRi-j\u00e4rjestelm\u00e4 t\u00e4ytt\u00e4\u00e4 korkeimmat laatuvaatimukset ja takaa pitk\u00e4n k\u00e4ytt\u00f6i\u00e4n.<br \/>\nTakaamme my\u00f6s, ett\u00e4 lehdet eiv\u00e4t en\u00e4\u00e4 tukkeudu kouruun DaRi-j\u00e4rjestelm\u00e4n lehtisuojan avulla.      <\/p>\n<h2><strong>Kourujen lehtisuojien edut:<\/strong><\/h2>\n<ul>\n<li><strong>Est\u00e4 tukokset:<\/strong> Lehtisiepparit est\u00e4v\u00e4t lehtien, oksien ja muiden roskien joutumisen kouruihin, mik\u00e4 est\u00e4\u00e4 tukkeutumisen.<\/li>\n<li><strong>Pitk\u00e4ik\u00e4isyys paranee:<\/strong> Kun tukoksia v\u00e4hennet\u00e4\u00e4n, kouruihin kohdistuvat vauriot, kuten ruoste ja korroosio, j\u00e4\u00e4v\u00e4t mahdollisimman v\u00e4h\u00e4isiksi, mik\u00e4 pident\u00e4\u00e4 niiden k\u00e4ytt\u00f6ik\u00e4\u00e4.<\/li>\n<li><strong>Parempi vedenpoisto:<\/strong> Lehtisiepparit mahdollistavat paremman vedenpoiston, koska vesi voi virrata vapaasti kourun l\u00e4pi ilman esteit\u00e4.<\/li>\n<li><strong>V\u00e4hemm\u00e4n huoltot\u00f6it\u00e4:<\/strong> DaRi-j\u00e4rjestelm\u00e4n ansiosta kouruja on puhdistettava harvemmin, mik\u00e4 v\u00e4hent\u00e4\u00e4 huoltot\u00f6it\u00e4 ja s\u00e4\u00e4st\u00e4\u00e4 aikaa.<\/li>\n<li><strong>Suojaa rakennuksen vaurioilta:<\/strong> Tukkeutuneet kourut voivat aiheuttaa vesivahinkoja rakennuksen julkisivulle, perustuksille ja kattoalueelle.<br \/>\nLehtikourut suojaavat t\u00e4llaisilta vaurioilta. <\/li>\n<li><strong>Parempi estetiikka:<\/strong> Puhtaat kourut, joissa ei ole n\u00e4kyvi\u00e4 saostumia<strong>,<\/strong> parantavat rakennuksen esteettist\u00e4 ilmett\u00e4<strong>.<\/strong> <\/li>\n<li><strong>Ymp\u00e4rist\u00f6yst\u00e4v\u00e4llisyys:<\/strong> Est\u00e4m\u00e4ll\u00e4 tukoksia ja niist\u00e4 aiheutuvia vaurioita DaRi-j\u00e4rjestelm\u00e4 auttaa v\u00e4hent\u00e4m\u00e4\u00e4n korjaus- ja vaihtotarvetta, mik\u00e4 s\u00e4\u00e4st\u00e4\u00e4 resursseja ja energiaa.<br \/>\nDaRi-j\u00e4rjestelm\u00e4 on t\u00e4ysin kierr\u00e4tett\u00e4viss\u00e4. <\/li>\n<\/ul>\n<p>T\u00e4m\u00e4 voisi kiinnostaa my\u00f6s sinua:<\/p>\n<ul>\n<li><a href=\"https:\/\/dari-system.com\/fi\/lehtisuoja-kouru\/\" title=\"Lehtisuoja kouru\"><a href=\"https:\/\/dari-system.com\/fi\/lehtisuoja-kouru\/\">Lehtisuoja kouruun<\/a><\/a><\/li>\n<li><a href=\"https:\/\/dari-system.com\/regenrinnen-laubschutz\/\" title=\"Sadekourut Lehtisuoja\"><a href=\"https:\/\/dari-system.com\/regenrinnen-laubschutz\/\">Sadekourut Lehtisuoja<\/a><\/a><\/li>\n<li><a href=\"https:\/\/dari-system.com\/laubschutz-dachrinne\/\" title=\"Lehtisuoja kouru\"><a href=\"https:\/\/dari-system.com\/laubschutz-dachrinne\/\">Lehtisuojaus kouruun<\/a><\/a><\/li>\n<li><a href=\"https:\/\/dari-system.com\/dachrinnenabdeckung\/\" title=\"Kourun suojus\"> <a href=\"https:\/\/dari-system.com\/dachrinnenabdeckung\/\"> Kourun suojus<\/a><\/a><\/li>\n<\/ul>\n<p>[\/et_pb_text][\/et_pb_column][\/et_pb_row][\/et_pb_section]<\/p>\n","protected":false},"excerpt":{"rendered":"<p>T\u00e4ydellinen lehtisieppari kouruun Jokainen kodinomistaja tuntee kourun tukkeutumisriskin, jonka aiheuttavat lehdet, neulaset, sammal, pienet oksat, kuolleet linnut tai ilotulitteet. Lehtisuoja kouruun, olipa se sitten puoliympyr\u00e4n muotoinen tai laatikkokouru, on monessa suhteessa k\u00e4yt\u00e4nn\u00f6ss\u00e4 v\u00e4ltt\u00e4m\u00e4t\u00f6n. Talon ja puutarhan ymp\u00e4rill\u00e4 on luultavasti vain harvoja t\u00f6it\u00e4, joita ihmiset haluavat lyk\u00e4t\u00e4 niin paljon kuin kourun puhdistamista. On ty\u00f6l\u00e4st\u00e4 ottaa tikkaat [&hellip;]<\/p>\n","protected":false},"author":1,"featured_media":0,"parent":0,"menu_order":0,"comment_status":"closed","ping_status":"closed","template":"","meta":{"_et_pb_use_builder":"on","_et_pb_old_content":"","_et_gb_content_width":"","iawp_total_views":14,"footnotes":""},"dipi_cpt_category":[],"class_list":["post-25547587","page","type-page","status-publish","hentry"],"yoast_head":"<!-- This site is optimized with the Yoast SEO plugin v27.4 - https:\/\/yoast.com\/product\/yoast-seo-wordpress\/ -->\n<title>Tehokas lehtisuoja kouruihin - DaRi-j\u00e4rjestelm\u00e4<\/title>\n<meta name=\"description\" content=\"L\u00f6yd\u00e4 t\u00e4ydellinen lehtilukko kouruusi. Ei en\u00e4\u00e4 tukoksia ja ty\u00f6l\u00e4st\u00e4 puhdistusta DaRi-j\u00e4rjestelm\u00e4n avulla. Lue lis\u00e4\u00e4 nyt!\" \/>\n<meta name=\"robots\" content=\"index, follow, max-snippet:-1, max-image-preview:large, max-video-preview:-1\" \/>\n<link rel=\"canonical\" href=\"https:\/\/dari-system.com\/fi\/lehtisuoja-kouru\/\" \/>\n<meta property=\"og:locale\" content=\"fi_FI\" \/>\n<meta property=\"og:type\" content=\"article\" \/>\n<meta property=\"og:title\" content=\"Tehokas lehtisuoja kouruihin - DaRi-j\u00e4rjestelm\u00e4\" \/>\n<meta property=\"og:description\" content=\"L\u00f6yd\u00e4 t\u00e4ydellinen lehtilukko kouruusi. Ei en\u00e4\u00e4 tukoksia ja ty\u00f6l\u00e4st\u00e4 puhdistusta DaRi-j\u00e4rjestelm\u00e4n avulla. Lue lis\u00e4\u00e4 nyt!\" \/>\n<meta property=\"og:url\" content=\"https:\/\/dari-system.com\/fi\/lehtisuoja-kouru\/\" \/>\n<meta property=\"og:site_name\" content=\"DaRi System\" \/>\n<meta property=\"article:modified_time\" content=\"2024-08-19T15:01:58+00:00\" \/>\n<meta name=\"twitter:card\" content=\"summary_large_image\" \/>\n<meta name=\"twitter:label1\" content=\"Arvioitu lukuaika\" \/>\n\t<meta name=\"twitter:data1\" content=\"4 minuuttia\" \/>\n<script type=\"application\/ld+json\" class=\"yoast-schema-graph\">{\"@context\":\"https:\\\/\\\/schema.org\",\"@graph\":[{\"@type\":\"WebPage\",\"@id\":\"https:\\\/\\\/dari-system.com\\\/fi\\\/lehtisuoja-kouru\\\/\",\"url\":\"https:\\\/\\\/dari-system.com\\\/fi\\\/lehtisuoja-kouru\\\/\",\"name\":\"Tehokas lehtisuoja kouruihin - DaRi-j\u00e4rjestelm\u00e4\",\"isPartOf\":{\"@id\":\"https:\\\/\\\/dari-system.com\\\/fi\\\/#website\"},\"datePublished\":\"2024-06-19T09:05:14+00:00\",\"dateModified\":\"2024-08-19T15:01:58+00:00\",\"description\":\"L\u00f6yd\u00e4 t\u00e4ydellinen lehtilukko kouruusi. Ei en\u00e4\u00e4 tukoksia ja ty\u00f6l\u00e4st\u00e4 puhdistusta DaRi-j\u00e4rjestelm\u00e4n avulla. Lue lis\u00e4\u00e4 nyt!\",\"breadcrumb\":{\"@id\":\"https:\\\/\\\/dari-system.com\\\/fi\\\/lehtisuoja-kouru\\\/#breadcrumb\"},\"inLanguage\":\"fi\",\"potentialAction\":[{\"@type\":\"ReadAction\",\"target\":[\"https:\\\/\\\/dari-system.com\\\/fi\\\/lehtisuoja-kouru\\\/\"]}]},{\"@type\":\"BreadcrumbList\",\"@id\":\"https:\\\/\\\/dari-system.com\\\/fi\\\/lehtisuoja-kouru\\\/#breadcrumb\",\"itemListElement\":[{\"@type\":\"ListItem\",\"position\":1,\"name\":\"Startseite\",\"item\":\"https:\\\/\\\/dari-system.com\\\/fi\\\/\"},{\"@type\":\"ListItem\",\"position\":2,\"name\":\"Lehtisuoja kouru\"}]},{\"@type\":\"WebSite\",\"@id\":\"https:\\\/\\\/dari-system.com\\\/fi\\\/#website\",\"url\":\"https:\\\/\\\/dari-system.com\\\/fi\\\/\",\"name\":\"DaRi System\",\"description\":\"\",\"potentialAction\":[{\"@type\":\"SearchAction\",\"target\":{\"@type\":\"EntryPoint\",\"urlTemplate\":\"https:\\\/\\\/dari-system.com\\\/fi\\\/?s={search_term_string}\"},\"query-input\":{\"@type\":\"PropertyValueSpecification\",\"valueRequired\":true,\"valueName\":\"search_term_string\"}}],\"inLanguage\":\"fi\"}]}<\/script>\n<!-- \/ Yoast SEO plugin. -->","yoast_head_json":{"title":"Tehokas lehtisuoja kouruihin - DaRi-j\u00e4rjestelm\u00e4","description":"L\u00f6yd\u00e4 t\u00e4ydellinen lehtilukko kouruusi. Ei en\u00e4\u00e4 tukoksia ja ty\u00f6l\u00e4st\u00e4 puhdistusta DaRi-j\u00e4rjestelm\u00e4n avulla. Lue lis\u00e4\u00e4 nyt!","robots":{"index":"index","follow":"follow","max-snippet":"max-snippet:-1","max-image-preview":"max-image-preview:large","max-video-preview":"max-video-preview:-1"},"canonical":"https:\/\/dari-system.com\/fi\/lehtisuoja-kouru\/","og_locale":"fi_FI","og_type":"article","og_title":"Tehokas lehtisuoja kouruihin - DaRi-j\u00e4rjestelm\u00e4","og_description":"L\u00f6yd\u00e4 t\u00e4ydellinen lehtilukko kouruusi. Ei en\u00e4\u00e4 tukoksia ja ty\u00f6l\u00e4st\u00e4 puhdistusta DaRi-j\u00e4rjestelm\u00e4n avulla. Lue lis\u00e4\u00e4 nyt!","og_url":"https:\/\/dari-system.com\/fi\/lehtisuoja-kouru\/","og_site_name":"DaRi System","article_modified_time":"2024-08-19T15:01:58+00:00","twitter_card":"summary_large_image","twitter_misc":{"Arvioitu lukuaika":"4 minuuttia"},"schema":{"@context":"https:\/\/schema.org","@graph":[{"@type":"WebPage","@id":"https:\/\/dari-system.com\/fi\/lehtisuoja-kouru\/","url":"https:\/\/dari-system.com\/fi\/lehtisuoja-kouru\/","name":"Tehokas lehtisuoja kouruihin - DaRi-j\u00e4rjestelm\u00e4","isPartOf":{"@id":"https:\/\/dari-system.com\/fi\/#website"},"datePublished":"2024-06-19T09:05:14+00:00","dateModified":"2024-08-19T15:01:58+00:00","description":"L\u00f6yd\u00e4 t\u00e4ydellinen lehtilukko kouruusi. Ei en\u00e4\u00e4 tukoksia ja ty\u00f6l\u00e4st\u00e4 puhdistusta DaRi-j\u00e4rjestelm\u00e4n avulla. Lue lis\u00e4\u00e4 nyt!","breadcrumb":{"@id":"https:\/\/dari-system.com\/fi\/lehtisuoja-kouru\/#breadcrumb"},"inLanguage":"fi","potentialAction":[{"@type":"ReadAction","target":["https:\/\/dari-system.com\/fi\/lehtisuoja-kouru\/"]}]},{"@type":"BreadcrumbList","@id":"https:\/\/dari-system.com\/fi\/lehtisuoja-kouru\/#breadcrumb","itemListElement":[{"@type":"ListItem","position":1,"name":"Startseite","item":"https:\/\/dari-system.com\/fi\/"},{"@type":"ListItem","position":2,"name":"Lehtisuoja kouru"}]},{"@type":"WebSite","@id":"https:\/\/dari-system.com\/fi\/#website","url":"https:\/\/dari-system.com\/fi\/","name":"DaRi System","description":"","potentialAction":[{"@type":"SearchAction","target":{"@type":"EntryPoint","urlTemplate":"https:\/\/dari-system.com\/fi\/?s={search_term_string}"},"query-input":{"@type":"PropertyValueSpecification","valueRequired":true,"valueName":"search_term_string"}}],"inLanguage":"fi"}]}},"_links":{"self":[{"href":"https:\/\/dari-system.com\/fi\/wp-json\/wp\/v2\/pages\/25547587","targetHints":{"allow":["GET"]}}],"collection":[{"href":"https:\/\/dari-system.com\/fi\/wp-json\/wp\/v2\/pages"}],"about":[{"href":"https:\/\/dari-system.com\/fi\/wp-json\/wp\/v2\/types\/page"}],"author":[{"embeddable":true,"href":"https:\/\/dari-system.com\/fi\/wp-json\/wp\/v2\/users\/1"}],"replies":[{"embeddable":true,"href":"https:\/\/dari-system.com\/fi\/wp-json\/wp\/v2\/comments?post=25547587"}],"version-history":[{"count":2,"href":"https:\/\/dari-system.com\/fi\/wp-json\/wp\/v2\/pages\/25547587\/revisions"}],"predecessor-version":[{"id":25547593,"href":"https:\/\/dari-system.com\/fi\/wp-json\/wp\/v2\/pages\/25547587\/revisions\/25547593"}],"wp:attachment":[{"href":"https:\/\/dari-system.com\/fi\/wp-json\/wp\/v2\/media?parent=25547587"}],"wp:term":[{"taxonomy":"dipi_cpt_category","embeddable":true,"href":"https:\/\/dari-system.com\/fi\/wp-json\/wp\/v2\/dipi_cpt_category?post=25547587"}],"curies":[{"name":"wp","href":"https:\/\/api.w.org\/{rel}","templated":true}]}}