{"id":25547543,"date":"2024-05-29T09:26:04","date_gmt":"2024-05-29T09:26:04","guid":{"rendered":"https:\/\/dari-system.com\/tietoa-meistae\/"},"modified":"2024-08-19T15:01:44","modified_gmt":"2024-08-19T15:01:44","slug":"tietoa-meistae","status":"publish","type":"page","link":"https:\/\/dari-system.com\/fi\/tietoa-meistae\/","title":{"rendered":"Tietoa meist\u00e4"},"content":{"rendered":"<p>[et_pb_section fb_built=&#8221;1&#8243; fullwidth=&#8221;on&#8221; _builder_version=&#8221;4.25.0&#8243; _module_preset=&#8221;default&#8221; bottom_divider_color=&#8221;#FFFFFF&#8221; bottom_divider_height=&#8221;82px&#8221; bottom_divider_flip=&#8221;horizontal&#8221; locked=&#8221;off&#8221; global_colors_info=&#8221;{}&#8221;][et_pb_fullwidth_header title=&#8221;Tietoa meist\u00e4&#8221; _builder_version=&#8221;4.25.0&#8243; _module_preset=&#8221;default&#8221; title_font=&#8221;|800|||||||&#8221; title_font_size=&#8221;45px&#8221; background_image=&#8221;https:\/\/dari-system.com\/wp-content\/uploads\/2024\/05\/header_background.webp&#8221; background_position=&#8221;bottom_center&#8221; custom_padding=&#8221;8vh||8vh||true|false&#8221; title_font_size_tablet=&#8221;45px&#8221; title_font_size_phone=&#8221;29px&#8221; title_font_size_last_edited=&#8221;on|phone&#8221; content_font_size_tablet=&#8221;&#8221; content_font_size_phone=&#8221;17px&#8221; content_font_size_last_edited=&#8221;on|phone&#8221; global_colors_info=&#8221;{}&#8221;]<\/p>\n<p>Tie t\u00e4ydelliseen DaRi-j\u00e4rjestelm\u00e4\u00e4n<\/p>\n<p>[\/et_pb_fullwidth_header][\/et_pb_section][et_pb_section fb_built=&#8221;1&#8243; _builder_version=&#8221;4.25.0&#8243; _module_preset=&#8221;default&#8221; global_colors_info=&#8221;{}&#8221;][et_pb_row column_structure=&#8221;2_3,1_3&#8243; make_equal=&#8221;on&#8221; _builder_version=&#8221;4.25.0&#8243; _module_preset=&#8221;default&#8221; custom_margin=&#8221;||0px||false|false&#8221; custom_padding=&#8221;||0px||false|false&#8221; global_colors_info=&#8221;{}&#8221;][et_pb_column type=&#8221;2_3&#8243; _builder_version=&#8221;4.25.0&#8243; _module_preset=&#8221;default&#8221; custom_css_main_element=&#8221;margin: auto;&#8221; global_colors_info=&#8221;{}&#8221;][et_pb_text _builder_version=&#8221;4.25.0&#8243; _module_preset=&#8221;default&#8221; global_colors_info=&#8221;{}&#8221;]<\/p>\n<p>Talomme edess\u00e4 on suuri vaahtera ja talon takana kaksi valtavaa lehmusta.<br \/>\nMinun piti kiivet\u00e4 tikkaille useita kertoja vuodessa puhdistamaan kourut.<br \/>\nMinulta vaati aina valtavasti vaivaa nousta yl\u00f6s ja saada tikkaat pois autotallista.<br \/>\nLykk\u00e4sin t\u00e4t\u00e4 ep\u00e4miellytt\u00e4v\u00e4\u00e4 askaretta viikonlopusta toiseen.<br \/>\nNoin 20 vuotta sitten seisoin j\u00e4lleen kerran tikkailla t\u00e4ynn\u00e4 harmia puhdistaakseni kourua lehdist\u00e4, kun 8-vuotias tytt\u00e4reni seisoi tikkaiden alap\u00e4\u00e4ss\u00e4 ja alkoi itke\u00e4: &#8221;Is\u00e4, tule alas&#8221;, h\u00e4n huusi, &#8221;pelk\u00e4\u00e4n, ett\u00e4 putoat sinne alas&#8221;.    <\/p>\n<p>&nbsp;<\/p>\n<p>Kun olin valmis, menin rautakauppaan ja ostin erilaisia kourujen suojaj\u00e4rjestelmi\u00e4.<br \/>\nValitettavasti mik\u00e4\u00e4n niist\u00e4 ei t\u00e4ytt\u00e4nyt teht\u00e4v\u00e4\u00e4ns\u00e4 hyvin. <\/p>\n<p>[\/et_pb_text][\/et_pb_column][et_pb_column type=&#8221;1_3&#8243; _builder_version=&#8221;4.25.0&#8243; _module_preset=&#8221;default&#8221; custom_css_main_element=&#8221;mrgin:auto;&#8221; global_colors_info=&#8221;{}&#8221;][et_pb_image src=&#8221;https:\/\/dari-system.com\/wp-content\/uploads\/2024\/06\/eckhard_jentsch_03.webp&#8221; _builder_version=&#8221;4.25.0&#8243; _module_preset=&#8221;default&#8221; custom_margin=&#8221;||0px||false|false&#8221; custom_margin_tablet=&#8221;||0px||false|false&#8221; custom_margin_phone=&#8221;35px||0px||false|false&#8221; custom_margin_last_edited=&#8221;on|phone&#8221; hover_enabled=&#8221;0&#8243; global_colors_info=&#8221;{}&#8221; alt=&#8221;Eckhard Jentsch&#8221; title_text=&#8221;eckhard_jentsch_03&#8243; sticky_enabled=&#8221;0&#8243;][\/et_pb_image][et_pb_text _builder_version=&#8221;4.25.0&#8243; _module_preset=&#8221;default&#8221; text_font_size=&#8221;12px&#8221; custom_margin=&#8221;||0px||false|false&#8221; custom_padding=&#8221;||0px||false|false&#8221; global_colors_info=&#8221;{}&#8221;]<\/p>\n<p style=\"text-align: center;\"><em>Eckhard Jentsch | DaRi-Systemin perustaja<\/em><\/p>\n<p>[\/et_pb_text][\/et_pb_column][\/et_pb_row][et_pb_row _builder_version=&#8221;4.25.0&#8243; _module_preset=&#8221;default&#8221; global_colors_info=&#8221;{}&#8221;][et_pb_column type=&#8221;4_4&#8243; _builder_version=&#8221;4.25.0&#8243; _module_preset=&#8221;default&#8221; global_colors_info=&#8221;{}&#8221;][et_pb_text _builder_version=&#8221;4.25.0&#8243; _module_preset=&#8221;default&#8221; hover_enabled=&#8221;0&#8243; global_colors_info=&#8221;{}&#8221; sticky_enabled=&#8221;0&#8243;]<\/p>\n<p>K\u00e4vin sitten peltisep\u00e4n ja kattoasentajan luona ja kysyin, mit\u00e4 lehtisuojaj\u00e4rjestelm\u00e4\u00e4 he suosittelisivat.<br \/>\nVastaus oli, ett\u00e4 mit\u00e4\u00e4n todella hyv\u00e4\u00e4 kourusuojaj\u00e4rjestelm\u00e4\u00e4 ei ole olemassa, ja ett\u00e4 kodinomistajana on elett\u00e4v\u00e4 sen tosiasian kanssa, ett\u00e4 kourut on puhdistettava s\u00e4\u00e4nn\u00f6llisesti. <\/p>\n<p>Olin ep\u00e4toivoinen ja ajattelin: &#8221;Ei kai t\u00e4m\u00e4 voi olla oikein; eik\u00f6 ongelmaa todellakaan ole mahdollista ratkaista tyydytt\u00e4v\u00e4ll\u00e4 tavalla? Olen kokeillut niin monia eri j\u00e4rjestelmi\u00e4, eik\u00e4 yksik\u00e4\u00e4n niist\u00e4 ollut todella hyv\u00e4&#8221;.<\/p>\n<p>Kokosin sitten yhteen suunnittelijat, teknikot, insin\u00f6\u00f6rit, koneenrakentajat, kattoasentajat ja putkimiehet, ja istuimme suuren p\u00f6yd\u00e4n \u00e4\u00e4reen ja m\u00e4\u00e4rittelimme ensin kriteerit, jotka eritt\u00e4in hyv\u00e4n kourujen suojausj\u00e4rjestelm\u00e4n pit\u00e4isi t\u00e4ytt\u00e4\u00e4:<\/p>\n<p>[\/et_pb_text][\/et_pb_column][\/et_pb_row][\/et_pb_section][et_pb_section fb_built=&#8221;1&#8243; _builder_version=&#8221;4.25.0&#8243; _module_preset=&#8221;default&#8221; custom_padding=&#8221;0px||0px||false|false&#8221; global_colors_info=&#8221;{}&#8221;][et_pb_row _builder_version=&#8221;4.25.0&#8243; _module_preset=&#8221;default&#8221; background_color=&#8221;#f4bd8d&#8221; width_tablet=&#8221;&#8221; width_phone=&#8221;100%&#8221; width_last_edited=&#8221;on|phone&#8221; custom_margin=&#8221;0px||0px||true|false&#8221; custom_padding=&#8221;21px|27px|21px|27px|true|true&#8221; global_colors_info=&#8221;{}&#8221; width__hover_enabled=&#8221;on|desktop&#8221;][et_pb_column type=&#8221;4_4&#8243; _builder_version=&#8221;4.25.0&#8243; _module_preset=&#8221;default&#8221; global_colors_info=&#8221;{}&#8221;][et_pb_blurb image=&#8221;https:\/\/dari-system.com\/wp-content\/uploads\/2024\/06\/arrow.webp&#8221; alt=&#8221;Tarkista&#8221; icon_placement=&#8221;left&#8221; content_max_width=&#8221;100%&#8221; _builder_version=&#8221;4.25.0&#8243; _module_preset=&#8221;default&#8221; custom_margin=&#8221;||15px||false|false&#8221; global_colors_info=&#8221;{}&#8221;]<\/p>\n<p><strong>Se on voitava asentaa kouruihin, joissa on r\u00e4yst\u00e4iden r\u00e4yst\u00e4slistat tai joissa ei ole r\u00e4yst\u00e4slistoja.<\/strong><\/p>\n<p>[\/et_pb_blurb][et_pb_blurb image=&#8221;https:\/\/dari-system.com\/wp-content\/uploads\/2024\/06\/arrow.webp&#8221; alt=&#8221;Tarkista&#8221; icon_placement=&#8221;left&#8221; content_max_width=&#8221;100%&#8221; _builder_version=&#8221;4.25.0&#8243; _module_preset=&#8221;default&#8221; custom_margin=&#8221;||15px||false|false&#8221; global_colors_info=&#8221;{}&#8221;]<\/p>\n<p><strong>Siin\u00e4 on oltava suuri avoin alue, jotta sadevesi valuu helposti pois.<\/strong><\/p>\n<p>[\/et_pb_blurb][et_pb_blurb image=&#8221;https:\/\/dari-system.com\/wp-content\/uploads\/2024\/06\/arrow.webp&#8221; alt=&#8221;Tarkista&#8221; icon_placement=&#8221;left&#8221; content_max_width=&#8221;100%&#8221; _builder_version=&#8221;4.25.0&#8243; _module_preset=&#8221;default&#8221; custom_margin=&#8221;||15px||false|false&#8221; global_colors_info=&#8221;{}&#8221;]<\/p>\n<p><strong>Rei\u00e4n koko ei saa olla niin suuri, ett\u00e4 lehmusten, vaahteroiden jne. siemenet putoavat sen l\u00e4pi.<\/strong><\/p>\n<p>[\/et_pb_blurb][et_pb_blurb image=&#8221;https:\/\/dari-system.com\/wp-content\/uploads\/2024\/06\/arrow.webp&#8221; alt=&#8221;Tarkista&#8221; icon_placement=&#8221;left&#8221; content_max_width=&#8221;100%&#8221; _builder_version=&#8221;4.25.0&#8243; _module_preset=&#8221;default&#8221; custom_margin=&#8221;||15px||false|false&#8221; global_colors_info=&#8221;{}&#8221;]<\/p>\n<p><strong>Reik\u00e4koko ei saa olla liian pieni, jotta rei\u00e4t tukkeutuvat nopeasti.<\/strong><\/p>\n<p>[\/et_pb_blurb][et_pb_blurb image=&#8221;https:\/\/dari-system.com\/wp-content\/uploads\/2024\/06\/arrow.webp&#8221; alt=&#8221;Tarkista&#8221; icon_placement=&#8221;left&#8221; content_max_width=&#8221;100%&#8221; _builder_version=&#8221;4.25.0&#8243; _module_preset=&#8221;default&#8221; custom_margin=&#8221;||15px||false|false&#8221; global_colors_info=&#8221;{}&#8221;]<\/p>\n<p><strong>Rei\u00e4t on muotoiltava siten, ett\u00e4 sadevesi ohjautuu nopeasti reikiin.<\/strong><\/p>\n<p>[\/et_pb_blurb][et_pb_blurb image=&#8221;https:\/\/dari-system.com\/wp-content\/uploads\/2024\/06\/arrow.webp&#8221; alt=&#8221;Tarkista&#8221; icon_placement=&#8221;left&#8221; content_max_width=&#8221;100%&#8221; _builder_version=&#8221;4.25.0&#8243; _module_preset=&#8221;default&#8221; custom_margin=&#8221;||15px||false|false&#8221; global_colors_info=&#8221;{}&#8221;]<\/p>\n<p><strong>Pinnan on oltava sile\u00e4, jotta lehdet eiv\u00e4t p\u00e4\u00e4se tarttumaan siihen.<\/strong><\/p>\n<p>[\/et_pb_blurb][et_pb_blurb image=&#8221;https:\/\/dari-system.com\/wp-content\/uploads\/2024\/06\/arrow.webp&#8221; alt=&#8221;Tarkista&#8221; icon_placement=&#8221;left&#8221; content_max_width=&#8221;100%&#8221; _builder_version=&#8221;4.25.0&#8243; _module_preset=&#8221;default&#8221; custom_margin=&#8221;||15px||false|false&#8221; global_colors_info=&#8221;{}&#8221;]<\/p>\n<p><strong>Sen on oltava helppo asentaa ilman ty\u00f6kaluja<\/strong><\/p>\n<p>[\/et_pb_blurb][et_pb_blurb image=&#8221;https:\/\/dari-system.com\/wp-content\/uploads\/2024\/06\/arrow.webp&#8221; alt=&#8221;Tarkista&#8221; icon_placement=&#8221;left&#8221; content_max_width=&#8221;100%&#8221; _builder_version=&#8221;4.25.0&#8243; _module_preset=&#8221;default&#8221; custom_margin=&#8221;||15px||false|false&#8221; global_colors_info=&#8221;{}&#8221;]<\/p>\n<p><strong>Sen on oltava helposti irrotettavissa<\/strong><\/p>\n<p>[\/et_pb_blurb][et_pb_blurb image=&#8221;https:\/\/dari-system.com\/wp-content\/uploads\/2024\/06\/arrow.webp&#8221; alt=&#8221;Tarkista&#8221; icon_placement=&#8221;left&#8221; content_max_width=&#8221;100%&#8221; _builder_version=&#8221;4.25.0&#8243; _module_preset=&#8221;default&#8221; custom_margin=&#8221;||15px||false|false&#8221; global_colors_info=&#8221;{}&#8221;]<\/p>\n<p><strong>Se on kiinnitett\u00e4v\u00e4 kiinte\u00e4sti kouruun, jotta se ei lenn\u00e4 pois kovassa tuulessa.<\/strong><\/p>\n<p>[\/et_pb_blurb][et_pb_blurb image=&#8221;https:\/\/dari-system.com\/wp-content\/uploads\/2024\/06\/arrow.webp&#8221; alt=&#8221;Tarkista&#8221; icon_placement=&#8221;left&#8221; content_max_width=&#8221;100%&#8221; _builder_version=&#8221;4.25.0&#8243; _module_preset=&#8221;default&#8221; custom_margin=&#8221;||15px||false|false&#8221; global_colors_info=&#8221;{}&#8221;]<\/p>\n<p><strong>Sen on oltava kourun yl\u00e4puolella, jotta lehdet voidaan helposti puhaltaa pois.<\/strong><\/p>\n<p>[\/et_pb_blurb][et_pb_blurb image=&#8221;https:\/\/dari-system.com\/wp-content\/uploads\/2024\/06\/arrow.webp&#8221; alt=&#8221;Tarkista&#8221; icon_placement=&#8221;left&#8221; content_max_width=&#8221;100%&#8221; _builder_version=&#8221;4.25.0&#8243; _module_preset=&#8221;default&#8221; custom_margin=&#8221;||15px||false|false&#8221; global_colors_info=&#8221;{}&#8221;]<\/p>\n<p><strong>Sen on ulotuttava etureunaan niin, ett\u00e4 lehvist\u00f6 ei ole esteen\u00e4.<\/strong><\/p>\n<p>[\/et_pb_blurb][et_pb_blurb image=&#8221;https:\/\/dari-system.com\/wp-content\/uploads\/2024\/06\/arrow.webp&#8221; alt=&#8221;Tarkista&#8221; icon_placement=&#8221;left&#8221; content_max_width=&#8221;100%&#8221; _builder_version=&#8221;4.25.0&#8243; _module_preset=&#8221;default&#8221; custom_margin=&#8221;||15px||false|false&#8221; global_colors_info=&#8221;{}&#8221;]<\/p>\n<p><strong>Sen on oltava l\u00e4mm\u00f6nkest\u00e4v\u00e4, kylm\u00e4nkest\u00e4v\u00e4 ja UV-s\u00e4teilynkest\u00e4v\u00e4.<\/strong><\/p>\n<p>[\/et_pb_blurb][et_pb_blurb image=&#8221;https:\/\/dari-system.com\/wp-content\/uploads\/2024\/06\/arrow.webp&#8221; alt=&#8221;Tarkista&#8221; icon_placement=&#8221;left&#8221; content_max_width=&#8221;100%&#8221; _builder_version=&#8221;4.25.0&#8243; _module_preset=&#8221;default&#8221; custom_margin=&#8221;||15px||false|false&#8221; global_colors_info=&#8221;{}&#8221;]<\/p>\n<p><strong>Sen on oltava huoltovapaa<\/strong><\/p>\n<p>[\/et_pb_blurb][et_pb_blurb image=&#8221;https:\/\/dari-system.com\/wp-content\/uploads\/2024\/06\/arrow.webp&#8221; alt=&#8221;Tarkista&#8221; icon_placement=&#8221;left&#8221; content_max_width=&#8221;100%&#8221; _builder_version=&#8221;4.25.0&#8243; _module_preset=&#8221;default&#8221; custom_margin=&#8221;||15px||false|false&#8221; global_colors_info=&#8221;{}&#8221;]<\/p>\n<p><strong>On varmistettava, ett\u00e4 lehdet eiv\u00e4t en\u00e4\u00e4 tuki kourua.<\/strong><\/p>\n<p>[\/et_pb_blurb][\/et_pb_column][\/et_pb_row][\/et_pb_section][et_pb_section fb_built=&#8221;1&#8243; _builder_version=&#8221;4.25.0&#8243; _module_preset=&#8221;default&#8221; global_colors_info=&#8221;{}&#8221;][et_pb_row _builder_version=&#8221;4.25.0&#8243; _module_preset=&#8221;default&#8221; global_colors_info=&#8221;{}&#8221;][et_pb_column type=&#8221;4_4&#8243; _builder_version=&#8221;4.25.0&#8243; _module_preset=&#8221;default&#8221; global_colors_info=&#8221;{}&#8221;][et_pb_text _builder_version=&#8221;4.25.0&#8243; _module_preset=&#8221;default&#8221; global_colors_info=&#8221;{}&#8221;]<\/p>\n<p>Monien suunnitelmien, piirustusten, kokeilujen ja testien j\u00e4lkeen syntyi <strong>DaRi-j\u00e4rjestelm\u00e4<\/strong>. DaRi-j\u00e4rjestelm\u00e4n ei tarvitse pel\u00e4t\u00e4 vertailua muihin j\u00e4rjestelmiin.<br \/>\nMinun mielest\u00e4ni ja tiet\u00e4mykseni mukaan ei ole olemassa parempaa kourujen suojausj\u00e4rjestelm\u00e4\u00e4. <\/p>\n<p>Nyky\u00e4\u00e4n katson kouruani tyytyv\u00e4isen\u00e4 ja olen iloinen, ett\u00e4 asensin sinne DaRi-j\u00e4rjestelm\u00e4n.<br \/>\nDaRi-j\u00e4rjestelm\u00e4t on edelleen asennettu kouruun ja ne ovat edelleen t\u00e4ysin toimivia.<br \/>\nKiit\u00e4n edelleen usein tyt\u00e4rt\u00e4ni siit\u00e4, ett\u00e4 h\u00e4n antoi minulle sys\u00e4yksen t\u00e4m\u00e4n t\u00e4ydellisen kourusuojaj\u00e4rjestelm\u00e4n asentamiseen.<br \/>\nSen lis\u00e4ksi, ett\u00e4 v\u00e4lt\u00e4n vaivaa, olen my\u00f6s v\u00e4hent\u00e4nyt onnettomuusriski\u00e4, kun minun ei en\u00e4\u00e4 tarvitse seist\u00e4 korkealla katolla tikkailla.   <\/p>\n<p>Nyky\u00e4\u00e4n ihmiset ymp\u00e4ri Eurooppaa ovat tyytyv\u00e4isi\u00e4 ja kiitollisia siit\u00e4, ett\u00e4 tukkeutuneen kourun ongelma voitiin ratkaista niin helposti DaRi-j\u00e4rjestelm\u00e4n avulla ja ett\u00e4 kouru pysyy pysyv\u00e4sti lehtivapaana.<\/p>\n<p>Me DaRi-Systemill\u00e4 pyrimme kehitt\u00e4m\u00e4\u00e4n ja valmistamaan korkealaatuisia kourujen suojausj\u00e4rjestelmi\u00e4.<br \/>\nKaikki tuotteemme on suunniteltu t\u00e4\u00e4ll\u00e4 Saksassa, ja ne my\u00f6s valmistetaan yksinomaan t\u00e4\u00e4ll\u00e4. <\/p>\n<p><em><strong>Valmistettu Saksassa<\/strong> <\/em>takaa pitk\u00e4n k\u00e4ytt\u00f6i\u00e4n.<\/p>\n<p>Lehtisuojaj\u00e4rjestelmien ehdottomina asiantuntijoina olemme ty\u00f6skennelleet asiakkaidemme kanssa 20 vuoden ajan l\u00f6yt\u00e4\u00e4kseen hyvi\u00e4 ja k\u00e4yt\u00e4nn\u00f6llisi\u00e4 ratkaisuja ongelmallisiin kouruihin.<br \/>\nOdotamme innolla jokaista yhteydenottoa ja jokaista meille l\u00e4hetetty\u00e4 kuvaa kourusta ja vastaamme tiedusteluusi nopeasti, mielell\u00e4mme ja maksutta. <\/p>\n<p>Jos etsit my\u00f6s luotettavaa, laadukasta, kest\u00e4v\u00e4\u00e4 ja huoltovapaata suojaj\u00e4rjestelm\u00e4\u00e4 kouruillesi, valitse heti t\u00e4ydellisesti suunniteltu <strong>DaRi-j\u00e4rjestelm\u00e4<\/strong>.<\/p>\n<p>[\/et_pb_text][\/et_pb_column][\/et_pb_row][et_pb_row _builder_version=&#8221;4.25.0&#8243; _module_preset=&#8221;default&#8221; global_colors_info=&#8221;{}&#8221;][et_pb_column type=&#8221;4_4&#8243; _builder_version=&#8221;4.25.0&#8243; _module_preset=&#8221;default&#8221; global_colors_info=&#8221;{}&#8221;][et_pb_text _builder_version=&#8221;4.25.0&#8243; _module_preset=&#8221;default&#8221; global_colors_info=&#8221;{}&#8221;]<\/p>\n<h2><strong>Takaamme, ett\u00e4 DaRi-j\u00e4rjestelm\u00e4n asennuksen j\u00e4lkeen lehdet eiv\u00e4t en\u00e4\u00e4 tukkeudu kouruun.<\/strong><\/h2>\n<p>[\/et_pb_text][\/et_pb_column][\/et_pb_row][\/et_pb_section]<\/p>\n","protected":false},"excerpt":{"rendered":"<p>Tie t\u00e4ydelliseen DaRi-j\u00e4rjestelm\u00e4\u00e4nTalomme edess\u00e4 on suuri vaahtera ja talon takana kaksi valtavaa lehmusta. Minun piti kiivet\u00e4 tikkaille useita kertoja vuodessa puhdistamaan kourut. Minulta vaati aina valtavasti vaivaa nousta yl\u00f6s ja saada tikkaat pois autotallista. Lykk\u00e4sin t\u00e4t\u00e4 ep\u00e4miellytt\u00e4v\u00e4\u00e4 askaretta viikonlopusta toiseen. Noin 20 vuotta sitten seisoin j\u00e4lleen kerran tikkailla t\u00e4ynn\u00e4 harmia puhdistaakseni kourua lehdist\u00e4, kun 8-vuotias [&hellip;]<\/p>\n","protected":false},"author":1,"featured_media":0,"parent":0,"menu_order":0,"comment_status":"closed","ping_status":"closed","template":"","meta":{"_et_pb_use_builder":"on","_et_pb_old_content":"","_et_gb_content_width":"","iawp_total_views":0,"footnotes":""},"dipi_cpt_category":[],"class_list":["post-25547543","page","type-page","status-publish","hentry"],"yoast_head":"<!-- This site is optimized with the Yoast SEO plugin v27.4 - https:\/\/yoast.com\/product\/yoast-seo-wordpress\/ -->\n<title>Tietoa meist\u00e4 - DaRi System<\/title>\n<meta name=\"robots\" content=\"index, follow, max-snippet:-1, max-image-preview:large, max-video-preview:-1\" \/>\n<link rel=\"canonical\" href=\"https:\/\/dari-system.com\/fi\/tietoa-meistae\/\" \/>\n<meta property=\"og:locale\" content=\"fi_FI\" \/>\n<meta property=\"og:type\" content=\"article\" \/>\n<meta property=\"og:title\" content=\"Tietoa meist\u00e4 - DaRi System\" \/>\n<meta property=\"og:description\" content=\"Tie t\u00e4ydelliseen DaRi-j\u00e4rjestelm\u00e4\u00e4nTalomme edess\u00e4 on suuri vaahtera ja talon takana kaksi valtavaa lehmusta. Minun piti kiivet\u00e4 tikkaille useita kertoja vuodessa puhdistamaan kourut. Minulta vaati aina valtavasti vaivaa nousta yl\u00f6s ja saada tikkaat pois autotallista. Lykk\u00e4sin t\u00e4t\u00e4 ep\u00e4miellytt\u00e4v\u00e4\u00e4 askaretta viikonlopusta toiseen. Noin 20 vuotta sitten seisoin j\u00e4lleen kerran tikkailla t\u00e4ynn\u00e4 harmia puhdistaakseni kourua lehdist\u00e4, kun 8-vuotias [&hellip;]\" \/>\n<meta property=\"og:url\" content=\"https:\/\/dari-system.com\/fi\/tietoa-meistae\/\" \/>\n<meta property=\"og:site_name\" content=\"DaRi System\" \/>\n<meta property=\"article:modified_time\" content=\"2024-08-19T15:01:44+00:00\" \/>\n<meta name=\"twitter:card\" content=\"summary_large_image\" \/>\n<meta name=\"twitter:label1\" content=\"Arvioitu lukuaika\" \/>\n\t<meta name=\"twitter:data1\" content=\"8 minuuttia\" \/>\n<script type=\"application\/ld+json\" class=\"yoast-schema-graph\">{\"@context\":\"https:\\\/\\\/schema.org\",\"@graph\":[{\"@type\":\"WebPage\",\"@id\":\"https:\\\/\\\/dari-system.com\\\/fi\\\/tietoa-meistae\\\/\",\"url\":\"https:\\\/\\\/dari-system.com\\\/fi\\\/tietoa-meistae\\\/\",\"name\":\"Tietoa meist\u00e4 - DaRi System\",\"isPartOf\":{\"@id\":\"https:\\\/\\\/dari-system.com\\\/fi\\\/#website\"},\"datePublished\":\"2024-05-29T09:26:04+00:00\",\"dateModified\":\"2024-08-19T15:01:44+00:00\",\"breadcrumb\":{\"@id\":\"https:\\\/\\\/dari-system.com\\\/fi\\\/tietoa-meistae\\\/#breadcrumb\"},\"inLanguage\":\"fi\",\"potentialAction\":[{\"@type\":\"ReadAction\",\"target\":[\"https:\\\/\\\/dari-system.com\\\/fi\\\/tietoa-meistae\\\/\"]}]},{\"@type\":\"BreadcrumbList\",\"@id\":\"https:\\\/\\\/dari-system.com\\\/fi\\\/tietoa-meistae\\\/#breadcrumb\",\"itemListElement\":[{\"@type\":\"ListItem\",\"position\":1,\"name\":\"Startseite\",\"item\":\"https:\\\/\\\/dari-system.com\\\/fi\\\/\"},{\"@type\":\"ListItem\",\"position\":2,\"name\":\"Tietoa meist\u00e4\"}]},{\"@type\":\"WebSite\",\"@id\":\"https:\\\/\\\/dari-system.com\\\/fi\\\/#website\",\"url\":\"https:\\\/\\\/dari-system.com\\\/fi\\\/\",\"name\":\"DaRi System\",\"description\":\"\",\"potentialAction\":[{\"@type\":\"SearchAction\",\"target\":{\"@type\":\"EntryPoint\",\"urlTemplate\":\"https:\\\/\\\/dari-system.com\\\/fi\\\/?s={search_term_string}\"},\"query-input\":{\"@type\":\"PropertyValueSpecification\",\"valueRequired\":true,\"valueName\":\"search_term_string\"}}],\"inLanguage\":\"fi\"}]}<\/script>\n<!-- \/ Yoast SEO plugin. -->","yoast_head_json":{"title":"Tietoa meist\u00e4 - DaRi System","robots":{"index":"index","follow":"follow","max-snippet":"max-snippet:-1","max-image-preview":"max-image-preview:large","max-video-preview":"max-video-preview:-1"},"canonical":"https:\/\/dari-system.com\/fi\/tietoa-meistae\/","og_locale":"fi_FI","og_type":"article","og_title":"Tietoa meist\u00e4 - DaRi System","og_description":"Tie t\u00e4ydelliseen DaRi-j\u00e4rjestelm\u00e4\u00e4nTalomme edess\u00e4 on suuri vaahtera ja talon takana kaksi valtavaa lehmusta. Minun piti kiivet\u00e4 tikkaille useita kertoja vuodessa puhdistamaan kourut. Minulta vaati aina valtavasti vaivaa nousta yl\u00f6s ja saada tikkaat pois autotallista. Lykk\u00e4sin t\u00e4t\u00e4 ep\u00e4miellytt\u00e4v\u00e4\u00e4 askaretta viikonlopusta toiseen. Noin 20 vuotta sitten seisoin j\u00e4lleen kerran tikkailla t\u00e4ynn\u00e4 harmia puhdistaakseni kourua lehdist\u00e4, kun 8-vuotias [&hellip;]","og_url":"https:\/\/dari-system.com\/fi\/tietoa-meistae\/","og_site_name":"DaRi System","article_modified_time":"2024-08-19T15:01:44+00:00","twitter_card":"summary_large_image","twitter_misc":{"Arvioitu lukuaika":"8 minuuttia"},"schema":{"@context":"https:\/\/schema.org","@graph":[{"@type":"WebPage","@id":"https:\/\/dari-system.com\/fi\/tietoa-meistae\/","url":"https:\/\/dari-system.com\/fi\/tietoa-meistae\/","name":"Tietoa meist\u00e4 - DaRi System","isPartOf":{"@id":"https:\/\/dari-system.com\/fi\/#website"},"datePublished":"2024-05-29T09:26:04+00:00","dateModified":"2024-08-19T15:01:44+00:00","breadcrumb":{"@id":"https:\/\/dari-system.com\/fi\/tietoa-meistae\/#breadcrumb"},"inLanguage":"fi","potentialAction":[{"@type":"ReadAction","target":["https:\/\/dari-system.com\/fi\/tietoa-meistae\/"]}]},{"@type":"BreadcrumbList","@id":"https:\/\/dari-system.com\/fi\/tietoa-meistae\/#breadcrumb","itemListElement":[{"@type":"ListItem","position":1,"name":"Startseite","item":"https:\/\/dari-system.com\/fi\/"},{"@type":"ListItem","position":2,"name":"Tietoa meist\u00e4"}]},{"@type":"WebSite","@id":"https:\/\/dari-system.com\/fi\/#website","url":"https:\/\/dari-system.com\/fi\/","name":"DaRi System","description":"","potentialAction":[{"@type":"SearchAction","target":{"@type":"EntryPoint","urlTemplate":"https:\/\/dari-system.com\/fi\/?s={search_term_string}"},"query-input":{"@type":"PropertyValueSpecification","valueRequired":true,"valueName":"search_term_string"}}],"inLanguage":"fi"}]}},"_links":{"self":[{"href":"https:\/\/dari-system.com\/fi\/wp-json\/wp\/v2\/pages\/25547543","targetHints":{"allow":["GET"]}}],"collection":[{"href":"https:\/\/dari-system.com\/fi\/wp-json\/wp\/v2\/pages"}],"about":[{"href":"https:\/\/dari-system.com\/fi\/wp-json\/wp\/v2\/types\/page"}],"author":[{"embeddable":true,"href":"https:\/\/dari-system.com\/fi\/wp-json\/wp\/v2\/users\/1"}],"replies":[{"embeddable":true,"href":"https:\/\/dari-system.com\/fi\/wp-json\/wp\/v2\/comments?post=25547543"}],"version-history":[{"count":2,"href":"https:\/\/dari-system.com\/fi\/wp-json\/wp\/v2\/pages\/25547543\/revisions"}],"predecessor-version":[{"id":25547552,"href":"https:\/\/dari-system.com\/fi\/wp-json\/wp\/v2\/pages\/25547543\/revisions\/25547552"}],"wp:attachment":[{"href":"https:\/\/dari-system.com\/fi\/wp-json\/wp\/v2\/media?parent=25547543"}],"wp:term":[{"taxonomy":"dipi_cpt_category","embeddable":true,"href":"https:\/\/dari-system.com\/fi\/wp-json\/wp\/v2\/dipi_cpt_category?post=25547543"}],"curies":[{"name":"wp","href":"https:\/\/api.w.org\/{rel}","templated":true}]}}