{"id":25547534,"date":"2024-05-28T18:02:41","date_gmt":"2024-05-28T18:02:41","guid":{"rendered":"https:\/\/dari-system.com\/dari-jaerjestelmae-d2\/"},"modified":"2024-09-30T19:03:38","modified_gmt":"2024-09-30T19:03:38","slug":"dari-jaerjestelmae-d2","status":"publish","type":"page","link":"https:\/\/dari-system.com\/fi\/dari-jaerjestelmae-d2\/","title":{"rendered":"DaRi-j\u00e4rjestelm\u00e4 D2"},"content":{"rendered":"<p>[et_pb_section fb_built=&#8221;1&#8243; admin_label=&#8221;TBVS &#8211; Light &#8211; Content 5&#8243; _builder_version=&#8221;4.25.0&#8243; _module_preset=&#8221;773cbfc0-e6bc-474b-b613-dad4bc024acd&#8221; global_colors_info=&#8221;{}&#8221;][et_pb_row column_structure=&#8221;2_5,3_5&#8243; make_equal=&#8221;on&#8221; _builder_version=&#8221;4.25.0&#8243; _module_preset=&#8221;default&#8221; global_colors_info=&#8221;{}&#8221;][et_pb_column type=&#8221;2_5&#8243; _builder_version=&#8221;4.16&#8243; _module_preset=&#8221;default&#8221; global_colors_info=&#8221;{}&#8221;][et_pb_image src=&#8221;https:\/\/dari-system.com\/wp-content\/uploads\/2024\/05\/dari_d2_montiert.webp&#8221; alt=&#8221;DaRi-j\u00e4rjestelm\u00e4 D1 asennettuna&#8221; title_text=&#8221;dari_d2_assembled&#8221; show_in_lightbox=&#8221;on&#8221; _builder_version=&#8221;4.25.0&#8243; _module_preset=&#8221;default&#8221; border_radii=&#8221;on|44px|44px|44px|44px&#8221; global_colors_info=&#8221;{}&#8221;][\/et_pb_image][\/et_pb_column][et_pb_column type=&#8221;3_5&#8243; _builder_version=&#8221;4.25.0&#8243; _module_preset=&#8221;default&#8221; custom_padding_tablet=&#8221;||30px||false|false&#8221; custom_padding_phone=&#8221;&#8221; custom_padding_last_edited=&#8221;on|tablet&#8221; custom_css_main_element=&#8221;margin: auto;&#8221; global_colors_info=&#8221;{}&#8221;][et_pb_text _builder_version=&#8221;4.27.0&#8243; _module_preset=&#8221;c68383f9-009f-4682-a0ef-f1cc616ecd44&#8243; hover_enabled=&#8221;0&#8243; global_colors_info=&#8221;{}&#8221; sticky_enabled=&#8221;0&#8243;]<\/p>\n<h1>DaRi-systeemi D2<\/h1>\n<p>[\/et_pb_text][et_pb_text _builder_version=&#8221;4.25.0&#8243; _module_preset=&#8221;default&#8221; header_3_text_color=&#8221;#FFFFFF&#8221; header_3_line_height=&#8221;1.1em&#8221; background_layout=&#8221;dark&#8221; custom_margin=&#8221;||5px||false|false&#8221; header_3_text_color_tablet=&#8221;&#8221; header_3_text_color_phone=&#8221;&#8221; header_3_text_color_last_edited=&#8221;on|desktop&#8221; global_colors_info=&#8221;{}&#8221;]<\/p>\n<h3>Katoille, joissa kattotiilet ty\u00f6ntyv\u00e4t syv\u00e4lle kouruun.<\/h3>\n<p>[\/et_pb_text][\/et_pb_column][\/et_pb_row][\/et_pb_section][et_pb_section fb_built=&#8221;1&#8243; _builder_version=&#8221;4.25.0&#8243; _module_preset=&#8221;default&#8221; global_colors_info=&#8221;{}&#8221;][et_pb_row column_structure=&#8221;2_3,1_3&#8243; make_equal=&#8221;on&#8221; _builder_version=&#8221;4.25.0&#8243; _module_preset=&#8221;default&#8221; global_colors_info=&#8221;{}&#8221;][et_pb_column type=&#8221;2_3&#8243; _builder_version=&#8221;4.25.0&#8243; _module_preset=&#8221;default&#8221; custom_css_main_element=&#8221;margin: auto;&#8221; border_color_right=&#8221;#4C76A9&#8243; global_colors_info=&#8221;{}&#8221;][et_pb_text _builder_version=&#8221;4.27.0&#8243; _module_preset=&#8221;default&#8221; hover_enabled=&#8221;0&#8243; global_colors_info=&#8221;{}&#8221; sticky_enabled=&#8221;0&#8243;]<\/p>\n<p>Kattotiilet ty\u00f6ntyv\u00e4t usein syv\u00e4lle kouruun, erityisesti jyrkill\u00e4 katoilla.<br \/>T\u00e4llaisissa tapauksissa DaRi-systeemi D1 on usein vaikea asentaa.<br \/>DaRi-systeemi D2 on suunniteltu n\u00e4it\u00e4 kouruja varten.<\/p>\n<p>[\/et_pb_text][\/et_pb_column][et_pb_column type=&#8221;1_3&#8243; _builder_version=&#8221;4.25.0&#8243; _module_preset=&#8221;default&#8221; custom_css_main_element=&#8221;margin: auto;&#8221; border_color_right=&#8221;#4C76A9&#8243; global_colors_info=&#8221;{}&#8221;][et_pb_image src=&#8221;https:\/\/dari-system.com\/wp-content\/uploads\/2024\/05\/einbausituation_d2.webp&#8221; alt=&#8221;DaRi System D2 asennustilanne&#8221; title_text=&#8221;asennus_tilanne_d2&#8243; _builder_version=&#8221;4.25.0&#8243; _module_preset=&#8221;default&#8221; global_colors_info=&#8221;{}&#8221;][\/et_pb_image][\/et_pb_column][\/et_pb_row][\/et_pb_section][et_pb_section fb_built=&#8221;1&#8243; admin_label=&#8221;Produktvergleich&#8221; module_class=&#8221;tbvs-section-light&#8221; _builder_version=&#8221;4.25.0&#8243; _module_preset=&#8221;default&#8221; background_color=&#8221;#cde2f2&#8243; background_enable_image=&#8221;off&#8221; parallax=&#8221;on&#8221; z_index=&#8221;5&#8243; min_height=&#8221;410.3px&#8221; custom_margin=&#8221;||14px||false|false&#8221; custom_padding=&#8221;46px||||false|false&#8221; top_divider_height=&#8221;72px&#8221; global_colors_info=&#8221;{}&#8221;][et_pb_row column_structure=&#8221;1_4,1_2,1_4&#8243; _builder_version=&#8221;4.25.0&#8243; _module_preset=&#8221;default&#8221; global_colors_info=&#8221;{}&#8221;][et_pb_column type=&#8221;1_4&#8243; _builder_version=&#8221;4.25.0&#8243; _module_preset=&#8221;default&#8221; background_enable_color=&#8221;off&#8221; border_color_top=&#8221;#4C76A9&#8243; global_colors_info=&#8221;{}&#8221;][\/et_pb_column][et_pb_column type=&#8221;1_2&#8243; _builder_version=&#8221;4.25.0&#8243; _module_preset=&#8221;default&#8221; background_enable_color=&#8221;off&#8221; border_color_top=&#8221;#4C76A9&#8243; global_colors_info=&#8221;{}&#8221;][et_pb_text _builder_version=&#8221;4.25.0&#8243; _module_preset=&#8221;default&#8221; custom_margin=&#8221;||||false|true&#8221; custom_padding=&#8221;||||false|false&#8221; header_3_text_align_tablet=&#8221;&#8221; header_3_text_align_phone=&#8221;&#8221; header_3_text_align_last_edited=&#8221;on|desktop&#8221; global_colors_info=&#8221;{}&#8221;]<\/p>\n<h3>Katso lyhytelokuva, josta saat lis\u00e4tietoja:<\/h3>\n<p>[\/et_pb_text][et_pb_code _builder_version=&#8221;4.27.0&#8243; _module_preset=&#8221;default&#8221; border_radii=&#8221;on|10px|10px|10px|10px&#8221; box_shadow_style=&#8221;preset1&#8243; global_colors_info=&#8221;{}&#8221;] <\/p>\n<div class=\"brlbs-cmpnt-container brlbs-cmpnt-content-blocker brlbs-cmpnt-with-individual-styles\" data-borlabs-cookie-content-blocker-id=\"youtube-content-blocker\" data-borlabs-cookie-content=\"PGRpdiBjbGFzcz0iYnJsYnMtY21wbnQtY2ItZmx1aWQtd2lkdGgtdmlkZW8td3JhcHBlci15b3V0dWJlIj48aWZyYW1lIHNyYz0iaHR0cHM6Ly93d3cueW91dHViZS1ub2Nvb2tpZS5jb20vZW1iZWQvZ011aUpnTmtVbms\/bW9kZXN0YnJhbmRpbmc9MSZyZWw9MCIgd2lkdGg9IjUxNiIgaGVpZ2h0PSIyNjQiIGZyYW1lYm9yZGVyPSIwIiBhbGxvd2Z1bGxzY3JlZW49IiI+PC9pZnJhbWU+PC9kaXY+\">\n<div class=\"brlbs-cmpnt-cb-preset-c brlbs-cmpnt-cb-youtube\">\n<div class=\"brlbs-cmpnt-cb-thumbnail\" style=\"background-image: url('https:\/\/dari-system.com\/wp-content\/uploads\/borlabs-cookie\/1\/yt_gMuiJgNkUnk_hqdefault.jpg')\"><\/div>\n<div class=\"brlbs-cmpnt-cb-main\">\n<div class=\"brlbs-cmpnt-cb-play-button\"><\/div>\n<div class=\"brlbs-cmpnt-cb-content\">\n<p class=\"brlbs-cmpnt-cb-description\">You are currently viewing a placeholder content from <strong>YouTube<\/strong>. To access the actual content, click the button below. Please note that doing so will share data with third-party providers.<\/p>\n<p> <a class=\"brlbs-cmpnt-cb-provider-toggle\" href=\"#\" data-borlabs-cookie-show-provider-information role=\"button\">More Information<\/a> <\/div>\n<div class=\"brlbs-cmpnt-cb-buttons\"> <a class=\"brlbs-cmpnt-cb-btn\" href=\"#\" data-borlabs-cookie-unblock role=\"button\">Unblock content<\/a> <a class=\"brlbs-cmpnt-cb-btn\" href=\"#\" data-borlabs-cookie-accept-service role=\"button\" style=\"display: inherit\">Accept required service and unblock content<\/a> <\/div>\n<\/p><\/div>\n<\/p><\/div>\n<\/div>\n<p>[\/et_pb_code][\/et_pb_column][et_pb_column type=&#8221;1_4&#8243; _builder_version=&#8221;4.25.0&#8243; _module_preset=&#8221;default&#8221; background_enable_color=&#8221;off&#8221; border_color_top=&#8221;#4C76A9&#8243; global_colors_info=&#8221;{}&#8221;][\/et_pb_column][\/et_pb_row][et_pb_row _builder_version=&#8221;4.25.0&#8243; _module_preset=&#8221;default&#8221; global_colors_info=&#8221;{}&#8221;][et_pb_column type=&#8221;4_4&#8243; _builder_version=&#8221;4.25.0&#8243; _module_preset=&#8221;default&#8221; global_colors_info=&#8221;{}&#8221;][et_pb_text _builder_version=&#8221;4.27.0&#8243; _module_preset=&#8221;default&#8221; hover_enabled=&#8221;0&#8243; global_colors_info=&#8221;{}&#8221; sticky_enabled=&#8221;0&#8243;]<\/p>\n<p style=\"text-align: center;\">DaRi-systeemi D2 on saatavana vain kourukokoon 33.<\/p>\n<p>[\/et_pb_text][\/et_pb_column][\/et_pb_row][\/et_pb_section][et_pb_section fb_built=&#8221;1&#8243; _builder_version=&#8221;4.25.0&#8243; _module_preset=&#8221;default&#8221; global_colors_info=&#8221;{}&#8221;][et_pb_row _builder_version=&#8221;4.25.0&#8243; _module_preset=&#8221;default&#8221; global_colors_info=&#8221;{}&#8221;][et_pb_column type=&#8221;4_4&#8243; _builder_version=&#8221;4.25.0&#8243; _module_preset=&#8221;default&#8221; global_colors_info=&#8221;{}&#8221;][et_pb_text _builder_version=&#8221;4.25.0&#8243; _module_preset=&#8221;default&#8221; custom_margin=&#8221;||||false|true&#8221; custom_padding=&#8221;||||false|false&#8221; header_3_text_align_tablet=&#8221;&#8221; header_3_text_align_phone=&#8221;&#8221; header_3_text_align_last_edited=&#8221;on|desktop&#8221; global_colors_info=&#8221;{}&#8221;]<\/p>\n<h3 style=\"text-align: center;\">Onko DaRi System D2 oikea kouruusi?<br \/>\nSitten voit tilata suoraan t\u00e4\u00e4lt\u00e4: <\/h3>\n<p>[\/et_pb_text][\/et_pb_column][\/et_pb_row][et_pb_row _builder_version=&#8221;4.25.0&#8243; _module_preset=&#8221;default&#8221; global_colors_info=&#8221;{}&#8221;][et_pb_column type=&#8221;4_4&#8243; _builder_version=&#8221;4.25.0&#8243; _module_preset=&#8221;default&#8221; global_colors_info=&#8221;{}&#8221;][et_pb_button button_url=&#8221;https:\/\/dari-system.com\/fi\/produkt\/dari-jaerjestelmae-d2\/&#8221; button_text=&#8221;kauppaan&#8221; button_alignment=&#8221;center&#8221; _builder_version=&#8221;4.27.0&#8243; _module_preset=&#8221;default&#8221; global_colors_info=&#8221;{}&#8221;][\/et_pb_button][\/et_pb_column][\/et_pb_row][\/et_pb_section]<\/p>\n","protected":false},"excerpt":{"rendered":"<p>DaRi-systeemi D2Katoille, joissa kattotiilet ty\u00f6ntyv\u00e4t syv\u00e4lle kouruun.Kattotiilet ty\u00f6ntyv\u00e4t usein syv\u00e4lle kouruun, erityisesti jyrkill\u00e4 katoilla.T\u00e4llaisissa tapauksissa DaRi-systeemi D1 on usein vaikea asentaa.DaRi-systeemi D2 on suunniteltu n\u00e4it\u00e4 kouruja varten.Katso lyhytelokuva, josta saat lis\u00e4tietoja:DaRi-systeemi D2 on saatavana vain kourukokoon 33.Onko DaRi System D2 oikea kouruusi? Sitten voit tilata suoraan t\u00e4\u00e4lt\u00e4:<\/p>\n","protected":false},"author":1,"featured_media":0,"parent":0,"menu_order":0,"comment_status":"closed","ping_status":"closed","template":"","meta":{"_et_pb_use_builder":"on","_et_pb_old_content":"","_et_gb_content_width":"","iawp_total_views":4,"footnotes":""},"dipi_cpt_category":[],"class_list":["post-25547534","page","type-page","status-publish","hentry"],"yoast_head":"<!-- This site is optimized with the Yoast SEO plugin v27.2 - https:\/\/yoast.com\/product\/yoast-seo-wordpress\/ -->\n<title>DaRi-j\u00e4rjestelm\u00e4 D2 - DaRi System<\/title>\n<meta name=\"robots\" content=\"index, follow, max-snippet:-1, max-image-preview:large, max-video-preview:-1\" \/>\n<link rel=\"canonical\" href=\"https:\/\/dari-system.com\/fi\/dari-jaerjestelmae-d2\/\" \/>\n<meta property=\"og:locale\" content=\"fi_FI\" \/>\n<meta property=\"og:type\" content=\"article\" \/>\n<meta property=\"og:title\" content=\"DaRi-j\u00e4rjestelm\u00e4 D2 - DaRi System\" \/>\n<meta property=\"og:description\" content=\"DaRi-systeemi D2Katoille, joissa kattotiilet ty\u00f6ntyv\u00e4t syv\u00e4lle kouruun.Kattotiilet ty\u00f6ntyv\u00e4t usein syv\u00e4lle kouruun, erityisesti jyrkill\u00e4 katoilla.T\u00e4llaisissa tapauksissa DaRi-systeemi D1 on usein vaikea asentaa.DaRi-systeemi D2 on suunniteltu n\u00e4it\u00e4 kouruja varten.Katso lyhytelokuva, josta saat lis\u00e4tietoja:DaRi-systeemi D2 on saatavana vain kourukokoon 33.Onko DaRi System D2 oikea kouruusi? Sitten voit tilata suoraan t\u00e4\u00e4lt\u00e4:\" \/>\n<meta property=\"og:url\" content=\"https:\/\/dari-system.com\/fi\/dari-jaerjestelmae-d2\/\" \/>\n<meta property=\"og:site_name\" content=\"DaRi System\" \/>\n<meta property=\"article:modified_time\" content=\"2024-09-30T19:03:38+00:00\" \/>\n<meta name=\"twitter:card\" content=\"summary_large_image\" \/>\n<meta name=\"twitter:label1\" content=\"Arvioitu lukuaika\" \/>\n\t<meta name=\"twitter:data1\" content=\"4 minuuttia\" \/>\n<script type=\"application\/ld+json\" class=\"yoast-schema-graph\">{\"@context\":\"https:\/\/schema.org\",\"@graph\":[{\"@type\":\"WebPage\",\"@id\":\"https:\/\/dari-system.com\/fi\/dari-jaerjestelmae-d2\/\",\"url\":\"https:\/\/dari-system.com\/fi\/dari-jaerjestelmae-d2\/\",\"name\":\"DaRi-j\u00e4rjestelm\u00e4 D2 - DaRi System\",\"isPartOf\":{\"@id\":\"https:\/\/dari-system.com\/fi\/#website\"},\"datePublished\":\"2024-05-28T18:02:41+00:00\",\"dateModified\":\"2024-09-30T19:03:38+00:00\",\"breadcrumb\":{\"@id\":\"https:\/\/dari-system.com\/fi\/dari-jaerjestelmae-d2\/#breadcrumb\"},\"inLanguage\":\"fi\",\"potentialAction\":[{\"@type\":\"ReadAction\",\"target\":[\"https:\/\/dari-system.com\/fi\/dari-jaerjestelmae-d2\/\"]}]},{\"@type\":\"BreadcrumbList\",\"@id\":\"https:\/\/dari-system.com\/fi\/dari-jaerjestelmae-d2\/#breadcrumb\",\"itemListElement\":[{\"@type\":\"ListItem\",\"position\":1,\"name\":\"Startseite\",\"item\":\"https:\/\/dari-system.com\/fi\/\"},{\"@type\":\"ListItem\",\"position\":2,\"name\":\"DaRi-j\u00e4rjestelm\u00e4 D2\"}]},{\"@type\":\"WebSite\",\"@id\":\"https:\/\/dari-system.com\/fi\/#website\",\"url\":\"https:\/\/dari-system.com\/fi\/\",\"name\":\"DaRi System\",\"description\":\"\",\"potentialAction\":[{\"@type\":\"SearchAction\",\"target\":{\"@type\":\"EntryPoint\",\"urlTemplate\":\"https:\/\/dari-system.com\/fi\/?s={search_term_string}\"},\"query-input\":{\"@type\":\"PropertyValueSpecification\",\"valueRequired\":true,\"valueName\":\"search_term_string\"}}],\"inLanguage\":\"fi\"}]}<\/script>\n<!-- \/ Yoast SEO plugin. -->","yoast_head_json":{"title":"DaRi-j\u00e4rjestelm\u00e4 D2 - DaRi System","robots":{"index":"index","follow":"follow","max-snippet":"max-snippet:-1","max-image-preview":"max-image-preview:large","max-video-preview":"max-video-preview:-1"},"canonical":"https:\/\/dari-system.com\/fi\/dari-jaerjestelmae-d2\/","og_locale":"fi_FI","og_type":"article","og_title":"DaRi-j\u00e4rjestelm\u00e4 D2 - DaRi System","og_description":"DaRi-systeemi D2Katoille, joissa kattotiilet ty\u00f6ntyv\u00e4t syv\u00e4lle kouruun.Kattotiilet ty\u00f6ntyv\u00e4t usein syv\u00e4lle kouruun, erityisesti jyrkill\u00e4 katoilla.T\u00e4llaisissa tapauksissa DaRi-systeemi D1 on usein vaikea asentaa.DaRi-systeemi D2 on suunniteltu n\u00e4it\u00e4 kouruja varten.Katso lyhytelokuva, josta saat lis\u00e4tietoja:DaRi-systeemi D2 on saatavana vain kourukokoon 33.Onko DaRi System D2 oikea kouruusi? Sitten voit tilata suoraan t\u00e4\u00e4lt\u00e4:","og_url":"https:\/\/dari-system.com\/fi\/dari-jaerjestelmae-d2\/","og_site_name":"DaRi System","article_modified_time":"2024-09-30T19:03:38+00:00","twitter_card":"summary_large_image","twitter_misc":{"Arvioitu lukuaika":"4 minuuttia"},"schema":{"@context":"https:\/\/schema.org","@graph":[{"@type":"WebPage","@id":"https:\/\/dari-system.com\/fi\/dari-jaerjestelmae-d2\/","url":"https:\/\/dari-system.com\/fi\/dari-jaerjestelmae-d2\/","name":"DaRi-j\u00e4rjestelm\u00e4 D2 - DaRi System","isPartOf":{"@id":"https:\/\/dari-system.com\/fi\/#website"},"datePublished":"2024-05-28T18:02:41+00:00","dateModified":"2024-09-30T19:03:38+00:00","breadcrumb":{"@id":"https:\/\/dari-system.com\/fi\/dari-jaerjestelmae-d2\/#breadcrumb"},"inLanguage":"fi","potentialAction":[{"@type":"ReadAction","target":["https:\/\/dari-system.com\/fi\/dari-jaerjestelmae-d2\/"]}]},{"@type":"BreadcrumbList","@id":"https:\/\/dari-system.com\/fi\/dari-jaerjestelmae-d2\/#breadcrumb","itemListElement":[{"@type":"ListItem","position":1,"name":"Startseite","item":"https:\/\/dari-system.com\/fi\/"},{"@type":"ListItem","position":2,"name":"DaRi-j\u00e4rjestelm\u00e4 D2"}]},{"@type":"WebSite","@id":"https:\/\/dari-system.com\/fi\/#website","url":"https:\/\/dari-system.com\/fi\/","name":"DaRi System","description":"","potentialAction":[{"@type":"SearchAction","target":{"@type":"EntryPoint","urlTemplate":"https:\/\/dari-system.com\/fi\/?s={search_term_string}"},"query-input":{"@type":"PropertyValueSpecification","valueRequired":true,"valueName":"search_term_string"}}],"inLanguage":"fi"}]}},"_links":{"self":[{"href":"https:\/\/dari-system.com\/fi\/wp-json\/wp\/v2\/pages\/25547534","targetHints":{"allow":["GET"]}}],"collection":[{"href":"https:\/\/dari-system.com\/fi\/wp-json\/wp\/v2\/pages"}],"about":[{"href":"https:\/\/dari-system.com\/fi\/wp-json\/wp\/v2\/types\/page"}],"author":[{"embeddable":true,"href":"https:\/\/dari-system.com\/fi\/wp-json\/wp\/v2\/users\/1"}],"replies":[{"embeddable":true,"href":"https:\/\/dari-system.com\/fi\/wp-json\/wp\/v2\/comments?post=25547534"}],"version-history":[{"count":5,"href":"https:\/\/dari-system.com\/fi\/wp-json\/wp\/v2\/pages\/25547534\/revisions"}],"predecessor-version":[{"id":25549695,"href":"https:\/\/dari-system.com\/fi\/wp-json\/wp\/v2\/pages\/25547534\/revisions\/25549695"}],"wp:attachment":[{"href":"https:\/\/dari-system.com\/fi\/wp-json\/wp\/v2\/media?parent=25547534"}],"wp:term":[{"taxonomy":"dipi_cpt_category","embeddable":true,"href":"https:\/\/dari-system.com\/fi\/wp-json\/wp\/v2\/dipi_cpt_category?post=25547534"}],"curies":[{"name":"wp","href":"https:\/\/api.w.org\/{rel}","templated":true}]}}