{"id":25547531,"date":"2024-05-28T19:38:30","date_gmt":"2024-05-28T19:38:30","guid":{"rendered":"https:\/\/dari-system.com\/dari-jaerjestelmae-d3\/"},"modified":"2024-09-30T18:52:55","modified_gmt":"2024-09-30T18:52:55","slug":"dari-jaerjestelmae-d3","status":"publish","type":"page","link":"https:\/\/dari-system.com\/fi\/dari-jaerjestelmae-d3\/","title":{"rendered":"DaRi-j\u00e4rjestelm\u00e4 D3"},"content":{"rendered":"<p>[et_pb_section fb_built=&#8221;1&#8243; admin_label=&#8221;TBVS &#8211; Light &#8211; Content 5&#8243; _builder_version=&#8221;4.25.0&#8243; _module_preset=&#8221;773cbfc0-e6bc-474b-b613-dad4bc024acd&#8221; global_colors_info=&#8221;{}&#8221;][et_pb_row column_structure=&#8221;2_5,3_5&#8243; make_equal=&#8221;on&#8221; _builder_version=&#8221;4.25.0&#8243; _module_preset=&#8221;default&#8221; global_colors_info=&#8221;{}&#8221;][et_pb_column type=&#8221;2_5&#8243; _builder_version=&#8221;4.16&#8243; _module_preset=&#8221;default&#8221; global_colors_info=&#8221;{}&#8221;][et_pb_image src=&#8221;https:\/\/dari-system.com\/wp-content\/uploads\/2024\/05\/dari_d3_montiert.webp&#8221; alt=&#8221;DaRi-j\u00e4rjestelm\u00e4 D3 asennettuna&#8221; title_text=&#8221;dari_d3_assembled&#8221; show_in_lightbox=&#8221;on&#8221; _builder_version=&#8221;4.25.0&#8243; _module_preset=&#8221;default&#8221; border_radii=&#8221;on|44px|44px|44px|44px&#8221; global_colors_info=&#8221;{}&#8221;][\/et_pb_image][\/et_pb_column][et_pb_column type=&#8221;3_5&#8243; _builder_version=&#8221;4.25.0&#8243; _module_preset=&#8221;default&#8221; custom_padding_tablet=&#8221;||30px||false|false&#8221; custom_padding_phone=&#8221;&#8221; custom_padding_last_edited=&#8221;on|tablet&#8221; custom_css_main_element=&#8221;margin: auto;&#8221; global_colors_info=&#8221;{}&#8221;][et_pb_text _builder_version=&#8221;4.27.0&#8243; _module_preset=&#8221;c68383f9-009f-4682-a0ef-f1cc616ecd44&#8243; width=&#8221;99.1%&#8221; hover_enabled=&#8221;0&#8243; global_colors_info=&#8221;{}&#8221; sticky_enabled=&#8221;0&#8243;]<\/p>\n<h1>DaRi-systeemi D3<\/h1>\n<p>[\/et_pb_text][et_pb_text _builder_version=&#8221;4.25.0&#8243; _module_preset=&#8221;default&#8221; header_3_text_color=&#8221;#FFFFFF&#8221; header_3_line_height=&#8221;1.1em&#8221; background_layout=&#8221;dark&#8221; custom_margin=&#8221;||5px||false|false&#8221; header_3_text_color_tablet=&#8221;&#8221; header_3_text_color_phone=&#8221;&#8221; header_3_text_color_last_edited=&#8221;on|desktop&#8221; global_colors_info=&#8221;{}&#8221;]<\/p>\n<h3>Erityisesti laatikkokouruja varten<\/h3>\n<p>[\/et_pb_text][\/et_pb_column][\/et_pb_row][\/et_pb_section][et_pb_section fb_built=&#8221;1&#8243; _builder_version=&#8221;4.25.0&#8243; _module_preset=&#8221;default&#8221; global_colors_info=&#8221;{}&#8221;][et_pb_row column_structure=&#8221;1_2,1_2&#8243; _builder_version=&#8221;4.25.0&#8243; _module_preset=&#8221;default&#8221; custom_padding=&#8221;0px||0px||false|false&#8221; global_colors_info=&#8221;{}&#8221;][et_pb_column type=&#8221;1_2&#8243; _builder_version=&#8221;4.25.0&#8243; _module_preset=&#8221;default&#8221; custom_css_main_element=&#8221;margin: auto;&#8221; border_color_right=&#8221;#4C76A9&#8243; global_colors_info=&#8221;{}&#8221;][et_pb_text _builder_version=&#8221;4.27.0&#8243; _module_preset=&#8221;default&#8221; hover_enabled=&#8221;0&#8243; global_colors_info=&#8221;{}&#8221; sticky_enabled=&#8221;0&#8243;]<\/p>\n<p>DaRi-systeemi D3 on kourujen suojausj\u00e4rjestelm\u00e4, jota voidaan k\u00e4ytt\u00e4\u00e4 monenkokoisissa laatikkokouruissa. Kaksi osaa liitet\u00e4\u00e4n aina toisiinsa vastakkain nastoilla. DaRi-systeemi D3 on 76 cm pitk\u00e4. Riippuen siit\u00e4, kuinka pitk\u00e4lle kaksi osaa menev\u00e4t p\u00e4\u00e4llekk\u00e4in, DaRi-systeemi D3 voidaan sovittaa eri kourunleveyksiin. Lyhent\u00e4m\u00e4ll\u00e4 korkeutta takana olevien leikkausurien kohdalta DaRi-systeemi D3 voidaan mukauttaa my\u00f6s eri kourukorkeuksiin.<\/p>\n<p>DaRi-systeemi D3 ei tarvitse kiinnikkeit\u00e4. Osat levi\u00e4v\u00e4t erilleen yhdist\u00e4misen j\u00e4lkeen ja kiinnittyv\u00e4t n\u00e4in vesikouruun<\/p>\n<p>[\/et_pb_text][\/et_pb_column][et_pb_column type=&#8221;1_2&#8243; _builder_version=&#8221;4.25.0&#8243; _module_preset=&#8221;default&#8221; global_colors_info=&#8221;{}&#8221;][et_pb_text _builder_version=&#8221;4.27.0&#8243; _module_preset=&#8221;default&#8221; background_color=&#8221;#F5B177&#8243; custom_margin=&#8221;0px|0px|0px|0px|false|false&#8221; custom_margin_tablet=&#8221;0px|0px|0px|0px|false|false&#8221; custom_margin_phone=&#8221;66px|0px|0px|0px|false|false&#8221; custom_margin_last_edited=&#8221;on|phone&#8221; custom_padding=&#8221;17px|23px|17px|23px|true|true&#8221; hover_enabled=&#8221;0&#8243; border_radii=&#8221;off|20px|20px||&#8221; global_colors_info=&#8221;{}&#8221; sticky_enabled=&#8221;0&#8243;]<\/p>\n<p>DaRi-systeemi D3 -j\u00e4rjestelm\u00e4ll\u00e4 voidaan hyvin suojata seuraavat laatikkokourukoot:<\/p>\n<p>[\/et_pb_text][et_pb_text _builder_version=&#8221;4.27.0&#8243; _module_preset=&#8221;default&#8221; background_color=&#8221;#F58347&#8243; background_layout=&#8221;dark&#8221; custom_margin=&#8221;0px|0px|0px|0px|false|false&#8221; custom_padding=&#8221;17px|23px|17px|23px|true|true&#8221; hover_enabled=&#8221;0&#8243; border_radii=&#8221;off|||20px|20px&#8221; global_colors_info=&#8221;{}&#8221; sticky_enabled=&#8221;0&#8243;]<\/p>\n<p>L<span style=\"text-decoration: underline;\">eveys<\/span>: 4,8 cm &#8211; 12 cm<\/p>\n<p><span style=\"text-decoration: underline;\">Syvyys<\/span>: 3,5 cm &#8211; 7,5 cm.<\/p>\n<p>[\/et_pb_text][et_pb_image src=&#8221;https:\/\/dari-system.com\/wp-content\/uploads\/2024\/05\/einbausituation_d3.webp&#8221; alt=&#8221;DaRi System D3 Asennustilanne&#8221; title_text=&#8221;asennus_tilanne_d3&#8243; align=&#8221;center&#8221; _builder_version=&#8221;4.25.0&#8243; _module_preset=&#8221;default&#8221; custom_margin=&#8221;46px||||false|false&#8221; custom_margin_tablet=&#8221;46px||||false|false&#8221; custom_margin_phone=&#8221;74px||||false|false&#8221; custom_margin_last_edited=&#8221;on|phone&#8221; global_colors_info=&#8221;{}&#8221;][\/et_pb_image][\/et_pb_column][\/et_pb_row][\/et_pb_section][et_pb_section fb_built=&#8221;1&#8243; admin_label=&#8221;Produktvergleich&#8221; module_class=&#8221;tbvs-section-light&#8221; _builder_version=&#8221;4.25.0&#8243; _module_preset=&#8221;default&#8221; background_color=&#8221;#cde2f2&#8243; background_enable_image=&#8221;off&#8221; parallax=&#8221;on&#8221; z_index=&#8221;5&#8243; min_height=&#8221;410.3px&#8221; custom_margin=&#8221;33px||14px||false|false&#8221; custom_padding=&#8221;46px||||false|false&#8221; top_divider_height=&#8221;72px&#8221; global_colors_info=&#8221;{}&#8221;][et_pb_row column_structure=&#8221;1_2,1_2&#8243; _builder_version=&#8221;4.25.0&#8243; _module_preset=&#8221;default&#8221; global_colors_info=&#8221;{}&#8221;][et_pb_column type=&#8221;1_2&#8243; _builder_version=&#8221;4.25.0&#8243; _module_preset=&#8221;default&#8221; background_enable_color=&#8221;off&#8221; border_color_top=&#8221;#4C76A9&#8243; global_colors_info=&#8221;{}&#8221;][et_pb_text _builder_version=&#8221;4.27.0&#8243; _module_preset=&#8221;default&#8221; custom_margin=&#8221;||||false|true&#8221; custom_padding=&#8221;||||false|false&#8221; hover_enabled=&#8221;0&#8243; header_3_text_align_tablet=&#8221;&#8221; header_3_text_align_phone=&#8221;&#8221; header_3_text_align_last_edited=&#8221;on|desktop&#8221; global_colors_info=&#8221;{}&#8221; sticky_enabled=&#8221;0&#8243;]<\/p>\n<h3>Lue t\u00e4\u00e4lt\u00e4, miten DaRi-systeemi D3 toimii:<\/h3>\n<p>[\/et_pb_text][et_pb_code _builder_version=&#8221;4.27.0&#8243; _module_preset=&#8221;default&#8221; border_radii=&#8221;on|10px|10px|10px|10px&#8221; box_shadow_style=&#8221;preset1&#8243; global_colors_info=&#8221;{}&#8221;] <\/p>\n<div class=\"brlbs-cmpnt-container brlbs-cmpnt-content-blocker brlbs-cmpnt-with-individual-styles\" data-borlabs-cookie-content-blocker-id=\"youtube-content-blocker\" data-borlabs-cookie-content=\"PGRpdiBjbGFzcz0iYnJsYnMtY21wbnQtY2ItZmx1aWQtd2lkdGgtdmlkZW8td3JhcHBlci15b3V0dWJlIj48aWZyYW1lIHNyYz0iaHR0cHM6Ly93d3cueW91dHViZS1ub2Nvb2tpZS5jb20vZW1iZWQvSzFoeHRSNjlPVVk\/bW9kZXN0YnJhbmRpbmc9MSZyZWw9MCIgd2lkdGg9IjU2MCIgaGVpZ2h0PSIzMTUiIHRpdGxlPSJMYWF0aWtrb2tvdXJ1amVuIGxlaHRpc3VvamF1cyIgZnJhbWVib3JkZXI9IjAiIGFsbG93ZnVsbHNjcmVlbj0iIj48L2lmcmFtZT48L2Rpdj4=\">\n<div class=\"brlbs-cmpnt-cb-preset-c brlbs-cmpnt-cb-youtube\">\n<div class=\"brlbs-cmpnt-cb-thumbnail\" style=\"background-image: url('https:\/\/dari-system.com\/wp-content\/uploads\/borlabs-cookie\/1\/yt_K1hxtR69OUY_hqdefault.jpg')\"><\/div>\n<div class=\"brlbs-cmpnt-cb-main\">\n<div class=\"brlbs-cmpnt-cb-play-button\"><\/div>\n<div class=\"brlbs-cmpnt-cb-content\">\n<p class=\"brlbs-cmpnt-cb-description\">You are currently viewing a placeholder content from <strong>YouTube<\/strong>. To access the actual content, click the button below. Please note that doing so will share data with third-party providers.<\/p>\n<p> <a class=\"brlbs-cmpnt-cb-provider-toggle\" href=\"#\" data-borlabs-cookie-show-provider-information role=\"button\">More Information<\/a> <\/div>\n<div class=\"brlbs-cmpnt-cb-buttons\"> <a class=\"brlbs-cmpnt-cb-btn\" href=\"#\" data-borlabs-cookie-unblock role=\"button\">Unblock content<\/a> <a class=\"brlbs-cmpnt-cb-btn\" href=\"#\" data-borlabs-cookie-accept-service role=\"button\" style=\"display: inherit\">Accept required service and unblock content<\/a> <\/div>\n<\/p><\/div>\n<\/p><\/div>\n<\/div>\n<p>[\/et_pb_code][\/et_pb_column][et_pb_column type=&#8221;1_2&#8243; _builder_version=&#8221;4.25.0&#8243; _module_preset=&#8221;default&#8221; background_enable_color=&#8221;off&#8221; border_color_top=&#8221;#4C76A9&#8243; global_colors_info=&#8221;{}&#8221;][et_pb_text _builder_version=&#8221;4.27.0&#8243; _module_preset=&#8221;default&#8221; custom_margin=&#8221;||||false|true&#8221; custom_padding=&#8221;||||false|false&#8221; hover_enabled=&#8221;0&#8243; header_3_text_align_tablet=&#8221;&#8221; header_3_text_align_phone=&#8221;&#8221; header_3_text_align_last_edited=&#8221;on|desktop&#8221; global_colors_info=&#8221;{}&#8221; sticky_enabled=&#8221;0&#8243;]<\/p>\n<h3>T\u00e4\u00e4lt\u00e4 l\u00f6yd\u00e4t DaRi-systeemi D3:n kokoonpano-ohjeet:<\/h3>\n<p>[\/et_pb_text][et_pb_button button_url=&#8221;https:\/\/dari-system.com\/fi\/asennusohjeet-dari-system-d3\/&#8221; button_text=&#8221;DaRi-systeemi D3 kiinnitys&#8221; _builder_version=&#8221;4.27.0&#8243; _module_preset=&#8221;default&#8221; hover_enabled=&#8221;0&#8243; global_colors_info=&#8221;{}&#8221; sticky_enabled=&#8221;0&#8243;][\/et_pb_button][\/et_pb_column][\/et_pb_row][\/et_pb_section][et_pb_section fb_built=&#8221;1&#8243; _builder_version=&#8221;4.25.0&#8243; _module_preset=&#8221;default&#8221; global_colors_info=&#8221;{}&#8221;][et_pb_row _builder_version=&#8221;4.25.0&#8243; _module_preset=&#8221;default&#8221; global_colors_info=&#8221;{}&#8221;][et_pb_column type=&#8221;4_4&#8243; _builder_version=&#8221;4.25.0&#8243; _module_preset=&#8221;default&#8221; global_colors_info=&#8221;{}&#8221;][et_pb_text _builder_version=&#8221;4.25.0&#8243; _module_preset=&#8221;default&#8221; custom_margin=&#8221;||||false|true&#8221; custom_padding=&#8221;||||false|false&#8221; header_3_text_align_tablet=&#8221;&#8221; header_3_text_align_phone=&#8221;&#8221; header_3_text_align_last_edited=&#8221;on|desktop&#8221; global_colors_info=&#8221;{}&#8221;]<\/p>\n<h3 style=\"text-align: center;\">Jos tarvitset suojaj\u00e4rjestelm\u00e4n rasiakouruusi, voit tilata sen t\u00e4\u00e4lt\u00e4:<\/h3>\n<p>[\/et_pb_text][\/et_pb_column][\/et_pb_row][et_pb_row _builder_version=&#8221;4.25.0&#8243; _module_preset=&#8221;default&#8221; global_colors_info=&#8221;{}&#8221;][et_pb_column type=&#8221;4_4&#8243; _builder_version=&#8221;4.25.0&#8243; _module_preset=&#8221;default&#8221; global_colors_info=&#8221;{}&#8221;][et_pb_button button_url=&#8221;https:\/\/dari-system.com\/fi\/produkt\/dari-jaerjestelmae-d3\/&#8221; button_text=&#8221;kauppaan&#8221; button_alignment=&#8221;center&#8221; _builder_version=&#8221;4.27.0&#8243; _module_preset=&#8221;default&#8221; global_colors_info=&#8221;{}&#8221;][\/et_pb_button][\/et_pb_column][\/et_pb_row][\/et_pb_section]<\/p>\n","protected":false},"excerpt":{"rendered":"<p>DaRi-systeemi D3Erityisesti laatikkokouruja vartenDaRi-systeemi D3 on kourujen suojausj\u00e4rjestelm\u00e4, jota voidaan k\u00e4ytt\u00e4\u00e4 monenkokoisissa laatikkokouruissa. Kaksi osaa liitet\u00e4\u00e4n aina toisiinsa vastakkain nastoilla. DaRi-systeemi D3 on 76 cm pitk\u00e4. Riippuen siit\u00e4, kuinka pitk\u00e4lle kaksi osaa menev\u00e4t p\u00e4\u00e4llekk\u00e4in, DaRi-systeemi D3 voidaan sovittaa eri kourunleveyksiin. Lyhent\u00e4m\u00e4ll\u00e4 korkeutta takana olevien leikkausurien kohdalta DaRi-systeemi D3 voidaan mukauttaa my\u00f6s eri kourukorkeuksiin. DaRi-systeemi D3 [&hellip;]<\/p>\n","protected":false},"author":1,"featured_media":0,"parent":0,"menu_order":0,"comment_status":"closed","ping_status":"closed","template":"","meta":{"_et_pb_use_builder":"on","_et_pb_old_content":"","_et_gb_content_width":"","iawp_total_views":5,"footnotes":""},"dipi_cpt_category":[],"class_list":["post-25547531","page","type-page","status-publish","hentry"],"yoast_head":"<!-- This site is optimized with the Yoast SEO plugin v27.2 - https:\/\/yoast.com\/product\/yoast-seo-wordpress\/ -->\n<title>DaRi-j\u00e4rjestelm\u00e4 D3 - DaRi System<\/title>\n<meta name=\"robots\" content=\"index, follow, max-snippet:-1, max-image-preview:large, max-video-preview:-1\" \/>\n<link rel=\"canonical\" href=\"https:\/\/dari-system.com\/fi\/dari-jaerjestelmae-d3\/\" \/>\n<meta property=\"og:locale\" content=\"fi_FI\" \/>\n<meta property=\"og:type\" content=\"article\" \/>\n<meta property=\"og:title\" content=\"DaRi-j\u00e4rjestelm\u00e4 D3 - DaRi System\" \/>\n<meta property=\"og:description\" content=\"DaRi-systeemi D3Erityisesti laatikkokouruja vartenDaRi-systeemi D3 on kourujen suojausj\u00e4rjestelm\u00e4, jota voidaan k\u00e4ytt\u00e4\u00e4 monenkokoisissa laatikkokouruissa. Kaksi osaa liitet\u00e4\u00e4n aina toisiinsa vastakkain nastoilla. DaRi-systeemi D3 on 76 cm pitk\u00e4. Riippuen siit\u00e4, kuinka pitk\u00e4lle kaksi osaa menev\u00e4t p\u00e4\u00e4llekk\u00e4in, DaRi-systeemi D3 voidaan sovittaa eri kourunleveyksiin. Lyhent\u00e4m\u00e4ll\u00e4 korkeutta takana olevien leikkausurien kohdalta DaRi-systeemi D3 voidaan mukauttaa my\u00f6s eri kourukorkeuksiin. DaRi-systeemi D3 [&hellip;]\" \/>\n<meta property=\"og:url\" content=\"https:\/\/dari-system.com\/fi\/dari-jaerjestelmae-d3\/\" \/>\n<meta property=\"og:site_name\" content=\"DaRi System\" \/>\n<meta property=\"article:modified_time\" content=\"2024-09-30T18:52:55+00:00\" \/>\n<meta name=\"twitter:card\" content=\"summary_large_image\" \/>\n<meta name=\"twitter:label1\" content=\"Arvioitu lukuaika\" \/>\n\t<meta name=\"twitter:data1\" content=\"5 minuuttia\" \/>\n<script type=\"application\/ld+json\" class=\"yoast-schema-graph\">{\"@context\":\"https:\/\/schema.org\",\"@graph\":[{\"@type\":\"WebPage\",\"@id\":\"https:\/\/dari-system.com\/fi\/dari-jaerjestelmae-d3\/\",\"url\":\"https:\/\/dari-system.com\/fi\/dari-jaerjestelmae-d3\/\",\"name\":\"DaRi-j\u00e4rjestelm\u00e4 D3 - DaRi System\",\"isPartOf\":{\"@id\":\"https:\/\/dari-system.com\/fi\/#website\"},\"datePublished\":\"2024-05-28T19:38:30+00:00\",\"dateModified\":\"2024-09-30T18:52:55+00:00\",\"breadcrumb\":{\"@id\":\"https:\/\/dari-system.com\/fi\/dari-jaerjestelmae-d3\/#breadcrumb\"},\"inLanguage\":\"fi\",\"potentialAction\":[{\"@type\":\"ReadAction\",\"target\":[\"https:\/\/dari-system.com\/fi\/dari-jaerjestelmae-d3\/\"]}]},{\"@type\":\"BreadcrumbList\",\"@id\":\"https:\/\/dari-system.com\/fi\/dari-jaerjestelmae-d3\/#breadcrumb\",\"itemListElement\":[{\"@type\":\"ListItem\",\"position\":1,\"name\":\"Startseite\",\"item\":\"https:\/\/dari-system.com\/fi\/\"},{\"@type\":\"ListItem\",\"position\":2,\"name\":\"DaRi-j\u00e4rjestelm\u00e4 D3\"}]},{\"@type\":\"WebSite\",\"@id\":\"https:\/\/dari-system.com\/fi\/#website\",\"url\":\"https:\/\/dari-system.com\/fi\/\",\"name\":\"DaRi System\",\"description\":\"\",\"potentialAction\":[{\"@type\":\"SearchAction\",\"target\":{\"@type\":\"EntryPoint\",\"urlTemplate\":\"https:\/\/dari-system.com\/fi\/?s={search_term_string}\"},\"query-input\":{\"@type\":\"PropertyValueSpecification\",\"valueRequired\":true,\"valueName\":\"search_term_string\"}}],\"inLanguage\":\"fi\"}]}<\/script>\n<!-- \/ Yoast SEO plugin. -->","yoast_head_json":{"title":"DaRi-j\u00e4rjestelm\u00e4 D3 - DaRi System","robots":{"index":"index","follow":"follow","max-snippet":"max-snippet:-1","max-image-preview":"max-image-preview:large","max-video-preview":"max-video-preview:-1"},"canonical":"https:\/\/dari-system.com\/fi\/dari-jaerjestelmae-d3\/","og_locale":"fi_FI","og_type":"article","og_title":"DaRi-j\u00e4rjestelm\u00e4 D3 - DaRi System","og_description":"DaRi-systeemi D3Erityisesti laatikkokouruja vartenDaRi-systeemi D3 on kourujen suojausj\u00e4rjestelm\u00e4, jota voidaan k\u00e4ytt\u00e4\u00e4 monenkokoisissa laatikkokouruissa. Kaksi osaa liitet\u00e4\u00e4n aina toisiinsa vastakkain nastoilla. DaRi-systeemi D3 on 76 cm pitk\u00e4. Riippuen siit\u00e4, kuinka pitk\u00e4lle kaksi osaa menev\u00e4t p\u00e4\u00e4llekk\u00e4in, DaRi-systeemi D3 voidaan sovittaa eri kourunleveyksiin. Lyhent\u00e4m\u00e4ll\u00e4 korkeutta takana olevien leikkausurien kohdalta DaRi-systeemi D3 voidaan mukauttaa my\u00f6s eri kourukorkeuksiin. DaRi-systeemi D3 [&hellip;]","og_url":"https:\/\/dari-system.com\/fi\/dari-jaerjestelmae-d3\/","og_site_name":"DaRi System","article_modified_time":"2024-09-30T18:52:55+00:00","twitter_card":"summary_large_image","twitter_misc":{"Arvioitu lukuaika":"5 minuuttia"},"schema":{"@context":"https:\/\/schema.org","@graph":[{"@type":"WebPage","@id":"https:\/\/dari-system.com\/fi\/dari-jaerjestelmae-d3\/","url":"https:\/\/dari-system.com\/fi\/dari-jaerjestelmae-d3\/","name":"DaRi-j\u00e4rjestelm\u00e4 D3 - DaRi System","isPartOf":{"@id":"https:\/\/dari-system.com\/fi\/#website"},"datePublished":"2024-05-28T19:38:30+00:00","dateModified":"2024-09-30T18:52:55+00:00","breadcrumb":{"@id":"https:\/\/dari-system.com\/fi\/dari-jaerjestelmae-d3\/#breadcrumb"},"inLanguage":"fi","potentialAction":[{"@type":"ReadAction","target":["https:\/\/dari-system.com\/fi\/dari-jaerjestelmae-d3\/"]}]},{"@type":"BreadcrumbList","@id":"https:\/\/dari-system.com\/fi\/dari-jaerjestelmae-d3\/#breadcrumb","itemListElement":[{"@type":"ListItem","position":1,"name":"Startseite","item":"https:\/\/dari-system.com\/fi\/"},{"@type":"ListItem","position":2,"name":"DaRi-j\u00e4rjestelm\u00e4 D3"}]},{"@type":"WebSite","@id":"https:\/\/dari-system.com\/fi\/#website","url":"https:\/\/dari-system.com\/fi\/","name":"DaRi System","description":"","potentialAction":[{"@type":"SearchAction","target":{"@type":"EntryPoint","urlTemplate":"https:\/\/dari-system.com\/fi\/?s={search_term_string}"},"query-input":{"@type":"PropertyValueSpecification","valueRequired":true,"valueName":"search_term_string"}}],"inLanguage":"fi"}]}},"_links":{"self":[{"href":"https:\/\/dari-system.com\/fi\/wp-json\/wp\/v2\/pages\/25547531","targetHints":{"allow":["GET"]}}],"collection":[{"href":"https:\/\/dari-system.com\/fi\/wp-json\/wp\/v2\/pages"}],"about":[{"href":"https:\/\/dari-system.com\/fi\/wp-json\/wp\/v2\/types\/page"}],"author":[{"embeddable":true,"href":"https:\/\/dari-system.com\/fi\/wp-json\/wp\/v2\/users\/1"}],"replies":[{"embeddable":true,"href":"https:\/\/dari-system.com\/fi\/wp-json\/wp\/v2\/comments?post=25547531"}],"version-history":[{"count":6,"href":"https:\/\/dari-system.com\/fi\/wp-json\/wp\/v2\/pages\/25547531\/revisions"}],"predecessor-version":[{"id":25549692,"href":"https:\/\/dari-system.com\/fi\/wp-json\/wp\/v2\/pages\/25547531\/revisions\/25549692"}],"wp:attachment":[{"href":"https:\/\/dari-system.com\/fi\/wp-json\/wp\/v2\/media?parent=25547531"}],"wp:term":[{"taxonomy":"dipi_cpt_category","embeddable":true,"href":"https:\/\/dari-system.com\/fi\/wp-json\/wp\/v2\/dipi_cpt_category?post=25547531"}],"curies":[{"name":"wp","href":"https:\/\/api.w.org\/{rel}","templated":true}]}}