{"id":25547504,"date":"2024-05-23T13:32:49","date_gmt":"2024-05-23T13:32:49","guid":{"rendered":"https:\/\/dari-system.com\/peruutusehdot\/"},"modified":"2024-08-19T15:01:23","modified_gmt":"2024-08-19T15:01:23","slug":"peruutusehdot","status":"publish","type":"page","link":"https:\/\/dari-system.com\/fi\/peruutusehdot\/","title":{"rendered":"Peruutusehdot"},"content":{"rendered":"<p>[et_pb_section fb_built=&#8221;1&#8243; fullwidth=&#8221;on&#8221; _builder_version=&#8221;4.25.0&#8243; _module_preset=&#8221;default&#8221; bottom_divider_color=&#8221;#FFFFFF&#8221; bottom_divider_height=&#8221;82px&#8221; bottom_divider_flip=&#8221;horizontal&#8221; locked=&#8221;off&#8221; global_colors_info=&#8221;{}&#8221;][et_pb_fullwidth_header title=&#8221;Peruutusehdot&#8221; _builder_version=&#8221;4.25.0&#8243; _module_preset=&#8221;default&#8221; title_font=&#8221;|800|||||||&#8221; title_font_size=&#8221;45px&#8221; background_image=&#8221;https:\/\/dari-system.com\/wp-content\/uploads\/2024\/05\/header_background.webp&#8221; background_position=&#8221;bottom_center&#8221; custom_padding=&#8221;8vh||8vh||true|false&#8221; title_font_size_tablet=&#8221;45px&#8221; title_font_size_phone=&#8221;29px&#8221; title_font_size_last_edited=&#8221;on|phone&#8221; content_font_size_tablet=&#8221;&#8221; content_font_size_phone=&#8221;17px&#8221; content_font_size_last_edited=&#8221;on|phone&#8221; global_colors_info=&#8221;{}&#8221;][\/et_pb_fullwidth_header][\/et_pb_section][et_pb_section fb_built=&#8221;1&#8243; _builder_version=&#8221;4.25.0&#8243; _module_preset=&#8221;default&#8221; global_colors_info=&#8221;{}&#8221;][et_pb_row _builder_version=&#8221;4.25.0&#8243; _module_preset=&#8221;default&#8221; global_colors_info=&#8221;{}&#8221;][et_pb_column type=&#8221;4_4&#8243; _builder_version=&#8221;4.25.0&#8243; _module_preset=&#8221;default&#8221; global_colors_info=&#8221;{}&#8221;][et_pb_text _builder_version=&#8221;4.25.0&#8243; _module_preset=&#8221;default&#8221; hover_enabled=&#8221;0&#8243; global_colors_info=&#8221;{}&#8221; sticky_enabled=&#8221;0&#8243;]<\/p>\n<h2>Peruutusehdot \/ Peruutusoikeus<\/h2>\n<p>Teill\u00e4 on oikeus peruuttaa t\u00e4m\u00e4 sopimus nelj\u00e4ntoista p\u00e4iv\u00e4n kuluessa ilman perusteluja. Peruuttamisaika on nelj\u00e4toista p\u00e4iv\u00e4\u00e4 siit\u00e4 p\u00e4iv\u00e4st\u00e4, jona te tai teid\u00e4n nime\u00e4m\u00e4nne kolmas osapuoli, joka ei ole rahdinkuljettaja, on ottanut tavaran haltuunsa. Peruuttamisoikeuden k\u00e4ytt\u00e4miseksi teid\u00e4n on otettava yhteytt\u00e4 meihin, DaRi-Systemteile GmbH, Rudolf-Nebel-Str.<br \/>\n12, 91781 Wei\u00dfenburg, puh.<br \/>\n09141- 8459370, Fax 09141-8459371, E-Mail<a href=\"mailto:info@dari-system.com\">info@dari-system.com<\/a> yksiselitteisell\u00e4 ilmoituksella (esim. postitse, faksilla tai s\u00e4hk\u00f6postitse l\u00e4hetetyll\u00e4 kirjeell\u00e4) p\u00e4\u00e4t\u00f6ksest\u00e4si peruuttaa sopimus.<br \/>\nVoit k\u00e4ytt\u00e4\u00e4 alla olevaa peruuttamislomakkeen mallia, mutta se ei ole pakollinen.   <br \/>Peruutusajan noudattamiseksi riitt\u00e4\u00e4, ett\u00e4 l\u00e4het\u00e4t ilmoituksen peruutusoikeuden k\u00e4ytt\u00e4misest\u00e4 ennen peruutusajan p\u00e4\u00e4ttymist\u00e4.<\/p>\n<p>Peruutuksen seuraukset: Jos peruutat t\u00e4m\u00e4n sopimuksen, palautamme sinulle kaikki sinulta saamasi maksut, mukaan lukien toimituskustannukset (lukuun ottamatta lis\u00e4kustannuksia, jotka johtuvat siit\u00e4, ett\u00e4 olet valinnut muun toimitustyypin kuin tarjoamamme edullisimman vakiotoimitustyypin), ilman aiheetonta viivytyst\u00e4 ja joka tapauksessa viimeist\u00e4\u00e4n 14 p\u00e4iv\u00e4n kuluessa siit\u00e4 p\u00e4iv\u00e4st\u00e4, jona saamme tiedon p\u00e4\u00e4t\u00f6ksest\u00e4si peruuttaa t\u00e4m\u00e4 sopimus.<br \/>\nK\u00e4yt\u00e4mme t\u00e4t\u00e4 takaisinmaksua varten samaa maksuv\u00e4linett\u00e4, jota k\u00e4ytit alkuper\u00e4isess\u00e4 kaupassa, ellei kanssasi ole nimenomaisesti toisin sovittu; sinulta ei miss\u00e4\u00e4n tapauksessa perit\u00e4 mit\u00e4\u00e4n maksuja t\u00e4st\u00e4 takaisinmaksusta.<br \/>\n<br \/>Voimme pid\u00e4tty\u00e4 palautuksesta, kunnes olemme saaneet tavarat takaisin tai kunnes olet todistanut palauttaneesi tavarat, sen mukaan, kumpi ajankohta on aikaisempi. Sinun on palautettava tai luovutettava tavarat meille v\u00e4litt\u00f6m\u00e4sti ja joka tapauksessa viimeist\u00e4\u00e4n nelj\u00e4ntoista p\u00e4iv\u00e4n kuluessa siit\u00e4 p\u00e4iv\u00e4st\u00e4, jona ilmoitat meille t\u00e4m\u00e4n sopimuksen peruuttamisesta.<\/p>\n<p>M\u00e4\u00e4r\u00e4aikaa noudatetaan, jos l\u00e4het\u00e4tte tavarat ennen nelj\u00e4ntoista p\u00e4iv\u00e4n m\u00e4\u00e4r\u00e4ajan p\u00e4\u00e4ttymist\u00e4. Teid\u00e4n on vastattava tavaroiden palauttamisesta aiheutuvista v\u00e4litt\u00f6mist\u00e4 kustannuksista. Olette vastuussa ainoastaan tavaran arvon alenemisesta, joka johtuu muusta kuin tavaran luonteen, ominaisuuksien ja toiminnan selvitt\u00e4miseksi tarvittavasta k\u00e4sittelyst\u00e4.   <br \/><span style=\"text-decoration: underline;\"><strong>N\u00e4yte peruutuslomakkeesta<\/strong><\/span><\/p>\n<p>(Jos haluat peruuttaa sopimuksen, voit t\u00e4ytt\u00e4\u00e4 t\u00e4m\u00e4n lomakkeen ja l\u00e4hett\u00e4\u00e4 sen takaisin meille) To DaRi-Systemteile GmbH, Rudolf-Nebel-Str.<br \/>\n12, 91781 Wei\u00dfenburg, puh.<br \/>\n<br \/>09141- 8459370, Fax 09141-8459371, E-Mail <a href=\"mailto:info@dari-system.com\">info@dari-system.com<\/a> Peruutan t\u00e4ten sopimuksen, jonka olen tehnyt seuraavien tavaroiden ostamisesta:<\/p>\n<p>&#8230;&#8230;&#8230;&#8230;&#8230;&#8230;&#8230;&#8230;&#8230;&#8230;&#8230;&#8230;&#8230;&#8230;&#8230;&#8230;&#8230;&#8230;&#8230;&#8230;&#8230;&#8230;&#8230;&#8230;&#8230; &#8211; Tilattu &#8230;&#8230;&#8230;., vastaanotettu &#8230;&#8230;&#8230;&#8230;. &#8211; Nimesi: &#8211; Osoitteesi: &#8211; Allekirjoituksesi (vain paperilla) &#8211; P\u00e4iv\u00e4m\u00e4\u00e4r\u00e4:  <\/p>\n<p>[\/et_pb_text][\/et_pb_column][\/et_pb_row][\/et_pb_section]<\/p>\n","protected":false},"excerpt":{"rendered":"<p>Peruutusehdot \/ Peruutusoikeus Teill\u00e4 on oikeus peruuttaa t\u00e4m\u00e4 sopimus nelj\u00e4ntoista p\u00e4iv\u00e4n kuluessa ilman perusteluja. Peruuttamisaika on nelj\u00e4toista p\u00e4iv\u00e4\u00e4 siit\u00e4 p\u00e4iv\u00e4st\u00e4, jona te tai teid\u00e4n nime\u00e4m\u00e4nne kolmas osapuoli, joka ei ole rahdinkuljettaja, on ottanut tavaran haltuunsa. Peruuttamisoikeuden k\u00e4ytt\u00e4miseksi teid\u00e4n on otettava yhteytt\u00e4 meihin, DaRi-Systemteile GmbH, Rudolf-Nebel-Str. 12, 91781 Wei\u00dfenburg, puh. 09141- 8459370, Fax 09141-8459371, E-Mailinfo@dari-system.com yksiselitteisell\u00e4 [&hellip;]<\/p>\n","protected":false},"author":1,"featured_media":0,"parent":0,"menu_order":0,"comment_status":"closed","ping_status":"closed","template":"","meta":{"_et_pb_use_builder":"on","_et_pb_old_content":"","_et_gb_content_width":"","iawp_total_views":2,"footnotes":""},"dipi_cpt_category":[],"class_list":["post-25547504","page","type-page","status-publish","hentry"],"yoast_head":"<!-- This site is optimized with the Yoast SEO plugin v27.4 - https:\/\/yoast.com\/product\/yoast-seo-wordpress\/ -->\n<title>Peruutusehdot - DaRi System<\/title>\n<meta name=\"robots\" content=\"index, follow, max-snippet:-1, max-image-preview:large, max-video-preview:-1\" \/>\n<link rel=\"canonical\" href=\"https:\/\/dari-system.com\/fi\/peruutusehdot\/\" \/>\n<meta property=\"og:locale\" content=\"fi_FI\" \/>\n<meta property=\"og:type\" content=\"article\" \/>\n<meta property=\"og:title\" content=\"Peruutusehdot - DaRi System\" \/>\n<meta property=\"og:description\" content=\"Peruutusehdot \/ Peruutusoikeus Teill\u00e4 on oikeus peruuttaa t\u00e4m\u00e4 sopimus nelj\u00e4ntoista p\u00e4iv\u00e4n kuluessa ilman perusteluja. Peruuttamisaika on nelj\u00e4toista p\u00e4iv\u00e4\u00e4 siit\u00e4 p\u00e4iv\u00e4st\u00e4, jona te tai teid\u00e4n nime\u00e4m\u00e4nne kolmas osapuoli, joka ei ole rahdinkuljettaja, on ottanut tavaran haltuunsa. Peruuttamisoikeuden k\u00e4ytt\u00e4miseksi teid\u00e4n on otettava yhteytt\u00e4 meihin, DaRi-Systemteile GmbH, Rudolf-Nebel-Str. 12, 91781 Wei\u00dfenburg, puh. 09141- 8459370, Fax 09141-8459371, E-Mailinfo@dari-system.com yksiselitteisell\u00e4 [&hellip;]\" \/>\n<meta property=\"og:url\" content=\"https:\/\/dari-system.com\/fi\/peruutusehdot\/\" \/>\n<meta property=\"og:site_name\" content=\"DaRi System\" \/>\n<meta property=\"article:modified_time\" content=\"2024-08-19T15:01:23+00:00\" \/>\n<meta name=\"twitter:card\" content=\"summary_large_image\" \/>\n<meta name=\"twitter:label1\" content=\"Arvioitu lukuaika\" \/>\n\t<meta name=\"twitter:data1\" content=\"3 minuuttia\" \/>\n<script type=\"application\/ld+json\" class=\"yoast-schema-graph\">{\"@context\":\"https:\\\/\\\/schema.org\",\"@graph\":[{\"@type\":\"WebPage\",\"@id\":\"https:\\\/\\\/dari-system.com\\\/fi\\\/peruutusehdot\\\/\",\"url\":\"https:\\\/\\\/dari-system.com\\\/fi\\\/peruutusehdot\\\/\",\"name\":\"Peruutusehdot - DaRi System\",\"isPartOf\":{\"@id\":\"https:\\\/\\\/dari-system.com\\\/fi\\\/#website\"},\"datePublished\":\"2024-05-23T13:32:49+00:00\",\"dateModified\":\"2024-08-19T15:01:23+00:00\",\"breadcrumb\":{\"@id\":\"https:\\\/\\\/dari-system.com\\\/fi\\\/peruutusehdot\\\/#breadcrumb\"},\"inLanguage\":\"fi\",\"potentialAction\":[{\"@type\":\"ReadAction\",\"target\":[\"https:\\\/\\\/dari-system.com\\\/fi\\\/peruutusehdot\\\/\"]}]},{\"@type\":\"BreadcrumbList\",\"@id\":\"https:\\\/\\\/dari-system.com\\\/fi\\\/peruutusehdot\\\/#breadcrumb\",\"itemListElement\":[{\"@type\":\"ListItem\",\"position\":1,\"name\":\"Startseite\",\"item\":\"https:\\\/\\\/dari-system.com\\\/fi\\\/\"},{\"@type\":\"ListItem\",\"position\":2,\"name\":\"Peruutusehdot\"}]},{\"@type\":\"WebSite\",\"@id\":\"https:\\\/\\\/dari-system.com\\\/fi\\\/#website\",\"url\":\"https:\\\/\\\/dari-system.com\\\/fi\\\/\",\"name\":\"DaRi System\",\"description\":\"\",\"potentialAction\":[{\"@type\":\"SearchAction\",\"target\":{\"@type\":\"EntryPoint\",\"urlTemplate\":\"https:\\\/\\\/dari-system.com\\\/fi\\\/?s={search_term_string}\"},\"query-input\":{\"@type\":\"PropertyValueSpecification\",\"valueRequired\":true,\"valueName\":\"search_term_string\"}}],\"inLanguage\":\"fi\"}]}<\/script>\n<!-- \/ Yoast SEO plugin. -->","yoast_head_json":{"title":"Peruutusehdot - DaRi System","robots":{"index":"index","follow":"follow","max-snippet":"max-snippet:-1","max-image-preview":"max-image-preview:large","max-video-preview":"max-video-preview:-1"},"canonical":"https:\/\/dari-system.com\/fi\/peruutusehdot\/","og_locale":"fi_FI","og_type":"article","og_title":"Peruutusehdot - DaRi System","og_description":"Peruutusehdot \/ Peruutusoikeus Teill\u00e4 on oikeus peruuttaa t\u00e4m\u00e4 sopimus nelj\u00e4ntoista p\u00e4iv\u00e4n kuluessa ilman perusteluja. Peruuttamisaika on nelj\u00e4toista p\u00e4iv\u00e4\u00e4 siit\u00e4 p\u00e4iv\u00e4st\u00e4, jona te tai teid\u00e4n nime\u00e4m\u00e4nne kolmas osapuoli, joka ei ole rahdinkuljettaja, on ottanut tavaran haltuunsa. Peruuttamisoikeuden k\u00e4ytt\u00e4miseksi teid\u00e4n on otettava yhteytt\u00e4 meihin, DaRi-Systemteile GmbH, Rudolf-Nebel-Str. 12, 91781 Wei\u00dfenburg, puh. 09141- 8459370, Fax 09141-8459371, E-Mailinfo@dari-system.com yksiselitteisell\u00e4 [&hellip;]","og_url":"https:\/\/dari-system.com\/fi\/peruutusehdot\/","og_site_name":"DaRi System","article_modified_time":"2024-08-19T15:01:23+00:00","twitter_card":"summary_large_image","twitter_misc":{"Arvioitu lukuaika":"3 minuuttia"},"schema":{"@context":"https:\/\/schema.org","@graph":[{"@type":"WebPage","@id":"https:\/\/dari-system.com\/fi\/peruutusehdot\/","url":"https:\/\/dari-system.com\/fi\/peruutusehdot\/","name":"Peruutusehdot - DaRi System","isPartOf":{"@id":"https:\/\/dari-system.com\/fi\/#website"},"datePublished":"2024-05-23T13:32:49+00:00","dateModified":"2024-08-19T15:01:23+00:00","breadcrumb":{"@id":"https:\/\/dari-system.com\/fi\/peruutusehdot\/#breadcrumb"},"inLanguage":"fi","potentialAction":[{"@type":"ReadAction","target":["https:\/\/dari-system.com\/fi\/peruutusehdot\/"]}]},{"@type":"BreadcrumbList","@id":"https:\/\/dari-system.com\/fi\/peruutusehdot\/#breadcrumb","itemListElement":[{"@type":"ListItem","position":1,"name":"Startseite","item":"https:\/\/dari-system.com\/fi\/"},{"@type":"ListItem","position":2,"name":"Peruutusehdot"}]},{"@type":"WebSite","@id":"https:\/\/dari-system.com\/fi\/#website","url":"https:\/\/dari-system.com\/fi\/","name":"DaRi System","description":"","potentialAction":[{"@type":"SearchAction","target":{"@type":"EntryPoint","urlTemplate":"https:\/\/dari-system.com\/fi\/?s={search_term_string}"},"query-input":{"@type":"PropertyValueSpecification","valueRequired":true,"valueName":"search_term_string"}}],"inLanguage":"fi"}]}},"_links":{"self":[{"href":"https:\/\/dari-system.com\/fi\/wp-json\/wp\/v2\/pages\/25547504","targetHints":{"allow":["GET"]}}],"collection":[{"href":"https:\/\/dari-system.com\/fi\/wp-json\/wp\/v2\/pages"}],"about":[{"href":"https:\/\/dari-system.com\/fi\/wp-json\/wp\/v2\/types\/page"}],"author":[{"embeddable":true,"href":"https:\/\/dari-system.com\/fi\/wp-json\/wp\/v2\/users\/1"}],"replies":[{"embeddable":true,"href":"https:\/\/dari-system.com\/fi\/wp-json\/wp\/v2\/comments?post=25547504"}],"version-history":[{"count":2,"href":"https:\/\/dari-system.com\/fi\/wp-json\/wp\/v2\/pages\/25547504\/revisions"}],"predecessor-version":[{"id":25547506,"href":"https:\/\/dari-system.com\/fi\/wp-json\/wp\/v2\/pages\/25547504\/revisions\/25547506"}],"wp:attachment":[{"href":"https:\/\/dari-system.com\/fi\/wp-json\/wp\/v2\/media?parent=25547504"}],"wp:term":[{"taxonomy":"dipi_cpt_category","embeddable":true,"href":"https:\/\/dari-system.com\/fi\/wp-json\/wp\/v2\/dipi_cpt_category?post=25547504"}],"curies":[{"name":"wp","href":"https:\/\/api.w.org\/{rel}","templated":true}]}}