{"id":25547486,"date":"2024-05-23T13:32:49","date_gmt":"2024-05-23T13:32:49","guid":{"rendered":"https:\/\/dari-system.com\/gtc\/"},"modified":"2024-08-19T15:01:18","modified_gmt":"2024-08-19T15:01:18","slug":"gtc","status":"publish","type":"page","link":"https:\/\/dari-system.com\/fi\/gtc\/","title":{"rendered":"GTC"},"content":{"rendered":"<p>[et_pb_section fb_built=&#8221;1&#8243; fullwidth=&#8221;on&#8221; _builder_version=&#8221;4.25.0&#8243; _module_preset=&#8221;default&#8221; bottom_divider_color=&#8221;#FFFFFF&#8221; bottom_divider_height=&#8221;82px&#8221; bottom_divider_flip=&#8221;horizontal&#8221; locked=&#8221;off&#8221; global_colors_info=&#8221;{}&#8221; theme_builder_area=&#8221;post_content&#8221;][et_pb_fullwidth_header title=&#8221;Yleiset ehdot&#8221; _builder_version=&#8221;4.25.0&#8243; _module_preset=&#8221;default&#8221; title_font=&#8221;|800|||||||&#8221; title_font_size=&#8221;45px&#8221; background_image=&#8221;https:\/\/dari-system.com\/wp-content\/uploads\/2024\/05\/header_background.webp&#8221; background_position=&#8221;bottom_center&#8221; custom_padding=&#8221;8vh||8vh||true|false&#8221; hover_enabled=&#8221;0&#8243; title_font_size_tablet=&#8221;45px&#8221; title_font_size_phone=&#8221;29px&#8221; title_font_size_last_edited=&#8221;on|phone&#8221; content_font_size_tablet=&#8221;&#8221; content_font_size_phone=&#8221;17px&#8221; content_font_size_last_edited=&#8221;on|phone&#8221; global_colors_info=&#8221;{}&#8221; theme_builder_area=&#8221;post_content&#8221; sticky_enabled=&#8221;0&#8243;][\/et_pb_fullwidth_header][\/et_pb_section][et_pb_section fb_built=&#8221;1&#8243; theme_builder_area=&#8221;post_content&#8221; _builder_version=&#8221;4.25.0&#8243; _module_preset=&#8221;default&#8221;][et_pb_row _builder_version=&#8221;4.25.0&#8243; _module_preset=&#8221;default&#8221; theme_builder_area=&#8221;post_content&#8221;][et_pb_column _builder_version=&#8221;4.25.0&#8243; _module_preset=&#8221;default&#8221; type=&#8221;4_4&#8243; theme_builder_area=&#8221;post_content&#8221;][et_pb_text _builder_version=&#8221;4.25.0&#8243; _module_preset=&#8221;default&#8221; theme_builder_area=&#8221;post_content&#8221; hover_enabled=&#8221;0&#8243; sticky_enabled=&#8221;0&#8243;]<\/p>\n<h2>GTC<\/h2>\n<p>\u00a7 <strong>1 Soveltamisala ja suojalauseke<\/strong> (1) Seuraavia yleisi\u00e4 sopimusehtoja sovelletaan yksinomaan t\u00e4m\u00e4n verkkokaupan kautta syntyneisiin oikeussuhteisiin verkkokaupan yll\u00e4pit\u00e4j\u00e4n (j\u00e4ljemp\u00e4n\u00e4 &#8221;Tarjoaja&#8221;) ja sen asiakkaiden v\u00e4lill\u00e4. (2) Asiakkaan poikkeavat yleiset sopimusehdot tulevat osaksi sopimusta vain, jos Tarjoaja nimenomaisesti hyv\u00e4ksyy niiden voimassaolon.<\/p>\n<p>\u00a7 <strong>2 Sopimuksen tekeminen<\/strong> (1) Tavaroiden esittely verkkokaupassa ei ole tarjoajan sitova tarjous ostosopimuksen tekemisest\u00e4.<br \/>\nAsiakasta pyydet\u00e4\u00e4n ainoastaan tekem\u00e4\u00e4n tarjous tekem\u00e4ll\u00e4 tilaus. <br \/>(2) L\u00e4hett\u00e4m\u00e4ll\u00e4 tilauksen verkkokaupassa asiakas antaa sitovan tarjouksen ostoskoriin sis\u00e4ltyvi\u00e4 tavaroita koskevan ostosopimuksen tekemisest\u00e4.<br \/>\nL\u00e4hett\u00e4m\u00e4ll\u00e4 tilauksen asiakas tunnustaa my\u00f6s n\u00e4m\u00e4 ehdot yksinomaan sovellettaviksi oikeussuhteeseen palveluntarjoajan kanssa. <br \/>(3) Palveluntarjoaja vahvistaa asiakkaan tilauksen vastaanottamisen l\u00e4hett\u00e4m\u00e4ll\u00e4 vahvistuss\u00e4hk\u00f6postin.<br \/>\nT\u00e4m\u00e4 tilausvahvistus ei tarkoita, ett\u00e4 toimittaja hyv\u00e4ksyisi sopimustarjouksen.<br \/>\nSen tarkoituksena on ainoastaan ilmoittaa asiakkaalle, ett\u00e4 palveluntarjoaja on vastaanottanut tilauksen.<br \/>\nOstosopimus syntyy vasta, kun palveluntarjoaja antaa hyv\u00e4ksymisilmoituksen joko nimenomaisella ilmoituksella tai toimittamalla tavarat.   <\/p>\n<p>\u00a7 <strong>3 Omistuksenpid\u00e4tys<\/strong> Toimitetut tavarat pysyv\u00e4t toimittajan omaisuutena, kunnes maksu on suoritettu kokonaisuudessaan.<\/p>\n<p>\u00a7 4 Er\u00e4p\u00e4iv\u00e4 <strong> Kauppahinta on maksettava sopimuksen tekemisen yhteydess\u00e4.<\/strong><\/p>\n<p>\u00a7 <strong>5 Takuu<\/strong> (1) Asiakkaan takuuoikeudet m\u00e4\u00e4r\u00e4ytyv\u00e4t yleisten lakis\u00e4\u00e4teisten s\u00e4\u00e4nn\u00f6sten mukaan, ellei j\u00e4ljemp\u00e4n\u00e4 toisin mainita.<br \/>\nN\u00e4iden yleisten sopimusehtojen 6 \u00a7:n m\u00e4\u00e4r\u00e4yst\u00e4 sovelletaan asiakkaan vahingonkorvausvaatimuksiin palveluntarjoajaa kohtaan. <br \/>(2) Takuuoikeudet vaihtelevat sen mukaan, onko asiakas kuluttaja vai ei.<br \/>\nKuluttajalla tarkoitetaan luonnollista henkil\u00f6\u00e4, joka tekee oikeustoimen tarkoitusta varten, jota ei voida lukea h\u00e4nen kaupalliseen tai itsen\u00e4iseen ammatilliseen toimintaansa. <br \/>(3) Asiakkaan takuuvaatimusten vanhentumisaika on 2 vuotta kuluttajille hiljattain valmistettujen tuotteiden osalta.<br \/>\nYritt\u00e4jien osalta vanhentumisaika on 2 vuotta vastavalmistettujen tavaroiden osalta ja 2 vuotta k\u00e4ytettyjen tavaroiden osalta. <br \/>(4) Tarjoaja ei ole ilmoittanut vakuutta.<\/p>\n<p>\u00a7 <strong>6 Vastuun poissulkeminen<\/strong> (1) Asiakkaan vahingonkorvausvaatimukset on suljettu pois, ellei j\u00e4ljemp\u00e4n\u00e4 toisin mainita.<br \/>\nEdell\u00e4 mainittu vastuun poissulkeminen koskee my\u00f6s palveluntarjoajan laillisia edustajia ja avustajia, mik\u00e4li asiakas esitt\u00e4\u00e4 vaatimuksia heit\u00e4 vastaan. <br \/>(2) Edell\u00e4 1 kohdassa s\u00e4\u00e4detyn vastuun poissulkemisen ulkopuolelle j\u00e4\u00e4v\u00e4t vahingonkorvausvaatimukset, jotka johtuvat hengen, ruumiin tai terveyden vahingoittumisesta, sek\u00e4 vahingonkorvausvaatimukset, jotka johtuvat olennaisten sopimusvelvoitteiden rikkomisesta.<br \/>\nOlennaisia sopimusvelvoitteita ovat velvoitteet, joiden t\u00e4ytt\u00e4minen on v\u00e4ltt\u00e4m\u00e4t\u00f6nt\u00e4 sopimuksen tavoitteen saavuttamiseksi, esimerkiksi toimittajan on luovutettava tavara asiakkaalle ilman aineellisia ja omistusoikeudellisia virheit\u00e4 ja varmistettava, ett\u00e4 se on asiakkaan omistuksessa.<br \/>\nVastuun poissulkemisen ulkopuolelle j\u00e4\u00e4 my\u00f6s vastuu vahingoista, jotka johtuvat toimittajan, sen laillisten edustajien tai avustajien tahallisesta tai t\u00f6rke\u00e4st\u00e4 huolimattomuudesta johtuvasta velvollisuuksien rikkomisesta.  <br \/>(3) Saksan tuotevastuulain (ProdHaftG) s\u00e4\u00e4nn\u00f6kset eiv\u00e4t vaikuta t\u00e4h\u00e4n.<\/p>\n<p>\u00a7 <strong>7 Lainvalinta ja oikeuspaikka<\/strong> (1) Palveluntarjoajan ja asiakkaan v\u00e4liseen sopimussuhteeseen sovelletaan Saksan liittotasavallan lakia.<br \/>\nT\u00e4m\u00e4n lainvalinnan ulkopuolelle j\u00e4\u00e4v\u00e4t sen maan pakottavat kuluttajansuojas\u00e4\u00e4nn\u00f6kset, jossa asiakkaalla on asuinpaikka.<br \/>\nYK:n kansainv\u00e4list\u00e4 tavaran kauppaa koskevien sopimusten yleissopimusta ei sovelleta.  <br \/>(2) Kaikkien asiakkaan ja palveluntarjoajan v\u00e4lisest\u00e4 sopimussuhteesta johtuvien riitojen oikeuspaikkana on palveluntarjoajan kotipaikka, jos asiakas on kauppias, julkisoikeudellinen oikeushenkil\u00f6 tai julkisoikeudellinen erityisrahasto.<\/p>\n<p>8 \u00a7 <strong>Erillisyyslauseke<\/strong> (1) N\u00e4m\u00e4 yleiset sopimusehdot sis\u00e4lt\u00e4v\u00e4t kaikki sopimuspuolten oikeudet ja velvollisuudet. (2) Sopimuskieli on saksa. (3) Jos yksi tai useampi n\u00e4iden yleisten sopimusehtojen m\u00e4\u00e4r\u00e4ys on tai tulee p\u00e4tem\u00e4t\u00f6n tai sis\u00e4lt\u00e4\u00e4 aukkoa, sopimuspuolet sitoutuvat aloittamaan neuvottelut, joiden tarkoituksena on korvata tai t\u00e4ydent\u00e4\u00e4 p\u00e4tem\u00e4t\u00f6n tai puutteellinen m\u00e4\u00e4r\u00e4ys asianmukaisella yksil\u00f6llisell\u00e4 sopimuksella, joka vastaa mahdollisimman pitk\u00e4lle aiotun m\u00e4\u00e4r\u00e4yksen taloudellista tarkoitusta.<br \/>\nMuiden m\u00e4\u00e4r\u00e4ysten p\u00e4tevyys s\u00e4ilyy ennallaan. <\/p>\n<p>[\/et_pb_text][\/et_pb_column][\/et_pb_row][\/et_pb_section]<\/p>\n","protected":false},"excerpt":{"rendered":"<p>GTC \u00a7 1 Soveltamisala ja suojalauseke (1) Seuraavia yleisi\u00e4 sopimusehtoja sovelletaan yksinomaan t\u00e4m\u00e4n verkkokaupan kautta syntyneisiin oikeussuhteisiin verkkokaupan yll\u00e4pit\u00e4j\u00e4n (j\u00e4ljemp\u00e4n\u00e4 &#8221;Tarjoaja&#8221;) ja sen asiakkaiden v\u00e4lill\u00e4. (2) Asiakkaan poikkeavat yleiset sopimusehdot tulevat osaksi sopimusta vain, jos Tarjoaja nimenomaisesti hyv\u00e4ksyy niiden voimassaolon. \u00a7 2 Sopimuksen tekeminen (1) Tavaroiden esittely verkkokaupassa ei ole tarjoajan sitova tarjous ostosopimuksen tekemisest\u00e4. [&hellip;]<\/p>\n","protected":false},"author":1,"featured_media":0,"parent":0,"menu_order":0,"comment_status":"closed","ping_status":"closed","template":"","meta":{"_et_pb_use_builder":"on","_et_pb_old_content":"","_et_gb_content_width":"","iawp_total_views":2,"footnotes":""},"dipi_cpt_category":[],"class_list":["post-25547486","page","type-page","status-publish","hentry"],"yoast_head":"<!-- This site is optimized with the Yoast SEO plugin v27.4 - https:\/\/yoast.com\/product\/yoast-seo-wordpress\/ -->\n<title>GTC - DaRi System<\/title>\n<meta name=\"robots\" content=\"index, follow, max-snippet:-1, max-image-preview:large, max-video-preview:-1\" \/>\n<link rel=\"canonical\" href=\"https:\/\/dari-system.com\/fi\/gtc\/\" \/>\n<meta property=\"og:locale\" content=\"fi_FI\" \/>\n<meta property=\"og:type\" content=\"article\" \/>\n<meta property=\"og:title\" content=\"GTC - DaRi System\" \/>\n<meta property=\"og:description\" content=\"GTC \u00a7 1 Soveltamisala ja suojalauseke (1) Seuraavia yleisi\u00e4 sopimusehtoja sovelletaan yksinomaan t\u00e4m\u00e4n verkkokaupan kautta syntyneisiin oikeussuhteisiin verkkokaupan yll\u00e4pit\u00e4j\u00e4n (j\u00e4ljemp\u00e4n\u00e4 &quot;Tarjoaja&quot;) ja sen asiakkaiden v\u00e4lill\u00e4. (2) Asiakkaan poikkeavat yleiset sopimusehdot tulevat osaksi sopimusta vain, jos Tarjoaja nimenomaisesti hyv\u00e4ksyy niiden voimassaolon. \u00a7 2 Sopimuksen tekeminen (1) Tavaroiden esittely verkkokaupassa ei ole tarjoajan sitova tarjous ostosopimuksen tekemisest\u00e4. [&hellip;]\" \/>\n<meta property=\"og:url\" content=\"https:\/\/dari-system.com\/fi\/gtc\/\" \/>\n<meta property=\"og:site_name\" content=\"DaRi System\" \/>\n<meta property=\"article:modified_time\" content=\"2024-08-19T15:01:18+00:00\" \/>\n<meta name=\"twitter:card\" content=\"summary_large_image\" \/>\n<meta name=\"twitter:label1\" content=\"Arvioitu lukuaika\" \/>\n\t<meta name=\"twitter:data1\" content=\"4 minuuttia\" \/>\n<script type=\"application\/ld+json\" class=\"yoast-schema-graph\">{\"@context\":\"https:\\\/\\\/schema.org\",\"@graph\":[{\"@type\":\"WebPage\",\"@id\":\"https:\\\/\\\/dari-system.com\\\/fi\\\/gtc\\\/\",\"url\":\"https:\\\/\\\/dari-system.com\\\/fi\\\/gtc\\\/\",\"name\":\"GTC - DaRi System\",\"isPartOf\":{\"@id\":\"https:\\\/\\\/dari-system.com\\\/fi\\\/#website\"},\"datePublished\":\"2024-05-23T13:32:49+00:00\",\"dateModified\":\"2024-08-19T15:01:18+00:00\",\"breadcrumb\":{\"@id\":\"https:\\\/\\\/dari-system.com\\\/fi\\\/gtc\\\/#breadcrumb\"},\"inLanguage\":\"fi\",\"potentialAction\":[{\"@type\":\"ReadAction\",\"target\":[\"https:\\\/\\\/dari-system.com\\\/fi\\\/gtc\\\/\"]}]},{\"@type\":\"BreadcrumbList\",\"@id\":\"https:\\\/\\\/dari-system.com\\\/fi\\\/gtc\\\/#breadcrumb\",\"itemListElement\":[{\"@type\":\"ListItem\",\"position\":1,\"name\":\"Startseite\",\"item\":\"https:\\\/\\\/dari-system.com\\\/fi\\\/\"},{\"@type\":\"ListItem\",\"position\":2,\"name\":\"GTC\"}]},{\"@type\":\"WebSite\",\"@id\":\"https:\\\/\\\/dari-system.com\\\/fi\\\/#website\",\"url\":\"https:\\\/\\\/dari-system.com\\\/fi\\\/\",\"name\":\"DaRi System\",\"description\":\"\",\"potentialAction\":[{\"@type\":\"SearchAction\",\"target\":{\"@type\":\"EntryPoint\",\"urlTemplate\":\"https:\\\/\\\/dari-system.com\\\/fi\\\/?s={search_term_string}\"},\"query-input\":{\"@type\":\"PropertyValueSpecification\",\"valueRequired\":true,\"valueName\":\"search_term_string\"}}],\"inLanguage\":\"fi\"}]}<\/script>\n<!-- \/ Yoast SEO plugin. -->","yoast_head_json":{"title":"GTC - DaRi System","robots":{"index":"index","follow":"follow","max-snippet":"max-snippet:-1","max-image-preview":"max-image-preview:large","max-video-preview":"max-video-preview:-1"},"canonical":"https:\/\/dari-system.com\/fi\/gtc\/","og_locale":"fi_FI","og_type":"article","og_title":"GTC - DaRi System","og_description":"GTC \u00a7 1 Soveltamisala ja suojalauseke (1) Seuraavia yleisi\u00e4 sopimusehtoja sovelletaan yksinomaan t\u00e4m\u00e4n verkkokaupan kautta syntyneisiin oikeussuhteisiin verkkokaupan yll\u00e4pit\u00e4j\u00e4n (j\u00e4ljemp\u00e4n\u00e4 \"Tarjoaja\") ja sen asiakkaiden v\u00e4lill\u00e4. (2) Asiakkaan poikkeavat yleiset sopimusehdot tulevat osaksi sopimusta vain, jos Tarjoaja nimenomaisesti hyv\u00e4ksyy niiden voimassaolon. \u00a7 2 Sopimuksen tekeminen (1) Tavaroiden esittely verkkokaupassa ei ole tarjoajan sitova tarjous ostosopimuksen tekemisest\u00e4. [&hellip;]","og_url":"https:\/\/dari-system.com\/fi\/gtc\/","og_site_name":"DaRi System","article_modified_time":"2024-08-19T15:01:18+00:00","twitter_card":"summary_large_image","twitter_misc":{"Arvioitu lukuaika":"4 minuuttia"},"schema":{"@context":"https:\/\/schema.org","@graph":[{"@type":"WebPage","@id":"https:\/\/dari-system.com\/fi\/gtc\/","url":"https:\/\/dari-system.com\/fi\/gtc\/","name":"GTC - DaRi System","isPartOf":{"@id":"https:\/\/dari-system.com\/fi\/#website"},"datePublished":"2024-05-23T13:32:49+00:00","dateModified":"2024-08-19T15:01:18+00:00","breadcrumb":{"@id":"https:\/\/dari-system.com\/fi\/gtc\/#breadcrumb"},"inLanguage":"fi","potentialAction":[{"@type":"ReadAction","target":["https:\/\/dari-system.com\/fi\/gtc\/"]}]},{"@type":"BreadcrumbList","@id":"https:\/\/dari-system.com\/fi\/gtc\/#breadcrumb","itemListElement":[{"@type":"ListItem","position":1,"name":"Startseite","item":"https:\/\/dari-system.com\/fi\/"},{"@type":"ListItem","position":2,"name":"GTC"}]},{"@type":"WebSite","@id":"https:\/\/dari-system.com\/fi\/#website","url":"https:\/\/dari-system.com\/fi\/","name":"DaRi System","description":"","potentialAction":[{"@type":"SearchAction","target":{"@type":"EntryPoint","urlTemplate":"https:\/\/dari-system.com\/fi\/?s={search_term_string}"},"query-input":{"@type":"PropertyValueSpecification","valueRequired":true,"valueName":"search_term_string"}}],"inLanguage":"fi"}]}},"_links":{"self":[{"href":"https:\/\/dari-system.com\/fi\/wp-json\/wp\/v2\/pages\/25547486","targetHints":{"allow":["GET"]}}],"collection":[{"href":"https:\/\/dari-system.com\/fi\/wp-json\/wp\/v2\/pages"}],"about":[{"href":"https:\/\/dari-system.com\/fi\/wp-json\/wp\/v2\/types\/page"}],"author":[{"embeddable":true,"href":"https:\/\/dari-system.com\/fi\/wp-json\/wp\/v2\/users\/1"}],"replies":[{"embeddable":true,"href":"https:\/\/dari-system.com\/fi\/wp-json\/wp\/v2\/comments?post=25547486"}],"version-history":[{"count":2,"href":"https:\/\/dari-system.com\/fi\/wp-json\/wp\/v2\/pages\/25547486\/revisions"}],"predecessor-version":[{"id":25547490,"href":"https:\/\/dari-system.com\/fi\/wp-json\/wp\/v2\/pages\/25547486\/revisions\/25547490"}],"wp:attachment":[{"href":"https:\/\/dari-system.com\/fi\/wp-json\/wp\/v2\/media?parent=25547486"}],"wp:term":[{"taxonomy":"dipi_cpt_category","embeddable":true,"href":"https:\/\/dari-system.com\/fi\/wp-json\/wp\/v2\/dipi_cpt_category?post=25547486"}],"curies":[{"name":"wp","href":"https:\/\/api.w.org\/{rel}","templated":true}]}}