{"id":25547474,"date":"2024-05-23T13:32:49","date_gmt":"2024-05-23T13:32:49","guid":{"rendered":"https:\/\/dari-system.com\/jaelki\/"},"modified":"2024-08-19T15:01:17","modified_gmt":"2024-08-19T15:01:17","slug":"jaelki","status":"publish","type":"page","link":"https:\/\/dari-system.com\/fi\/jaelki\/","title":{"rendered":"J\u00e4lki"},"content":{"rendered":"<p>[et_pb_section fb_built=&#8221;1&#8243; fullwidth=&#8221;on&#8221; _builder_version=&#8221;4.25.0&#8243; _module_preset=&#8221;default&#8221; bottom_divider_color=&#8221;#FFFFFF&#8221; bottom_divider_height=&#8221;82px&#8221; bottom_divider_flip=&#8221;horizontal&#8221; locked=&#8221;off&#8221; global_colors_info=&#8221;{}&#8221;][et_pb_fullwidth_header title=&#8221;J\u00e4lki&#8221; _builder_version=&#8221;4.25.0&#8243; _module_preset=&#8221;default&#8221; title_font=&#8221;|800|||||||&#8221; title_font_size=&#8221;45px&#8221; background_image=&#8221;https:\/\/dari-system.com\/wp-content\/uploads\/2024\/05\/header_background.webp&#8221; background_position=&#8221;bottom_center&#8221; custom_padding=&#8221;8vh||8vh||true|false&#8221; title_font_size_tablet=&#8221;45px&#8221; title_font_size_phone=&#8221;29px&#8221; title_font_size_last_edited=&#8221;on|phone&#8221; content_font_size_tablet=&#8221;&#8221; content_font_size_phone=&#8221;17px&#8221; content_font_size_last_edited=&#8221;on|phone&#8221; global_colors_info=&#8221;{}&#8221;][\/et_pb_fullwidth_header][\/et_pb_section][et_pb_section fb_built=&#8221;1&#8243; _builder_version=&#8221;4.25.0&#8243; _module_preset=&#8221;default&#8221; global_colors_info=&#8221;{}&#8221;][et_pb_row _builder_version=&#8221;4.25.0&#8243; _module_preset=&#8221;default&#8221; global_colors_info=&#8221;{}&#8221;][et_pb_column type=&#8221;4_4&#8243; _builder_version=&#8221;4.25.0&#8243; _module_preset=&#8221;default&#8221; global_colors_info=&#8221;{}&#8221;][et_pb_text _builder_version=&#8221;4.25.0&#8243; _module_preset=&#8221;default&#8221; global_colors_info=&#8221;{}&#8221;]<\/p>\n<h2>TMG:n 5 \u00a7:n mukaiset tiedot:<\/h2>\n<p>D<strong>aRi-Systemteile GmbH<\/strong> Rudolf-Nebel-Str.<\/p>\n<p>12 91781 Wei\u00dfenburg Edustaja: toimitusjohtaja Dr. Eckhard Jentsch Kaupparekisteri: Ansbachin maistraatti, HRB 4930 ALV-tunnus: DE272707154 <\/p>\n<p>Y<strong>hteystiedot<\/strong> Puhelin: 09141 &#8211; 845 937 0 Faksi: 09141 &#8211; 845 937 1 S\u00e4hk\u00f6posti:<a href=\"mailto:info@dari-system.com\">&#8217;info@dari-system.com&#8217;<\/a><\/p>\n<p><strong>Vastaa sis\u00e4ll\u00f6st\u00e4 \u00a7 55 Abs.<br \/>\n2 RStV: <\/strong><\/p>\n<p>Dr. Eckhard Jentsch Osoite kuten edell\u00e4<\/p>\n<p>Viittaus EU:n riidanratkaisuun: Euroopan komissio tarjoaa foorumin verkkov\u00e4litteist\u00e4 riidanratkaisua varten:<\/p>\n<p><a href=\"http:\/\/ec.europa.eu\/consumer\/odr\">http:\/\/ec.europa.eu\/consumer\/odr<\/a><\/p>\n<p>Yrityksemme osallistuu EU:n riidanratkaisuohjelmaan.<br \/>\nS\u00e4hk\u00f6postiosoitteemme verkkov\u00e4litteist\u00e4 riidanratkaisufoorumia varten on:<a href=\"mailto:info@dari-system.com\">&#8221;info@dari-system.com&#8221;.<\/a> <\/p>\n<p><em>L\u00e4hde: luotu eRecht24:n <a href=\"http:\/\/www.e-recht24.de\/news\/ecommerce\/6048-impressum-gmbh.html\">j\u00e4ljenn\u00f6sgeneraattorilla Gesellschaft mit beschr\u00e4nkter Haftung (GmbH)<\/a>.<\/em><\/p>\n<p><strong>Vastuuvapauslauseke:<\/strong><\/p>\n<p>V<strong>astuu sis\u00e4ll\u00f6st\u00e4<\/strong> Verkkosivustomme sis\u00e4lt\u00f6 on laadittu \u00e4\u00e4rimm\u00e4isen huolellisesti.<br \/>\nEmme kuitenkaan voi ottaa vastuuta sis\u00e4ll\u00f6n tarkkuudesta, t\u00e4ydellisyydest\u00e4 ja ajankohtaisuudesta.<br \/>\nPalveluntarjoajana olemme vastuussa \u00a7 7 Abs.1 mukaisesti.<br \/>\nTMG:n mukaisesti vastuussa n\u00e4iden sivujen omasta sis\u00e4ll\u00f6st\u00e4mme yleisten lakien mukaisesti.<br \/>\nTMG:n 8-10 \u00a7:n mukaan emme kuitenkaan ole palveluntarjoajana velvollisia valvomaan siirrettyj\u00e4 tai tallennettuja kolmansien osapuolten tietoja tai tutkimaan olosuhteita, jotka viittaavat laittomaan toimintaan.<br \/>\nT\u00e4m\u00e4 ei vaikuta yleisen lains\u00e4\u00e4d\u00e4nn\u00f6n mukaisiin velvollisuuksiin poistaa tai est\u00e4\u00e4 tietojen k\u00e4ytt\u00f6.<br \/>\nVastuu t\u00e4ss\u00e4 suhteessa on kuitenkin mahdollista vasta siit\u00e4 l\u00e4htien, kun tieto tietyst\u00e4 rikkomuksesta on saatu.<br \/>\nHeti kun saamme tiet\u00e4\u00e4 t\u00e4llaisista rikkomuksista, poistamme kyseisen sis\u00e4ll\u00f6n v\u00e4litt\u00f6m\u00e4sti.       <\/p>\n<p>V<strong>astuu linkeist\u00e4<\/strong> Verkkosivustomme sis\u00e4lt\u00e4\u00e4 linkkej\u00e4 kolmansien osapuolten ulkopuolisille verkkosivustoille, joiden sis\u00e4lt\u00f6\u00f6n emme voi vaikuttaa.<br \/>\nSiksi emme voi ottaa mit\u00e4\u00e4n vastuuta n\u00e4ist\u00e4 kolmansien osapuolten sis\u00e4ll\u00f6ist\u00e4.<br \/>\nLinkitettyjen sivujen sis\u00e4ll\u00f6st\u00e4 on aina vastuussa kyseisten sivujen tarjoaja tai yll\u00e4pit\u00e4j\u00e4.<br \/>\nLinkitetyt sivut on tarkistettu mahdollisten lainrikkomusten varalta linkitt\u00e4mishetkell\u00e4.<br \/>\nLaitonta sis\u00e4lt\u00f6\u00e4 ei ollut tunnistettavissa linkitt\u00e4mishetkell\u00e4.<br \/>\nLinkitettyjen sivujen sis\u00e4ll\u00f6n jatkuva valvonta ei kuitenkaan ole j\u00e4rkev\u00e4\u00e4 ilman konkreettisia todisteita rikkomuksesta.<br \/>\nJos saamme tietoiseksi lainrikkomuksista, poistamme kyseiset linkit v\u00e4litt\u00f6m\u00e4sti.      <\/p>\n<p>T<strong>ekij\u00e4noikeudet<\/strong> Sivuston yll\u00e4pit\u00e4jien n\u00e4ill\u00e4 sivuilla luoma sis\u00e4lt\u00f6 ja teokset ovat Saksan tekij\u00e4noikeuslain alaisia.<br \/>\nMonistaminen, k\u00e4sittely, jakelu ja kaikenlainen k\u00e4ytt\u00f6 tekij\u00e4noikeuslain rajojen ulkopuolella edellytt\u00e4\u00e4 asianomaisen tekij\u00e4n tai luojan kirjallista suostumusta.<br \/>\nT\u00e4m\u00e4n sivuston lataaminen ja kopioiminen on sallittua vain yksityiseen, ei-kaupalliseen k\u00e4ytt\u00f6\u00f6n.<br \/>\nSilt\u00e4 osin kuin t\u00e4m\u00e4n sivuston sis\u00e4lt\u00f6 ei ole operaattorin luomaa, noudatetaan kolmansien osapuolten tekij\u00e4noikeuksia.<br \/>\nErityisesti kolmansien osapuolten sis\u00e4lt\u00f6 on merkitty sellaiseksi.<br \/>\nJos kuitenkin havaitset tekij\u00e4noikeusrikkomuksen, ilmoita siit\u00e4 meille.<br \/>\nJos saamme tiet\u00e4\u00e4 tekij\u00e4noikeusrikkomuksista, poistamme t\u00e4llaisen sis\u00e4ll\u00f6n v\u00e4litt\u00f6m\u00e4sti.      <\/p>\n<p>T<strong>ietosuoja<\/strong> Verkkosivustomme k\u00e4ytt\u00f6 on yleens\u00e4 mahdollista ilman henkil\u00f6tietojen antamista.<br \/>\nJos henkil\u00f6tietoja (esim. nimi, osoite tai s\u00e4hk\u00f6postiosoite) ker\u00e4t\u00e4\u00e4n verkkosivuillamme, se tapahtuu aina vapaaehtoisesti ja mahdollisuuksien mukaan.<br \/>\n<br \/>N\u00e4it\u00e4 tietoja ei luovuteta kolmansille osapuolille ilman nimenomaista suostumustasi. Haluamme huomauttaa, ett\u00e4 tietojen siirtoon Internetiss\u00e4 (esim. s\u00e4hk\u00f6postiviestinn\u00e4ss\u00e4) voi liitty\u00e4 tietoturva-aukkoja.<br \/>\n<br \/>Tietojen t\u00e4ydellinen suojaaminen kolmansien osapuolten p\u00e4\u00e4sy\u00e4 vastaan ei ole mahdollista. Kiell\u00e4mme t\u00e4ten nimenomaisesti laillisen ilmoituksen antamisvelvollisuutemme yhteydess\u00e4 julkaistujen yhteystietojen k\u00e4yt\u00f6n ei-toivotun mainos- ja tiedotusmateriaalin l\u00e4hett\u00e4miseen.<br \/>\nT\u00e4m\u00e4n verkkosivuston yll\u00e4pit\u00e4j\u00e4t varaavat nimenomaisesti oikeuden ryhty\u00e4 oikeudellisiin toimiin, jos mainostietoja, kuten roskapostia, l\u00e4hetet\u00e4\u00e4n pyyt\u00e4m\u00e4tt\u00e4.    <br \/><em>L\u00e4hde: <a href=\"http:\/\/www.e-recht24.de\/muster-disclaimer.htm\">Vastuuvapauslauseke<\/a> eRecht24:st\u00e4, <a href=\"http:\/\/www.e-recht24.de\/\">asianajaja<\/a> S\u00f6ren Siebertin internet-oikeutta k\u00e4sittelev\u00e4st\u00e4 portaalista.<\/em><\/p>\n<p>[\/et_pb_text][\/et_pb_column][\/et_pb_row][\/et_pb_section]<\/p>\n","protected":false},"excerpt":{"rendered":"<p>TMG:n 5 \u00a7:n mukaiset tiedot: DaRi-Systemteile GmbH Rudolf-Nebel-Str. 12 91781 Wei\u00dfenburg Edustaja: toimitusjohtaja Dr. Eckhard Jentsch Kaupparekisteri: Ansbachin maistraatti, HRB 4930 ALV-tunnus: DE272707154 Yhteystiedot Puhelin: 09141 &#8211; 845 937 0 Faksi: 09141 &#8211; 845 937 1 S\u00e4hk\u00f6posti:&#8217;info@dari-system.com&#8217; Vastaa sis\u00e4ll\u00f6st\u00e4 \u00a7 55 Abs. 2 RStV: Dr. Eckhard Jentsch Osoite kuten edell\u00e4 Viittaus EU:n riidanratkaisuun: Euroopan komissio [&hellip;]<\/p>\n","protected":false},"author":1,"featured_media":0,"parent":0,"menu_order":0,"comment_status":"closed","ping_status":"closed","template":"","meta":{"_et_pb_use_builder":"on","_et_pb_old_content":"","_et_gb_content_width":"","iawp_total_views":1,"footnotes":""},"dipi_cpt_category":[],"class_list":["post-25547474","page","type-page","status-publish","hentry"],"yoast_head":"<!-- This site is optimized with the Yoast SEO plugin v27.4 - https:\/\/yoast.com\/product\/yoast-seo-wordpress\/ -->\n<title>J\u00e4lki - DaRi System<\/title>\n<meta name=\"robots\" content=\"index, follow, max-snippet:-1, max-image-preview:large, max-video-preview:-1\" \/>\n<link rel=\"canonical\" href=\"https:\/\/dari-system.com\/fi\/jaelki\/\" \/>\n<meta property=\"og:locale\" content=\"fi_FI\" \/>\n<meta property=\"og:type\" content=\"article\" \/>\n<meta property=\"og:title\" content=\"J\u00e4lki - DaRi System\" \/>\n<meta property=\"og:description\" content=\"TMG:n 5 \u00a7:n mukaiset tiedot: DaRi-Systemteile GmbH Rudolf-Nebel-Str. 12 91781 Wei\u00dfenburg Edustaja: toimitusjohtaja Dr. Eckhard Jentsch Kaupparekisteri: Ansbachin maistraatti, HRB 4930 ALV-tunnus: DE272707154 Yhteystiedot Puhelin: 09141 - 845 937 0 Faksi: 09141 - 845 937 1 S\u00e4hk\u00f6posti:&#039;info@dari-system.com&#039; Vastaa sis\u00e4ll\u00f6st\u00e4 \u00a7 55 Abs. 2 RStV: Dr. Eckhard Jentsch Osoite kuten edell\u00e4 Viittaus EU:n riidanratkaisuun: Euroopan komissio [&hellip;]\" \/>\n<meta property=\"og:url\" content=\"https:\/\/dari-system.com\/fi\/jaelki\/\" \/>\n<meta property=\"og:site_name\" content=\"DaRi System\" \/>\n<meta property=\"article:modified_time\" content=\"2024-08-19T15:01:17+00:00\" \/>\n<meta name=\"twitter:card\" content=\"summary_large_image\" \/>\n<meta name=\"twitter:label1\" content=\"Arvioitu lukuaika\" \/>\n\t<meta name=\"twitter:data1\" content=\"4 minuuttia\" \/>\n<script type=\"application\/ld+json\" class=\"yoast-schema-graph\">{\"@context\":\"https:\\\/\\\/schema.org\",\"@graph\":[{\"@type\":\"WebPage\",\"@id\":\"https:\\\/\\\/dari-system.com\\\/fi\\\/jaelki\\\/\",\"url\":\"https:\\\/\\\/dari-system.com\\\/fi\\\/jaelki\\\/\",\"name\":\"J\u00e4lki - DaRi System\",\"isPartOf\":{\"@id\":\"https:\\\/\\\/dari-system.com\\\/fi\\\/#website\"},\"datePublished\":\"2024-05-23T13:32:49+00:00\",\"dateModified\":\"2024-08-19T15:01:17+00:00\",\"breadcrumb\":{\"@id\":\"https:\\\/\\\/dari-system.com\\\/fi\\\/jaelki\\\/#breadcrumb\"},\"inLanguage\":\"fi\",\"potentialAction\":[{\"@type\":\"ReadAction\",\"target\":[\"https:\\\/\\\/dari-system.com\\\/fi\\\/jaelki\\\/\"]}]},{\"@type\":\"BreadcrumbList\",\"@id\":\"https:\\\/\\\/dari-system.com\\\/fi\\\/jaelki\\\/#breadcrumb\",\"itemListElement\":[{\"@type\":\"ListItem\",\"position\":1,\"name\":\"Startseite\",\"item\":\"https:\\\/\\\/dari-system.com\\\/fi\\\/\"},{\"@type\":\"ListItem\",\"position\":2,\"name\":\"J\u00e4lki\"}]},{\"@type\":\"WebSite\",\"@id\":\"https:\\\/\\\/dari-system.com\\\/fi\\\/#website\",\"url\":\"https:\\\/\\\/dari-system.com\\\/fi\\\/\",\"name\":\"DaRi System\",\"description\":\"\",\"potentialAction\":[{\"@type\":\"SearchAction\",\"target\":{\"@type\":\"EntryPoint\",\"urlTemplate\":\"https:\\\/\\\/dari-system.com\\\/fi\\\/?s={search_term_string}\"},\"query-input\":{\"@type\":\"PropertyValueSpecification\",\"valueRequired\":true,\"valueName\":\"search_term_string\"}}],\"inLanguage\":\"fi\"}]}<\/script>\n<!-- \/ Yoast SEO plugin. -->","yoast_head_json":{"title":"J\u00e4lki - DaRi System","robots":{"index":"index","follow":"follow","max-snippet":"max-snippet:-1","max-image-preview":"max-image-preview:large","max-video-preview":"max-video-preview:-1"},"canonical":"https:\/\/dari-system.com\/fi\/jaelki\/","og_locale":"fi_FI","og_type":"article","og_title":"J\u00e4lki - DaRi System","og_description":"TMG:n 5 \u00a7:n mukaiset tiedot: DaRi-Systemteile GmbH Rudolf-Nebel-Str. 12 91781 Wei\u00dfenburg Edustaja: toimitusjohtaja Dr. Eckhard Jentsch Kaupparekisteri: Ansbachin maistraatti, HRB 4930 ALV-tunnus: DE272707154 Yhteystiedot Puhelin: 09141 - 845 937 0 Faksi: 09141 - 845 937 1 S\u00e4hk\u00f6posti:'info@dari-system.com' Vastaa sis\u00e4ll\u00f6st\u00e4 \u00a7 55 Abs. 2 RStV: Dr. Eckhard Jentsch Osoite kuten edell\u00e4 Viittaus EU:n riidanratkaisuun: Euroopan komissio [&hellip;]","og_url":"https:\/\/dari-system.com\/fi\/jaelki\/","og_site_name":"DaRi System","article_modified_time":"2024-08-19T15:01:17+00:00","twitter_card":"summary_large_image","twitter_misc":{"Arvioitu lukuaika":"4 minuuttia"},"schema":{"@context":"https:\/\/schema.org","@graph":[{"@type":"WebPage","@id":"https:\/\/dari-system.com\/fi\/jaelki\/","url":"https:\/\/dari-system.com\/fi\/jaelki\/","name":"J\u00e4lki - DaRi System","isPartOf":{"@id":"https:\/\/dari-system.com\/fi\/#website"},"datePublished":"2024-05-23T13:32:49+00:00","dateModified":"2024-08-19T15:01:17+00:00","breadcrumb":{"@id":"https:\/\/dari-system.com\/fi\/jaelki\/#breadcrumb"},"inLanguage":"fi","potentialAction":[{"@type":"ReadAction","target":["https:\/\/dari-system.com\/fi\/jaelki\/"]}]},{"@type":"BreadcrumbList","@id":"https:\/\/dari-system.com\/fi\/jaelki\/#breadcrumb","itemListElement":[{"@type":"ListItem","position":1,"name":"Startseite","item":"https:\/\/dari-system.com\/fi\/"},{"@type":"ListItem","position":2,"name":"J\u00e4lki"}]},{"@type":"WebSite","@id":"https:\/\/dari-system.com\/fi\/#website","url":"https:\/\/dari-system.com\/fi\/","name":"DaRi System","description":"","potentialAction":[{"@type":"SearchAction","target":{"@type":"EntryPoint","urlTemplate":"https:\/\/dari-system.com\/fi\/?s={search_term_string}"},"query-input":{"@type":"PropertyValueSpecification","valueRequired":true,"valueName":"search_term_string"}}],"inLanguage":"fi"}]}},"_links":{"self":[{"href":"https:\/\/dari-system.com\/fi\/wp-json\/wp\/v2\/pages\/25547474","targetHints":{"allow":["GET"]}}],"collection":[{"href":"https:\/\/dari-system.com\/fi\/wp-json\/wp\/v2\/pages"}],"about":[{"href":"https:\/\/dari-system.com\/fi\/wp-json\/wp\/v2\/types\/page"}],"author":[{"embeddable":true,"href":"https:\/\/dari-system.com\/fi\/wp-json\/wp\/v2\/users\/1"}],"replies":[{"embeddable":true,"href":"https:\/\/dari-system.com\/fi\/wp-json\/wp\/v2\/comments?post=25547474"}],"version-history":[{"count":2,"href":"https:\/\/dari-system.com\/fi\/wp-json\/wp\/v2\/pages\/25547474\/revisions"}],"predecessor-version":[{"id":25547479,"href":"https:\/\/dari-system.com\/fi\/wp-json\/wp\/v2\/pages\/25547474\/revisions\/25547479"}],"wp:attachment":[{"href":"https:\/\/dari-system.com\/fi\/wp-json\/wp\/v2\/media?parent=25547474"}],"wp:term":[{"taxonomy":"dipi_cpt_category","embeddable":true,"href":"https:\/\/dari-system.com\/fi\/wp-json\/wp\/v2\/dipi_cpt_category?post=25547474"}],"curies":[{"name":"wp","href":"https:\/\/api.w.org\/{rel}","templated":true}]}}