{"id":25545906,"date":"2024-05-22T16:30:39","date_gmt":"2024-05-22T16:30:39","guid":{"rendered":"https:\/\/dari-system.com\/produkt\/sistema-dari-d2\/"},"modified":"2024-08-06T15:18:41","modified_gmt":"2024-08-06T15:18:41","slug":"sistema-dari-d2","status":"publish","type":"product","link":"https:\/\/dari-system.com\/es\/produkt\/sistema-dari-d2\/","title":{"rendered":"Sistema DaRi D2"},"content":{"rendered":"<p>El sistema DaRi D2 s\u00f3lo est\u00e1 disponible para el canal\u00f3n de tama\u00f1o 33. Las piezas se colocan de extremo a extremo<\/p>\n","protected":false},"excerpt":{"rendered":"<p>Cada pieza mide 76 cm de largo. Cada pieza se sujeta con 4 ganchos de fijaci\u00f3n. Estos ganchos de fijaci\u00f3n deben pedirse por separado.  <\/p>\n","protected":false},"featured_media":25545909,"template":"","meta":{"_et_pb_use_builder":"on","_et_pb_old_content":"El sistema DaRi D2 s\u00f3lo est\u00e1 disponible para el canal\u00f3n de tama\u00f1o 33. Las piezas se colocan de extremo a extremo","_et_gb_content_width":"","iawp_total_views":6},"product_brand":[],"product_cat":[302],"product_tag":[],"class_list":{"0":"post-25545906","1":"product","2":"type-product","3":"status-publish","4":"has-post-thumbnail","6":"product_cat-sistema-dari","8":"first","9":"instock","10":"taxable","11":"shipping-taxable","12":"purchasable","13":"product-type-simple"},"yoast_head":"<!-- This site is optimized with the Yoast SEO plugin v27.2 - https:\/\/yoast.com\/product\/yoast-seo-wordpress\/ -->\n<title>Sistema DaRi D2 - DaRi System<\/title>\n<meta name=\"robots\" content=\"index, follow, max-snippet:-1, max-image-preview:large, max-video-preview:-1\" \/>\n<link rel=\"canonical\" href=\"https:\/\/dari-system.com\/es\/produkt\/sistema-dari-d2\/\" \/>\n<meta property=\"og:locale\" content=\"es_ES\" \/>\n<meta property=\"og:type\" content=\"article\" \/>\n<meta property=\"og:title\" content=\"Sistema DaRi D2 - DaRi System\" \/>\n<meta property=\"og:description\" content=\"Cada pieza mide 76 cm de largo. Cada pieza se sujeta con 4 ganchos de fijaci\u00f3n. Estos ganchos de fijaci\u00f3n deben pedirse por separado.\" \/>\n<meta property=\"og:url\" content=\"https:\/\/dari-system.com\/es\/produkt\/sistema-dari-d2\/\" \/>\n<meta property=\"og:site_name\" content=\"DaRi System\" \/>\n<meta property=\"article:modified_time\" content=\"2024-08-06T15:18:41+00:00\" \/>\n<meta property=\"og:image\" content=\"https:\/\/dari-system.com\/wp-content\/uploads\/2024\/05\/dari_d2_2-1.webp\" \/>\n\t<meta property=\"og:image:width\" content=\"1042\" \/>\n\t<meta property=\"og:image:height\" content=\"1042\" \/>\n\t<meta property=\"og:image:type\" content=\"image\/webp\" \/>\n<meta name=\"twitter:card\" content=\"summary_large_image\" \/>\n<script type=\"application\/ld+json\" class=\"yoast-schema-graph\">{\"@context\":\"https:\/\/schema.org\",\"@graph\":[{\"@type\":\"WebPage\",\"@id\":\"https:\/\/dari-system.com\/es\/produkt\/sistema-dari-d2\/\",\"url\":\"https:\/\/dari-system.com\/es\/produkt\/sistema-dari-d2\/\",\"name\":\"Sistema DaRi D2 - DaRi System\",\"isPartOf\":{\"@id\":\"https:\/\/dari-system.com\/es\/#website\"},\"primaryImageOfPage\":{\"@id\":\"https:\/\/dari-system.com\/es\/produkt\/sistema-dari-d2\/#primaryimage\"},\"image\":{\"@id\":\"https:\/\/dari-system.com\/es\/produkt\/sistema-dari-d2\/#primaryimage\"},\"thumbnailUrl\":\"https:\/\/dari-system.com\/wp-content\/uploads\/2024\/05\/dari_d2_2-1.webp\",\"datePublished\":\"2024-05-22T16:30:39+00:00\",\"dateModified\":\"2024-08-06T15:18:41+00:00\",\"breadcrumb\":{\"@id\":\"https:\/\/dari-system.com\/es\/produkt\/sistema-dari-d2\/#breadcrumb\"},\"inLanguage\":\"es\",\"potentialAction\":[{\"@type\":\"ReadAction\",\"target\":[\"https:\/\/dari-system.com\/es\/produkt\/sistema-dari-d2\/\"]}]},{\"@type\":\"ImageObject\",\"inLanguage\":\"es\",\"@id\":\"https:\/\/dari-system.com\/es\/produkt\/sistema-dari-d2\/#primaryimage\",\"url\":\"https:\/\/dari-system.com\/wp-content\/uploads\/2024\/05\/dari_d2_2-1.webp\",\"contentUrl\":\"https:\/\/dari-system.com\/wp-content\/uploads\/2024\/05\/dari_d2_2-1.webp\",\"width\":1042,\"height\":1042,\"caption\":\"Sistema DRi D2\"},{\"@type\":\"BreadcrumbList\",\"@id\":\"https:\/\/dari-system.com\/es\/produkt\/sistema-dari-d2\/#breadcrumb\",\"itemListElement\":[{\"@type\":\"ListItem\",\"position\":1,\"name\":\"Startseite\",\"item\":\"https:\/\/dari-system.com\/es\/\"},{\"@type\":\"ListItem\",\"position\":2,\"name\":\"Tienda\",\"item\":\"https:\/\/dari-system.com\/tienda\/\"},{\"@type\":\"ListItem\",\"position\":3,\"name\":\"Sistema DaRi D2\"}]},{\"@type\":\"WebSite\",\"@id\":\"https:\/\/dari-system.com\/es\/#website\",\"url\":\"https:\/\/dari-system.com\/es\/\",\"name\":\"DaRi System\",\"description\":\"\",\"potentialAction\":[{\"@type\":\"SearchAction\",\"target\":{\"@type\":\"EntryPoint\",\"urlTemplate\":\"https:\/\/dari-system.com\/es\/?s={search_term_string}\"},\"query-input\":{\"@type\":\"PropertyValueSpecification\",\"valueRequired\":true,\"valueName\":\"search_term_string\"}}],\"inLanguage\":\"es\"}]}<\/script>\n<!-- \/ Yoast SEO plugin. -->","yoast_head_json":{"title":"Sistema DaRi D2 - DaRi System","robots":{"index":"index","follow":"follow","max-snippet":"max-snippet:-1","max-image-preview":"max-image-preview:large","max-video-preview":"max-video-preview:-1"},"canonical":"https:\/\/dari-system.com\/es\/produkt\/sistema-dari-d2\/","og_locale":"es_ES","og_type":"article","og_title":"Sistema DaRi D2 - DaRi System","og_description":"Cada pieza mide 76 cm de largo. Cada pieza se sujeta con 4 ganchos de fijaci\u00f3n. Estos ganchos de fijaci\u00f3n deben pedirse por separado.","og_url":"https:\/\/dari-system.com\/es\/produkt\/sistema-dari-d2\/","og_site_name":"DaRi System","article_modified_time":"2024-08-06T15:18:41+00:00","og_image":[{"width":1042,"height":1042,"url":"https:\/\/dari-system.com\/wp-content\/uploads\/2024\/05\/dari_d2_2-1.webp","type":"image\/webp"}],"twitter_card":"summary_large_image","schema":{"@context":"https:\/\/schema.org","@graph":[{"@type":"WebPage","@id":"https:\/\/dari-system.com\/es\/produkt\/sistema-dari-d2\/","url":"https:\/\/dari-system.com\/es\/produkt\/sistema-dari-d2\/","name":"Sistema DaRi D2 - DaRi System","isPartOf":{"@id":"https:\/\/dari-system.com\/es\/#website"},"primaryImageOfPage":{"@id":"https:\/\/dari-system.com\/es\/produkt\/sistema-dari-d2\/#primaryimage"},"image":{"@id":"https:\/\/dari-system.com\/es\/produkt\/sistema-dari-d2\/#primaryimage"},"thumbnailUrl":"https:\/\/dari-system.com\/wp-content\/uploads\/2024\/05\/dari_d2_2-1.webp","datePublished":"2024-05-22T16:30:39+00:00","dateModified":"2024-08-06T15:18:41+00:00","breadcrumb":{"@id":"https:\/\/dari-system.com\/es\/produkt\/sistema-dari-d2\/#breadcrumb"},"inLanguage":"es","potentialAction":[{"@type":"ReadAction","target":["https:\/\/dari-system.com\/es\/produkt\/sistema-dari-d2\/"]}]},{"@type":"ImageObject","inLanguage":"es","@id":"https:\/\/dari-system.com\/es\/produkt\/sistema-dari-d2\/#primaryimage","url":"https:\/\/dari-system.com\/wp-content\/uploads\/2024\/05\/dari_d2_2-1.webp","contentUrl":"https:\/\/dari-system.com\/wp-content\/uploads\/2024\/05\/dari_d2_2-1.webp","width":1042,"height":1042,"caption":"Sistema DRi D2"},{"@type":"BreadcrumbList","@id":"https:\/\/dari-system.com\/es\/produkt\/sistema-dari-d2\/#breadcrumb","itemListElement":[{"@type":"ListItem","position":1,"name":"Startseite","item":"https:\/\/dari-system.com\/es\/"},{"@type":"ListItem","position":2,"name":"Tienda","item":"https:\/\/dari-system.com\/tienda\/"},{"@type":"ListItem","position":3,"name":"Sistema DaRi D2"}]},{"@type":"WebSite","@id":"https:\/\/dari-system.com\/es\/#website","url":"https:\/\/dari-system.com\/es\/","name":"DaRi System","description":"","potentialAction":[{"@type":"SearchAction","target":{"@type":"EntryPoint","urlTemplate":"https:\/\/dari-system.com\/es\/?s={search_term_string}"},"query-input":{"@type":"PropertyValueSpecification","valueRequired":true,"valueName":"search_term_string"}}],"inLanguage":"es"}]}},"_links":{"self":[{"href":"https:\/\/dari-system.com\/es\/wp-json\/wp\/v2\/product\/25545906","targetHints":{"allow":["GET"]}}],"collection":[{"href":"https:\/\/dari-system.com\/es\/wp-json\/wp\/v2\/product"}],"about":[{"href":"https:\/\/dari-system.com\/es\/wp-json\/wp\/v2\/types\/product"}],"wp:featuredmedia":[{"embeddable":true,"href":"https:\/\/dari-system.com\/es\/wp-json\/wp\/v2\/media\/25545909"}],"wp:attachment":[{"href":"https:\/\/dari-system.com\/es\/wp-json\/wp\/v2\/media?parent=25545906"}],"wp:term":[{"taxonomy":"product_brand","embeddable":true,"href":"https:\/\/dari-system.com\/es\/wp-json\/wp\/v2\/product_brand?post=25545906"},{"taxonomy":"product_cat","embeddable":true,"href":"https:\/\/dari-system.com\/es\/wp-json\/wp\/v2\/product_cat?post=25545906"},{"taxonomy":"product_tag","embeddable":true,"href":"https:\/\/dari-system.com\/es\/wp-json\/wp\/v2\/product_tag?post=25545906"}],"curies":[{"name":"wp","href":"https:\/\/api.w.org\/{rel}","templated":true}]}}