{"id":25551028,"date":"2026-02-27T11:22:35","date_gmt":"2026-02-27T11:22:35","guid":{"rendered":"https:\/\/dari-system.com\/?page_id=25551028"},"modified":"2026-02-27T11:30:59","modified_gmt":"2026-02-27T11:30:59","slug":"politica-de-privacidad-2","status":"publish","type":"page","link":"https:\/\/dari-system.com\/es\/politica-de-privacidad-2\/","title":{"rendered":"Pol\u00edtica de privacidad s\u00f3lo Meta Pixel"},"content":{"rendered":"<p>[et_pb_section fb_built=\u00bb1&#8243; fullwidth=\u00bbon\u00bb _builder_version=\u00bb4.25.0&#8243; _module_preset=\u00bbdefault\u00bb bottom_divider_color=\u00bb#FFFFFF\u00bb bottom_divider_height=\u00bb82px\u00bb bottom_divider_flip=\u00bbhorizontal\u00bb locked=\u00bboff\u00bb global_colors_info=\u00bb{}\u00bb][et_pb_fullwidth_header title=\u00bbPol\u00edtica de privacidad\u00bb _builder_version=\u00bb4.25.0&#8243; _module_preset=\u00bbdefault\u00bb title_font=\u00bb|800|||||||\u00bb title_font_size=\u00bb45px\u00bb background_image=\u00bbhttps:\/\/dari-system.com\/wp-content\/uploads\/2024\/05\/header_background.webp\u00bb background_position=\u00bbbottom_center\u00bb custom_padding=\u00bb8vh||8vh||true|false\u00bb title_font_size_tablet=\u00bb45px\u00bb title_font_size_phone=\u00bb29px\u00bb title_font_size_last_edited=\u00bbon|phone\u00bb content_font_size_tablet=\u00bb\u00bb content_font_size_phone=\u00bb17px\u00bb content_font_size_last_edited=\u00bbon|phone\u00bb global_colors_info=\u00bb{}\u00bb][\/et_pb_fullwidth_header][\/et_pb_section][et_pb_section fb_built=\u00bb1&#8243; _builder_version=\u00bb4.25.0&#8243; _module_preset=\u00bbdefault\u00bb global_colors_info=\u00bb{}\u00bb][et_pb_row _builder_version=\u00bb4.25.0&#8243; _module_preset=\u00bbdefault\u00bb global_colors_info=\u00bb{}\u00bb][et_pb_column type=\u00bb4_4&#8243; _builder_version=\u00bb4.25.0&#8243; _module_preset=\u00bbdefault\u00bb global_colors_info=\u00bb{}\u00bb][et_pb_text _builder_version=\u00bb4.27.4&#8243; _module_preset=\u00bbdefault\u00bb global_colors_info=\u00bb{}\u00bb]<\/p>\n<h3>Meta p\u00edxel (antes p\u00edxel de Facebook)<\/h3>\n<p>Este sitio web utiliza el p\u00edxel de acci\u00f3n del visitante de Meta para medir las conversiones. El proveedor de este servicio es Meta Platforms Ireland Limited, 4 Grand Canal Square, Dubl\u00edn 2, Irlanda. Sin embargo, seg\u00fan Meta, los datos recogidos tambi\u00e9n se transfieren a EE.UU. y a otros terceros pa\u00edses.  <\/p>\n<p>Esto permite rastrear el comportamiento de los visitantes del sitio despu\u00e9s de que hayan sido redirigidos al sitio web del proveedor al hacer clic en un metaanuncio. Esto permite evaluar la eficacia de los metaanuncios con fines estad\u00edsticos y de investigaci\u00f3n de mercado y optimizar futuras medidas publicitarias. <\/p>\n<p>Los datos recogidos son an\u00f3nimos para nosotros como operador de este sitio web; no podemos extraer ninguna conclusi\u00f3n sobre la identidad del usuario. Sin embargo, los datos son almacenados y procesados por Meta para que sea posible una conexi\u00f3n con el respectivo perfil de usuario en Facebook o Instagram y Meta pueda utilizar los datos para sus propios fines publicitarios de acuerdo con la Pol\u00edtica de Uso de Datos de Meta<a href=\"https:\/\/de-de.facebook.com\/about\/privacy\/\" target=\"_blank\" rel=\"noopener noreferrer\">(https:\/\/de-de.facebook.com\/about\/privacy\/)<\/a>. Esto permite a Meta colocar anuncios en las p\u00e1ginas de Facebook o Instagram y en otros canales publicitarios. Nosotros, como operador del sitio web, no podemos influir en este uso de los datos.   <\/p>\n<p>El uso de este servicio se basa en tu consentimiento de acuerdo con el Art. 6 p\u00e1rr. 1 lit. a GDPR y \u00a7 25 p\u00e1rr. 1 TDDDG. El consentimiento puede ser revocado en cualquier momento.    <\/p>\n<p>En la medida en que se recojan datos personales en nuestro sitio web con ayuda de la herramienta aqu\u00ed descrita y se transmitan a Meta, nosotros y Meta Platforms Ireland Limited, 4 Grand Canal Square, Grand Canal Harbour, Dubl\u00edn 2, Irlanda, somos responsables conjuntos de este tratamiento de datos (Art. 26 GDPR). La responsabilidad conjunta se limita exclusivamente a la recogida de los datos y su transmisi\u00f3n a Meta. El tratamiento realizado por Meta tras la transmisi\u00f3n no forma parte de la responsabilidad conjunta. Las obligaciones que nos incumben conjuntamente se han establecido en un acuerdo de tratamiento conjunto. El texto del acuerdo se encuentra en    <span> <\/span><a href=\"https:\/\/www.facebook.com\/legal\/controller_addendum\" target=\"_blank\" rel=\"noopener noreferrer\">https:\/\/www.facebook.com\/legal\/controller_addendum.<\/a> Seg\u00fan este acuerdo, somos responsables de proporcionar la informaci\u00f3n sobre protecci\u00f3n de datos al utilizar la herramienta Meta y de la implementaci\u00f3n segura de la herramienta en nuestro sitio web de acuerdo con la ley de protecci\u00f3n de datos. Meta es responsable de la seguridad de los datos de los productos Meta. Puedes hacer valer los derechos del interesado (por ejemplo, solicitar informaci\u00f3n) en relaci\u00f3n con los datos procesados por Facebook o Instagram directamente con Meta. Si haces valer tus derechos ante nosotros, estamos obligados a transmitirlos a Meta.    <\/p>\n<p>La transferencia de datos a EE.UU. se basa en las cl\u00e1usulas contractuales tipo de la Comisi\u00f3n de la UE. Puedes encontrar m\u00e1s detalles aqu\u00ed: <span> <\/span><a href=\"https:\/\/www.facebook.com\/legal\/EU_data_transfer_addendum\" target=\"_blank\" rel=\"noopener noreferrer\">https:\/\/www.facebook.com\/legal\/EU_data_transfer_addendum<\/a><span> <\/span>y<span> <\/span><a href=\"https:\/\/de-de.facebook.com\/help\/566994660333381\" target=\"_blank\" rel=\"noopener noreferrer\">https:\/\/de-de.facebook.com\/help\/566994660333381.<\/a><\/p>\n<p>Puedes encontrar m\u00e1s informaci\u00f3n sobre la protecci\u00f3n de tu privacidad en la informaci\u00f3n sobre protecci\u00f3n de datos de Meta:<span> <\/span><a href=\"https:\/\/de-de.facebook.com\/about\/privacy\/\" target=\"_blank\" rel=\"noopener noreferrer\">https:\/\/de-de.facebook.com\/about\/privacy\/.<\/a><\/p>\n<p>Tambi\u00e9n puedes utilizar la funci\u00f3n de remarketing \u00abP\u00fablicos personalizados\u00bb en la secci\u00f3n de configuraci\u00f3n de anuncios en<span> <\/span><a href=\"https:\/\/www.facebook.com\/ads\/preferences\/?entry_product=ad_settings_screen\" target=\"_blank\" rel=\"noopener noreferrer\">https:\/\/www.facebook.com\/ads\/preferences\/?entry_product=ad_settings_screen<\/a><span> <\/span>desact\u00edvalo. Para ello, debes haber iniciado sesi\u00f3n en Facebook. <\/p>\n<p>Si no tienes una cuenta de Facebook o Instagram, puedes desactivar la publicidad basada en el uso de Meta en el sitio web de la Alianza Europea de Publicidad Digital Interactiva:<span> <\/span><a href=\"http:\/\/www.youronlinechoices.com\/de\/praferenzmanagement\/\" target=\"_blank\" rel=\"noopener noreferrer\">http:\/\/www.youronlinechoices.com\/de\/praferenzmanagement\/.<\/a><\/p>\n<p>La empresa est\u00e1 certificada de conformidad con el \u00abMarco de Privacidad de Datos UE-EE.UU.\u00bb (DPF). El DPF es un acuerdo entre la Uni\u00f3n Europea y EE.UU. destinado a garantizar el cumplimiento de las normas europeas de protecci\u00f3n de datos en el tratamiento de datos en EE.UU.. Toda empresa certificada conforme al DPF se compromete a cumplir estas normas de protecci\u00f3n de datos. Puedes obtener m\u00e1s informaci\u00f3n al respecto del proveedor en el siguiente enlace:   <span> <\/span><a href=\"https:\/\/www.dataprivacyframework.gov\/participant\/4452\" target=\"_blank\" rel=\"noopener noreferrer\">https:\/\/www.dataprivacyframework.gov\/participant\/4452.<\/a><\/p>\n<p>[\/et_pb_text][\/et_pb_column][\/et_pb_row][\/et_pb_section]<\/p>\n","protected":false},"excerpt":{"rendered":"<p>Meta p\u00edxel (antes p\u00edxel de Facebook) Este sitio web utiliza el p\u00edxel de acci\u00f3n del visitante de Meta para medir las conversiones. El proveedor de este servicio es Meta Platforms Ireland Limited, 4 Grand Canal Square, Dubl\u00edn 2, Irlanda. Sin embargo, seg\u00fan Meta, los datos recogidos tambi\u00e9n se transfieren a EE.UU. y a otros terceros [&hellip;]<\/p>\n","protected":false},"author":1,"featured_media":0,"parent":0,"menu_order":0,"comment_status":"closed","ping_status":"closed","template":"","meta":{"_et_pb_use_builder":"on","_et_pb_old_content":"","_et_gb_content_width":"","iawp_total_views":1,"footnotes":""},"dipi_cpt_category":[],"class_list":["post-25551028","page","type-page","status-publish","hentry"],"yoast_head":"<!-- This site is optimized with the Yoast SEO plugin v27.4 - https:\/\/yoast.com\/product\/yoast-seo-wordpress\/ -->\n<title>Pol\u00edtica de privacidad s\u00f3lo Meta Pixel - DaRi System<\/title>\n<meta name=\"robots\" content=\"index, follow, max-snippet:-1, max-image-preview:large, max-video-preview:-1\" \/>\n<link rel=\"canonical\" href=\"https:\/\/dari-system.com\/es\/politica-de-privacidad-2\/\" \/>\n<meta property=\"og:locale\" content=\"es_ES\" \/>\n<meta property=\"og:type\" content=\"article\" \/>\n<meta property=\"og:title\" content=\"Pol\u00edtica de privacidad s\u00f3lo Meta Pixel - DaRi System\" \/>\n<meta property=\"og:description\" content=\"Meta p\u00edxel (antes p\u00edxel de Facebook) Este sitio web utiliza el p\u00edxel de acci\u00f3n del visitante de Meta para medir las conversiones. El proveedor de este servicio es Meta Platforms Ireland Limited, 4 Grand Canal Square, Dubl\u00edn 2, Irlanda. Sin embargo, seg\u00fan Meta, los datos recogidos tambi\u00e9n se transfieren a EE.UU. y a otros terceros [&hellip;]\" \/>\n<meta property=\"og:url\" content=\"https:\/\/dari-system.com\/es\/politica-de-privacidad-2\/\" \/>\n<meta property=\"og:site_name\" content=\"DaRi System\" \/>\n<meta property=\"article:modified_time\" content=\"2026-02-27T11:30:59+00:00\" \/>\n<meta name=\"twitter:card\" content=\"summary_large_image\" \/>\n<meta name=\"twitter:label1\" content=\"Tiempo de lectura\" \/>\n\t<meta name=\"twitter:data1\" content=\"4 minutos\" \/>\n<script type=\"application\/ld+json\" class=\"yoast-schema-graph\">{\"@context\":\"https:\\\/\\\/schema.org\",\"@graph\":[{\"@type\":\"WebPage\",\"@id\":\"https:\\\/\\\/dari-system.com\\\/es\\\/politica-de-privacidad-2\\\/\",\"url\":\"https:\\\/\\\/dari-system.com\\\/es\\\/politica-de-privacidad-2\\\/\",\"name\":\"Pol\u00edtica de privacidad s\u00f3lo Meta Pixel - DaRi System\",\"isPartOf\":{\"@id\":\"https:\\\/\\\/dari-system.com\\\/es\\\/#website\"},\"datePublished\":\"2026-02-27T11:22:35+00:00\",\"dateModified\":\"2026-02-27T11:30:59+00:00\",\"breadcrumb\":{\"@id\":\"https:\\\/\\\/dari-system.com\\\/es\\\/politica-de-privacidad-2\\\/#breadcrumb\"},\"inLanguage\":\"es\",\"potentialAction\":[{\"@type\":\"ReadAction\",\"target\":[\"https:\\\/\\\/dari-system.com\\\/es\\\/politica-de-privacidad-2\\\/\"]}]},{\"@type\":\"BreadcrumbList\",\"@id\":\"https:\\\/\\\/dari-system.com\\\/es\\\/politica-de-privacidad-2\\\/#breadcrumb\",\"itemListElement\":[{\"@type\":\"ListItem\",\"position\":1,\"name\":\"Startseite\",\"item\":\"https:\\\/\\\/dari-system.com\\\/es\\\/\"},{\"@type\":\"ListItem\",\"position\":2,\"name\":\"Pol\u00edtica de privacidad s\u00f3lo Meta Pixel\"}]},{\"@type\":\"WebSite\",\"@id\":\"https:\\\/\\\/dari-system.com\\\/es\\\/#website\",\"url\":\"https:\\\/\\\/dari-system.com\\\/es\\\/\",\"name\":\"DaRi System\",\"description\":\"\",\"potentialAction\":[{\"@type\":\"SearchAction\",\"target\":{\"@type\":\"EntryPoint\",\"urlTemplate\":\"https:\\\/\\\/dari-system.com\\\/es\\\/?s={search_term_string}\"},\"query-input\":{\"@type\":\"PropertyValueSpecification\",\"valueRequired\":true,\"valueName\":\"search_term_string\"}}],\"inLanguage\":\"es\"}]}<\/script>\n<!-- \/ Yoast SEO plugin. -->","yoast_head_json":{"title":"Pol\u00edtica de privacidad s\u00f3lo Meta Pixel - DaRi System","robots":{"index":"index","follow":"follow","max-snippet":"max-snippet:-1","max-image-preview":"max-image-preview:large","max-video-preview":"max-video-preview:-1"},"canonical":"https:\/\/dari-system.com\/es\/politica-de-privacidad-2\/","og_locale":"es_ES","og_type":"article","og_title":"Pol\u00edtica de privacidad s\u00f3lo Meta Pixel - DaRi System","og_description":"Meta p\u00edxel (antes p\u00edxel de Facebook) Este sitio web utiliza el p\u00edxel de acci\u00f3n del visitante de Meta para medir las conversiones. El proveedor de este servicio es Meta Platforms Ireland Limited, 4 Grand Canal Square, Dubl\u00edn 2, Irlanda. Sin embargo, seg\u00fan Meta, los datos recogidos tambi\u00e9n se transfieren a EE.UU. y a otros terceros [&hellip;]","og_url":"https:\/\/dari-system.com\/es\/politica-de-privacidad-2\/","og_site_name":"DaRi System","article_modified_time":"2026-02-27T11:30:59+00:00","twitter_card":"summary_large_image","twitter_misc":{"Tiempo de lectura":"4 minutos"},"schema":{"@context":"https:\/\/schema.org","@graph":[{"@type":"WebPage","@id":"https:\/\/dari-system.com\/es\/politica-de-privacidad-2\/","url":"https:\/\/dari-system.com\/es\/politica-de-privacidad-2\/","name":"Pol\u00edtica de privacidad s\u00f3lo Meta Pixel - DaRi System","isPartOf":{"@id":"https:\/\/dari-system.com\/es\/#website"},"datePublished":"2026-02-27T11:22:35+00:00","dateModified":"2026-02-27T11:30:59+00:00","breadcrumb":{"@id":"https:\/\/dari-system.com\/es\/politica-de-privacidad-2\/#breadcrumb"},"inLanguage":"es","potentialAction":[{"@type":"ReadAction","target":["https:\/\/dari-system.com\/es\/politica-de-privacidad-2\/"]}]},{"@type":"BreadcrumbList","@id":"https:\/\/dari-system.com\/es\/politica-de-privacidad-2\/#breadcrumb","itemListElement":[{"@type":"ListItem","position":1,"name":"Startseite","item":"https:\/\/dari-system.com\/es\/"},{"@type":"ListItem","position":2,"name":"Pol\u00edtica de privacidad s\u00f3lo Meta Pixel"}]},{"@type":"WebSite","@id":"https:\/\/dari-system.com\/es\/#website","url":"https:\/\/dari-system.com\/es\/","name":"DaRi System","description":"","potentialAction":[{"@type":"SearchAction","target":{"@type":"EntryPoint","urlTemplate":"https:\/\/dari-system.com\/es\/?s={search_term_string}"},"query-input":{"@type":"PropertyValueSpecification","valueRequired":true,"valueName":"search_term_string"}}],"inLanguage":"es"}]}},"_links":{"self":[{"href":"https:\/\/dari-system.com\/es\/wp-json\/wp\/v2\/pages\/25551028","targetHints":{"allow":["GET"]}}],"collection":[{"href":"https:\/\/dari-system.com\/es\/wp-json\/wp\/v2\/pages"}],"about":[{"href":"https:\/\/dari-system.com\/es\/wp-json\/wp\/v2\/types\/page"}],"author":[{"embeddable":true,"href":"https:\/\/dari-system.com\/es\/wp-json\/wp\/v2\/users\/1"}],"replies":[{"embeddable":true,"href":"https:\/\/dari-system.com\/es\/wp-json\/wp\/v2\/comments?post=25551028"}],"version-history":[{"count":4,"href":"https:\/\/dari-system.com\/es\/wp-json\/wp\/v2\/pages\/25551028\/revisions"}],"predecessor-version":[{"id":25551118,"href":"https:\/\/dari-system.com\/es\/wp-json\/wp\/v2\/pages\/25551028\/revisions\/25551118"}],"wp:attachment":[{"href":"https:\/\/dari-system.com\/es\/wp-json\/wp\/v2\/media?parent=25551028"}],"wp:term":[{"taxonomy":"dipi_cpt_category","embeddable":true,"href":"https:\/\/dari-system.com\/es\/wp-json\/wp\/v2\/dipi_cpt_category?post=25551028"}],"curies":[{"name":"wp","href":"https:\/\/api.w.org\/{rel}","templated":true}]}}