{"id":25545913,"date":"2024-06-19T14:44:07","date_gmt":"2024-06-19T14:44:07","guid":{"rendered":"https:\/\/dari-system.com\/canalones-para-la-lluvia-guardahojas\/"},"modified":"2024-08-01T17:10:41","modified_gmt":"2024-08-01T17:10:41","slug":"canalones-para-la-lluvia-guardahojas","status":"publish","type":"page","link":"https:\/\/dari-system.com\/es\/canalones-para-la-lluvia-guardahojas\/","title":{"rendered":"Canalones para la lluvia Guardahojas"},"content":{"rendered":"<p>[et_pb_section fb_built=\u00bb1&#8243; fullwidth=\u00bbon\u00bb _builder_version=\u00bb4.25.0&#8243; _module_preset=\u00bbdefault\u00bb bottom_divider_color=\u00bb#FFFFFF\u00bb bottom_divider_height=\u00bb82px\u00bb bottom_divider_flip=\u00bbhorizontal\u00bb locked=\u00bboff\u00bb global_colors_info=\u00bb{}\u00bb][et_pb_fullwidth_header title=\u00bbCanalones para la lluvia Guardahojas\u00bb subhead=\u00bby tendr\u00e1s una cosa menos de la que preocuparte\u00bb _builder_version=\u00bb4.25.0&#8243; _module_preset=\u00bbdefault\u00bb title_font=\u00bb|800|||||||\u00bb title_font_size=\u00bb45px\u00bb background_image=\u00bbhttps:\/\/dari-system.com\/wp-content\/uploads\/2024\/05\/header_background.webp\u00bb background_position=\u00bbbottom_center\u00bb custom_padding=\u00bb8vh||8vh||true|false\u00bb hover_enabled=\u00bb0&#8243; title_font_size_tablet=\u00bb45px\u00bb title_font_size_phone=\u00bb29px\u00bb title_font_size_last_edited=\u00bbon|phone\u00bb content_font_size_tablet=\u00bb\u00bb content_font_size_phone=\u00bb17px\u00bb content_font_size_last_edited=\u00bbon|phone\u00bb global_colors_info=\u00bb{}\u00bb sticky_enabled=\u00bb0&#8243;][\/et_pb_fullwidth_header][\/et_pb_section][et_pb_section fb_built=\u00bb1&#8243; _builder_version=\u00bb4.25.0&#8243; _module_preset=\u00bbdefault\u00bb custom_margin=\u00bb||0px||false|false\u00bb custom_padding=\u00bb||0px||false|false\u00bb global_colors_info=\u00bb{}\u00bb][et_pb_row _builder_version=\u00bb4.25.0&#8243; _module_preset=\u00bbdefault\u00bb global_colors_info=\u00bb{}\u00bb][et_pb_column type=\u00bb4_4&#8243; _builder_version=\u00bb4.25.0&#8243; _module_preset=\u00bbdefault\u00bb global_colors_info=\u00bb{}\u00bb][et_pb_text _builder_version=\u00bb4.25.0&#8243; _module_preset=\u00bbdefault\u00bb header_2_font=\u00bb|700|||||||\u00bb hover_enabled=\u00bb0&#8243; global_colors_info=\u00bb{}\u00bb sticky_enabled=\u00bb0&#8243;]<\/p>\n<h2>El fiable guardahojas del canal\u00f3n de lluvia<\/h2>\n<p>  Con nuestro protector de hojas para canalones, ya no tendr\u00e1s que preocuparte de que tu canal\u00f3n se obstruya.<br \/>\nEl deflector del canal\u00f3n protege de forma fiable los canalones de media ca\u00f1a y los canalones de caja de las obstrucciones causadas por hojas o agujas.<br \/>\nInstalar el protector de canal\u00f3n es un juego de ni\u00f1os.<br \/>\nNi siquiera necesitas herramientas.<br \/>\nBasta con colocarlo en el canal\u00f3n y engancharlo al reborde redondo de la parte delantera.<br \/>\nLos clips est\u00e1n disponibles en negro y plata.<br \/>\nEsto significa que los clips apenas se ven desde abajo.<br \/>\nY aun as\u00ed, tu canal\u00f3n queda excelentemente protegido por el protector de hojas para canalones.<br \/>\nSin embargo, el guardahojas del canal\u00f3n no protege el canal\u00f3n de hojas o agujas.<br \/>\nLas ramas peque\u00f1as o el musgo tambi\u00e9n se desprenden del tejado y acabar\u00edan en el canal\u00f3n si \u00e9ste no estuviera protegido por un deflector.[\/et_pb_text][\/et_pb_column][\/et_pb_row][et_pb_row column_structure=\u00bb1_2,1_2&#8243; _builder_version=\u00bb4.25.0&#8243; _module_preset=\u00bbdefault\u00bb global_colors_info=\u00bb{}\u00bb][et_pb_column type=\u00bb1_2&#8243; _builder_version=\u00bb4.25.0&#8243; _module_preset=\u00bbdefault\u00bb global_colors_info=\u00bb{}\u00bb][et_pb_text _builder_version=\u00bb4.25.0&#8243; _module_preset=\u00bbdefault\u00bb header_2_font=\u00bb|700|||||||\u00bb hover_enabled=\u00bb0&#8243; global_colors_info=\u00bb{}\u00bb sticky_enabled=\u00bb0&#8243;]<\/p>\n<h2>Nuestro protector de hojas para canalones se adapta a casi todos los canalones<\/h2>\n<p>  En funci\u00f3n del tama\u00f1o de tu tejado, tambi\u00e9n se adaptar\u00e1 el tama\u00f1o del canal\u00f3n.<br \/>\nPara tejados muy grandes, se suele instalar un canal\u00f3n de tama\u00f1o 40, y para tejados peque\u00f1os, uno de tama\u00f1o 28.<br \/>\nEn la construcci\u00f3n residencial, sin embargo, lo m\u00e1s habitual es utilizar canalones de tama\u00f1o 33.<br \/>\nPuedes ver el tama\u00f1o de tu canal\u00f3n en el extremo del canal\u00f3n.<br \/>\nAll\u00ed hay una placa final.<br \/>\nEsta placa suele mostrar el tama\u00f1o del canal\u00f3n.<br \/>\nEl tama\u00f1o del canal\u00f3n es muy importante para que el protector de hojas del canal\u00f3n encaje perfectamente.<br \/>\nSin embargo, en los canalones rectangulares suele haber canalones no normalizados, por ejemplo, en un invernadero o balc\u00f3n.<br \/>\nPor eso, nuestro protector de canal\u00f3n para canalones rectangulares es muy flexible y se adapta a canalones rectangulares de anchuras muy diferentes.<br \/>\nSe puede ajustar tanto la altura como la anchura de la protecci\u00f3n del canal\u00f3n.[\/et_pb_text][\/et_pb_column][et_pb_column type=\u00bb1_2&#8243; _builder_version=\u00bb4.25.0&#8243; _module_preset=\u00bbdefault\u00bb global_colors_info=\u00bb{}\u00bb][et_pb_image src=\u00bbhttps:\/\/dari-system.com\/wp-content\/uploads\/2024\/06\/regenrinnen-laubschutz.webp\u00bb alt=\u00bbCanalones para la lluvia Guardahojas\u00bb title_text=\u00bbprotector de canal\u00f3n\u00bb _builder_version=\u00bb4.25.0&#8243; _module_preset=\u00bbdefault\u00bb custom_margin=\u00bb||5px||false|false\u00bb hover_enabled=\u00bb0&#8243; global_colors_info=\u00bb{}\u00bb sticky_enabled=\u00bb0&#8243;][\/et_pb_image][et_pb_text _builder_version=\u00bb4.25.0&#8243; _module_preset=\u00bbdefault\u00bb custom_margin=\u00bb0px||||false|false\u00bb hover_enabled=\u00bb0&#8243; global_colors_info=\u00bb{}\u00bb sticky_enabled=\u00bb0&#8243;]<\/p>\n<p style=\"text-align: center;\"><em>Guardahojas para cada canal\u00f3n<\/em><\/p>\n<p>[\/et_pb_text][\/et_pb_column][\/et_pb_row][\/et_pb_section][et_pb_section fb_built=\u00bb1&#8243; _builder_version=\u00bb4.25.0&#8243; _module_preset=\u00bbdefault\u00bb custom_margin=\u00bb0px||||false|false\u00bb custom_padding=\u00bb0px||||false|false\u00bb global_colors_info=\u00bb{}\u00bb][et_pb_row _builder_version=\u00bb4.25.0&#8243; _module_preset=\u00bbdefault\u00bb hover_enabled=\u00bb0&#8243; global_colors_info=\u00bb{}\u00bb sticky_enabled=\u00bb0&#8243;][et_pb_column type=\u00bb4_4&#8243; _builder_version=\u00bb4.25.0&#8243; _module_preset=\u00bbdefault\u00bb global_colors_info=\u00bb{}\u00bb][et_pb_text _builder_version=\u00bb4.25.0&#8243; _module_preset=\u00bbdefault\u00bb header_2_font=\u00bb|700|||||||\u00bb hover_enabled=\u00bb0&#8243; global_colors_info=\u00bb{}\u00bb sticky_enabled=\u00bb0&#8243;]<\/p>\n<h2>Conf\u00eda en m\u00e1s de 20 a\u00f1os de experiencia con nuestro protector de hoja para canalones de lluvia<\/h2>\n<p>Llevamos m\u00e1s de 20 a\u00f1os ocup\u00e1ndonos de la cuesti\u00f3n de c\u00f3mo proteger los canalones de los atascos causados por hojas, agujas, ramitas, musgo o la flor de los \u00e1rboles.<br \/>\nRecibimos consultas de propietarios cuya casa est\u00e1 junto a un gran pino y que est\u00e1n desesperados porque el canal\u00f3n se llena de agujas de pino todas las semanas.<br \/>\nCon el guardahojas para canalones, estos propietarios se alegran de haber resuelto este problema.<br \/>\nCon nuestros productos, ya hemos devuelto la despreocupaci\u00f3n a muchos clientes.   <\/p>\n<h2>El servicio es nuestra m\u00e1xima prioridad<\/h2>\n<p>Estamos encantados cuando recibimos consultas de clientes que nos env\u00edan fotos de sus canalones y nos preguntan si nuestro protector de hojas para canalones es adecuado para sus canalones.<br \/>\nLos clientes reciben asesoramiento gratuito y en casi todos los casos podemos ayudarles a evitar que el canal\u00f3n se atasque.<br \/>\nComo el protector del canal\u00f3n est\u00e1 hecho de polipropileno duradero con protecci\u00f3n UV, a menudo recibimos comentarios positivos de los clientes sobre lo satisfechos que est\u00e1n, incluso despu\u00e9s de muchos a\u00f1os.<br \/>\nTambi\u00e9n hacemos algo bueno por el medio ambiente, porque nuestros productos son totalmente reciclables.<br \/>\nY lo mejor de todo: el deflector de vierteaguas se dise\u00f1\u00f3 en Alemania y se fabrica en Alemania.<br \/>\nMade in Germany es sin\u00f3nimo de m\u00e1xima calidad y durabilidad.     <\/p>\n<h2>Instrucciones para instalar protectores de hojas para el canal\u00f3n<\/h2>\n<p><strong>Instala tu protector de hojas para canalones en 5 pasos<\/strong><\/p>\n<ol>\n<li>Preparaci\u00f3n: Antes de instalar el deflector del canal\u00f3n, debes limpiar bien el canal\u00f3n<\/li>\n<li>Prepara los materiales: No necesitas un martillo ni un tornillo para instalar el guardahojas del canal\u00f3n.<br \/>\nS\u00f3lo tienes que deslizar los clips en el sistema DaRi y listo. <\/li>\n<li>Instalaci\u00f3n: La instalaci\u00f3n es un juego de ni\u00f1os.<br \/>\nBasta con colocar el deflector en el canal\u00f3n y deslizar los clips sobre el reborde redondo de la parte delantera.<br \/>\nA continuaci\u00f3n, se coloca el deflector de canal\u00f3n de extremo a extremo.<br \/>\nLas piezas individuales no deben solaparse.   <\/li>\n<li>Corta a medida: Dependiendo de c\u00f3mo encajen en el canal\u00f3n las partes de 76 cm de longitud del protector de hoja del canal\u00f3n, puede que sea necesario acortar ligeramente la \u00faltima pieza.<br \/>\nPara ello, puedes cortar la \u00faltima pieza del protector del canal\u00f3n a la longitud correcta con unas tijeras o tijeras de podar. <\/li>\n<li>Conclusi\u00f3n: Una vez que el protector de hojas del canal\u00f3n est\u00e9 bien instalado, todos los residuos deben eliminarse adecuadamente y la escalera debe volver a colocarse en su sitio.<\/li>\n<\/ol>\n<p>Esto tambi\u00e9n podr\u00eda interesarte:<\/p>\n<ul>\n<li><a href=\"https:\/\/dari-system.com\/es\/canalon-antihojas\/\" title=\"Canal\u00f3n antihojas\"><a href=\"https:\/\/dari-system.com\/es\/canalon-antihojas\/\">Guardahojas para el canal\u00f3n<\/a><\/a><\/li>\n<li><a href=\"https:\/\/dari-system.com\/es\/canalones-para-la-lluvia-guardahojas\/\" title=\"Canalones para la lluvia Guardahojas\"><a href=\"https:\/\/dari-system.com\/es\/canalones-para-la-lluvia-guardahojas\/\">Canalones para la lluvia Guardahojas<\/a><\/a><\/li>\n<li><a href=\"https:\/\/dari-system.com\/es\/canalon-antihojas-2\/\" title=\"Canal\u00f3n antihojas\"><a href=\"https:\/\/dari-system.com\/es\/canalon-antihojas-2\/\">Protecci\u00f3n antihojas para el canal\u00f3n<\/a><\/a><\/li>\n<li><a href=\"https:\/\/dari-system.com\/es\/cubrecanalones\/\" title=\"Cubrecanalones\"> <a href=\"https:\/\/dari-system.com\/es\/cubrecanalones\/\"> Cubrecanalones<\/a><\/a><\/li>\n<\/ul>\n<p>[\/et_pb_text][\/et_pb_column][\/et_pb_row][\/et_pb_section]<\/p>\n","protected":false},"excerpt":{"rendered":"<p>El fiable guardahojas del canal\u00f3n de lluvia Con nuestro protector de hojas para canalones, ya no tendr\u00e1s que preocuparte de que tu canal\u00f3n se obstruya. El deflector del canal\u00f3n protege de forma fiable los canalones de media ca\u00f1a y los canalones de caja de las obstrucciones causadas por hojas o agujas. Instalar el protector de [&hellip;]<\/p>\n","protected":false},"author":1,"featured_media":0,"parent":0,"menu_order":0,"comment_status":"closed","ping_status":"closed","template":"","meta":{"_et_pb_use_builder":"on","_et_pb_old_content":"","_et_gb_content_width":"","iawp_total_views":29,"footnotes":""},"dipi_cpt_category":[],"class_list":["post-25545913","page","type-page","status-publish","hentry"],"yoast_head":"<!-- This site is optimized with the Yoast SEO plugin v27.2 - https:\/\/yoast.com\/product\/yoast-seo-wordpress\/ -->\n<title>Protector DaRi para el canal\u00f3n: protecci\u00f3n contra las hojas en el canal\u00f3n<\/title>\n<meta name=\"description\" content=\"Protege tu canal\u00f3n con el protector antihojas DaRi. Evita los atascos y los da\u00f1os causados por las hojas en el canal\u00f3n. M\u00e1s informaci\u00f3n\" \/>\n<meta name=\"robots\" content=\"index, follow, max-snippet:-1, max-image-preview:large, max-video-preview:-1\" \/>\n<link rel=\"canonical\" href=\"https:\/\/dari-system.com\/es\/canalones-para-la-lluvia-guardahojas\/\" \/>\n<meta property=\"og:locale\" content=\"es_ES\" \/>\n<meta property=\"og:type\" content=\"article\" \/>\n<meta property=\"og:title\" content=\"Protector DaRi para el canal\u00f3n: protecci\u00f3n contra las hojas en el canal\u00f3n\" \/>\n<meta property=\"og:description\" content=\"Protege tu canal\u00f3n con el protector antihojas DaRi. Evita los atascos y los da\u00f1os causados por las hojas en el canal\u00f3n. M\u00e1s informaci\u00f3n\" \/>\n<meta property=\"og:url\" content=\"https:\/\/dari-system.com\/es\/canalones-para-la-lluvia-guardahojas\/\" \/>\n<meta property=\"og:site_name\" content=\"DaRi System\" \/>\n<meta property=\"article:modified_time\" content=\"2024-08-01T17:10:41+00:00\" \/>\n<meta name=\"twitter:card\" content=\"summary_large_image\" \/>\n<meta name=\"twitter:label1\" content=\"Tiempo de lectura\" \/>\n\t<meta name=\"twitter:data1\" content=\"6 minutos\" \/>\n<script type=\"application\/ld+json\" class=\"yoast-schema-graph\">{\"@context\":\"https:\/\/schema.org\",\"@graph\":[{\"@type\":\"WebPage\",\"@id\":\"https:\/\/dari-system.com\/es\/canalones-para-la-lluvia-guardahojas\/\",\"url\":\"https:\/\/dari-system.com\/es\/canalones-para-la-lluvia-guardahojas\/\",\"name\":\"Protector DaRi para el canal\u00f3n: protecci\u00f3n contra las hojas en el canal\u00f3n\",\"isPartOf\":{\"@id\":\"https:\/\/dari-system.com\/es\/#website\"},\"datePublished\":\"2024-06-19T14:44:07+00:00\",\"dateModified\":\"2024-08-01T17:10:41+00:00\",\"description\":\"Protege tu canal\u00f3n con el protector antihojas DaRi. Evita los atascos y los da\u00f1os causados por las hojas en el canal\u00f3n. M\u00e1s informaci\u00f3n\",\"breadcrumb\":{\"@id\":\"https:\/\/dari-system.com\/es\/canalones-para-la-lluvia-guardahojas\/#breadcrumb\"},\"inLanguage\":\"es\",\"potentialAction\":[{\"@type\":\"ReadAction\",\"target\":[\"https:\/\/dari-system.com\/es\/canalones-para-la-lluvia-guardahojas\/\"]}]},{\"@type\":\"BreadcrumbList\",\"@id\":\"https:\/\/dari-system.com\/es\/canalones-para-la-lluvia-guardahojas\/#breadcrumb\",\"itemListElement\":[{\"@type\":\"ListItem\",\"position\":1,\"name\":\"Startseite\",\"item\":\"https:\/\/dari-system.com\/es\/\"},{\"@type\":\"ListItem\",\"position\":2,\"name\":\"Canalones para la lluvia Guardahojas\"}]},{\"@type\":\"WebSite\",\"@id\":\"https:\/\/dari-system.com\/es\/#website\",\"url\":\"https:\/\/dari-system.com\/es\/\",\"name\":\"DaRi System\",\"description\":\"\",\"potentialAction\":[{\"@type\":\"SearchAction\",\"target\":{\"@type\":\"EntryPoint\",\"urlTemplate\":\"https:\/\/dari-system.com\/es\/?s={search_term_string}\"},\"query-input\":{\"@type\":\"PropertyValueSpecification\",\"valueRequired\":true,\"valueName\":\"search_term_string\"}}],\"inLanguage\":\"es\"}]}<\/script>\n<!-- \/ Yoast SEO plugin. -->","yoast_head_json":{"title":"Protector DaRi para el canal\u00f3n: protecci\u00f3n contra las hojas en el canal\u00f3n","description":"Protege tu canal\u00f3n con el protector antihojas DaRi. Evita los atascos y los da\u00f1os causados por las hojas en el canal\u00f3n. M\u00e1s informaci\u00f3n","robots":{"index":"index","follow":"follow","max-snippet":"max-snippet:-1","max-image-preview":"max-image-preview:large","max-video-preview":"max-video-preview:-1"},"canonical":"https:\/\/dari-system.com\/es\/canalones-para-la-lluvia-guardahojas\/","og_locale":"es_ES","og_type":"article","og_title":"Protector DaRi para el canal\u00f3n: protecci\u00f3n contra las hojas en el canal\u00f3n","og_description":"Protege tu canal\u00f3n con el protector antihojas DaRi. Evita los atascos y los da\u00f1os causados por las hojas en el canal\u00f3n. M\u00e1s informaci\u00f3n","og_url":"https:\/\/dari-system.com\/es\/canalones-para-la-lluvia-guardahojas\/","og_site_name":"DaRi System","article_modified_time":"2024-08-01T17:10:41+00:00","twitter_card":"summary_large_image","twitter_misc":{"Tiempo de lectura":"6 minutos"},"schema":{"@context":"https:\/\/schema.org","@graph":[{"@type":"WebPage","@id":"https:\/\/dari-system.com\/es\/canalones-para-la-lluvia-guardahojas\/","url":"https:\/\/dari-system.com\/es\/canalones-para-la-lluvia-guardahojas\/","name":"Protector DaRi para el canal\u00f3n: protecci\u00f3n contra las hojas en el canal\u00f3n","isPartOf":{"@id":"https:\/\/dari-system.com\/es\/#website"},"datePublished":"2024-06-19T14:44:07+00:00","dateModified":"2024-08-01T17:10:41+00:00","description":"Protege tu canal\u00f3n con el protector antihojas DaRi. Evita los atascos y los da\u00f1os causados por las hojas en el canal\u00f3n. M\u00e1s informaci\u00f3n","breadcrumb":{"@id":"https:\/\/dari-system.com\/es\/canalones-para-la-lluvia-guardahojas\/#breadcrumb"},"inLanguage":"es","potentialAction":[{"@type":"ReadAction","target":["https:\/\/dari-system.com\/es\/canalones-para-la-lluvia-guardahojas\/"]}]},{"@type":"BreadcrumbList","@id":"https:\/\/dari-system.com\/es\/canalones-para-la-lluvia-guardahojas\/#breadcrumb","itemListElement":[{"@type":"ListItem","position":1,"name":"Startseite","item":"https:\/\/dari-system.com\/es\/"},{"@type":"ListItem","position":2,"name":"Canalones para la lluvia Guardahojas"}]},{"@type":"WebSite","@id":"https:\/\/dari-system.com\/es\/#website","url":"https:\/\/dari-system.com\/es\/","name":"DaRi System","description":"","potentialAction":[{"@type":"SearchAction","target":{"@type":"EntryPoint","urlTemplate":"https:\/\/dari-system.com\/es\/?s={search_term_string}"},"query-input":{"@type":"PropertyValueSpecification","valueRequired":true,"valueName":"search_term_string"}}],"inLanguage":"es"}]}},"_links":{"self":[{"href":"https:\/\/dari-system.com\/es\/wp-json\/wp\/v2\/pages\/25545913","targetHints":{"allow":["GET"]}}],"collection":[{"href":"https:\/\/dari-system.com\/es\/wp-json\/wp\/v2\/pages"}],"about":[{"href":"https:\/\/dari-system.com\/es\/wp-json\/wp\/v2\/types\/page"}],"author":[{"embeddable":true,"href":"https:\/\/dari-system.com\/es\/wp-json\/wp\/v2\/users\/1"}],"replies":[{"embeddable":true,"href":"https:\/\/dari-system.com\/es\/wp-json\/wp\/v2\/comments?post=25545913"}],"version-history":[{"count":4,"href":"https:\/\/dari-system.com\/es\/wp-json\/wp\/v2\/pages\/25545913\/revisions"}],"predecessor-version":[{"id":25545922,"href":"https:\/\/dari-system.com\/es\/wp-json\/wp\/v2\/pages\/25545913\/revisions\/25545922"}],"wp:attachment":[{"href":"https:\/\/dari-system.com\/es\/wp-json\/wp\/v2\/media?parent=25545913"}],"wp:term":[{"taxonomy":"dipi_cpt_category","embeddable":true,"href":"https:\/\/dari-system.com\/es\/wp-json\/wp\/v2\/dipi_cpt_category?post=25545913"}],"curies":[{"name":"wp","href":"https:\/\/api.w.org\/{rel}","templated":true}]}}