{"id":25545900,"date":"2024-06-19T09:58:35","date_gmt":"2024-06-19T09:58:35","guid":{"rendered":"https:\/\/dari-system.com\/cubrecanalones\/"},"modified":"2024-08-01T17:10:07","modified_gmt":"2024-08-01T17:10:07","slug":"cubrecanalones","status":"publish","type":"page","link":"https:\/\/dari-system.com\/es\/cubrecanalones\/","title":{"rendered":"Cubrecanalones"},"content":{"rendered":"<p>[et_pb_section fb_built=\u00bb1&#8243; fullwidth=\u00bbon\u00bb _builder_version=\u00bb4.25.0&#8243; _module_preset=\u00bbdefault\u00bb bottom_divider_color=\u00bb#FFFFFF\u00bb bottom_divider_height=\u00bb82px\u00bb bottom_divider_flip=\u00bbhorizontal\u00bb locked=\u00bboff\u00bb global_colors_info=\u00bb{}\u00bb][et_pb_fullwidth_header title=\u00bbCubrecanalones  \u00bb subhead=\u00bbLa mejor protecci\u00f3n para tu tejado\u00bb _builder_version=\u00bb4.25.0&#8243; _module_preset=\u00bbdefault\u00bb title_font=\u00bb|800|||||||\u00bb title_font_size=\u00bb45px\u00bb background_image=\u00bbhttps:\/\/dari-system.com\/wp-content\/uploads\/2024\/05\/header_background.webp\u00bb background_position=\u00bbbottom_center\u00bb custom_padding=\u00bb8vh||8vh||true|false\u00bb title_font_size_tablet=\u00bb45px\u00bb title_font_size_phone=\u00bb29px\u00bb title_font_size_last_edited=\u00bbon|phone\u00bb content_font_size_tablet=\u00bb\u00bb content_font_size_phone=\u00bb17px\u00bb content_font_size_last_edited=\u00bbon|phone\u00bb global_colors_info=\u00bb{}\u00bb][\/et_pb_fullwidth_header][\/et_pb_section][et_pb_section fb_built=\u00bb1&#8243; _builder_version=\u00bb4.25.0&#8243; _module_preset=\u00bbdefault\u00bb custom_margin=\u00bb||0px||false|false\u00bb custom_padding=\u00bb||0px||false|false\u00bb global_colors_info=\u00bb{}\u00bb][et_pb_row column_structure=\u00bb1_2,1_2&#8243; _builder_version=\u00bb4.25.0&#8243; _module_preset=\u00bbdefault\u00bb global_colors_info=\u00bb{}\u00bb][et_pb_column type=\u00bb1_2&#8243; _builder_version=\u00bb4.25.0&#8243; _module_preset=\u00bbdefault\u00bb global_colors_info=\u00bb{}\u00bb][et_pb_text _builder_version=\u00bb4.25.0&#8243; _module_preset=\u00bbdefault\u00bb header_2_font=\u00bb|700|||||||\u00bb global_colors_info=\u00bb{}\u00bb]<\/p>\n<h2>La cubierta de canal\u00f3n segura para tu tejado<\/h2>\n<p>Una cubierta de canal\u00f3n protege eficazmente el canal\u00f3n de las obstrucciones causadas por hojas, agujas, ramas peque\u00f1as y musgo.<br \/>\nSin una cubierta de <strong>canal\u00f3n<\/strong>, incluso los canalones rectangulares pueden obstruirse r\u00e1pidamente.<br \/>\nTodo propietario conoce el problema de tener que limpiar una y otra vez los canalones de media ca\u00f1a y los canalones de caja.<br \/>\nSobre todo en oto\u00f1o, los canalones y los canalones rectangulares se atascan r\u00e1pidamente con las hojas.<br \/>\nPor tanto, una cubierta de canal\u00f3n eficaz no s\u00f3lo protege el canal\u00f3n de la obstrucci\u00f3n, sino que tambi\u00e9n facilita al propietario la protecci\u00f3n de su vivienda, ya que el agua de lluvia no corre por el canal\u00f3n obstruido y empapa la pared de la casa.    <\/p>\n<p>[\/et_pb_text][\/et_pb_column][et_pb_column type=\u00bb1_2&#8243; _builder_version=\u00bb4.25.0&#8243; _module_preset=\u00bbdefault\u00bb global_colors_info=\u00bb{}\u00bb][et_pb_image src=\u00bbhttps:\/\/dari-system.com\/wp-content\/uploads\/2024\/06\/dachrinnenabdeckung.webp\u00bb alt=\u00bbCubrecanalones\u00bb title_text=\u00bbCubrecanalones\u00bb _builder_version=\u00bb4.25.0&#8243; _module_preset=\u00bbdefault\u00bb custom_margin=\u00bb||5px||false|false\u00bb global_colors_info=\u00bb{}\u00bb][\/et_pb_image][et_pb_text _builder_version=\u00bb4.25.0&#8243; _module_preset=\u00bbdefault\u00bb custom_margin=\u00bb0px||||false|false\u00bb global_colors_info=\u00bb{}\u00bb]<\/p>\n<p style=\"text-align: center;\"><em>Cubrecanalones DaRi<\/em><\/p>\n<p>[\/et_pb_text][\/et_pb_column][\/et_pb_row][\/et_pb_section][et_pb_section fb_built=\u00bb1&#8243; _builder_version=\u00bb4.25.0&#8243; _module_preset=\u00bbdefault\u00bb custom_margin=\u00bb0px||||false|false\u00bb custom_padding=\u00bb0px||||false|false\u00bb global_colors_info=\u00bb{}\u00bb][et_pb_row _builder_version=\u00bb4.25.0&#8243; _module_preset=\u00bbdefault\u00bb global_colors_info=\u00bb{}\u00bb][et_pb_column type=\u00bb4_4&#8243; _builder_version=\u00bb4.25.0&#8243; _module_preset=\u00bbdefault\u00bb global_colors_info=\u00bb{}\u00bb][et_pb_text _builder_version=\u00bb4.25.0&#8243; _module_preset=\u00bbdefault\u00bb header_2_font=\u00bb|700|||||||\u00bb hover_enabled=\u00bb0&#8243; global_colors_info=\u00bb{}\u00bb sticky_enabled=\u00bb0&#8243;]<\/p>\n<h2>Ahorra costes con la compra de una cubierta de canal\u00f3n<\/h2>\n<p>Con una cubierta de canal\u00f3n para tu canal\u00f3n o canal\u00f3n de caja, puedes ahorrar costes de forma eficaz.<br \/>\nPorque un canal\u00f3n atascado puede salir muy caro si se desborda y empapa la pared de la casa.<br \/>\nEl agua tambi\u00e9n puede entrar en el s\u00f3tano a trav\u00e9s del pozo de luz si el canal\u00f3n se desborda.<br \/>\nEvita este riesgo y protege tu canal\u00f3n con una cubierta de canal\u00f3n.   <\/p>\n<h2>Mejor calidad de vida con una buena cubierta de canal\u00f3n<\/h2>\n<p>Con una buena cubierta de canal\u00f3n, tambi\u00e9n ganas en calidad de vida.<br \/>\nPorque si ya no tienes que preocuparte de que se te obstruya el canal\u00f3n o el canal\u00f3n de caja, podr\u00e1s irte de vacaciones en oto\u00f1o con toda tranquilidad. <\/p>\n<h2>Presta atenci\u00f3n a la calidad de la cubierta del canal\u00f3n<\/h2>\n<p>Si buscas una cubierta de canal\u00f3n de alta calidad, debes comprobar cuidadosamente si cumple su funci\u00f3n.<br \/>\nPor tanto, presta atenci\u00f3n a la calidad de la cubierta del canal\u00f3n.<br \/>\nOfrecemos cubiertas de canal\u00f3n de alta calidad para canalones de media ca\u00f1a y de caja.<br \/>\nNuestras cubiertas para canalones se adaptan a casi todos los canalones.   <\/p>\n<h2>Un buen servicio es muy importante a la hora de comprar un cubrecanalones<\/h2>\n<p>Te ofrecemos el mejor servicio.<br \/>\nPuedes enviarnos fotos de tu canal\u00f3n o vierteaguas y te aconsejaremos gratuitamente sobre qu\u00e9 cubrecanalones se adapta mejor a tu canal\u00f3n o vierteaguas.<br \/>\nIncluso si surge alg\u00fan problema durante la instalaci\u00f3n, estaremos ah\u00ed para ayudarte y aconsejarte.  <\/p>\n<h2>Para que puedas disfrutar de tu tejado durante mucho tiempo, protege el canal\u00f3n con una cubierta para canalones<\/h2>\n<p>Una cubierta para canalones te ahorra mucho trabajo tedioso.<br \/>\nTener que subir a la escalera alta varias veces al a\u00f1o no s\u00f3lo es tedioso, sino tambi\u00e9n peligroso.<br \/>\nCuanto mayor te haces, m\u00e1s quieres evitar este riesgo de accidente.  <\/p>\n<h2>Garantiza que el canal\u00f3n no se atascar\u00e1 m\u00e1s<\/h2>\n<p>Con una cubierta de canal\u00f3n de nuestra tienda, te garantizamos que tu canal\u00f3n ya no se obstruir\u00e1 con hojas.<br \/>\n\u00bfEn qu\u00e9 otro sitio puedes conseguir una garant\u00eda semejante en una cubierta para canalones? <\/p>\n<p>Esto tambi\u00e9n podr\u00eda interesarte:<\/p>\n<ul>\n<li><a href=\"https:\/\/dari-system.com\/es\/canalon-antihojas\/\" title=\"Canal\u00f3n antihojas\"><a href=\"https:\/\/dari-system.com\/es\/canalon-antihojas\/\">Guardahojas para el canal\u00f3n<\/a><\/a><\/li>\n<li><a href=\"https:\/\/dari-system.com\/regenrinnen-laubschutz\/\" title=\"Canalones para la lluvia Guardahojas\"><a href=\"https:\/\/dari-system.com\/regenrinnen-laubschutz\/\">Canalones para la lluvia Guardahojas<\/a><\/a><\/li>\n<li><a href=\"https:\/\/dari-system.com\/es\/canalon-antihojas-2\/\" title=\"Canal\u00f3n antihojas\"><a href=\"https:\/\/dari-system.com\/es\/canalon-antihojas-2\/\">Protecci\u00f3n antihojas para el canal\u00f3n<\/a><\/a><\/li>\n<li><a href=\"https:\/\/dari-system.com\/es\/cubrecanalones\/\" title=\"Cubrecanalones\"> <a href=\"https:\/\/dari-system.com\/es\/cubrecanalones\/\"> Cubrecanalones<\/a><\/a><\/li>\n<\/ul>\n<p>[\/et_pb_text][\/et_pb_column][\/et_pb_row][\/et_pb_section]<\/p>\n","protected":false},"excerpt":{"rendered":"<p>La cubierta de canal\u00f3n segura para tu tejado Una cubierta de canal\u00f3n protege eficazmente el canal\u00f3n de las obstrucciones causadas por hojas, agujas, ramas peque\u00f1as y musgo. Sin una cubierta de canal\u00f3n, incluso los canalones rectangulares pueden obstruirse r\u00e1pidamente. Todo propietario conoce el problema de tener que limpiar una y otra vez los canalones de [&hellip;]<\/p>\n","protected":false},"author":1,"featured_media":0,"parent":0,"menu_order":0,"comment_status":"closed","ping_status":"closed","template":"","meta":{"_et_pb_use_builder":"on","_et_pb_old_content":"","_et_gb_content_width":"","iawp_total_views":8,"footnotes":""},"dipi_cpt_category":[],"class_list":["post-25545900","page","type-page","status-publish","hentry"],"yoast_head":"<!-- This site is optimized with the Yoast SEO plugin v27.2 - https:\/\/yoast.com\/product\/yoast-seo-wordpress\/ -->\n<title>Cubrecanalones DaRi - Protecci\u00f3n perfecta contra las hojas<\/title>\n<meta name=\"description\" content=\"Inf\u00f3rmate sobre el cubrecanalones DaRi y protege tu canal\u00f3n de hojas y obstrucciones. Te asesoramos sobre\" \/>\n<meta name=\"robots\" content=\"index, follow, max-snippet:-1, max-image-preview:large, max-video-preview:-1\" \/>\n<link rel=\"canonical\" href=\"https:\/\/dari-system.com\/es\/cubrecanalones\/\" \/>\n<meta property=\"og:locale\" content=\"es_ES\" \/>\n<meta property=\"og:type\" content=\"article\" \/>\n<meta property=\"og:title\" content=\"Cubrecanalones DaRi - Protecci\u00f3n perfecta contra las hojas\" \/>\n<meta property=\"og:description\" content=\"Inf\u00f3rmate sobre el cubrecanalones DaRi y protege tu canal\u00f3n de hojas y obstrucciones. Te asesoramos sobre\" \/>\n<meta property=\"og:url\" content=\"https:\/\/dari-system.com\/es\/cubrecanalones\/\" \/>\n<meta property=\"og:site_name\" content=\"DaRi System\" \/>\n<meta property=\"article:modified_time\" content=\"2024-08-01T17:10:07+00:00\" \/>\n<meta name=\"twitter:card\" content=\"summary_large_image\" \/>\n<meta name=\"twitter:label1\" content=\"Tiempo de lectura\" \/>\n\t<meta name=\"twitter:data1\" content=\"4 minutos\" \/>\n<script type=\"application\/ld+json\" class=\"yoast-schema-graph\">{\"@context\":\"https:\/\/schema.org\",\"@graph\":[{\"@type\":\"WebPage\",\"@id\":\"https:\/\/dari-system.com\/es\/cubrecanalones\/\",\"url\":\"https:\/\/dari-system.com\/es\/cubrecanalones\/\",\"name\":\"Cubrecanalones DaRi - Protecci\u00f3n perfecta contra las hojas\",\"isPartOf\":{\"@id\":\"https:\/\/dari-system.com\/es\/#website\"},\"datePublished\":\"2024-06-19T09:58:35+00:00\",\"dateModified\":\"2024-08-01T17:10:07+00:00\",\"description\":\"Inf\u00f3rmate sobre el cubrecanalones DaRi y protege tu canal\u00f3n de hojas y obstrucciones. Te asesoramos sobre\",\"breadcrumb\":{\"@id\":\"https:\/\/dari-system.com\/es\/cubrecanalones\/#breadcrumb\"},\"inLanguage\":\"es\",\"potentialAction\":[{\"@type\":\"ReadAction\",\"target\":[\"https:\/\/dari-system.com\/es\/cubrecanalones\/\"]}]},{\"@type\":\"BreadcrumbList\",\"@id\":\"https:\/\/dari-system.com\/es\/cubrecanalones\/#breadcrumb\",\"itemListElement\":[{\"@type\":\"ListItem\",\"position\":1,\"name\":\"Startseite\",\"item\":\"https:\/\/dari-system.com\/es\/\"},{\"@type\":\"ListItem\",\"position\":2,\"name\":\"Cubrecanalones\"}]},{\"@type\":\"WebSite\",\"@id\":\"https:\/\/dari-system.com\/es\/#website\",\"url\":\"https:\/\/dari-system.com\/es\/\",\"name\":\"DaRi System\",\"description\":\"\",\"potentialAction\":[{\"@type\":\"SearchAction\",\"target\":{\"@type\":\"EntryPoint\",\"urlTemplate\":\"https:\/\/dari-system.com\/es\/?s={search_term_string}\"},\"query-input\":{\"@type\":\"PropertyValueSpecification\",\"valueRequired\":true,\"valueName\":\"search_term_string\"}}],\"inLanguage\":\"es\"}]}<\/script>\n<!-- \/ Yoast SEO plugin. -->","yoast_head_json":{"title":"Cubrecanalones DaRi - Protecci\u00f3n perfecta contra las hojas","description":"Inf\u00f3rmate sobre el cubrecanalones DaRi y protege tu canal\u00f3n de hojas y obstrucciones. Te asesoramos sobre","robots":{"index":"index","follow":"follow","max-snippet":"max-snippet:-1","max-image-preview":"max-image-preview:large","max-video-preview":"max-video-preview:-1"},"canonical":"https:\/\/dari-system.com\/es\/cubrecanalones\/","og_locale":"es_ES","og_type":"article","og_title":"Cubrecanalones DaRi - Protecci\u00f3n perfecta contra las hojas","og_description":"Inf\u00f3rmate sobre el cubrecanalones DaRi y protege tu canal\u00f3n de hojas y obstrucciones. Te asesoramos sobre","og_url":"https:\/\/dari-system.com\/es\/cubrecanalones\/","og_site_name":"DaRi System","article_modified_time":"2024-08-01T17:10:07+00:00","twitter_card":"summary_large_image","twitter_misc":{"Tiempo de lectura":"4 minutos"},"schema":{"@context":"https:\/\/schema.org","@graph":[{"@type":"WebPage","@id":"https:\/\/dari-system.com\/es\/cubrecanalones\/","url":"https:\/\/dari-system.com\/es\/cubrecanalones\/","name":"Cubrecanalones DaRi - Protecci\u00f3n perfecta contra las hojas","isPartOf":{"@id":"https:\/\/dari-system.com\/es\/#website"},"datePublished":"2024-06-19T09:58:35+00:00","dateModified":"2024-08-01T17:10:07+00:00","description":"Inf\u00f3rmate sobre el cubrecanalones DaRi y protege tu canal\u00f3n de hojas y obstrucciones. Te asesoramos sobre","breadcrumb":{"@id":"https:\/\/dari-system.com\/es\/cubrecanalones\/#breadcrumb"},"inLanguage":"es","potentialAction":[{"@type":"ReadAction","target":["https:\/\/dari-system.com\/es\/cubrecanalones\/"]}]},{"@type":"BreadcrumbList","@id":"https:\/\/dari-system.com\/es\/cubrecanalones\/#breadcrumb","itemListElement":[{"@type":"ListItem","position":1,"name":"Startseite","item":"https:\/\/dari-system.com\/es\/"},{"@type":"ListItem","position":2,"name":"Cubrecanalones"}]},{"@type":"WebSite","@id":"https:\/\/dari-system.com\/es\/#website","url":"https:\/\/dari-system.com\/es\/","name":"DaRi System","description":"","potentialAction":[{"@type":"SearchAction","target":{"@type":"EntryPoint","urlTemplate":"https:\/\/dari-system.com\/es\/?s={search_term_string}"},"query-input":{"@type":"PropertyValueSpecification","valueRequired":true,"valueName":"search_term_string"}}],"inLanguage":"es"}]}},"_links":{"self":[{"href":"https:\/\/dari-system.com\/es\/wp-json\/wp\/v2\/pages\/25545900","targetHints":{"allow":["GET"]}}],"collection":[{"href":"https:\/\/dari-system.com\/es\/wp-json\/wp\/v2\/pages"}],"about":[{"href":"https:\/\/dari-system.com\/es\/wp-json\/wp\/v2\/types\/page"}],"author":[{"embeddable":true,"href":"https:\/\/dari-system.com\/es\/wp-json\/wp\/v2\/users\/1"}],"replies":[{"embeddable":true,"href":"https:\/\/dari-system.com\/es\/wp-json\/wp\/v2\/comments?post=25545900"}],"version-history":[{"count":2,"href":"https:\/\/dari-system.com\/es\/wp-json\/wp\/v2\/pages\/25545900\/revisions"}],"predecessor-version":[{"id":25545905,"href":"https:\/\/dari-system.com\/es\/wp-json\/wp\/v2\/pages\/25545900\/revisions\/25545905"}],"wp:attachment":[{"href":"https:\/\/dari-system.com\/es\/wp-json\/wp\/v2\/media?parent=25545900"}],"wp:term":[{"taxonomy":"dipi_cpt_category","embeddable":true,"href":"https:\/\/dari-system.com\/es\/wp-json\/wp\/v2\/dipi_cpt_category?post=25545900"}],"curies":[{"name":"wp","href":"https:\/\/api.w.org\/{rel}","templated":true}]}}