{"id":25545895,"date":"2024-06-19T09:23:15","date_gmt":"2024-06-19T09:23:15","guid":{"rendered":"https:\/\/dari-system.com\/canalon-antihojas-2\/"},"modified":"2024-08-01T17:10:06","modified_gmt":"2024-08-01T17:10:06","slug":"canalon-antihojas-2","status":"publish","type":"page","link":"https:\/\/dari-system.com\/es\/canalon-antihojas-2\/","title":{"rendered":"Canal\u00f3n antihojas"},"content":{"rendered":"<p>[et_pb_section fb_built=\u00bb1&#8243; fullwidth=\u00bbon\u00bb _builder_version=\u00bb4.25.0&#8243; _module_preset=\u00bbdefault\u00bb bottom_divider_color=\u00bb#FFFFFF\u00bb bottom_divider_height=\u00bb82px\u00bb bottom_divider_flip=\u00bbhorizontal\u00bb locked=\u00bboff\u00bb global_colors_info=\u00bb{}\u00bb][et_pb_fullwidth_header title=\u00bbCanal\u00f3n antihojas\u00bb subhead=\u00bbPara que puedas dormir tranquilo\u00bb _builder_version=\u00bb4.25.0&#8243; _module_preset=\u00bbdefault\u00bb title_font=\u00bb|800|||||||\u00bb title_font_size=\u00bb45px\u00bb background_image=\u00bbhttps:\/\/dari-system.com\/wp-content\/uploads\/2024\/05\/header_background.webp\u00bb background_position=\u00bbbottom_center\u00bb custom_padding=\u00bb8vh||8vh||true|false\u00bb title_font_size_tablet=\u00bb45px\u00bb title_font_size_phone=\u00bb29px\u00bb title_font_size_last_edited=\u00bbon|phone\u00bb content_font_size_tablet=\u00bb\u00bb content_font_size_phone=\u00bb17px\u00bb content_font_size_last_edited=\u00bbon|phone\u00bb global_colors_info=\u00bb{}\u00bb][\/et_pb_fullwidth_header][\/et_pb_section][et_pb_section fb_built=\u00bb1&#8243; _builder_version=\u00bb4.25.0&#8243; _module_preset=\u00bbdefault\u00bb custom_margin=\u00bb||0px||false|false\u00bb custom_padding=\u00bb||0px||false|false\u00bb global_colors_info=\u00bb{}\u00bb][et_pb_row column_structure=\u00bb1_2,1_2&#8243; _builder_version=\u00bb4.25.0&#8243; _module_preset=\u00bbdefault\u00bb global_colors_info=\u00bb{}\u00bb][et_pb_column type=\u00bb1_2&#8243; _builder_version=\u00bb4.25.0&#8243; _module_preset=\u00bbdefault\u00bb global_colors_info=\u00bb{}\u00bb][et_pb_text _builder_version=\u00bb4.25.0&#8243; _module_preset=\u00bbdefault\u00bb header_2_font=\u00bb|700|||||||\u00bb global_colors_info=\u00bb{}\u00bb]<\/p>\n<h2><strong>El protector de hojas ideal para tu canal\u00f3n<\/strong><\/h2>\n<p>\u00bfConoces tambi\u00e9n el problema de pasar noches en vela en oto\u00f1o porque te preocupa que el canal\u00f3n o el canal\u00f3n de caja puedan obstruirse con hojas y desbordarse cuando llueve?<br \/>\nTodos los propietarios de viviendas est\u00e1n probablemente familiarizados con esto.<br \/>\nPor eso quieres una protecci\u00f3n contra las hojas para el canal\u00f3n o el sumidero, para poder volver a dormir tranquilo.<br \/>\nEsto se debe a que un protector de hojas para el canal\u00f3n puede impedir eficazmente que caigan hojas, musgo, peque\u00f1as ramas o agujas en el canal\u00f3n o el sumidero.<br \/>\nUn protector de hojas para <strong>el<\/strong> canal\u00f3n es una soluci\u00f3n especialmente eficaz para ahorrarte mucho trabajo.    <\/p>\n<p>[\/et_pb_text][\/et_pb_column][et_pb_column type=\u00bb1_2&#8243; _builder_version=\u00bb4.25.0&#8243; _module_preset=\u00bbdefault\u00bb global_colors_info=\u00bb{}\u00bb][et_pb_image src=\u00bbhttps:\/\/dari-system.com\/wp-content\/uploads\/2024\/06\/laubschutz-dachrinne.webp\u00bb alt=\u00bbCanal\u00f3n antihojas\u00bb title_text=\u00bbcanal\u00f3n protector de hojas\u00bb _builder_version=\u00bb4.25.0&#8243; _module_preset=\u00bbdefault\u00bb custom_margin=\u00bb||5px||false|false\u00bb global_colors_info=\u00bb{}\u00bb][\/et_pb_image][et_pb_text _builder_version=\u00bb4.25.0&#8243; _module_preset=\u00bbdefault\u00bb custom_margin=\u00bb0px||||false|false\u00bb global_colors_info=\u00bb{}\u00bb]<\/p>\n<p style=\"text-align: center;\"><em>Canal\u00f3n antihojas DaRi-System<\/em><\/p>\n<p>[\/et_pb_text][\/et_pb_column][\/et_pb_row][\/et_pb_section][et_pb_section fb_built=\u00bb1&#8243; _builder_version=\u00bb4.25.0&#8243; _module_preset=\u00bbdefault\u00bb custom_margin=\u00bb0px||||false|false\u00bb custom_padding=\u00bb0px||||false|false\u00bb global_colors_info=\u00bb{}\u00bb][et_pb_row _builder_version=\u00bb4.25.0&#8243; _module_preset=\u00bbdefault\u00bb global_colors_info=\u00bb{}\u00bb][et_pb_column type=\u00bb4_4&#8243; _builder_version=\u00bb4.25.0&#8243; _module_preset=\u00bbdefault\u00bb global_colors_info=\u00bb{}\u00bb][et_pb_text _builder_version=\u00bb4.25.0&#8243; _module_preset=\u00bbdefault\u00bb header_2_font=\u00bb|700|||||||\u00bb hover_enabled=\u00bb0&#8243; global_colors_info=\u00bb{}\u00bb sticky_enabled=\u00bb0&#8243;]<\/p>\n<h2>Protecci\u00f3n antihojas para el canal\u00f3n: no es un lujo, pero es necesaria para todos los canalones<\/h2>\n<p>Un protector de hojas para tu canal\u00f3n no es un lujo.<br \/>\nSi tienes en cuenta el esfuerzo que tienes que dedicar a limpiar el canal\u00f3n varias veces al a\u00f1o, puedes hacerte la vida m\u00e1s f\u00e1cil instalando un protector de hojas para el canal\u00f3n o el canal\u00f3n de caja.<br \/>\nEsto se debe a que limpiar el canal\u00f3n no s\u00f3lo es tedioso, sino tambi\u00e9n peligroso.<br \/>\nCuanto mayor es, mayor es el riesgo de accidentes.<br \/>\nAl fin y al cabo, el canal\u00f3n est\u00e1 a varios metros del suelo.<br \/>\nCon un protector de hojas para el canal\u00f3n, no s\u00f3lo te ahorras un trabajo desagradable, sino que reduces el riesgo de accidentes y haces algo por tu salud.<br \/>\nLos canalones de los invernaderos, marquesinas y balcones no suelen estar normalizados.<br \/>\nAqu\u00ed suelen instalarse canalones de caja estrecha.<br \/>\nEncontrar un protector de hojas para el canal\u00f3n aqu\u00ed no es tan f\u00e1cil.<br \/>\nSin embargo, nuestra gama incluye protectores de hojas no s\u00f3lo para canalones semicirculares normales, sino tambi\u00e9n para canalones rectangulares de distintas anchuras.<br \/>\nEsto te permite proteger de obstrucciones incluso los canalones rectangulares estrechos.          <\/p>\n<h2>Compra s\u00f3lo protecci\u00f3n antihojas de alta calidad para el canal\u00f3n<\/h2>\n<p>Si realmente buscas una protecci\u00f3n contra las hojas duradera y de alta calidad para tu canal\u00f3n, has llegado al lugar adecuado.<br \/>\nLlevamos 20 a\u00f1os ocup\u00e1ndonos del tema de la protecci\u00f3n contra las hojas para canalones y canalones de caja y siempre buscamos las mejores soluciones para nuestros clientes.<br \/>\nSomos expertos absolutos en este campo y un protector de hojas para canalones de nuestra empresa es de la m\u00e1xima calidad y durabilidad.  <\/p>\n<h2>El <em>servicio<\/em> es nuestra m\u00e1xima prioridad.<br \/>\nTambi\u00e9n para la protecci\u00f3n contra las hojas del canal\u00f3n <\/h2>\n<p>Desde hace 20 a\u00f1os somos expertos en todo tipo de protectores de hoja para canalones.<br \/>\nTodos los sistemas han sido dise\u00f1ados y probados por nosotros y ahora se fabrican en Alemania.<br \/>\nTe invitamos a que nos env\u00edes fotos de tu canal\u00f3n y te asesoraremos gratuitamente sobre qu\u00e9 protecci\u00f3n contra las hojas para el canal\u00f3n o el canal\u00f3n de caja es la m\u00e1s adecuada para ti.  <\/p>\n<h2>Ahorra dinero con un protector de hojas para el canal\u00f3n<\/h2>\n<p>\u00bfHas pensado alguna vez lo que puede ocurrir si tu canal\u00f3n se obstruye y se desborda cuando llueve?<br \/>\nIncluso tu s\u00f3tano puede llenarse de agua a trav\u00e9s del pozo de luz.<br \/>\nUn protector de hojas para el canal\u00f3n evita este riesgo y te ahorra mucho dinero.<\/p>\n<p>Al fin y al cabo, una protecci\u00f3n contra las hojas para el canal\u00f3n es una inversi\u00f3n \u00fanica, y a largo plazo tendr\u00e1s paz y tranquilidad en tu tejado. Una protecci\u00f3n contra las hojas para el canal\u00f3n te hace la vida m\u00e1s f\u00e1cil Con una protecci\u00f3n contra las hojas para el canal\u00f3n o el canal\u00f3n de caja, puedes irte de vacaciones en oto\u00f1o sin tener que preocuparte de que se te obstruya el canal\u00f3n.<br \/>\nTu vida ser\u00e1 m\u00e1s f\u00e1cil y podr\u00e1s concentrarte en cosas m\u00e1s agradables cuando sepas que tu canal\u00f3n est\u00e1 permanentemente protegido por una protecci\u00f3n contra las hojas.    <\/p>\n<p>Esto tambi\u00e9n podr\u00eda interesarte:<\/p>\n<ul>\n<li><a href=\"https:\/\/dari-system.com\/es\/canalon-antihojas\/\" title=\"Canal\u00f3n antihojas\"><a href=\"https:\/\/dari-system.com\/es\/canalon-antihojas\/\">Guardahojas para el canal\u00f3n<\/a><\/a><\/li>\n<li><a href=\"https:\/\/dari-system.com\/regenrinnen-laubschutz\/\" title=\"Canalones para la lluvia Guardahojas\"><a href=\"https:\/\/dari-system.com\/regenrinnen-laubschutz\/\">Canalones para la lluvia Guardahojas<\/a><\/a><\/li>\n<li><a href=\"https:\/\/dari-system.com\/es\/canalon-antihojas-2\/\" title=\"Canal\u00f3n antihojas\"><a href=\"https:\/\/dari-system.com\/es\/canalon-antihojas-2\/\">Protecci\u00f3n antihojas para el canal\u00f3n<\/a><\/a><\/li>\n<li><a href=\"https:\/\/dari-system.com\/dachrinnenabdeckung\/\" title=\"Cubrecanalones\"> <a href=\"https:\/\/dari-system.com\/dachrinnenabdeckung\/\"> Cubrecanalones <\/a> <\/a><\/li>\n<\/ul>\n<p>[\/et_pb_text][\/et_pb_column][\/et_pb_row][\/et_pb_section]<\/p>\n","protected":false},"excerpt":{"rendered":"<p>El protector de hojas ideal para tu canal\u00f3n \u00bfConoces tambi\u00e9n el problema de pasar noches en vela en oto\u00f1o porque te preocupa que el canal\u00f3n o el canal\u00f3n de caja puedan obstruirse con hojas y desbordarse cuando llueve? Todos los propietarios de viviendas est\u00e1n probablemente familiarizados con esto. Por eso quieres una protecci\u00f3n contra las [&hellip;]<\/p>\n","protected":false},"author":1,"featured_media":0,"parent":0,"menu_order":0,"comment_status":"closed","ping_status":"closed","template":"","meta":{"_et_pb_use_builder":"on","_et_pb_old_content":"","_et_gb_content_width":"","iawp_total_views":31,"footnotes":""},"dipi_cpt_category":[],"class_list":["post-25545895","page","type-page","status-publish","hentry"],"yoast_head":"<!-- This site is optimized with the Yoast SEO plugin v27.2 - https:\/\/yoast.com\/product\/yoast-seo-wordpress\/ -->\n<title>Protecci\u00f3n \u00f3ptima contra las hojas para tu canal\u00f3n con DaRi-System<\/title>\n<meta name=\"description\" content=\"DaRi asegura tu canal\u00f3n con el protector de hojas de alta calidad. Se acabaron las molestas retiradas de hojas. M\u00e1s informaci\u00f3n\" \/>\n<meta name=\"robots\" content=\"index, follow, max-snippet:-1, max-image-preview:large, max-video-preview:-1\" \/>\n<link rel=\"canonical\" href=\"https:\/\/dari-system.com\/es\/canalon-antihojas-2\/\" \/>\n<meta property=\"og:locale\" content=\"es_ES\" \/>\n<meta property=\"og:type\" content=\"article\" \/>\n<meta property=\"og:title\" content=\"Protecci\u00f3n \u00f3ptima contra las hojas para tu canal\u00f3n con DaRi-System\" \/>\n<meta property=\"og:description\" content=\"DaRi asegura tu canal\u00f3n con el protector de hojas de alta calidad. Se acabaron las molestas retiradas de hojas. M\u00e1s informaci\u00f3n\" \/>\n<meta property=\"og:url\" content=\"https:\/\/dari-system.com\/es\/canalon-antihojas-2\/\" \/>\n<meta property=\"og:site_name\" content=\"DaRi System\" \/>\n<meta property=\"article:modified_time\" content=\"2024-08-01T17:10:06+00:00\" \/>\n<meta name=\"twitter:card\" content=\"summary_large_image\" \/>\n<meta name=\"twitter:label1\" content=\"Tiempo de lectura\" \/>\n\t<meta name=\"twitter:data1\" content=\"5 minutos\" \/>\n<script type=\"application\/ld+json\" class=\"yoast-schema-graph\">{\"@context\":\"https:\/\/schema.org\",\"@graph\":[{\"@type\":\"WebPage\",\"@id\":\"https:\/\/dari-system.com\/es\/canalon-antihojas-2\/\",\"url\":\"https:\/\/dari-system.com\/es\/canalon-antihojas-2\/\",\"name\":\"Protecci\u00f3n \u00f3ptima contra las hojas para tu canal\u00f3n con DaRi-System\",\"isPartOf\":{\"@id\":\"https:\/\/dari-system.com\/es\/#website\"},\"datePublished\":\"2024-06-19T09:23:15+00:00\",\"dateModified\":\"2024-08-01T17:10:06+00:00\",\"description\":\"DaRi asegura tu canal\u00f3n con el protector de hojas de alta calidad. Se acabaron las molestas retiradas de hojas. M\u00e1s informaci\u00f3n\",\"breadcrumb\":{\"@id\":\"https:\/\/dari-system.com\/es\/canalon-antihojas-2\/#breadcrumb\"},\"inLanguage\":\"es\",\"potentialAction\":[{\"@type\":\"ReadAction\",\"target\":[\"https:\/\/dari-system.com\/es\/canalon-antihojas-2\/\"]}]},{\"@type\":\"BreadcrumbList\",\"@id\":\"https:\/\/dari-system.com\/es\/canalon-antihojas-2\/#breadcrumb\",\"itemListElement\":[{\"@type\":\"ListItem\",\"position\":1,\"name\":\"Startseite\",\"item\":\"https:\/\/dari-system.com\/es\/\"},{\"@type\":\"ListItem\",\"position\":2,\"name\":\"Canal\u00f3n antihojas\"}]},{\"@type\":\"WebSite\",\"@id\":\"https:\/\/dari-system.com\/es\/#website\",\"url\":\"https:\/\/dari-system.com\/es\/\",\"name\":\"DaRi System\",\"description\":\"\",\"potentialAction\":[{\"@type\":\"SearchAction\",\"target\":{\"@type\":\"EntryPoint\",\"urlTemplate\":\"https:\/\/dari-system.com\/es\/?s={search_term_string}\"},\"query-input\":{\"@type\":\"PropertyValueSpecification\",\"valueRequired\":true,\"valueName\":\"search_term_string\"}}],\"inLanguage\":\"es\"}]}<\/script>\n<!-- \/ Yoast SEO plugin. -->","yoast_head_json":{"title":"Protecci\u00f3n \u00f3ptima contra las hojas para tu canal\u00f3n con DaRi-System","description":"DaRi asegura tu canal\u00f3n con el protector de hojas de alta calidad. Se acabaron las molestas retiradas de hojas. M\u00e1s informaci\u00f3n","robots":{"index":"index","follow":"follow","max-snippet":"max-snippet:-1","max-image-preview":"max-image-preview:large","max-video-preview":"max-video-preview:-1"},"canonical":"https:\/\/dari-system.com\/es\/canalon-antihojas-2\/","og_locale":"es_ES","og_type":"article","og_title":"Protecci\u00f3n \u00f3ptima contra las hojas para tu canal\u00f3n con DaRi-System","og_description":"DaRi asegura tu canal\u00f3n con el protector de hojas de alta calidad. Se acabaron las molestas retiradas de hojas. M\u00e1s informaci\u00f3n","og_url":"https:\/\/dari-system.com\/es\/canalon-antihojas-2\/","og_site_name":"DaRi System","article_modified_time":"2024-08-01T17:10:06+00:00","twitter_card":"summary_large_image","twitter_misc":{"Tiempo de lectura":"5 minutos"},"schema":{"@context":"https:\/\/schema.org","@graph":[{"@type":"WebPage","@id":"https:\/\/dari-system.com\/es\/canalon-antihojas-2\/","url":"https:\/\/dari-system.com\/es\/canalon-antihojas-2\/","name":"Protecci\u00f3n \u00f3ptima contra las hojas para tu canal\u00f3n con DaRi-System","isPartOf":{"@id":"https:\/\/dari-system.com\/es\/#website"},"datePublished":"2024-06-19T09:23:15+00:00","dateModified":"2024-08-01T17:10:06+00:00","description":"DaRi asegura tu canal\u00f3n con el protector de hojas de alta calidad. Se acabaron las molestas retiradas de hojas. M\u00e1s informaci\u00f3n","breadcrumb":{"@id":"https:\/\/dari-system.com\/es\/canalon-antihojas-2\/#breadcrumb"},"inLanguage":"es","potentialAction":[{"@type":"ReadAction","target":["https:\/\/dari-system.com\/es\/canalon-antihojas-2\/"]}]},{"@type":"BreadcrumbList","@id":"https:\/\/dari-system.com\/es\/canalon-antihojas-2\/#breadcrumb","itemListElement":[{"@type":"ListItem","position":1,"name":"Startseite","item":"https:\/\/dari-system.com\/es\/"},{"@type":"ListItem","position":2,"name":"Canal\u00f3n antihojas"}]},{"@type":"WebSite","@id":"https:\/\/dari-system.com\/es\/#website","url":"https:\/\/dari-system.com\/es\/","name":"DaRi System","description":"","potentialAction":[{"@type":"SearchAction","target":{"@type":"EntryPoint","urlTemplate":"https:\/\/dari-system.com\/es\/?s={search_term_string}"},"query-input":{"@type":"PropertyValueSpecification","valueRequired":true,"valueName":"search_term_string"}}],"inLanguage":"es"}]}},"_links":{"self":[{"href":"https:\/\/dari-system.com\/es\/wp-json\/wp\/v2\/pages\/25545895","targetHints":{"allow":["GET"]}}],"collection":[{"href":"https:\/\/dari-system.com\/es\/wp-json\/wp\/v2\/pages"}],"about":[{"href":"https:\/\/dari-system.com\/es\/wp-json\/wp\/v2\/types\/page"}],"author":[{"embeddable":true,"href":"https:\/\/dari-system.com\/es\/wp-json\/wp\/v2\/users\/1"}],"replies":[{"embeddable":true,"href":"https:\/\/dari-system.com\/es\/wp-json\/wp\/v2\/comments?post=25545895"}],"version-history":[{"count":2,"href":"https:\/\/dari-system.com\/es\/wp-json\/wp\/v2\/pages\/25545895\/revisions"}],"predecessor-version":[{"id":25545901,"href":"https:\/\/dari-system.com\/es\/wp-json\/wp\/v2\/pages\/25545895\/revisions\/25545901"}],"wp:attachment":[{"href":"https:\/\/dari-system.com\/es\/wp-json\/wp\/v2\/media?parent=25545895"}],"wp:term":[{"taxonomy":"dipi_cpt_category","embeddable":true,"href":"https:\/\/dari-system.com\/es\/wp-json\/wp\/v2\/dipi_cpt_category?post=25545895"}],"curies":[{"name":"wp","href":"https:\/\/api.w.org\/{rel}","templated":true}]}}