{"id":25545894,"date":"2024-06-19T09:05:14","date_gmt":"2024-06-19T09:05:14","guid":{"rendered":"https:\/\/dari-system.com\/canalon-antihojas\/"},"modified":"2024-08-01T17:10:06","modified_gmt":"2024-08-01T17:10:06","slug":"canalon-antihojas","status":"publish","type":"page","link":"https:\/\/dari-system.com\/es\/canalon-antihojas\/","title":{"rendered":"Canal\u00f3n antihojas"},"content":{"rendered":"<p>[et_pb_section fb_built=\u00bb1&#8243; fullwidth=\u00bbon\u00bb _builder_version=\u00bb4.25.0&#8243; _module_preset=\u00bbdefault\u00bb bottom_divider_color=\u00bb#FFFFFF\u00bb bottom_divider_height=\u00bb82px\u00bb bottom_divider_flip=\u00bbhorizontal\u00bb locked=\u00bboff\u00bb global_colors_info=\u00bb{}\u00bb][et_pb_fullwidth_header title=\u00bbCanal\u00f3n antihojas\u00bb subhead=\u00bbLo que todo propietario necesita\u00bb _builder_version=\u00bb4.25.0&#8243; _module_preset=\u00bbdefault\u00bb title_font=\u00bb|800|||||||\u00bb title_font_size=\u00bb45px\u00bb background_image=\u00bbhttps:\/\/dari-system.com\/wp-content\/uploads\/2024\/05\/header_background.webp\u00bb background_position=\u00bbbottom_center\u00bb custom_padding=\u00bb8vh||8vh||true|false\u00bb title_font_size_tablet=\u00bb45px\u00bb title_font_size_phone=\u00bb29px\u00bb title_font_size_last_edited=\u00bbon|phone\u00bb content_font_size_tablet=\u00bb\u00bb content_font_size_phone=\u00bb17px\u00bb content_font_size_last_edited=\u00bbon|phone\u00bb global_colors_info=\u00bb{}\u00bb][\/et_pb_fullwidth_header][\/et_pb_section][et_pb_section fb_built=\u00bb1&#8243; _builder_version=\u00bb4.25.0&#8243; _module_preset=\u00bbdefault\u00bb custom_margin=\u00bb||0px||false|false\u00bb custom_padding=\u00bb||0px||false|false\u00bb global_colors_info=\u00bb{}\u00bb][et_pb_row column_structure=\u00bb1_2,1_2&#8243; _builder_version=\u00bb4.25.0&#8243; _module_preset=\u00bbdefault\u00bb global_colors_info=\u00bb{}\u00bb][et_pb_column type=\u00bb1_2&#8243; _builder_version=\u00bb4.25.0&#8243; _module_preset=\u00bbdefault\u00bb global_colors_info=\u00bb{}\u00bb][et_pb_text _builder_version=\u00bb4.25.0&#8243; _module_preset=\u00bbdefault\u00bb header_2_font=\u00bb|700|||||||\u00bb global_colors_info=\u00bb{}\u00bb]<\/p>\n<h2><strong>Tu recogehojas perfecto para el canal\u00f3n<\/strong><\/h2>\n<p>Todo propietario conoce el riesgo de que se obstruya un canal\u00f3n a causa de hojas, agujas, musgo, ramas peque\u00f1as, p\u00e1jaros muertos o fuegos artificiales.<br \/>\nUn <strong>protector de hojas para el canal<\/strong>\u00f3n, ya sea de media ca\u00f1a o de caja, es pr\u00e1cticamente indispensable en muchos aspectos.<br \/>\nProbablemente haya pocos trabajos en la casa y el jard\u00edn que a la gente le guste tanto posponer como la limpieza de un canal\u00f3n.<br \/>\nNo s\u00f3lo es tedioso sacar la escalera y subir al tejado varias veces al a\u00f1o, sino que tambi\u00e9n es peligroso subirse a la larga y tambaleante escalera para limpiar el canal\u00f3n.<br \/>\nUn protector de hojas para el canal\u00f3n o el canal\u00f3n de caja ofrece la soluci\u00f3n perfecta.<br \/>\nUn recogehojas para el canal\u00f3n ahorra un tiempo valioso.<br \/>\nSi las hojas bloquean el canal\u00f3n, el agua de lluvia se acumula y puede fluir por encima del canal\u00f3n y empapar las paredes de la casa.<br \/>\nEsto tambi\u00e9n puede ocurrir con un canal\u00f3n de caja.<br \/>\nPor eso un guardahojas es una OBLIGACI\u00d3N para todo propietario.        <\/p>\n<p>[\/et_pb_text][\/et_pb_column][et_pb_column type=\u00bb1_2&#8243; _builder_version=\u00bb4.25.0&#8243; _module_preset=\u00bbdefault\u00bb global_colors_info=\u00bb{}\u00bb][et_pb_image src=\u00bbhttps:\/\/dari-system.com\/wp-content\/uploads\/2024\/06\/laubfang-dachrinne.webp\u00bb alt=\u00bbCanal\u00f3n antihojas\u00bb title_text=\u00bbcanal\u00f3n protector de hojas\u00bb _builder_version=\u00bb4.25.0&#8243; _module_preset=\u00bbdefault\u00bb custom_margin=\u00bb||5px||false|false\u00bb global_colors_info=\u00bb{}\u00bb][\/et_pb_image][et_pb_text _builder_version=\u00bb4.25.0&#8243; _module_preset=\u00bbdefault\u00bb custom_margin=\u00bb0px||||false|false\u00bb global_colors_info=\u00bb{}\u00bb]<\/p>\n<p style=\"text-align: center;\"><em>Canal\u00f3n antihojas de DaRi-System<\/em><\/p>\n<p>[\/et_pb_text][\/et_pb_column][\/et_pb_row][\/et_pb_section][et_pb_section fb_built=\u00bb1&#8243; _builder_version=\u00bb4.25.0&#8243; _module_preset=\u00bbdefault\u00bb custom_margin=\u00bb0px||||false|false\u00bb custom_padding=\u00bb0px||||false|false\u00bb global_colors_info=\u00bb{}\u00bb][et_pb_row _builder_version=\u00bb4.25.0&#8243; _module_preset=\u00bbdefault\u00bb global_colors_info=\u00bb{}\u00bb][et_pb_column type=\u00bb4_4&#8243; _builder_version=\u00bb4.25.0&#8243; _module_preset=\u00bbdefault\u00bb global_colors_info=\u00bb{}\u00bb][et_pb_text _builder_version=\u00bb4.25.0&#8243; _module_preset=\u00bbdefault\u00bb header_2_font=\u00bb|800|||||||\u00bb hover_enabled=\u00bb0&#8243; global_colors_info=\u00bb{}\u00bb sticky_enabled=\u00bb0&#8243;]<\/p>\n<h2><strong>Ofrecemos el protector de hojas perfecto para canalones y canalones de caja<\/strong><\/h2>\n<p>Si buscas el protector de hojas perfecto para tu canal\u00f3n, has venido al lugar adecuado.<br \/>\nTenemos la soluci\u00f3n adecuada para cada canal\u00f3n.<br \/>\nDa igual que busques una protecci\u00f3n contra las hojas para un canal\u00f3n de media ca\u00f1a o un canal\u00f3n de caja.<br \/>\nNuestro sistema de protecci\u00f3n contra las hojas especialmente desarrollado para canalones rectangulares puede adaptarse a canalones de diferentes anchuras y, por tanto, es \u00fanico.<br \/>\nPor tanto, el protector de hojas para canalones rectangulares es ideal para canalones rectangulares en marquesinas, balcones e invernaderos.<br \/>\nAqu\u00ed suelen instalarse canalones no normalizados.<br \/>\nSin embargo, esto no es un problema para nuestro sistema de protecci\u00f3n contra las hojas.      <\/p>\n<h2><strong>M\u00e1xima calidad y mejor servicio<\/strong><\/h2>\n<p>Llevamos m\u00e1s de 20 a\u00f1os trabajando para proteger los canalones de los atascos causados por las hojas y hemos desarrollado productos de alta calidad fabricados en Alemania.<br \/>\nEstamos a la espera de cualquier consulta.<br \/>\nEnv\u00edanos una foto de tu canal\u00f3n y te asesoraremos gratuitamente sobre qu\u00e9 sistema de retenci\u00f3n de hojas es el mejor para tu canal\u00f3n o canal\u00f3n de caja.<br \/>\nTodo ello forma parte de nuestro servicio integral de retenedores de hojas para canalones.<br \/>\nSuministramos el sistema DaRi a clientes de toda Europa en el menor tiempo posible.<br \/>\nEl sistema DaRi cumple las normas de calidad m\u00e1s exigentes y garantiza una larga vida \u00fatil.<br \/>\nY garantizamos que el canal\u00f3n dejar\u00e1 de estar obstruido por las hojas con el sistema DaRi recogehojas.      <\/p>\n<h2><strong>Ventajas de los protectores de hojas para canalones:<\/strong><\/h2>\n<ul>\n<li><strong>Evitan los atascos:<\/strong> Los recogehojas impiden que las hojas, ramas y otros residuos entren en los canalones, lo que evita los atascos.<\/li>\n<li><strong>Mayor longevidad:<\/strong> Al reducir los atascos, se minimizan los da\u00f1os en los canalones, como el \u00f3xido y la corrosi\u00f3n, lo que prolonga su vida \u00fatil.<\/li>\n<li><strong>Mejor drenaje del agua:<\/strong> Los recogehojas permiten un mejor drenaje del agua, ya que \u00e9sta puede fluir libremente por el canal\u00f3n sin encontrar ning\u00fan obst\u00e1culo.<\/li>\n<li><strong>Menos trabajo de mantenimiento:<\/strong> Con el sistema DaRi, los canalones necesitan limpiarse con menos frecuencia, lo que reduce el trabajo de mantenimiento y ahorra tiempo.<\/li>\n<li><strong>Protecci\u00f3n contra da\u00f1os en el edificio:<\/strong> Los canalones obstruidos pueden provocar da\u00f1os por agua en la fachada del edificio, los cimientos y la zona del tejado.<br \/>\nLos recogehojas protegen contra esos da\u00f1os. <\/li>\n<li><strong>Est\u00e9tica mejorada:<\/strong> Unos canalones limpios y sin dep\u00f3sitos visibles contribuyen al atractivo est\u00e9tico del edificio.<\/li>\n<li><strong>Respetuoso con el medio ambiente:<\/strong> Al evitar las obstrucciones y los da\u00f1os resultantes, el sistema DaRi ayuda a reducir la necesidad de reparaciones y sustituciones, lo que ahorra recursos y energ\u00eda.<br \/>\nEl sistema DaRi es totalmente reciclable. <\/li>\n<\/ul>\n<p>Esto tambi\u00e9n podr\u00eda interesarte:<\/p>\n<ul>\n<li><a href=\"https:\/\/dari-system.com\/es\/canalon-antihojas\/\" title=\"Canal\u00f3n antihojas\"><a href=\"https:\/\/dari-system.com\/es\/canalon-antihojas\/\">Guardahojas para el canal\u00f3n<\/a><\/a><\/li>\n<li><a href=\"https:\/\/dari-system.com\/regenrinnen-laubschutz\/\" title=\"Canalones para la lluvia Guardahojas\"><a href=\"https:\/\/dari-system.com\/regenrinnen-laubschutz\/\">Canalones para la lluvia Guardahojas<\/a><\/a><\/li>\n<li><a href=\"https:\/\/dari-system.com\/es\/canalon-antihojas-2\/\" title=\"Canal\u00f3n antihojas\"><a href=\"https:\/\/dari-system.com\/es\/canalon-antihojas-2\/\">Protecci\u00f3n antihojas para el canal\u00f3n<\/a><\/a><\/li>\n<li><a href=\"https:\/\/dari-system.com\/dachrinnenabdeckung\/\" title=\"Cubrecanalones\"> <a href=\"https:\/\/dari-system.com\/dachrinnenabdeckung\/\"> Cubrecanalones<\/a><\/a><\/li>\n<\/ul>\n<p>[\/et_pb_text][\/et_pb_column][\/et_pb_row][\/et_pb_section]<\/p>\n","protected":false},"excerpt":{"rendered":"<p>Tu recogehojas perfecto para el canal\u00f3n Todo propietario conoce el riesgo de que se obstruya un canal\u00f3n a causa de hojas, agujas, musgo, ramas peque\u00f1as, p\u00e1jaros muertos o fuegos artificiales. Un protector de hojas para el canal\u00f3n, ya sea de media ca\u00f1a o de caja, es pr\u00e1cticamente indispensable en muchos aspectos. Probablemente haya pocos trabajos [&hellip;]<\/p>\n","protected":false},"author":1,"featured_media":0,"parent":0,"menu_order":0,"comment_status":"closed","ping_status":"closed","template":"","meta":{"_et_pb_use_builder":"on","_et_pb_old_content":"","_et_gb_content_width":"","iawp_total_views":33,"footnotes":""},"dipi_cpt_category":[],"class_list":["post-25545894","page","type-page","status-publish","hentry"],"yoast_head":"<!-- This site is optimized with the Yoast SEO plugin v27.2 - https:\/\/yoast.com\/product\/yoast-seo-wordpress\/ -->\n<title>Guardahojas eficaz para tu canal\u00f3n - Sistema DaRi<\/title>\n<meta name=\"description\" content=\"Descubre el recogehojas perfecto para tu canal\u00f3n. Se acabaron los atascos y las tediosas limpiezas con el sistema DaRi. M\u00e1s informaci\u00f3n\" \/>\n<meta name=\"robots\" content=\"index, follow, max-snippet:-1, max-image-preview:large, max-video-preview:-1\" \/>\n<link rel=\"canonical\" href=\"https:\/\/dari-system.com\/es\/canalon-antihojas\/\" \/>\n<meta property=\"og:locale\" content=\"es_ES\" \/>\n<meta property=\"og:type\" content=\"article\" \/>\n<meta property=\"og:title\" content=\"Guardahojas eficaz para tu canal\u00f3n - Sistema DaRi\" \/>\n<meta property=\"og:description\" content=\"Descubre el recogehojas perfecto para tu canal\u00f3n. Se acabaron los atascos y las tediosas limpiezas con el sistema DaRi. M\u00e1s informaci\u00f3n\" \/>\n<meta property=\"og:url\" content=\"https:\/\/dari-system.com\/es\/canalon-antihojas\/\" \/>\n<meta property=\"og:site_name\" content=\"DaRi System\" \/>\n<meta property=\"article:modified_time\" content=\"2024-08-01T17:10:06+00:00\" \/>\n<meta name=\"twitter:card\" content=\"summary_large_image\" \/>\n<meta name=\"twitter:label1\" content=\"Tiempo de lectura\" \/>\n\t<meta name=\"twitter:data1\" content=\"5 minutos\" \/>\n<script type=\"application\/ld+json\" class=\"yoast-schema-graph\">{\"@context\":\"https:\/\/schema.org\",\"@graph\":[{\"@type\":\"WebPage\",\"@id\":\"https:\/\/dari-system.com\/es\/canalon-antihojas\/\",\"url\":\"https:\/\/dari-system.com\/es\/canalon-antihojas\/\",\"name\":\"Guardahojas eficaz para tu canal\u00f3n - Sistema DaRi\",\"isPartOf\":{\"@id\":\"https:\/\/dari-system.com\/es\/#website\"},\"datePublished\":\"2024-06-19T09:05:14+00:00\",\"dateModified\":\"2024-08-01T17:10:06+00:00\",\"description\":\"Descubre el recogehojas perfecto para tu canal\u00f3n. Se acabaron los atascos y las tediosas limpiezas con el sistema DaRi. M\u00e1s informaci\u00f3n\",\"breadcrumb\":{\"@id\":\"https:\/\/dari-system.com\/es\/canalon-antihojas\/#breadcrumb\"},\"inLanguage\":\"es\",\"potentialAction\":[{\"@type\":\"ReadAction\",\"target\":[\"https:\/\/dari-system.com\/es\/canalon-antihojas\/\"]}]},{\"@type\":\"BreadcrumbList\",\"@id\":\"https:\/\/dari-system.com\/es\/canalon-antihojas\/#breadcrumb\",\"itemListElement\":[{\"@type\":\"ListItem\",\"position\":1,\"name\":\"Startseite\",\"item\":\"https:\/\/dari-system.com\/es\/\"},{\"@type\":\"ListItem\",\"position\":2,\"name\":\"Canal\u00f3n antihojas\"}]},{\"@type\":\"WebSite\",\"@id\":\"https:\/\/dari-system.com\/es\/#website\",\"url\":\"https:\/\/dari-system.com\/es\/\",\"name\":\"DaRi System\",\"description\":\"\",\"potentialAction\":[{\"@type\":\"SearchAction\",\"target\":{\"@type\":\"EntryPoint\",\"urlTemplate\":\"https:\/\/dari-system.com\/es\/?s={search_term_string}\"},\"query-input\":{\"@type\":\"PropertyValueSpecification\",\"valueRequired\":true,\"valueName\":\"search_term_string\"}}],\"inLanguage\":\"es\"}]}<\/script>\n<!-- \/ Yoast SEO plugin. -->","yoast_head_json":{"title":"Guardahojas eficaz para tu canal\u00f3n - Sistema DaRi","description":"Descubre el recogehojas perfecto para tu canal\u00f3n. Se acabaron los atascos y las tediosas limpiezas con el sistema DaRi. M\u00e1s informaci\u00f3n","robots":{"index":"index","follow":"follow","max-snippet":"max-snippet:-1","max-image-preview":"max-image-preview:large","max-video-preview":"max-video-preview:-1"},"canonical":"https:\/\/dari-system.com\/es\/canalon-antihojas\/","og_locale":"es_ES","og_type":"article","og_title":"Guardahojas eficaz para tu canal\u00f3n - Sistema DaRi","og_description":"Descubre el recogehojas perfecto para tu canal\u00f3n. Se acabaron los atascos y las tediosas limpiezas con el sistema DaRi. M\u00e1s informaci\u00f3n","og_url":"https:\/\/dari-system.com\/es\/canalon-antihojas\/","og_site_name":"DaRi System","article_modified_time":"2024-08-01T17:10:06+00:00","twitter_card":"summary_large_image","twitter_misc":{"Tiempo de lectura":"5 minutos"},"schema":{"@context":"https:\/\/schema.org","@graph":[{"@type":"WebPage","@id":"https:\/\/dari-system.com\/es\/canalon-antihojas\/","url":"https:\/\/dari-system.com\/es\/canalon-antihojas\/","name":"Guardahojas eficaz para tu canal\u00f3n - Sistema DaRi","isPartOf":{"@id":"https:\/\/dari-system.com\/es\/#website"},"datePublished":"2024-06-19T09:05:14+00:00","dateModified":"2024-08-01T17:10:06+00:00","description":"Descubre el recogehojas perfecto para tu canal\u00f3n. Se acabaron los atascos y las tediosas limpiezas con el sistema DaRi. M\u00e1s informaci\u00f3n","breadcrumb":{"@id":"https:\/\/dari-system.com\/es\/canalon-antihojas\/#breadcrumb"},"inLanguage":"es","potentialAction":[{"@type":"ReadAction","target":["https:\/\/dari-system.com\/es\/canalon-antihojas\/"]}]},{"@type":"BreadcrumbList","@id":"https:\/\/dari-system.com\/es\/canalon-antihojas\/#breadcrumb","itemListElement":[{"@type":"ListItem","position":1,"name":"Startseite","item":"https:\/\/dari-system.com\/es\/"},{"@type":"ListItem","position":2,"name":"Canal\u00f3n antihojas"}]},{"@type":"WebSite","@id":"https:\/\/dari-system.com\/es\/#website","url":"https:\/\/dari-system.com\/es\/","name":"DaRi System","description":"","potentialAction":[{"@type":"SearchAction","target":{"@type":"EntryPoint","urlTemplate":"https:\/\/dari-system.com\/es\/?s={search_term_string}"},"query-input":{"@type":"PropertyValueSpecification","valueRequired":true,"valueName":"search_term_string"}}],"inLanguage":"es"}]}},"_links":{"self":[{"href":"https:\/\/dari-system.com\/es\/wp-json\/wp\/v2\/pages\/25545894","targetHints":{"allow":["GET"]}}],"collection":[{"href":"https:\/\/dari-system.com\/es\/wp-json\/wp\/v2\/pages"}],"about":[{"href":"https:\/\/dari-system.com\/es\/wp-json\/wp\/v2\/types\/page"}],"author":[{"embeddable":true,"href":"https:\/\/dari-system.com\/es\/wp-json\/wp\/v2\/users\/1"}],"replies":[{"embeddable":true,"href":"https:\/\/dari-system.com\/es\/wp-json\/wp\/v2\/comments?post=25545894"}],"version-history":[{"count":2,"href":"https:\/\/dari-system.com\/es\/wp-json\/wp\/v2\/pages\/25545894\/revisions"}],"predecessor-version":[{"id":25545899,"href":"https:\/\/dari-system.com\/es\/wp-json\/wp\/v2\/pages\/25545894\/revisions\/25545899"}],"wp:attachment":[{"href":"https:\/\/dari-system.com\/es\/wp-json\/wp\/v2\/media?parent=25545894"}],"wp:term":[{"taxonomy":"dipi_cpt_category","embeddable":true,"href":"https:\/\/dari-system.com\/es\/wp-json\/wp\/v2\/dipi_cpt_category?post=25545894"}],"curies":[{"name":"wp","href":"https:\/\/api.w.org\/{rel}","templated":true}]}}