{"id":25545890,"date":"2024-05-29T09:26:04","date_gmt":"2024-05-29T09:26:04","guid":{"rendered":"https:\/\/dari-system.com\/sobre-nosotros\/"},"modified":"2024-08-01T17:10:04","modified_gmt":"2024-08-01T17:10:04","slug":"sobre-nosotros","status":"publish","type":"page","link":"https:\/\/dari-system.com\/es\/sobre-nosotros\/","title":{"rendered":"Sobre nosotros"},"content":{"rendered":"<p>[et_pb_section fb_built=\u00bb1&#8243; fullwidth=\u00bbon\u00bb _builder_version=\u00bb4.25.0&#8243; _module_preset=\u00bbdefault\u00bb bottom_divider_color=\u00bb#FFFFFF\u00bb bottom_divider_height=\u00bb82px\u00bb bottom_divider_flip=\u00bbhorizontal\u00bb locked=\u00bboff\u00bb global_colors_info=\u00bb{}\u00bb][et_pb_fullwidth_header title=\u00bbSobre nosotros\u00bb _builder_version=\u00bb4.25.0&#8243; _module_preset=\u00bbdefault\u00bb title_font=\u00bb|800|||||||\u00bb title_font_size=\u00bb45px\u00bb background_image=\u00bbhttps:\/\/dari-system.com\/wp-content\/uploads\/2024\/05\/header_background.webp\u00bb background_position=\u00bbbottom_center\u00bb custom_padding=\u00bb8vh||8vh||true|false\u00bb title_font_size_tablet=\u00bb45px\u00bb title_font_size_phone=\u00bb29px\u00bb title_font_size_last_edited=\u00bbon|phone\u00bb content_font_size_tablet=\u00bb\u00bb content_font_size_phone=\u00bb17px\u00bb content_font_size_last_edited=\u00bbon|phone\u00bb global_colors_info=\u00bb{}\u00bb]<\/p>\n<p>El camino hacia el sistema DaRi perfecto<\/p>\n<p>[\/et_pb_fullwidth_header][\/et_pb_section][et_pb_section fb_built=\u00bb1&#8243; _builder_version=\u00bb4.25.0&#8243; _module_preset=\u00bbdefault\u00bb global_colors_info=\u00bb{}\u00bb][et_pb_row column_structure=\u00bb2_3,1_3&#8243; make_equal=\u00bbon\u00bb _builder_version=\u00bb4.25.0&#8243; _module_preset=\u00bbdefault\u00bb custom_margin=\u00bb||0px||false|false\u00bb custom_padding=\u00bb||0px||false|false\u00bb global_colors_info=\u00bb{}\u00bb][et_pb_column type=\u00bb2_3&#8243; _builder_version=\u00bb4.25.0&#8243; _module_preset=\u00bbdefault\u00bb custom_css_main_element=\u00bbmargin: auto;\u00bb global_colors_info=\u00bb{}\u00bb][et_pb_text _builder_version=\u00bb4.25.0&#8243; _module_preset=\u00bbdefault\u00bb global_colors_info=\u00bb{}\u00bb]<\/p>\n<p>Hay un gran arce delante de nuestra casa y 2 tilos enormes detr\u00e1s.<br \/>\nSol\u00eda tener que subirme a la escalera varias veces al a\u00f1o para limpiar los canalones.<br \/>\nSiempre me costaba un esfuerzo enorme levantarme y sacar la escalera del garaje.<br \/>\nAplazaba esta desagradable tarea de fin de semana en fin de semana.<br \/>\nHace unos 20 a\u00f1os, estaba otra vez subido a la escalera lleno de fastidio para limpiar el canal\u00f3n de hojas cuando mi hija de 8 a\u00f1os se par\u00f3 al pie y empez\u00f3 a llorar: \u00abPap\u00e1, baja\u00bb, gritaba, \u00abtengo miedo de que te caigas ah\u00ed abajo\u00bb.    <\/p>\n<p>&nbsp;<\/p>\n<p>Cuando termin\u00e9, fui a la tienda de bricolaje y compr\u00e9 varios sistemas de protecci\u00f3n de canalones.<br \/>\nPor desgracia, ninguno de ellos cumpl\u00eda bien su funci\u00f3n. <\/p>\n<p>[\/et_pb_text][\/et_pb_column][et_pb_column type=\u00bb1_3&#8243; _builder_version=\u00bb4.25.0&#8243; _module_preset=\u00bbdefault\u00bb custom_css_main_element=\u00bbmrgin:auto;\u00bb global_colors_info=\u00bb{}\u00bb][et_pb_image src=\u00bbhttps:\/\/dari-system.com\/wp-content\/uploads\/2024\/06\/eckhard_jentsch_03.webp\u00bb _builder_version=\u00bb4.25.0&#8243; _module_preset=\u00bbdefault\u00bb custom_margin=\u00bb||0px||false|false\u00bb custom_margin_tablet=\u00bb||0px||false|false\u00bb custom_margin_phone=\u00bb35px||0px||false|false\u00bb custom_margin_last_edited=\u00bbon|phone\u00bb hover_enabled=\u00bb0&#8243; global_colors_info=\u00bb{}\u00bb alt=\u00bbEckhard Jentsch\u00bb title_text=\u00bbeckhard_jentsch_03&#8243; sticky_enabled=\u00bb0&#8243;][\/et_pb_image][et_pb_text _builder_version=\u00bb4.25.0&#8243; _module_preset=\u00bbdefault\u00bb text_font_size=\u00bb12px\u00bb custom_margin=\u00bb||0px||false|false\u00bb custom_padding=\u00bb||0px||false|false\u00bb global_colors_info=\u00bb{}\u00bb]<\/p>\n<p style=\"text-align: center;\"><em>Eckhard Jentsch | Fundador DaRi-System<\/em><\/p>\n<p>[\/et_pb_text][\/et_pb_column][\/et_pb_row][et_pb_row _builder_version=\u00bb4.25.0&#8243; _module_preset=\u00bbdefault\u00bb global_colors_info=\u00bb{}\u00bb][et_pb_column type=\u00bb4_4&#8243; _builder_version=\u00bb4.25.0&#8243; _module_preset=\u00bbdefault\u00bb global_colors_info=\u00bb{}\u00bb][et_pb_text _builder_version=\u00bb4.25.0&#8243; _module_preset=\u00bbdefault\u00bb hover_enabled=\u00bb0&#8243; global_colors_info=\u00bb{}\u00bb sticky_enabled=\u00bb0&#8243;]<\/p>\n<p>Entonces fui a un hojalatero y a un techador y les pregunt\u00e9 qu\u00e9 sistema de protecci\u00f3n contra las hojas me recomendar\u00edan.<br \/>\nLa respuesta fue que no existe ning\u00fan sistema de protecci\u00f3n de canalones realmente bueno y que, como propietario de una casa, tienes que vivir con el hecho de tener que limpiar el canal\u00f3n con regularidad. <\/p>\n<p>Estaba desesperada y pens\u00e9 \u00abseguramente esto no puede estar bien; \u00bfrealmente no es posible resolver el problema satisfactoriamente? He probado tantos sistemas diferentes y ninguno era realmente bueno\u00bb.<\/p>\n<p>Entonces reun\u00ed a dise\u00f1adores, t\u00e9cnicos, ingenieros, ingenieros mec\u00e1nicos, techadores y fontaneros y nos sentamos en una gran mesa para definir, en primer lugar, los criterios que debe cumplir un buen sistema de protecci\u00f3n de canalones:<\/p>\n<p>[\/et_pb_text][\/et_pb_column][\/et_pb_row][\/et_pb_section][et_pb_section fb_built=\u00bb1&#8243; _builder_version=\u00bb4.25.0&#8243; _module_preset=\u00bbdefault\u00bb custom_padding=\u00bb0px||0px||false|false\u00bb global_colors_info=\u00bb{}\u00bb][et_pb_row _builder_version=\u00bb4.25.0&#8243; _module_preset=\u00bbdefault\u00bb background_color=\u00bb#f4bd8d\u00bb width_tablet=\u00bb\u00bb width_phone=\u00bb100%\u00bb width_last_edited=\u00bbon|phone\u00bb custom_margin=\u00bb0px||0px||true|false\u00bb custom_padding=\u00bb21px|27px|21px|27px|true|true\u00bb global_colors_info=\u00bb{}\u00bb width__hover_enabled=\u00bbon|desktop\u00bb][et_pb_column type=\u00bb4_4&#8243; _builder_version=\u00bb4.25.0&#8243; _module_preset=\u00bbdefault\u00bb global_colors_info=\u00bb{}\u00bb][et_pb_blurb image=\u00bbhttps:\/\/dari-system.com\/wp-content\/uploads\/2024\/06\/arrow.webp\u00bb alt=\u00bbConsulta\u00bb icon_placement=\u00bbleft\u00bb content_max_width=\u00bb100%\u00bb _builder_version=\u00bb4.25.0&#8243; _module_preset=\u00bbdefault\u00bb custom_margin=\u00bb||15px||false|false\u00bb global_colors_info=\u00bb{}\u00bb]<\/p>\n<p><strong>Debe poder instalarse en canalones con y sin tapajuntas de alero<\/strong><\/p>\n<p>[\/et_pb_blurb][et_pb_blurb image=\u00bbhttps:\/\/dari-system.com\/wp-content\/uploads\/2024\/06\/arrow.webp\u00bb alt=\u00bbConsulta\u00bb icon_placement=\u00bbleft\u00bb content_max_width=\u00bb100%\u00bb _builder_version=\u00bb4.25.0&#8243; _module_preset=\u00bbdefault\u00bb custom_margin=\u00bb||15px||false|false\u00bb global_colors_info=\u00bb{}\u00bb]<\/p>\n<p><strong>Debe tener una gran superficie abierta para que el agua de lluvia escurra f\u00e1cilmente<\/strong><\/p>\n<p>[\/et_pb_blurb][et_pb_blurb image=\u00bbhttps:\/\/dari-system.com\/wp-content\/uploads\/2024\/06\/arrow.webp\u00bb alt=\u00bbConsulta\u00bb icon_placement=\u00bbleft\u00bb content_max_width=\u00bb100%\u00bb _builder_version=\u00bb4.25.0&#8243; _module_preset=\u00bbdefault\u00bb custom_margin=\u00bb||15px||false|false\u00bb global_colors_info=\u00bb{}\u00bb]<\/p>\n<p><strong>El tama\u00f1o del agujero no debe ser tan grande que las semillas de tilos, arces, etc. caigan a trav\u00e9s de \u00e9l.<\/strong><\/p>\n<p>[\/et_pb_blurb][et_pb_blurb image=\u00bbhttps:\/\/dari-system.com\/wp-content\/uploads\/2024\/06\/arrow.webp\u00bb alt=\u00bbConsulta\u00bb icon_placement=\u00bbleft\u00bb content_max_width=\u00bb100%\u00bb _builder_version=\u00bb4.25.0&#8243; _module_preset=\u00bbdefault\u00bb custom_margin=\u00bb||15px||false|false\u00bb global_colors_info=\u00bb{}\u00bb]<\/p>\n<p><strong>El tama\u00f1o de los orificios no debe ser demasiado peque\u00f1o para que se obstruyan r\u00e1pidamente<\/strong><\/p>\n<p>[\/et_pb_blurb][et_pb_blurb image=\u00bbhttps:\/\/dari-system.com\/wp-content\/uploads\/2024\/06\/arrow.webp\u00bb alt=\u00bbConsulta\u00bb icon_placement=\u00bbleft\u00bb content_max_width=\u00bb100%\u00bb _builder_version=\u00bb4.25.0&#8243; _module_preset=\u00bbdefault\u00bb custom_margin=\u00bb||15px||false|false\u00bb global_colors_info=\u00bb{}\u00bb]<\/p>\n<p><strong>Los agujeros deben tener una forma tal que el agua de lluvia se canalice r\u00e1pidamente hacia ellos<\/strong><\/p>\n<p>[\/et_pb_blurb][et_pb_blurb image=\u00bbhttps:\/\/dari-system.com\/wp-content\/uploads\/2024\/06\/arrow.webp\u00bb alt=\u00bbConsulta\u00bb icon_placement=\u00bbleft\u00bb content_max_width=\u00bb100%\u00bb _builder_version=\u00bb4.25.0&#8243; _module_preset=\u00bbdefault\u00bb custom_margin=\u00bb||15px||false|false\u00bb global_colors_info=\u00bb{}\u00bb]<\/p>\n<p><strong>La superficie debe ser lisa para que no se enganchen las hojas<\/strong><\/p>\n<p>[\/et_pb_blurb][et_pb_blurb image=\u00bbhttps:\/\/dari-system.com\/wp-content\/uploads\/2024\/06\/arrow.webp\u00bb alt=\u00bbConsulta\u00bb icon_placement=\u00bbleft\u00bb content_max_width=\u00bb100%\u00bb _builder_version=\u00bb4.25.0&#8243; _module_preset=\u00bbdefault\u00bb custom_margin=\u00bb||15px||false|false\u00bb global_colors_info=\u00bb{}\u00bb]<\/p>\n<p><strong>Debe ser f\u00e1cil de instalar sin herramientas<\/strong><\/p>\n<p>[\/et_pb_blurb][et_pb_blurb image=\u00bbhttps:\/\/dari-system.com\/wp-content\/uploads\/2024\/06\/arrow.webp\u00bb alt=\u00bbConsulta\u00bb icon_placement=\u00bbleft\u00bb content_max_width=\u00bb100%\u00bb _builder_version=\u00bb4.25.0&#8243; _module_preset=\u00bbdefault\u00bb custom_margin=\u00bb||15px||false|false\u00bb global_colors_info=\u00bb{}\u00bb]<\/p>\n<p><strong>Debe ser f\u00e1cil de quitar<\/strong><\/p>\n<p>[\/et_pb_blurb][et_pb_blurb image=\u00bbhttps:\/\/dari-system.com\/wp-content\/uploads\/2024\/06\/arrow.webp\u00bb alt=\u00bbConsulta\u00bb icon_placement=\u00bbleft\u00bb content_max_width=\u00bb100%\u00bb _builder_version=\u00bb4.25.0&#8243; _module_preset=\u00bbdefault\u00bb custom_margin=\u00bb||15px||false|false\u00bb global_colors_info=\u00bb{}\u00bb]<\/p>\n<p><strong>Debe estar firmemente sujeta al canal\u00f3n para que no salga volando con vientos fuertes<\/strong><\/p>\n<p>[\/et_pb_blurb][et_pb_blurb image=\u00bbhttps:\/\/dari-system.com\/wp-content\/uploads\/2024\/06\/arrow.webp\u00bb alt=\u00bbConsulta\u00bb icon_placement=\u00bbleft\u00bb content_max_width=\u00bb100%\u00bb _builder_version=\u00bb4.25.0&#8243; _module_preset=\u00bbdefault\u00bb custom_margin=\u00bb||15px||false|false\u00bb global_colors_info=\u00bb{}\u00bb]<\/p>\n<p><strong>Debe estar por encima del canal\u00f3n para que las hojas se desprendan f\u00e1cilmente<\/strong><\/p>\n<p>[\/et_pb_blurb][et_pb_blurb image=\u00bbhttps:\/\/dari-system.com\/wp-content\/uploads\/2024\/06\/arrow.webp\u00bb alt=\u00bbConsulta\u00bb icon_placement=\u00bbleft\u00bb content_max_width=\u00bb100%\u00bb _builder_version=\u00bb4.25.0&#8243; _module_preset=\u00bbdefault\u00bb custom_margin=\u00bb||15px||false|false\u00bb global_colors_info=\u00bb{}\u00bb]<\/p>\n<p><strong>Debe extenderse hasta el borde delantero para que no haya obst\u00e1culos para el follaje<\/strong><\/p>\n<p>[\/et_pb_blurb][et_pb_blurb image=\u00bbhttps:\/\/dari-system.com\/wp-content\/uploads\/2024\/06\/arrow.webp\u00bb alt=\u00bbConsulta\u00bb icon_placement=\u00bbleft\u00bb content_max_width=\u00bb100%\u00bb _builder_version=\u00bb4.25.0&#8243; _module_preset=\u00bbdefault\u00bb custom_margin=\u00bb||15px||false|false\u00bb global_colors_info=\u00bb{}\u00bb]<\/p>\n<p><strong>Debe ser estable al calor, al fr\u00edo y a los rayos UV<\/strong><\/p>\n<p>[\/et_pb_blurb][et_pb_blurb image=\u00bbhttps:\/\/dari-system.com\/wp-content\/uploads\/2024\/06\/arrow.webp\u00bb alt=\u00bbConsulta\u00bb icon_placement=\u00bbleft\u00bb content_max_width=\u00bb100%\u00bb _builder_version=\u00bb4.25.0&#8243; _module_preset=\u00bbdefault\u00bb custom_margin=\u00bb||15px||false|false\u00bb global_colors_info=\u00bb{}\u00bb]<\/p>\n<p><strong>No debe necesitar mantenimiento<\/strong><\/p>\n<p>[\/et_pb_blurb][et_pb_blurb image=\u00bbhttps:\/\/dari-system.com\/wp-content\/uploads\/2024\/06\/arrow.webp\u00bb alt=\u00bbConsulta\u00bb icon_placement=\u00bbleft\u00bb content_max_width=\u00bb100%\u00bb _builder_version=\u00bb4.25.0&#8243; _module_preset=\u00bbdefault\u00bb custom_margin=\u00bb||15px||false|false\u00bb global_colors_info=\u00bb{}\u00bb]<\/p>\n<p><strong>Debe garantizarse que el canal\u00f3n ya no est\u00e9 obstruido por las hojas<\/strong><\/p>\n<p>[\/et_pb_blurb][\/et_pb_column][\/et_pb_row][\/et_pb_section][et_pb_section fb_built=\u00bb1&#8243; _builder_version=\u00bb4.25.0&#8243; _module_preset=\u00bbdefault\u00bb global_colors_info=\u00bb{}\u00bb][et_pb_row _builder_version=\u00bb4.25.0&#8243; _module_preset=\u00bbdefault\u00bb global_colors_info=\u00bb{}\u00bb][et_pb_column type=\u00bb4_4&#8243; _builder_version=\u00bb4.25.0&#8243; _module_preset=\u00bbdefault\u00bb global_colors_info=\u00bb{}\u00bb][et_pb_text _builder_version=\u00bb4.25.0&#8243; _module_preset=\u00bbdefault\u00bb global_colors_info=\u00bb{}\u00bb]<\/p>\n<p>Tras mucha planificaci\u00f3n, dibujos, ensayos y pruebas, naci\u00f3 el sistema <strong>DaRi<\/strong>. El sistema DaRi no tiene por qu\u00e9 rehuir la comparaci\u00f3n con ning\u00fan otro sistema.<br \/>\nEn mi opini\u00f3n y conocimiento, no hay mejor sistema de protecci\u00f3n para canalones. <\/p>\n<p>Hoy miro mi canal\u00f3n con satisfacci\u00f3n y me alegro de haber instalado all\u00ed el sistema DaRi.<br \/>\nLos sistemas DaRi de entonces siguen instalados en el canal\u00f3n y siguen siendo totalmente funcionales.<br \/>\nTodav\u00eda le digo a menudo \u00abgracias\u00bb a mi hija por darme el impulso para instalar este perfecto sistema de protecci\u00f3n de canalones.<br \/>\nNo s\u00f3lo me evito las molestias, sino que tambi\u00e9n he reducido el riesgo de accidentes al no tener que subirme a lo alto del tejado con la escalera.   <\/p>\n<p>Hoy en d\u00eda, personas de toda Europa est\u00e1n satisfechas y agradecidas de que el problema de un canal\u00f3n obstruido pudiera resolverse tan f\u00e1cilmente con el sistema DaRi y de que el canal\u00f3n quede permanentemente libre de hojas.<\/p>\n<p>En DaRi-System, nuestro objetivo es desarrollar y fabricar sistemas de protecci\u00f3n de canalones de la m\u00e1xima calidad.<br \/>\nTodos nuestros productos se han dise\u00f1ado aqu\u00ed, en Alemania, y tambi\u00e9n se fabrican exclusivamente aqu\u00ed. <\/p>\n<p><em><strong>Fabricado en Alemania<\/strong> <\/em>te garantiza una larga vida \u00fatil.<\/p>\n<p>Como expertos absolutos en sistemas de protecci\u00f3n contra las hojas, llevamos 20 a\u00f1os trabajando con nuestros clientes para encontrar soluciones buenas y pr\u00e1cticas para los canalones problem\u00e1ticos.<br \/>\nNos alegramos de cada contacto y cada foto de un canal\u00f3n que nos env\u00edan y responderemos a tu consulta de forma r\u00e1pida, amable y gratuita. <\/p>\n<p>Si t\u00fa tambi\u00e9n buscas un sistema de protecci\u00f3n fiable, de alta calidad, duradero y que no requiera mantenimiento para tu canal\u00f3n, opta ahora mismo por el <strong>sistema DaRi<\/strong>, perfectamente dise\u00f1ado.<\/p>\n<p>[\/et_pb_text][\/et_pb_column][\/et_pb_row][et_pb_row _builder_version=\u00bb4.25.0&#8243; _module_preset=\u00bbdefault\u00bb global_colors_info=\u00bb{}\u00bb][et_pb_column type=\u00bb4_4&#8243; _builder_version=\u00bb4.25.0&#8243; _module_preset=\u00bbdefault\u00bb global_colors_info=\u00bb{}\u00bb][et_pb_text _builder_version=\u00bb4.25.0&#8243; _module_preset=\u00bbdefault\u00bb global_colors_info=\u00bb{}\u00bb]<\/p>\n<h2><strong>Y te garantizamos que el canal\u00f3n dejar\u00e1 de estar obstruido por las hojas una vez instalado el sistema DaRi.<\/strong><\/h2>\n<p>[\/et_pb_text][\/et_pb_column][\/et_pb_row][\/et_pb_section]<\/p>\n","protected":false},"excerpt":{"rendered":"<p>El camino hacia el sistema DaRi perfectoHay un gran arce delante de nuestra casa y 2 tilos enormes detr\u00e1s. Sol\u00eda tener que subirme a la escalera varias veces al a\u00f1o para limpiar los canalones. Siempre me costaba un esfuerzo enorme levantarme y sacar la escalera del garaje. Aplazaba esta desagradable tarea de fin de semana [&hellip;]<\/p>\n","protected":false},"author":1,"featured_media":0,"parent":0,"menu_order":0,"comment_status":"closed","ping_status":"closed","template":"","meta":{"_et_pb_use_builder":"on","_et_pb_old_content":"","_et_gb_content_width":"","iawp_total_views":2,"footnotes":""},"dipi_cpt_category":[],"class_list":["post-25545890","page","type-page","status-publish","hentry"],"yoast_head":"<!-- This site is optimized with the Yoast SEO plugin v27.2 - https:\/\/yoast.com\/product\/yoast-seo-wordpress\/ -->\n<title>Sobre nosotros - DaRi System<\/title>\n<meta name=\"robots\" content=\"index, follow, max-snippet:-1, max-image-preview:large, max-video-preview:-1\" \/>\n<link rel=\"canonical\" href=\"https:\/\/dari-system.com\/es\/sobre-nosotros\/\" \/>\n<meta property=\"og:locale\" content=\"es_ES\" \/>\n<meta property=\"og:type\" content=\"article\" \/>\n<meta property=\"og:title\" content=\"Sobre nosotros - DaRi System\" \/>\n<meta property=\"og:description\" content=\"El camino hacia el sistema DaRi perfectoHay un gran arce delante de nuestra casa y 2 tilos enormes detr\u00e1s. Sol\u00eda tener que subirme a la escalera varias veces al a\u00f1o para limpiar los canalones. Siempre me costaba un esfuerzo enorme levantarme y sacar la escalera del garaje. Aplazaba esta desagradable tarea de fin de semana [&hellip;]\" \/>\n<meta property=\"og:url\" content=\"https:\/\/dari-system.com\/es\/sobre-nosotros\/\" \/>\n<meta property=\"og:site_name\" content=\"DaRi System\" \/>\n<meta property=\"article:modified_time\" content=\"2024-08-01T17:10:04+00:00\" \/>\n<meta name=\"twitter:card\" content=\"summary_large_image\" \/>\n<meta name=\"twitter:label1\" content=\"Tiempo de lectura\" \/>\n\t<meta name=\"twitter:data1\" content=\"9 minutos\" \/>\n<script type=\"application\/ld+json\" class=\"yoast-schema-graph\">{\"@context\":\"https:\/\/schema.org\",\"@graph\":[{\"@type\":\"WebPage\",\"@id\":\"https:\/\/dari-system.com\/es\/sobre-nosotros\/\",\"url\":\"https:\/\/dari-system.com\/es\/sobre-nosotros\/\",\"name\":\"Sobre nosotros - DaRi System\",\"isPartOf\":{\"@id\":\"https:\/\/dari-system.com\/es\/#website\"},\"datePublished\":\"2024-05-29T09:26:04+00:00\",\"dateModified\":\"2024-08-01T17:10:04+00:00\",\"breadcrumb\":{\"@id\":\"https:\/\/dari-system.com\/es\/sobre-nosotros\/#breadcrumb\"},\"inLanguage\":\"es\",\"potentialAction\":[{\"@type\":\"ReadAction\",\"target\":[\"https:\/\/dari-system.com\/es\/sobre-nosotros\/\"]}]},{\"@type\":\"BreadcrumbList\",\"@id\":\"https:\/\/dari-system.com\/es\/sobre-nosotros\/#breadcrumb\",\"itemListElement\":[{\"@type\":\"ListItem\",\"position\":1,\"name\":\"Startseite\",\"item\":\"https:\/\/dari-system.com\/es\/\"},{\"@type\":\"ListItem\",\"position\":2,\"name\":\"Sobre nosotros\"}]},{\"@type\":\"WebSite\",\"@id\":\"https:\/\/dari-system.com\/es\/#website\",\"url\":\"https:\/\/dari-system.com\/es\/\",\"name\":\"DaRi System\",\"description\":\"\",\"potentialAction\":[{\"@type\":\"SearchAction\",\"target\":{\"@type\":\"EntryPoint\",\"urlTemplate\":\"https:\/\/dari-system.com\/es\/?s={search_term_string}\"},\"query-input\":{\"@type\":\"PropertyValueSpecification\",\"valueRequired\":true,\"valueName\":\"search_term_string\"}}],\"inLanguage\":\"es\"}]}<\/script>\n<!-- \/ Yoast SEO plugin. -->","yoast_head_json":{"title":"Sobre nosotros - DaRi System","robots":{"index":"index","follow":"follow","max-snippet":"max-snippet:-1","max-image-preview":"max-image-preview:large","max-video-preview":"max-video-preview:-1"},"canonical":"https:\/\/dari-system.com\/es\/sobre-nosotros\/","og_locale":"es_ES","og_type":"article","og_title":"Sobre nosotros - DaRi System","og_description":"El camino hacia el sistema DaRi perfectoHay un gran arce delante de nuestra casa y 2 tilos enormes detr\u00e1s. Sol\u00eda tener que subirme a la escalera varias veces al a\u00f1o para limpiar los canalones. Siempre me costaba un esfuerzo enorme levantarme y sacar la escalera del garaje. Aplazaba esta desagradable tarea de fin de semana [&hellip;]","og_url":"https:\/\/dari-system.com\/es\/sobre-nosotros\/","og_site_name":"DaRi System","article_modified_time":"2024-08-01T17:10:04+00:00","twitter_card":"summary_large_image","twitter_misc":{"Tiempo de lectura":"9 minutos"},"schema":{"@context":"https:\/\/schema.org","@graph":[{"@type":"WebPage","@id":"https:\/\/dari-system.com\/es\/sobre-nosotros\/","url":"https:\/\/dari-system.com\/es\/sobre-nosotros\/","name":"Sobre nosotros - DaRi System","isPartOf":{"@id":"https:\/\/dari-system.com\/es\/#website"},"datePublished":"2024-05-29T09:26:04+00:00","dateModified":"2024-08-01T17:10:04+00:00","breadcrumb":{"@id":"https:\/\/dari-system.com\/es\/sobre-nosotros\/#breadcrumb"},"inLanguage":"es","potentialAction":[{"@type":"ReadAction","target":["https:\/\/dari-system.com\/es\/sobre-nosotros\/"]}]},{"@type":"BreadcrumbList","@id":"https:\/\/dari-system.com\/es\/sobre-nosotros\/#breadcrumb","itemListElement":[{"@type":"ListItem","position":1,"name":"Startseite","item":"https:\/\/dari-system.com\/es\/"},{"@type":"ListItem","position":2,"name":"Sobre nosotros"}]},{"@type":"WebSite","@id":"https:\/\/dari-system.com\/es\/#website","url":"https:\/\/dari-system.com\/es\/","name":"DaRi System","description":"","potentialAction":[{"@type":"SearchAction","target":{"@type":"EntryPoint","urlTemplate":"https:\/\/dari-system.com\/es\/?s={search_term_string}"},"query-input":{"@type":"PropertyValueSpecification","valueRequired":true,"valueName":"search_term_string"}}],"inLanguage":"es"}]}},"_links":{"self":[{"href":"https:\/\/dari-system.com\/es\/wp-json\/wp\/v2\/pages\/25545890","targetHints":{"allow":["GET"]}}],"collection":[{"href":"https:\/\/dari-system.com\/es\/wp-json\/wp\/v2\/pages"}],"about":[{"href":"https:\/\/dari-system.com\/es\/wp-json\/wp\/v2\/types\/page"}],"author":[{"embeddable":true,"href":"https:\/\/dari-system.com\/es\/wp-json\/wp\/v2\/users\/1"}],"replies":[{"embeddable":true,"href":"https:\/\/dari-system.com\/es\/wp-json\/wp\/v2\/comments?post=25545890"}],"version-history":[{"count":2,"href":"https:\/\/dari-system.com\/es\/wp-json\/wp\/v2\/pages\/25545890\/revisions"}],"predecessor-version":[{"id":25545893,"href":"https:\/\/dari-system.com\/es\/wp-json\/wp\/v2\/pages\/25545890\/revisions\/25545893"}],"wp:attachment":[{"href":"https:\/\/dari-system.com\/es\/wp-json\/wp\/v2\/media?parent=25545890"}],"wp:term":[{"taxonomy":"dipi_cpt_category","embeddable":true,"href":"https:\/\/dari-system.com\/es\/wp-json\/wp\/v2\/dipi_cpt_category?post=25545890"}],"curies":[{"name":"wp","href":"https:\/\/api.w.org\/{rel}","templated":true}]}}