{"id":25545885,"date":"2024-05-29T12:54:59","date_gmt":"2024-05-29T12:54:59","guid":{"rendered":"https:\/\/dari-system.com\/contacta-con-nosotros\/"},"modified":"2024-09-04T14:39:17","modified_gmt":"2024-09-04T14:39:17","slug":"contacta-con-nosotros","status":"publish","type":"page","link":"https:\/\/dari-system.com\/es\/contacta-con-nosotros\/","title":{"rendered":"Contacta con nosotros"},"content":{"rendered":"<p>[et_pb_section fb_built=\u00bb1&#8243; fullwidth=\u00bbon\u00bb _builder_version=\u00bb4.25.0&#8243; _module_preset=\u00bbdefault\u00bb bottom_divider_color=\u00bb#FFFFFF\u00bb bottom_divider_height=\u00bb82px\u00bb bottom_divider_flip=\u00bbhorizontal\u00bb locked=\u00bboff\u00bb global_colors_info=\u00bb{}\u00bb][et_pb_fullwidth_header title=\u00bbLa l\u00ednea directa al sistema DaRi\u00bb _builder_version=\u00bb4.25.0&#8243; _module_preset=\u00bbdefault\u00bb title_font=\u00bb|800|||||||\u00bb title_font_size=\u00bb45px\u00bb background_image=\u00bbhttps:\/\/dari-system.com\/wp-content\/uploads\/2024\/05\/header_background.webp\u00bb background_position=\u00bbbottom_center\u00bb custom_padding=\u00bb8vh||8vh||true|false\u00bb title_font_size_tablet=\u00bb45px\u00bb title_font_size_phone=\u00bb29px\u00bb title_font_size_last_edited=\u00bbon|phone\u00bb content_font_size_tablet=\u00bb\u00bb content_font_size_phone=\u00bb17px\u00bb content_font_size_last_edited=\u00bbon|phone\u00bb global_colors_info=\u00bb{}\u00bb]<\/p>\n<p>Esperamos tus preguntas y sugerencias<\/p>\n<p>[\/et_pb_fullwidth_header][\/et_pb_section][et_pb_section fb_built=\u00bb1&#8243; _builder_version=\u00bb4.25.0&#8243; _module_preset=\u00bbdefault\u00bb global_colors_info=\u00bb{}\u00bb][et_pb_row column_structure=\u00bb1_3,1_3,1_3&#8243; _builder_version=\u00bb4.25.0&#8243; _module_preset=\u00bbdefault\u00bb global_colors_info=\u00bb{}\u00bb][et_pb_column type=\u00bb1_3&#8243; _builder_version=\u00bb4.25.0&#8243; _module_preset=\u00bbdefault\u00bb global_colors_info=\u00bb{}\u00bb][et_pb_text _builder_version=\u00bb4.25.0&#8243; _module_preset=\u00bbdefault\u00bb global_colors_info=\u00bb{}\u00bb]<\/p>\n<h1>Contacta con nosotros<\/h1>\n<p>[\/et_pb_text][\/et_pb_column][et_pb_column type=\u00bb1_3&#8243; _builder_version=\u00bb4.25.0&#8243; _module_preset=\u00bbdefault\u00bb global_colors_info=\u00bb{}\u00bb][et_pb_text _builder_version=\u00bb4.25.0&#8243; _module_preset=\u00bbdefault\u00bb global_colors_info=\u00bb{}\u00bb]<\/p>\n<p><span class=\"contact-street\" itemprop=\"streetAddress\"><strong>DaRi-Systemteile GmbH<br \/><\/strong><\/span><span class=\"contact-street\" itemprop=\"streetAddress\">Rudolf-Nebel-Str.<br \/>\n12 <br \/><\/span><span class=\"contact-suburb\" itemprop=\"addressLocality\">91781 Wei\u00dfenburg<\/span><span class=\"contact-postcode\" itemprop=\"postalCode\"><br \/><\/span><span class=\"contact-country\" itemprop=\"addressCountry\">Alemania<\/span><\/p>\n<p><span class=\"contact-country\" itemprop=\"addressCountry\"><br \/><\/span><span class=\"jicons-text\" itemprop=\"email\">correo electr\u00f3nico:<\/span><span class=\"contact-emailto\"><span id=\"cloak5c1e84c5da5ba6caf991d5cc2e8c4796\"> <a href=\"mailto:info@dari-system.com\">info@dari-system.com<\/a><br \/><\/span><\/span><span class=\"jicons-text\">Tel\u00e9fono: <\/span><span class=\"contact-telephone\" itemprop=\"telephone\">09141 &#8211; 84 59 370<br \/><\/span><span class=\"jicons-text\">Fax: <\/span><span class=\"contact-fax\" itemprop=\"faxNumber\">09141 &#8211; 84 59 371<\/span><\/p>\n<p>[\/et_pb_text][\/et_pb_column][et_pb_column type=\u00bb1_3&#8243; _builder_version=\u00bb4.25.0&#8243; _module_preset=\u00bbdefault\u00bb global_colors_info=\u00bb{}\u00bb][et_pb_image src=\u00bbhttps:\/\/dari-system.com\/wp-content\/uploads\/2024\/06\/eckhard_jentsch_02.webp\u00bb alt=\u00bbEckhard Jentsch\u00bb title_text=\u00bbeckhard_jentsch_02&#8243; _builder_version=\u00bb4.25.0&#8243; _module_preset=\u00bbdefault\u00bb border_radii=\u00bbon|1px|1px|1px|1px\u00bb border_width_all=\u00bb2px\u00bb border_color_all=\u00bb#4C76A9&#8243; global_colors_info=\u00bb{}\u00bb][\/et_pb_image][\/et_pb_column][\/et_pb_row][\/et_pb_section][et_pb_section fb_built=\u00bb1&#8243; admin_label=\u00bbProduktvergleich\u00bb module_class=\u00bbtbvs-section-light\u00bb _builder_version=\u00bb4.25.0&#8243; _module_preset=\u00bbdefault\u00bb background_color=\u00bb#cde2f2&#8243; background_enable_image=\u00bboff\u00bb parallax=\u00bbon\u00bb z_index=\u00bb5&#8243; min_height=\u00bb410.3px\u00bb custom_margin=\u00bb33px||46px||false|false\u00bb custom_padding=\u00bb46px||||false|false\u00bb top_divider_height=\u00bb72px\u00bb locked=\u00bboff\u00bb global_colors_info=\u00bb{}\u00bb][et_pb_row _builder_version=\u00bb4.25.0&#8243; _module_preset=\u00bbdefault\u00bb global_colors_info=\u00bb{}\u00bb][et_pb_column type=\u00bb4_4&#8243; _builder_version=\u00bb4.25.0&#8243; _module_preset=\u00bbdefault\u00bb global_colors_info=\u00bb{}\u00bb][et_pb_text _builder_version=\u00bb4.25.0&#8243; _module_preset=\u00bbdefault\u00bb text_font=\u00bbOpen Sans||||||||\u00bb text_text_color=\u00bb#333333&#8243; locked=\u00bboff\u00bb global_colors_info=\u00bb{}\u00bb]<\/p>\n<p><strong><br \/>Si tienes alguna duda, env\u00edanos una foto de tu canal\u00f3n por correo electr\u00f3nico:<a href=\"mailto:info@dari-system.com\">info@dari-system.com<\/a><\/strong><\/p>\n<p>[\/et_pb_text][et_pb_text _builder_version=\u00bb4.25.0&#8243; _module_preset=\u00bbdefault\u00bb global_colors_info=\u00bb{}\u00bb]<\/p>\n<h2>O env\u00edanos un mensaje<\/h2>\n<p>[\/et_pb_text][et_pb_code _builder_version=\u00bb4.27.0&#8243; _module_preset=\u00bbdefault\u00bb global_colors_info=\u00bb{}\u00bb]<style id=\"wpforms-css-vars-25544250\">\n\t\t\t\t#wpforms-25544250 {\n\t\t\t\t\n\t\t\t}\n\t\t\t<\/style><div class=\"wpforms-container wpforms-container-full wpforms-render-modern\" id=\"wpforms-25544250\"><form id=\"wpforms-form-25544250\" class=\"wpforms-validate wpforms-form wpforms-ajax-form\" data-formid=\"25544250\" method=\"post\" enctype=\"multipart\/form-data\" action=\"\/es\/wp-json\/wp\/v2\/pages\/25545885\" data-token=\"0674a0c6215db0ca748a899befbe7d7d\" data-token-time=\"1777876675\"><noscript class=\"wpforms-error-noscript\">Por favor, activa JavaScript en tu navegador para completar este formulario.<\/noscript><div id=\"wpforms-error-noscript\" style=\"display: none;\">Por favor, activa JavaScript en tu navegador para completar este formulario.<\/div><div class=\"wpforms-field-container\"><div id=\"wpforms-25544250-field_0-container\" class=\"wpforms-field wpforms-field-name\" data-field-id=\"0\"><fieldset><legend class=\"wpforms-field-label\">Nombre <span class=\"wpforms-required-label\" aria-hidden=\"true\">*<\/span><\/legend><div class=\"wpforms-field-row wpforms-field-medium\"><div class=\"wpforms-field-row-block wpforms-first wpforms-one-half\"><input type=\"text\" id=\"wpforms-25544250-field_0\" class=\"wpforms-field-name-first wpforms-field-required\" name=\"wpforms[fields][0][first]\" aria-errormessage=\"wpforms-25544250-field_0-error\" required><label for=\"wpforms-25544250-field_0\" class=\"wpforms-field-sublabel after\">Nombre<\/label><\/div><div class=\"wpforms-field-row-block wpforms-one-half\"><input type=\"text\" id=\"wpforms-25544250-field_0-last\" class=\"wpforms-field-name-last wpforms-field-required\" name=\"wpforms[fields][0][last]\" aria-errormessage=\"wpforms-25544250-field_0-last-error\" required><label for=\"wpforms-25544250-field_0-last\" class=\"wpforms-field-sublabel after\">Apellido<\/label><\/div><\/div><\/fieldset><\/div>\t\t<div id=\"wpforms-25544250-field_5-container\"\n\t\t\tclass=\"wpforms-field wpforms-field-text\"\n\t\t\tdata-field-type=\"text\"\n\t\t\tdata-field-id=\"5\"\n\t\t\t>\n\t\t\t<label class=\"wpforms-field-label\" for=\"wpforms-25544250-field_5\" >Asunto Nombre E-Mail-Adresse<\/label>\n\t\t\t<input type=\"text\" id=\"wpforms-25544250-field_5\" class=\"wpforms-field-medium\" name=\"wpforms[fields][5]\" >\n\t\t<\/div>\n\t\t<div id=\"wpforms-25544250-field_1-container\" class=\"wpforms-field wpforms-field-email\" data-field-id=\"1\"><label class=\"wpforms-field-label\" for=\"wpforms-25544250-field_1\">correo electr\u00f3nico <span class=\"wpforms-required-label\" aria-hidden=\"true\">*<\/span><\/label><input type=\"email\" id=\"wpforms-25544250-field_1\" class=\"wpforms-field-medium wpforms-field-required\" name=\"wpforms[fields][1]\" spellcheck=\"false\" aria-errormessage=\"wpforms-25544250-field_1-error\" required><\/div><div id=\"wpforms-25544250-field_3-container\" class=\"wpforms-field wpforms-field-text\" data-field-id=\"3\"><label class=\"wpforms-field-label\" for=\"wpforms-25544250-field_3\">Asunto<\/label><input type=\"text\" id=\"wpforms-25544250-field_3\" class=\"wpforms-field-medium\" name=\"wpforms[fields][3]\" aria-errormessage=\"wpforms-25544250-field_3-error\" ><\/div><div id=\"wpforms-25544250-field_2-container\" class=\"wpforms-field wpforms-field-textarea\" data-field-id=\"2\"><label class=\"wpforms-field-label\" for=\"wpforms-25544250-field_2\">Tu mensaje <span class=\"wpforms-required-label\" aria-hidden=\"true\">*<\/span><\/label><textarea id=\"wpforms-25544250-field_2\" class=\"wpforms-field-medium wpforms-field-required\" name=\"wpforms[fields][2]\" aria-errormessage=\"wpforms-25544250-field_2-error\" required><\/textarea><\/div><div id=\"wpforms-25544250-field_4-container\" class=\"wpforms-field wpforms-field-email\" data-field-id=\"4\"><label class=\"wpforms-field-label\" for=\"wpforms-25544250-field_4\">E-Mail-Adresse <span class=\"wpforms-required-label\" aria-hidden=\"true\">*<\/span><\/label><input type=\"email\" id=\"wpforms-25544250-field_4\" class=\"wpforms-field-medium wpforms-field-required\" name=\"wpforms[fields][4]\" spellcheck=\"false\" aria-errormessage=\"wpforms-25544250-field_4-error\" required><\/div><script>\n\t\t\t\t( function() {\n\t\t\t\t\tconst style = document.createElement( 'style' );\n\t\t\t\t\tstyle.appendChild( document.createTextNode( '#wpforms-25544250-field_5-container { position: absolute !important; overflow: hidden !important; display: inline !important; height: 1px !important; width: 1px !important; z-index: -1000 !important; padding: 0 !important; } #wpforms-25544250-field_5-container input { visibility: hidden; } #wpforms-conversational-form-page #wpforms-25544250-field_5-container label { counter-increment: none; }' ) );\n\t\t\t\t\tdocument.head.appendChild( style );\n\t\t\t\t\tdocument.currentScript?.remove();\n\t\t\t\t} )();\n\t\t\t<\/script><\/div><!-- .wpforms-field-container --><div class=\"wpforms-submit-container\" ><input type=\"hidden\" name=\"wpforms[id]\" value=\"25544250\"><input type=\"hidden\" name=\"page_title\" value=\"\"><input type=\"hidden\" name=\"page_url\" value=\"https:\/\/dari-system.com\/es\/wp-json\/wp\/v2\/pages\/25545885\"><input type=\"hidden\" name=\"url_referer\" value=\"\"><button type=\"submit\" name=\"wpforms[submit]\" id=\"wpforms-submit-25544250\" class=\"wpforms-submit\" data-alt-text=\"Se enviar\u00e1 ...\" data-submit-text=\"Env\u00eda\" aria-live=\"assertive\" value=\"wpforms-submit\">Env\u00eda<\/button><img loading=\"lazy\" decoding=\"async\" src=\"https:\/\/dari-system.com\/wp-content\/plugins\/wpforms-lite\/assets\/images\/submit-spin.svg\" class=\"wpforms-submit-spinner\" style=\"display: none;\" width=\"26\" height=\"26\" alt=\"Cargando\"><\/div><\/form><\/div>  <!-- .wpforms-container -->[\/et_pb_code][\/et_pb_column][\/et_pb_row][\/et_pb_section][et_pb_section fb_built=\u00bb1&#8243; _builder_version=\u00bb4.27.0&#8243; _module_preset=\u00bbdefault\u00bb custom_margin=\u00bb0px||||false|false\u00bb custom_padding=\u00bb0px||||false|false\u00bb global_colors_info=\u00bb{}\u00bb locked=\u00bboff\u00bb][et_pb_row _builder_version=\u00bb4.27.0&#8243; _module_preset=\u00bbdefault\u00bb custom_margin=\u00bb0px||0px||true|false\u00bb custom_padding=\u00bb0px||0px||true|false\u00bb global_colors_info=\u00bb{}\u00bb][et_pb_column type=\u00bb4_4&#8243; _builder_version=\u00bb4.27.0&#8243; _module_preset=\u00bbdefault\u00bb global_colors_info=\u00bb{}\u00bb][et_pb_text _builder_version=\u00bb4.27.0&#8243; _module_preset=\u00bbdefault\u00bb text_text_color=\u00bb#4C76A9&#8243; text_font_size=\u00bb10px\u00bb custom_margin=\u00bb0px||0px||true|false\u00bb custom_padding=\u00bb0px||0px||true|false\u00bb link_option_url=\u00bbhttps:\/\/dari-system.com\/mein-konto\/\u00bb hover_enabled=\u00bb0&#8243; global_colors_info=\u00bb{}\u00bb sticky_enabled=\u00bb0&#8243;]<\/p>\n<p style=\"text-align: right;\"><a href=\"https:\/\/dari-system.com\/wp-login?action=logout\"><a href=\"https:\/\/dari-system.com\/wp-login?action=logout\">Cerrar sesi\u00f3n<\/a><\/a><\/p>\n<p>[\/et_pb_text][\/et_pb_column][\/et_pb_row][\/et_pb_section]<\/p>\n","protected":false},"excerpt":{"rendered":"<p>Esperamos tus preguntas y sugerenciasContacta con nosotrosDaRi-Systemteile GmbHRudolf-Nebel-Str. 12 91781 Wei\u00dfenburgAlemania correo electr\u00f3nico: info@dari-system.comTel\u00e9fono: 09141 &#8211; 84 59 370Fax: 09141 &#8211; 84 59 371Si tienes alguna duda, env\u00edanos una foto de tu canal\u00f3n por correo electr\u00f3nico:info@dari-system.comO env\u00edanos un mensaje<style id=\"wpforms-css-vars-25544250\">\n\t\t\t\t#wpforms-25544250 {\n\t\t\t\t\n\t\t\t}\n\t\t\t<\/style><div class=\"wpforms-container wpforms-container-full wpforms-render-modern\" id=\"wpforms-25544250\"><form id=\"wpforms-form-25544250\" class=\"wpforms-validate wpforms-form wpforms-ajax-form\" data-formid=\"25544250\" method=\"post\" enctype=\"multipart\/form-data\" action=\"\/es\/wp-json\/wp\/v2\/pages\/25545885\" data-token=\"0674a0c6215db0ca748a899befbe7d7d\" data-token-time=\"1777876676\"><noscript class=\"wpforms-error-noscript\">Por favor, activa JavaScript en tu navegador para completar este formulario.<\/noscript><div id=\"wpforms-error-noscript\" style=\"display: none;\">Por favor, activa JavaScript en tu navegador para completar este formulario.<\/div><div class=\"wpforms-field-container\"><div id=\"wpforms-25544250-field_0-container\" class=\"wpforms-field wpforms-field-name\" data-field-id=\"0\"><fieldset><legend class=\"wpforms-field-label\">Nombre <span class=\"wpforms-required-label\" aria-hidden=\"true\">*<\/span><\/legend><div class=\"wpforms-field-row wpforms-field-medium\"><div class=\"wpforms-field-row-block wpforms-first wpforms-one-half\"><input type=\"text\" id=\"wpforms-25544250-field_0\" class=\"wpforms-field-name-first wpforms-field-required\" name=\"wpforms[fields][0][first]\" aria-errormessage=\"wpforms-25544250-field_0-error\" required><label for=\"wpforms-25544250-field_0\" class=\"wpforms-field-sublabel after\">Nombre<\/label><\/div><div class=\"wpforms-field-row-block wpforms-one-half\"><input type=\"text\" id=\"wpforms-25544250-field_0-last\" class=\"wpforms-field-name-last wpforms-field-required\" name=\"wpforms[fields][0][last]\" aria-errormessage=\"wpforms-25544250-field_0-last-error\" required><label for=\"wpforms-25544250-field_0-last\" class=\"wpforms-field-sublabel after\">Apellido<\/label><\/div><\/div><\/fieldset><\/div><div id=\"wpforms-25544250-field_1-container\" class=\"wpforms-field wpforms-field-email\" data-field-id=\"1\"><label class=\"wpforms-field-label\" for=\"wpforms-25544250-field_1\">correo electr\u00f3nico <span class=\"wpforms-required-label\" aria-hidden=\"true\">*<\/span><\/label><input type=\"email\" id=\"wpforms-25544250-field_1\" class=\"wpforms-field-medium wpforms-field-required\" name=\"wpforms[fields][1]\" spellcheck=\"false\" aria-errormessage=\"wpforms-25544250-field_1-error\" required><\/div><div id=\"wpforms-25544250-field_3-container\" class=\"wpforms-field wpforms-field-text\" data-field-id=\"3\"><label class=\"wpforms-field-label\" for=\"wpforms-25544250-field_3\">Asunto<\/label><input type=\"text\" id=\"wpforms-25544250-field_3\" class=\"wpforms-field-medium\" name=\"wpforms[fields][3]\" aria-errormessage=\"wpforms-25544250-field_3-error\" ><\/div><div id=\"wpforms-25544250-field_2-container\" class=\"wpforms-field wpforms-field-textarea\" data-field-id=\"2\"><label class=\"wpforms-field-label\" for=\"wpforms-25544250-field_2\">Tu mensaje <span class=\"wpforms-required-label\" aria-hidden=\"true\">*<\/span><\/label><textarea id=\"wpforms-25544250-field_2\" class=\"wpforms-field-medium wpforms-field-required\" name=\"wpforms[fields][2]\" aria-errormessage=\"wpforms-25544250-field_2-error\" required><\/textarea><\/div>\t\t<div id=\"wpforms-25544250-field_5-container\"\n\t\t\tclass=\"wpforms-field wpforms-field-text\"\n\t\t\tdata-field-type=\"text\"\n\t\t\tdata-field-id=\"5\"\n\t\t\t>\n\t\t\t<label class=\"wpforms-field-label\" for=\"wpforms-25544250-field_5\" >electr\u00f3nico E-Mail-Adresse Nombre<\/label>\n\t\t\t<input type=\"text\" id=\"wpforms-25544250-field_5\" class=\"wpforms-field-medium\" name=\"wpforms[fields][5]\" >\n\t\t<\/div>\n\t\t<div id=\"wpforms-25544250-field_4-container\" class=\"wpforms-field wpforms-field-email\" data-field-id=\"4\"><label class=\"wpforms-field-label\" for=\"wpforms-25544250-field_4\">E-Mail-Adresse <span class=\"wpforms-required-label\" aria-hidden=\"true\">*<\/span><\/label><input type=\"email\" id=\"wpforms-25544250-field_4\" class=\"wpforms-field-medium wpforms-field-required\" name=\"wpforms[fields][4]\" spellcheck=\"false\" aria-errormessage=\"wpforms-25544250-field_4-error\" required><\/div><script>\n\t\t\t\t( function() {\n\t\t\t\t\tconst style = document.createElement( 'style' );\n\t\t\t\t\tstyle.appendChild( document.createTextNode( '#wpforms-25544250-field_5-container { position: absolute !important; overflow: hidden !important; display: inline !important; height: 1px !important; width: 1px !important; z-index: -1000 !important; padding: 0 !important; } #wpforms-25544250-field_5-container input { visibility: hidden; } #wpforms-conversational-form-page #wpforms-25544250-field_5-container label { counter-increment: none; }' ) );\n\t\t\t\t\tdocument.head.appendChild( style );\n\t\t\t\t\tdocument.currentScript?.remove();\n\t\t\t\t} )();\n\t\t\t<\/script><\/div><!-- .wpforms-field-container --><div class=\"wpforms-submit-container\" ><input type=\"hidden\" name=\"wpforms[id]\" value=\"25544250\"><input type=\"hidden\" name=\"page_title\" value=\"\"><input type=\"hidden\" name=\"page_url\" value=\"https:\/\/dari-system.com\/es\/wp-json\/wp\/v2\/pages\/25545885\"><input type=\"hidden\" name=\"url_referer\" value=\"\"><button type=\"submit\" name=\"wpforms[submit]\" id=\"wpforms-submit-25544250\" class=\"wpforms-submit\" data-alt-text=\"Se enviar\u00e1 ...\" data-submit-text=\"Env\u00eda\" aria-live=\"assertive\" value=\"wpforms-submit\">Env\u00eda<\/button><img loading=\"lazy\" decoding=\"async\" src=\"https:\/\/dari-system.com\/wp-content\/plugins\/wpforms-lite\/assets\/images\/submit-spin.svg\" class=\"wpforms-submit-spinner\" style=\"display: none;\" width=\"26\" height=\"26\" alt=\"Cargando\"><\/div><\/form><\/div>  <!-- .wpforms-container -->Cerrar sesi\u00f3n<\/p>\n","protected":false},"author":1,"featured_media":0,"parent":0,"menu_order":0,"comment_status":"closed","ping_status":"closed","template":"","meta":{"_et_pb_use_builder":"on","_et_pb_old_content":"","_et_gb_content_width":"","iawp_total_views":23,"footnotes":""},"dipi_cpt_category":[],"class_list":["post-25545885","page","type-page","status-publish","hentry"],"yoast_head":"<!-- This site is optimized with the Yoast SEO plugin v27.4 - https:\/\/yoast.com\/product\/yoast-seo-wordpress\/ -->\n<title>Contacta con nosotros - DaRi System<\/title>\n<meta name=\"robots\" content=\"index, follow, max-snippet:-1, max-image-preview:large, max-video-preview:-1\" \/>\n<link rel=\"canonical\" href=\"https:\/\/dari-system.com\/es\/contacta-con-nosotros\/\" \/>\n<meta property=\"og:locale\" content=\"es_ES\" \/>\n<meta property=\"og:type\" content=\"article\" \/>\n<meta property=\"og:title\" content=\"Contacta con nosotros - DaRi System\" \/>\n<meta property=\"og:description\" content=\"Esperamos tus preguntas y sugerenciasContacta con nosotrosDaRi-Systemteile GmbHRudolf-Nebel-Str. 12 91781 Wei\u00dfenburgAlemania correo electr\u00f3nico: info@dari-system.comTel\u00e9fono: 09141 - 84 59 370Fax: 09141 - 84 59 371Si tienes alguna duda, env\u00edanos una foto de tu canal\u00f3n por correo electr\u00f3nico:info@dari-system.comO env\u00edanos un mensajeCerrar sesi\u00f3n\" \/>\n<meta property=\"og:url\" content=\"https:\/\/dari-system.com\/es\/contacta-con-nosotros\/\" \/>\n<meta property=\"og:site_name\" content=\"DaRi System\" \/>\n<meta property=\"article:modified_time\" content=\"2024-09-04T14:39:17+00:00\" \/>\n<meta name=\"twitter:card\" content=\"summary_large_image\" \/>\n<meta name=\"twitter:label1\" content=\"Tiempo de lectura\" \/>\n\t<meta name=\"twitter:data1\" content=\"3 minutos\" \/>\n<script type=\"application\/ld+json\" class=\"yoast-schema-graph\">{\"@context\":\"https:\\\/\\\/schema.org\",\"@graph\":[{\"@type\":\"WebPage\",\"@id\":\"https:\\\/\\\/dari-system.com\\\/es\\\/contacta-con-nosotros\\\/\",\"url\":\"https:\\\/\\\/dari-system.com\\\/es\\\/contacta-con-nosotros\\\/\",\"name\":\"Contacta con nosotros - DaRi System\",\"isPartOf\":{\"@id\":\"https:\\\/\\\/dari-system.com\\\/es\\\/#website\"},\"datePublished\":\"2024-05-29T12:54:59+00:00\",\"dateModified\":\"2024-09-04T14:39:17+00:00\",\"breadcrumb\":{\"@id\":\"https:\\\/\\\/dari-system.com\\\/es\\\/contacta-con-nosotros\\\/#breadcrumb\"},\"inLanguage\":\"es\",\"potentialAction\":[{\"@type\":\"ReadAction\",\"target\":[\"https:\\\/\\\/dari-system.com\\\/es\\\/contacta-con-nosotros\\\/\"]}]},{\"@type\":\"BreadcrumbList\",\"@id\":\"https:\\\/\\\/dari-system.com\\\/es\\\/contacta-con-nosotros\\\/#breadcrumb\",\"itemListElement\":[{\"@type\":\"ListItem\",\"position\":1,\"name\":\"Startseite\",\"item\":\"https:\\\/\\\/dari-system.com\\\/es\\\/\"},{\"@type\":\"ListItem\",\"position\":2,\"name\":\"Contacta con nosotros\"}]},{\"@type\":\"WebSite\",\"@id\":\"https:\\\/\\\/dari-system.com\\\/es\\\/#website\",\"url\":\"https:\\\/\\\/dari-system.com\\\/es\\\/\",\"name\":\"DaRi System\",\"description\":\"\",\"potentialAction\":[{\"@type\":\"SearchAction\",\"target\":{\"@type\":\"EntryPoint\",\"urlTemplate\":\"https:\\\/\\\/dari-system.com\\\/es\\\/?s={search_term_string}\"},\"query-input\":{\"@type\":\"PropertyValueSpecification\",\"valueRequired\":true,\"valueName\":\"search_term_string\"}}],\"inLanguage\":\"es\"}]}<\/script>\n<!-- \/ Yoast SEO plugin. -->","yoast_head_json":{"title":"Contacta con nosotros - DaRi System","robots":{"index":"index","follow":"follow","max-snippet":"max-snippet:-1","max-image-preview":"max-image-preview:large","max-video-preview":"max-video-preview:-1"},"canonical":"https:\/\/dari-system.com\/es\/contacta-con-nosotros\/","og_locale":"es_ES","og_type":"article","og_title":"Contacta con nosotros - DaRi System","og_description":"Esperamos tus preguntas y sugerenciasContacta con nosotrosDaRi-Systemteile GmbHRudolf-Nebel-Str. 12 91781 Wei\u00dfenburgAlemania correo electr\u00f3nico: info@dari-system.comTel\u00e9fono: 09141 - 84 59 370Fax: 09141 - 84 59 371Si tienes alguna duda, env\u00edanos una foto de tu canal\u00f3n por correo electr\u00f3nico:info@dari-system.comO env\u00edanos un mensajeCerrar sesi\u00f3n","og_url":"https:\/\/dari-system.com\/es\/contacta-con-nosotros\/","og_site_name":"DaRi System","article_modified_time":"2024-09-04T14:39:17+00:00","twitter_card":"summary_large_image","twitter_misc":{"Tiempo de lectura":"3 minutos"},"schema":{"@context":"https:\/\/schema.org","@graph":[{"@type":"WebPage","@id":"https:\/\/dari-system.com\/es\/contacta-con-nosotros\/","url":"https:\/\/dari-system.com\/es\/contacta-con-nosotros\/","name":"Contacta con nosotros - DaRi System","isPartOf":{"@id":"https:\/\/dari-system.com\/es\/#website"},"datePublished":"2024-05-29T12:54:59+00:00","dateModified":"2024-09-04T14:39:17+00:00","breadcrumb":{"@id":"https:\/\/dari-system.com\/es\/contacta-con-nosotros\/#breadcrumb"},"inLanguage":"es","potentialAction":[{"@type":"ReadAction","target":["https:\/\/dari-system.com\/es\/contacta-con-nosotros\/"]}]},{"@type":"BreadcrumbList","@id":"https:\/\/dari-system.com\/es\/contacta-con-nosotros\/#breadcrumb","itemListElement":[{"@type":"ListItem","position":1,"name":"Startseite","item":"https:\/\/dari-system.com\/es\/"},{"@type":"ListItem","position":2,"name":"Contacta con nosotros"}]},{"@type":"WebSite","@id":"https:\/\/dari-system.com\/es\/#website","url":"https:\/\/dari-system.com\/es\/","name":"DaRi System","description":"","potentialAction":[{"@type":"SearchAction","target":{"@type":"EntryPoint","urlTemplate":"https:\/\/dari-system.com\/es\/?s={search_term_string}"},"query-input":{"@type":"PropertyValueSpecification","valueRequired":true,"valueName":"search_term_string"}}],"inLanguage":"es"}]}},"_links":{"self":[{"href":"https:\/\/dari-system.com\/es\/wp-json\/wp\/v2\/pages\/25545885","targetHints":{"allow":["GET"]}}],"collection":[{"href":"https:\/\/dari-system.com\/es\/wp-json\/wp\/v2\/pages"}],"about":[{"href":"https:\/\/dari-system.com\/es\/wp-json\/wp\/v2\/types\/page"}],"author":[{"embeddable":true,"href":"https:\/\/dari-system.com\/es\/wp-json\/wp\/v2\/users\/1"}],"replies":[{"embeddable":true,"href":"https:\/\/dari-system.com\/es\/wp-json\/wp\/v2\/comments?post=25545885"}],"version-history":[{"count":13,"href":"https:\/\/dari-system.com\/es\/wp-json\/wp\/v2\/pages\/25545885\/revisions"}],"predecessor-version":[{"id":25549590,"href":"https:\/\/dari-system.com\/es\/wp-json\/wp\/v2\/pages\/25545885\/revisions\/25549590"}],"wp:attachment":[{"href":"https:\/\/dari-system.com\/es\/wp-json\/wp\/v2\/media?parent=25545885"}],"wp:term":[{"taxonomy":"dipi_cpt_category","embeddable":true,"href":"https:\/\/dari-system.com\/es\/wp-json\/wp\/v2\/dipi_cpt_category?post=25545885"}],"curies":[{"name":"wp","href":"https:\/\/api.w.org\/{rel}","templated":true}]}}