{"id":25545875,"date":"2024-05-23T13:32:49","date_gmt":"2024-05-23T13:32:49","guid":{"rendered":"https:\/\/dari-system.com\/gtc\/"},"modified":"2024-08-01T17:09:56","modified_gmt":"2024-08-01T17:09:56","slug":"gtc","status":"publish","type":"page","link":"https:\/\/dari-system.com\/es\/gtc\/","title":{"rendered":"GTC"},"content":{"rendered":"<p>[et_pb_section fb_built=\u00bb1&#8243; fullwidth=\u00bbon\u00bb _builder_version=\u00bb4.25.0&#8243; _module_preset=\u00bbdefault\u00bb bottom_divider_color=\u00bb#FFFFFF\u00bb bottom_divider_height=\u00bb82px\u00bb bottom_divider_flip=\u00bbhorizontal\u00bb locked=\u00bboff\u00bb global_colors_info=\u00bb{}\u00bb theme_builder_area=\u00bbpost_content\u00bb][et_pb_fullwidth_header title=\u00bbCondiciones generales\u00bb _builder_version=\u00bb4.25.0&#8243; _module_preset=\u00bbdefault\u00bb title_font=\u00bb|800|||||||\u00bb title_font_size=\u00bb45px\u00bb background_image=\u00bbhttps:\/\/dari-system.com\/wp-content\/uploads\/2024\/05\/header_background.webp\u00bb background_position=\u00bbbottom_center\u00bb custom_padding=\u00bb8vh||8vh||true|false\u00bb hover_enabled=\u00bb0&#8243; title_font_size_tablet=\u00bb45px\u00bb title_font_size_phone=\u00bb29px\u00bb title_font_size_last_edited=\u00bbon|phone\u00bb content_font_size_tablet=\u00bb\u00bb content_font_size_phone=\u00bb17px\u00bb content_font_size_last_edited=\u00bbon|phone\u00bb global_colors_info=\u00bb{}\u00bb theme_builder_area=\u00bbpost_content\u00bb sticky_enabled=\u00bb0&#8243;][\/et_pb_fullwidth_header][\/et_pb_section][et_pb_section fb_built=\u00bb1&#8243; theme_builder_area=\u00bbpost_content\u00bb _builder_version=\u00bb4.25.0&#8243; _module_preset=\u00bbdefault\u00bb][et_pb_row _builder_version=\u00bb4.25.0&#8243; _module_preset=\u00bbdefault\u00bb theme_builder_area=\u00bbpost_content\u00bb][et_pb_column _builder_version=\u00bb4.25.0&#8243; _module_preset=\u00bbdefault\u00bb type=\u00bb4_4&#8243; theme_builder_area=\u00bbpost_content\u00bb][et_pb_text _builder_version=\u00bb4.25.0&#8243; _module_preset=\u00bbdefault\u00bb theme_builder_area=\u00bbpost_content\u00bb hover_enabled=\u00bb0&#8243; sticky_enabled=\u00bb0&#8243;]<\/p>\n<h2>GTC<\/h2>\n<p>\u00a7 <strong>1 \u00c1mbito de aplicaci\u00f3n y cl\u00e1usula de defensa<\/strong> (1) Las siguientes Condiciones Generales en su versi\u00f3n vigente en el momento del pedido se aplicar\u00e1n exclusivamente a las relaciones jur\u00eddicas entre el operador de la tienda (en adelante \u00abProveedor\u00bb) y sus clientes establecidas a trav\u00e9s de esta tienda en Internet. (2) Las Condiciones Generales divergentes del cliente s\u00f3lo formar\u00e1n parte del contrato si el Proveedor acepta expresamente su validez.<\/p>\n<p>\u00a7 <strong>2 Celebraci\u00f3n<\/strong> del contrato (1) La presentaci\u00f3n de la mercanc\u00eda en la tienda de Internet no constituye una oferta vinculante por parte del proveedor para celebrar un contrato de compra.<br \/>\nSimplemente se solicita al cliente que presente una oferta mediante la realizaci\u00f3n de un pedido. <br \/>(2) Al enviar el pedido en la tienda de Internet, el cliente presenta una oferta vinculante para celebrar un contrato de compra de los bienes contenidos en la cesta de la compra.<br \/>\nAl enviar el pedido, el cliente tambi\u00e9n reconoce estos t\u00e9rminos y condiciones como los \u00fanicos aplicables a la relaci\u00f3n jur\u00eddica con el proveedor. <br \/>(3) El proveedor confirma la recepci\u00f3n del pedido del cliente enviando un correo electr\u00f3nico de confirmaci\u00f3n.<br \/>\nEsta confirmaci\u00f3n del pedido no constituye una aceptaci\u00f3n de la oferta contractual por parte del proveedor.<br \/>\nSimplemente sirve para informar al cliente de que el proveedor ha recibido el pedido.<br \/>\nEl contrato de compra s\u00f3lo se perfecciona cuando el proveedor emite una declaraci\u00f3n de aceptaci\u00f3n, ya sea mediante una declaraci\u00f3n expresa o mediante la entrega de la mercanc\u00eda.   <\/p>\n<p>\u00a7 <strong>3 Reserva de<\/strong> propiedad La mercanc\u00eda entregada seguir\u00e1 siendo propiedad del proveedor hasta que se haya efectuado el pago completo.<\/p>\n<p>\u00a7 4 Fecha de vencimiento <strong> El pago del precio de compra vence con la celebraci\u00f3n del contrato.<\/strong><\/p>\n<p>\u00a7 <strong>5 Garant\u00eda<\/strong> (1) Los derechos de garant\u00eda del cliente se rigen por las disposiciones legales generales, a menos que se especifique lo contrario a continuaci\u00f3n.<br \/>\nLa disposici\u00f3n del \u00a7 6 de estas CGC se aplicar\u00e1 a las reclamaciones por da\u00f1os y perjuicios del cliente contra el proveedor. <br \/>(2) Los derechos de garant\u00eda difieren en funci\u00f3n de si el cliente es un consumidor o no.<br \/>\nUn consumidor es cualquier persona f\u00edsica que celebre un negocio jur\u00eddico con una finalidad que no pueda atribuirse a su actividad comercial o profesional independiente. <br \/>(3) El plazo de prescripci\u00f3n de las reclamaciones de garant\u00eda del cliente es de 2 a\u00f1os para los art\u00edculos de nueva fabricaci\u00f3n para consumidores.<br \/>\nPara los empresarios, el plazo de prescripci\u00f3n es de 2 a\u00f1os para los art\u00edculos de nueva fabricaci\u00f3n y de 2 a\u00f1os para los art\u00edculos usados. <br \/>(4) El proveedor no declara una garant\u00eda.<\/p>\n<p>\u00a7 <strong>6 Exclusi\u00f3n<\/strong> de responsabilidad (1) Quedan excluidas las reclamaciones por da\u00f1os y perjuicios por parte del cliente, a menos que se especifique lo contrario a continuaci\u00f3n.<br \/>\nLa exclusi\u00f3n de responsabilidad anterior tambi\u00e9n se aplica a favor de los representantes legales y auxiliares ejecutivos del proveedor, en la medida en que el cliente haga valer reclamaciones contra ellos. <br \/>(2) Quedan excluidas de la exclusi\u00f3n de responsabilidad estipulada en la Secci\u00f3n 1 las reclamaciones por da\u00f1os debidos a lesiones contra la vida, la integridad f\u00edsica o la salud y las reclamaciones por da\u00f1os derivados del incumplimiento de obligaciones contractuales esenciales.<br \/>\nLas obligaciones contractuales esenciales son aquellas cuyo cumplimiento es necesario para alcanzar el objetivo del contrato, por ejemplo, el proveedor debe entregar el art\u00edculo al cliente libre de defectos materiales y defectos de titularidad y procurar la propiedad del mismo.<br \/>\nTambi\u00e9n se excluye de la exclusi\u00f3n de responsabilidad la responsabilidad por da\u00f1os resultantes de un incumplimiento intencionado o por negligencia grave del deber por parte del proveedor, sus representantes legales o auxiliares ejecutivos.  <br \/>(3) Las disposiciones de la Ley Alemana de Responsabilidad por Productos Defectuosos (ProdHaftG) no se ver\u00e1n afectadas.<\/p>\n<p>\u00a7 <strong>7 Elecci\u00f3n de la ley y lugar de jurisdicci\u00f3n<\/strong> (1) La ley de la Rep\u00fablica Federal de Alemania se aplicar\u00e1 a la relaci\u00f3n contractual entre el proveedor y el cliente.<br \/>\nQuedan excluidas de esta elecci\u00f3n de ley las normas obligatorias de protecci\u00f3n del consumidor del pa\u00eds en el que el cliente tenga su residencia habitual.<br \/>\nQueda excluida la aplicaci\u00f3n de la Convenci\u00f3n de las Naciones Unidas sobre los Contratos de Compraventa Internacional de Mercader\u00edas.  <br \/>(2) El fuero competente para todos los litigios derivados de la relaci\u00f3n contractual entre el cliente y el proveedor es el domicilio social del proveedor, siempre que el cliente sea un comerciante, una persona jur\u00eddica de derecho p\u00fablico o un patrimonio especial de derecho p\u00fablico.<\/p>\n<p>\u00a7 <strong>8 Cl\u00e1usula de salvedad<\/strong> (1) Estas Condiciones Generales contienen todos los derechos y obligaciones de las partes contratantes. (2) El idioma contractual es el alem\u00e1n. (3) Si una o varias disposiciones de estas Condiciones Generales fueran o devinieran inv\u00e1lidas o contuvieran una laguna, las partes contratantes se comprometen a entablar negociaciones con el fin de sustituir o completar la disposici\u00f3n inv\u00e1lida o incompleta con un acuerdo individual adecuado que corresponda en la medida de lo posible a la finalidad econ\u00f3mica de la disposici\u00f3n prevista.<br \/>\nLa validez de las disposiciones restantes no se ver\u00e1 afectada. <\/p>\n<p>[\/et_pb_text][\/et_pb_column][\/et_pb_row][\/et_pb_section]<\/p>\n","protected":false},"excerpt":{"rendered":"<p>GTC \u00a7 1 \u00c1mbito de aplicaci\u00f3n y cl\u00e1usula de defensa (1) Las siguientes Condiciones Generales en su versi\u00f3n vigente en el momento del pedido se aplicar\u00e1n exclusivamente a las relaciones jur\u00eddicas entre el operador de la tienda (en adelante \u00abProveedor\u00bb) y sus clientes establecidas a trav\u00e9s de esta tienda en Internet. (2) Las Condiciones Generales [&hellip;]<\/p>\n","protected":false},"author":1,"featured_media":0,"parent":0,"menu_order":0,"comment_status":"closed","ping_status":"closed","template":"","meta":{"_et_pb_use_builder":"on","_et_pb_old_content":"","_et_gb_content_width":"","iawp_total_views":0,"footnotes":""},"dipi_cpt_category":[],"class_list":["post-25545875","page","type-page","status-publish","hentry"],"yoast_head":"<!-- This site is optimized with the Yoast SEO plugin v27.2 - https:\/\/yoast.com\/product\/yoast-seo-wordpress\/ -->\n<title>GTC - DaRi System<\/title>\n<meta name=\"robots\" content=\"index, follow, max-snippet:-1, max-image-preview:large, max-video-preview:-1\" \/>\n<link rel=\"canonical\" href=\"https:\/\/dari-system.com\/es\/gtc\/\" \/>\n<meta property=\"og:locale\" content=\"es_ES\" \/>\n<meta property=\"og:type\" content=\"article\" \/>\n<meta property=\"og:title\" content=\"GTC - DaRi System\" \/>\n<meta property=\"og:description\" content=\"GTC \u00a7 1 \u00c1mbito de aplicaci\u00f3n y cl\u00e1usula de defensa (1) Las siguientes Condiciones Generales en su versi\u00f3n vigente en el momento del pedido se aplicar\u00e1n exclusivamente a las relaciones jur\u00eddicas entre el operador de la tienda (en adelante &quot;Proveedor&quot;) y sus clientes establecidas a trav\u00e9s de esta tienda en Internet. (2) Las Condiciones Generales [&hellip;]\" \/>\n<meta property=\"og:url\" content=\"https:\/\/dari-system.com\/es\/gtc\/\" \/>\n<meta property=\"og:site_name\" content=\"DaRi System\" \/>\n<meta property=\"article:modified_time\" content=\"2024-08-01T17:09:56+00:00\" \/>\n<meta name=\"twitter:card\" content=\"summary_large_image\" \/>\n<meta name=\"twitter:label1\" content=\"Tiempo de lectura\" \/>\n\t<meta name=\"twitter:data1\" content=\"5 minutos\" \/>\n<script type=\"application\/ld+json\" class=\"yoast-schema-graph\">{\"@context\":\"https:\/\/schema.org\",\"@graph\":[{\"@type\":\"WebPage\",\"@id\":\"https:\/\/dari-system.com\/es\/gtc\/\",\"url\":\"https:\/\/dari-system.com\/es\/gtc\/\",\"name\":\"GTC - DaRi System\",\"isPartOf\":{\"@id\":\"https:\/\/dari-system.com\/es\/#website\"},\"datePublished\":\"2024-05-23T13:32:49+00:00\",\"dateModified\":\"2024-08-01T17:09:56+00:00\",\"breadcrumb\":{\"@id\":\"https:\/\/dari-system.com\/es\/gtc\/#breadcrumb\"},\"inLanguage\":\"es\",\"potentialAction\":[{\"@type\":\"ReadAction\",\"target\":[\"https:\/\/dari-system.com\/es\/gtc\/\"]}]},{\"@type\":\"BreadcrumbList\",\"@id\":\"https:\/\/dari-system.com\/es\/gtc\/#breadcrumb\",\"itemListElement\":[{\"@type\":\"ListItem\",\"position\":1,\"name\":\"Startseite\",\"item\":\"https:\/\/dari-system.com\/es\/\"},{\"@type\":\"ListItem\",\"position\":2,\"name\":\"GTC\"}]},{\"@type\":\"WebSite\",\"@id\":\"https:\/\/dari-system.com\/es\/#website\",\"url\":\"https:\/\/dari-system.com\/es\/\",\"name\":\"DaRi System\",\"description\":\"\",\"potentialAction\":[{\"@type\":\"SearchAction\",\"target\":{\"@type\":\"EntryPoint\",\"urlTemplate\":\"https:\/\/dari-system.com\/es\/?s={search_term_string}\"},\"query-input\":{\"@type\":\"PropertyValueSpecification\",\"valueRequired\":true,\"valueName\":\"search_term_string\"}}],\"inLanguage\":\"es\"}]}<\/script>\n<!-- \/ Yoast SEO plugin. -->","yoast_head_json":{"title":"GTC - DaRi System","robots":{"index":"index","follow":"follow","max-snippet":"max-snippet:-1","max-image-preview":"max-image-preview:large","max-video-preview":"max-video-preview:-1"},"canonical":"https:\/\/dari-system.com\/es\/gtc\/","og_locale":"es_ES","og_type":"article","og_title":"GTC - DaRi System","og_description":"GTC \u00a7 1 \u00c1mbito de aplicaci\u00f3n y cl\u00e1usula de defensa (1) Las siguientes Condiciones Generales en su versi\u00f3n vigente en el momento del pedido se aplicar\u00e1n exclusivamente a las relaciones jur\u00eddicas entre el operador de la tienda (en adelante \"Proveedor\") y sus clientes establecidas a trav\u00e9s de esta tienda en Internet. (2) Las Condiciones Generales [&hellip;]","og_url":"https:\/\/dari-system.com\/es\/gtc\/","og_site_name":"DaRi System","article_modified_time":"2024-08-01T17:09:56+00:00","twitter_card":"summary_large_image","twitter_misc":{"Tiempo de lectura":"5 minutos"},"schema":{"@context":"https:\/\/schema.org","@graph":[{"@type":"WebPage","@id":"https:\/\/dari-system.com\/es\/gtc\/","url":"https:\/\/dari-system.com\/es\/gtc\/","name":"GTC - DaRi System","isPartOf":{"@id":"https:\/\/dari-system.com\/es\/#website"},"datePublished":"2024-05-23T13:32:49+00:00","dateModified":"2024-08-01T17:09:56+00:00","breadcrumb":{"@id":"https:\/\/dari-system.com\/es\/gtc\/#breadcrumb"},"inLanguage":"es","potentialAction":[{"@type":"ReadAction","target":["https:\/\/dari-system.com\/es\/gtc\/"]}]},{"@type":"BreadcrumbList","@id":"https:\/\/dari-system.com\/es\/gtc\/#breadcrumb","itemListElement":[{"@type":"ListItem","position":1,"name":"Startseite","item":"https:\/\/dari-system.com\/es\/"},{"@type":"ListItem","position":2,"name":"GTC"}]},{"@type":"WebSite","@id":"https:\/\/dari-system.com\/es\/#website","url":"https:\/\/dari-system.com\/es\/","name":"DaRi System","description":"","potentialAction":[{"@type":"SearchAction","target":{"@type":"EntryPoint","urlTemplate":"https:\/\/dari-system.com\/es\/?s={search_term_string}"},"query-input":{"@type":"PropertyValueSpecification","valueRequired":true,"valueName":"search_term_string"}}],"inLanguage":"es"}]}},"_links":{"self":[{"href":"https:\/\/dari-system.com\/es\/wp-json\/wp\/v2\/pages\/25545875","targetHints":{"allow":["GET"]}}],"collection":[{"href":"https:\/\/dari-system.com\/es\/wp-json\/wp\/v2\/pages"}],"about":[{"href":"https:\/\/dari-system.com\/es\/wp-json\/wp\/v2\/types\/page"}],"author":[{"embeddable":true,"href":"https:\/\/dari-system.com\/es\/wp-json\/wp\/v2\/users\/1"}],"replies":[{"embeddable":true,"href":"https:\/\/dari-system.com\/es\/wp-json\/wp\/v2\/comments?post=25545875"}],"version-history":[{"count":2,"href":"https:\/\/dari-system.com\/es\/wp-json\/wp\/v2\/pages\/25545875\/revisions"}],"predecessor-version":[{"id":25545878,"href":"https:\/\/dari-system.com\/es\/wp-json\/wp\/v2\/pages\/25545875\/revisions\/25545878"}],"wp:attachment":[{"href":"https:\/\/dari-system.com\/es\/wp-json\/wp\/v2\/media?parent=25545875"}],"wp:term":[{"taxonomy":"dipi_cpt_category","embeddable":true,"href":"https:\/\/dari-system.com\/es\/wp-json\/wp\/v2\/dipi_cpt_category?post=25545875"}],"curies":[{"name":"wp","href":"https:\/\/api.w.org\/{rel}","templated":true}]}}