{"id":25545873,"date":"2024-05-28T19:38:30","date_gmt":"2024-05-28T19:38:30","guid":{"rendered":"https:\/\/dari-system.com\/sistema-dari-d3\/"},"modified":"2024-08-06T15:09:00","modified_gmt":"2024-08-06T15:09:00","slug":"sistema-dari-d3","status":"publish","type":"page","link":"https:\/\/dari-system.com\/es\/sistema-dari-d3\/","title":{"rendered":"Sistema DaRi D3"},"content":{"rendered":"<p>[et_pb_section fb_built=\u00bb1&#8243; admin_label=\u00bbTBVS &#8211; Light &#8211; Content 5&#8243; _builder_version=\u00bb4.25.0&#8243; _module_preset=\u00bb773cbfc0-e6bc-474b-b613-dad4bc024acd\u00bb global_colors_info=\u00bb{}\u00bb][et_pb_row column_structure=\u00bb2_5,3_5&#8243; make_equal=\u00bbon\u00bb _builder_version=\u00bb4.25.0&#8243; _module_preset=\u00bbdefault\u00bb global_colors_info=\u00bb{}\u00bb][et_pb_column type=\u00bb2_5&#8243; _builder_version=\u00bb4.16&#8243; _module_preset=\u00bbdefault\u00bb global_colors_info=\u00bb{}\u00bb][et_pb_image src=\u00bbhttps:\/\/dari-system.com\/wp-content\/uploads\/2024\/05\/dari_d3_montiert.webp\u00bb alt=\u00bbSistema DaRi D3 montado\u00bb title_text=\u00bbdari_d3_ensamblado\u00bb show_in_lightbox=\u00bbon\u00bb _builder_version=\u00bb4.25.0&#8243; _module_preset=\u00bbdefault\u00bb border_radii=\u00bbon|44px|44px|44px|44px\u00bb global_colors_info=\u00bb{}\u00bb][\/et_pb_image][\/et_pb_column][et_pb_column type=\u00bb3_5&#8243; _builder_version=\u00bb4.25.0&#8243; _module_preset=\u00bbdefault\u00bb custom_padding_tablet=\u00bb||30px||false|false\u00bb custom_padding_phone=\u00bb\u00bb custom_padding_last_edited=\u00bbon|tablet\u00bb custom_css_main_element=\u00bbmargin: auto;\u00bb global_colors_info=\u00bb{}\u00bb][et_pb_text _builder_version=\u00bb4.25.0&#8243; _module_preset=\u00bbc68383f9-009f-4682-a0ef-f1cc616ecd44&#8243; width=\u00bb99.1%\u00bb global_colors_info=\u00bb{}\u00bb]<\/p>\n<h1>Sistema DaRi D3<\/h1>\n<p>[\/et_pb_text][et_pb_text _builder_version=\u00bb4.25.0&#8243; _module_preset=\u00bbdefault\u00bb header_3_text_color=\u00bb#FFFFFF\u00bb header_3_line_height=\u00bb1.1em\u00bb background_layout=\u00bbdark\u00bb custom_margin=\u00bb||5px||false|false\u00bb header_3_text_color_tablet=\u00bb\u00bb header_3_text_color_phone=\u00bb\u00bb header_3_text_color_last_edited=\u00bbon|desktop\u00bb global_colors_info=\u00bb{}\u00bb]<\/p>\n<h3>Especialmente para canalones<\/h3>\n<p>[\/et_pb_text][\/et_pb_column][\/et_pb_row][\/et_pb_section][et_pb_section fb_built=\u00bb1&#8243; _builder_version=\u00bb4.25.0&#8243; _module_preset=\u00bbdefault\u00bb global_colors_info=\u00bb{}\u00bb][et_pb_row column_structure=\u00bb1_2,1_2&#8243; _builder_version=\u00bb4.25.0&#8243; _module_preset=\u00bbdefault\u00bb custom_padding=\u00bb0px||0px||false|false\u00bb global_colors_info=\u00bb{}\u00bb][et_pb_column type=\u00bb1_2&#8243; _builder_version=\u00bb4.25.0&#8243; _module_preset=\u00bbdefault\u00bb custom_css_main_element=\u00bbmargin: auto;\u00bb border_color_right=\u00bb#4C76A9&#8243; global_colors_info=\u00bb{}\u00bb][et_pb_text _builder_version=\u00bb4.27.0&#8243; _module_preset=\u00bbdefault\u00bb hover_enabled=\u00bb0&#8243; global_colors_info=\u00bb{}\u00bb sticky_enabled=\u00bb0&#8243;]<\/p>\n<p>El DaRi-System 3 es un sistema de protecci\u00f3n de canalones que se puede utilizar para muchos tama\u00f1os diferentes de canal\u00f3n de caja.<br \/>Siempre se unen dos partes -opuestas entre s\u00ed- con tacos.<br \/>El Sistema DaRi 3 mide 76 cm de largo.<br \/>Dependiendo de cu\u00e1nto se solapen las dos partes, el Sistema DaRi 3 puede adaptarse a diferentes anchuras de canal\u00f3n.<br \/>Acortando la altura a lo largo de las ranuras de corte de la parte posterior, el Sistema DaRi 3 tambi\u00e9n puede adaptarse a diferentes alturas de canal\u00f3n.<br \/>El DaRi-System 3 no necesita <span>ganchos de fijaci\u00f3n<\/span>.<br \/>Las piezas se separan tras el montaje y se sujetan firmemente al canal\u00f3n.<\/p>\n<p>[\/et_pb_text][\/et_pb_column][et_pb_column type=\u00bb1_2&#8243; _builder_version=\u00bb4.25.0&#8243; _module_preset=\u00bbdefault\u00bb global_colors_info=\u00bb{}\u00bb][et_pb_text _builder_version=\u00bb4.25.0&#8243; _module_preset=\u00bbdefault\u00bb background_color=\u00bb#F5B177&#8243; custom_margin=\u00bb0px|0px|0px|0px|false|false\u00bb custom_margin_tablet=\u00bb0px|0px|0px|0px|false|false\u00bb custom_margin_phone=\u00bb66px|0px|0px|0px|false|false\u00bb custom_margin_last_edited=\u00bbon|phone\u00bb custom_padding=\u00bb17px|23px|17px|23px|true|true\u00bb border_radii=\u00bboff|20px|20px||\u00bb global_colors_info=\u00bb{}\u00bb]<\/p>\n<p>Los siguientes tama\u00f1os de canal\u00f3n de caja pueden protegerse bien con el Sistema DaRi D3:<\/p>\n<p>[\/et_pb_text][et_pb_text _builder_version=\u00bb4.25.0&#8243; _module_preset=\u00bbdefault\u00bb background_color=\u00bb#F58347&#8243; background_layout=\u00bbdark\u00bb custom_margin=\u00bb0px|0px|0px|0px|false|false\u00bb custom_padding=\u00bb17px|23px|17px|23px|true|true\u00bb border_radii=\u00bboff|||20px|20px\u00bb global_colors_info=\u00bb{}\u00bb]<\/p>\n<p>A<span style=\"text-decoration: underline;\">nchura<\/span>: de 4,8 cm a 12 cm<span style=\"text-decoration: underline;\">Profundidad<\/span>: de 3,5 cm a 7,5 cm<\/p>\n<p>[\/et_pb_text][et_pb_image src=\u00bbhttps:\/\/dari-system.com\/wp-content\/uploads\/2024\/05\/einbausituation_d3.webp\u00bb alt=\u00bbSituaci\u00f3n de la instalaci\u00f3n del Sistema DaRi D3&#8243; title_text=\u00bbsituaci\u00f3n_de_instalaci\u00f3n_d3&#8243; align=\u00bbcenter\u00bb _builder_version=\u00bb4.25.0&#8243; _module_preset=\u00bbdefault\u00bb custom_margin=\u00bb46px||||false|false\u00bb custom_margin_tablet=\u00bb46px||||false|false\u00bb custom_margin_phone=\u00bb74px||||false|false\u00bb custom_margin_last_edited=\u00bbon|phone\u00bb global_colors_info=\u00bb{}\u00bb][\/et_pb_image][\/et_pb_column][\/et_pb_row][\/et_pb_section][et_pb_section fb_built=\u00bb1&#8243; admin_label=\u00bbProduktvergleich\u00bb module_class=\u00bbtbvs-section-light\u00bb _builder_version=\u00bb4.25.0&#8243; _module_preset=\u00bbdefault\u00bb background_color=\u00bb#cde2f2&#8243; background_enable_image=\u00bboff\u00bb parallax=\u00bbon\u00bb z_index=\u00bb5&#8243; min_height=\u00bb410.3px\u00bb custom_margin=\u00bb33px||14px||false|false\u00bb custom_padding=\u00bb46px||||false|false\u00bb top_divider_height=\u00bb72px\u00bb global_colors_info=\u00bb{}\u00bb][et_pb_row column_structure=\u00bb1_2,1_2&#8243; _builder_version=\u00bb4.25.0&#8243; _module_preset=\u00bbdefault\u00bb global_colors_info=\u00bb{}\u00bb][et_pb_column type=\u00bb1_2&#8243; _builder_version=\u00bb4.25.0&#8243; _module_preset=\u00bbdefault\u00bb background_enable_color=\u00bboff\u00bb border_color_top=\u00bb#4C76A9&#8243; global_colors_info=\u00bb{}\u00bb][et_pb_text _builder_version=\u00bb4.25.0&#8243; _module_preset=\u00bbdefault\u00bb custom_margin=\u00bb||||false|true\u00bb custom_padding=\u00bb||||false|false\u00bb header_3_text_align_tablet=\u00bb\u00bb header_3_text_align_phone=\u00bb\u00bb header_3_text_align_last_edited=\u00bbon|desktop\u00bb global_colors_info=\u00bb{}\u00bb]<\/p>\n<h3>Descubre c\u00f3mo funciona el Sistema DaRi D3 aqu\u00ed:<\/h3>\n<p>[\/et_pb_text][et_pb_code _builder_version=\u00bb4.27.0&#8243; _module_preset=\u00bbdefault\u00bb border_radii=\u00bbon|10px|10px|10px|10px\u00bb box_shadow_style=\u00bbpreset1&#8243; global_colors_info=\u00bb{}\u00bb] <\/p>\n<div class=\"brlbs-cmpnt-container brlbs-cmpnt-content-blocker brlbs-cmpnt-with-individual-styles\" data-borlabs-cookie-content-blocker-id=\"youtube-content-blocker\" data-borlabs-cookie-content=\"PGRpdiBjbGFzcz0iYnJsYnMtY21wbnQtY2ItZmx1aWQtd2lkdGgtdmlkZW8td3JhcHBlci15b3V0dWJlIj48aWZyYW1lIHNyYz0iaHR0cHM6Ly93d3cueW91dHViZS1ub2Nvb2tpZS5jb20vZW1iZWQvTG5yOWNNb01wa0E\/bW9kZXN0YnJhbmRpbmc9MSZyZWw9MCIgd2lkdGg9IjU2MCIgaGVpZ2h0PSIzMTUiIHRpdGxlPSJQcm90ZWNjacOzbiBjb250cmEgbGFzIGhvamFzIHBhcmEgY2FuYWxvbmVzIiBmcmFtZWJvcmRlcj0iMCIgYWxsb3dmdWxsc2NyZWVuPSIiPjwvaWZyYW1lPjwvZGl2Pg==\">\n<div class=\"brlbs-cmpnt-cb-preset-c brlbs-cmpnt-cb-youtube\">\n<div class=\"brlbs-cmpnt-cb-thumbnail\" style=\"background-image: url('https:\/\/dari-system.com\/wp-content\/uploads\/borlabs-cookie\/1\/yt_Lnr9cMoMpkA_hqdefault.jpg')\"><\/div>\n<div class=\"brlbs-cmpnt-cb-main\">\n<div class=\"brlbs-cmpnt-cb-play-button\"><\/div>\n<div class=\"brlbs-cmpnt-cb-content\">\n<p class=\"brlbs-cmpnt-cb-description\">Est\u00e1s viendo un contenido de marcador de posici\u00f3n de <strong>YouTube<\/strong>. Para acceder al contenido real, haz clic en el siguiente bot\u00f3n. Ten en cuenta que al hacerlo compartir\u00e1s datos con terceros proveedores.<\/p>\n<p> <a class=\"brlbs-cmpnt-cb-provider-toggle\" href=\"#\" data-borlabs-cookie-show-provider-information role=\"button\">M\u00e1s informaci\u00f3n<\/a> <\/div>\n<div class=\"brlbs-cmpnt-cb-buttons\"> <a class=\"brlbs-cmpnt-cb-btn\" href=\"#\" data-borlabs-cookie-unblock role=\"button\">Desbloquear contenido<\/a> <a class=\"brlbs-cmpnt-cb-btn\" href=\"#\" data-borlabs-cookie-accept-service role=\"button\" style=\"display: inherit\">Aceptar el servicio requerido y desbloquear los contenidos<\/a> <\/div>\n<\/p><\/div>\n<\/p><\/div>\n<\/div>\n<p>[\/et_pb_code][\/et_pb_column][et_pb_column type=\u00bb1_2&#8243; _builder_version=\u00bb4.25.0&#8243; _module_preset=\u00bbdefault\u00bb background_enable_color=\u00bboff\u00bb border_color_top=\u00bb#4C76A9&#8243; global_colors_info=\u00bb{}\u00bb][et_pb_text _builder_version=\u00bb4.25.0&#8243; _module_preset=\u00bbdefault\u00bb custom_margin=\u00bb||||false|true\u00bb custom_padding=\u00bb||||false|false\u00bb header_3_text_align_tablet=\u00bb\u00bb header_3_text_align_phone=\u00bb\u00bb header_3_text_align_last_edited=\u00bbon|desktop\u00bb global_colors_info=\u00bb{}\u00bb]<\/p>\n<h3>Y aqu\u00ed encontrar\u00e1s las instrucciones de montaje del sistema DaRi D3:<\/h3>\n<p>[\/et_pb_text][et_pb_button button_url=\u00bbhttps:\/\/dari-system.com\/es\/instrucciones-de-instalacion-dari-system-d3\/\u00bb button_text=\u00bbMontaje del sistema DaRi D3&#8243; _builder_version=\u00bb4.27.0&#8243; _module_preset=\u00bbdefault\u00bb global_colors_info=\u00bb{}\u00bb][\/et_pb_button][\/et_pb_column][\/et_pb_row][\/et_pb_section][et_pb_section fb_built=\u00bb1&#8243; _builder_version=\u00bb4.25.0&#8243; _module_preset=\u00bbdefault\u00bb global_colors_info=\u00bb{}\u00bb][et_pb_row _builder_version=\u00bb4.25.0&#8243; _module_preset=\u00bbdefault\u00bb global_colors_info=\u00bb{}\u00bb][et_pb_column type=\u00bb4_4&#8243; _builder_version=\u00bb4.25.0&#8243; _module_preset=\u00bbdefault\u00bb global_colors_info=\u00bb{}\u00bb][et_pb_text _builder_version=\u00bb4.25.0&#8243; _module_preset=\u00bbdefault\u00bb custom_margin=\u00bb||||false|true\u00bb custom_padding=\u00bb||||false|false\u00bb header_3_text_align_tablet=\u00bb\u00bb header_3_text_align_phone=\u00bb\u00bb header_3_text_align_last_edited=\u00bbon|desktop\u00bb global_colors_info=\u00bb{}\u00bb]<\/p>\n<h3 style=\"text-align: center;\">Si necesitas un sistema de protecci\u00f3n para tu canal\u00f3n, puedes pedirlo aqu\u00ed:<\/h3>\n<p>[\/et_pb_text][\/et_pb_column][\/et_pb_row][et_pb_row _builder_version=\u00bb4.25.0&#8243; _module_preset=\u00bbdefault\u00bb global_colors_info=\u00bb{}\u00bb][et_pb_column type=\u00bb4_4&#8243; _builder_version=\u00bb4.25.0&#8243; _module_preset=\u00bbdefault\u00bb global_colors_info=\u00bb{}\u00bb][et_pb_button button_url=\u00bbhttps:\/\/dari-system.com\/es\/produkt\/sistema-dari-d3\/\u00bb button_text=\u00bba la tienda\u00bb button_alignment=\u00bbcenter\u00bb _builder_version=\u00bb4.27.0&#8243; _module_preset=\u00bbdefault\u00bb global_colors_info=\u00bb{}\u00bb][\/et_pb_button][\/et_pb_column][\/et_pb_row][\/et_pb_section]<\/p>\n","protected":false},"excerpt":{"rendered":"<p>Sistema DaRi D3Especialmente para canalonesEl DaRi-System 3 es un sistema de protecci\u00f3n de canalones que se puede utilizar para muchos tama\u00f1os diferentes de canal\u00f3n de caja.Siempre se unen dos partes -opuestas entre s\u00ed- con tacos.El Sistema DaRi 3 mide 76 cm de largo.Dependiendo de cu\u00e1nto se solapen las dos partes, el Sistema DaRi 3 puede [&hellip;]<\/p>\n","protected":false},"author":1,"featured_media":0,"parent":0,"menu_order":0,"comment_status":"closed","ping_status":"closed","template":"","meta":{"_et_pb_use_builder":"on","_et_pb_old_content":"","_et_gb_content_width":"","iawp_total_views":9,"footnotes":""},"dipi_cpt_category":[],"class_list":["post-25545873","page","type-page","status-publish","hentry"],"yoast_head":"<!-- This site is optimized with the Yoast SEO plugin v27.2 - https:\/\/yoast.com\/product\/yoast-seo-wordpress\/ -->\n<title>Sistema DaRi D3 - DaRi System<\/title>\n<meta name=\"robots\" content=\"index, follow, max-snippet:-1, max-image-preview:large, max-video-preview:-1\" \/>\n<link rel=\"canonical\" href=\"https:\/\/dari-system.com\/es\/sistema-dari-d3\/\" \/>\n<meta property=\"og:locale\" content=\"es_ES\" \/>\n<meta property=\"og:type\" content=\"article\" \/>\n<meta property=\"og:title\" content=\"Sistema DaRi D3 - DaRi System\" \/>\n<meta property=\"og:description\" content=\"Sistema DaRi D3Especialmente para canalonesEl DaRi-System 3 es un sistema de protecci\u00f3n de canalones que se puede utilizar para muchos tama\u00f1os diferentes de canal\u00f3n de caja.Siempre se unen dos partes -opuestas entre s\u00ed- con tacos.El Sistema DaRi 3 mide 76 cm de largo.Dependiendo de cu\u00e1nto se solapen las dos partes, el Sistema DaRi 3 puede [&hellip;]\" \/>\n<meta property=\"og:url\" content=\"https:\/\/dari-system.com\/es\/sistema-dari-d3\/\" \/>\n<meta property=\"og:site_name\" content=\"DaRi System\" \/>\n<meta property=\"article:modified_time\" content=\"2024-08-06T15:09:00+00:00\" \/>\n<meta name=\"twitter:card\" content=\"summary_large_image\" \/>\n<meta name=\"twitter:label1\" content=\"Tiempo de lectura\" \/>\n\t<meta name=\"twitter:data1\" content=\"5 minutos\" \/>\n<script type=\"application\/ld+json\" class=\"yoast-schema-graph\">{\"@context\":\"https:\/\/schema.org\",\"@graph\":[{\"@type\":\"WebPage\",\"@id\":\"https:\/\/dari-system.com\/es\/sistema-dari-d3\/\",\"url\":\"https:\/\/dari-system.com\/es\/sistema-dari-d3\/\",\"name\":\"Sistema DaRi D3 - DaRi System\",\"isPartOf\":{\"@id\":\"https:\/\/dari-system.com\/es\/#website\"},\"datePublished\":\"2024-05-28T19:38:30+00:00\",\"dateModified\":\"2024-08-06T15:09:00+00:00\",\"breadcrumb\":{\"@id\":\"https:\/\/dari-system.com\/es\/sistema-dari-d3\/#breadcrumb\"},\"inLanguage\":\"es\",\"potentialAction\":[{\"@type\":\"ReadAction\",\"target\":[\"https:\/\/dari-system.com\/es\/sistema-dari-d3\/\"]}]},{\"@type\":\"BreadcrumbList\",\"@id\":\"https:\/\/dari-system.com\/es\/sistema-dari-d3\/#breadcrumb\",\"itemListElement\":[{\"@type\":\"ListItem\",\"position\":1,\"name\":\"Startseite\",\"item\":\"https:\/\/dari-system.com\/es\/\"},{\"@type\":\"ListItem\",\"position\":2,\"name\":\"Sistema DaRi D3\"}]},{\"@type\":\"WebSite\",\"@id\":\"https:\/\/dari-system.com\/es\/#website\",\"url\":\"https:\/\/dari-system.com\/es\/\",\"name\":\"DaRi System\",\"description\":\"\",\"potentialAction\":[{\"@type\":\"SearchAction\",\"target\":{\"@type\":\"EntryPoint\",\"urlTemplate\":\"https:\/\/dari-system.com\/es\/?s={search_term_string}\"},\"query-input\":{\"@type\":\"PropertyValueSpecification\",\"valueRequired\":true,\"valueName\":\"search_term_string\"}}],\"inLanguage\":\"es\"}]}<\/script>\n<!-- \/ Yoast SEO plugin. -->","yoast_head_json":{"title":"Sistema DaRi D3 - DaRi System","robots":{"index":"index","follow":"follow","max-snippet":"max-snippet:-1","max-image-preview":"max-image-preview:large","max-video-preview":"max-video-preview:-1"},"canonical":"https:\/\/dari-system.com\/es\/sistema-dari-d3\/","og_locale":"es_ES","og_type":"article","og_title":"Sistema DaRi D3 - DaRi System","og_description":"Sistema DaRi D3Especialmente para canalonesEl DaRi-System 3 es un sistema de protecci\u00f3n de canalones que se puede utilizar para muchos tama\u00f1os diferentes de canal\u00f3n de caja.Siempre se unen dos partes -opuestas entre s\u00ed- con tacos.El Sistema DaRi 3 mide 76 cm de largo.Dependiendo de cu\u00e1nto se solapen las dos partes, el Sistema DaRi 3 puede [&hellip;]","og_url":"https:\/\/dari-system.com\/es\/sistema-dari-d3\/","og_site_name":"DaRi System","article_modified_time":"2024-08-06T15:09:00+00:00","twitter_card":"summary_large_image","twitter_misc":{"Tiempo de lectura":"5 minutos"},"schema":{"@context":"https:\/\/schema.org","@graph":[{"@type":"WebPage","@id":"https:\/\/dari-system.com\/es\/sistema-dari-d3\/","url":"https:\/\/dari-system.com\/es\/sistema-dari-d3\/","name":"Sistema DaRi D3 - DaRi System","isPartOf":{"@id":"https:\/\/dari-system.com\/es\/#website"},"datePublished":"2024-05-28T19:38:30+00:00","dateModified":"2024-08-06T15:09:00+00:00","breadcrumb":{"@id":"https:\/\/dari-system.com\/es\/sistema-dari-d3\/#breadcrumb"},"inLanguage":"es","potentialAction":[{"@type":"ReadAction","target":["https:\/\/dari-system.com\/es\/sistema-dari-d3\/"]}]},{"@type":"BreadcrumbList","@id":"https:\/\/dari-system.com\/es\/sistema-dari-d3\/#breadcrumb","itemListElement":[{"@type":"ListItem","position":1,"name":"Startseite","item":"https:\/\/dari-system.com\/es\/"},{"@type":"ListItem","position":2,"name":"Sistema DaRi D3"}]},{"@type":"WebSite","@id":"https:\/\/dari-system.com\/es\/#website","url":"https:\/\/dari-system.com\/es\/","name":"DaRi System","description":"","potentialAction":[{"@type":"SearchAction","target":{"@type":"EntryPoint","urlTemplate":"https:\/\/dari-system.com\/es\/?s={search_term_string}"},"query-input":{"@type":"PropertyValueSpecification","valueRequired":true,"valueName":"search_term_string"}}],"inLanguage":"es"}]}},"_links":{"self":[{"href":"https:\/\/dari-system.com\/es\/wp-json\/wp\/v2\/pages\/25545873","targetHints":{"allow":["GET"]}}],"collection":[{"href":"https:\/\/dari-system.com\/es\/wp-json\/wp\/v2\/pages"}],"about":[{"href":"https:\/\/dari-system.com\/es\/wp-json\/wp\/v2\/types\/page"}],"author":[{"embeddable":true,"href":"https:\/\/dari-system.com\/es\/wp-json\/wp\/v2\/users\/1"}],"replies":[{"embeddable":true,"href":"https:\/\/dari-system.com\/es\/wp-json\/wp\/v2\/comments?post=25545873"}],"version-history":[{"count":4,"href":"https:\/\/dari-system.com\/es\/wp-json\/wp\/v2\/pages\/25545873\/revisions"}],"predecessor-version":[{"id":25546051,"href":"https:\/\/dari-system.com\/es\/wp-json\/wp\/v2\/pages\/25545873\/revisions\/25546051"}],"wp:attachment":[{"href":"https:\/\/dari-system.com\/es\/wp-json\/wp\/v2\/media?parent=25545873"}],"wp:term":[{"taxonomy":"dipi_cpt_category","embeddable":true,"href":"https:\/\/dari-system.com\/es\/wp-json\/wp\/v2\/dipi_cpt_category?post=25545873"}],"curies":[{"name":"wp","href":"https:\/\/api.w.org\/{rel}","templated":true}]}}