{"id":25545867,"date":"2024-05-23T13:32:49","date_gmt":"2024-05-23T13:32:49","guid":{"rendered":"https:\/\/dari-system.com\/pie-de-imprenta\/"},"modified":"2024-08-01T17:09:52","modified_gmt":"2024-08-01T17:09:52","slug":"pie-de-imprenta","status":"publish","type":"page","link":"https:\/\/dari-system.com\/es\/pie-de-imprenta\/","title":{"rendered":"Pie de imprenta"},"content":{"rendered":"<p>[et_pb_section fb_built=\u00bb1&#8243; fullwidth=\u00bbon\u00bb _builder_version=\u00bb4.25.0&#8243; _module_preset=\u00bbdefault\u00bb bottom_divider_color=\u00bb#FFFFFF\u00bb bottom_divider_height=\u00bb82px\u00bb bottom_divider_flip=\u00bbhorizontal\u00bb locked=\u00bboff\u00bb global_colors_info=\u00bb{}\u00bb][et_pb_fullwidth_header title=\u00bbPie de imprenta\u00bb _builder_version=\u00bb4.25.0&#8243; _module_preset=\u00bbdefault\u00bb title_font=\u00bb|800|||||||\u00bb title_font_size=\u00bb45px\u00bb background_image=\u00bbhttps:\/\/dari-system.com\/wp-content\/uploads\/2024\/05\/header_background.webp\u00bb background_position=\u00bbbottom_center\u00bb custom_padding=\u00bb8vh||8vh||true|false\u00bb title_font_size_tablet=\u00bb45px\u00bb title_font_size_phone=\u00bb29px\u00bb title_font_size_last_edited=\u00bbon|phone\u00bb content_font_size_tablet=\u00bb\u00bb content_font_size_phone=\u00bb17px\u00bb content_font_size_last_edited=\u00bbon|phone\u00bb global_colors_info=\u00bb{}\u00bb][\/et_pb_fullwidth_header][\/et_pb_section][et_pb_section fb_built=\u00bb1&#8243; _builder_version=\u00bb4.25.0&#8243; _module_preset=\u00bbdefault\u00bb global_colors_info=\u00bb{}\u00bb][et_pb_row _builder_version=\u00bb4.25.0&#8243; _module_preset=\u00bbdefault\u00bb global_colors_info=\u00bb{}\u00bb][et_pb_column type=\u00bb4_4&#8243; _builder_version=\u00bb4.25.0&#8243; _module_preset=\u00bbdefault\u00bb global_colors_info=\u00bb{}\u00bb][et_pb_text _builder_version=\u00bb4.25.0&#8243; _module_preset=\u00bbdefault\u00bb global_colors_info=\u00bb{}\u00bb]<\/p>\n<h2>Informaci\u00f3n seg\u00fan \u00a7 5 TMG:<\/h2>\n<p>D<strong>aRi-Systemteile GmbH<\/strong> Rudolf-Nebel-Str.<\/p>\n<p>12 91781 Wei\u00dfenburg Representada por: Director General Dr. Eckhard Jentsch Registro mercantil: Juzgado municipal de Ansbach, HRB 4930 CIF: DE272707154 <\/p>\n<p>Tel\u00e9fono de <strong>contacto<\/strong>: 09141 &#8211; 845 937 0 Fax: 09141 &#8211; 845 937 1 E-mail:<a href=\"mailto:info@dari-system.com\">&#8216;info@dari-system.com&#8217;<\/a><\/p>\n<p><strong>Responsable del contenido seg\u00fan \u00a7 55 Abs.<br \/>\n2 RStV: <\/strong><\/p>\n<p>Dr. Eckhard Jentsch Direcci\u00f3n arriba indicada<\/p>\n<p>Referencia a la resoluci\u00f3n de litigios de la UE: La Comisi\u00f3n Europea ofrece una plataforma para la resoluci\u00f3n de litigios en l\u00ednea (OS):<\/p>\n<p><a href=\"http:\/\/ec.europa.eu\/consumer\/odr\">http:\/\/ec.europa.eu\/consumer\/odr<\/a><\/p>\n<p>Nuestra empresa participa en el programa de resoluci\u00f3n de litigios de la UE.<br \/>\nNuestra direcci\u00f3n de correo electr\u00f3nico para la plataforma de resoluci\u00f3n de litigios en l\u00ednea es:<a href=\"mailto:info@dari-system.com\">&#8216;info@dari-system.com&#8217;<\/a> <\/p>\n<p><em>Fuente: creado con el <a href=\"http:\/\/www.e-recht24.de\/news\/ecommerce\/6048-impressum-gmbh.html\">generador de huellas Gesellschaft mit beschr\u00e4nkter Haftung (GmbH)<\/a> de eRecht24.<\/em><\/p>\n<p><strong>Descargo de responsabilidad:<\/strong><\/p>\n<p>R<strong>esponsabilidad por el contenido<\/strong> El contenido de nuestro sitio web ha sido creado con el m\u00e1ximo cuidado.<br \/>\nSin embargo, no podemos aceptar ninguna responsabilidad por la exactitud, integridad y actualidad del contenido.<br \/>\nComo proveedor de servicios, somos responsables seg\u00fan el \u00a7 7 Abs.1<br \/>\nTMG, somos responsables de nuestro propio contenido en estas p\u00e1ginas de acuerdo con las leyes generales.<br \/>\nSin embargo, seg\u00fan los \u00a7\u00a7 8 a 10 de la TMG, como proveedores de servicios no estamos obligados a controlar la informaci\u00f3n ajena transmitida o almacenada ni a investigar circunstancias que indiquen una actividad ilegal.<br \/>\nEsto no afecta a las obligaciones de eliminar o bloquear el uso de informaci\u00f3n de acuerdo con la legislaci\u00f3n general.<br \/>\nSin embargo, la responsabilidad a este respecto s\u00f3lo es posible a partir del momento en que se tiene conocimiento de una infracci\u00f3n concreta.<br \/>\nTan pronto como tengamos conocimiento de tales infracciones, eliminaremos este contenido inmediatamente.       <\/p>\n<p>R<strong>esponsabilidad por enlaces<\/strong> Nuestro sitio web contiene enlaces a sitios web externos de terceros sobre cuyo contenido no tenemos ninguna influencia.<br \/>\nPor lo tanto, no podemos aceptar ninguna responsabilidad por este contenido de terceros.<br \/>\nEl respectivo proveedor u operador de las p\u00e1ginas es siempre responsable del contenido de las p\u00e1ginas enlazadas.<br \/>\nLas p\u00e1ginas enlazadas se comprobaron en el momento de enlazarlas para detectar posibles infracciones legales.<br \/>\nNo se reconocieron contenidos ilegales en el momento de establecer el enlace.<br \/>\nSin embargo, la supervisi\u00f3n permanente del contenido de las p\u00e1ginas enlazadas no es razonable sin pruebas concretas de una infracci\u00f3n.<br \/>\nSi tenemos conocimiento de alguna infracci\u00f3n legal, eliminaremos dichos enlaces inmediatamente.      <\/p>\n<p>D<strong>erechos de autor<\/strong> El contenido y las obras creadas por los operadores del sitio en estas p\u00e1ginas est\u00e1n sujetos a la ley alemana de derechos de autor.<br \/>\nLa reproducci\u00f3n, edici\u00f3n, distribuci\u00f3n y cualquier tipo de utilizaci\u00f3n fuera de los l\u00edmites de la ley de derechos de autor requieren el consentimiento por escrito del respectivo autor o creador.<br \/>\nLas descargas y copias de este sitio s\u00f3lo est\u00e1n permitidas para uso privado y no comercial.<br \/>\nEn la medida en que el contenido de este sitio no haya sido creado por el operador, se respetan los derechos de autor de terceros.<br \/>\nEn particular, el contenido de terceros est\u00e1 etiquetado como tal.<br \/>\nNo obstante, si tuvieras conocimiento de una infracci\u00f3n de los derechos de autor, te rogamos que nos lo comuniques.<br \/>\nSi tenemos conocimiento de alguna infracci\u00f3n, eliminaremos dicho contenido inmediatamente.      <\/p>\n<p>P<strong>rotecci\u00f3n de<\/strong> datos En general, es posible utilizar nuestro sitio web sin proporcionar datos personales.<br \/>\nEn la medida en que en nuestro sitio web se recaben datos personales (por ejemplo, nombre, direcci\u00f3n o direcciones de correo electr\u00f3nico), se har\u00e1 siempre de forma voluntaria, en la medida de lo posible.<br \/>\n<br \/>Estos datos no se transmitir\u00e1n a terceros sin tu consentimiento expreso. Nos gustar\u00eda se\u00f1alar que la transmisi\u00f3n de datos a trav\u00e9s de Internet (por ejemplo, al comunicarse por correo electr\u00f3nico) puede estar sujeta a vulnerabilidades de seguridad.<br \/>\n<br \/>No es posible una protecci\u00f3n completa de los datos contra el acceso de terceros. Por la presente, prohibimos expresamente el uso de los datos de contacto publicados como parte de nuestro deber de proporcionar un aviso legal con el fin de enviar publicidad y material informativo no solicitados.<br \/>\nLos operadores de este sitio web se reservan expresamente el derecho a emprender acciones legales en caso de env\u00edo no solicitado de informaci\u00f3n publicitaria, como correos electr\u00f3nicos basura.    <br \/><em>Fuente: <a href=\"http:\/\/www.e-recht24.de\/muster-disclaimer.htm\">Descargo de responsabilidad<\/a> de eRecht24, el portal de derecho de Internet del <a href=\"http:\/\/www.e-recht24.de\/\">abogado<\/a> S\u00f6ren Siebert.<\/em><\/p>\n<p>[\/et_pb_text][\/et_pb_column][\/et_pb_row][\/et_pb_section]<\/p>\n","protected":false},"excerpt":{"rendered":"<p>Informaci\u00f3n seg\u00fan \u00a7 5 TMG: DaRi-Systemteile GmbH Rudolf-Nebel-Str. 12 91781 Wei\u00dfenburg Representada por: Director General Dr. Eckhard Jentsch Registro mercantil: Juzgado municipal de Ansbach, HRB 4930 CIF: DE272707154 Tel\u00e9fono de contacto: 09141 &#8211; 845 937 0 Fax: 09141 &#8211; 845 937 1 E-mail:&#8217;info@dari-system.com&#8217; Responsable del contenido seg\u00fan \u00a7 55 Abs. 2 RStV: Dr. Eckhard Jentsch [&hellip;]<\/p>\n","protected":false},"author":1,"featured_media":0,"parent":0,"menu_order":0,"comment_status":"closed","ping_status":"closed","template":"","meta":{"_et_pb_use_builder":"on","_et_pb_old_content":"","_et_gb_content_width":"","iawp_total_views":1,"footnotes":""},"dipi_cpt_category":[],"class_list":["post-25545867","page","type-page","status-publish","hentry"],"yoast_head":"<!-- This site is optimized with the Yoast SEO plugin v27.2 - https:\/\/yoast.com\/product\/yoast-seo-wordpress\/ -->\n<title>Pie de imprenta - DaRi System<\/title>\n<meta name=\"robots\" content=\"index, follow, max-snippet:-1, max-image-preview:large, max-video-preview:-1\" \/>\n<link rel=\"canonical\" href=\"https:\/\/dari-system.com\/es\/pie-de-imprenta\/\" \/>\n<meta property=\"og:locale\" content=\"es_ES\" \/>\n<meta property=\"og:type\" content=\"article\" \/>\n<meta property=\"og:title\" content=\"Pie de imprenta - DaRi System\" \/>\n<meta property=\"og:description\" content=\"Informaci\u00f3n seg\u00fan \u00a7 5 TMG: DaRi-Systemteile GmbH Rudolf-Nebel-Str. 12 91781 Wei\u00dfenburg Representada por: Director General Dr. Eckhard Jentsch Registro mercantil: Juzgado municipal de Ansbach, HRB 4930 CIF: DE272707154 Tel\u00e9fono de contacto: 09141 - 845 937 0 Fax: 09141 - 845 937 1 E-mail:&#039;info@dari-system.com&#039; Responsable del contenido seg\u00fan \u00a7 55 Abs. 2 RStV: Dr. Eckhard Jentsch [&hellip;]\" \/>\n<meta property=\"og:url\" content=\"https:\/\/dari-system.com\/es\/pie-de-imprenta\/\" \/>\n<meta property=\"og:site_name\" content=\"DaRi System\" \/>\n<meta property=\"article:modified_time\" content=\"2024-08-01T17:09:52+00:00\" \/>\n<meta name=\"twitter:card\" content=\"summary_large_image\" \/>\n<meta name=\"twitter:label1\" content=\"Tiempo de lectura\" \/>\n\t<meta name=\"twitter:data1\" content=\"5 minutos\" \/>\n<script type=\"application\/ld+json\" class=\"yoast-schema-graph\">{\"@context\":\"https:\/\/schema.org\",\"@graph\":[{\"@type\":\"WebPage\",\"@id\":\"https:\/\/dari-system.com\/es\/pie-de-imprenta\/\",\"url\":\"https:\/\/dari-system.com\/es\/pie-de-imprenta\/\",\"name\":\"Pie de imprenta - DaRi System\",\"isPartOf\":{\"@id\":\"https:\/\/dari-system.com\/es\/#website\"},\"datePublished\":\"2024-05-23T13:32:49+00:00\",\"dateModified\":\"2024-08-01T17:09:52+00:00\",\"breadcrumb\":{\"@id\":\"https:\/\/dari-system.com\/es\/pie-de-imprenta\/#breadcrumb\"},\"inLanguage\":\"es\",\"potentialAction\":[{\"@type\":\"ReadAction\",\"target\":[\"https:\/\/dari-system.com\/es\/pie-de-imprenta\/\"]}]},{\"@type\":\"BreadcrumbList\",\"@id\":\"https:\/\/dari-system.com\/es\/pie-de-imprenta\/#breadcrumb\",\"itemListElement\":[{\"@type\":\"ListItem\",\"position\":1,\"name\":\"Startseite\",\"item\":\"https:\/\/dari-system.com\/es\/\"},{\"@type\":\"ListItem\",\"position\":2,\"name\":\"Pie de imprenta\"}]},{\"@type\":\"WebSite\",\"@id\":\"https:\/\/dari-system.com\/es\/#website\",\"url\":\"https:\/\/dari-system.com\/es\/\",\"name\":\"DaRi System\",\"description\":\"\",\"potentialAction\":[{\"@type\":\"SearchAction\",\"target\":{\"@type\":\"EntryPoint\",\"urlTemplate\":\"https:\/\/dari-system.com\/es\/?s={search_term_string}\"},\"query-input\":{\"@type\":\"PropertyValueSpecification\",\"valueRequired\":true,\"valueName\":\"search_term_string\"}}],\"inLanguage\":\"es\"}]}<\/script>\n<!-- \/ Yoast SEO plugin. -->","yoast_head_json":{"title":"Pie de imprenta - DaRi System","robots":{"index":"index","follow":"follow","max-snippet":"max-snippet:-1","max-image-preview":"max-image-preview:large","max-video-preview":"max-video-preview:-1"},"canonical":"https:\/\/dari-system.com\/es\/pie-de-imprenta\/","og_locale":"es_ES","og_type":"article","og_title":"Pie de imprenta - DaRi System","og_description":"Informaci\u00f3n seg\u00fan \u00a7 5 TMG: DaRi-Systemteile GmbH Rudolf-Nebel-Str. 12 91781 Wei\u00dfenburg Representada por: Director General Dr. Eckhard Jentsch Registro mercantil: Juzgado municipal de Ansbach, HRB 4930 CIF: DE272707154 Tel\u00e9fono de contacto: 09141 - 845 937 0 Fax: 09141 - 845 937 1 E-mail:'info@dari-system.com' Responsable del contenido seg\u00fan \u00a7 55 Abs. 2 RStV: Dr. Eckhard Jentsch [&hellip;]","og_url":"https:\/\/dari-system.com\/es\/pie-de-imprenta\/","og_site_name":"DaRi System","article_modified_time":"2024-08-01T17:09:52+00:00","twitter_card":"summary_large_image","twitter_misc":{"Tiempo de lectura":"5 minutos"},"schema":{"@context":"https:\/\/schema.org","@graph":[{"@type":"WebPage","@id":"https:\/\/dari-system.com\/es\/pie-de-imprenta\/","url":"https:\/\/dari-system.com\/es\/pie-de-imprenta\/","name":"Pie de imprenta - DaRi System","isPartOf":{"@id":"https:\/\/dari-system.com\/es\/#website"},"datePublished":"2024-05-23T13:32:49+00:00","dateModified":"2024-08-01T17:09:52+00:00","breadcrumb":{"@id":"https:\/\/dari-system.com\/es\/pie-de-imprenta\/#breadcrumb"},"inLanguage":"es","potentialAction":[{"@type":"ReadAction","target":["https:\/\/dari-system.com\/es\/pie-de-imprenta\/"]}]},{"@type":"BreadcrumbList","@id":"https:\/\/dari-system.com\/es\/pie-de-imprenta\/#breadcrumb","itemListElement":[{"@type":"ListItem","position":1,"name":"Startseite","item":"https:\/\/dari-system.com\/es\/"},{"@type":"ListItem","position":2,"name":"Pie de imprenta"}]},{"@type":"WebSite","@id":"https:\/\/dari-system.com\/es\/#website","url":"https:\/\/dari-system.com\/es\/","name":"DaRi System","description":"","potentialAction":[{"@type":"SearchAction","target":{"@type":"EntryPoint","urlTemplate":"https:\/\/dari-system.com\/es\/?s={search_term_string}"},"query-input":{"@type":"PropertyValueSpecification","valueRequired":true,"valueName":"search_term_string"}}],"inLanguage":"es"}]}},"_links":{"self":[{"href":"https:\/\/dari-system.com\/es\/wp-json\/wp\/v2\/pages\/25545867","targetHints":{"allow":["GET"]}}],"collection":[{"href":"https:\/\/dari-system.com\/es\/wp-json\/wp\/v2\/pages"}],"about":[{"href":"https:\/\/dari-system.com\/es\/wp-json\/wp\/v2\/types\/page"}],"author":[{"embeddable":true,"href":"https:\/\/dari-system.com\/es\/wp-json\/wp\/v2\/users\/1"}],"replies":[{"embeddable":true,"href":"https:\/\/dari-system.com\/es\/wp-json\/wp\/v2\/comments?post=25545867"}],"version-history":[{"count":2,"href":"https:\/\/dari-system.com\/es\/wp-json\/wp\/v2\/pages\/25545867\/revisions"}],"predecessor-version":[{"id":25545869,"href":"https:\/\/dari-system.com\/es\/wp-json\/wp\/v2\/pages\/25545867\/revisions\/25545869"}],"wp:attachment":[{"href":"https:\/\/dari-system.com\/es\/wp-json\/wp\/v2\/media?parent=25545867"}],"wp:term":[{"taxonomy":"dipi_cpt_category","embeddable":true,"href":"https:\/\/dari-system.com\/es\/wp-json\/wp\/v2\/dipi_cpt_category?post=25545867"}],"curies":[{"name":"wp","href":"https:\/\/api.w.org\/{rel}","templated":true}]}}