{"id":25545858,"date":"2024-05-16T12:45:13","date_gmt":"2024-05-16T12:45:13","guid":{"rendered":"https:\/\/dari-system.com\/sistema-dari-d1\/"},"modified":"2024-09-04T14:36:20","modified_gmt":"2024-09-04T14:36:20","slug":"sistema-dari-d1","status":"publish","type":"page","link":"https:\/\/dari-system.com\/es\/sistema-dari-d1\/","title":{"rendered":"Sistema DaRi D1"},"content":{"rendered":"<p>[et_pb_section fb_built=\u00bb1&#8243; admin_label=\u00bbTBVS &#8211; Light &#8211; Content 5&#8243; _builder_version=\u00bb4.25.0&#8243; _module_preset=\u00bb773cbfc0-e6bc-474b-b613-dad4bc024acd\u00bb custom_padding_tablet=\u00bb8vh||8vh||true|false\u00bb global_colors_info=\u00bb{}\u00bb][et_pb_row column_structure=\u00bb2_5,3_5&#8243; make_equal=\u00bbon\u00bb _builder_version=\u00bb4.25.0&#8243; _module_preset=\u00bbdefault\u00bb global_colors_info=\u00bb{}\u00bb][et_pb_column type=\u00bb2_5&#8243; _builder_version=\u00bb4.16&#8243; _module_preset=\u00bbdefault\u00bb global_colors_info=\u00bb{}\u00bb][et_pb_image src=\u00bbhttps:\/\/dari-system.com\/wp-content\/uploads\/2024\/05\/montiert_4_zu_3.webp\u00bb alt=\u00bbSistema DaRi D1&#8243; title_text=\u00bbmontado_4_a_3&#8243; show_in_lightbox=\u00bbon\u00bb _builder_version=\u00bb4.25.0&#8243; _module_preset=\u00bbdefault\u00bb border_radii=\u00bbon|44px|44px|44px|44px\u00bb global_colors_info=\u00bb{}\u00bb][\/et_pb_image][\/et_pb_column][et_pb_column type=\u00bb3_5&#8243; _builder_version=\u00bb4.25.0&#8243; _module_preset=\u00bbdefault\u00bb custom_padding_tablet=\u00bb||30px||false|false\u00bb custom_padding_phone=\u00bb\u00bb custom_padding_last_edited=\u00bbon|tablet\u00bb custom_css_main_element=\u00bbmargin: auto;\u00bb global_colors_info=\u00bb{}\u00bb][et_pb_text _builder_version=\u00bb4.25.0&#8243; _module_preset=\u00bbc68383f9-009f-4682-a0ef-f1cc616ecd44&#8243; header_font_size_phone=\u00bb35px\u00bb global_colors_info=\u00bb{}\u00bb]<\/p>\n<h1>Sistema DaRi D1<\/h1>\n<p>[\/et_pb_text][et_pb_text _builder_version=\u00bb4.25.0&#8243; _module_preset=\u00bbdefault\u00bb header_3_text_color=\u00bb#FFFFFF\u00bb header_3_line_height=\u00bb1.1em\u00bb background_layout=\u00bbdark\u00bb custom_margin=\u00bb||5px||false|false\u00bb header_3_text_color_tablet=\u00bb\u00bb header_3_text_color_phone=\u00bb\u00bb header_3_text_color_last_edited=\u00bbon|desktop\u00bb global_colors_info=\u00bb{}\u00bb]<\/p>\n<h3>Para tejados de hasta aprox. 50\u00b0 de inclinaci\u00f3n<\/h3>\n<p>[\/et_pb_text][\/et_pb_column][\/et_pb_row][\/et_pb_section][et_pb_section fb_built=\u00bb1&#8243; _builder_version=\u00bb4.25.0&#8243; _module_preset=\u00bbdefault\u00bb global_colors_info=\u00bb{}\u00bb][et_pb_row column_structure=\u00bb2_3,1_3&#8243; make_equal=\u00bbon\u00bb _builder_version=\u00bb4.25.0&#8243; _module_preset=\u00bbdefault\u00bb global_colors_info=\u00bb{}\u00bb][et_pb_column type=\u00bb2_3&#8243; _builder_version=\u00bb4.25.0&#8243; _module_preset=\u00bbdefault\u00bb custom_css_main_element=\u00bbmargin: auto;\u00bb border_color_right=\u00bb#4C76A9&#8243; global_colors_info=\u00bb{}\u00bb][et_pb_text _builder_version=\u00bb4.27.0&#8243; _module_preset=\u00bbdefault\u00bb hover_enabled=\u00bb0&#8243; global_colors_info=\u00bb{}\u00bb sticky_enabled=\u00bb0&#8243;]<\/p>\n<p><strong>El Sistema DaRi D1 es el sistema adecuado para tejados con una inclinaci\u00f3n plana y media de hasta unos 50\u00b0.<\/strong><\/p>\n<p>En los edificios de viviendas se suele instalar uno de los 3 tama\u00f1os de canal\u00f3n siguientes: 40, 33 o 28.<\/p>\n<p><o verbaut=\"\" br=\"\">A continuaci\u00f3n, tendr\u00e1s que pedir el DaRi-Svstem adecuado al tama\u00f1o de tu canal\u00f3n.<br \/>\nSi no conoces el tama\u00f1o de tu canal\u00f3n, puedes medirlo: <\/o><\/p>\n<p>[\/et_pb_text][\/et_pb_column][et_pb_column type=\u00bb1_3&#8243; _builder_version=\u00bb4.25.0&#8243; _module_preset=\u00bbdefault\u00bb global_colors_info=\u00bb{}\u00bb][et_pb_image src=\u00bbhttps:\/\/dari-system.com\/wp-content\/uploads\/2024\/05\/dachrinnengroesse.webp\u00bb alt=\u00bbTama\u00f1o del canal\u00f3n\u00bb title_text=\u00bbtama\u00f1o del canal\u00f3n\u00bb show_in_lightbox=\u00bbon\u00bb _builder_version=\u00bb4.25.0&#8243; _module_preset=\u00bbdefault\u00bb custom_margin_tablet=\u00bb\u00bb custom_margin_phone=\u00bb40px||||false|false\u00bb custom_margin_last_edited=\u00bbon|phone\u00bb global_colors_info=\u00bb{}\u00bb][\/et_pb_image][\/et_pb_column][\/et_pb_row][et_pb_row column_structure=\u00bb2_3,1_3&#8243; make_equal=\u00bbon\u00bb _builder_version=\u00bb4.25.0&#8243; _module_preset=\u00bbdefault\u00bb global_colors_info=\u00bb{}\u00bb][et_pb_column type=\u00bb2_3&#8243; _builder_version=\u00bb4.25.0&#8243; _module_preset=\u00bbdefault\u00bb global_colors_info=\u00bb{}\u00bb][et_pb_text _builder_version=\u00bb4.25.0&#8243; _module_preset=\u00bbdefault\u00bb global_colors_info=\u00bb{}\u00bb]<\/p>\n<p>El perfecto dise\u00f1o del Sistema DaRi D1 queda demostrado por la curvatura trasera que soporta toda la pieza en el canal\u00f3n.<br \/>\nEsto confiere al Sistema DaRi D1 una estabilidad muy especial, independientemente de que se instale o no un tapajuntas de alero en el canal\u00f3n. <\/p>\n<p>El Sistema DaRi D1 conserva su forma, incluso cuando est\u00e1 expuesto a la nieve o el hielo.<br \/>\nLa superficie extremadamente lisa impide que las hojas se queden atr\u00e1s y sean arrastradas por el viento.<br \/>\nEs una gran ventaja que el borde delantero del Sistema DaRi D1 se extienda sobre la curva delantera del canal\u00f3n, de modo que no hay ning\u00fan borde molesto que impida que las hojas sean arrastradas por el viento.  <\/p>\n<p>El Sistema DaRi D1 puede instalarse en m\u00e1s del 90% de los canalones.<\/p>\n<p>S\u00f3lo necesitar\u00e1s el sistema DaRi D2 si las tejas sobresalen mucho del canal\u00f3n.<\/p>\n<p>[\/et_pb_text][\/et_pb_column][et_pb_column type=\u00bb1_3&#8243; _builder_version=\u00bb4.25.0&#8243; _module_preset=\u00bbdefault\u00bb custom_css_main_element=\u00bbmargin: auto;\u00bb global_colors_info=\u00bb{}\u00bb][et_pb_image src=\u00bbhttps:\/\/dari-system.com\/wp-content\/uploads\/2024\/05\/einbausituation_d1.webp\u00bb alt=\u00bbSituaci\u00f3n de la instalaci\u00f3n del Sistema DaRi D1&#8243; title_text=\u00bbsituaci\u00f3n_de_instalaci\u00f3n_d1&#8243; _builder_version=\u00bb4.25.0&#8243; _module_preset=\u00bbdefault\u00bb global_colors_info=\u00bb{}\u00bb][\/et_pb_image][\/et_pb_column][\/et_pb_row][\/et_pb_section][et_pb_section fb_built=\u00bb1&#8243; admin_label=\u00bbProduktvergleich\u00bb module_id=\u00bbd1video\u00bb module_class=\u00bbtbvs-section-light\u00bb _builder_version=\u00bb4.25.0&#8243; _module_preset=\u00bbdefault\u00bb background_color=\u00bb#cde2f2&#8243; background_enable_image=\u00bboff\u00bb parallax=\u00bbon\u00bb z_index=\u00bb5&#8243; min_height=\u00bb410.3px\u00bb custom_margin=\u00bb33px||14px||false|false\u00bb custom_padding=\u00bb46px||||false|false\u00bb top_divider_height=\u00bb72px\u00bb global_colors_info=\u00bb{}\u00bb][et_pb_row column_structure=\u00bb1_2,1_2&#8243; _builder_version=\u00bb4.25.0&#8243; _module_preset=\u00bbdefault\u00bb global_colors_info=\u00bb{}\u00bb][et_pb_column type=\u00bb1_2&#8243; _builder_version=\u00bb4.25.0&#8243; _module_preset=\u00bbdefault\u00bb background_enable_color=\u00bboff\u00bb border_color_top=\u00bb#4C76A9&#8243; global_colors_info=\u00bb{}\u00bb][et_pb_text _builder_version=\u00bb4.25.0&#8243; _module_preset=\u00bbdefault\u00bb custom_margin=\u00bb||||false|true\u00bb custom_padding=\u00bb||||false|false\u00bb header_3_text_align_tablet=\u00bb\u00bb header_3_text_align_phone=\u00bb\u00bb header_3_text_align_last_edited=\u00bbon|desktop\u00bb global_colors_info=\u00bb{}\u00bb]<\/p>\n<h3>Instrucciones de instalaci\u00f3n del sistema DaRi D1<\/h3>\n<p>[\/et_pb_text][et_pb_code _builder_version=\u00bb4.25.0&#8243; _module_preset=\u00bbdefault\u00bb border_radii=\u00bbon|10px|10px|10px|10px\u00bb box_shadow_style=\u00bbpreset1&#8243; global_colors_info=\u00bb{}\u00bb] <\/p>\n<div class=\"brlbs-cmpnt-container brlbs-cmpnt-content-blocker brlbs-cmpnt-with-individual-styles\" data-borlabs-cookie-content-blocker-id=\"youtube-content-blocker\" data-borlabs-cookie-content=\"PGRpdiBjbGFzcz0iYnJsYnMtY21wbnQtY2ItZmx1aWQtd2lkdGgtdmlkZW8td3JhcHBlci15b3V0dWJlIj48aWZyYW1lIHNyYz0iaHR0cHM6Ly93d3cueW91dHViZS1ub2Nvb2tpZS5jb20vZW1iZWQvUkZ6VDZLX25uWGc\/bW9kZXN0YnJhbmRpbmc9MSZhbXA7cmVsPTAmYW1wO3Nob3dpbmZvPTAiIHdpZHRoPSI1MTYiIGhlaWdodD0iMjY2IiB0aXRsZT0iVW4gdsOtZGVvIGRlIFlvdVR1YmUiIGZyYW1lYm9yZGVyPSIwIiBhbGxvd2Z1bGxzY3JlZW49IiI+PC9pZnJhbWU+PC9kaXY+\">\n<div class=\"brlbs-cmpnt-cb-preset-c brlbs-cmpnt-cb-youtube\">\n<div class=\"brlbs-cmpnt-cb-thumbnail\" style=\"background-image: url('https:\/\/dari-system.com\/wp-content\/uploads\/borlabs-cookie\/1\/yt_RFzT6K_nnXg_hqdefault.jpg')\"><\/div>\n<div class=\"brlbs-cmpnt-cb-main\">\n<div class=\"brlbs-cmpnt-cb-play-button\"><\/div>\n<div class=\"brlbs-cmpnt-cb-content\">\n<p class=\"brlbs-cmpnt-cb-description\">Est\u00e1s viendo un contenido de marcador de posici\u00f3n de <strong>YouTube<\/strong>. Para acceder al contenido real, haz clic en el siguiente bot\u00f3n. Ten en cuenta que al hacerlo compartir\u00e1s datos con terceros proveedores.<\/p>\n<p> <a class=\"brlbs-cmpnt-cb-provider-toggle\" href=\"#\" data-borlabs-cookie-show-provider-information role=\"button\">M\u00e1s informaci\u00f3n<\/a> <\/div>\n<div class=\"brlbs-cmpnt-cb-buttons\"> <a class=\"brlbs-cmpnt-cb-btn\" href=\"#\" data-borlabs-cookie-unblock role=\"button\">Desbloquear contenido<\/a> <a class=\"brlbs-cmpnt-cb-btn\" href=\"#\" data-borlabs-cookie-accept-service role=\"button\" style=\"display: inherit\">Aceptar el servicio requerido y desbloquear los contenidos<\/a> <\/div>\n<\/p><\/div>\n<\/p><\/div>\n<\/div>\n<p>[\/et_pb_code][\/et_pb_column][et_pb_column type=\u00bb1_2&#8243; _builder_version=\u00bb4.25.0&#8243; _module_preset=\u00bbdefault\u00bb background_enable_color=\u00bboff\u00bb border_color_top=\u00bb#4C76A9&#8243; global_colors_info=\u00bb{}\u00bb][et_pb_text _builder_version=\u00bb4.25.0&#8243; _module_preset=\u00bbdefault\u00bb custom_margin=\u00bb||||false|true\u00bb custom_padding=\u00bb||||false|false\u00bb header_3_text_align_tablet=\u00bb\u00bb header_3_text_align_phone=\u00bb\u00bb header_3_text_align_last_edited=\u00bbon|desktop\u00bb global_colors_info=\u00bb{}\u00bb]<\/p>\n<h3>\u00bfLas tejas sobresalen un poco hacia el canal\u00f3n?<br \/>\nEntonces echa un vistazo a este v\u00eddeo: <\/h3>\n<p>[\/et_pb_text][et_pb_code _builder_version=\u00bb4.25.0&#8243; _module_preset=\u00bbdefault\u00bb border_radii=\u00bbon|10px|10px|10px|10px\u00bb box_shadow_style=\u00bbpreset1&#8243; global_colors_info=\u00bb{}\u00bb] <\/p>\n<div class=\"brlbs-cmpnt-container brlbs-cmpnt-content-blocker brlbs-cmpnt-with-individual-styles\" data-borlabs-cookie-content-blocker-id=\"youtube-content-blocker\" data-borlabs-cookie-content=\"PGRpdiBjbGFzcz0iYnJsYnMtY21wbnQtY2ItZmx1aWQtd2lkdGgtdmlkZW8td3JhcHBlci15b3V0dWJlIj48aWZyYW1lIHNyYz0iaHR0cHM6Ly93d3cueW91dHViZS1ub2Nvb2tpZS5jb20vZW1iZWQvbFBrNXlmQzJsazg\/bW9kZXN0YnJhbmRpbmc9MSZhbXA7cmVsPTAmYW1wO3Nob3dpbmZvPTAiIHdpZHRoPSI1MTYiIGhlaWdodD0iMjUwIiBmcmFtZWJvcmRlcj0iMCIgYWxsb3dmdWxsc2NyZWVuPSIiPjwvaWZyYW1lPjwvZGl2Pg==\">\n<div class=\"brlbs-cmpnt-cb-preset-c brlbs-cmpnt-cb-youtube\">\n<div class=\"brlbs-cmpnt-cb-thumbnail\" style=\"background-image: url('https:\/\/dari-system.com\/wp-content\/uploads\/borlabs-cookie\/1\/yt_lPk5yfC2lk8_hqdefault.jpg')\"><\/div>\n<div class=\"brlbs-cmpnt-cb-main\">\n<div class=\"brlbs-cmpnt-cb-play-button\"><\/div>\n<div class=\"brlbs-cmpnt-cb-content\">\n<p class=\"brlbs-cmpnt-cb-description\">Est\u00e1s viendo un contenido de marcador de posici\u00f3n de <strong>YouTube<\/strong>. Para acceder al contenido real, haz clic en el siguiente bot\u00f3n. Ten en cuenta que al hacerlo compartir\u00e1s datos con terceros proveedores.<\/p>\n<p> <a class=\"brlbs-cmpnt-cb-provider-toggle\" href=\"#\" data-borlabs-cookie-show-provider-information role=\"button\">M\u00e1s informaci\u00f3n<\/a> <\/div>\n<div class=\"brlbs-cmpnt-cb-buttons\"> <a class=\"brlbs-cmpnt-cb-btn\" href=\"#\" data-borlabs-cookie-unblock role=\"button\">Desbloquear contenido<\/a> <a class=\"brlbs-cmpnt-cb-btn\" href=\"#\" data-borlabs-cookie-accept-service role=\"button\" style=\"display: inherit\">Aceptar el servicio requerido y desbloquear los contenidos<\/a> <\/div>\n<\/p><\/div>\n<\/p><\/div>\n<\/div>\n<p>[\/et_pb_code][\/et_pb_column][\/et_pb_row][\/et_pb_section][et_pb_section fb_built=\u00bb1&#8243; _builder_version=\u00bb4.25.0&#8243; _module_preset=\u00bbdefault\u00bb global_colors_info=\u00bb{}\u00bb][et_pb_row _builder_version=\u00bb4.25.0&#8243; _module_preset=\u00bbdefault\u00bb global_colors_info=\u00bb{}\u00bb][et_pb_column type=\u00bb4_4&#8243; _builder_version=\u00bb4.25.0&#8243; _module_preset=\u00bbdefault\u00bb global_colors_info=\u00bb{}\u00bb][et_pb_text _builder_version=\u00bb4.25.0&#8243; _module_preset=\u00bbdefault\u00bb custom_margin=\u00bb||||false|true\u00bb custom_padding=\u00bb||||false|false\u00bb header_3_text_align_tablet=\u00bb\u00bb header_3_text_align_phone=\u00bb\u00bb header_3_text_align_last_edited=\u00bbon|desktop\u00bb global_colors_info=\u00bb{}\u00bb]<\/p>\n<h3 style=\"text-align: center;\">Si conoces el tama\u00f1o de tu canal\u00f3n, puedes hacer el pedido aqu\u00ed mismo:<\/h3>\n<p>[\/et_pb_text][\/et_pb_column][\/et_pb_row][et_pb_row _builder_version=\u00bb4.25.0&#8243; _module_preset=\u00bbdefault\u00bb global_colors_info=\u00bb{}\u00bb][et_pb_column type=\u00bb4_4&#8243; _builder_version=\u00bb4.25.0&#8243; _module_preset=\u00bbdefault\u00bb global_colors_info=\u00bb{}\u00bb][et_pb_button button_url=\u00bbhttps:\/\/dari-system.com\/es\/sistema-dari-d1\/\u00bb button_text=\u00bba la tienda\u00bb button_alignment=\u00bbcenter\u00bb _builder_version=\u00bb4.25.0&#8243; _module_preset=\u00bbdefault\u00bb global_colors_info=\u00bb{}\u00bb][\/et_pb_button][\/et_pb_column][\/et_pb_row][\/et_pb_section]<\/p>\n","protected":false},"excerpt":{"rendered":"<p>Sistema DaRi D1Para tejados de hasta aprox. 50\u00b0 de inclinaci\u00f3nEl Sistema DaRi D1 es el sistema adecuado para tejados con una inclinaci\u00f3n plana y media de hasta unos 50\u00b0. En los edificios de viviendas se suele instalar uno de los 3 tama\u00f1os de canal\u00f3n siguientes: 40, 33 o 28. A continuaci\u00f3n, tendr\u00e1s que pedir el [&hellip;]<\/p>\n","protected":false},"author":1,"featured_media":0,"parent":0,"menu_order":0,"comment_status":"closed","ping_status":"closed","template":"","meta":{"_et_pb_use_builder":"on","_et_pb_old_content":"","_et_gb_content_width":"","iawp_total_views":20,"footnotes":""},"dipi_cpt_category":[],"class_list":["post-25545858","page","type-page","status-publish","hentry"],"yoast_head":"<!-- This site is optimized with the Yoast SEO plugin v27.2 - https:\/\/yoast.com\/product\/yoast-seo-wordpress\/ -->\n<title>Sistema DaRi D1 - DaRi System<\/title>\n<meta name=\"robots\" content=\"index, follow, max-snippet:-1, max-image-preview:large, max-video-preview:-1\" \/>\n<link rel=\"canonical\" href=\"https:\/\/dari-system.com\/es\/sistema-dari-d1\/\" \/>\n<meta property=\"og:locale\" content=\"es_ES\" \/>\n<meta property=\"og:type\" content=\"article\" \/>\n<meta property=\"og:title\" content=\"Sistema DaRi D1 - DaRi System\" \/>\n<meta property=\"og:description\" content=\"Sistema DaRi D1Para tejados de hasta aprox. 50\u00b0 de inclinaci\u00f3nEl Sistema DaRi D1 es el sistema adecuado para tejados con una inclinaci\u00f3n plana y media de hasta unos 50\u00b0. En los edificios de viviendas se suele instalar uno de los 3 tama\u00f1os de canal\u00f3n siguientes: 40, 33 o 28. A continuaci\u00f3n, tendr\u00e1s que pedir el [&hellip;]\" \/>\n<meta property=\"og:url\" content=\"https:\/\/dari-system.com\/es\/sistema-dari-d1\/\" \/>\n<meta property=\"og:site_name\" content=\"DaRi System\" \/>\n<meta property=\"article:modified_time\" content=\"2024-09-04T14:36:20+00:00\" \/>\n<meta name=\"twitter:card\" content=\"summary_large_image\" \/>\n<meta name=\"twitter:label1\" content=\"Tiempo de lectura\" \/>\n\t<meta name=\"twitter:data1\" content=\"6 minutos\" \/>\n<script type=\"application\/ld+json\" class=\"yoast-schema-graph\">{\"@context\":\"https:\/\/schema.org\",\"@graph\":[{\"@type\":\"WebPage\",\"@id\":\"https:\/\/dari-system.com\/es\/sistema-dari-d1\/\",\"url\":\"https:\/\/dari-system.com\/es\/sistema-dari-d1\/\",\"name\":\"Sistema DaRi D1 - DaRi System\",\"isPartOf\":{\"@id\":\"https:\/\/dari-system.com\/es\/#website\"},\"datePublished\":\"2024-05-16T12:45:13+00:00\",\"dateModified\":\"2024-09-04T14:36:20+00:00\",\"breadcrumb\":{\"@id\":\"https:\/\/dari-system.com\/es\/sistema-dari-d1\/#breadcrumb\"},\"inLanguage\":\"es\",\"potentialAction\":[{\"@type\":\"ReadAction\",\"target\":[\"https:\/\/dari-system.com\/es\/sistema-dari-d1\/\"]}]},{\"@type\":\"BreadcrumbList\",\"@id\":\"https:\/\/dari-system.com\/es\/sistema-dari-d1\/#breadcrumb\",\"itemListElement\":[{\"@type\":\"ListItem\",\"position\":1,\"name\":\"Startseite\",\"item\":\"https:\/\/dari-system.com\/es\/\"},{\"@type\":\"ListItem\",\"position\":2,\"name\":\"Sistema DaRi D1\"}]},{\"@type\":\"WebSite\",\"@id\":\"https:\/\/dari-system.com\/es\/#website\",\"url\":\"https:\/\/dari-system.com\/es\/\",\"name\":\"DaRi System\",\"description\":\"\",\"potentialAction\":[{\"@type\":\"SearchAction\",\"target\":{\"@type\":\"EntryPoint\",\"urlTemplate\":\"https:\/\/dari-system.com\/es\/?s={search_term_string}\"},\"query-input\":{\"@type\":\"PropertyValueSpecification\",\"valueRequired\":true,\"valueName\":\"search_term_string\"}}],\"inLanguage\":\"es\"}]}<\/script>\n<!-- \/ Yoast SEO plugin. -->","yoast_head_json":{"title":"Sistema DaRi D1 - DaRi System","robots":{"index":"index","follow":"follow","max-snippet":"max-snippet:-1","max-image-preview":"max-image-preview:large","max-video-preview":"max-video-preview:-1"},"canonical":"https:\/\/dari-system.com\/es\/sistema-dari-d1\/","og_locale":"es_ES","og_type":"article","og_title":"Sistema DaRi D1 - DaRi System","og_description":"Sistema DaRi D1Para tejados de hasta aprox. 50\u00b0 de inclinaci\u00f3nEl Sistema DaRi D1 es el sistema adecuado para tejados con una inclinaci\u00f3n plana y media de hasta unos 50\u00b0. En los edificios de viviendas se suele instalar uno de los 3 tama\u00f1os de canal\u00f3n siguientes: 40, 33 o 28. A continuaci\u00f3n, tendr\u00e1s que pedir el [&hellip;]","og_url":"https:\/\/dari-system.com\/es\/sistema-dari-d1\/","og_site_name":"DaRi System","article_modified_time":"2024-09-04T14:36:20+00:00","twitter_card":"summary_large_image","twitter_misc":{"Tiempo de lectura":"6 minutos"},"schema":{"@context":"https:\/\/schema.org","@graph":[{"@type":"WebPage","@id":"https:\/\/dari-system.com\/es\/sistema-dari-d1\/","url":"https:\/\/dari-system.com\/es\/sistema-dari-d1\/","name":"Sistema DaRi D1 - DaRi System","isPartOf":{"@id":"https:\/\/dari-system.com\/es\/#website"},"datePublished":"2024-05-16T12:45:13+00:00","dateModified":"2024-09-04T14:36:20+00:00","breadcrumb":{"@id":"https:\/\/dari-system.com\/es\/sistema-dari-d1\/#breadcrumb"},"inLanguage":"es","potentialAction":[{"@type":"ReadAction","target":["https:\/\/dari-system.com\/es\/sistema-dari-d1\/"]}]},{"@type":"BreadcrumbList","@id":"https:\/\/dari-system.com\/es\/sistema-dari-d1\/#breadcrumb","itemListElement":[{"@type":"ListItem","position":1,"name":"Startseite","item":"https:\/\/dari-system.com\/es\/"},{"@type":"ListItem","position":2,"name":"Sistema DaRi D1"}]},{"@type":"WebSite","@id":"https:\/\/dari-system.com\/es\/#website","url":"https:\/\/dari-system.com\/es\/","name":"DaRi System","description":"","potentialAction":[{"@type":"SearchAction","target":{"@type":"EntryPoint","urlTemplate":"https:\/\/dari-system.com\/es\/?s={search_term_string}"},"query-input":{"@type":"PropertyValueSpecification","valueRequired":true,"valueName":"search_term_string"}}],"inLanguage":"es"}]}},"_links":{"self":[{"href":"https:\/\/dari-system.com\/es\/wp-json\/wp\/v2\/pages\/25545858","targetHints":{"allow":["GET"]}}],"collection":[{"href":"https:\/\/dari-system.com\/es\/wp-json\/wp\/v2\/pages"}],"about":[{"href":"https:\/\/dari-system.com\/es\/wp-json\/wp\/v2\/types\/page"}],"author":[{"embeddable":true,"href":"https:\/\/dari-system.com\/es\/wp-json\/wp\/v2\/users\/1"}],"replies":[{"embeddable":true,"href":"https:\/\/dari-system.com\/es\/wp-json\/wp\/v2\/comments?post=25545858"}],"version-history":[{"count":5,"href":"https:\/\/dari-system.com\/es\/wp-json\/wp\/v2\/pages\/25545858\/revisions"}],"predecessor-version":[{"id":25549511,"href":"https:\/\/dari-system.com\/es\/wp-json\/wp\/v2\/pages\/25545858\/revisions\/25549511"}],"wp:attachment":[{"href":"https:\/\/dari-system.com\/es\/wp-json\/wp\/v2\/media?parent=25545858"}],"wp:term":[{"taxonomy":"dipi_cpt_category","embeddable":true,"href":"https:\/\/dari-system.com\/es\/wp-json\/wp\/v2\/dipi_cpt_category?post=25545858"}],"curies":[{"name":"wp","href":"https:\/\/api.w.org\/{rel}","templated":true}]}}