{"id":25549781,"date":"2024-11-05T07:26:49","date_gmt":"2024-11-05T07:26:49","guid":{"rendered":"https:\/\/dari-system.com\/?page_id=25549781"},"modified":"2024-11-05T07:26:49","modified_gmt":"2024-11-05T07:26:49","slug":"leaf-guard-gutter-3","status":"publish","type":"page","link":"https:\/\/dari-system.com\/en\/leaf-guard-gutter-3\/","title":{"rendered":"Leaf guard gutter"},"content":{"rendered":"<p>[et_pb_section fb_built=&#8221;1&#8243; fullwidth=&#8221;on&#8221; _builder_version=&#8221;4.25.0&#8243; _module_preset=&#8221;default&#8221; bottom_divider_color=&#8221;#FFFFFF&#8221; bottom_divider_height=&#8221;82px&#8221; bottom_divider_flip=&#8221;horizontal&#8221; locked=&#8221;off&#8221; global_colors_info=&#8221;{}&#8221;][et_pb_fullwidth_header title=&#8221;Leaf guard gutter&#8221; subhead=&#8221;What every homeowner needs&#8221; _builder_version=&#8221;4.25.0&#8243; _module_preset=&#8221;default&#8221; title_font=&#8221;|800|||||||&#8221; title_font_size=&#8221;45px&#8221; background_image=&#8221;https:\/\/dari-system.com\/wp-content\/uploads\/2024\/05\/header_background.webp&#8221; background_position=&#8221;bottom_center&#8221; custom_padding=&#8221;8vh||8vh||true|false&#8221; title_font_size_tablet=&#8221;45px&#8221; title_font_size_phone=&#8221;29px&#8221; title_font_size_last_edited=&#8221;on|phone&#8221; content_font_size_tablet=&#8221;&#8221; content_font_size_phone=&#8221;17px&#8221; content_font_size_last_edited=&#8221;on|phone&#8221; global_colors_info=&#8221;{}&#8221;][\/et_pb_fullwidth_header][\/et_pb_section][et_pb_section fb_built=&#8221;1&#8243; _builder_version=&#8221;4.25.0&#8243; _module_preset=&#8221;default&#8221; custom_margin=&#8221;||0px||false|false&#8221; custom_padding=&#8221;||0px||false|false&#8221; global_colors_info=&#8221;{}&#8221;][et_pb_row column_structure=&#8221;1_2,1_2&#8243; _builder_version=&#8221;4.25.0&#8243; _module_preset=&#8221;default&#8221; global_colors_info=&#8221;{}&#8221;][et_pb_column type=&#8221;1_2&#8243; _builder_version=&#8221;4.25.0&#8243; _module_preset=&#8221;default&#8221; global_colors_info=&#8221;{}&#8221;][et_pb_text _builder_version=&#8221;4.25.0&#8243; _module_preset=&#8221;default&#8221; header_2_font=&#8221;|700|||||||&#8221; global_colors_info=&#8221;{}&#8221;]<\/p>\n<h2><strong>Your perfect leaf catcher for the gutter<\/strong><\/h2>\n<p>Every homeowner knows the risk of a blocked gutter caused by leaves, needles, moss, small branches, dead birds or fireworks.<br \/>\nA <strong>leaf guard for the gutter<\/strong>, whether half-round or as a box gutter, is practically indispensable in many respects.<br \/>\nThere are probably few jobs around the house and garden that people like to put off as much as cleaning a gutter.<br \/>\nNot only is it tedious to get out the ladder and climb up to the roof several times a year; it is also dangerous to stand on the long, wobbly ladder and clean the gutter.<br \/>\nA leaf guard for the gutter or box gutter offers the perfect solution.<br \/>\nYou save valuable time with a leaf catcher for the gutter.<br \/>\nIf leaves block your gutter, the rainwater collects and can flow over the gutter and soak the house walls.<br \/>\nThis can also happen with a box gutter.<br \/>\nThat&#8217;s why a leaf guard is a MUST for every homeowner.        <\/p>\n<p>[\/et_pb_text][\/et_pb_column][et_pb_column type=&#8221;1_2&#8243; _builder_version=&#8221;4.25.0&#8243; _module_preset=&#8221;default&#8221; global_colors_info=&#8221;{}&#8221;][et_pb_image src=&#8221;https:\/\/dari-system.com\/wp-content\/uploads\/2024\/06\/laubfang-dachrinne.webp&#8221; alt=&#8221;Leaf guard gutter&#8221; title_text=&#8221;leaf guard gutter&#8221; _builder_version=&#8221;4.25.0&#8243; _module_preset=&#8221;default&#8221; custom_margin=&#8221;||5px||false|false&#8221; global_colors_info=&#8221;{}&#8221;][\/et_pb_image][et_pb_text _builder_version=&#8221;4.25.0&#8243; _module_preset=&#8221;default&#8221; custom_margin=&#8221;0px||||false|false&#8221; global_colors_info=&#8221;{}&#8221;]<\/p>\n<p style=\"text-align: center;\"><em>Leaf guard gutter from DaRi-System<\/em><\/p>\n<p>[\/et_pb_text][\/et_pb_column][\/et_pb_row][\/et_pb_section][et_pb_section fb_built=&#8221;1&#8243; _builder_version=&#8221;4.25.0&#8243; _module_preset=&#8221;default&#8221; custom_margin=&#8221;0px||||false|false&#8221; custom_padding=&#8221;0px||||false|false&#8221; global_colors_info=&#8221;{}&#8221;][et_pb_row _builder_version=&#8221;4.25.0&#8243; _module_preset=&#8221;default&#8221; global_colors_info=&#8221;{}&#8221;][et_pb_column type=&#8221;4_4&#8243; _builder_version=&#8221;4.25.0&#8243; _module_preset=&#8221;default&#8221; global_colors_info=&#8221;{}&#8221;][et_pb_text _builder_version=&#8221;4.25.0&#8243; _module_preset=&#8221;default&#8221; header_2_font=&#8221;|800|||||||&#8221; global_colors_info=&#8221;{}&#8221;]<\/p>\n<h2><strong>We offer the perfect leaf guard for gutters and box gutters<\/strong><\/h2>\n<p>If you&#8217;re looking for the perfect leaf guard for your gutter, you&#8217;ve come to the right place.<br \/>\nWe have the right solution for every gutter.<br \/>\nRegardless of whether you are looking for a leaf guard for a half-round gutter or a box gutter.<br \/>\nOur specially developed leaf guard system for box gutters can be adapted to gutters of different widths and is therefore unique.<br \/>\nThe leaf guard for box gutters is therefore ideal for box gutters on canopies, balconies and conservatories.<br \/>\nNon-standard gutters are usually installed here.<br \/>\nHowever, this is not a problem for our leaf guard system.      <\/p>\n<h2><strong>Highest quality and best service<\/strong><\/h2>\n<p>For more than 20 years, we have been working on how to protect gutters from blockages caused by leaves and have developed high-quality products that are manufactured in Germany.<br \/>\nWe look forward to every inquiry.<br \/>\nSend us a picture of your gutter and we will advise you free of charge on which leaf catcher system is best for your gutter or box gutter.<br \/>\nThis is all part of our all-round service for gutter leaf catchers.<br \/>\nWe supply customers throughout Europe with the DaRi system in the shortest possible time.<br \/>\nThe DaRi system meets the highest quality standards and guarantees a long service life.<br \/>\nAnd we guarantee that the gutter will no longer be blocked by leaves with the DaRi system leaf guard.      <\/p>\n<h2><strong>Advantages of leaf guards for gutters:<\/strong><\/h2>\n<ul>\n<li><strong>Prevent blockages:<\/strong> Leaf catchers keep leaves, branches and other debris from getting into the gutters, which prevents blockages.<\/li>\n<li><strong>Increased longevity:<\/strong> By reducing blockages, damage to the gutters such as rust and corrosion is minimized, extending their service life.<\/li>\n<li><strong>Improved water drainage:<\/strong> Leaf catchers enable better water drainage, as the water can flow freely through the gutter without encountering any obstacles.<\/li>\n<li><strong>Less maintenance work:<\/strong> With the DaRi system, gutters need to be cleaned less frequently, which reduces maintenance work and saves time.<\/li>\n<li><strong>Protection against damage to the building:<\/strong> Blocked gutters can lead to water damage to the building fa\u00e7ade, foundations and roof area.<br \/>\nLeaf catchers protect against such damage. <\/li>\n<li><strong>Improved aesthetics:<\/strong> Clean gutters without visible deposits contribute to the aesthetic appeal of the building.<\/li>\n<li><strong>Environmentally friendly:<\/strong> By preventing blockages and the resulting damage, the DaRi system helps to reduce the need for repairs and replacements, saving resources and energy.<br \/>\nThe DaRi system is fully recyclable. <\/li>\n<\/ul>\n<p>This could also be of interest to you:<\/p>\n<ul>\n<li><a href=\"https:\/\/dari-system.com\/en\/leaf-guard-gutter-2\/\" title=\"Leaf guard gutter\"><a href=\"https:\/\/dari-system.com\/en\/leaf-guard-gutter-2\/\">Leaf guard for the gutter<\/a><\/a><\/li>\n<li><a href=\"https:\/\/dari-system.com\/en\/rain-gutters-leaf-guard\/\" title=\"Rain gutters Leaf guard\"><a href=\"https:\/\/dari-system.com\/en\/rain-gutters-leaf-guard\/\">Rain gutters Leaf guard<\/a><\/a><\/li>\n<li><a href=\"https:\/\/dari-system.com\/en\/leaf-guard-gutter\/\" title=\"Leaf guard gutter\"><a href=\"https:\/\/dari-system.com\/en\/leaf-guard-gutter\/\">Leaf protection for the gutter<\/a><\/a><\/li>\n<li><a href=\"https:\/\/dari-system.com\/en\/gutter-cover\/\" title=\"Gutter cover\"> <a href=\"https:\/\/dari-system.com\/en\/gutter-cover\/\"> Gutter cover<\/a><\/a><\/li>\n<\/ul>\n<p>[\/et_pb_text][\/et_pb_column][\/et_pb_row][\/et_pb_section][et_pb_section fb_built=&#8221;1&#8243; theme_builder_area=&#8221;post_content&#8221; _builder_version=&#8221;4.27.0&#8243; _module_preset=&#8221;default&#8221;][et_pb_row _builder_version=&#8221;4.27.0&#8243; _module_preset=&#8221;default&#8221; theme_builder_area=&#8221;post_content&#8221;][et_pb_column _builder_version=&#8221;4.27.0&#8243; _module_preset=&#8221;default&#8221; type=&#8221;4_4&#8243; theme_builder_area=&#8221;post_content&#8221;][et_pb_text _builder_version=&#8221;4.27.0&#8243; _module_preset=&#8221;default&#8221; theme_builder_area=&#8221;post_content&#8221; hover_enabled=&#8221;0&#8243; sticky_enabled=&#8221;0&#8243;]<\/p>\n<h2><span>Laubfang f\u00fcr die Dachrinne gesucht? Entdecke jetzt die Vorteile von DaRi System!<\/span><\/h2>\n<p><span>Du bist es leid, nach einem langen Arbeitstag noch aufs Dach zu steigen, um die Dachrinne von Unrat zu befreien, um einen sicheren Wasserablauf zu gew\u00e4hrleisten? Dann geht es dir \u00e4hnlich wie den Entwicklern von DaRi System. Unser Ziel war es von Anfang an, einen zuverl\u00e4ssigen und hochwertigen <strong>Laubfang f\u00fcr die Dachrinne<\/strong> zu entwickeln, der UV-best\u00e4ndig und noch dazu k\u00e4ltestabil ist. Neben der hohen Qualit\u00e4t standen f\u00fcr uns Funktionalit\u00e4t und eine kinderleichte Montage bei der Entwicklung an oberster Stelle. Entstanden ist so ein Laubfang f\u00fcr die Dachrinne, der universell einsetzbar ist und bei verschiedenen Rinnentypen verwendet werden kann. Noch dazu ist unser Laubfang f\u00fcr die Dachrinne aus recyclingf\u00e4higem Material hergestellt und absolut nachhaltig. <\/span><\/p>\n<h2><span>Einfach nachr\u00fcstbar und besonders zuverl\u00e4ssig<\/span><\/h2>\n<p>Egal ob du f\u00fcr deine Dachrinne schon mal ein anderes Laubschutzsystem ausprobiert hast oder ob deine Dachrinne bisher noch nicht gesch\u00fctzt war: Mit dem DaRi-System trifft du mit Sicherheit die richtige Wahl.<span> Du kannst unseren Dachrinnenschutz jederzeit problemlos nachr\u00fcsten. Die optimierte Bauweise sorgt daf\u00fcr, dass die Montage kinderleicht und schnell von der Hand geht. Wir haben unseren <strong>Laubfang f\u00fcr die Dachrinne<\/strong> mit einer optimierten Lochung ausgestattet, sodass auch Nadeln nicht mehr ins Innere der Rinne gelangen k\u00f6nnen. <\/span><span>\u00a0<\/span><\/p>\n<h2><span>Mehr als ein Laubfang f\u00fcr die Dachrinne<\/span><\/h2>\n<p>Mit einem <strong>Laubfang f\u00fcr die Dachrinne<\/strong> von DaRi System w\u00e4hlst du einen zuverl\u00e4ssigen Schutz mit geringem Wartungsaufwand. Er sch\u00fctzt aber nicht nur vor Laub, sondern verhindert ebenso, dass sich V\u00f6gel in der Dachrinne niederlassen oder Nagetiere diese als Einstiegsweg ins Haus nutzen k\u00f6nnen. Da die Dachrinnen frei bleiben, kannst du dich auf eine verbesserte Wasserf\u00fchrung verlassen.<\/p>\n<p>[\/et_pb_text][\/et_pb_column][\/et_pb_row][\/et_pb_section]<\/p>\n","protected":false},"excerpt":{"rendered":"<p>Your perfect leaf catcher for the gutter Every homeowner knows the risk of a blocked gutter caused by leaves, needles, moss, small branches, dead birds or fireworks. A leaf guard for the gutter, whether half-round or as a box gutter, is practically indispensable in many respects. There are probably few jobs around the house and [&hellip;]<\/p>\n","protected":false},"author":2,"featured_media":0,"parent":0,"menu_order":0,"comment_status":"closed","ping_status":"closed","template":"","meta":{"_et_pb_use_builder":"on","_et_pb_old_content":"","_et_gb_content_width":"","iawp_total_views":114,"footnotes":""},"dipi_cpt_category":[],"class_list":["post-25549781","page","type-page","status-publish","hentry"],"yoast_head":"<!-- This site is optimized with the Yoast SEO plugin v27.4 - https:\/\/yoast.com\/product\/yoast-seo-wordpress\/ -->\n<title>Effective leaf guard for your gutter - DaRi system<\/title>\n<meta name=\"description\" content=\"Discover the perfect leaf trap for your gutter. No more blockages and annoying cleaning with the DaRi system. Find out more now!\" \/>\n<meta name=\"robots\" content=\"index, follow, max-snippet:-1, max-image-preview:large, max-video-preview:-1\" \/>\n<link rel=\"canonical\" href=\"https:\/\/dari-system.com\/en\/leaf-guard-gutter-3\/\" \/>\n<meta property=\"og:locale\" content=\"en_US\" \/>\n<meta property=\"og:type\" content=\"article\" \/>\n<meta property=\"og:title\" content=\"Effective leaf guard for your gutter - DaRi system\" \/>\n<meta property=\"og:description\" content=\"Discover the perfect leaf trap for your gutter. No more blockages and annoying cleaning with the DaRi system. Find out more now!\" \/>\n<meta property=\"og:url\" content=\"https:\/\/dari-system.com\/en\/leaf-guard-gutter-3\/\" \/>\n<meta property=\"og:site_name\" content=\"DaRi System\" \/>\n<meta name=\"twitter:card\" content=\"summary_large_image\" \/>\n<meta name=\"twitter:label1\" content=\"Est. reading time\" \/>\n\t<meta name=\"twitter:data1\" content=\"6 minutes\" \/>\n<script type=\"application\/ld+json\" class=\"yoast-schema-graph\">{\"@context\":\"https:\\\/\\\/schema.org\",\"@graph\":[{\"@type\":\"WebPage\",\"@id\":\"https:\\\/\\\/dari-system.com\\\/en\\\/leaf-guard-gutter-3\\\/\",\"url\":\"https:\\\/\\\/dari-system.com\\\/en\\\/leaf-guard-gutter-3\\\/\",\"name\":\"Effective leaf guard for your gutter - DaRi system\",\"isPartOf\":{\"@id\":\"https:\\\/\\\/dari-system.com\\\/en\\\/#website\"},\"datePublished\":\"2024-11-05T07:26:49+00:00\",\"description\":\"Discover the perfect leaf trap for your gutter. No more blockages and annoying cleaning with the DaRi system. Find out more now!\",\"breadcrumb\":{\"@id\":\"https:\\\/\\\/dari-system.com\\\/en\\\/leaf-guard-gutter-3\\\/#breadcrumb\"},\"inLanguage\":\"en-US\",\"potentialAction\":[{\"@type\":\"ReadAction\",\"target\":[\"https:\\\/\\\/dari-system.com\\\/en\\\/leaf-guard-gutter-3\\\/\"]}]},{\"@type\":\"BreadcrumbList\",\"@id\":\"https:\\\/\\\/dari-system.com\\\/en\\\/leaf-guard-gutter-3\\\/#breadcrumb\",\"itemListElement\":[{\"@type\":\"ListItem\",\"position\":1,\"name\":\"Startseite\",\"item\":\"https:\\\/\\\/dari-system.com\\\/en\\\/\"},{\"@type\":\"ListItem\",\"position\":2,\"name\":\"Leaf guard gutter\"}]},{\"@type\":\"WebSite\",\"@id\":\"https:\\\/\\\/dari-system.com\\\/en\\\/#website\",\"url\":\"https:\\\/\\\/dari-system.com\\\/en\\\/\",\"name\":\"DaRi System\",\"description\":\"\",\"potentialAction\":[{\"@type\":\"SearchAction\",\"target\":{\"@type\":\"EntryPoint\",\"urlTemplate\":\"https:\\\/\\\/dari-system.com\\\/en\\\/?s={search_term_string}\"},\"query-input\":{\"@type\":\"PropertyValueSpecification\",\"valueRequired\":true,\"valueName\":\"search_term_string\"}}],\"inLanguage\":\"en-US\"}]}<\/script>\n<!-- \/ Yoast SEO plugin. -->","yoast_head_json":{"title":"Effective leaf guard for your gutter - DaRi system","description":"Discover the perfect leaf trap for your gutter. No more blockages and annoying cleaning with the DaRi system. Find out more now!","robots":{"index":"index","follow":"follow","max-snippet":"max-snippet:-1","max-image-preview":"max-image-preview:large","max-video-preview":"max-video-preview:-1"},"canonical":"https:\/\/dari-system.com\/en\/leaf-guard-gutter-3\/","og_locale":"en_US","og_type":"article","og_title":"Effective leaf guard for your gutter - DaRi system","og_description":"Discover the perfect leaf trap for your gutter. No more blockages and annoying cleaning with the DaRi system. Find out more now!","og_url":"https:\/\/dari-system.com\/en\/leaf-guard-gutter-3\/","og_site_name":"DaRi System","twitter_card":"summary_large_image","twitter_misc":{"Est. reading time":"6 minutes"},"schema":{"@context":"https:\/\/schema.org","@graph":[{"@type":"WebPage","@id":"https:\/\/dari-system.com\/en\/leaf-guard-gutter-3\/","url":"https:\/\/dari-system.com\/en\/leaf-guard-gutter-3\/","name":"Effective leaf guard for your gutter - DaRi system","isPartOf":{"@id":"https:\/\/dari-system.com\/en\/#website"},"datePublished":"2024-11-05T07:26:49+00:00","description":"Discover the perfect leaf trap for your gutter. No more blockages and annoying cleaning with the DaRi system. Find out more now!","breadcrumb":{"@id":"https:\/\/dari-system.com\/en\/leaf-guard-gutter-3\/#breadcrumb"},"inLanguage":"en-US","potentialAction":[{"@type":"ReadAction","target":["https:\/\/dari-system.com\/en\/leaf-guard-gutter-3\/"]}]},{"@type":"BreadcrumbList","@id":"https:\/\/dari-system.com\/en\/leaf-guard-gutter-3\/#breadcrumb","itemListElement":[{"@type":"ListItem","position":1,"name":"Startseite","item":"https:\/\/dari-system.com\/en\/"},{"@type":"ListItem","position":2,"name":"Leaf guard gutter"}]},{"@type":"WebSite","@id":"https:\/\/dari-system.com\/en\/#website","url":"https:\/\/dari-system.com\/en\/","name":"DaRi System","description":"","potentialAction":[{"@type":"SearchAction","target":{"@type":"EntryPoint","urlTemplate":"https:\/\/dari-system.com\/en\/?s={search_term_string}"},"query-input":{"@type":"PropertyValueSpecification","valueRequired":true,"valueName":"search_term_string"}}],"inLanguage":"en-US"}]}},"_links":{"self":[{"href":"https:\/\/dari-system.com\/en\/wp-json\/wp\/v2\/pages\/25549781","targetHints":{"allow":["GET"]}}],"collection":[{"href":"https:\/\/dari-system.com\/en\/wp-json\/wp\/v2\/pages"}],"about":[{"href":"https:\/\/dari-system.com\/en\/wp-json\/wp\/v2\/types\/page"}],"author":[{"embeddable":true,"href":"https:\/\/dari-system.com\/en\/wp-json\/wp\/v2\/users\/2"}],"replies":[{"embeddable":true,"href":"https:\/\/dari-system.com\/en\/wp-json\/wp\/v2\/comments?post=25549781"}],"version-history":[{"count":2,"href":"https:\/\/dari-system.com\/en\/wp-json\/wp\/v2\/pages\/25549781\/revisions"}],"predecessor-version":[{"id":25549814,"href":"https:\/\/dari-system.com\/en\/wp-json\/wp\/v2\/pages\/25549781\/revisions\/25549814"}],"wp:attachment":[{"href":"https:\/\/dari-system.com\/en\/wp-json\/wp\/v2\/media?parent=25549781"}],"wp:term":[{"taxonomy":"dipi_cpt_category","embeddable":true,"href":"https:\/\/dari-system.com\/en\/wp-json\/wp\/v2\/dipi_cpt_category?post=25549781"}],"curies":[{"name":"wp","href":"https:\/\/api.w.org\/{rel}","templated":true}]}}