{"id":25548402,"date":"2024-05-22T16:30:39","date_gmt":"2024-05-22T16:30:39","guid":{"rendered":"https:\/\/dari-system.com\/produkt\/dari-system-d2\/"},"modified":"2024-05-22T16:30:39","modified_gmt":"2024-05-22T16:30:39","slug":"dari-system-d2","status":"publish","type":"product","link":"https:\/\/dari-system.com\/da\/produkt\/dari-system-d2\/","title":{"rendered":"DaRi-system D2"},"content":{"rendered":"<p>DaRi-systemet D2 f\u00e5s kun til tagrende st\u00f8rrelse 33. Delene l\u00e6gges ende mod ende.<\/p>\n","protected":false},"excerpt":{"rendered":"<p>Hvert stykke er 76 cm langt.<br \/>\nHver del er fastgjort med 4 clips.<br \/>\nDisse clips skal bestilles separat.  <\/p>\n","protected":false},"featured_media":25548404,"template":"","meta":{"_et_pb_use_builder":"on","_et_pb_old_content":"DaRi-systemet D2 f\u00e5s kun til tagrende st\u00f8rrelse 33. Delene l\u00e6gges ende mod ende.","_et_gb_content_width":"","iawp_total_views":4},"product_brand":[],"product_cat":[573],"product_tag":[],"class_list":{"0":"post-25548402","1":"product","2":"type-product","3":"status-publish","4":"has-post-thumbnail","6":"product_cat-dari-system-da","8":"first","9":"instock","10":"taxable","11":"shipping-taxable","12":"purchasable","13":"product-type-simple"},"yoast_head":"<!-- This site is optimized with the Yoast SEO plugin v27.4 - https:\/\/yoast.com\/product\/yoast-seo-wordpress\/ -->\n<title>DaRi-system D2 - DaRi System<\/title>\n<meta name=\"robots\" content=\"index, follow, max-snippet:-1, max-image-preview:large, max-video-preview:-1\" \/>\n<link rel=\"canonical\" href=\"https:\/\/dari-system.com\/da\/produkt\/dari-system-d2\/\" \/>\n<meta property=\"og:locale\" content=\"da_DK\" \/>\n<meta property=\"og:type\" content=\"article\" \/>\n<meta property=\"og:title\" content=\"DaRi-system D2 - DaRi System\" \/>\n<meta property=\"og:description\" content=\"Hvert stykke er 76 cm langt. Hver del er fastgjort med 4 clips. Disse clips skal bestilles separat.\" \/>\n<meta property=\"og:url\" content=\"https:\/\/dari-system.com\/da\/produkt\/dari-system-d2\/\" \/>\n<meta property=\"og:site_name\" content=\"DaRi System\" \/>\n<meta name=\"twitter:card\" content=\"summary_large_image\" \/>\n<script type=\"application\/ld+json\" class=\"yoast-schema-graph\">{\"@context\":\"https:\\\/\\\/schema.org\",\"@graph\":[{\"@type\":\"WebPage\",\"@id\":\"https:\\\/\\\/dari-system.com\\\/da\\\/produkt\\\/dari-system-d2\\\/\",\"url\":\"https:\\\/\\\/dari-system.com\\\/da\\\/produkt\\\/dari-system-d2\\\/\",\"name\":\"DaRi-system D2 - DaRi System\",\"isPartOf\":{\"@id\":\"https:\\\/\\\/dari-system.com\\\/da\\\/#website\"},\"primaryImageOfPage\":{\"@id\":\"https:\\\/\\\/dari-system.com\\\/da\\\/produkt\\\/dari-system-d2\\\/#primaryimage\"},\"image\":{\"@id\":\"https:\\\/\\\/dari-system.com\\\/da\\\/produkt\\\/dari-system-d2\\\/#primaryimage\"},\"thumbnailUrl\":\"https:\\\/\\\/dari-system.com\\\/wp-content\\\/uploads\\\/2024\\\/05\\\/dari_d2_2-1.webp\",\"datePublished\":\"2024-05-22T16:30:39+00:00\",\"breadcrumb\":{\"@id\":\"https:\\\/\\\/dari-system.com\\\/da\\\/produkt\\\/dari-system-d2\\\/#breadcrumb\"},\"inLanguage\":\"da-DK\",\"potentialAction\":[{\"@type\":\"ReadAction\",\"target\":[\"https:\\\/\\\/dari-system.com\\\/da\\\/produkt\\\/dari-system-d2\\\/\"]}]},{\"@type\":\"ImageObject\",\"inLanguage\":\"da-DK\",\"@id\":\"https:\\\/\\\/dari-system.com\\\/da\\\/produkt\\\/dari-system-d2\\\/#primaryimage\",\"url\":\"https:\\\/\\\/dari-system.com\\\/wp-content\\\/uploads\\\/2024\\\/05\\\/dari_d2_2-1.webp\",\"contentUrl\":\"https:\\\/\\\/dari-system.com\\\/wp-content\\\/uploads\\\/2024\\\/05\\\/dari_d2_2-1.webp\",\"width\":1042,\"height\":1042},{\"@type\":\"BreadcrumbList\",\"@id\":\"https:\\\/\\\/dari-system.com\\\/da\\\/produkt\\\/dari-system-d2\\\/#breadcrumb\",\"itemListElement\":[{\"@type\":\"ListItem\",\"position\":1,\"name\":\"Startseite\",\"item\":\"https:\\\/\\\/dari-system.com\\\/da\\\/\"},{\"@type\":\"ListItem\",\"position\":2,\"name\":\"Butik\",\"item\":\"https:\\\/\\\/dari-system.com\\\/butik\\\/\"},{\"@type\":\"ListItem\",\"position\":3,\"name\":\"DaRi-system D2\"}]},{\"@type\":\"WebSite\",\"@id\":\"https:\\\/\\\/dari-system.com\\\/da\\\/#website\",\"url\":\"https:\\\/\\\/dari-system.com\\\/da\\\/\",\"name\":\"DaRi System\",\"description\":\"\",\"potentialAction\":[{\"@type\":\"SearchAction\",\"target\":{\"@type\":\"EntryPoint\",\"urlTemplate\":\"https:\\\/\\\/dari-system.com\\\/da\\\/?s={search_term_string}\"},\"query-input\":{\"@type\":\"PropertyValueSpecification\",\"valueRequired\":true,\"valueName\":\"search_term_string\"}}],\"inLanguage\":\"da-DK\"}]}<\/script>\n<!-- \/ Yoast SEO plugin. -->","yoast_head_json":{"title":"DaRi-system D2 - DaRi System","robots":{"index":"index","follow":"follow","max-snippet":"max-snippet:-1","max-image-preview":"max-image-preview:large","max-video-preview":"max-video-preview:-1"},"canonical":"https:\/\/dari-system.com\/da\/produkt\/dari-system-d2\/","og_locale":"da_DK","og_type":"article","og_title":"DaRi-system D2 - DaRi System","og_description":"Hvert stykke er 76 cm langt. Hver del er fastgjort med 4 clips. Disse clips skal bestilles separat.","og_url":"https:\/\/dari-system.com\/da\/produkt\/dari-system-d2\/","og_site_name":"DaRi System","twitter_card":"summary_large_image","schema":{"@context":"https:\/\/schema.org","@graph":[{"@type":"WebPage","@id":"https:\/\/dari-system.com\/da\/produkt\/dari-system-d2\/","url":"https:\/\/dari-system.com\/da\/produkt\/dari-system-d2\/","name":"DaRi-system D2 - DaRi System","isPartOf":{"@id":"https:\/\/dari-system.com\/da\/#website"},"primaryImageOfPage":{"@id":"https:\/\/dari-system.com\/da\/produkt\/dari-system-d2\/#primaryimage"},"image":{"@id":"https:\/\/dari-system.com\/da\/produkt\/dari-system-d2\/#primaryimage"},"thumbnailUrl":"https:\/\/dari-system.com\/wp-content\/uploads\/2024\/05\/dari_d2_2-1.webp","datePublished":"2024-05-22T16:30:39+00:00","breadcrumb":{"@id":"https:\/\/dari-system.com\/da\/produkt\/dari-system-d2\/#breadcrumb"},"inLanguage":"da-DK","potentialAction":[{"@type":"ReadAction","target":["https:\/\/dari-system.com\/da\/produkt\/dari-system-d2\/"]}]},{"@type":"ImageObject","inLanguage":"da-DK","@id":"https:\/\/dari-system.com\/da\/produkt\/dari-system-d2\/#primaryimage","url":"https:\/\/dari-system.com\/wp-content\/uploads\/2024\/05\/dari_d2_2-1.webp","contentUrl":"https:\/\/dari-system.com\/wp-content\/uploads\/2024\/05\/dari_d2_2-1.webp","width":1042,"height":1042},{"@type":"BreadcrumbList","@id":"https:\/\/dari-system.com\/da\/produkt\/dari-system-d2\/#breadcrumb","itemListElement":[{"@type":"ListItem","position":1,"name":"Startseite","item":"https:\/\/dari-system.com\/da\/"},{"@type":"ListItem","position":2,"name":"Butik","item":"https:\/\/dari-system.com\/butik\/"},{"@type":"ListItem","position":3,"name":"DaRi-system D2"}]},{"@type":"WebSite","@id":"https:\/\/dari-system.com\/da\/#website","url":"https:\/\/dari-system.com\/da\/","name":"DaRi System","description":"","potentialAction":[{"@type":"SearchAction","target":{"@type":"EntryPoint","urlTemplate":"https:\/\/dari-system.com\/da\/?s={search_term_string}"},"query-input":{"@type":"PropertyValueSpecification","valueRequired":true,"valueName":"search_term_string"}}],"inLanguage":"da-DK"}]}},"_links":{"self":[{"href":"https:\/\/dari-system.com\/da\/wp-json\/wp\/v2\/product\/25548402","targetHints":{"allow":["GET"]}}],"collection":[{"href":"https:\/\/dari-system.com\/da\/wp-json\/wp\/v2\/product"}],"about":[{"href":"https:\/\/dari-system.com\/da\/wp-json\/wp\/v2\/types\/product"}],"wp:featuredmedia":[{"embeddable":true,"href":"https:\/\/dari-system.com\/da\/wp-json\/wp\/v2\/media\/25548404"}],"wp:attachment":[{"href":"https:\/\/dari-system.com\/da\/wp-json\/wp\/v2\/media?parent=25548402"}],"wp:term":[{"taxonomy":"product_brand","embeddable":true,"href":"https:\/\/dari-system.com\/da\/wp-json\/wp\/v2\/product_brand?post=25548402"},{"taxonomy":"product_cat","embeddable":true,"href":"https:\/\/dari-system.com\/da\/wp-json\/wp\/v2\/product_cat?post=25548402"},{"taxonomy":"product_tag","embeddable":true,"href":"https:\/\/dari-system.com\/da\/wp-json\/wp\/v2\/product_tag?post=25548402"}],"curies":[{"name":"wp","href":"https:\/\/api.w.org\/{rel}","templated":true}]}}