{"id":25551038,"date":"2026-02-27T11:22:35","date_gmt":"2026-02-27T11:22:35","guid":{"rendered":"https:\/\/dari-system.com\/?page_id=25551038"},"modified":"2026-02-27T11:25:42","modified_gmt":"2026-02-27T11:25:42","slug":"fortrolighedspolitik-2","status":"publish","type":"page","link":"https:\/\/dari-system.com\/da\/fortrolighedspolitik-2\/","title":{"rendered":"Kun privatlivspolitik Meta Pixel"},"content":{"rendered":"<p>[et_pb_section fb_built=&#8221;1&#8243; fullwidth=&#8221;on&#8221; _builder_version=&#8221;4.25.0&#8243; _module_preset=&#8221;default&#8221; bottom_divider_color=&#8221;#FFFFFF&#8221; bottom_divider_height=&#8221;82px&#8221; bottom_divider_flip=&#8221;horizontal&#8221; locked=&#8221;off&#8221; global_colors_info=&#8221;{}&#8221;][et_pb_fullwidth_header title=&#8221;Fortrolighedspolitik&#8221; _builder_version=&#8221;4.25.0&#8243; _module_preset=&#8221;default&#8221; title_font=&#8221;|800|||||||&#8221; title_font_size=&#8221;45px&#8221; background_image=&#8221;https:\/\/dari-system.com\/wp-content\/uploads\/2024\/05\/header_background.webp&#8221; background_position=&#8221;bottom_center&#8221; custom_padding=&#8221;8vh||8vh||true|false&#8221; title_font_size_tablet=&#8221;45px&#8221; title_font_size_phone=&#8221;29px&#8221; title_font_size_last_edited=&#8221;on|phone&#8221; content_font_size_tablet=&#8221;&#8221; content_font_size_phone=&#8221;17px&#8221; content_font_size_last_edited=&#8221;on|phone&#8221; global_colors_info=&#8221;{}&#8221;][\/et_pb_fullwidth_header][\/et_pb_section][et_pb_section fb_built=&#8221;1&#8243; _builder_version=&#8221;4.25.0&#8243; _module_preset=&#8221;default&#8221; global_colors_info=&#8221;{}&#8221;][et_pb_row _builder_version=&#8221;4.25.0&#8243; _module_preset=&#8221;default&#8221; global_colors_info=&#8221;{}&#8221;][et_pb_column type=&#8221;4_4&#8243; _builder_version=&#8221;4.25.0&#8243; _module_preset=&#8221;default&#8221; global_colors_info=&#8221;{}&#8221;][et_pb_text _builder_version=&#8221;4.27.4&#8243; _module_preset=&#8221;default&#8221; global_colors_info=&#8221;{}&#8221;]<\/p>\n<h3>Meta Pixel (tidligere Facebook Pixel)<\/h3>\n<p>Dette websted bruger den bes\u00f8gende handlingspixel fra Meta til at m\u00e5le konverteringer. Udbyderen af denne tjeneste er Meta Platforms Ireland Limited, 4 Grand Canal Square, Dublin 2, Irland. If\u00f8lge Meta overf\u00f8res de indsamlede data dog ogs\u00e5 til USA og andre tredjelande.  <\/p>\n<p>Dette g\u00f8r det muligt at spore de bes\u00f8gendes adf\u00e6rd, efter at de er blevet omdirigeret til udbyderens websted ved at klikke p\u00e5 en meta-annonce. Dette g\u00f8r det muligt at evaluere effektiviteten af meta-annoncerne til statistiske og markedsunders\u00f8gelsesform\u00e5l og optimere fremtidige reklameforanstaltninger. <\/p>\n<p>De indsamlede data er anonyme for os som operat\u00f8r af dette websted; vi kan ikke drage nogen konklusioner om brugerens identitet. Dataene gemmes og behandles dog af Meta, s\u00e5 en forbindelse til den respektive brugerprofil p\u00e5 Facebook eller Instagram er mulig, og Meta kan bruge dataene til sine egne reklameform\u00e5l i overensstemmelse med Metas dataanvendelsespolitik<a href=\"https:\/\/de-de.facebook.com\/about\/privacy\/\" target=\"_blank\" rel=\"noopener noreferrer\">(https:\/\/de-de.facebook.com\/about\/privacy\/).<\/a> Dette g\u00f8r det muligt for Meta at placere reklamer p\u00e5 Facebook- eller Instagram-sider og andre reklamekanaler. Denne brug af data kan ikke p\u00e5virkes af os som webstedsoperat\u00f8r.   <\/p>\n<p>Brugen af denne tjeneste er baseret p\u00e5 dit samtykke i overensstemmelse med artikel 6, stk. 1, litra a, i GDPR og \u00a7 25, stk. 1, i TDDDG. Samtykket kan til enhver tid tilbagekaldes.    <\/p>\n<p>I det omfang personoplysninger indsamles p\u00e5 vores hjemmeside ved hj\u00e6lp af det her beskrevne v\u00e6rkt\u00f8j og videresendes til Meta, er vi og Meta Platforms Ireland Limited, 4 Grand Canal Square, Grand Canal Harbour, Dublin 2, Irland, f\u00e6lles ansvarlige for denne databehandling (art. 26 GDPR). Det f\u00e6lles ansvar er udelukkende begr\u00e6nset til indsamling af dataene og deres overf\u00f8rsel til Meta. Den behandling, der udf\u00f8res af Meta efter videresendelse, er ikke en del af det f\u00e6lles ansvar. De forpligtelser, der p\u00e5hviler os i f\u00e6llesskab, er fastlagt i en f\u00e6lles behandlingsaftale. Aftalens ordlyd kan findes p\u00e5    <span> <\/span><a href=\"https:\/\/www.facebook.com\/legal\/controller_addendum\" target=\"_blank\" rel=\"noopener noreferrer\">https:\/\/www.facebook.com\/legal\/controller_addendum.<\/a> I henhold til denne aftale er vi ansvarlige for at levere databeskyttelsesoplysningerne, n\u00e5r vi bruger Meta-v\u00e6rkt\u00f8jet, og for den sikre implementering af v\u00e6rkt\u00f8jet p\u00e5 vores websted i overensstemmelse med databeskyttelsesloven. Meta er ansvarlig for datasikkerheden i Meta-produkterne. Du kan g\u00f8re de registreredes rettigheder g\u00e6ldende (f.eks. anmodninger om oplysninger) vedr\u00f8rende de data, der behandles af Facebook eller Instagram, direkte over for Meta. Hvis du g\u00f8r dine rettigheder g\u00e6ldende over for os, er vi forpligtet til at videresende dem til Meta.    <\/p>\n<p>Dataoverf\u00f8rsel til USA er baseret p\u00e5 EU-Kommissionens standardkontraktbestemmelser. Detaljer kan findes her: <span> <\/span><a href=\"https:\/\/www.facebook.com\/legal\/EU_data_transfer_addendum\" target=\"_blank\" rel=\"noopener noreferrer\">https:\/\/www.facebook.com\/legal\/EU_data_transfer_addendum<\/a><span> <\/span>og<span> <\/span><a href=\"https:\/\/de-de.facebook.com\/help\/566994660333381\" target=\"_blank\" rel=\"noopener noreferrer\">https:\/\/de-de.facebook.com\/help\/566994660333381.<\/a><\/p>\n<p>Du kan finde yderligere oplysninger om beskyttelse af dit privatliv i Metas databeskyttelsesoplysninger:<span> <\/span><a href=\"https:\/\/de-de.facebook.com\/about\/privacy\/\" target=\"_blank\" rel=\"noopener noreferrer\">https:\/\/de-de.facebook.com\/about\/privacy\/.<\/a><\/p>\n<p>Du kan ogs\u00e5 bruge remarketingfunktionen &#8220;Brugerdefinerede m\u00e5lgrupper&#8221; i indstillingerne for annoncer under<span> <\/span><a href=\"https:\/\/www.facebook.com\/ads\/preferences\/?entry_product=ad_settings_screen\" target=\"_blank\" rel=\"noopener noreferrer\">https:\/\/www.facebook.com\/ads\/preferences\/?entry_product=ad_settings_screen<\/a><span> <\/span>deaktivere den. Du skal v\u00e6re logget ind p\u00e5 Facebook for at g\u00f8re dette. <\/p>\n<p>Hvis du ikke har en Facebook- eller Instagram-konto, kan du deaktivere brugsbaseret annoncering fra Meta p\u00e5 webstedet for European Interactive Digital Advertising Alliance:<span> <\/span><a href=\"http:\/\/www.youronlinechoices.com\/de\/praferenzmanagement\/\" target=\"_blank\" rel=\"noopener noreferrer\">http:\/\/www.youronlinechoices.com\/de\/praferenzmanagement\/.<\/a><\/p>\n<p>Virksomheden er certificeret i overensstemmelse med &#8220;EU-US Data Privacy Framework&#8221; (DPF). DPF er en aftale mellem EU og USA, der har til form\u00e5l at sikre overholdelse af europ\u00e6iske databeskyttelsesstandarder for databehandling i USA. Alle virksomheder, der er certificeret under DPF, forpligter sig til at overholde disse databeskyttelsesstandarder. Yderligere oplysninger om dette kan f\u00e5s fra udbyderen p\u00e5 f\u00f8lgende link:   <span> <\/span><a href=\"https:\/\/www.dataprivacyframework.gov\/participant\/4452\" target=\"_blank\" rel=\"noopener noreferrer\">https:\/\/www.dataprivacyframework.gov\/participant\/4452.<\/a><\/p>\n<p>[\/et_pb_text][\/et_pb_column][\/et_pb_row][\/et_pb_section]<\/p>\n","protected":false},"excerpt":{"rendered":"<p>Meta Pixel (tidligere Facebook Pixel) Dette websted bruger den bes\u00f8gende handlingspixel fra Meta til at m\u00e5le konverteringer. Udbyderen af denne tjeneste er Meta Platforms Ireland Limited, 4 Grand Canal Square, Dublin 2, Irland. If\u00f8lge Meta overf\u00f8res de indsamlede data dog ogs\u00e5 til USA og andre tredjelande. Dette g\u00f8r det muligt at spore de bes\u00f8gendes adf\u00e6rd, [&hellip;]<\/p>\n","protected":false},"author":1,"featured_media":0,"parent":0,"menu_order":0,"comment_status":"closed","ping_status":"closed","template":"","meta":{"_et_pb_use_builder":"on","_et_pb_old_content":"","_et_gb_content_width":"","iawp_total_views":4,"footnotes":""},"dipi_cpt_category":[],"class_list":["post-25551038","page","type-page","status-publish","hentry"],"yoast_head":"<!-- This site is optimized with the Yoast SEO plugin v27.4 - https:\/\/yoast.com\/product\/yoast-seo-wordpress\/ -->\n<title>Kun privatlivspolitik Meta Pixel - DaRi System<\/title>\n<meta name=\"robots\" content=\"index, follow, max-snippet:-1, max-image-preview:large, max-video-preview:-1\" \/>\n<link rel=\"canonical\" href=\"https:\/\/dari-system.com\/da\/fortrolighedspolitik-2\/\" \/>\n<meta property=\"og:locale\" content=\"da_DK\" \/>\n<meta property=\"og:type\" content=\"article\" \/>\n<meta property=\"og:title\" content=\"Kun privatlivspolitik Meta Pixel - DaRi System\" \/>\n<meta property=\"og:description\" content=\"Meta Pixel (tidligere Facebook Pixel) Dette websted bruger den bes\u00f8gende handlingspixel fra Meta til at m\u00e5le konverteringer. Udbyderen af denne tjeneste er Meta Platforms Ireland Limited, 4 Grand Canal Square, Dublin 2, Irland. If\u00f8lge Meta overf\u00f8res de indsamlede data dog ogs\u00e5 til USA og andre tredjelande. Dette g\u00f8r det muligt at spore de bes\u00f8gendes adf\u00e6rd, [&hellip;]\" \/>\n<meta property=\"og:url\" content=\"https:\/\/dari-system.com\/da\/fortrolighedspolitik-2\/\" \/>\n<meta property=\"og:site_name\" content=\"DaRi System\" \/>\n<meta property=\"article:modified_time\" content=\"2026-02-27T11:25:42+00:00\" \/>\n<meta name=\"twitter:card\" content=\"summary_large_image\" \/>\n<meta name=\"twitter:label1\" content=\"Estimeret l\u00e6setid\" \/>\n\t<meta name=\"twitter:data1\" content=\"4 minutter\" \/>\n<script type=\"application\/ld+json\" class=\"yoast-schema-graph\">{\"@context\":\"https:\\\/\\\/schema.org\",\"@graph\":[{\"@type\":\"WebPage\",\"@id\":\"https:\\\/\\\/dari-system.com\\\/da\\\/fortrolighedspolitik-2\\\/\",\"url\":\"https:\\\/\\\/dari-system.com\\\/da\\\/fortrolighedspolitik-2\\\/\",\"name\":\"Kun privatlivspolitik Meta Pixel - DaRi System\",\"isPartOf\":{\"@id\":\"https:\\\/\\\/dari-system.com\\\/da\\\/#website\"},\"datePublished\":\"2026-02-27T11:22:35+00:00\",\"dateModified\":\"2026-02-27T11:25:42+00:00\",\"breadcrumb\":{\"@id\":\"https:\\\/\\\/dari-system.com\\\/da\\\/fortrolighedspolitik-2\\\/#breadcrumb\"},\"inLanguage\":\"da-DK\",\"potentialAction\":[{\"@type\":\"ReadAction\",\"target\":[\"https:\\\/\\\/dari-system.com\\\/da\\\/fortrolighedspolitik-2\\\/\"]}]},{\"@type\":\"BreadcrumbList\",\"@id\":\"https:\\\/\\\/dari-system.com\\\/da\\\/fortrolighedspolitik-2\\\/#breadcrumb\",\"itemListElement\":[{\"@type\":\"ListItem\",\"position\":1,\"name\":\"Startseite\",\"item\":\"https:\\\/\\\/dari-system.com\\\/da\\\/\"},{\"@type\":\"ListItem\",\"position\":2,\"name\":\"Kun privatlivspolitik Meta Pixel\"}]},{\"@type\":\"WebSite\",\"@id\":\"https:\\\/\\\/dari-system.com\\\/da\\\/#website\",\"url\":\"https:\\\/\\\/dari-system.com\\\/da\\\/\",\"name\":\"DaRi System\",\"description\":\"\",\"potentialAction\":[{\"@type\":\"SearchAction\",\"target\":{\"@type\":\"EntryPoint\",\"urlTemplate\":\"https:\\\/\\\/dari-system.com\\\/da\\\/?s={search_term_string}\"},\"query-input\":{\"@type\":\"PropertyValueSpecification\",\"valueRequired\":true,\"valueName\":\"search_term_string\"}}],\"inLanguage\":\"da-DK\"}]}<\/script>\n<!-- \/ Yoast SEO plugin. -->","yoast_head_json":{"title":"Kun privatlivspolitik Meta Pixel - DaRi System","robots":{"index":"index","follow":"follow","max-snippet":"max-snippet:-1","max-image-preview":"max-image-preview:large","max-video-preview":"max-video-preview:-1"},"canonical":"https:\/\/dari-system.com\/da\/fortrolighedspolitik-2\/","og_locale":"da_DK","og_type":"article","og_title":"Kun privatlivspolitik Meta Pixel - DaRi System","og_description":"Meta Pixel (tidligere Facebook Pixel) Dette websted bruger den bes\u00f8gende handlingspixel fra Meta til at m\u00e5le konverteringer. Udbyderen af denne tjeneste er Meta Platforms Ireland Limited, 4 Grand Canal Square, Dublin 2, Irland. If\u00f8lge Meta overf\u00f8res de indsamlede data dog ogs\u00e5 til USA og andre tredjelande. Dette g\u00f8r det muligt at spore de bes\u00f8gendes adf\u00e6rd, [&hellip;]","og_url":"https:\/\/dari-system.com\/da\/fortrolighedspolitik-2\/","og_site_name":"DaRi System","article_modified_time":"2026-02-27T11:25:42+00:00","twitter_card":"summary_large_image","twitter_misc":{"Estimeret l\u00e6setid":"4 minutter"},"schema":{"@context":"https:\/\/schema.org","@graph":[{"@type":"WebPage","@id":"https:\/\/dari-system.com\/da\/fortrolighedspolitik-2\/","url":"https:\/\/dari-system.com\/da\/fortrolighedspolitik-2\/","name":"Kun privatlivspolitik Meta Pixel - DaRi System","isPartOf":{"@id":"https:\/\/dari-system.com\/da\/#website"},"datePublished":"2026-02-27T11:22:35+00:00","dateModified":"2026-02-27T11:25:42+00:00","breadcrumb":{"@id":"https:\/\/dari-system.com\/da\/fortrolighedspolitik-2\/#breadcrumb"},"inLanguage":"da-DK","potentialAction":[{"@type":"ReadAction","target":["https:\/\/dari-system.com\/da\/fortrolighedspolitik-2\/"]}]},{"@type":"BreadcrumbList","@id":"https:\/\/dari-system.com\/da\/fortrolighedspolitik-2\/#breadcrumb","itemListElement":[{"@type":"ListItem","position":1,"name":"Startseite","item":"https:\/\/dari-system.com\/da\/"},{"@type":"ListItem","position":2,"name":"Kun privatlivspolitik Meta Pixel"}]},{"@type":"WebSite","@id":"https:\/\/dari-system.com\/da\/#website","url":"https:\/\/dari-system.com\/da\/","name":"DaRi System","description":"","potentialAction":[{"@type":"SearchAction","target":{"@type":"EntryPoint","urlTemplate":"https:\/\/dari-system.com\/da\/?s={search_term_string}"},"query-input":{"@type":"PropertyValueSpecification","valueRequired":true,"valueName":"search_term_string"}}],"inLanguage":"da-DK"}]}},"_links":{"self":[{"href":"https:\/\/dari-system.com\/da\/wp-json\/wp\/v2\/pages\/25551038","targetHints":{"allow":["GET"]}}],"collection":[{"href":"https:\/\/dari-system.com\/da\/wp-json\/wp\/v2\/pages"}],"about":[{"href":"https:\/\/dari-system.com\/da\/wp-json\/wp\/v2\/types\/page"}],"author":[{"embeddable":true,"href":"https:\/\/dari-system.com\/da\/wp-json\/wp\/v2\/users\/1"}],"replies":[{"embeddable":true,"href":"https:\/\/dari-system.com\/da\/wp-json\/wp\/v2\/comments?post=25551038"}],"version-history":[{"count":4,"href":"https:\/\/dari-system.com\/da\/wp-json\/wp\/v2\/pages\/25551038\/revisions"}],"predecessor-version":[{"id":25551089,"href":"https:\/\/dari-system.com\/da\/wp-json\/wp\/v2\/pages\/25551038\/revisions\/25551089"}],"wp:attachment":[{"href":"https:\/\/dari-system.com\/da\/wp-json\/wp\/v2\/media?parent=25551038"}],"wp:term":[{"taxonomy":"dipi_cpt_category","embeddable":true,"href":"https:\/\/dari-system.com\/da\/wp-json\/wp\/v2\/dipi_cpt_category?post=25551038"}],"curies":[{"name":"wp","href":"https:\/\/api.w.org\/{rel}","templated":true}]}}