{"id":25548476,"date":"2024-06-19T09:05:14","date_gmt":"2024-06-19T09:05:14","guid":{"rendered":"https:\/\/dari-system.com\/loevbeskyttet-tagrende-2\/"},"modified":"2024-08-20T10:35:26","modified_gmt":"2024-08-20T10:35:26","slug":"loevbeskyttet-tagrende-2","status":"publish","type":"page","link":"https:\/\/dari-system.com\/da\/loevbeskyttet-tagrende-2\/","title":{"rendered":"L\u00f8vbeskyttet tagrende"},"content":{"rendered":"<p>[et_pb_section fb_built=&#8221;1&#8243; fullwidth=&#8221;on&#8221; _builder_version=&#8221;4.25.0&#8243; _module_preset=&#8221;default&#8221; bottom_divider_color=&#8221;#FFFFFF&#8221; bottom_divider_height=&#8221;82px&#8221; bottom_divider_flip=&#8221;horizontal&#8221; locked=&#8221;off&#8221; global_colors_info=&#8221;{}&#8221;][et_pb_fullwidth_header title=&#8221;L\u00f8vbeskyttet tagrende&#8221; subhead=&#8221;Hvad enhver husejer har brug for&#8221; _builder_version=&#8221;4.25.0&#8243; _module_preset=&#8221;default&#8221; title_font=&#8221;|800|||||||&#8221; title_font_size=&#8221;45px&#8221; background_image=&#8221;https:\/\/dari-system.com\/wp-content\/uploads\/2024\/05\/header_background.webp&#8221; background_position=&#8221;bottom_center&#8221; custom_padding=&#8221;8vh||8vh||true|false&#8221; title_font_size_tablet=&#8221;45px&#8221; title_font_size_phone=&#8221;29px&#8221; title_font_size_last_edited=&#8221;on|phone&#8221; content_font_size_tablet=&#8221;&#8221; content_font_size_phone=&#8221;17px&#8221; content_font_size_last_edited=&#8221;on|phone&#8221; global_colors_info=&#8221;{}&#8221;][\/et_pb_fullwidth_header][\/et_pb_section][et_pb_section fb_built=&#8221;1&#8243; _builder_version=&#8221;4.25.0&#8243; _module_preset=&#8221;default&#8221; custom_margin=&#8221;||0px||false|false&#8221; custom_padding=&#8221;||0px||false|false&#8221; global_colors_info=&#8221;{}&#8221;][et_pb_row column_structure=&#8221;1_2,1_2&#8243; _builder_version=&#8221;4.25.0&#8243; _module_preset=&#8221;default&#8221; global_colors_info=&#8221;{}&#8221;][et_pb_column type=&#8221;1_2&#8243; _builder_version=&#8221;4.25.0&#8243; _module_preset=&#8221;default&#8221; global_colors_info=&#8221;{}&#8221;][et_pb_text _builder_version=&#8221;4.25.0&#8243; _module_preset=&#8221;default&#8221; header_2_font=&#8221;|700|||||||&#8221; global_colors_info=&#8221;{}&#8221;]<\/p>\n<h2><strong>Din perfekte bladfanger til tagrenden<\/strong><\/h2>\n<p>Enhver husejer kender risikoen for en tilstoppet tagrende for\u00e5rsaget af blade, n\u00e5le, mos, sm\u00e5 grene, d\u00f8de fugle eller fyrv\u00e6rkeri.<br \/>\nEn <strong>bladsk\u00e6rm til tagrenden<\/strong>, hvad enten den er halvrund eller som en kassetrende, er praktisk talt uundv\u00e6rlig i mange henseender.<br \/>\nDer er nok f\u00e5 opgaver omkring hus og have, som folk holder s\u00e5 meget af at udskyde som at rense en tagrende.<br \/>\nIkke alene er det kedeligt at finde stigen frem og kravle op p\u00e5 taget flere gange om \u00e5ret; det er ogs\u00e5 farligt at st\u00e5 p\u00e5 den lange, vakkelvorne stige og rense tagrenden.<br \/>\nEn bladsk\u00e6rm til tagrenden eller nedl\u00f8bsr\u00f8ret er den perfekte l\u00f8sning.<br \/>\nEn bladfanger til tagrenden sparer v\u00e6rdifuld tid.<br \/>\nHvis blade blokerer tagrenden, samler regnvandet sig og kan l\u00f8be ud over tagrenden og gennembl\u00f8de husets v\u00e6gge.<br \/>\nDet kan ogs\u00e5 ske med en kassetagrende.<br \/>\nDerfor er en bladfanger et MUST for enhver husejer.        <\/p>\n<p>[\/et_pb_text][\/et_pb_column][et_pb_column type=&#8221;1_2&#8243; _builder_version=&#8221;4.25.0&#8243; _module_preset=&#8221;default&#8221; global_colors_info=&#8221;{}&#8221;][et_pb_image src=&#8221;https:\/\/dari-system.com\/wp-content\/uploads\/2024\/06\/laubfang-dachrinne.webp&#8221; alt=&#8221;L\u00f8vbeskyttet tagrende&#8221; title_text=&#8221;bladbeskyttelse tagrende&#8221; _builder_version=&#8221;4.25.0&#8243; _module_preset=&#8221;default&#8221; custom_margin=&#8221;||5px||false|false&#8221; global_colors_info=&#8221;{}&#8221;][\/et_pb_image][et_pb_text _builder_version=&#8221;4.25.0&#8243; _module_preset=&#8221;default&#8221; custom_margin=&#8221;0px||||false|false&#8221; global_colors_info=&#8221;{}&#8221;]<\/p>\n<p style=\"text-align: center;\"><em>L\u00f8vbeskyttet tagrende fra DaRi-System<\/em><\/p>\n<p>[\/et_pb_text][\/et_pb_column][\/et_pb_row][\/et_pb_section][et_pb_section fb_built=&#8221;1&#8243; _builder_version=&#8221;4.25.0&#8243; _module_preset=&#8221;default&#8221; custom_margin=&#8221;0px||||false|false&#8221; custom_padding=&#8221;0px||||false|false&#8221; global_colors_info=&#8221;{}&#8221;][et_pb_row _builder_version=&#8221;4.25.0&#8243; _module_preset=&#8221;default&#8221; global_colors_info=&#8221;{}&#8221;][et_pb_column type=&#8221;4_4&#8243; _builder_version=&#8221;4.25.0&#8243; _module_preset=&#8221;default&#8221; global_colors_info=&#8221;{}&#8221;][et_pb_text _builder_version=&#8221;4.25.0&#8243; _module_preset=&#8221;default&#8221; header_2_font=&#8221;|800|||||||&#8221; hover_enabled=&#8221;0&#8243; global_colors_info=&#8221;{}&#8221; sticky_enabled=&#8221;0&#8243;]<\/p>\n<h2><strong>Vi tilbyder den perfekte bladbeskyttelse til tagrender og skotrender<\/strong><\/h2>\n<p>Hvis du leder efter den perfekte bladbeskyttelse til din tagrende, er du kommet til det rette sted.<br \/>\nVi har den rigtige l\u00f8sning til enhver tagrende.<br \/>\nUanset om du er p\u00e5 udkig efter en bladsikring til en halvrund tagrende eller en kassetagrende.<br \/>\nVores specialudviklede bladbeskyttelsessystem til kassetagrender kan tilpasses tagrender i forskellige bredder og er derfor unikt.<br \/>\nBladbeskyttelsen til kassetagrender er derfor ideel til kassetagrender p\u00e5 baldakiner, altaner og udestuer.<br \/>\nHer er der normalt installeret ikke-standardiserede tagrender.<br \/>\nMen det er ikke noget problem for vores bladbeskyttelsessystem.      <\/p>\n<h2><strong>H\u00f8jeste kvalitet og bedste service<\/strong><\/h2>\n<p>I mere end 20 \u00e5r har vi arbejdet med, hvordan man beskytter tagrender mod blokeringer for\u00e5rsaget af blade, og vi har udviklet produkter af h\u00f8j kvalitet, som fremstilles i Tyskland.<br \/>\nVi ser frem til enhver foresp\u00f8rgsel.<br \/>\nSend os et billede af din tagrende, s\u00e5 r\u00e5dgiver vi dig gratis om, hvilket l\u00f8vfangssystem der passer bedst til din tagrende eller nedl\u00f8bsr\u00f8r.<br \/>\nDet er alt sammen en del af vores all-round service inden for bladfangere til tagrender.<br \/>\nVi forsyner kunder i hele Europa med DaRi-systemet p\u00e5 kortest mulig tid.<br \/>\nDaRi-systemet opfylder de h\u00f8jeste kvalitetsstandarder og garanterer en lang levetid.<br \/>\nOg vi garanterer, at tagrenden ikke l\u00e6ngere vil blive blokeret af blade med DaRi-systemets bladbeskyttelse.      <\/p>\n<h2><strong>Fordele ved bladbeskyttere til tagrender:<\/strong><\/h2>\n<ul>\n<li><strong>Forhindrer blokeringer:<\/strong> L\u00f8vfangere forhindrer blade, grene og andet affald i at komme ned i tagrenderne, hvilket forebygger blokeringer.<\/li>\n<li><strong>\u00d8get levetid:<\/strong> Ved at reducere blokeringer minimeres skader p\u00e5 tagrenderne som rust og korrosion, hvilket forl\u00e6nger deres levetid.<\/li>\n<li><strong>Forbedret vandafledning:<\/strong> L\u00f8vfangere giver bedre vandafledning, da vandet kan str\u00f8mme frit gennem tagrenden uden at st\u00f8de p\u00e5 forhindringer.<\/li>\n<li><strong>Mindre vedligeholdelsesarbejde:<\/strong> Med DaRi-systemet skal tagrenderne renses sj\u00e6ldnere, hvilket reducerer vedligeholdelsesarbejdet og sparer tid.<\/li>\n<li><strong>Beskyttelse mod skader p\u00e5 bygningen:<\/strong> Tilstoppede tagrender kan f\u00f8re til vandskader p\u00e5 bygningens facade, fundamenter og tagomr\u00e5de.<br \/>\nBladfangere beskytter mod s\u00e5danne skader. <\/li>\n<li><strong>Forbedret \u00e6stetik:<\/strong> Rene tagrender uden synlige aflejringer bidrager til bygningens \u00e6stetiske fremtoning<strong>.<\/strong> <\/li>\n<li><strong>Milj\u00f8venligt:<\/strong> Ved at forhindre blokeringer og deraf f\u00f8lgende skader hj\u00e6lper DaRi-systemet med at reducere behovet for reparationer og udskiftninger, hvilket sparer ressourcer og energi.<br \/>\nDaRi-systemet er fuldt ud genanvendeligt. <\/li>\n<\/ul>\n<p>Dette kunne ogs\u00e5 v\u00e6re interessant for dig:<\/p>\n<ul>\n<li><a href=\"https:\/\/dari-system.com\/da\/loevbeskyttet-tagrende-2\/\" title=\"L\u00f8vbeskyttet tagrende\"><a href=\"https:\/\/dari-system.com\/da\/loevbeskyttet-tagrende-2\/\">Bladbeskyttelse til tagrenden<\/a><\/a><\/li>\n<li><a href=\"https:\/\/dari-system.com\/da\/tagrender-bladbeskyttelse\/\" title=\"Tagrender Bladbeskyttelse\"><a href=\"https:\/\/dari-system.com\/da\/tagrender-bladbeskyttelse\/\">Tagrender Bladbeskyttelse<\/a><\/a><\/li>\n<li><a href=\"https:\/\/dari-system.com\/da\/loevbeskyttet-tagrende\/\" title=\"L\u00f8vbeskyttet tagrende\"><a href=\"https:\/\/dari-system.com\/da\/loevbeskyttet-tagrende\/\">Bladbeskyttelse til tagrenden<\/a><\/a><\/li>\n<li><a href=\"https:\/\/dari-system.com\/da\/daeksel-til-tagrender\/\" title=\"D\u00e6ksel til tagrender\"> <a href=\"https:\/\/dari-system.com\/da\/daeksel-til-tagrender\/\"> D\u00e6ksel til tagrender<\/a><\/a><\/li>\n<\/ul>\n<p>[\/et_pb_text][\/et_pb_column][\/et_pb_row][\/et_pb_section]<\/p>\n","protected":false},"excerpt":{"rendered":"<p>Din perfekte bladfanger til tagrenden Enhver husejer kender risikoen for en tilstoppet tagrende for\u00e5rsaget af blade, n\u00e5le, mos, sm\u00e5 grene, d\u00f8de fugle eller fyrv\u00e6rkeri. En bladsk\u00e6rm til tagrenden, hvad enten den er halvrund eller som en kassetrende, er praktisk talt uundv\u00e6rlig i mange henseender. Der er nok f\u00e5 opgaver omkring hus og have, som folk [&hellip;]<\/p>\n","protected":false},"author":1,"featured_media":0,"parent":0,"menu_order":0,"comment_status":"closed","ping_status":"closed","template":"","meta":{"_et_pb_use_builder":"on","_et_pb_old_content":"","_et_gb_content_width":"","iawp_total_views":26,"footnotes":""},"dipi_cpt_category":[],"class_list":["post-25548476","page","type-page","status-publish","hentry"],"yoast_head":"<!-- This site is optimized with the Yoast SEO plugin v27.4 - https:\/\/yoast.com\/product\/yoast-seo-wordpress\/ -->\n<title>Effektiv bladbeskyttelse til din tagrende - DaRi-system<\/title>\n<meta name=\"description\" content=\"Opdag den perfekte bladfanger til din tagrende. Ikke flere blokeringer og kedelig reng\u00f8ring med DaRi-systemet. Find ud af mere nu!\" \/>\n<meta name=\"robots\" content=\"index, follow, max-snippet:-1, max-image-preview:large, max-video-preview:-1\" \/>\n<link rel=\"canonical\" href=\"https:\/\/dari-system.com\/da\/loevbeskyttet-tagrende-2\/\" \/>\n<meta property=\"og:locale\" content=\"da_DK\" \/>\n<meta property=\"og:type\" content=\"article\" \/>\n<meta property=\"og:title\" content=\"Effektiv bladbeskyttelse til din tagrende - DaRi-system\" \/>\n<meta property=\"og:description\" content=\"Opdag den perfekte bladfanger til din tagrende. Ikke flere blokeringer og kedelig reng\u00f8ring med DaRi-systemet. Find ud af mere nu!\" \/>\n<meta property=\"og:url\" content=\"https:\/\/dari-system.com\/da\/loevbeskyttet-tagrende-2\/\" \/>\n<meta property=\"og:site_name\" content=\"DaRi System\" \/>\n<meta property=\"article:modified_time\" content=\"2024-08-20T10:35:26+00:00\" \/>\n<meta name=\"twitter:card\" content=\"summary_large_image\" \/>\n<meta name=\"twitter:label1\" content=\"Estimeret l\u00e6setid\" \/>\n\t<meta name=\"twitter:data1\" content=\"4 minutter\" \/>\n<script type=\"application\/ld+json\" class=\"yoast-schema-graph\">{\"@context\":\"https:\\\/\\\/schema.org\",\"@graph\":[{\"@type\":\"WebPage\",\"@id\":\"https:\\\/\\\/dari-system.com\\\/da\\\/loevbeskyttet-tagrende-2\\\/\",\"url\":\"https:\\\/\\\/dari-system.com\\\/da\\\/loevbeskyttet-tagrende-2\\\/\",\"name\":\"Effektiv bladbeskyttelse til din tagrende - DaRi-system\",\"isPartOf\":{\"@id\":\"https:\\\/\\\/dari-system.com\\\/da\\\/#website\"},\"datePublished\":\"2024-06-19T09:05:14+00:00\",\"dateModified\":\"2024-08-20T10:35:26+00:00\",\"description\":\"Opdag den perfekte bladfanger til din tagrende. Ikke flere blokeringer og kedelig reng\u00f8ring med DaRi-systemet. Find ud af mere nu!\",\"breadcrumb\":{\"@id\":\"https:\\\/\\\/dari-system.com\\\/da\\\/loevbeskyttet-tagrende-2\\\/#breadcrumb\"},\"inLanguage\":\"da-DK\",\"potentialAction\":[{\"@type\":\"ReadAction\",\"target\":[\"https:\\\/\\\/dari-system.com\\\/da\\\/loevbeskyttet-tagrende-2\\\/\"]}]},{\"@type\":\"BreadcrumbList\",\"@id\":\"https:\\\/\\\/dari-system.com\\\/da\\\/loevbeskyttet-tagrende-2\\\/#breadcrumb\",\"itemListElement\":[{\"@type\":\"ListItem\",\"position\":1,\"name\":\"Startseite\",\"item\":\"https:\\\/\\\/dari-system.com\\\/da\\\/\"},{\"@type\":\"ListItem\",\"position\":2,\"name\":\"L\u00f8vbeskyttet tagrende\"}]},{\"@type\":\"WebSite\",\"@id\":\"https:\\\/\\\/dari-system.com\\\/da\\\/#website\",\"url\":\"https:\\\/\\\/dari-system.com\\\/da\\\/\",\"name\":\"DaRi System\",\"description\":\"\",\"potentialAction\":[{\"@type\":\"SearchAction\",\"target\":{\"@type\":\"EntryPoint\",\"urlTemplate\":\"https:\\\/\\\/dari-system.com\\\/da\\\/?s={search_term_string}\"},\"query-input\":{\"@type\":\"PropertyValueSpecification\",\"valueRequired\":true,\"valueName\":\"search_term_string\"}}],\"inLanguage\":\"da-DK\"}]}<\/script>\n<!-- \/ Yoast SEO plugin. -->","yoast_head_json":{"title":"Effektiv bladbeskyttelse til din tagrende - DaRi-system","description":"Opdag den perfekte bladfanger til din tagrende. Ikke flere blokeringer og kedelig reng\u00f8ring med DaRi-systemet. Find ud af mere nu!","robots":{"index":"index","follow":"follow","max-snippet":"max-snippet:-1","max-image-preview":"max-image-preview:large","max-video-preview":"max-video-preview:-1"},"canonical":"https:\/\/dari-system.com\/da\/loevbeskyttet-tagrende-2\/","og_locale":"da_DK","og_type":"article","og_title":"Effektiv bladbeskyttelse til din tagrende - DaRi-system","og_description":"Opdag den perfekte bladfanger til din tagrende. Ikke flere blokeringer og kedelig reng\u00f8ring med DaRi-systemet. Find ud af mere nu!","og_url":"https:\/\/dari-system.com\/da\/loevbeskyttet-tagrende-2\/","og_site_name":"DaRi System","article_modified_time":"2024-08-20T10:35:26+00:00","twitter_card":"summary_large_image","twitter_misc":{"Estimeret l\u00e6setid":"4 minutter"},"schema":{"@context":"https:\/\/schema.org","@graph":[{"@type":"WebPage","@id":"https:\/\/dari-system.com\/da\/loevbeskyttet-tagrende-2\/","url":"https:\/\/dari-system.com\/da\/loevbeskyttet-tagrende-2\/","name":"Effektiv bladbeskyttelse til din tagrende - DaRi-system","isPartOf":{"@id":"https:\/\/dari-system.com\/da\/#website"},"datePublished":"2024-06-19T09:05:14+00:00","dateModified":"2024-08-20T10:35:26+00:00","description":"Opdag den perfekte bladfanger til din tagrende. Ikke flere blokeringer og kedelig reng\u00f8ring med DaRi-systemet. Find ud af mere nu!","breadcrumb":{"@id":"https:\/\/dari-system.com\/da\/loevbeskyttet-tagrende-2\/#breadcrumb"},"inLanguage":"da-DK","potentialAction":[{"@type":"ReadAction","target":["https:\/\/dari-system.com\/da\/loevbeskyttet-tagrende-2\/"]}]},{"@type":"BreadcrumbList","@id":"https:\/\/dari-system.com\/da\/loevbeskyttet-tagrende-2\/#breadcrumb","itemListElement":[{"@type":"ListItem","position":1,"name":"Startseite","item":"https:\/\/dari-system.com\/da\/"},{"@type":"ListItem","position":2,"name":"L\u00f8vbeskyttet tagrende"}]},{"@type":"WebSite","@id":"https:\/\/dari-system.com\/da\/#website","url":"https:\/\/dari-system.com\/da\/","name":"DaRi System","description":"","potentialAction":[{"@type":"SearchAction","target":{"@type":"EntryPoint","urlTemplate":"https:\/\/dari-system.com\/da\/?s={search_term_string}"},"query-input":{"@type":"PropertyValueSpecification","valueRequired":true,"valueName":"search_term_string"}}],"inLanguage":"da-DK"}]}},"_links":{"self":[{"href":"https:\/\/dari-system.com\/da\/wp-json\/wp\/v2\/pages\/25548476","targetHints":{"allow":["GET"]}}],"collection":[{"href":"https:\/\/dari-system.com\/da\/wp-json\/wp\/v2\/pages"}],"about":[{"href":"https:\/\/dari-system.com\/da\/wp-json\/wp\/v2\/types\/page"}],"author":[{"embeddable":true,"href":"https:\/\/dari-system.com\/da\/wp-json\/wp\/v2\/users\/1"}],"replies":[{"embeddable":true,"href":"https:\/\/dari-system.com\/da\/wp-json\/wp\/v2\/comments?post=25548476"}],"version-history":[{"count":1,"href":"https:\/\/dari-system.com\/da\/wp-json\/wp\/v2\/pages\/25548476\/revisions"}],"predecessor-version":[{"id":25548483,"href":"https:\/\/dari-system.com\/da\/wp-json\/wp\/v2\/pages\/25548476\/revisions\/25548483"}],"wp:attachment":[{"href":"https:\/\/dari-system.com\/da\/wp-json\/wp\/v2\/media?parent=25548476"}],"wp:term":[{"taxonomy":"dipi_cpt_category","embeddable":true,"href":"https:\/\/dari-system.com\/da\/wp-json\/wp\/v2\/dipi_cpt_category?post=25548476"}],"curies":[{"name":"wp","href":"https:\/\/api.w.org\/{rel}","templated":true}]}}