{"id":25548461,"date":"2024-06-19T09:23:15","date_gmt":"2024-06-19T09:23:15","guid":{"rendered":"https:\/\/dari-system.com\/loevbeskyttet-tagrende\/"},"modified":"2024-08-20T10:35:24","modified_gmt":"2024-08-20T10:35:24","slug":"loevbeskyttet-tagrende","status":"publish","type":"page","link":"https:\/\/dari-system.com\/da\/loevbeskyttet-tagrende\/","title":{"rendered":"L\u00f8vbeskyttet tagrende"},"content":{"rendered":"<p>[et_pb_section fb_built=&#8221;1&#8243; fullwidth=&#8221;on&#8221; _builder_version=&#8221;4.25.0&#8243; _module_preset=&#8221;default&#8221; bottom_divider_color=&#8221;#FFFFFF&#8221; bottom_divider_height=&#8221;82px&#8221; bottom_divider_flip=&#8221;horizontal&#8221; locked=&#8221;off&#8221; global_colors_info=&#8221;{}&#8221;][et_pb_fullwidth_header title=&#8221;L\u00f8vbeskyttet tagrende&#8221; subhead=&#8221;S\u00e5 du kan sove roligt&#8221; _builder_version=&#8221;4.25.0&#8243; _module_preset=&#8221;default&#8221; title_font=&#8221;|800|||||||&#8221; title_font_size=&#8221;45px&#8221; background_image=&#8221;https:\/\/dari-system.com\/wp-content\/uploads\/2024\/05\/header_background.webp&#8221; background_position=&#8221;bottom_center&#8221; custom_padding=&#8221;8vh||8vh||true|false&#8221; title_font_size_tablet=&#8221;45px&#8221; title_font_size_phone=&#8221;29px&#8221; title_font_size_last_edited=&#8221;on|phone&#8221; content_font_size_tablet=&#8221;&#8221; content_font_size_phone=&#8221;17px&#8221; content_font_size_last_edited=&#8221;on|phone&#8221; global_colors_info=&#8221;{}&#8221;][\/et_pb_fullwidth_header][\/et_pb_section][et_pb_section fb_built=&#8221;1&#8243; _builder_version=&#8221;4.25.0&#8243; _module_preset=&#8221;default&#8221; custom_margin=&#8221;||0px||false|false&#8221; custom_padding=&#8221;||0px||false|false&#8221; global_colors_info=&#8221;{}&#8221;][et_pb_row column_structure=&#8221;1_2,1_2&#8243; _builder_version=&#8221;4.25.0&#8243; _module_preset=&#8221;default&#8221; global_colors_info=&#8221;{}&#8221;][et_pb_column type=&#8221;1_2&#8243; _builder_version=&#8221;4.25.0&#8243; _module_preset=&#8221;default&#8221; global_colors_info=&#8221;{}&#8221;][et_pb_text _builder_version=&#8221;4.25.0&#8243; _module_preset=&#8221;default&#8221; header_2_font=&#8221;|700|||||||&#8221; global_colors_info=&#8221;{}&#8221;]<\/p>\n<h2><strong>Den ideelle bladbeskyttelse til din tagrende<\/strong><\/h2>\n<p>Kender du ogs\u00e5 problemet med at have s\u00f8vnl\u00f8se n\u00e6tter om efter\u00e5ret, fordi du er bekymret for, at din tagrende eller nedl\u00f8bsr\u00f8r kan blive blokeret af blade og l\u00f8be over, n\u00e5r det regner?<br \/>\nAlle husejere kender sikkert til det.<br \/>\nDerfor vil du gerne have en bladsikring til din tagrende eller nedl\u00f8bsr\u00f8r, s\u00e5 du kan sove roligt igen.<br \/>\nEn bladsk\u00e6rm til tagrenden kan nemlig effektivt forhindre blade, mos, sm\u00e5 grene eller n\u00e5le i at falde ned i tagrenden eller nedl\u00f8bsr\u00f8ret.<br \/>\nEn <strong>bladsk\u00e6rm til tagrenden<\/strong> er en s\u00e6rdeles effektiv l\u00f8sning, der sparer dig for en masse arbejde.    <\/p>\n<p>[\/et_pb_text][\/et_pb_column][et_pb_column type=&#8221;1_2&#8243; _builder_version=&#8221;4.25.0&#8243; _module_preset=&#8221;default&#8221; global_colors_info=&#8221;{}&#8221;][et_pb_image src=&#8221;https:\/\/dari-system.com\/wp-content\/uploads\/2024\/06\/laubschutz-dachrinne.webp&#8221; alt=&#8221;L\u00f8vbeskyttet tagrende&#8221; title_text=&#8221;bladbeskyttelse tagrende&#8221; _builder_version=&#8221;4.25.0&#8243; _module_preset=&#8221;default&#8221; custom_margin=&#8221;||5px||false|false&#8221; global_colors_info=&#8221;{}&#8221;][\/et_pb_image][et_pb_text _builder_version=&#8221;4.25.0&#8243; _module_preset=&#8221;default&#8221; custom_margin=&#8221;0px||||false|false&#8221; global_colors_info=&#8221;{}&#8221;]<\/p>\n<p style=\"text-align: center;\"><em>DaRi-System tagrende med bladbeskyttelse<\/em><\/p>\n<p>[\/et_pb_text][\/et_pb_column][\/et_pb_row][\/et_pb_section][et_pb_section fb_built=&#8221;1&#8243; _builder_version=&#8221;4.25.0&#8243; _module_preset=&#8221;default&#8221; custom_margin=&#8221;0px||||false|false&#8221; custom_padding=&#8221;0px||||false|false&#8221; global_colors_info=&#8221;{}&#8221;][et_pb_row _builder_version=&#8221;4.25.0&#8243; _module_preset=&#8221;default&#8221; global_colors_info=&#8221;{}&#8221;][et_pb_column type=&#8221;4_4&#8243; _builder_version=&#8221;4.25.0&#8243; _module_preset=&#8221;default&#8221; global_colors_info=&#8221;{}&#8221;][et_pb_text _builder_version=&#8221;4.25.0&#8243; _module_preset=&#8221;default&#8221; header_2_font=&#8221;|700|||||||&#8221; hover_enabled=&#8221;0&#8243; global_colors_info=&#8221;{}&#8221; sticky_enabled=&#8221;0&#8243;]<\/p>\n<h2>Bladbeskyttelse til tagrenden &#8211; ikke en luksus, men n\u00f8dvendigt for enhver tagrende<\/h2>\n<p>En bladsk\u00e6rm til din tagrende er ikke en luksus.<br \/>\nHvis du t\u00e6nker p\u00e5 den indsats, du skal g\u00f8re for at rense din tagrende flere gange om \u00e5ret, kan du g\u00f8re dit liv lettere ved at installere en bladbeskytter til din tagrende eller nedl\u00f8bsr\u00f8r.<br \/>\nDet er nemlig ikke kun kedeligt at rense tagrenden, det er ogs\u00e5 farligt.<br \/>\nJo \u00e6ldre du bliver, jo st\u00f8rre er risikoen for ulykker.<br \/>\nTagrenden befinder sig trods alt flere meter over jorden.<br \/>\nMed en bladbeskytter til tagrenden sparer du ikke kun dig selv for et ubehageligt arbejde, men reducerer ogs\u00e5 risikoen for ulykker og g\u00f8r noget for dit helbred.<br \/>\nTagrenderne p\u00e5 udestuer, baldakiner og altaner er ofte ikke standardiserede.<br \/>\nHer er der som regel installeret smalle kassetagrender.<br \/>\nDet er ikke s\u00e5 let at finde en bladsikring til tagrenden her.<br \/>\nMen vores sortiment omfatter ikke kun bladbeskyttere til normale, halvrunde tagrender, men ogs\u00e5 til kassetagrender i forskellige bredder.<br \/>\nDet giver dig mulighed for at beskytte selv smalle tagrender mod blokeringer.          <\/p>\n<h2>K\u00f8b kun bladbeskyttelse af h\u00f8j kvalitet til tagrenden<\/h2>\n<p>Hvis du virkelig er p\u00e5 udkig efter en holdbar bladbeskyttelse af h\u00f8j kvalitet til din tagrende, s\u00e5 er du kommet til det rette sted.<br \/>\nVi har besk\u00e6ftiget os med emnet bladbeskyttelse til tagrender og nedl\u00f8bsr\u00f8r i 20 \u00e5r og er altid p\u00e5 udkig efter de bedste l\u00f8sninger til vores kunder.<br \/>\nVi er absolutte eksperter p\u00e5 dette omr\u00e5de, og en bladbeskyttelse til tagrender fra vores firma er af h\u00f8jeste kvalitet og holdbarhed.  <\/p>\n<h2><em>Service<\/em> er en topprioritet for os.<br \/>\nOgs\u00e5 til bladbeskyttelse til tagrenden <\/h2>\n<p>Vi har v\u00e6ret eksperter i alle typer tagrendebeskyttere i 20 \u00e5r.<br \/>\nAlle systemer er designet og testet af os og produceres nu i Tyskland.<br \/>\nDu er velkommen til at sende os billeder af din tagrende, s\u00e5 r\u00e5dgiver vi dig gratis om, hvilken bladbeskyttelse til tagrenden eller kassettetagrenden, der passer bedst til dig.  <\/p>\n<h2>Spar penge med en bladbeskytter til tagrenden<\/h2>\n<p>Har du nogensinde t\u00e6nkt p\u00e5, hvad der kan ske, hvis din tagrende bliver blokeret og l\u00f8ber over, n\u00e5r det regner?<br \/>\nSelv din k\u00e6lder kan blive fyldt med vand via lysbr\u00f8nden.<br \/>\nEn bladbeskyttelse til tagrenden forhindrer denne risiko og sparer dig for mange penge.<\/p>\n<p>N\u00e5r alt kommer til alt, er en bladsikring til tagrenden en engangsinvestering, og du f\u00e5r fred og ro p\u00e5 dit tag p\u00e5 lang sigt. En bladsikring til tagrenden g\u00f8r dit liv lettere Med en bladsikring til tagrenden eller skotrenden kan du tage p\u00e5 ferie om efter\u00e5ret uden at skulle bekymre dig om, at din tagrende bliver tilstoppet.<br \/>\nDit liv bliver lettere, og du kan koncentrere dig om sjovere ting, n\u00e5r du ved, at din tagrende er permanent beskyttet af en bladsk\u00e6rm.    <\/p>\n<p>Dette kunne ogs\u00e5 v\u00e6re interessant for dig:<\/p>\n<ul>\n<li><a href=\"https:\/\/dari-system.com\/laubfang-dachrinne\/\" title=\"L\u00f8vbeskyttet tagrende\"><a href=\"https:\/\/dari-system.com\/laubfang-dachrinne\/\">Bladbeskyttelse til tagrenden<\/a><\/a><\/li>\n<li><a href=\"https:\/\/dari-system.com\/da\/tagrender-bladbeskyttelse\/\" title=\"Tagrender Bladbeskyttelse\"><a href=\"https:\/\/dari-system.com\/da\/tagrender-bladbeskyttelse\/\">Tagrender Bladbeskyttelse<\/a><\/a><\/li>\n<li><a href=\"https:\/\/dari-system.com\/da\/loevbeskyttet-tagrende\/\" title=\"L\u00f8vbeskyttet tagrende\"><a href=\"https:\/\/dari-system.com\/da\/loevbeskyttet-tagrende\/\">Bladbeskyttelse til tagrenden<\/a><\/a><\/li>\n<li><a href=\"https:\/\/dari-system.com\/da\/daeksel-til-tagrender\/\" title=\"D\u00e6ksel til tagrender\"> <a href=\"https:\/\/dari-system.com\/da\/daeksel-til-tagrender\/\"> D\u00e6ksel til tagrender <\/a> <\/a><\/li>\n<\/ul>\n<p>[\/et_pb_text][\/et_pb_column][\/et_pb_row][\/et_pb_section]<\/p>\n","protected":false},"excerpt":{"rendered":"<p>Den ideelle bladbeskyttelse til din tagrende Kender du ogs\u00e5 problemet med at have s\u00f8vnl\u00f8se n\u00e6tter om efter\u00e5ret, fordi du er bekymret for, at din tagrende eller nedl\u00f8bsr\u00f8r kan blive blokeret af blade og l\u00f8be over, n\u00e5r det regner? Alle husejere kender sikkert til det. Derfor vil du gerne have en bladsikring til din tagrende eller [&hellip;]<\/p>\n","protected":false},"author":1,"featured_media":0,"parent":0,"menu_order":0,"comment_status":"closed","ping_status":"closed","template":"","meta":{"_et_pb_use_builder":"on","_et_pb_old_content":"","_et_gb_content_width":"","iawp_total_views":8,"footnotes":""},"dipi_cpt_category":[],"class_list":["post-25548461","page","type-page","status-publish","hentry"],"yoast_head":"<!-- This site is optimized with the Yoast SEO plugin v27.4 - https:\/\/yoast.com\/product\/yoast-seo-wordpress\/ -->\n<title>Optimal bladbeskyttelse til din tagrende fra DaRi-System<\/title>\n<meta name=\"description\" content=\"DaRi sikrer din tagrende med en bladbeskytter af h\u00f8j kvalitet. Ikke mere irriterende fjernelse af blade. Find ud af mere!\" \/>\n<meta name=\"robots\" content=\"index, follow, max-snippet:-1, max-image-preview:large, max-video-preview:-1\" \/>\n<link rel=\"canonical\" href=\"https:\/\/dari-system.com\/da\/loevbeskyttet-tagrende\/\" \/>\n<meta property=\"og:locale\" content=\"da_DK\" \/>\n<meta property=\"og:type\" content=\"article\" \/>\n<meta property=\"og:title\" content=\"Optimal bladbeskyttelse til din tagrende fra DaRi-System\" \/>\n<meta property=\"og:description\" content=\"DaRi sikrer din tagrende med en bladbeskytter af h\u00f8j kvalitet. Ikke mere irriterende fjernelse af blade. Find ud af mere!\" \/>\n<meta property=\"og:url\" content=\"https:\/\/dari-system.com\/da\/loevbeskyttet-tagrende\/\" \/>\n<meta property=\"og:site_name\" content=\"DaRi System\" \/>\n<meta property=\"article:modified_time\" content=\"2024-08-20T10:35:24+00:00\" \/>\n<meta name=\"twitter:card\" content=\"summary_large_image\" \/>\n<meta name=\"twitter:label1\" content=\"Estimeret l\u00e6setid\" \/>\n\t<meta name=\"twitter:data1\" content=\"5 minutter\" \/>\n<script type=\"application\/ld+json\" class=\"yoast-schema-graph\">{\"@context\":\"https:\\\/\\\/schema.org\",\"@graph\":[{\"@type\":\"WebPage\",\"@id\":\"https:\\\/\\\/dari-system.com\\\/da\\\/loevbeskyttet-tagrende\\\/\",\"url\":\"https:\\\/\\\/dari-system.com\\\/da\\\/loevbeskyttet-tagrende\\\/\",\"name\":\"Optimal bladbeskyttelse til din tagrende fra DaRi-System\",\"isPartOf\":{\"@id\":\"https:\\\/\\\/dari-system.com\\\/da\\\/#website\"},\"datePublished\":\"2024-06-19T09:23:15+00:00\",\"dateModified\":\"2024-08-20T10:35:24+00:00\",\"description\":\"DaRi sikrer din tagrende med en bladbeskytter af h\u00f8j kvalitet. Ikke mere irriterende fjernelse af blade. Find ud af mere!\",\"breadcrumb\":{\"@id\":\"https:\\\/\\\/dari-system.com\\\/da\\\/loevbeskyttet-tagrende\\\/#breadcrumb\"},\"inLanguage\":\"da-DK\",\"potentialAction\":[{\"@type\":\"ReadAction\",\"target\":[\"https:\\\/\\\/dari-system.com\\\/da\\\/loevbeskyttet-tagrende\\\/\"]}]},{\"@type\":\"BreadcrumbList\",\"@id\":\"https:\\\/\\\/dari-system.com\\\/da\\\/loevbeskyttet-tagrende\\\/#breadcrumb\",\"itemListElement\":[{\"@type\":\"ListItem\",\"position\":1,\"name\":\"Startseite\",\"item\":\"https:\\\/\\\/dari-system.com\\\/da\\\/\"},{\"@type\":\"ListItem\",\"position\":2,\"name\":\"L\u00f8vbeskyttet tagrende\"}]},{\"@type\":\"WebSite\",\"@id\":\"https:\\\/\\\/dari-system.com\\\/da\\\/#website\",\"url\":\"https:\\\/\\\/dari-system.com\\\/da\\\/\",\"name\":\"DaRi System\",\"description\":\"\",\"potentialAction\":[{\"@type\":\"SearchAction\",\"target\":{\"@type\":\"EntryPoint\",\"urlTemplate\":\"https:\\\/\\\/dari-system.com\\\/da\\\/?s={search_term_string}\"},\"query-input\":{\"@type\":\"PropertyValueSpecification\",\"valueRequired\":true,\"valueName\":\"search_term_string\"}}],\"inLanguage\":\"da-DK\"}]}<\/script>\n<!-- \/ Yoast SEO plugin. -->","yoast_head_json":{"title":"Optimal bladbeskyttelse til din tagrende fra DaRi-System","description":"DaRi sikrer din tagrende med en bladbeskytter af h\u00f8j kvalitet. Ikke mere irriterende fjernelse af blade. Find ud af mere!","robots":{"index":"index","follow":"follow","max-snippet":"max-snippet:-1","max-image-preview":"max-image-preview:large","max-video-preview":"max-video-preview:-1"},"canonical":"https:\/\/dari-system.com\/da\/loevbeskyttet-tagrende\/","og_locale":"da_DK","og_type":"article","og_title":"Optimal bladbeskyttelse til din tagrende fra DaRi-System","og_description":"DaRi sikrer din tagrende med en bladbeskytter af h\u00f8j kvalitet. Ikke mere irriterende fjernelse af blade. Find ud af mere!","og_url":"https:\/\/dari-system.com\/da\/loevbeskyttet-tagrende\/","og_site_name":"DaRi System","article_modified_time":"2024-08-20T10:35:24+00:00","twitter_card":"summary_large_image","twitter_misc":{"Estimeret l\u00e6setid":"5 minutter"},"schema":{"@context":"https:\/\/schema.org","@graph":[{"@type":"WebPage","@id":"https:\/\/dari-system.com\/da\/loevbeskyttet-tagrende\/","url":"https:\/\/dari-system.com\/da\/loevbeskyttet-tagrende\/","name":"Optimal bladbeskyttelse til din tagrende fra DaRi-System","isPartOf":{"@id":"https:\/\/dari-system.com\/da\/#website"},"datePublished":"2024-06-19T09:23:15+00:00","dateModified":"2024-08-20T10:35:24+00:00","description":"DaRi sikrer din tagrende med en bladbeskytter af h\u00f8j kvalitet. Ikke mere irriterende fjernelse af blade. Find ud af mere!","breadcrumb":{"@id":"https:\/\/dari-system.com\/da\/loevbeskyttet-tagrende\/#breadcrumb"},"inLanguage":"da-DK","potentialAction":[{"@type":"ReadAction","target":["https:\/\/dari-system.com\/da\/loevbeskyttet-tagrende\/"]}]},{"@type":"BreadcrumbList","@id":"https:\/\/dari-system.com\/da\/loevbeskyttet-tagrende\/#breadcrumb","itemListElement":[{"@type":"ListItem","position":1,"name":"Startseite","item":"https:\/\/dari-system.com\/da\/"},{"@type":"ListItem","position":2,"name":"L\u00f8vbeskyttet tagrende"}]},{"@type":"WebSite","@id":"https:\/\/dari-system.com\/da\/#website","url":"https:\/\/dari-system.com\/da\/","name":"DaRi System","description":"","potentialAction":[{"@type":"SearchAction","target":{"@type":"EntryPoint","urlTemplate":"https:\/\/dari-system.com\/da\/?s={search_term_string}"},"query-input":{"@type":"PropertyValueSpecification","valueRequired":true,"valueName":"search_term_string"}}],"inLanguage":"da-DK"}]}},"_links":{"self":[{"href":"https:\/\/dari-system.com\/da\/wp-json\/wp\/v2\/pages\/25548461","targetHints":{"allow":["GET"]}}],"collection":[{"href":"https:\/\/dari-system.com\/da\/wp-json\/wp\/v2\/pages"}],"about":[{"href":"https:\/\/dari-system.com\/da\/wp-json\/wp\/v2\/types\/page"}],"author":[{"embeddable":true,"href":"https:\/\/dari-system.com\/da\/wp-json\/wp\/v2\/users\/1"}],"replies":[{"embeddable":true,"href":"https:\/\/dari-system.com\/da\/wp-json\/wp\/v2\/comments?post=25548461"}],"version-history":[{"count":6,"href":"https:\/\/dari-system.com\/da\/wp-json\/wp\/v2\/pages\/25548461\/revisions"}],"predecessor-version":[{"id":25548482,"href":"https:\/\/dari-system.com\/da\/wp-json\/wp\/v2\/pages\/25548461\/revisions\/25548482"}],"wp:attachment":[{"href":"https:\/\/dari-system.com\/da\/wp-json\/wp\/v2\/media?parent=25548461"}],"wp:term":[{"taxonomy":"dipi_cpt_category","embeddable":true,"href":"https:\/\/dari-system.com\/da\/wp-json\/wp\/v2\/dipi_cpt_category?post=25548461"}],"curies":[{"name":"wp","href":"https:\/\/api.w.org\/{rel}","templated":true}]}}