{"id":25548436,"date":"2024-06-19T09:58:35","date_gmt":"2024-06-19T09:58:35","guid":{"rendered":"https:\/\/dari-system.com\/daeksel-til-tagrender\/"},"modified":"2024-08-20T10:34:19","modified_gmt":"2024-08-20T10:34:19","slug":"daeksel-til-tagrender","status":"publish","type":"page","link":"https:\/\/dari-system.com\/da\/daeksel-til-tagrender\/","title":{"rendered":"D\u00e6ksel til tagrender"},"content":{"rendered":"<p>[et_pb_section fb_built=&#8221;1&#8243; fullwidth=&#8221;on&#8221; _builder_version=&#8221;4.25.0&#8243; _module_preset=&#8221;default&#8221; bottom_divider_color=&#8221;#FFFFFF&#8221; bottom_divider_height=&#8221;82px&#8221; bottom_divider_flip=&#8221;horizontal&#8221; locked=&#8221;off&#8221; global_colors_info=&#8221;{}&#8221;][et_pb_fullwidth_header title=&#8221;D\u00e6ksel til tagrender  &#8221; subhead=&#8221;Den bedste beskyttelse af dit tag&#8221; _builder_version=&#8221;4.25.0&#8243; _module_preset=&#8221;default&#8221; title_font=&#8221;|800|||||||&#8221; title_font_size=&#8221;45px&#8221; background_image=&#8221;https:\/\/dari-system.com\/wp-content\/uploads\/2024\/05\/header_background.webp&#8221; background_position=&#8221;bottom_center&#8221; custom_padding=&#8221;8vh||8vh||true|false&#8221; title_font_size_tablet=&#8221;45px&#8221; title_font_size_phone=&#8221;29px&#8221; title_font_size_last_edited=&#8221;on|phone&#8221; content_font_size_tablet=&#8221;&#8221; content_font_size_phone=&#8221;17px&#8221; content_font_size_last_edited=&#8221;on|phone&#8221; global_colors_info=&#8221;{}&#8221;][\/et_pb_fullwidth_header][\/et_pb_section][et_pb_section fb_built=&#8221;1&#8243; _builder_version=&#8221;4.25.0&#8243; _module_preset=&#8221;default&#8221; custom_margin=&#8221;||0px||false|false&#8221; custom_padding=&#8221;||0px||false|false&#8221; global_colors_info=&#8221;{}&#8221;][et_pb_row column_structure=&#8221;1_2,1_2&#8243; _builder_version=&#8221;4.25.0&#8243; _module_preset=&#8221;default&#8221; global_colors_info=&#8221;{}&#8221;][et_pb_column type=&#8221;1_2&#8243; _builder_version=&#8221;4.25.0&#8243; _module_preset=&#8221;default&#8221; global_colors_info=&#8221;{}&#8221;][et_pb_text _builder_version=&#8221;4.25.0&#8243; _module_preset=&#8221;default&#8221; header_2_font=&#8221;|700|||||||&#8221; global_colors_info=&#8221;{}&#8221;]<\/p>\n<h2>Den sikre tagrendeafd\u00e6kning til dit tag<\/h2>\n<p>En tagrendeindd\u00e6kning beskytter effektivt tagrenden mod blokeringer for\u00e5rsaget af blade, n\u00e5le, sm\u00e5 grene og mos.<br \/>\nUden en <strong>tagrendeindd\u00e6kning<\/strong> kan selv kassetrender hurtigt blive blokeret.<br \/>\nAlle husejere kender til problemet med at skulle rense halvrunde tagrender og skotrender igen og igen.<br \/>\nIs\u00e6r om efter\u00e5ret bliver tagrender og skotrender hurtigt tilstoppet af blade.<br \/>\nEn effektiv tagrendeindd\u00e6kning beskytter derfor ikke kun tagrenden mod tilstopning, men g\u00f8r det ogs\u00e5 lettere for husejeren at beskytte sit hus, da regnvandet ikke l\u00f8ber over den tilstoppede tagrende og gennembl\u00f8der husmuren.    <\/p>\n<p>[\/et_pb_text][\/et_pb_column][et_pb_column type=&#8221;1_2&#8243; _builder_version=&#8221;4.25.0&#8243; _module_preset=&#8221;default&#8221; global_colors_info=&#8221;{}&#8221;][et_pb_image src=&#8221;https:\/\/dari-system.com\/wp-content\/uploads\/2024\/06\/dachrinnenabdeckung.webp&#8221; alt=&#8221;Indd\u00e6kning af tagrender&#8221; title_text=&#8221;D\u00e6ksel til tagrender&#8221; _builder_version=&#8221;4.25.0&#8243; _module_preset=&#8221;default&#8221; custom_margin=&#8221;||5px||false|false&#8221; global_colors_info=&#8221;{}&#8221;][\/et_pb_image][et_pb_text _builder_version=&#8221;4.25.0&#8243; _module_preset=&#8221;default&#8221; custom_margin=&#8221;0px||||false|false&#8221; global_colors_info=&#8221;{}&#8221;]<\/p>\n<p style=\"text-align: center;\"><em>DaRi tagrendeafd\u00e6kning<\/em><\/p>\n<p>[\/et_pb_text][\/et_pb_column][\/et_pb_row][\/et_pb_section][et_pb_section fb_built=&#8221;1&#8243; _builder_version=&#8221;4.25.0&#8243; _module_preset=&#8221;default&#8221; custom_margin=&#8221;0px||||false|false&#8221; custom_padding=&#8221;0px||||false|false&#8221; global_colors_info=&#8221;{}&#8221;][et_pb_row _builder_version=&#8221;4.25.0&#8243; _module_preset=&#8221;default&#8221; global_colors_info=&#8221;{}&#8221;][et_pb_column type=&#8221;4_4&#8243; _builder_version=&#8221;4.25.0&#8243; _module_preset=&#8221;default&#8221; global_colors_info=&#8221;{}&#8221;][et_pb_text _builder_version=&#8221;4.25.0&#8243; _module_preset=&#8221;default&#8221; header_2_font=&#8221;|700|||||||&#8221; hover_enabled=&#8221;0&#8243; global_colors_info=&#8221;{}&#8221; sticky_enabled=&#8221;0&#8243;]<\/p>\n<h2>Spar omkostninger ved at k\u00f8be et tagrendecover<\/h2>\n<p>Med en tagrendeindd\u00e6kning til din tagrende kan du effektivt spare omkostninger.<br \/>\nEn tilstoppet tagrende kan nemlig blive meget dyr, hvis tagrenden l\u00f8ber over og gennembl\u00f8der husmuren.<br \/>\nDer kan ogs\u00e5 tr\u00e6nge vand ind i k\u00e6lderen via lysskakten, hvis tagrenden l\u00f8ber over.<br \/>\nUndg\u00e5 denne risiko og beskyt din tagrende med et tagrendecover.   <\/p>\n<h2>Bedre livskvalitet med en god tagrendeafd\u00e6kning<\/h2>\n<p>Med en god tagrendeindd\u00e6kning f\u00e5r du ogs\u00e5 en bedre livskvalitet.<br \/>\nFor hvis du ikke l\u00e6ngere skal bekymre dig om, at din tagrende eller nedl\u00f8bsr\u00f8r bliver tilstoppet, kan du tage p\u00e5 efter\u00e5rsferie med ro i sindet. <\/p>\n<h2>V\u00e6r opm\u00e6rksom p\u00e5 kvaliteten af tagrendeafd\u00e6kningen<\/h2>\n<p>Hvis du er p\u00e5 udkig efter en tagrendeafd\u00e6kning af h\u00f8j kvalitet, skal du n\u00f8je kontrollere, om tagrendeafd\u00e6kningen opfylder sit form\u00e5l.<br \/>\nV\u00e6r derfor opm\u00e6rksom p\u00e5 kvaliteten af tagrendeindd\u00e6kningen.<br \/>\nVi tilbyder tagrendeindd\u00e6kninger i topkvalitet til halvrunde tagrender og kassetagrender.<br \/>\nVores tagrendeindd\u00e6kninger passer til n\u00e6sten alle tagrender.   <\/p>\n<h2>God service er meget vigtig, n\u00e5r du k\u00f8ber en tagrendeafd\u00e6kning<\/h2>\n<p>Du f\u00e5r den bedste service fra os.<br \/>\nDu kan sende os billeder af din tagrende eller nedl\u00f8bsr\u00f8r, s\u00e5 r\u00e5dgiver vi dig gratis om, hvilket tagrendecover der passer bedst til din tagrende eller nedl\u00f8bsr\u00f8r.<br \/>\nSelv hvis der opst\u00e5r problemer under installationen, er vi der for at hj\u00e6lpe og r\u00e5dgive dig.  <\/p>\n<h2>For at sikre, at du kan nyde dit tag i lang tid, skal du beskytte din tagrende med en tagrendeafd\u00e6kning.<\/h2>\n<p>En tagrendeindd\u00e6kning sparer dig for en masse kedeligt arbejde.<br \/>\nAt skulle kravle op p\u00e5 den h\u00f8je stige flere gange om \u00e5ret er ikke kun kedeligt, men ogs\u00e5 farligt.<br \/>\nJo \u00e6ldre du bliver, jo mere \u00f8nsker du at undg\u00e5 denne ulykkesrisiko.  <\/p>\n<h2>Garanti for, at tagrenden ikke l\u00e6ngere tilstoppes<\/h2>\n<p>Med en tagrendeafd\u00e6kning fra vores butik f\u00e5r du en garanti fra os for, at din tagrende ikke l\u00e6ngere vil blive blokeret af blade.<br \/>\nHvor ellers kan du f\u00e5 en s\u00e5dan garanti p\u00e5 et tagrendecover? <\/p>\n<p>Dette kunne ogs\u00e5 v\u00e6re interessant for dig:<\/p>\n<ul>\n<li><a href=\"https:\/\/dari-system.com\/laubfang-dachrinne\/\" title=\"L\u00f8vbeskyttet tagrende\"><a href=\"https:\/\/dari-system.com\/laubfang-dachrinne\/\">Bladbeskyttelse til tagrenden<\/a><\/a><\/li>\n<li><a href=\"https:\/\/dari-system.com\/da\/tagrender-bladbeskyttelse\/\" title=\"Tagrender Bladbeskyttelse\"><a href=\"https:\/\/dari-system.com\/da\/tagrender-bladbeskyttelse\/\">Tagrender Bladbeskyttelse<\/a><\/a><\/li>\n<li><a href=\"https:\/\/dari-system.com\/laubschutz-dachrinne\/\" title=\"L\u00f8vbeskyttet tagrende\"><a href=\"https:\/\/dari-system.com\/laubschutz-dachrinne\/\">Bladbeskyttelse til tagrenden<\/a><\/a><\/li>\n<li><a href=\"https:\/\/dari-system.com\/da\/daeksel-til-tagrender\/\" title=\"D\u00e6ksel til tagrender\"> <a href=\"https:\/\/dari-system.com\/da\/daeksel-til-tagrender\/\"> D\u00e6ksel til tagrender<\/a><\/a><\/li>\n<\/ul>\n<p>[\/et_pb_text][\/et_pb_column][\/et_pb_row][\/et_pb_section]<\/p>\n","protected":false},"excerpt":{"rendered":"<p>Den sikre tagrendeafd\u00e6kning til dit tag En tagrendeindd\u00e6kning beskytter effektivt tagrenden mod blokeringer for\u00e5rsaget af blade, n\u00e5le, sm\u00e5 grene og mos. Uden en tagrendeindd\u00e6kning kan selv kassetrender hurtigt blive blokeret. Alle husejere kender til problemet med at skulle rense halvrunde tagrender og skotrender igen og igen. Is\u00e6r om efter\u00e5ret bliver tagrender og skotrender hurtigt tilstoppet [&hellip;]<\/p>\n","protected":false},"author":1,"featured_media":0,"parent":0,"menu_order":0,"comment_status":"closed","ping_status":"closed","template":"","meta":{"_et_pb_use_builder":"on","_et_pb_old_content":"","_et_gb_content_width":"","iawp_total_views":56,"footnotes":""},"dipi_cpt_category":[],"class_list":["post-25548436","page","type-page","status-publish","hentry"],"yoast_head":"<!-- This site is optimized with the Yoast SEO plugin v27.4 - https:\/\/yoast.com\/product\/yoast-seo-wordpress\/ -->\n<title>DaRi-tagrendeafd\u00e6kning - perfekt beskyttelse mod blade<\/title>\n<meta name=\"description\" content=\"F\u00e5 mere at vide om DaRi-tagrenden og beskyt din tagrende mod blade og blokeringer. Vi giver r\u00e5d om\" \/>\n<meta name=\"robots\" content=\"index, follow, max-snippet:-1, max-image-preview:large, max-video-preview:-1\" \/>\n<link rel=\"canonical\" href=\"https:\/\/dari-system.com\/da\/daeksel-til-tagrender\/\" \/>\n<meta property=\"og:locale\" content=\"da_DK\" \/>\n<meta property=\"og:type\" content=\"article\" \/>\n<meta property=\"og:title\" content=\"DaRi-tagrendeafd\u00e6kning - perfekt beskyttelse mod blade\" \/>\n<meta property=\"og:description\" content=\"F\u00e5 mere at vide om DaRi-tagrenden og beskyt din tagrende mod blade og blokeringer. Vi giver r\u00e5d om\" \/>\n<meta property=\"og:url\" content=\"https:\/\/dari-system.com\/da\/daeksel-til-tagrender\/\" \/>\n<meta property=\"og:site_name\" content=\"DaRi System\" \/>\n<meta property=\"article:modified_time\" content=\"2024-08-20T10:34:19+00:00\" \/>\n<meta name=\"twitter:card\" content=\"summary_large_image\" \/>\n<meta name=\"twitter:label1\" content=\"Estimeret l\u00e6setid\" \/>\n\t<meta name=\"twitter:data1\" content=\"4 minutter\" \/>\n<script type=\"application\/ld+json\" class=\"yoast-schema-graph\">{\"@context\":\"https:\\\/\\\/schema.org\",\"@graph\":[{\"@type\":\"WebPage\",\"@id\":\"https:\\\/\\\/dari-system.com\\\/da\\\/daeksel-til-tagrender\\\/\",\"url\":\"https:\\\/\\\/dari-system.com\\\/da\\\/daeksel-til-tagrender\\\/\",\"name\":\"DaRi-tagrendeafd\u00e6kning - perfekt beskyttelse mod blade\",\"isPartOf\":{\"@id\":\"https:\\\/\\\/dari-system.com\\\/da\\\/#website\"},\"datePublished\":\"2024-06-19T09:58:35+00:00\",\"dateModified\":\"2024-08-20T10:34:19+00:00\",\"description\":\"F\u00e5 mere at vide om DaRi-tagrenden og beskyt din tagrende mod blade og blokeringer. Vi giver r\u00e5d om\",\"breadcrumb\":{\"@id\":\"https:\\\/\\\/dari-system.com\\\/da\\\/daeksel-til-tagrender\\\/#breadcrumb\"},\"inLanguage\":\"da-DK\",\"potentialAction\":[{\"@type\":\"ReadAction\",\"target\":[\"https:\\\/\\\/dari-system.com\\\/da\\\/daeksel-til-tagrender\\\/\"]}]},{\"@type\":\"BreadcrumbList\",\"@id\":\"https:\\\/\\\/dari-system.com\\\/da\\\/daeksel-til-tagrender\\\/#breadcrumb\",\"itemListElement\":[{\"@type\":\"ListItem\",\"position\":1,\"name\":\"Startseite\",\"item\":\"https:\\\/\\\/dari-system.com\\\/da\\\/\"},{\"@type\":\"ListItem\",\"position\":2,\"name\":\"D\u00e6ksel til tagrender\"}]},{\"@type\":\"WebSite\",\"@id\":\"https:\\\/\\\/dari-system.com\\\/da\\\/#website\",\"url\":\"https:\\\/\\\/dari-system.com\\\/da\\\/\",\"name\":\"DaRi System\",\"description\":\"\",\"potentialAction\":[{\"@type\":\"SearchAction\",\"target\":{\"@type\":\"EntryPoint\",\"urlTemplate\":\"https:\\\/\\\/dari-system.com\\\/da\\\/?s={search_term_string}\"},\"query-input\":{\"@type\":\"PropertyValueSpecification\",\"valueRequired\":true,\"valueName\":\"search_term_string\"}}],\"inLanguage\":\"da-DK\"}]}<\/script>\n<!-- \/ Yoast SEO plugin. -->","yoast_head_json":{"title":"DaRi-tagrendeafd\u00e6kning - perfekt beskyttelse mod blade","description":"F\u00e5 mere at vide om DaRi-tagrenden og beskyt din tagrende mod blade og blokeringer. Vi giver r\u00e5d om","robots":{"index":"index","follow":"follow","max-snippet":"max-snippet:-1","max-image-preview":"max-image-preview:large","max-video-preview":"max-video-preview:-1"},"canonical":"https:\/\/dari-system.com\/da\/daeksel-til-tagrender\/","og_locale":"da_DK","og_type":"article","og_title":"DaRi-tagrendeafd\u00e6kning - perfekt beskyttelse mod blade","og_description":"F\u00e5 mere at vide om DaRi-tagrenden og beskyt din tagrende mod blade og blokeringer. Vi giver r\u00e5d om","og_url":"https:\/\/dari-system.com\/da\/daeksel-til-tagrender\/","og_site_name":"DaRi System","article_modified_time":"2024-08-20T10:34:19+00:00","twitter_card":"summary_large_image","twitter_misc":{"Estimeret l\u00e6setid":"4 minutter"},"schema":{"@context":"https:\/\/schema.org","@graph":[{"@type":"WebPage","@id":"https:\/\/dari-system.com\/da\/daeksel-til-tagrender\/","url":"https:\/\/dari-system.com\/da\/daeksel-til-tagrender\/","name":"DaRi-tagrendeafd\u00e6kning - perfekt beskyttelse mod blade","isPartOf":{"@id":"https:\/\/dari-system.com\/da\/#website"},"datePublished":"2024-06-19T09:58:35+00:00","dateModified":"2024-08-20T10:34:19+00:00","description":"F\u00e5 mere at vide om DaRi-tagrenden og beskyt din tagrende mod blade og blokeringer. Vi giver r\u00e5d om","breadcrumb":{"@id":"https:\/\/dari-system.com\/da\/daeksel-til-tagrender\/#breadcrumb"},"inLanguage":"da-DK","potentialAction":[{"@type":"ReadAction","target":["https:\/\/dari-system.com\/da\/daeksel-til-tagrender\/"]}]},{"@type":"BreadcrumbList","@id":"https:\/\/dari-system.com\/da\/daeksel-til-tagrender\/#breadcrumb","itemListElement":[{"@type":"ListItem","position":1,"name":"Startseite","item":"https:\/\/dari-system.com\/da\/"},{"@type":"ListItem","position":2,"name":"D\u00e6ksel til tagrender"}]},{"@type":"WebSite","@id":"https:\/\/dari-system.com\/da\/#website","url":"https:\/\/dari-system.com\/da\/","name":"DaRi System","description":"","potentialAction":[{"@type":"SearchAction","target":{"@type":"EntryPoint","urlTemplate":"https:\/\/dari-system.com\/da\/?s={search_term_string}"},"query-input":{"@type":"PropertyValueSpecification","valueRequired":true,"valueName":"search_term_string"}}],"inLanguage":"da-DK"}]}},"_links":{"self":[{"href":"https:\/\/dari-system.com\/da\/wp-json\/wp\/v2\/pages\/25548436","targetHints":{"allow":["GET"]}}],"collection":[{"href":"https:\/\/dari-system.com\/da\/wp-json\/wp\/v2\/pages"}],"about":[{"href":"https:\/\/dari-system.com\/da\/wp-json\/wp\/v2\/types\/page"}],"author":[{"embeddable":true,"href":"https:\/\/dari-system.com\/da\/wp-json\/wp\/v2\/users\/1"}],"replies":[{"embeddable":true,"href":"https:\/\/dari-system.com\/da\/wp-json\/wp\/v2\/comments?post=25548436"}],"version-history":[{"count":1,"href":"https:\/\/dari-system.com\/da\/wp-json\/wp\/v2\/pages\/25548436\/revisions"}],"predecessor-version":[{"id":25548445,"href":"https:\/\/dari-system.com\/da\/wp-json\/wp\/v2\/pages\/25548436\/revisions\/25548445"}],"wp:attachment":[{"href":"https:\/\/dari-system.com\/da\/wp-json\/wp\/v2\/media?parent=25548436"}],"wp:term":[{"taxonomy":"dipi_cpt_category","embeddable":true,"href":"https:\/\/dari-system.com\/da\/wp-json\/wp\/v2\/dipi_cpt_category?post=25548436"}],"curies":[{"name":"wp","href":"https:\/\/api.w.org\/{rel}","templated":true}]}}