{"id":25548408,"date":"2024-06-19T14:44:07","date_gmt":"2024-06-19T14:44:07","guid":{"rendered":"https:\/\/dari-system.com\/tagrender-bladbeskyttelse\/"},"modified":"2024-08-20T10:34:16","modified_gmt":"2024-08-20T10:34:16","slug":"tagrender-bladbeskyttelse","status":"publish","type":"page","link":"https:\/\/dari-system.com\/da\/tagrender-bladbeskyttelse\/","title":{"rendered":"Tagrender Bladbeskyttelse"},"content":{"rendered":"<p>[et_pb_section fb_built=&#8221;1&#8243; fullwidth=&#8221;on&#8221; _builder_version=&#8221;4.25.0&#8243; _module_preset=&#8221;default&#8221; bottom_divider_color=&#8221;#FFFFFF&#8221; bottom_divider_height=&#8221;82px&#8221; bottom_divider_flip=&#8221;horizontal&#8221; locked=&#8221;off&#8221; global_colors_info=&#8221;{}&#8221;][et_pb_fullwidth_header title=&#8221;Tagrender Bladbeskyttelse&#8221; subhead=&#8221;og du har en ting mindre at bekymre dig om&#8221; _builder_version=&#8221;4.25.0&#8243; _module_preset=&#8221;default&#8221; title_font=&#8221;|800|||||||&#8221; title_font_size=&#8221;45px&#8221; background_image=&#8221;https:\/\/dari-system.com\/wp-content\/uploads\/2024\/05\/header_background.webp&#8221; background_position=&#8221;bottom_center&#8221; custom_padding=&#8221;8vh||8vh||true|false&#8221; hover_enabled=&#8221;0&#8243; title_font_size_tablet=&#8221;45px&#8221; title_font_size_phone=&#8221;29px&#8221; title_font_size_last_edited=&#8221;on|phone&#8221; content_font_size_tablet=&#8221;&#8221; content_font_size_phone=&#8221;17px&#8221; content_font_size_last_edited=&#8221;on|phone&#8221; global_colors_info=&#8221;{}&#8221; sticky_enabled=&#8221;0&#8243;][\/et_pb_fullwidth_header][\/et_pb_section][et_pb_section fb_built=&#8221;1&#8243; _builder_version=&#8221;4.25.0&#8243; _module_preset=&#8221;default&#8221; custom_margin=&#8221;||0px||false|false&#8221; custom_padding=&#8221;||0px||false|false&#8221; global_colors_info=&#8221;{}&#8221;][et_pb_row _builder_version=&#8221;4.25.0&#8243; _module_preset=&#8221;default&#8221; global_colors_info=&#8221;{}&#8221;][et_pb_column type=&#8221;4_4&#8243; _builder_version=&#8221;4.25.0&#8243; _module_preset=&#8221;default&#8221; global_colors_info=&#8221;{}&#8221;][et_pb_text _builder_version=&#8221;4.25.0&#8243; _module_preset=&#8221;default&#8221; header_2_font=&#8221;|700|||||||&#8221; hover_enabled=&#8221;0&#8243; global_colors_info=&#8221;{}&#8221; sticky_enabled=&#8221;0&#8243;]<\/p>\n<h2>Den p\u00e5lidelige bladbeskyttelse til tagrender<\/h2>\n<p>  Med vores tagrendebeskytter beh\u00f8ver du ikke l\u00e6ngere bekymre dig om, at din tagrende bliver blokeret.<br \/>\nTagrendebeskyttelsen beskytter p\u00e5lideligt halvrunde og kasseformede tagrender mod blokeringer for\u00e5rsaget af blade eller n\u00e5le.<br \/>\nDet er en leg at installere tagrendebeskyttelsen.<br \/>\nDu beh\u00f8ver ikke engang noget v\u00e6rkt\u00f8j.<br \/>\nTagrendebeskyttelsen placeres blot i tagrenden og klipses fast p\u00e5 den runde vulst foran.<br \/>\nClipsene f\u00e5s i sort og s\u00f8lv.<br \/>\nDet betyder, at clipsene n\u00e6sten ikke er synlige nedefra.<br \/>\nOg alligevel er din tagrende stadig fremragende beskyttet af tagrendebeskyttelsen.<br \/>\nTagrendebeskyttelsen beskytter dog ikke tagrenden mod blade eller n\u00e5le.<br \/>\nSm\u00e5 grene eller mos bl\u00e6ser ogs\u00e5 ned fra taget og ville ende i tagrenden, hvis der ikke var en tagrendebeskytter.[\/et_pb_text][\/et_pb_column][\/et_pb_row][et_pb_row column_structure=&#8221;1_2,1_2&#8243; _builder_version=&#8221;4.25.0&#8243; _module_preset=&#8221;default&#8221; global_colors_info=&#8221;{}&#8221;][et_pb_column type=&#8221;1_2&#8243; _builder_version=&#8221;4.25.0&#8243; _module_preset=&#8221;default&#8221; global_colors_info=&#8221;{}&#8221;][et_pb_text _builder_version=&#8221;4.25.0&#8243; _module_preset=&#8221;default&#8221; header_2_font=&#8221;|700|||||||&#8221; hover_enabled=&#8221;0&#8243; global_colors_info=&#8221;{}&#8221; sticky_enabled=&#8221;0&#8243;]<\/p>\n<h2>Vores tagrendebeskyttere passer til n\u00e6sten alle tagrender<\/h2>\n<p>  Afh\u00e6ngigt af st\u00f8rrelsen p\u00e5 dit tag vil tagrendens st\u00f8rrelse ogs\u00e5 blive tilpasset dette.<br \/>\nTil meget store tage installeres ofte en tagrende i st\u00f8rrelse 40 og til sm\u00e5 tage en tagrende i st\u00f8rrelse 28.<br \/>\nI boligbyggeri er det dog mest almindeligt at bruge tagrender i st\u00f8rrelse 33.<br \/>\nDu kan se st\u00f8rrelsen p\u00e5 din tagrende for enden af tagrenden.<br \/>\nDer er en endeplade.<br \/>\nDenne plade viser normalt st\u00f8rrelsen p\u00e5 tagrenden.<br \/>\nSt\u00f8rrelsen p\u00e5 tagrenden er meget vigtig for at sikre, at tagrendebeskyttelsen passer perfekt.<br \/>\nMed kassetagrender er der dog ofte ikke-standardiserede tagrender, f.eks. p\u00e5 en udestue eller altan.<br \/>\nVores tagrendebeskyttere til kassetrender er derfor meget fleksible og kan tilpasses meget forskellige bredder af kassetrender.<br \/>\nB\u00e5de h\u00f8jden og bredden p\u00e5 tagrendebeskyttelsen til kassetrender kan justeres.[\/et_pb_text][\/et_pb_column][et_pb_column type=&#8221;1_2&#8243; _builder_version=&#8221;4.25.0&#8243; _module_preset=&#8221;default&#8221; global_colors_info=&#8221;{}&#8221;][et_pb_image src=&#8221;https:\/\/dari-system.com\/wp-content\/uploads\/2024\/06\/regenrinnen-laubschutz.webp&#8221; alt=&#8221;Tagrender Bladbeskyttelse&#8221; title_text=&#8221;Tagrendebeskyttelse&#8221; _builder_version=&#8221;4.25.0&#8243; _module_preset=&#8221;default&#8221; custom_margin=&#8221;||5px||false|false&#8221; hover_enabled=&#8221;0&#8243; global_colors_info=&#8221;{}&#8221; sticky_enabled=&#8221;0&#8243;][\/et_pb_image][et_pb_text _builder_version=&#8221;4.25.0&#8243; _module_preset=&#8221;default&#8221; custom_margin=&#8221;0px||||false|false&#8221; hover_enabled=&#8221;0&#8243; global_colors_info=&#8221;{}&#8221; sticky_enabled=&#8221;0&#8243;]<\/p>\n<p style=\"text-align: center;\"><em>Bladbeskyttelse til alle tagrender<\/em><\/p>\n<p>[\/et_pb_text][\/et_pb_column][\/et_pb_row][\/et_pb_section][et_pb_section fb_built=&#8221;1&#8243; _builder_version=&#8221;4.25.0&#8243; _module_preset=&#8221;default&#8221; custom_margin=&#8221;0px||||false|false&#8221; custom_padding=&#8221;0px||||false|false&#8221; global_colors_info=&#8221;{}&#8221;][et_pb_row _builder_version=&#8221;4.25.0&#8243; _module_preset=&#8221;default&#8221; hover_enabled=&#8221;0&#8243; global_colors_info=&#8221;{}&#8221; sticky_enabled=&#8221;0&#8243;][et_pb_column type=&#8221;4_4&#8243; _builder_version=&#8221;4.25.0&#8243; _module_preset=&#8221;default&#8221; global_colors_info=&#8221;{}&#8221;][et_pb_text _builder_version=&#8221;4.25.0&#8243; _module_preset=&#8221;default&#8221; header_2_font=&#8221;|700|||||||&#8221; hover_enabled=&#8221;0&#8243; global_colors_info=&#8221;{}&#8221; sticky_enabled=&#8221;0&#8243;]<\/p>\n<h2>Stol p\u00e5 mere end 20 \u00e5rs erfaring med vores tagrendebeskyttere<\/h2>\n<p>I mere end 20 \u00e5r har vi besk\u00e6ftiget os med sp\u00f8rgsm\u00e5let om, hvordan tagrender kan beskyttes mod blokeringer for\u00e5rsaget af blade, n\u00e5le, kviste, mos eller tr\u00e6blomster.<br \/>\nVi f\u00e5r henvendelser fra husejere, hvis hus ligger ved siden af et stort fyrretr\u00e6, og som er desperate, fordi tagrenden er fuld af fyrren\u00e5le hver uge.<br \/>\nMed tagrendebeskyttelsen er disse husejere glade for at have l\u00f8st dette problem.<br \/>\nMed vores produkter har vi allerede givet mange kunder et ubekymret liv tilbage.   <\/p>\n<h2>Service er vores h\u00f8jeste prioritet<\/h2>\n<p>Vi bliver glade, n\u00e5r vi f\u00e5r henvendelser fra kunder, der sender os billeder af deres tagrender og sp\u00f8rger, om vores tagrendebeskytter passer til deres tagrender.<br \/>\nKunderne f\u00e5r gratis r\u00e5dgivning, og vi kan i n\u00e6sten alle tilf\u00e6lde hj\u00e6lpe med at stoppe tilstopningen af tagrenden.<br \/>\nDa tagrendebeskyttelsen er lavet af slidst\u00e6rkt polypropylen med UV-beskyttelse, f\u00e5r vi ofte positiv feedback fra kunderne om, hvor tilfredse de er, selv efter mange \u00e5r.<br \/>\nVi g\u00f8r ogs\u00e5 noget godt for milj\u00f8et, fordi vores produkter er fuldt genanvendelige.<br \/>\nOg det bedste af det hele er, at tagrendebeskyttelsen er designet og produceret i Tyskland.<br \/>\nMade in Germany st\u00e5r for den h\u00f8jeste kvalitet og holdbarhed.     <\/p>\n<h2>Instruktioner til installation af bladbeskyttere til tagrenden<\/h2>\n<p><strong>Installer din bladbeskyttelse til tagrender i 5 trin<\/strong><\/p>\n<ol>\n<li>Forberedelse: F\u00f8r du installerer tagrendebeskyttelsen, skal du reng\u00f8re tagrenden grundigt.<\/li>\n<li>Forbered materialerne: Du beh\u00f8ver ikke en hammer eller en skrue for at montere tagrendebeskyttelsen.<br \/>\nDu skal blot s\u00e6tte clipsene p\u00e5 DaRi-systemet, og s\u00e5 er du klar til at g\u00e5 i gang. <\/li>\n<li>Installation: Installation er en leg.<br \/>\nPlacer blot tagrendebeskyttelsen i tagrenden, og skub clipsene p\u00e5 den runde vulst foran.<br \/>\nTagrendebeskyttelsen l\u00e6gges derefter fra ende til anden.<br \/>\nDe enkelte dele m\u00e5 ikke overlappe hinanden.   <\/li>\n<li>Sk\u00e6r til i st\u00f8rrelsen: Afh\u00e6ngigt af hvordan de 76 cm lange dele af tagrendebeskyttelsen passer p\u00e5 tagrenden, kan det v\u00e6re n\u00f8dvendigt at afkorte det sidste stykke en smule.<br \/>\nFor at g\u00f8re dette kan det sidste stykke af tagrendebeskyttelsen klippes til den korrekte l\u00e6ngde med en saks eller en besk\u00e6rersaks. <\/li>\n<li>Konklusion: N\u00e5r tagrendebeskyttelsen er sikkert monteret, skal alt affald bortskaffes korrekt, og stigen s\u00e6ttes p\u00e5 plads igen.<\/li>\n<\/ol>\n<p>Dette kunne ogs\u00e5 v\u00e6re interessant for dig:<\/p>\n<ul>\n<li><a href=\"https:\/\/dari-system.com\/laubfang-dachrinne\/\" title=\"L\u00f8vbeskyttet tagrende\"><a href=\"https:\/\/dari-system.com\/laubfang-dachrinne\/\">Bladbeskyttelse til tagrenden<\/a><\/a><\/li>\n<li><a href=\"https:\/\/dari-system.com\/da\/tagrender-bladbeskyttelse\/\" title=\"Tagrender Bladbeskyttelse\"><a href=\"https:\/\/dari-system.com\/da\/tagrender-bladbeskyttelse\/\">Tagrender Bladbeskyttelse<\/a><\/a><\/li>\n<li><a href=\"https:\/\/dari-system.com\/laubschutz-dachrinne\/\" title=\"L\u00f8vbeskyttet tagrende\"><a href=\"https:\/\/dari-system.com\/laubschutz-dachrinne\/\">Bladbeskyttelse til tagrenden<\/a><\/a><\/li>\n<li><a href=\"https:\/\/dari-system.com\/dachrinnenabdeckung\/\" title=\"D\u00e6ksel til tagrender\"> <a href=\"https:\/\/dari-system.com\/dachrinnenabdeckung\/\"> D\u00e6ksel til tagrender<\/a><\/a><\/li>\n<\/ul>\n<p>[\/et_pb_text][\/et_pb_column][\/et_pb_row][\/et_pb_section]<\/p>\n","protected":false},"excerpt":{"rendered":"<p>Den p\u00e5lidelige bladbeskyttelse til tagrender Med vores tagrendebeskytter beh\u00f8ver du ikke l\u00e6ngere bekymre dig om, at din tagrende bliver blokeret. Tagrendebeskyttelsen beskytter p\u00e5lideligt halvrunde og kasseformede tagrender mod blokeringer for\u00e5rsaget af blade eller n\u00e5le. Det er en leg at installere tagrendebeskyttelsen. Du beh\u00f8ver ikke engang noget v\u00e6rkt\u00f8j. Tagrendebeskyttelsen placeres blot i tagrenden og klipses fast [&hellip;]<\/p>\n","protected":false},"author":1,"featured_media":0,"parent":0,"menu_order":0,"comment_status":"closed","ping_status":"closed","template":"","meta":{"_et_pb_use_builder":"on","_et_pb_old_content":"","_et_gb_content_width":"","iawp_total_views":25,"footnotes":""},"dipi_cpt_category":[],"class_list":["post-25548408","page","type-page","status-publish","hentry"],"yoast_head":"<!-- This site is optimized with the Yoast SEO plugin v27.4 - https:\/\/yoast.com\/product\/yoast-seo-wordpress\/ -->\n<title>DaRi tagrendebeskytter - beskyttelse mod blade i tagrenden<\/title>\n<meta name=\"description\" content=\"Beskyt din tagrende med DaRi-bladbeskytteren. Undg\u00e5 blokeringer og vandskader for\u00e5rsaget af blade i tagrenden. Find ud af mere nu!\" \/>\n<meta name=\"robots\" content=\"index, follow, max-snippet:-1, max-image-preview:large, max-video-preview:-1\" \/>\n<link rel=\"canonical\" href=\"https:\/\/dari-system.com\/da\/tagrender-bladbeskyttelse\/\" \/>\n<meta property=\"og:locale\" content=\"da_DK\" \/>\n<meta property=\"og:type\" content=\"article\" \/>\n<meta property=\"og:title\" content=\"DaRi tagrendebeskytter - beskyttelse mod blade i tagrenden\" \/>\n<meta property=\"og:description\" content=\"Beskyt din tagrende med DaRi-bladbeskytteren. Undg\u00e5 blokeringer og vandskader for\u00e5rsaget af blade i tagrenden. Find ud af mere nu!\" \/>\n<meta property=\"og:url\" content=\"https:\/\/dari-system.com\/da\/tagrender-bladbeskyttelse\/\" \/>\n<meta property=\"og:site_name\" content=\"DaRi System\" \/>\n<meta property=\"article:modified_time\" content=\"2024-08-20T10:34:16+00:00\" \/>\n<meta name=\"twitter:card\" content=\"summary_large_image\" \/>\n<meta name=\"twitter:label1\" content=\"Estimeret l\u00e6setid\" \/>\n\t<meta name=\"twitter:data1\" content=\"5 minutter\" \/>\n<script type=\"application\/ld+json\" class=\"yoast-schema-graph\">{\"@context\":\"https:\\\/\\\/schema.org\",\"@graph\":[{\"@type\":\"WebPage\",\"@id\":\"https:\\\/\\\/dari-system.com\\\/da\\\/tagrender-bladbeskyttelse\\\/\",\"url\":\"https:\\\/\\\/dari-system.com\\\/da\\\/tagrender-bladbeskyttelse\\\/\",\"name\":\"DaRi tagrendebeskytter - beskyttelse mod blade i tagrenden\",\"isPartOf\":{\"@id\":\"https:\\\/\\\/dari-system.com\\\/da\\\/#website\"},\"datePublished\":\"2024-06-19T14:44:07+00:00\",\"dateModified\":\"2024-08-20T10:34:16+00:00\",\"description\":\"Beskyt din tagrende med DaRi-bladbeskytteren. Undg\u00e5 blokeringer og vandskader for\u00e5rsaget af blade i tagrenden. Find ud af mere nu!\",\"breadcrumb\":{\"@id\":\"https:\\\/\\\/dari-system.com\\\/da\\\/tagrender-bladbeskyttelse\\\/#breadcrumb\"},\"inLanguage\":\"da-DK\",\"potentialAction\":[{\"@type\":\"ReadAction\",\"target\":[\"https:\\\/\\\/dari-system.com\\\/da\\\/tagrender-bladbeskyttelse\\\/\"]}]},{\"@type\":\"BreadcrumbList\",\"@id\":\"https:\\\/\\\/dari-system.com\\\/da\\\/tagrender-bladbeskyttelse\\\/#breadcrumb\",\"itemListElement\":[{\"@type\":\"ListItem\",\"position\":1,\"name\":\"Startseite\",\"item\":\"https:\\\/\\\/dari-system.com\\\/da\\\/\"},{\"@type\":\"ListItem\",\"position\":2,\"name\":\"Tagrender Bladbeskyttelse\"}]},{\"@type\":\"WebSite\",\"@id\":\"https:\\\/\\\/dari-system.com\\\/da\\\/#website\",\"url\":\"https:\\\/\\\/dari-system.com\\\/da\\\/\",\"name\":\"DaRi System\",\"description\":\"\",\"potentialAction\":[{\"@type\":\"SearchAction\",\"target\":{\"@type\":\"EntryPoint\",\"urlTemplate\":\"https:\\\/\\\/dari-system.com\\\/da\\\/?s={search_term_string}\"},\"query-input\":{\"@type\":\"PropertyValueSpecification\",\"valueRequired\":true,\"valueName\":\"search_term_string\"}}],\"inLanguage\":\"da-DK\"}]}<\/script>\n<!-- \/ Yoast SEO plugin. -->","yoast_head_json":{"title":"DaRi tagrendebeskytter - beskyttelse mod blade i tagrenden","description":"Beskyt din tagrende med DaRi-bladbeskytteren. Undg\u00e5 blokeringer og vandskader for\u00e5rsaget af blade i tagrenden. Find ud af mere nu!","robots":{"index":"index","follow":"follow","max-snippet":"max-snippet:-1","max-image-preview":"max-image-preview:large","max-video-preview":"max-video-preview:-1"},"canonical":"https:\/\/dari-system.com\/da\/tagrender-bladbeskyttelse\/","og_locale":"da_DK","og_type":"article","og_title":"DaRi tagrendebeskytter - beskyttelse mod blade i tagrenden","og_description":"Beskyt din tagrende med DaRi-bladbeskytteren. Undg\u00e5 blokeringer og vandskader for\u00e5rsaget af blade i tagrenden. Find ud af mere nu!","og_url":"https:\/\/dari-system.com\/da\/tagrender-bladbeskyttelse\/","og_site_name":"DaRi System","article_modified_time":"2024-08-20T10:34:16+00:00","twitter_card":"summary_large_image","twitter_misc":{"Estimeret l\u00e6setid":"5 minutter"},"schema":{"@context":"https:\/\/schema.org","@graph":[{"@type":"WebPage","@id":"https:\/\/dari-system.com\/da\/tagrender-bladbeskyttelse\/","url":"https:\/\/dari-system.com\/da\/tagrender-bladbeskyttelse\/","name":"DaRi tagrendebeskytter - beskyttelse mod blade i tagrenden","isPartOf":{"@id":"https:\/\/dari-system.com\/da\/#website"},"datePublished":"2024-06-19T14:44:07+00:00","dateModified":"2024-08-20T10:34:16+00:00","description":"Beskyt din tagrende med DaRi-bladbeskytteren. Undg\u00e5 blokeringer og vandskader for\u00e5rsaget af blade i tagrenden. Find ud af mere nu!","breadcrumb":{"@id":"https:\/\/dari-system.com\/da\/tagrender-bladbeskyttelse\/#breadcrumb"},"inLanguage":"da-DK","potentialAction":[{"@type":"ReadAction","target":["https:\/\/dari-system.com\/da\/tagrender-bladbeskyttelse\/"]}]},{"@type":"BreadcrumbList","@id":"https:\/\/dari-system.com\/da\/tagrender-bladbeskyttelse\/#breadcrumb","itemListElement":[{"@type":"ListItem","position":1,"name":"Startseite","item":"https:\/\/dari-system.com\/da\/"},{"@type":"ListItem","position":2,"name":"Tagrender Bladbeskyttelse"}]},{"@type":"WebSite","@id":"https:\/\/dari-system.com\/da\/#website","url":"https:\/\/dari-system.com\/da\/","name":"DaRi System","description":"","potentialAction":[{"@type":"SearchAction","target":{"@type":"EntryPoint","urlTemplate":"https:\/\/dari-system.com\/da\/?s={search_term_string}"},"query-input":{"@type":"PropertyValueSpecification","valueRequired":true,"valueName":"search_term_string"}}],"inLanguage":"da-DK"}]}},"_links":{"self":[{"href":"https:\/\/dari-system.com\/da\/wp-json\/wp\/v2\/pages\/25548408","targetHints":{"allow":["GET"]}}],"collection":[{"href":"https:\/\/dari-system.com\/da\/wp-json\/wp\/v2\/pages"}],"about":[{"href":"https:\/\/dari-system.com\/da\/wp-json\/wp\/v2\/types\/page"}],"author":[{"embeddable":true,"href":"https:\/\/dari-system.com\/da\/wp-json\/wp\/v2\/users\/1"}],"replies":[{"embeddable":true,"href":"https:\/\/dari-system.com\/da\/wp-json\/wp\/v2\/comments?post=25548408"}],"version-history":[{"count":8,"href":"https:\/\/dari-system.com\/da\/wp-json\/wp\/v2\/pages\/25548408\/revisions"}],"predecessor-version":[{"id":25548443,"href":"https:\/\/dari-system.com\/da\/wp-json\/wp\/v2\/pages\/25548408\/revisions\/25548443"}],"wp:attachment":[{"href":"https:\/\/dari-system.com\/da\/wp-json\/wp\/v2\/media?parent=25548408"}],"wp:term":[{"taxonomy":"dipi_cpt_category","embeddable":true,"href":"https:\/\/dari-system.com\/da\/wp-json\/wp\/v2\/dipi_cpt_category?post=25548408"}],"curies":[{"name":"wp","href":"https:\/\/api.w.org\/{rel}","templated":true}]}}